{"id":240,"date":"2021-04-03T07:39:09","date_gmt":"2021-04-03T06:39:09","guid":{"rendered":"https:\/\/www.mentaymora.com\/?page_id=240"},"modified":"2025-07-05T12:06:22","modified_gmt":"2025-07-05T11:06:22","slug":"quienes-somos-te-diremos-primero-que","status":"publish","type":"page","link":"https:\/\/www.mentaymora.com\/index.php\/quienes-somos-te-diremos-primero-que\/","title":{"rendered":"\u00bfQui\u00e9nes somos?"},"content":{"rendered":"\t\t<div data-elementor-type=\"wp-page\" data-elementor-id=\"240\" class=\"elementor elementor-240\" data-elementor-post-type=\"page\">\n\t\t\t\t\t\t<section class=\"elementor-section elementor-top-section elementor-element elementor-element-0ae313a elementor-section-boxed elementor-section-height-default elementor-section-height-default\" data-id=\"0ae313a\" data-element_type=\"section\" data-e-type=\"section\">\n\t\t\t\t\t\t<div class=\"elementor-container elementor-column-gap-default\">\n\t\t\t\t\t<div class=\"elementor-column elementor-col-100 elementor-top-column elementor-element elementor-element-e330456\" data-id=\"e330456\" data-element_type=\"column\" data-e-type=\"column\">\n\t\t\t<div class=\"elementor-widget-wrap elementor-element-populated\">\n\t\t\t\t\t\t<div class=\"elementor-element elementor-element-330d32d elementor-widget elementor-widget-heading\" data-id=\"330d32d\" data-element_type=\"widget\" data-e-type=\"widget\" data-widget_type=\"heading.default\">\n\t\t\t\t<div class=\"elementor-widget-container\">\n\t\t\t\t\t<h2 class=\"elementor-heading-title elementor-size-default\">\ud83c\udf3f Bienvenid@ a Menta y Mora<\/h2>\t\t\t\t<\/div>\n\t\t\t\t<\/div>\n\t\t\t\t\t<\/div>\n\t\t<\/div>\n\t\t\t\t\t<\/div>\n\t\t<\/section>\n\t\t\t\t<section class=\"elementor-section elementor-top-section elementor-element elementor-element-6bffdab elementor-section-boxed elementor-section-height-default elementor-section-height-default\" data-id=\"6bffdab\" data-element_type=\"section\" data-e-type=\"section\">\n\t\t\t\t\t\t<div class=\"elementor-container elementor-column-gap-default\">\n\t\t\t\t\t<div class=\"elementor-column elementor-col-100 elementor-top-column elementor-element elementor-element-7631419\" data-id=\"7631419\" data-element_type=\"column\" data-e-type=\"column\">\n\t\t\t<div class=\"elementor-widget-wrap elementor-element-populated\">\n\t\t\t\t\t\t<div class=\"elementor-element elementor-element-ca47197 elementor-widget elementor-widget-text-editor\" data-id=\"ca47197\" data-element_type=\"widget\" data-e-type=\"widget\" data-widget_type=\"text-editor.default\">\n\t\t\t\t<div class=\"elementor-widget-container\">\n\t\t\t\t\t\t\t\t\t<p>Primero queremos decirte <strong>lo que NO somos<\/strong>:<\/p>\n<p>No somos una tienda aburrida.<br \/>Tampoco somos la t\u00edpica tienda donde encuentras lo mismo de siempre.<\/p>\n<p>En <strong>Menta y Mora<\/strong> nos encanta la vida y todo lo bueno que hay en ella. Y eso es exactamente lo que queremos transmitirte: <strong>buenas vibraciones, ilusi\u00f3n y una sonrisa permanente<\/strong>.<\/p>\n<hr \/>\n<h4><strong>\ud83d\udecd\ufe0f \u00bfQu\u00e9 encontrar\u00e1s en nuestra tienda?<\/strong><\/h4>\n<p>\ud83d\udc5c <strong>Anekke<\/strong><\/p>\n<p>Bolsos, mochilas, bandoleras\u2026 de una marca que <strong>nos apasiona<\/strong> por su dise\u00f1o, calidad y precio.<br \/>\u00bfTe contamos un secreto? <strong>Antes de vender Anekke, ya la llev\u00e1bamos nosotras<\/strong>. Ahora, la traemos para ti con todo el amor del mundo.<\/p>\n<p>\ud83c\udf38 <strong>Boles d\u2019Olor<\/strong><\/p>\n<p>Sus ambientadores son puro espect\u00e1culo: brumizadores, brumas, mikados, sachets, sprays\u2026<br \/><strong>Lo m\u00e1s dif\u00edcil ser\u00e1 elegir aroma<\/strong>, \u00a1porque hay cientos!<\/p>\n<p>\u2600\ufe0f <strong>Mr. Wonderful<\/strong><\/p>\n<p>Una dosis diaria de buen rollo: agendas, chocolatinas, carpetas con mensajes originales\u2026<br \/>Perfectos para regalar (o para ti).<br \/>\u00a1Vuelan! As\u00ed que no te despistes\u2026<\/p>\n<p>\ud83d\udd6f\ufe0f <strong>WoodWick<\/strong><\/p>\n<p>Velas perfumadas con dise\u00f1os preciosos y aromas envolventes.<br \/>Lo que m\u00e1s nos gusta:<\/p>\n<ul>\n<li>\n<p>Est\u00e1n hechas con cera de soja y extractos naturales \ud83c\udf3f<\/p>\n<\/li>\n<li>\n<p>Su mecha de madera <strong>crepita como una chimenea<\/strong> \ud83d\udd25<br \/><strong>Valen cada euro<\/strong>, te lo aseguramos.<\/p>\n<\/li>\n<\/ul>\n<hr \/>\n<p>\ud83d\udc9a En resumen&#8230;<\/p>\n<p>Cada producto en Menta y Mora <strong>nos enamora<\/strong> y por eso queremos compartirlo contigo.<br \/>Estamos rodeadas de cosas que nos hacen felices y deseamos que t\u00fa tambi\u00e9n sientas esa alegr\u00eda cada vez que entres en nuestra tienda.<\/p>\n<p>Porque s\u00ed, <strong>se puede vivir con m\u00e1s alegr\u00eda<\/strong>, y si es con estilo, \u00a1mucho mejor!<\/p>\n<hr \/>\n<h3>\ud83d\udccd \u00bfD\u00f3nde estamos?<\/h3>\n<p><strong>Menta y Mora \u2013 Regalos y Complementos<\/strong><br \/>Avda. Castilla-La Mancha, 28<br \/>45200 Illescas (Toledo), Espa\u00f1a<br \/>\ud83d\udcde 656 541 223<br \/>\ud83d\udce7 <a href=\"mailto:info@mentaymora.com\">info@mentaymora.com<\/a><\/p>\t\t\t\t\t\t\t\t<\/div>\n\t\t\t\t<\/div>\n\t\t\t\t\t<\/div>\n\t\t<\/div>\n\t\t\t\t\t<\/div>\n\t\t<\/section>\n\t\t\t\t<section class=\"elementor-section elementor-top-section elementor-element elementor-element-69a20ff elementor-section-boxed elementor-section-height-default elementor-section-height-default\" data-id=\"69a20ff\" data-element_type=\"section\" data-e-type=\"section\">\n\t\t\t\t\t\t<div class=\"elementor-container elementor-column-gap-default\">\n\t\t\t\t\t<div class=\"elementor-column elementor-col-100 elementor-top-column elementor-element elementor-element-c23687f\" data-id=\"c23687f\" data-element_type=\"column\" data-e-type=\"column\">\n\t\t\t<div class=\"elementor-widget-wrap elementor-element-populated\">\n\t\t\t\t\t\t<div class=\"elementor-element elementor-element-e10f63b elementor-widget elementor-widget-text-editor\" data-id=\"e10f63b\" data-element_type=\"widget\" data-e-type=\"widget\" data-widget_type=\"text-editor.default\">\n\t\t\t\t<div class=\"elementor-widget-container\">\n\t\t\t\t\t\t\t\t\t<p><a href=\"https:\/\/www.mentaymora.com\/\">Menta y Mora<\/a> Te Enamora &#8211; S\u00edguenos en nuestras RRSS (<a href=\"https:\/\/es-es.facebook.com\/MentayMora\/\">Facebook<\/a>\u00a0e\u00a0<a href=\"https:\/\/www.instagram.com\/mentaymora.illescas\/?hl=es\">Instagram<\/a>) &#8211;\u00a0Si tienes alguna consulta,\u00a0<a href=\"mailto:%20info@mentaymora.com\">preg\u00fantanos<\/a><\/p>\t\t\t\t\t\t\t\t<\/div>\n\t\t\t\t<\/div>\n\t\t\t\t\t<\/div>\n\t\t<\/div>\n\t\t\t\t\t<\/div>\n\t\t<\/section>\n\t\t\t\t<\/div>\n\t\t","protected":false},"excerpt":{"rendered":"<p>\ud83c\udf3f Bienvenid@ a Menta y Mora Primero queremos decirte lo que NO somos: No somos una tienda aburrida.Tampoco somos la t\u00edpica tienda donde encuentras lo mismo de siempre. En Menta y Mora nos encanta la vida y todo lo bueno que hay en ella. Y eso es exactamente lo que queremos transmitirte: buenas vibraciones, ilusi\u00f3n &hellip; <\/p>\n","protected":false},"author":1,"featured_media":0,"parent":0,"menu_order":1,"comment_status":"closed","ping_status":"closed","template":"","meta":{"_acf_changed":false,"_joinchat":[],"footnotes":""},"class_list":["post-240","page","type-page","status-publish","hentry","latest_post"],"acf":[],"yoast_head":"<!-- This site is optimized with the Yoast SEO plugin v27.3 - https:\/\/yoast.com\/product\/yoast-seo-wordpress\/ -->\n<title>\u00bfQui\u00e9nes somos? - Menta y Mora - Tu Tienda Online<\/title>\n<meta name=\"description\" content=\"Te diremos primero qu\u00e9 es lo que no queremos ser. No queremos ser la t\u00edpica tienda aburrida, ni la tienda donde encontrar lo\" \/>\n<meta name=\"robots\" content=\"index, follow, max-snippet:-1, max-image-preview:large, max-video-preview:-1\" \/>\n<link rel=\"canonical\" href=\"https:\/\/www.mentaymora.com\/index.php\/quienes-somos-te-diremos-primero-que\/\" \/>\n<meta property=\"og:locale\" content=\"es_ES\" \/>\n<meta property=\"og:type\" content=\"article\" \/>\n<meta property=\"og:title\" content=\"\u00bfQui\u00e9nes somos? - Menta y Mora - Tu Tienda Online\" \/>\n<meta property=\"og:description\" content=\"Te diremos primero qu\u00e9 es lo que no queremos ser. No queremos ser la t\u00edpica tienda aburrida, ni la tienda donde encontrar lo\" \/>\n<meta property=\"og:url\" content=\"https:\/\/www.mentaymora.com\/index.php\/quienes-somos-te-diremos-primero-que\/\" \/>\n<meta property=\"og:site_name\" content=\"Menta y Mora\" \/>\n<meta property=\"article:publisher\" content=\"https:\/\/es-es.facebook.com\/MentayMora\/\" \/>\n<meta property=\"article:modified_time\" content=\"2025-07-05T11:06:22+00:00\" \/>\n<meta name=\"twitter:card\" content=\"summary_large_image\" \/>\n<meta name=\"twitter:label1\" content=\"Tiempo de lectura\" \/>\n\t<meta name=\"twitter:data1\" content=\"4 minutos\" \/>\n<script type=\"application\/ld+json\" class=\"yoast-schema-graph\">{\"@context\":\"https:\\\/\\\/schema.org\",\"@graph\":[{\"@type\":\"WebPage\",\"@id\":\"https:\\\/\\\/www.mentaymora.com\\\/index.php\\\/quienes-somos-te-diremos-primero-que\\\/\",\"url\":\"https:\\\/\\\/www.mentaymora.com\\\/index.php\\\/quienes-somos-te-diremos-primero-que\\\/\",\"name\":\"\u00bfQui\u00e9nes somos? - Menta y Mora - Tu Tienda Online\",\"isPartOf\":{\"@id\":\"https:\\\/\\\/www.mentaymora.com\\\/#website\"},\"datePublished\":\"2021-04-03T06:39:09+00:00\",\"dateModified\":\"2025-07-05T11:06:22+00:00\",\"description\":\"Te diremos primero qu\u00e9 es lo que no queremos ser. No queremos ser la t\u00edpica tienda aburrida, ni la tienda donde encontrar lo\",\"breadcrumb\":{\"@id\":\"https:\\\/\\\/www.mentaymora.com\\\/index.php\\\/quienes-somos-te-diremos-primero-que\\\/#breadcrumb\"},\"inLanguage\":\"es\",\"potentialAction\":[{\"@type\":\"ReadAction\",\"target\":[\"https:\\\/\\\/www.mentaymora.com\\\/index.php\\\/quienes-somos-te-diremos-primero-que\\\/\"]}]},{\"@type\":\"BreadcrumbList\",\"@id\":\"https:\\\/\\\/www.mentaymora.com\\\/index.php\\\/quienes-somos-te-diremos-primero-que\\\/#breadcrumb\",\"itemListElement\":[{\"@type\":\"ListItem\",\"position\":1,\"name\":\"Portada\",\"item\":\"https:\\\/\\\/www.mentaymora.com\\\/\"},{\"@type\":\"ListItem\",\"position\":2,\"name\":\"\u00bfQui\u00e9nes somos?\"}]},{\"@type\":\"WebSite\",\"@id\":\"https:\\\/\\\/www.mentaymora.com\\\/#website\",\"url\":\"https:\\\/\\\/www.mentaymora.com\\\/\",\"name\":\"Menta y Mora\",\"description\":\"Regalos y Complementos\",\"publisher\":{\"@id\":\"https:\\\/\\\/www.mentaymora.com\\\/#organization\"},\"potentialAction\":[{\"@type\":\"SearchAction\",\"target\":{\"@type\":\"EntryPoint\",\"urlTemplate\":\"https:\\\/\\\/www.mentaymora.com\\\/?s={search_term_string}\"},\"query-input\":{\"@type\":\"PropertyValueSpecification\",\"valueRequired\":true,\"valueName\":\"search_term_string\"}}],\"inLanguage\":\"es\"},{\"@type\":\"Organization\",\"@id\":\"https:\\\/\\\/www.mentaymora.com\\\/#organization\",\"name\":\"Menta y Mora\",\"url\":\"https:\\\/\\\/www.mentaymora.com\\\/\",\"logo\":{\"@type\":\"ImageObject\",\"inLanguage\":\"es\",\"@id\":\"https:\\\/\\\/www.mentaymora.com\\\/#\\\/schema\\\/logo\\\/image\\\/\",\"url\":\"https:\\\/\\\/www.mentaymora.com\\\/wp-content\\\/uploads\\\/2021\\\/07\\\/Logo.jpg\",\"contentUrl\":\"https:\\\/\\\/www.mentaymora.com\\\/wp-content\\\/uploads\\\/2021\\\/07\\\/Logo.jpg\",\"width\":1172,\"height\":1172,\"caption\":\"Menta y Mora\"},\"image\":{\"@id\":\"https:\\\/\\\/www.mentaymora.com\\\/#\\\/schema\\\/logo\\\/image\\\/\"},\"sameAs\":[\"https:\\\/\\\/es-es.facebook.com\\\/MentayMora\\\/\",\"https:\\\/\\\/www.instagram.com\\\/mentaymora.illescas\\\/?hl=es\",\"https:\\\/\\\/www.youtube.com\\\/channel\\\/UCuMMtdck_1XS-MyW6ZnBAlw\"]}]}<\/script>\n<!-- \/ Yoast SEO plugin. -->","yoast_head_json":{"title":"\u00bfQui\u00e9nes somos? - Menta y Mora - Tu Tienda Online","description":"Te diremos primero qu\u00e9 es lo que no queremos ser. No queremos ser la t\u00edpica tienda aburrida, ni la tienda donde encontrar lo","robots":{"index":"index","follow":"follow","max-snippet":"max-snippet:-1","max-image-preview":"max-image-preview:large","max-video-preview":"max-video-preview:-1"},"canonical":"https:\/\/www.mentaymora.com\/index.php\/quienes-somos-te-diremos-primero-que\/","og_locale":"es_ES","og_type":"article","og_title":"\u00bfQui\u00e9nes somos? - Menta y Mora - Tu Tienda Online","og_description":"Te diremos primero qu\u00e9 es lo que no queremos ser. No queremos ser la t\u00edpica tienda aburrida, ni la tienda donde encontrar lo","og_url":"https:\/\/www.mentaymora.com\/index.php\/quienes-somos-te-diremos-primero-que\/","og_site_name":"Menta y Mora","article_publisher":"https:\/\/es-es.facebook.com\/MentayMora\/","article_modified_time":"2025-07-05T11:06:22+00:00","twitter_card":"summary_large_image","twitter_misc":{"Tiempo de lectura":"4 minutos"},"schema":{"@context":"https:\/\/schema.org","@graph":[{"@type":"WebPage","@id":"https:\/\/www.mentaymora.com\/index.php\/quienes-somos-te-diremos-primero-que\/","url":"https:\/\/www.mentaymora.com\/index.php\/quienes-somos-te-diremos-primero-que\/","name":"\u00bfQui\u00e9nes somos? - Menta y Mora - Tu Tienda Online","isPartOf":{"@id":"https:\/\/www.mentaymora.com\/#website"},"datePublished":"2021-04-03T06:39:09+00:00","dateModified":"2025-07-05T11:06:22+00:00","description":"Te diremos primero qu\u00e9 es lo que no queremos ser. No queremos ser la t\u00edpica tienda aburrida, ni la tienda donde encontrar lo","breadcrumb":{"@id":"https:\/\/www.mentaymora.com\/index.php\/quienes-somos-te-diremos-primero-que\/#breadcrumb"},"inLanguage":"es","potentialAction":[{"@type":"ReadAction","target":["https:\/\/www.mentaymora.com\/index.php\/quienes-somos-te-diremos-primero-que\/"]}]},{"@type":"BreadcrumbList","@id":"https:\/\/www.mentaymora.com\/index.php\/quienes-somos-te-diremos-primero-que\/#breadcrumb","itemListElement":[{"@type":"ListItem","position":1,"name":"Portada","item":"https:\/\/www.mentaymora.com\/"},{"@type":"ListItem","position":2,"name":"\u00bfQui\u00e9nes somos?"}]},{"@type":"WebSite","@id":"https:\/\/www.mentaymora.com\/#website","url":"https:\/\/www.mentaymora.com\/","name":"Menta y Mora","description":"Regalos y Complementos","publisher":{"@id":"https:\/\/www.mentaymora.com\/#organization"},"potentialAction":[{"@type":"SearchAction","target":{"@type":"EntryPoint","urlTemplate":"https:\/\/www.mentaymora.com\/?s={search_term_string}"},"query-input":{"@type":"PropertyValueSpecification","valueRequired":true,"valueName":"search_term_string"}}],"inLanguage":"es"},{"@type":"Organization","@id":"https:\/\/www.mentaymora.com\/#organization","name":"Menta y Mora","url":"https:\/\/www.mentaymora.com\/","logo":{"@type":"ImageObject","inLanguage":"es","@id":"https:\/\/www.mentaymora.com\/#\/schema\/logo\/image\/","url":"https:\/\/www.mentaymora.com\/wp-content\/uploads\/2021\/07\/Logo.jpg","contentUrl":"https:\/\/www.mentaymora.com\/wp-content\/uploads\/2021\/07\/Logo.jpg","width":1172,"height":1172,"caption":"Menta y Mora"},"image":{"@id":"https:\/\/www.mentaymora.com\/#\/schema\/logo\/image\/"},"sameAs":["https:\/\/es-es.facebook.com\/MentayMora\/","https:\/\/www.instagram.com\/mentaymora.illescas\/?hl=es","https:\/\/www.youtube.com\/channel\/UCuMMtdck_1XS-MyW6ZnBAlw"]}]}},"_links":{"self":[{"href":"https:\/\/www.mentaymora.com\/index.php\/wp-json\/wp\/v2\/pages\/240","targetHints":{"allow":["GET"]}}],"collection":[{"href":"https:\/\/www.mentaymora.com\/index.php\/wp-json\/wp\/v2\/pages"}],"about":[{"href":"https:\/\/www.mentaymora.com\/index.php\/wp-json\/wp\/v2\/types\/page"}],"author":[{"embeddable":true,"href":"https:\/\/www.mentaymora.com\/index.php\/wp-json\/wp\/v2\/users\/1"}],"replies":[{"embeddable":true,"href":"https:\/\/www.mentaymora.com\/index.php\/wp-json\/wp\/v2\/comments?post=240"}],"version-history":[{"count":3,"href":"https:\/\/www.mentaymora.com\/index.php\/wp-json\/wp\/v2\/pages\/240\/revisions"}],"predecessor-version":[{"id":19367,"href":"https:\/\/www.mentaymora.com\/index.php\/wp-json\/wp\/v2\/pages\/240\/revisions\/19367"}],"wp:attachment":[{"href":"https:\/\/www.mentaymora.com\/index.php\/wp-json\/wp\/v2\/media?parent=240"}],"curies":[{"name":"wp","href":"https:\/\/api.w.org\/{rel}","templated":true}]}}