{"id":89,"date":"2021-04-01T17:30:42","date_gmt":"2021-04-01T16:30:42","guid":{"rendered":"https:\/\/www.mentaymora.com\/?page_id=89"},"modified":"2025-07-05T11:46:25","modified_gmt":"2025-07-05T10:46:25","slug":"formas-de-pago","status":"publish","type":"page","link":"https:\/\/www.mentaymora.com\/index.php\/formas-de-pago\/","title":{"rendered":"M\u00e9todos de Pago"},"content":{"rendered":"\t\t<div data-elementor-type=\"wp-page\" data-elementor-id=\"89\" class=\"elementor elementor-89\" data-elementor-post-type=\"page\">\n\t\t\t\t\t\t<section class=\"elementor-section elementor-top-section elementor-element elementor-element-5626578 elementor-section-boxed elementor-section-height-default elementor-section-height-default\" data-id=\"5626578\" data-element_type=\"section\" data-e-type=\"section\">\n\t\t\t\t\t\t<div class=\"elementor-container elementor-column-gap-default\">\n\t\t\t\t\t<div class=\"elementor-column elementor-col-100 elementor-top-column elementor-element elementor-element-ff16502\" data-id=\"ff16502\" data-element_type=\"column\" data-e-type=\"column\">\n\t\t\t<div class=\"elementor-widget-wrap elementor-element-populated\">\n\t\t\t\t\t\t<div class=\"elementor-element elementor-element-b6f1150 elementor-widget elementor-widget-heading\" data-id=\"b6f1150\" data-element_type=\"widget\" data-e-type=\"widget\" data-widget_type=\"heading.default\">\n\t\t\t\t<div class=\"elementor-widget-container\">\n\t\t\t\t\t<h2 class=\"elementor-heading-title elementor-size-default\">\ud83d\udcb3 Formas de Pago Disponibles<\/h2>\t\t\t\t<\/div>\n\t\t\t\t<\/div>\n\t\t\t\t\t<\/div>\n\t\t<\/div>\n\t\t\t\t\t<\/div>\n\t\t<\/section>\n\t\t\t\t<section class=\"elementor-section elementor-top-section elementor-element elementor-element-cdf51d6 elementor-section-boxed elementor-section-height-default elementor-section-height-default\" data-id=\"cdf51d6\" data-element_type=\"section\" data-e-type=\"section\">\n\t\t\t\t\t\t<div class=\"elementor-container elementor-column-gap-default\">\n\t\t\t\t\t<div class=\"elementor-column elementor-col-100 elementor-top-column elementor-element elementor-element-6423fe5\" data-id=\"6423fe5\" data-element_type=\"column\" data-e-type=\"column\">\n\t\t\t<div class=\"elementor-widget-wrap elementor-element-populated\">\n\t\t\t\t\t\t<div class=\"elementor-element elementor-element-b0371ff elementor-widget elementor-widget-text-editor\" data-id=\"b0371ff\" data-element_type=\"widget\" data-e-type=\"widget\" data-widget_type=\"text-editor.default\">\n\t\t\t\t<div class=\"elementor-widget-container\">\n\t\t\t\t\t\t\t\t\t<p>En Menta y Mora te ofrecemos varias opciones seguras para realizar el pago de tu pedido:<\/p>\n<hr \/>\n<p>\ud83d\udd38 <strong>Pago con Bizum<\/strong><\/p>\n<p>A trav\u00e9s de la <strong>pasarela de pago segura de Comercial Global Payments (CaixaBank)<\/strong>.<br \/>R\u00e1pido, c\u00f3modo y sin necesidad de tarjeta.<\/p>\n<hr \/>\n<p>\ud83d\udd38 <strong>Pago con Tarjeta de Cr\u00e9dito o D\u00e9bito<\/strong><\/p>\n<p>Aceptamos <strong>VISA y MasterCard<\/strong>, mediante la <strong>pasarela segura de Comercial Global Payments (CaixaBank)<\/strong>.<br \/>Tus datos est\u00e1n protegidos con los m\u00e1s altos est\u00e1ndares de seguridad.<\/p>\n<hr \/>\n<p>\ud83d\udd38 <strong>Pago por Transferencia Bancaria<\/strong><\/p>\n<p>Podr\u00e1s realizar una transferencia a nuestra cuenta de <strong>CaixaBank<\/strong>, cuyos datos aparecer\u00e1n una vez confirmado tu pedido.<\/p>\n<p>\u26a0\ufe0f El pedido ser\u00e1 enviado una vez recibido y verificado el pago.<br \/>\u23f3 Recuerda que si tu banco es distinto a CaixaBank, la transferencia puede tardar entre 1 y 3 d\u00edas h\u00e1biles.<\/p>\n<hr \/>\n<p>\ud83d\udd38 <strong>Pago con PayPal<\/strong><\/p>\n<p>Puedes pagar de forma inmediata desde tu cuenta PayPal o elegir la opci\u00f3n de <strong>pago en 3 plazos<\/strong> (sujeto a condiciones de PayPal).<\/p>\n<hr \/>\n<p>\ud83d\udcc4 <strong>\u00bfNecesitas factura?<\/strong><br \/>Ind\u00edcanoslo por favor en el campo de <strong>comentarios al finalizar tu pedido<\/strong> y te la enviaremos con gusto.<\/p>\t\t\t\t\t\t\t\t<\/div>\n\t\t\t\t<\/div>\n\t\t\t\t\t<\/div>\n\t\t<\/div>\n\t\t\t\t\t<\/div>\n\t\t<\/section>\n\t\t\t\t<\/div>\n\t\t","protected":false},"excerpt":{"rendered":"<p>\ud83d\udcb3 Formas de Pago Disponibles En Menta y Mora te ofrecemos varias opciones seguras para realizar el pago de tu pedido: \ud83d\udd38 Pago con Bizum A trav\u00e9s de la pasarela de pago segura de Comercial Global Payments (CaixaBank).R\u00e1pido, c\u00f3modo y sin necesidad de tarjeta. \ud83d\udd38 Pago con Tarjeta de Cr\u00e9dito o D\u00e9bito Aceptamos VISA y &hellip; <\/p>\n","protected":false},"author":1,"featured_media":0,"parent":0,"menu_order":0,"comment_status":"closed","ping_status":"closed","template":"","meta":{"_acf_changed":false,"_joinchat":[],"footnotes":""},"class_list":["post-89","page","type-page","status-publish","hentry","latest_post"],"acf":[],"yoast_head":"<!-- This site is optimized with the Yoast SEO plugin v27.5 - https:\/\/yoast.com\/product\/yoast-seo-wordpress\/ -->\n<title>M\u00e9todos de Pago - Menta y Mora - Tienda Online<\/title>\n<meta name=\"description\" content=\"PAGO CON BIZUM a trav\u00e9s de la pasarela de pagos de Comercial Global Payments de Caixabank. PAGO CON TARJETA DE CR\u00c9DITO\/D\u00c9BITO (VISA y\" \/>\n<meta name=\"robots\" content=\"noindex, follow\" \/>\n<meta property=\"og:locale\" content=\"es_ES\" \/>\n<meta property=\"og:type\" content=\"article\" \/>\n<meta property=\"og:title\" content=\"M\u00e9todos de Pago - Menta y Mora - Tienda Online\" \/>\n<meta property=\"og:description\" content=\"PAGO CON BIZUM a trav\u00e9s de la pasarela de pagos de Comercial Global Payments de Caixabank. PAGO CON TARJETA DE CR\u00c9DITO\/D\u00c9BITO (VISA y\" \/>\n<meta property=\"og:url\" content=\"https:\/\/www.mentaymora.com\/index.php\/formas-de-pago\/\" \/>\n<meta property=\"og:site_name\" content=\"Menta y Mora\" \/>\n<meta property=\"article:publisher\" content=\"https:\/\/es-es.facebook.com\/MentayMora\/\" \/>\n<meta property=\"article:modified_time\" content=\"2025-07-05T10:46:25+00:00\" \/>\n<meta name=\"twitter:card\" content=\"summary_large_image\" \/>\n<meta name=\"twitter:label1\" content=\"Tiempo de lectura\" \/>\n\t<meta name=\"twitter:data1\" content=\"3 minutos\" \/>\n<script type=\"application\/ld+json\" class=\"yoast-schema-graph\">{\"@context\":\"https:\\\/\\\/schema.org\",\"@graph\":[{\"@type\":\"WebPage\",\"@id\":\"https:\\\/\\\/www.mentaymora.com\\\/index.php\\\/formas-de-pago\\\/\",\"url\":\"https:\\\/\\\/www.mentaymora.com\\\/index.php\\\/formas-de-pago\\\/\",\"name\":\"M\u00e9todos de Pago - Menta y Mora - Tienda Online\",\"isPartOf\":{\"@id\":\"https:\\\/\\\/www.mentaymora.com\\\/#website\"},\"datePublished\":\"2021-04-01T16:30:42+00:00\",\"dateModified\":\"2025-07-05T10:46:25+00:00\",\"description\":\"PAGO CON BIZUM a trav\u00e9s de la pasarela de pagos de Comercial Global Payments de Caixabank. PAGO CON TARJETA DE CR\u00c9DITO\\\/D\u00c9BITO (VISA y\",\"breadcrumb\":{\"@id\":\"https:\\\/\\\/www.mentaymora.com\\\/index.php\\\/formas-de-pago\\\/#breadcrumb\"},\"inLanguage\":\"es\",\"potentialAction\":[{\"@type\":\"ReadAction\",\"target\":[\"https:\\\/\\\/www.mentaymora.com\\\/index.php\\\/formas-de-pago\\\/\"]}]},{\"@type\":\"BreadcrumbList\",\"@id\":\"https:\\\/\\\/www.mentaymora.com\\\/index.php\\\/formas-de-pago\\\/#breadcrumb\",\"itemListElement\":[{\"@type\":\"ListItem\",\"position\":1,\"name\":\"Portada\",\"item\":\"https:\\\/\\\/www.mentaymora.com\\\/\"},{\"@type\":\"ListItem\",\"position\":2,\"name\":\"M\u00e9todos de Pago\"}]},{\"@type\":\"WebSite\",\"@id\":\"https:\\\/\\\/www.mentaymora.com\\\/#website\",\"url\":\"https:\\\/\\\/www.mentaymora.com\\\/\",\"name\":\"Menta y Mora\",\"description\":\"Regalos y Complementos\",\"publisher\":{\"@id\":\"https:\\\/\\\/www.mentaymora.com\\\/#organization\"},\"potentialAction\":[{\"@type\":\"SearchAction\",\"target\":{\"@type\":\"EntryPoint\",\"urlTemplate\":\"https:\\\/\\\/www.mentaymora.com\\\/?s={search_term_string}\"},\"query-input\":{\"@type\":\"PropertyValueSpecification\",\"valueRequired\":true,\"valueName\":\"search_term_string\"}}],\"inLanguage\":\"es\"},{\"@type\":\"Organization\",\"@id\":\"https:\\\/\\\/www.mentaymora.com\\\/#organization\",\"name\":\"Menta y Mora\",\"url\":\"https:\\\/\\\/www.mentaymora.com\\\/\",\"logo\":{\"@type\":\"ImageObject\",\"inLanguage\":\"es\",\"@id\":\"https:\\\/\\\/www.mentaymora.com\\\/#\\\/schema\\\/logo\\\/image\\\/\",\"url\":\"https:\\\/\\\/www.mentaymora.com\\\/wp-content\\\/uploads\\\/2021\\\/07\\\/Logo.jpg\",\"contentUrl\":\"https:\\\/\\\/www.mentaymora.com\\\/wp-content\\\/uploads\\\/2021\\\/07\\\/Logo.jpg\",\"width\":1172,\"height\":1172,\"caption\":\"Menta y Mora\"},\"image\":{\"@id\":\"https:\\\/\\\/www.mentaymora.com\\\/#\\\/schema\\\/logo\\\/image\\\/\"},\"sameAs\":[\"https:\\\/\\\/es-es.facebook.com\\\/MentayMora\\\/\",\"https:\\\/\\\/www.instagram.com\\\/mentaymora.illescas\\\/?hl=es\",\"https:\\\/\\\/www.youtube.com\\\/channel\\\/UCuMMtdck_1XS-MyW6ZnBAlw\"]}]}<\/script>\n<!-- \/ Yoast SEO plugin. -->","yoast_head_json":{"title":"M\u00e9todos de Pago - Menta y Mora - Tienda Online","description":"PAGO CON BIZUM a trav\u00e9s de la pasarela de pagos de Comercial Global Payments de Caixabank. PAGO CON TARJETA DE CR\u00c9DITO\/D\u00c9BITO (VISA y","robots":{"index":"noindex","follow":"follow"},"og_locale":"es_ES","og_type":"article","og_title":"M\u00e9todos de Pago - Menta y Mora - Tienda Online","og_description":"PAGO CON BIZUM a trav\u00e9s de la pasarela de pagos de Comercial Global Payments de Caixabank. PAGO CON TARJETA DE CR\u00c9DITO\/D\u00c9BITO (VISA y","og_url":"https:\/\/www.mentaymora.com\/index.php\/formas-de-pago\/","og_site_name":"Menta y Mora","article_publisher":"https:\/\/es-es.facebook.com\/MentayMora\/","article_modified_time":"2025-07-05T10:46:25+00:00","twitter_card":"summary_large_image","twitter_misc":{"Tiempo de lectura":"3 minutos"},"schema":{"@context":"https:\/\/schema.org","@graph":[{"@type":"WebPage","@id":"https:\/\/www.mentaymora.com\/index.php\/formas-de-pago\/","url":"https:\/\/www.mentaymora.com\/index.php\/formas-de-pago\/","name":"M\u00e9todos de Pago - Menta y Mora - Tienda Online","isPartOf":{"@id":"https:\/\/www.mentaymora.com\/#website"},"datePublished":"2021-04-01T16:30:42+00:00","dateModified":"2025-07-05T10:46:25+00:00","description":"PAGO CON BIZUM a trav\u00e9s de la pasarela de pagos de Comercial Global Payments de Caixabank. PAGO CON TARJETA DE CR\u00c9DITO\/D\u00c9BITO (VISA y","breadcrumb":{"@id":"https:\/\/www.mentaymora.com\/index.php\/formas-de-pago\/#breadcrumb"},"inLanguage":"es","potentialAction":[{"@type":"ReadAction","target":["https:\/\/www.mentaymora.com\/index.php\/formas-de-pago\/"]}]},{"@type":"BreadcrumbList","@id":"https:\/\/www.mentaymora.com\/index.php\/formas-de-pago\/#breadcrumb","itemListElement":[{"@type":"ListItem","position":1,"name":"Portada","item":"https:\/\/www.mentaymora.com\/"},{"@type":"ListItem","position":2,"name":"M\u00e9todos de Pago"}]},{"@type":"WebSite","@id":"https:\/\/www.mentaymora.com\/#website","url":"https:\/\/www.mentaymora.com\/","name":"Menta y Mora","description":"Regalos y Complementos","publisher":{"@id":"https:\/\/www.mentaymora.com\/#organization"},"potentialAction":[{"@type":"SearchAction","target":{"@type":"EntryPoint","urlTemplate":"https:\/\/www.mentaymora.com\/?s={search_term_string}"},"query-input":{"@type":"PropertyValueSpecification","valueRequired":true,"valueName":"search_term_string"}}],"inLanguage":"es"},{"@type":"Organization","@id":"https:\/\/www.mentaymora.com\/#organization","name":"Menta y Mora","url":"https:\/\/www.mentaymora.com\/","logo":{"@type":"ImageObject","inLanguage":"es","@id":"https:\/\/www.mentaymora.com\/#\/schema\/logo\/image\/","url":"https:\/\/www.mentaymora.com\/wp-content\/uploads\/2021\/07\/Logo.jpg","contentUrl":"https:\/\/www.mentaymora.com\/wp-content\/uploads\/2021\/07\/Logo.jpg","width":1172,"height":1172,"caption":"Menta y Mora"},"image":{"@id":"https:\/\/www.mentaymora.com\/#\/schema\/logo\/image\/"},"sameAs":["https:\/\/es-es.facebook.com\/MentayMora\/","https:\/\/www.instagram.com\/mentaymora.illescas\/?hl=es","https:\/\/www.youtube.com\/channel\/UCuMMtdck_1XS-MyW6ZnBAlw"]}]}},"_links":{"self":[{"href":"https:\/\/www.mentaymora.com\/index.php\/wp-json\/wp\/v2\/pages\/89","targetHints":{"allow":["GET"]}}],"collection":[{"href":"https:\/\/www.mentaymora.com\/index.php\/wp-json\/wp\/v2\/pages"}],"about":[{"href":"https:\/\/www.mentaymora.com\/index.php\/wp-json\/wp\/v2\/types\/page"}],"author":[{"embeddable":true,"href":"https:\/\/www.mentaymora.com\/index.php\/wp-json\/wp\/v2\/users\/1"}],"replies":[{"embeddable":true,"href":"https:\/\/www.mentaymora.com\/index.php\/wp-json\/wp\/v2\/comments?post=89"}],"version-history":[{"count":6,"href":"https:\/\/www.mentaymora.com\/index.php\/wp-json\/wp\/v2\/pages\/89\/revisions"}],"predecessor-version":[{"id":19362,"href":"https:\/\/www.mentaymora.com\/index.php\/wp-json\/wp\/v2\/pages\/89\/revisions\/19362"}],"wp:attachment":[{"href":"https:\/\/www.mentaymora.com\/index.php\/wp-json\/wp\/v2\/media?parent=89"}],"curies":[{"name":"wp","href":"https:\/\/api.w.org\/{rel}","templated":true}]}}