{"id":10022,"date":"2022-11-06T19:53:51","date_gmt":"2022-11-06T18:53:51","guid":{"rendered":"https:\/\/www.mentaymora.com\/?post_type=product&#038;p=10022"},"modified":"2024-12-13T07:38:22","modified_gmt":"2024-12-13T06:38:22","slug":"corazon-kinder-midi","status":"publish","type":"product","link":"https:\/\/www.mentaymora.com\/index.php\/producto\/corazon-kinder-midi\/","title":{"rendered":"Coraz\u00f3n KINDER Midi"},"content":{"rendered":"<p>Coraz\u00f3n KINDER Midi<\/p>\n<p>Caja Cart\u00f3n forma de Coraz\u00f3n.<\/p>\n<p>Se presenta envuelta el papel celof\u00e1n con lazo italiano rojo.<\/p>\n<ul>\n<li><b>Contenido:<\/b>\n<ul>\n<li>30 Kinder.<\/li>\n<li>18 Schoko-Bons.<\/li>\n<li>2 Toblerone.<\/li>\n<li>2 Huesitos.<\/li>\n<li>2 Huevos Kinder.<\/li>\n<li>1 Cajita Chocolatina \u201cTe Quiero\u201d.<\/li>\n<li>1 Mini Nutella.<\/li>\n<li>2 Kit Kat.<\/li>\n<\/ul>\n<\/li>\n<li><strong>Medidas:<\/strong> Alto 11 cm. Ancho 18 cm. Fondo 16 cm.<\/li>\n<\/ul>\n<p><a href=\"https:\/\/www.mentaymora.com\/\">Menta y Mora<\/a>\u00a0hace tu vida m\u00e1s dulce.<\/p>\n<p>S\u00edguenos en nuestras RRSS (<a href=\"https:\/\/es-es.facebook.com\/MentayMora\/\">Facebook<\/a>\u00a0e\u00a0<a href=\"https:\/\/www.instagram.com\/mentaymora.illescas\/?hl=es\">Instagram<\/a>)<\/p>\n<p>Si tienes alguna consulta,\u00a0<a href=\"mailto:%20info@mentaymora.com\">preg\u00fantanos<\/a>.<\/p>\n","protected":false},"excerpt":{"rendered":"<p>Caja Cart\u00f3n forma de Coraz\u00f3n.<\/p>\n<p>Se presenta envuelta el papel celof\u00e1n con lazo italiano rojo.<\/p>\n<ul>\n<li><b>Contenido:<\/b>\n<ul>\n<li>30 Kinder.<\/li>\n<li>18 Schoko-Bons.<\/li>\n<li>2 Toblerone.<\/li>\n<li>2 Huesitos.<\/li>\n<li>2 Huevos Kinder.<\/li>\n<li>1 Cajita Chocolatina \u201cTe Quiero\u201d.<\/li>\n<li>1 Mini Nutella.<\/li>\n<li>2 Kit Kat.<\/li>\n<\/ul>\n<\/li>\n<li><strong>Medidas:<\/strong> Alto 11 cm. Ancho 18 cm. Fondo 16 cm.<\/li>\n<\/ul>\n","protected":false},"featured_media":7515,"comment_status":"open","ping_status":"closed","template":"","meta":{"_acf_changed":false,"_joinchat":[]},"product_brand":[],"product_cat":[1201,1027],"product_tag":[397,1083],"class_list":{"0":"post-10022","1":"product","2":"type-product","3":"status-publish","4":"has-post-thumbnail","6":"product_cat-amor","7":"product_cat-chocolate-pecados","8":"product_tag-chocolate","9":"product_tag-kinder","10":"latest_post","12":"first","13":"instock","14":"taxable","15":"shipping-taxable","16":"purchasable","17":"product-type-simple"},"acf":[],"yoast_head":"<!-- This site is optimized with the Yoast SEO plugin v27.3 - https:\/\/yoast.com\/product\/yoast-seo-wordpress\/ -->\n<title>Coraz\u00f3n KINDER Midi - Menta y Mora<\/title>\n<meta name=\"description\" content=\"Coraz\u00f3n KINDER Midi Caja Cart\u00f3n forma de Coraz\u00f3n. Se presenta envuelta el papel celof\u00e1n con lazo italiano rojo. Contenido: 30 Kinder.\" \/>\n<meta name=\"robots\" content=\"index, follow, max-snippet:-1, max-image-preview:large, max-video-preview:-1\" \/>\n<link rel=\"canonical\" href=\"https:\/\/www.mentaymora.com\/index.php\/producto\/corazon-kinder-midi\/\" \/>\n<meta property=\"og:locale\" content=\"es_ES\" \/>\n<meta property=\"og:type\" content=\"article\" \/>\n<meta property=\"og:title\" content=\"Coraz\u00f3n KINDER Midi - Menta y Mora\" \/>\n<meta property=\"og:description\" content=\"Coraz\u00f3n KINDER Midi Caja Cart\u00f3n forma de Coraz\u00f3n. Se presenta envuelta el papel celof\u00e1n con lazo italiano rojo. Contenido: 30 Kinder.\" \/>\n<meta property=\"og:url\" content=\"https:\/\/www.mentaymora.com\/index.php\/producto\/corazon-kinder-midi\/\" \/>\n<meta property=\"og:site_name\" content=\"Menta y Mora\" \/>\n<meta property=\"article:publisher\" content=\"https:\/\/es-es.facebook.com\/MentayMora\/\" \/>\n<meta property=\"article:modified_time\" content=\"2024-12-13T06:38:22+00:00\" \/>\n<meta property=\"og:image\" content=\"https:\/\/www.mentaymora.com\/wp-content\/uploads\/2022\/01\/Corzazon-Kinder-MIDI-1.jpg\" \/>\n\t<meta property=\"og:image:width\" content=\"538\" \/>\n\t<meta property=\"og:image:height\" content=\"531\" \/>\n\t<meta property=\"og:image:type\" content=\"image\/jpeg\" \/>\n<meta name=\"twitter:card\" content=\"summary_large_image\" \/>\n<meta name=\"twitter:label1\" content=\"Tiempo de lectura\" \/>\n\t<meta name=\"twitter:data1\" content=\"1 minuto\" \/>\n<script type=\"application\/ld+json\" class=\"yoast-schema-graph\">{\"@context\":\"https:\\\/\\\/schema.org\",\"@graph\":[{\"@type\":\"WebPage\",\"@id\":\"https:\\\/\\\/www.mentaymora.com\\\/index.php\\\/producto\\\/corazon-kinder-midi\\\/\",\"url\":\"https:\\\/\\\/www.mentaymora.com\\\/index.php\\\/producto\\\/corazon-kinder-midi\\\/\",\"name\":\"Coraz\u00f3n KINDER Midi - Menta y Mora\",\"isPartOf\":{\"@id\":\"https:\\\/\\\/www.mentaymora.com\\\/#website\"},\"primaryImageOfPage\":{\"@id\":\"https:\\\/\\\/www.mentaymora.com\\\/index.php\\\/producto\\\/corazon-kinder-midi\\\/#primaryimage\"},\"image\":{\"@id\":\"https:\\\/\\\/www.mentaymora.com\\\/index.php\\\/producto\\\/corazon-kinder-midi\\\/#primaryimage\"},\"thumbnailUrl\":\"https:\\\/\\\/www.mentaymora.com\\\/wp-content\\\/uploads\\\/2022\\\/01\\\/Corzazon-Kinder-MIDI-1.jpg\",\"datePublished\":\"2022-11-06T18:53:51+00:00\",\"dateModified\":\"2024-12-13T06:38:22+00:00\",\"description\":\"Coraz\u00f3n KINDER Midi Caja Cart\u00f3n forma de Coraz\u00f3n. Se presenta envuelta el papel celof\u00e1n con lazo italiano rojo. Contenido: 30 Kinder.\",\"breadcrumb\":{\"@id\":\"https:\\\/\\\/www.mentaymora.com\\\/index.php\\\/producto\\\/corazon-kinder-midi\\\/#breadcrumb\"},\"inLanguage\":\"es\",\"potentialAction\":[{\"@type\":\"ReadAction\",\"target\":[\"https:\\\/\\\/www.mentaymora.com\\\/index.php\\\/producto\\\/corazon-kinder-midi\\\/\"]}]},{\"@type\":\"ImageObject\",\"inLanguage\":\"es\",\"@id\":\"https:\\\/\\\/www.mentaymora.com\\\/index.php\\\/producto\\\/corazon-kinder-midi\\\/#primaryimage\",\"url\":\"https:\\\/\\\/www.mentaymora.com\\\/wp-content\\\/uploads\\\/2022\\\/01\\\/Corzazon-Kinder-MIDI-1.jpg\",\"contentUrl\":\"https:\\\/\\\/www.mentaymora.com\\\/wp-content\\\/uploads\\\/2022\\\/01\\\/Corzazon-Kinder-MIDI-1.jpg\",\"width\":538,\"height\":531,\"caption\":\"Corzazon Kinder MIDI 1\"},{\"@type\":\"BreadcrumbList\",\"@id\":\"https:\\\/\\\/www.mentaymora.com\\\/index.php\\\/producto\\\/corazon-kinder-midi\\\/#breadcrumb\",\"itemListElement\":[{\"@type\":\"ListItem\",\"position\":1,\"name\":\"Portada\",\"item\":\"https:\\\/\\\/www.mentaymora.com\\\/\"},{\"@type\":\"ListItem\",\"position\":2,\"name\":\"Productos\",\"item\":\"https:\\\/\\\/www.mentaymora.com\\\/index.php\\\/tienda\\\/\"},{\"@type\":\"ListItem\",\"position\":3,\"name\":\"Coraz\u00f3n KINDER Midi\"}]},{\"@type\":\"WebSite\",\"@id\":\"https:\\\/\\\/www.mentaymora.com\\\/#website\",\"url\":\"https:\\\/\\\/www.mentaymora.com\\\/\",\"name\":\"Menta y Mora\",\"description\":\"Regalos y Complementos\",\"publisher\":{\"@id\":\"https:\\\/\\\/www.mentaymora.com\\\/#organization\"},\"potentialAction\":[{\"@type\":\"SearchAction\",\"target\":{\"@type\":\"EntryPoint\",\"urlTemplate\":\"https:\\\/\\\/www.mentaymora.com\\\/?s={search_term_string}\"},\"query-input\":{\"@type\":\"PropertyValueSpecification\",\"valueRequired\":true,\"valueName\":\"search_term_string\"}}],\"inLanguage\":\"es\"},{\"@type\":\"Organization\",\"@id\":\"https:\\\/\\\/www.mentaymora.com\\\/#organization\",\"name\":\"Menta y Mora\",\"url\":\"https:\\\/\\\/www.mentaymora.com\\\/\",\"logo\":{\"@type\":\"ImageObject\",\"inLanguage\":\"es\",\"@id\":\"https:\\\/\\\/www.mentaymora.com\\\/#\\\/schema\\\/logo\\\/image\\\/\",\"url\":\"https:\\\/\\\/www.mentaymora.com\\\/wp-content\\\/uploads\\\/2021\\\/07\\\/Logo.jpg\",\"contentUrl\":\"https:\\\/\\\/www.mentaymora.com\\\/wp-content\\\/uploads\\\/2021\\\/07\\\/Logo.jpg\",\"width\":1172,\"height\":1172,\"caption\":\"Menta y Mora\"},\"image\":{\"@id\":\"https:\\\/\\\/www.mentaymora.com\\\/#\\\/schema\\\/logo\\\/image\\\/\"},\"sameAs\":[\"https:\\\/\\\/es-es.facebook.com\\\/MentayMora\\\/\",\"https:\\\/\\\/www.instagram.com\\\/mentaymora.illescas\\\/?hl=es\",\"https:\\\/\\\/www.youtube.com\\\/channel\\\/UCuMMtdck_1XS-MyW6ZnBAlw\"]}]}<\/script>\n<!-- \/ Yoast SEO plugin. -->","yoast_head_json":{"title":"Coraz\u00f3n KINDER Midi - Menta y Mora","description":"Coraz\u00f3n KINDER Midi Caja Cart\u00f3n forma de Coraz\u00f3n. Se presenta envuelta el papel celof\u00e1n con lazo italiano rojo. Contenido: 30 Kinder.","robots":{"index":"index","follow":"follow","max-snippet":"max-snippet:-1","max-image-preview":"max-image-preview:large","max-video-preview":"max-video-preview:-1"},"canonical":"https:\/\/www.mentaymora.com\/index.php\/producto\/corazon-kinder-midi\/","og_locale":"es_ES","og_type":"article","og_title":"Coraz\u00f3n KINDER Midi - Menta y Mora","og_description":"Coraz\u00f3n KINDER Midi Caja Cart\u00f3n forma de Coraz\u00f3n. Se presenta envuelta el papel celof\u00e1n con lazo italiano rojo. Contenido: 30 Kinder.","og_url":"https:\/\/www.mentaymora.com\/index.php\/producto\/corazon-kinder-midi\/","og_site_name":"Menta y Mora","article_publisher":"https:\/\/es-es.facebook.com\/MentayMora\/","article_modified_time":"2024-12-13T06:38:22+00:00","og_image":[{"width":538,"height":531,"url":"https:\/\/www.mentaymora.com\/wp-content\/uploads\/2022\/01\/Corzazon-Kinder-MIDI-1.jpg","type":"image\/jpeg"}],"twitter_card":"summary_large_image","twitter_misc":{"Tiempo de lectura":"1 minuto"},"schema":{"@context":"https:\/\/schema.org","@graph":[{"@type":"WebPage","@id":"https:\/\/www.mentaymora.com\/index.php\/producto\/corazon-kinder-midi\/","url":"https:\/\/www.mentaymora.com\/index.php\/producto\/corazon-kinder-midi\/","name":"Coraz\u00f3n KINDER Midi - Menta y Mora","isPartOf":{"@id":"https:\/\/www.mentaymora.com\/#website"},"primaryImageOfPage":{"@id":"https:\/\/www.mentaymora.com\/index.php\/producto\/corazon-kinder-midi\/#primaryimage"},"image":{"@id":"https:\/\/www.mentaymora.com\/index.php\/producto\/corazon-kinder-midi\/#primaryimage"},"thumbnailUrl":"https:\/\/www.mentaymora.com\/wp-content\/uploads\/2022\/01\/Corzazon-Kinder-MIDI-1.jpg","datePublished":"2022-11-06T18:53:51+00:00","dateModified":"2024-12-13T06:38:22+00:00","description":"Coraz\u00f3n KINDER Midi Caja Cart\u00f3n forma de Coraz\u00f3n. Se presenta envuelta el papel celof\u00e1n con lazo italiano rojo. Contenido: 30 Kinder.","breadcrumb":{"@id":"https:\/\/www.mentaymora.com\/index.php\/producto\/corazon-kinder-midi\/#breadcrumb"},"inLanguage":"es","potentialAction":[{"@type":"ReadAction","target":["https:\/\/www.mentaymora.com\/index.php\/producto\/corazon-kinder-midi\/"]}]},{"@type":"ImageObject","inLanguage":"es","@id":"https:\/\/www.mentaymora.com\/index.php\/producto\/corazon-kinder-midi\/#primaryimage","url":"https:\/\/www.mentaymora.com\/wp-content\/uploads\/2022\/01\/Corzazon-Kinder-MIDI-1.jpg","contentUrl":"https:\/\/www.mentaymora.com\/wp-content\/uploads\/2022\/01\/Corzazon-Kinder-MIDI-1.jpg","width":538,"height":531,"caption":"Corzazon Kinder MIDI 1"},{"@type":"BreadcrumbList","@id":"https:\/\/www.mentaymora.com\/index.php\/producto\/corazon-kinder-midi\/#breadcrumb","itemListElement":[{"@type":"ListItem","position":1,"name":"Portada","item":"https:\/\/www.mentaymora.com\/"},{"@type":"ListItem","position":2,"name":"Productos","item":"https:\/\/www.mentaymora.com\/index.php\/tienda\/"},{"@type":"ListItem","position":3,"name":"Coraz\u00f3n KINDER Midi"}]},{"@type":"WebSite","@id":"https:\/\/www.mentaymora.com\/#website","url":"https:\/\/www.mentaymora.com\/","name":"Menta y Mora","description":"Regalos y Complementos","publisher":{"@id":"https:\/\/www.mentaymora.com\/#organization"},"potentialAction":[{"@type":"SearchAction","target":{"@type":"EntryPoint","urlTemplate":"https:\/\/www.mentaymora.com\/?s={search_term_string}"},"query-input":{"@type":"PropertyValueSpecification","valueRequired":true,"valueName":"search_term_string"}}],"inLanguage":"es"},{"@type":"Organization","@id":"https:\/\/www.mentaymora.com\/#organization","name":"Menta y Mora","url":"https:\/\/www.mentaymora.com\/","logo":{"@type":"ImageObject","inLanguage":"es","@id":"https:\/\/www.mentaymora.com\/#\/schema\/logo\/image\/","url":"https:\/\/www.mentaymora.com\/wp-content\/uploads\/2021\/07\/Logo.jpg","contentUrl":"https:\/\/www.mentaymora.com\/wp-content\/uploads\/2021\/07\/Logo.jpg","width":1172,"height":1172,"caption":"Menta y Mora"},"image":{"@id":"https:\/\/www.mentaymora.com\/#\/schema\/logo\/image\/"},"sameAs":["https:\/\/es-es.facebook.com\/MentayMora\/","https:\/\/www.instagram.com\/mentaymora.illescas\/?hl=es","https:\/\/www.youtube.com\/channel\/UCuMMtdck_1XS-MyW6ZnBAlw"]}]}},"_links":{"self":[{"href":"https:\/\/www.mentaymora.com\/index.php\/wp-json\/wp\/v2\/product\/10022","targetHints":{"allow":["GET"]}}],"collection":[{"href":"https:\/\/www.mentaymora.com\/index.php\/wp-json\/wp\/v2\/product"}],"about":[{"href":"https:\/\/www.mentaymora.com\/index.php\/wp-json\/wp\/v2\/types\/product"}],"replies":[{"embeddable":true,"href":"https:\/\/www.mentaymora.com\/index.php\/wp-json\/wp\/v2\/comments?post=10022"}],"wp:featuredmedia":[{"embeddable":true,"href":"https:\/\/www.mentaymora.com\/index.php\/wp-json\/wp\/v2\/media\/7515"}],"wp:attachment":[{"href":"https:\/\/www.mentaymora.com\/index.php\/wp-json\/wp\/v2\/media?parent=10022"}],"wp:term":[{"taxonomy":"product_brand","embeddable":true,"href":"https:\/\/www.mentaymora.com\/index.php\/wp-json\/wp\/v2\/product_brand?post=10022"},{"taxonomy":"product_cat","embeddable":true,"href":"https:\/\/www.mentaymora.com\/index.php\/wp-json\/wp\/v2\/product_cat?post=10022"},{"taxonomy":"product_tag","embeddable":true,"href":"https:\/\/www.mentaymora.com\/index.php\/wp-json\/wp\/v2\/product_tag?post=10022"}],"curies":[{"name":"wp","href":"https:\/\/api.w.org\/{rel}","templated":true}]}}