{"id":10949,"date":"2023-04-01T00:00:58","date_gmt":"2023-03-31T23:00:58","guid":{"rendered":"https:\/\/www.mentaymora.com\/?post_type=product&#038;p=10949"},"modified":"2024-04-17T19:55:56","modified_gmt":"2024-04-17T18:55:56","slug":"bolsa-algodon-mama-viva-la-madre-me-pario","status":"publish","type":"product","link":"https:\/\/www.mentaymora.com\/index.php\/producto\/bolsa-algodon-mama-viva-la-madre-me-pario\/","title":{"rendered":"BOLSA ALGOD\u00d3N MAM\u00c1 &#8211; \u00abViva la madre me pari\u00f3\u00bb"},"content":{"rendered":"<p>BOLSA ALGOD\u00d3N MAM\u00c1 &#8211; \u00abViva la madre me pari\u00f3\u00bb<\/p>\n<ul>\n<li><strong>Material:<\/strong> Algod\u00f3n.<\/li>\n<li><strong>Medidas:<\/strong> 36&#215;0.1x48cm<\/li>\n<li><strong>Mensaje:<\/strong> \u00abViva la madre que me pari\u00f3\u00bb<\/li>\n<\/ul>\n<p><a href=\"https:\/\/www.mentaymora.com\/\">Menta y Mora<\/a> en el D\u00eda de la Madre<\/p>\n<p>S\u00edguenos en nuestras RRSS (<a href=\"https:\/\/es-es.facebook.com\/MentayMora\/\">Facebook<\/a>\u00a0e\u00a0<a href=\"https:\/\/www.instagram.com\/mentaymora.illescas\/?hl=es\">Instagram<\/a>)<\/p>\n<p>Si tienes alguna consulta,\u00a0<a href=\"mailto:%20info@mentaymora.com\">preg\u00fantanos<\/a>.<\/p>\n","protected":false},"excerpt":{"rendered":"<ul>\n<li><strong>Material:<\/strong> Algod\u00f3n.<\/li>\n<li><strong>Medidas:<\/strong> 36&#215;0.1x48cm<\/li>\n<li><strong>Mensaje:<\/strong> \u00abViva la madre que me pari\u00f3\u00bb<\/li>\n<\/ul>\n","protected":false},"featured_media":10950,"comment_status":"open","ping_status":"closed","template":"","meta":{"_acf_changed":false,"_joinchat":[]},"product_brand":[],"product_cat":[1346],"product_tag":[],"class_list":{"0":"post-10949","1":"product","2":"type-product","3":"status-publish","4":"has-post-thumbnail","6":"product_cat-mama","7":"latest_post","9":"first","10":"instock","11":"taxable","12":"shipping-taxable","13":"purchasable","14":"product-type-simple"},"acf":[],"yoast_head":"<!-- This site is optimized with the Yoast SEO plugin v27.3 - https:\/\/yoast.com\/product\/yoast-seo-wordpress\/ -->\n<title>BOLSA ALGOD\u00d3N MAM\u00c1 - &quot;Viva la madre me pari\u00f3&quot; - Menta y Mora<\/title>\n<meta name=\"description\" content=\"BOLSA ALGOD\u00d3N MAM\u00c1 - &quot;Viva la madre me pari\u00f3&quot; Material: Algod\u00f3n. Medidas: 36x0.1x48cm Mensaje: &quot;Viva la madre que me pari\u00f3&quot;\" \/>\n<meta name=\"robots\" content=\"index, follow, max-snippet:-1, max-image-preview:large, max-video-preview:-1\" \/>\n<link rel=\"canonical\" href=\"https:\/\/www.mentaymora.com\/index.php\/producto\/bolsa-algodon-mama-viva-la-madre-me-pario\/\" \/>\n<meta property=\"og:locale\" content=\"es_ES\" \/>\n<meta property=\"og:type\" content=\"article\" \/>\n<meta property=\"og:title\" content=\"BOLSA ALGOD\u00d3N MAM\u00c1 - &quot;Viva la madre me pari\u00f3&quot; - Menta y Mora\" \/>\n<meta property=\"og:description\" content=\"BOLSA ALGOD\u00d3N MAM\u00c1 - &quot;Viva la madre me pari\u00f3&quot; Material: Algod\u00f3n. Medidas: 36x0.1x48cm Mensaje: &quot;Viva la madre que me pari\u00f3&quot;\" \/>\n<meta property=\"og:url\" content=\"https:\/\/www.mentaymora.com\/index.php\/producto\/bolsa-algodon-mama-viva-la-madre-me-pario\/\" \/>\n<meta property=\"og:site_name\" content=\"Menta y Mora\" \/>\n<meta property=\"article:publisher\" content=\"https:\/\/es-es.facebook.com\/MentayMora\/\" \/>\n<meta property=\"article:modified_time\" content=\"2024-04-17T18:55:56+00:00\" \/>\n<meta property=\"og:image\" content=\"https:\/\/www.mentaymora.com\/wp-content\/uploads\/2023\/03\/2827373.jpg\" \/>\n\t<meta property=\"og:image:width\" content=\"600\" \/>\n\t<meta property=\"og:image:height\" content=\"600\" \/>\n\t<meta property=\"og:image:type\" content=\"image\/jpeg\" \/>\n<meta name=\"twitter:card\" content=\"summary_large_image\" \/>\n<meta name=\"twitter:label1\" content=\"Tiempo de lectura\" \/>\n\t<meta name=\"twitter:data1\" content=\"1 minuto\" \/>\n<script type=\"application\/ld+json\" class=\"yoast-schema-graph\">{\"@context\":\"https:\\\/\\\/schema.org\",\"@graph\":[{\"@type\":\"WebPage\",\"@id\":\"https:\\\/\\\/www.mentaymora.com\\\/index.php\\\/producto\\\/bolsa-algodon-mama-viva-la-madre-me-pario\\\/\",\"url\":\"https:\\\/\\\/www.mentaymora.com\\\/index.php\\\/producto\\\/bolsa-algodon-mama-viva-la-madre-me-pario\\\/\",\"name\":\"BOLSA ALGOD\u00d3N MAM\u00c1 - \\\"Viva la madre me pari\u00f3\\\" - Menta y Mora\",\"isPartOf\":{\"@id\":\"https:\\\/\\\/www.mentaymora.com\\\/#website\"},\"primaryImageOfPage\":{\"@id\":\"https:\\\/\\\/www.mentaymora.com\\\/index.php\\\/producto\\\/bolsa-algodon-mama-viva-la-madre-me-pario\\\/#primaryimage\"},\"image\":{\"@id\":\"https:\\\/\\\/www.mentaymora.com\\\/index.php\\\/producto\\\/bolsa-algodon-mama-viva-la-madre-me-pario\\\/#primaryimage\"},\"thumbnailUrl\":\"https:\\\/\\\/www.mentaymora.com\\\/wp-content\\\/uploads\\\/2023\\\/03\\\/2827373.jpg\",\"datePublished\":\"2023-03-31T23:00:58+00:00\",\"dateModified\":\"2024-04-17T18:55:56+00:00\",\"description\":\"BOLSA ALGOD\u00d3N MAM\u00c1 - \\\"Viva la madre me pari\u00f3\\\" Material: Algod\u00f3n. Medidas: 36x0.1x48cm Mensaje: \\\"Viva la madre que me pari\u00f3\\\"\",\"breadcrumb\":{\"@id\":\"https:\\\/\\\/www.mentaymora.com\\\/index.php\\\/producto\\\/bolsa-algodon-mama-viva-la-madre-me-pario\\\/#breadcrumb\"},\"inLanguage\":\"es\",\"potentialAction\":[{\"@type\":\"ReadAction\",\"target\":[\"https:\\\/\\\/www.mentaymora.com\\\/index.php\\\/producto\\\/bolsa-algodon-mama-viva-la-madre-me-pario\\\/\"]}]},{\"@type\":\"ImageObject\",\"inLanguage\":\"es\",\"@id\":\"https:\\\/\\\/www.mentaymora.com\\\/index.php\\\/producto\\\/bolsa-algodon-mama-viva-la-madre-me-pario\\\/#primaryimage\",\"url\":\"https:\\\/\\\/www.mentaymora.com\\\/wp-content\\\/uploads\\\/2023\\\/03\\\/2827373.jpg\",\"contentUrl\":\"https:\\\/\\\/www.mentaymora.com\\\/wp-content\\\/uploads\\\/2023\\\/03\\\/2827373.jpg\",\"width\":600,\"height\":600,\"caption\":\"BOLSA ALGOD\u00d3N MAM\u00c1 - \\\"Viva la madre me pari\u00f3\\\"\"},{\"@type\":\"BreadcrumbList\",\"@id\":\"https:\\\/\\\/www.mentaymora.com\\\/index.php\\\/producto\\\/bolsa-algodon-mama-viva-la-madre-me-pario\\\/#breadcrumb\",\"itemListElement\":[{\"@type\":\"ListItem\",\"position\":1,\"name\":\"Portada\",\"item\":\"https:\\\/\\\/www.mentaymora.com\\\/\"},{\"@type\":\"ListItem\",\"position\":2,\"name\":\"Productos\",\"item\":\"https:\\\/\\\/www.mentaymora.com\\\/index.php\\\/tienda\\\/\"},{\"@type\":\"ListItem\",\"position\":3,\"name\":\"BOLSA ALGOD\u00d3N MAM\u00c1 &#8211; \u00abViva la madre me pari\u00f3\u00bb\"}]},{\"@type\":\"WebSite\",\"@id\":\"https:\\\/\\\/www.mentaymora.com\\\/#website\",\"url\":\"https:\\\/\\\/www.mentaymora.com\\\/\",\"name\":\"Menta y Mora\",\"description\":\"Regalos y Complementos\",\"publisher\":{\"@id\":\"https:\\\/\\\/www.mentaymora.com\\\/#organization\"},\"potentialAction\":[{\"@type\":\"SearchAction\",\"target\":{\"@type\":\"EntryPoint\",\"urlTemplate\":\"https:\\\/\\\/www.mentaymora.com\\\/?s={search_term_string}\"},\"query-input\":{\"@type\":\"PropertyValueSpecification\",\"valueRequired\":true,\"valueName\":\"search_term_string\"}}],\"inLanguage\":\"es\"},{\"@type\":\"Organization\",\"@id\":\"https:\\\/\\\/www.mentaymora.com\\\/#organization\",\"name\":\"Menta y Mora\",\"url\":\"https:\\\/\\\/www.mentaymora.com\\\/\",\"logo\":{\"@type\":\"ImageObject\",\"inLanguage\":\"es\",\"@id\":\"https:\\\/\\\/www.mentaymora.com\\\/#\\\/schema\\\/logo\\\/image\\\/\",\"url\":\"https:\\\/\\\/www.mentaymora.com\\\/wp-content\\\/uploads\\\/2021\\\/07\\\/Logo.jpg\",\"contentUrl\":\"https:\\\/\\\/www.mentaymora.com\\\/wp-content\\\/uploads\\\/2021\\\/07\\\/Logo.jpg\",\"width\":1172,\"height\":1172,\"caption\":\"Menta y Mora\"},\"image\":{\"@id\":\"https:\\\/\\\/www.mentaymora.com\\\/#\\\/schema\\\/logo\\\/image\\\/\"},\"sameAs\":[\"https:\\\/\\\/es-es.facebook.com\\\/MentayMora\\\/\",\"https:\\\/\\\/www.instagram.com\\\/mentaymora.illescas\\\/?hl=es\",\"https:\\\/\\\/www.youtube.com\\\/channel\\\/UCuMMtdck_1XS-MyW6ZnBAlw\"]}]}<\/script>\n<!-- \/ Yoast SEO plugin. -->","yoast_head_json":{"title":"BOLSA ALGOD\u00d3N MAM\u00c1 - \"Viva la madre me pari\u00f3\" - Menta y Mora","description":"BOLSA ALGOD\u00d3N MAM\u00c1 - \"Viva la madre me pari\u00f3\" Material: Algod\u00f3n. Medidas: 36x0.1x48cm Mensaje: \"Viva la madre que me pari\u00f3\"","robots":{"index":"index","follow":"follow","max-snippet":"max-snippet:-1","max-image-preview":"max-image-preview:large","max-video-preview":"max-video-preview:-1"},"canonical":"https:\/\/www.mentaymora.com\/index.php\/producto\/bolsa-algodon-mama-viva-la-madre-me-pario\/","og_locale":"es_ES","og_type":"article","og_title":"BOLSA ALGOD\u00d3N MAM\u00c1 - \"Viva la madre me pari\u00f3\" - Menta y Mora","og_description":"BOLSA ALGOD\u00d3N MAM\u00c1 - \"Viva la madre me pari\u00f3\" Material: Algod\u00f3n. Medidas: 36x0.1x48cm Mensaje: \"Viva la madre que me pari\u00f3\"","og_url":"https:\/\/www.mentaymora.com\/index.php\/producto\/bolsa-algodon-mama-viva-la-madre-me-pario\/","og_site_name":"Menta y Mora","article_publisher":"https:\/\/es-es.facebook.com\/MentayMora\/","article_modified_time":"2024-04-17T18:55:56+00:00","og_image":[{"width":600,"height":600,"url":"https:\/\/www.mentaymora.com\/wp-content\/uploads\/2023\/03\/2827373.jpg","type":"image\/jpeg"}],"twitter_card":"summary_large_image","twitter_misc":{"Tiempo de lectura":"1 minuto"},"schema":{"@context":"https:\/\/schema.org","@graph":[{"@type":"WebPage","@id":"https:\/\/www.mentaymora.com\/index.php\/producto\/bolsa-algodon-mama-viva-la-madre-me-pario\/","url":"https:\/\/www.mentaymora.com\/index.php\/producto\/bolsa-algodon-mama-viva-la-madre-me-pario\/","name":"BOLSA ALGOD\u00d3N MAM\u00c1 - \"Viva la madre me pari\u00f3\" - Menta y Mora","isPartOf":{"@id":"https:\/\/www.mentaymora.com\/#website"},"primaryImageOfPage":{"@id":"https:\/\/www.mentaymora.com\/index.php\/producto\/bolsa-algodon-mama-viva-la-madre-me-pario\/#primaryimage"},"image":{"@id":"https:\/\/www.mentaymora.com\/index.php\/producto\/bolsa-algodon-mama-viva-la-madre-me-pario\/#primaryimage"},"thumbnailUrl":"https:\/\/www.mentaymora.com\/wp-content\/uploads\/2023\/03\/2827373.jpg","datePublished":"2023-03-31T23:00:58+00:00","dateModified":"2024-04-17T18:55:56+00:00","description":"BOLSA ALGOD\u00d3N MAM\u00c1 - \"Viva la madre me pari\u00f3\" Material: Algod\u00f3n. Medidas: 36x0.1x48cm Mensaje: \"Viva la madre que me pari\u00f3\"","breadcrumb":{"@id":"https:\/\/www.mentaymora.com\/index.php\/producto\/bolsa-algodon-mama-viva-la-madre-me-pario\/#breadcrumb"},"inLanguage":"es","potentialAction":[{"@type":"ReadAction","target":["https:\/\/www.mentaymora.com\/index.php\/producto\/bolsa-algodon-mama-viva-la-madre-me-pario\/"]}]},{"@type":"ImageObject","inLanguage":"es","@id":"https:\/\/www.mentaymora.com\/index.php\/producto\/bolsa-algodon-mama-viva-la-madre-me-pario\/#primaryimage","url":"https:\/\/www.mentaymora.com\/wp-content\/uploads\/2023\/03\/2827373.jpg","contentUrl":"https:\/\/www.mentaymora.com\/wp-content\/uploads\/2023\/03\/2827373.jpg","width":600,"height":600,"caption":"BOLSA ALGOD\u00d3N MAM\u00c1 - \"Viva la madre me pari\u00f3\""},{"@type":"BreadcrumbList","@id":"https:\/\/www.mentaymora.com\/index.php\/producto\/bolsa-algodon-mama-viva-la-madre-me-pario\/#breadcrumb","itemListElement":[{"@type":"ListItem","position":1,"name":"Portada","item":"https:\/\/www.mentaymora.com\/"},{"@type":"ListItem","position":2,"name":"Productos","item":"https:\/\/www.mentaymora.com\/index.php\/tienda\/"},{"@type":"ListItem","position":3,"name":"BOLSA ALGOD\u00d3N MAM\u00c1 &#8211; \u00abViva la madre me pari\u00f3\u00bb"}]},{"@type":"WebSite","@id":"https:\/\/www.mentaymora.com\/#website","url":"https:\/\/www.mentaymora.com\/","name":"Menta y Mora","description":"Regalos y Complementos","publisher":{"@id":"https:\/\/www.mentaymora.com\/#organization"},"potentialAction":[{"@type":"SearchAction","target":{"@type":"EntryPoint","urlTemplate":"https:\/\/www.mentaymora.com\/?s={search_term_string}"},"query-input":{"@type":"PropertyValueSpecification","valueRequired":true,"valueName":"search_term_string"}}],"inLanguage":"es"},{"@type":"Organization","@id":"https:\/\/www.mentaymora.com\/#organization","name":"Menta y Mora","url":"https:\/\/www.mentaymora.com\/","logo":{"@type":"ImageObject","inLanguage":"es","@id":"https:\/\/www.mentaymora.com\/#\/schema\/logo\/image\/","url":"https:\/\/www.mentaymora.com\/wp-content\/uploads\/2021\/07\/Logo.jpg","contentUrl":"https:\/\/www.mentaymora.com\/wp-content\/uploads\/2021\/07\/Logo.jpg","width":1172,"height":1172,"caption":"Menta y Mora"},"image":{"@id":"https:\/\/www.mentaymora.com\/#\/schema\/logo\/image\/"},"sameAs":["https:\/\/es-es.facebook.com\/MentayMora\/","https:\/\/www.instagram.com\/mentaymora.illescas\/?hl=es","https:\/\/www.youtube.com\/channel\/UCuMMtdck_1XS-MyW6ZnBAlw"]}]}},"_links":{"self":[{"href":"https:\/\/www.mentaymora.com\/index.php\/wp-json\/wp\/v2\/product\/10949","targetHints":{"allow":["GET"]}}],"collection":[{"href":"https:\/\/www.mentaymora.com\/index.php\/wp-json\/wp\/v2\/product"}],"about":[{"href":"https:\/\/www.mentaymora.com\/index.php\/wp-json\/wp\/v2\/types\/product"}],"replies":[{"embeddable":true,"href":"https:\/\/www.mentaymora.com\/index.php\/wp-json\/wp\/v2\/comments?post=10949"}],"wp:featuredmedia":[{"embeddable":true,"href":"https:\/\/www.mentaymora.com\/index.php\/wp-json\/wp\/v2\/media\/10950"}],"wp:attachment":[{"href":"https:\/\/www.mentaymora.com\/index.php\/wp-json\/wp\/v2\/media?parent=10949"}],"wp:term":[{"taxonomy":"product_brand","embeddable":true,"href":"https:\/\/www.mentaymora.com\/index.php\/wp-json\/wp\/v2\/product_brand?post=10949"},{"taxonomy":"product_cat","embeddable":true,"href":"https:\/\/www.mentaymora.com\/index.php\/wp-json\/wp\/v2\/product_cat?post=10949"},{"taxonomy":"product_tag","embeddable":true,"href":"https:\/\/www.mentaymora.com\/index.php\/wp-json\/wp\/v2\/product_tag?post=10949"}],"curies":[{"name":"wp","href":"https:\/\/api.w.org\/{rel}","templated":true}]}}