{"id":12750,"date":"2023-10-13T17:56:03","date_gmt":"2023-10-13T15:56:03","guid":{"rendered":"https:\/\/www.mentaymora.com\/?post_type=product&#038;p=12750"},"modified":"2023-10-14T08:07:27","modified_gmt":"2023-10-14T06:07:27","slug":"canastilla-recien-nacido-modelo-rafael","status":"publish","type":"product","link":"https:\/\/www.mentaymora.com\/index.php\/producto\/canastilla-recien-nacido-modelo-rafael\/","title":{"rendered":"Canastilla Reci\u00e9n Nacido &#8211; Modelo Rafael"},"content":{"rendered":"<p>Canastilla Reci\u00e9n Nacido &#8211; Modelo Rafael<\/p>\n<p>El contenido de la canastilla es:<\/p>\n<ul>\n<li><em>Caja de madera con placa personalizada.<\/em><\/li>\n<li><strong>Cosm\u00e9tica LITTLE SIB\u00c9RICA:<\/strong>\n<ul>\n<li>Gel de Ba\u00f1o 250ml.<\/li>\n<li>Leche Corporal 250ml.<\/li>\n<li>Crema Pa\u00f1al 75ml.<\/li>\n<\/ul>\n<\/li>\n<li><strong>Productos textiles:<\/strong>\n<ul>\n<li>Capa de Ba\u00f1o 100% algod\u00f3n.<\/li>\n<li>Manta Bordada Topitos 80x110cm.<\/li>\n<li>Dou Dou Bordado<\/li>\n<\/ul>\n<\/li>\n<li><strong>Varios:<\/strong>\n<ul>\n<li>Perfume 223 &#8211; Petit.<\/li>\n<\/ul>\n<\/li>\n<\/ul>\n<p>&nbsp;<\/p>\n<p>Se entrega envuelta en papel celof\u00e1n con lazo a juego.<\/p>\n<p>Canastilla Reci\u00e9n Nacido &#8211; Modelo Rafael<\/p>\n<p>Encarga tu canastilla en <a href=\"https:\/\/www.mentaymora.com\/\">Menta y Mora<\/a>\u00a0<\/p>\n<p>S\u00edguenos en nuestras RRSS (<a href=\"https:\/\/es-es.facebook.com\/MentayMora\/\">Facebook<\/a>\u00a0e\u00a0<a href=\"https:\/\/www.instagram.com\/mentaymora.illescas\/?hl=es\">Instagram<\/a>)<\/p>\n<p>Si tienes alguna consulta,\u00a0<a href=\"mailto:%20info@mentaymora.com\">preg\u00fantanos<\/a>.<\/p>\n","protected":false},"excerpt":{"rendered":"<p>Contiene todo lo necesario para que sea el regalo perfecto.<\/p>\n<p>Ind\u00edcanos el nombre de el\/la bebe y selecciona el color de la mantita y del bordado y&#8230; \u00a1D\u00e9janos sorprenderte!<\/p>\n<p>La canastilla contiene:<\/p>\n<ul>\n<li><em>Caja de madera con placa personalizada.<\/em><\/li>\n<li><strong>Cosm\u00e9tica LITTLE SIB\u00c9RICA:<\/strong>\n<ul>\n<li>Gel de Ba\u00f1o 250ml.<\/li>\n<li>Leche Corporal 250ml.<\/li>\n<li>Crema Pa\u00f1al 75ml.<\/li>\n<\/ul>\n<\/li>\n<li><strong>Productos textiles:<\/strong>\n<ul>\n<li>Capa de Ba\u00f1o 100% algod\u00f3n.<\/li>\n<li>Manta Bordada Topitos 80x110cm.<\/li>\n<li>Dou Dou Bordado<\/li>\n<\/ul>\n<\/li>\n<li><strong>Varios:<\/strong>\n<ul>\n<li>Perfume 223 &#8211; Petit.<\/li>\n<\/ul>\n<\/li>\n<\/ul>\n","protected":false},"featured_media":12759,"comment_status":"open","ping_status":"closed","template":"","meta":{"_acf_changed":false,"_joinchat":[]},"product_brand":[],"product_cat":[84],"product_tag":[331,869,326],"class_list":{"0":"post-12750","1":"product","2":"type-product","3":"status-publish","4":"has-post-thumbnail","6":"product_cat-infantil","7":"product_tag-bebe","8":"product_tag-canastilla","9":"product_tag-regalo","10":"latest_post","12":"first","13":"instock","14":"taxable","15":"shipping-taxable","16":"purchasable","17":"product-type-variable"},"acf":[],"yoast_head":"<!-- This site is optimized with the Yoast SEO plugin v27.4 - https:\/\/yoast.com\/product\/yoast-seo-wordpress\/ -->\n<title>Canastilla Reci\u00e9n Nacido - Modelo Rafael personalizada - menta y mora -<\/title>\n<meta name=\"description\" content=\"Canastilla Reci\u00e9n Nacido - Modelo Rafael El contenido de la canastilla es: Cesta a juego forrada en tela. Cosm\u00e9tica ZIAJA: Gel de Ba\u00f1o 270ml. Leche\" \/>\n<meta name=\"robots\" content=\"index, follow, max-snippet:-1, max-image-preview:large, max-video-preview:-1\" \/>\n<link rel=\"canonical\" href=\"https:\/\/www.mentaymora.com\/index.php\/producto\/canastilla-recien-nacido-modelo-rafael\/\" \/>\n<meta property=\"og:locale\" content=\"es_ES\" \/>\n<meta property=\"og:type\" content=\"article\" \/>\n<meta property=\"og:title\" content=\"Canastilla Reci\u00e9n Nacido - Modelo Rafael personalizada - menta y mora -\" \/>\n<meta property=\"og:description\" content=\"Canastilla Reci\u00e9n Nacido - Modelo Rafael El contenido de la canastilla es: Cesta a juego forrada en tela. Cosm\u00e9tica ZIAJA: Gel de Ba\u00f1o 270ml. Leche\" \/>\n<meta property=\"og:url\" content=\"https:\/\/www.mentaymora.com\/index.php\/producto\/canastilla-recien-nacido-modelo-rafael\/\" \/>\n<meta property=\"og:site_name\" content=\"Menta y Mora\" \/>\n<meta property=\"article:publisher\" content=\"https:\/\/es-es.facebook.com\/MentayMora\/\" \/>\n<meta property=\"article:modified_time\" content=\"2023-10-14T06:07:27+00:00\" \/>\n<meta property=\"og:image\" content=\"https:\/\/www.mentaymora.com\/wp-content\/uploads\/2023\/10\/Canastilla-Rafael-1.jpg\" \/>\n\t<meta property=\"og:image:width\" content=\"450\" \/>\n\t<meta property=\"og:image:height\" content=\"600\" \/>\n\t<meta property=\"og:image:type\" content=\"image\/jpeg\" \/>\n<meta name=\"twitter:card\" content=\"summary_large_image\" \/>\n<meta name=\"twitter:label1\" content=\"Tiempo de lectura\" \/>\n\t<meta name=\"twitter:data1\" content=\"1 minuto\" \/>\n<script type=\"application\/ld+json\" class=\"yoast-schema-graph\">{\"@context\":\"https:\\\/\\\/schema.org\",\"@graph\":[{\"@type\":\"WebPage\",\"@id\":\"https:\\\/\\\/www.mentaymora.com\\\/index.php\\\/producto\\\/canastilla-recien-nacido-modelo-rafael\\\/\",\"url\":\"https:\\\/\\\/www.mentaymora.com\\\/index.php\\\/producto\\\/canastilla-recien-nacido-modelo-rafael\\\/\",\"name\":\"Canastilla Reci\u00e9n Nacido - Modelo Rafael personalizada - menta y mora -\",\"isPartOf\":{\"@id\":\"https:\\\/\\\/www.mentaymora.com\\\/#website\"},\"primaryImageOfPage\":{\"@id\":\"https:\\\/\\\/www.mentaymora.com\\\/index.php\\\/producto\\\/canastilla-recien-nacido-modelo-rafael\\\/#primaryimage\"},\"image\":{\"@id\":\"https:\\\/\\\/www.mentaymora.com\\\/index.php\\\/producto\\\/canastilla-recien-nacido-modelo-rafael\\\/#primaryimage\"},\"thumbnailUrl\":\"https:\\\/\\\/www.mentaymora.com\\\/wp-content\\\/uploads\\\/2023\\\/10\\\/Canastilla-Rafael-1.jpg\",\"datePublished\":\"2023-10-13T15:56:03+00:00\",\"dateModified\":\"2023-10-14T06:07:27+00:00\",\"description\":\"Canastilla Reci\u00e9n Nacido - Modelo Rafael El contenido de la canastilla es: Cesta a juego forrada en tela. Cosm\u00e9tica ZIAJA: Gel de Ba\u00f1o 270ml. Leche\",\"breadcrumb\":{\"@id\":\"https:\\\/\\\/www.mentaymora.com\\\/index.php\\\/producto\\\/canastilla-recien-nacido-modelo-rafael\\\/#breadcrumb\"},\"inLanguage\":\"es\",\"potentialAction\":[{\"@type\":\"ReadAction\",\"target\":[\"https:\\\/\\\/www.mentaymora.com\\\/index.php\\\/producto\\\/canastilla-recien-nacido-modelo-rafael\\\/\"]}]},{\"@type\":\"ImageObject\",\"inLanguage\":\"es\",\"@id\":\"https:\\\/\\\/www.mentaymora.com\\\/index.php\\\/producto\\\/canastilla-recien-nacido-modelo-rafael\\\/#primaryimage\",\"url\":\"https:\\\/\\\/www.mentaymora.com\\\/wp-content\\\/uploads\\\/2023\\\/10\\\/Canastilla-Rafael-1.jpg\",\"contentUrl\":\"https:\\\/\\\/www.mentaymora.com\\\/wp-content\\\/uploads\\\/2023\\\/10\\\/Canastilla-Rafael-1.jpg\",\"width\":450,\"height\":600,\"caption\":\"Canastilla Rafael 1\"},{\"@type\":\"BreadcrumbList\",\"@id\":\"https:\\\/\\\/www.mentaymora.com\\\/index.php\\\/producto\\\/canastilla-recien-nacido-modelo-rafael\\\/#breadcrumb\",\"itemListElement\":[{\"@type\":\"ListItem\",\"position\":1,\"name\":\"Portada\",\"item\":\"https:\\\/\\\/www.mentaymora.com\\\/\"},{\"@type\":\"ListItem\",\"position\":2,\"name\":\"Productos\",\"item\":\"https:\\\/\\\/www.mentaymora.com\\\/index.php\\\/tienda\\\/\"},{\"@type\":\"ListItem\",\"position\":3,\"name\":\"Canastilla Reci\u00e9n Nacido &#8211; Modelo Rafael\"}]},{\"@type\":\"WebSite\",\"@id\":\"https:\\\/\\\/www.mentaymora.com\\\/#website\",\"url\":\"https:\\\/\\\/www.mentaymora.com\\\/\",\"name\":\"Menta y Mora\",\"description\":\"Regalos y Complementos\",\"publisher\":{\"@id\":\"https:\\\/\\\/www.mentaymora.com\\\/#organization\"},\"potentialAction\":[{\"@type\":\"SearchAction\",\"target\":{\"@type\":\"EntryPoint\",\"urlTemplate\":\"https:\\\/\\\/www.mentaymora.com\\\/?s={search_term_string}\"},\"query-input\":{\"@type\":\"PropertyValueSpecification\",\"valueRequired\":true,\"valueName\":\"search_term_string\"}}],\"inLanguage\":\"es\"},{\"@type\":\"Organization\",\"@id\":\"https:\\\/\\\/www.mentaymora.com\\\/#organization\",\"name\":\"Menta y Mora\",\"url\":\"https:\\\/\\\/www.mentaymora.com\\\/\",\"logo\":{\"@type\":\"ImageObject\",\"inLanguage\":\"es\",\"@id\":\"https:\\\/\\\/www.mentaymora.com\\\/#\\\/schema\\\/logo\\\/image\\\/\",\"url\":\"https:\\\/\\\/www.mentaymora.com\\\/wp-content\\\/uploads\\\/2021\\\/07\\\/Logo.jpg\",\"contentUrl\":\"https:\\\/\\\/www.mentaymora.com\\\/wp-content\\\/uploads\\\/2021\\\/07\\\/Logo.jpg\",\"width\":1172,\"height\":1172,\"caption\":\"Menta y Mora\"},\"image\":{\"@id\":\"https:\\\/\\\/www.mentaymora.com\\\/#\\\/schema\\\/logo\\\/image\\\/\"},\"sameAs\":[\"https:\\\/\\\/es-es.facebook.com\\\/MentayMora\\\/\",\"https:\\\/\\\/www.instagram.com\\\/mentaymora.illescas\\\/?hl=es\",\"https:\\\/\\\/www.youtube.com\\\/channel\\\/UCuMMtdck_1XS-MyW6ZnBAlw\"]}]}<\/script>\n<!-- \/ Yoast SEO plugin. -->","yoast_head_json":{"title":"Canastilla Reci\u00e9n Nacido - Modelo Rafael personalizada - menta y mora -","description":"Canastilla Reci\u00e9n Nacido - Modelo Rafael El contenido de la canastilla es: Cesta a juego forrada en tela. Cosm\u00e9tica ZIAJA: Gel de Ba\u00f1o 270ml. Leche","robots":{"index":"index","follow":"follow","max-snippet":"max-snippet:-1","max-image-preview":"max-image-preview:large","max-video-preview":"max-video-preview:-1"},"canonical":"https:\/\/www.mentaymora.com\/index.php\/producto\/canastilla-recien-nacido-modelo-rafael\/","og_locale":"es_ES","og_type":"article","og_title":"Canastilla Reci\u00e9n Nacido - Modelo Rafael personalizada - menta y mora -","og_description":"Canastilla Reci\u00e9n Nacido - Modelo Rafael El contenido de la canastilla es: Cesta a juego forrada en tela. Cosm\u00e9tica ZIAJA: Gel de Ba\u00f1o 270ml. Leche","og_url":"https:\/\/www.mentaymora.com\/index.php\/producto\/canastilla-recien-nacido-modelo-rafael\/","og_site_name":"Menta y Mora","article_publisher":"https:\/\/es-es.facebook.com\/MentayMora\/","article_modified_time":"2023-10-14T06:07:27+00:00","og_image":[{"width":450,"height":600,"url":"https:\/\/www.mentaymora.com\/wp-content\/uploads\/2023\/10\/Canastilla-Rafael-1.jpg","type":"image\/jpeg"}],"twitter_card":"summary_large_image","twitter_misc":{"Tiempo de lectura":"1 minuto"},"schema":{"@context":"https:\/\/schema.org","@graph":[{"@type":"WebPage","@id":"https:\/\/www.mentaymora.com\/index.php\/producto\/canastilla-recien-nacido-modelo-rafael\/","url":"https:\/\/www.mentaymora.com\/index.php\/producto\/canastilla-recien-nacido-modelo-rafael\/","name":"Canastilla Reci\u00e9n Nacido - Modelo Rafael personalizada - menta y mora -","isPartOf":{"@id":"https:\/\/www.mentaymora.com\/#website"},"primaryImageOfPage":{"@id":"https:\/\/www.mentaymora.com\/index.php\/producto\/canastilla-recien-nacido-modelo-rafael\/#primaryimage"},"image":{"@id":"https:\/\/www.mentaymora.com\/index.php\/producto\/canastilla-recien-nacido-modelo-rafael\/#primaryimage"},"thumbnailUrl":"https:\/\/www.mentaymora.com\/wp-content\/uploads\/2023\/10\/Canastilla-Rafael-1.jpg","datePublished":"2023-10-13T15:56:03+00:00","dateModified":"2023-10-14T06:07:27+00:00","description":"Canastilla Reci\u00e9n Nacido - Modelo Rafael El contenido de la canastilla es: Cesta a juego forrada en tela. Cosm\u00e9tica ZIAJA: Gel de Ba\u00f1o 270ml. Leche","breadcrumb":{"@id":"https:\/\/www.mentaymora.com\/index.php\/producto\/canastilla-recien-nacido-modelo-rafael\/#breadcrumb"},"inLanguage":"es","potentialAction":[{"@type":"ReadAction","target":["https:\/\/www.mentaymora.com\/index.php\/producto\/canastilla-recien-nacido-modelo-rafael\/"]}]},{"@type":"ImageObject","inLanguage":"es","@id":"https:\/\/www.mentaymora.com\/index.php\/producto\/canastilla-recien-nacido-modelo-rafael\/#primaryimage","url":"https:\/\/www.mentaymora.com\/wp-content\/uploads\/2023\/10\/Canastilla-Rafael-1.jpg","contentUrl":"https:\/\/www.mentaymora.com\/wp-content\/uploads\/2023\/10\/Canastilla-Rafael-1.jpg","width":450,"height":600,"caption":"Canastilla Rafael 1"},{"@type":"BreadcrumbList","@id":"https:\/\/www.mentaymora.com\/index.php\/producto\/canastilla-recien-nacido-modelo-rafael\/#breadcrumb","itemListElement":[{"@type":"ListItem","position":1,"name":"Portada","item":"https:\/\/www.mentaymora.com\/"},{"@type":"ListItem","position":2,"name":"Productos","item":"https:\/\/www.mentaymora.com\/index.php\/tienda\/"},{"@type":"ListItem","position":3,"name":"Canastilla Reci\u00e9n Nacido &#8211; Modelo Rafael"}]},{"@type":"WebSite","@id":"https:\/\/www.mentaymora.com\/#website","url":"https:\/\/www.mentaymora.com\/","name":"Menta y Mora","description":"Regalos y Complementos","publisher":{"@id":"https:\/\/www.mentaymora.com\/#organization"},"potentialAction":[{"@type":"SearchAction","target":{"@type":"EntryPoint","urlTemplate":"https:\/\/www.mentaymora.com\/?s={search_term_string}"},"query-input":{"@type":"PropertyValueSpecification","valueRequired":true,"valueName":"search_term_string"}}],"inLanguage":"es"},{"@type":"Organization","@id":"https:\/\/www.mentaymora.com\/#organization","name":"Menta y Mora","url":"https:\/\/www.mentaymora.com\/","logo":{"@type":"ImageObject","inLanguage":"es","@id":"https:\/\/www.mentaymora.com\/#\/schema\/logo\/image\/","url":"https:\/\/www.mentaymora.com\/wp-content\/uploads\/2021\/07\/Logo.jpg","contentUrl":"https:\/\/www.mentaymora.com\/wp-content\/uploads\/2021\/07\/Logo.jpg","width":1172,"height":1172,"caption":"Menta y Mora"},"image":{"@id":"https:\/\/www.mentaymora.com\/#\/schema\/logo\/image\/"},"sameAs":["https:\/\/es-es.facebook.com\/MentayMora\/","https:\/\/www.instagram.com\/mentaymora.illescas\/?hl=es","https:\/\/www.youtube.com\/channel\/UCuMMtdck_1XS-MyW6ZnBAlw"]}]}},"_links":{"self":[{"href":"https:\/\/www.mentaymora.com\/index.php\/wp-json\/wp\/v2\/product\/12750","targetHints":{"allow":["GET"]}}],"collection":[{"href":"https:\/\/www.mentaymora.com\/index.php\/wp-json\/wp\/v2\/product"}],"about":[{"href":"https:\/\/www.mentaymora.com\/index.php\/wp-json\/wp\/v2\/types\/product"}],"replies":[{"embeddable":true,"href":"https:\/\/www.mentaymora.com\/index.php\/wp-json\/wp\/v2\/comments?post=12750"}],"wp:featuredmedia":[{"embeddable":true,"href":"https:\/\/www.mentaymora.com\/index.php\/wp-json\/wp\/v2\/media\/12759"}],"wp:attachment":[{"href":"https:\/\/www.mentaymora.com\/index.php\/wp-json\/wp\/v2\/media?parent=12750"}],"wp:term":[{"taxonomy":"product_brand","embeddable":true,"href":"https:\/\/www.mentaymora.com\/index.php\/wp-json\/wp\/v2\/product_brand?post=12750"},{"taxonomy":"product_cat","embeddable":true,"href":"https:\/\/www.mentaymora.com\/index.php\/wp-json\/wp\/v2\/product_cat?post=12750"},{"taxonomy":"product_tag","embeddable":true,"href":"https:\/\/www.mentaymora.com\/index.php\/wp-json\/wp\/v2\/product_tag?post=12750"}],"curies":[{"name":"wp","href":"https:\/\/api.w.org\/{rel}","templated":true}]}}