{"id":12901,"date":"2023-11-05T16:59:06","date_gmt":"2023-11-05T14:59:06","guid":{"rendered":"https:\/\/www.mentaymora.com\/?post_type=product&#038;p=12901"},"modified":"2024-01-14T10:39:05","modified_gmt":"2024-01-14T08:39:05","slug":"chocolate-a-la-taza-en-polvo-intenso-180g-simon-coll","status":"publish","type":"product","link":"https:\/\/www.mentaymora.com\/index.php\/producto\/chocolate-a-la-taza-en-polvo-intenso-180g-simon-coll\/","title":{"rendered":"Chocolate a la taza en polvo intenso 180g &#8211; Sim\u00f3n Coll"},"content":{"rendered":"<p>Chocolate a la taza en polvo intenso 180g &#8211; Sim\u00f3n Coll<\/p>\n<p>La alegr\u00eda de vivir es estar con los que m\u00e1s quieres.<\/p>\n<p>Construye memorias entre manteles con el sabor del\u00a0<b>chocolate a la taza<\/b>\u00a0Sim\u00f3n Coll.\u00a0<\/p>\n<p><b>Chocolate a la taza en polvo<\/b>\u00a0con un suave sabor a cacao y un ligero toque de canela.<\/p>\n<p>Convierte las tardes de fin semana en ese momento tan deseado con un\u00a0<b>chocolate caliente<\/b>\u00a0Sim\u00f3n Coll.<\/p>\n<p><strong>Peso<\/strong>: 180g.<\/p>\n<p><b>INGREDIENTES: <\/b>Az\u00facar, Pasta de cacao (24%), Almid\u00f3n de ma\u00edz, Cacao desgrasado en polvo (2%),<\/p>\n<p>Manteca de cacao (2%) y canela. Cacao: 28% m\u00ednimo. Para su consumo cocido<\/p>\n<p>Puede contener trazas de LECHE, SOJA y FRUTOS DE C\u00c1SCARA<\/p>\n<p><strong>Hecho en Espa\u00f1a<\/strong><\/p>\n<p><strong>CONSERVACI\u00d3N:<\/strong> Mantener en lugar fresco y seco alejado de la luz.<\/p>\n<p><a href=\"https:\/\/www.mentaymora.com\/\">Menta y Mora<\/a> Te Enamora.<\/p>\n<p>S\u00edguenos en nuestras RRSS (<a href=\"https:\/\/es-es.facebook.com\/MentayMora\/\">Facebook<\/a>\u00a0e\u00a0<a href=\"https:\/\/www.instagram.com\/mentaymora.illescas\/?hl=es\">Instagram<\/a>)<\/p>\n<p>Si tienes alguna consulta,\u00a0<a href=\"mailto:%20info@mentaymora.com\">preg\u00fantanos<\/a>.<\/p>\n","protected":false},"excerpt":{"rendered":"<p>La alegr\u00eda de vivir es estar con los que m\u00e1s quieres.<\/p>\n<p>Construye memorias entre manteles con el sabor del\u00a0<b>chocolate a la taza<\/b>\u00a0Sim\u00f3n Coll.\u00a0<\/p>\n<p><b>Chocolate a la taza en polvo<\/b>\u00a0con un suave sabor a cacao y un ligero toque de canela.<\/p>\n<p>Convierte las tardes de fin semana en ese momento tan deseado con un\u00a0<b>chocolate caliente<\/b>\u00a0Sim\u00f3n Coll.<\/p>\n<p><strong>Peso<\/strong>: 180g.<\/p>\n<p><b>INGREDIENTES: <\/b>Az\u00facar, Pasta de cacao (24%), Almid\u00f3n de ma\u00edz, Cacao desgrasado en polvo (2%),<\/p>\n<p>Manteca de cacao (2%) y canela. Cacao: 28% m\u00ednimo. Para su consumo cocido<\/p>\n<p>Puede contener trazas de LECHE, SOJA y FRUTOS DE C\u00c1SCARA<\/p>\n<p><strong>Hecho en Espa\u00f1a<\/strong><\/p>\n<p><strong>CONSERVACI\u00d3N:<\/strong> Mantener en lugar fresco y seco alejado de la luz.<\/p>\n","protected":false},"featured_media":12903,"comment_status":"open","ping_status":"closed","template":"","meta":{"_acf_changed":false,"_joinchat":[]},"product_brand":[],"product_cat":[1027],"product_tag":[397,1028],"class_list":{"0":"post-12901","1":"product","2":"type-product","3":"status-publish","4":"has-post-thumbnail","6":"product_cat-chocolate-pecados","7":"product_tag-chocolate","8":"product_tag-pecados","9":"latest_post","11":"first","12":"instock","13":"taxable","14":"shipping-taxable","15":"purchasable","16":"product-type-simple"},"acf":[],"yoast_head":"<!-- This site is optimized with the Yoast SEO plugin v27.3 - https:\/\/yoast.com\/product\/yoast-seo-wordpress\/ -->\n<title>Chocolate a la taza en polvo intenso 180g - Sim\u00f3n Coll - Menta y Mora<\/title>\n<meta name=\"description\" content=\"Chocolate a la taza en polvo intenso 180g - Sim\u00f3n Coll La alegr\u00eda de vivir es estar con los que m\u00e1s quieres. Construye memorias entre manteles con el sabor\" \/>\n<meta name=\"robots\" content=\"index, follow, max-snippet:-1, max-image-preview:large, max-video-preview:-1\" \/>\n<link rel=\"canonical\" href=\"https:\/\/www.mentaymora.com\/index.php\/producto\/chocolate-a-la-taza-en-polvo-intenso-180g-simon-coll\/\" \/>\n<meta property=\"og:locale\" content=\"es_ES\" \/>\n<meta property=\"og:type\" content=\"article\" \/>\n<meta property=\"og:title\" content=\"Chocolate a la taza en polvo intenso 180g - Sim\u00f3n Coll - Menta y Mora\" \/>\n<meta property=\"og:description\" content=\"Chocolate a la taza en polvo intenso 180g - Sim\u00f3n Coll La alegr\u00eda de vivir es estar con los que m\u00e1s quieres. Construye memorias entre manteles con el sabor\" \/>\n<meta property=\"og:url\" content=\"https:\/\/www.mentaymora.com\/index.php\/producto\/chocolate-a-la-taza-en-polvo-intenso-180g-simon-coll\/\" \/>\n<meta property=\"og:site_name\" content=\"Menta y Mora\" \/>\n<meta property=\"article:publisher\" content=\"https:\/\/es-es.facebook.com\/MentayMora\/\" \/>\n<meta property=\"article:modified_time\" content=\"2024-01-14T08:39:05+00:00\" \/>\n<meta property=\"og:image\" content=\"https:\/\/www.mentaymora.com\/wp-content\/uploads\/2023\/11\/Chocolate-a-la-taza-en-polvo-intenso-180g-Simon-Coll.jpeg\" \/>\n\t<meta property=\"og:image:width\" content=\"600\" \/>\n\t<meta property=\"og:image:height\" content=\"600\" \/>\n\t<meta property=\"og:image:type\" content=\"image\/jpeg\" \/>\n<meta name=\"twitter:card\" content=\"summary_large_image\" \/>\n<meta name=\"twitter:label1\" content=\"Tiempo de lectura\" \/>\n\t<meta name=\"twitter:data1\" content=\"1 minuto\" \/>\n<script type=\"application\/ld+json\" class=\"yoast-schema-graph\">{\"@context\":\"https:\\\/\\\/schema.org\",\"@graph\":[{\"@type\":\"WebPage\",\"@id\":\"https:\\\/\\\/www.mentaymora.com\\\/index.php\\\/producto\\\/chocolate-a-la-taza-en-polvo-intenso-180g-simon-coll\\\/\",\"url\":\"https:\\\/\\\/www.mentaymora.com\\\/index.php\\\/producto\\\/chocolate-a-la-taza-en-polvo-intenso-180g-simon-coll\\\/\",\"name\":\"Chocolate a la taza en polvo intenso 180g - Sim\u00f3n Coll - Menta y Mora\",\"isPartOf\":{\"@id\":\"https:\\\/\\\/www.mentaymora.com\\\/#website\"},\"primaryImageOfPage\":{\"@id\":\"https:\\\/\\\/www.mentaymora.com\\\/index.php\\\/producto\\\/chocolate-a-la-taza-en-polvo-intenso-180g-simon-coll\\\/#primaryimage\"},\"image\":{\"@id\":\"https:\\\/\\\/www.mentaymora.com\\\/index.php\\\/producto\\\/chocolate-a-la-taza-en-polvo-intenso-180g-simon-coll\\\/#primaryimage\"},\"thumbnailUrl\":\"https:\\\/\\\/www.mentaymora.com\\\/wp-content\\\/uploads\\\/2023\\\/11\\\/Chocolate-a-la-taza-en-polvo-intenso-180g-Simon-Coll.jpeg\",\"datePublished\":\"2023-11-05T14:59:06+00:00\",\"dateModified\":\"2024-01-14T08:39:05+00:00\",\"description\":\"Chocolate a la taza en polvo intenso 180g - Sim\u00f3n Coll La alegr\u00eda de vivir es estar con los que m\u00e1s quieres. Construye memorias entre manteles con el sabor\",\"breadcrumb\":{\"@id\":\"https:\\\/\\\/www.mentaymora.com\\\/index.php\\\/producto\\\/chocolate-a-la-taza-en-polvo-intenso-180g-simon-coll\\\/#breadcrumb\"},\"inLanguage\":\"es\",\"potentialAction\":[{\"@type\":\"ReadAction\",\"target\":[\"https:\\\/\\\/www.mentaymora.com\\\/index.php\\\/producto\\\/chocolate-a-la-taza-en-polvo-intenso-180g-simon-coll\\\/\"]}]},{\"@type\":\"ImageObject\",\"inLanguage\":\"es\",\"@id\":\"https:\\\/\\\/www.mentaymora.com\\\/index.php\\\/producto\\\/chocolate-a-la-taza-en-polvo-intenso-180g-simon-coll\\\/#primaryimage\",\"url\":\"https:\\\/\\\/www.mentaymora.com\\\/wp-content\\\/uploads\\\/2023\\\/11\\\/Chocolate-a-la-taza-en-polvo-intenso-180g-Simon-Coll.jpeg\",\"contentUrl\":\"https:\\\/\\\/www.mentaymora.com\\\/wp-content\\\/uploads\\\/2023\\\/11\\\/Chocolate-a-la-taza-en-polvo-intenso-180g-Simon-Coll.jpeg\",\"width\":600,\"height\":600,\"caption\":\"Chocolate a la taza en polvo intenso 180g Sim\u00f3n Coll\"},{\"@type\":\"BreadcrumbList\",\"@id\":\"https:\\\/\\\/www.mentaymora.com\\\/index.php\\\/producto\\\/chocolate-a-la-taza-en-polvo-intenso-180g-simon-coll\\\/#breadcrumb\",\"itemListElement\":[{\"@type\":\"ListItem\",\"position\":1,\"name\":\"Portada\",\"item\":\"https:\\\/\\\/www.mentaymora.com\\\/\"},{\"@type\":\"ListItem\",\"position\":2,\"name\":\"Productos\",\"item\":\"https:\\\/\\\/www.mentaymora.com\\\/index.php\\\/tienda\\\/\"},{\"@type\":\"ListItem\",\"position\":3,\"name\":\"Chocolate a la taza en polvo intenso 180g &#8211; Sim\u00f3n Coll\"}]},{\"@type\":\"WebSite\",\"@id\":\"https:\\\/\\\/www.mentaymora.com\\\/#website\",\"url\":\"https:\\\/\\\/www.mentaymora.com\\\/\",\"name\":\"Menta y Mora\",\"description\":\"Regalos y Complementos\",\"publisher\":{\"@id\":\"https:\\\/\\\/www.mentaymora.com\\\/#organization\"},\"potentialAction\":[{\"@type\":\"SearchAction\",\"target\":{\"@type\":\"EntryPoint\",\"urlTemplate\":\"https:\\\/\\\/www.mentaymora.com\\\/?s={search_term_string}\"},\"query-input\":{\"@type\":\"PropertyValueSpecification\",\"valueRequired\":true,\"valueName\":\"search_term_string\"}}],\"inLanguage\":\"es\"},{\"@type\":\"Organization\",\"@id\":\"https:\\\/\\\/www.mentaymora.com\\\/#organization\",\"name\":\"Menta y Mora\",\"url\":\"https:\\\/\\\/www.mentaymora.com\\\/\",\"logo\":{\"@type\":\"ImageObject\",\"inLanguage\":\"es\",\"@id\":\"https:\\\/\\\/www.mentaymora.com\\\/#\\\/schema\\\/logo\\\/image\\\/\",\"url\":\"https:\\\/\\\/www.mentaymora.com\\\/wp-content\\\/uploads\\\/2021\\\/07\\\/Logo.jpg\",\"contentUrl\":\"https:\\\/\\\/www.mentaymora.com\\\/wp-content\\\/uploads\\\/2021\\\/07\\\/Logo.jpg\",\"width\":1172,\"height\":1172,\"caption\":\"Menta y Mora\"},\"image\":{\"@id\":\"https:\\\/\\\/www.mentaymora.com\\\/#\\\/schema\\\/logo\\\/image\\\/\"},\"sameAs\":[\"https:\\\/\\\/es-es.facebook.com\\\/MentayMora\\\/\",\"https:\\\/\\\/www.instagram.com\\\/mentaymora.illescas\\\/?hl=es\",\"https:\\\/\\\/www.youtube.com\\\/channel\\\/UCuMMtdck_1XS-MyW6ZnBAlw\"]}]}<\/script>\n<!-- \/ Yoast SEO plugin. -->","yoast_head_json":{"title":"Chocolate a la taza en polvo intenso 180g - Sim\u00f3n Coll - Menta y Mora","description":"Chocolate a la taza en polvo intenso 180g - Sim\u00f3n Coll La alegr\u00eda de vivir es estar con los que m\u00e1s quieres. Construye memorias entre manteles con el sabor","robots":{"index":"index","follow":"follow","max-snippet":"max-snippet:-1","max-image-preview":"max-image-preview:large","max-video-preview":"max-video-preview:-1"},"canonical":"https:\/\/www.mentaymora.com\/index.php\/producto\/chocolate-a-la-taza-en-polvo-intenso-180g-simon-coll\/","og_locale":"es_ES","og_type":"article","og_title":"Chocolate a la taza en polvo intenso 180g - Sim\u00f3n Coll - Menta y Mora","og_description":"Chocolate a la taza en polvo intenso 180g - Sim\u00f3n Coll La alegr\u00eda de vivir es estar con los que m\u00e1s quieres. Construye memorias entre manteles con el sabor","og_url":"https:\/\/www.mentaymora.com\/index.php\/producto\/chocolate-a-la-taza-en-polvo-intenso-180g-simon-coll\/","og_site_name":"Menta y Mora","article_publisher":"https:\/\/es-es.facebook.com\/MentayMora\/","article_modified_time":"2024-01-14T08:39:05+00:00","og_image":[{"width":600,"height":600,"url":"https:\/\/www.mentaymora.com\/wp-content\/uploads\/2023\/11\/Chocolate-a-la-taza-en-polvo-intenso-180g-Simon-Coll.jpeg","type":"image\/jpeg"}],"twitter_card":"summary_large_image","twitter_misc":{"Tiempo de lectura":"1 minuto"},"schema":{"@context":"https:\/\/schema.org","@graph":[{"@type":"WebPage","@id":"https:\/\/www.mentaymora.com\/index.php\/producto\/chocolate-a-la-taza-en-polvo-intenso-180g-simon-coll\/","url":"https:\/\/www.mentaymora.com\/index.php\/producto\/chocolate-a-la-taza-en-polvo-intenso-180g-simon-coll\/","name":"Chocolate a la taza en polvo intenso 180g - Sim\u00f3n Coll - Menta y Mora","isPartOf":{"@id":"https:\/\/www.mentaymora.com\/#website"},"primaryImageOfPage":{"@id":"https:\/\/www.mentaymora.com\/index.php\/producto\/chocolate-a-la-taza-en-polvo-intenso-180g-simon-coll\/#primaryimage"},"image":{"@id":"https:\/\/www.mentaymora.com\/index.php\/producto\/chocolate-a-la-taza-en-polvo-intenso-180g-simon-coll\/#primaryimage"},"thumbnailUrl":"https:\/\/www.mentaymora.com\/wp-content\/uploads\/2023\/11\/Chocolate-a-la-taza-en-polvo-intenso-180g-Simon-Coll.jpeg","datePublished":"2023-11-05T14:59:06+00:00","dateModified":"2024-01-14T08:39:05+00:00","description":"Chocolate a la taza en polvo intenso 180g - Sim\u00f3n Coll La alegr\u00eda de vivir es estar con los que m\u00e1s quieres. Construye memorias entre manteles con el sabor","breadcrumb":{"@id":"https:\/\/www.mentaymora.com\/index.php\/producto\/chocolate-a-la-taza-en-polvo-intenso-180g-simon-coll\/#breadcrumb"},"inLanguage":"es","potentialAction":[{"@type":"ReadAction","target":["https:\/\/www.mentaymora.com\/index.php\/producto\/chocolate-a-la-taza-en-polvo-intenso-180g-simon-coll\/"]}]},{"@type":"ImageObject","inLanguage":"es","@id":"https:\/\/www.mentaymora.com\/index.php\/producto\/chocolate-a-la-taza-en-polvo-intenso-180g-simon-coll\/#primaryimage","url":"https:\/\/www.mentaymora.com\/wp-content\/uploads\/2023\/11\/Chocolate-a-la-taza-en-polvo-intenso-180g-Simon-Coll.jpeg","contentUrl":"https:\/\/www.mentaymora.com\/wp-content\/uploads\/2023\/11\/Chocolate-a-la-taza-en-polvo-intenso-180g-Simon-Coll.jpeg","width":600,"height":600,"caption":"Chocolate a la taza en polvo intenso 180g Sim\u00f3n Coll"},{"@type":"BreadcrumbList","@id":"https:\/\/www.mentaymora.com\/index.php\/producto\/chocolate-a-la-taza-en-polvo-intenso-180g-simon-coll\/#breadcrumb","itemListElement":[{"@type":"ListItem","position":1,"name":"Portada","item":"https:\/\/www.mentaymora.com\/"},{"@type":"ListItem","position":2,"name":"Productos","item":"https:\/\/www.mentaymora.com\/index.php\/tienda\/"},{"@type":"ListItem","position":3,"name":"Chocolate a la taza en polvo intenso 180g &#8211; Sim\u00f3n Coll"}]},{"@type":"WebSite","@id":"https:\/\/www.mentaymora.com\/#website","url":"https:\/\/www.mentaymora.com\/","name":"Menta y Mora","description":"Regalos y Complementos","publisher":{"@id":"https:\/\/www.mentaymora.com\/#organization"},"potentialAction":[{"@type":"SearchAction","target":{"@type":"EntryPoint","urlTemplate":"https:\/\/www.mentaymora.com\/?s={search_term_string}"},"query-input":{"@type":"PropertyValueSpecification","valueRequired":true,"valueName":"search_term_string"}}],"inLanguage":"es"},{"@type":"Organization","@id":"https:\/\/www.mentaymora.com\/#organization","name":"Menta y Mora","url":"https:\/\/www.mentaymora.com\/","logo":{"@type":"ImageObject","inLanguage":"es","@id":"https:\/\/www.mentaymora.com\/#\/schema\/logo\/image\/","url":"https:\/\/www.mentaymora.com\/wp-content\/uploads\/2021\/07\/Logo.jpg","contentUrl":"https:\/\/www.mentaymora.com\/wp-content\/uploads\/2021\/07\/Logo.jpg","width":1172,"height":1172,"caption":"Menta y Mora"},"image":{"@id":"https:\/\/www.mentaymora.com\/#\/schema\/logo\/image\/"},"sameAs":["https:\/\/es-es.facebook.com\/MentayMora\/","https:\/\/www.instagram.com\/mentaymora.illescas\/?hl=es","https:\/\/www.youtube.com\/channel\/UCuMMtdck_1XS-MyW6ZnBAlw"]}]}},"_links":{"self":[{"href":"https:\/\/www.mentaymora.com\/index.php\/wp-json\/wp\/v2\/product\/12901","targetHints":{"allow":["GET"]}}],"collection":[{"href":"https:\/\/www.mentaymora.com\/index.php\/wp-json\/wp\/v2\/product"}],"about":[{"href":"https:\/\/www.mentaymora.com\/index.php\/wp-json\/wp\/v2\/types\/product"}],"replies":[{"embeddable":true,"href":"https:\/\/www.mentaymora.com\/index.php\/wp-json\/wp\/v2\/comments?post=12901"}],"wp:featuredmedia":[{"embeddable":true,"href":"https:\/\/www.mentaymora.com\/index.php\/wp-json\/wp\/v2\/media\/12903"}],"wp:attachment":[{"href":"https:\/\/www.mentaymora.com\/index.php\/wp-json\/wp\/v2\/media?parent=12901"}],"wp:term":[{"taxonomy":"product_brand","embeddable":true,"href":"https:\/\/www.mentaymora.com\/index.php\/wp-json\/wp\/v2\/product_brand?post=12901"},{"taxonomy":"product_cat","embeddable":true,"href":"https:\/\/www.mentaymora.com\/index.php\/wp-json\/wp\/v2\/product_cat?post=12901"},{"taxonomy":"product_tag","embeddable":true,"href":"https:\/\/www.mentaymora.com\/index.php\/wp-json\/wp\/v2\/product_tag?post=12901"}],"curies":[{"name":"wp","href":"https:\/\/api.w.org\/{rel}","templated":true}]}}