{"id":12919,"date":"2023-11-05T17:46:32","date_gmt":"2023-11-05T15:46:32","guid":{"rendered":"https:\/\/www.mentaymora.com\/?post_type=product&#038;p=12919"},"modified":"2023-11-05T17:51:45","modified_gmt":"2023-11-05T15:51:45","slug":"crema-facial-antimanchas-50ml-labnatur","status":"publish","type":"product","link":"https:\/\/www.mentaymora.com\/index.php\/producto\/crema-facial-antimanchas-50ml-labnatur\/","title":{"rendered":"Crema Facial Antimanchas 50ml Labnatur"},"content":{"rendered":"<div>\n<p>Crema Facial Antimanchas 50ml Labnatur<\/p>\n<div id=\"x_product-description-short-50273\">\n<div>\n<p>La\u00a0<strong>Crema Facial Antimanchas Labnatur\u00a0<\/strong>es un tratamiento despigmentante para\u00a0<strong>eliminar las manchas de la piel<\/strong>\u00a0producidas por los\u00a0<strong>rayos UV<\/strong>, cicatrices, edad, hormonas y otras causas. Tambi\u00e9n\u00a0<strong>reduce marcas y cicatrices<\/strong>. Potente efecto Anti-Aging. Con aplicaciones diarias\u00a0por la\u00a0<strong>ma\u00f1ana y noche<\/strong>,\u00a0<strong>repara la piel<\/strong>, mejora la apariencia y nutre,\u00a0<strong>aporta luminosidad para prevenir la aparici\u00f3n de manchas y el envejecimiento prematuro.\u00a0<\/strong>Respetuoso con la piel y con factor de protecci\u00f3n solar 15. Re\u00fane las propiedades de los principios activos que lo componen: Niacinamida, Arbutina, \u00c1cido K\u00f3jico, Regaliz, Karit\u00e9, Vitamina E, Aceites de Cacay y Soja.<\/p>\n<ul>\n<li>La <strong>Niacinamida<\/strong>, aumenta la capacidad antioxidante de la piel. Mejora la barrera protectora de nuestra piel, disminuyendo el enrojecimiento y la despigemntaci\u00f3n de todo tipo de manchas.\u00a0<strong>Unifica el tono<\/strong> de la piel.<\/li>\n<li>La <strong>Arbutina<\/strong>, act\u00faa sobre la pigmentaci\u00f3n existente para blanquear la piel y\u00a0<strong>reduce las manchas en la cara causadas<\/strong> por las quemaduras del sol.<\/li>\n<li>El <strong>\u00c1cido K\u00f3jico<\/strong>, es un potente antioxidante que combate los efectos de los radicales libres en la piel.<\/li>\n<li>La <strong>Regaliz\u00a0<\/strong>regula la pigmentaci\u00f3n de la piel,\u00a0<strong>reduce las manchas oscuras<\/strong> e igualando el tono. Adem\u00e1s tiene un gran poder antioxidante. Ayuda a calmar la inflamaci\u00f3n y el enrojecimiento de la piel.<\/li>\n<li>La <strong>Manteca de Karit\u00e9<\/strong>\u00a0recubre la piel con una pel\u00edcula invisible que\u00a0<strong>evita la deshidrataci\u00f3n y la protege de las agresiones externas<\/strong>, como el sol, el viento o los cambios bruscos de temperatura.<\/li>\n<li>La<strong>\u00a0Vitamina E<\/strong>\u00a0es considerada la vitamina de la juventud debido a sus beneficios antiedad y antioxidantes, que\u00a0<strong>aumentan la elasticidad de la piel y ayudan a difuminar las imperfecciones<\/strong>. Gran capacidad de recuperaci\u00f3n y renovaci\u00f3n de las c\u00e9lulas.<\/li>\n<li>El <strong>Aceite de Cacay\u00a0<\/strong>destaca por tener un enorme efecto antiedad. Tiene un efecto reparador en la piel que contribuye a\u00a0<strong>eliminar las cicatrices y marcas de forma permanente<\/strong>.<\/li>\n<li>Por \u00faltimo, el <strong>Aceite de Soja\u00a0<\/strong>destaca por sus propiedades regeneradoras que estimulan la s\u00edntesis de col\u00e1geno, elastina y otras prote\u00ednas.<\/li>\n<\/ul>\n<h6><em>Nuestra Crema Antimanchas de Labnatur\u00a0<\/em><strong>pertenece a nuestra l\u00ednea de cosm\u00e9tica natural<\/strong><em>. Producto natural y vegano. Sin parabenos.\u00a0Envase de cristal 100% reciclado. Apto para todo tipo de pieles. Testado dermatol\u00f3gicamente. Producto fabricado en Espa\u00f1a.<\/em><\/h6>\n<p><b>Modo de Empleo<\/b>: Aplicar realizando un ligero masaje hasta su perfecta absorci\u00f3n. Evitar el contacto con los ojos. Solo uso externo.<\/p>\n<p><b>INGREDIENTES: <\/b><em>Aqua, Glycerin, Ethylhexyl Salicylate, Niacinamide, Caryodendron Orinocense Seed Oil, Glycine Soja Oil, Cetearyl Alcohol, Octocrylene, Hydrogenated Ethylhexyl Olivate, Glyceryl Stearate, Glyceryl Stearate Citrate, Butyl Methoxydibenzoylmethane, Ethylhexyl Isononanoate, Isoamyl p-Methoxycinnamate, Benzyl Aolcohol, Alpha Arbutin, Butyrospermum Parkii Butter, Tocopherol, Hydrogenated Olive Oil Unsaponifiables, Kojic Acid, Parfum, Carbomer, Glycyrrhiza Glabra (Licorice) Root Extract, Glyceryl Laurate, Sodium Hidroxide, Phytic Acid, Sodium Metabisulfite, Potassium Sorbate, Sodium Benzoate, Alpha-Isomethyl Ionone, Benzyl Salicylate, Citronellol, Geraniol, Hexyl Cinnamal, Hydroxycitronellal, Linalool.<\/em><\/p>\n<\/div>\n<p><strong>Formato:<\/strong> 30ml.<\/p>\n<\/div>\n<p class=\"x_MsoNormal\"><a href=\"https:\/\/www.mentaymora.com\/\">Menta y Mora<\/a> Te Enamora.<\/p>\n<\/div>\n<p>S\u00edguenos en nuestras RRSS (<a href=\"https:\/\/es-es.facebook.com\/MentayMora\/\">Facebook<\/a>\u00a0e\u00a0<a href=\"https:\/\/www.instagram.com\/mentaymora.illescas\/?hl=es\">Instagram<\/a>)<\/p>\n<p>Si tienes alguna consulta,\u00a0<a href=\"mailto:%20info@mentaymora.com\">preg\u00fantanos<\/a>.<\/p>\n","protected":false},"excerpt":{"rendered":"<div id=\"x_product-description-short-50273\">\n<p>La\u00a0<strong>Crema Facial Antimanchas Labnatur\u00a0<\/strong>es un tratamiento despigmentante para\u00a0<strong>eliminar las manchas de la piel<\/strong>\u00a0producidas por los\u00a0<strong>rayos UV<\/strong>, cicatrices, edad, hormonas y otras causas.<\/p>\n<ul>\n<li>Reduce las manchas visiblemente.<\/li>\n<li>Aumenta la elasticidad de la piel.<\/li>\n<li>Aplicar preferiblemente de d\u00eda.<\/li>\n<li>Con ingredientes naturales.<\/li>\n<li>Sin Al\u00e9rgenos.<\/li>\n<\/ul>\n<p><strong>Contenido:<\/strong> 50ml<\/p>\n<\/div>\n","protected":false},"featured_media":12921,"comment_status":"open","ping_status":"closed","template":"","meta":{"_acf_changed":false,"_joinchat":[]},"product_brand":[],"product_cat":[299,273,1005,801],"product_tag":[181],"class_list":{"0":"post-12919","1":"product","2":"type-product","3":"status-publish","4":"has-post-thumbnail","6":"product_cat-anti-aging-antiedad","7":"product_cat-cremas-faciales","8":"product_cat-labnatur-bio","9":"product_cat-novedades-cosmetica","10":"product_tag-crema-facial","11":"latest_post","13":"first","14":"instock","15":"taxable","16":"shipping-taxable","17":"purchasable","18":"product-type-simple"},"acf":[],"yoast_head":"<!-- This site is optimized with the Yoast SEO plugin v27.4 - https:\/\/yoast.com\/product\/yoast-seo-wordpress\/ -->\n<title>Crema Facial Antimanchas 50ml Labnatur - Menta y Mora<\/title>\n<meta name=\"description\" content=\"Crema Facial Antimanchas 50ml Labnatur La\u00a0Crema Facial Antimanchas Labnatur\u00a0es un tratamiento despigmentante para\u00a0eliminar las manchas\" \/>\n<meta name=\"robots\" content=\"index, follow, max-snippet:-1, max-image-preview:large, max-video-preview:-1\" \/>\n<link rel=\"canonical\" href=\"https:\/\/www.mentaymora.com\/index.php\/producto\/crema-facial-antimanchas-50ml-labnatur\/\" \/>\n<meta property=\"og:locale\" content=\"es_ES\" \/>\n<meta property=\"og:type\" content=\"article\" \/>\n<meta property=\"og:title\" content=\"Crema Facial Antimanchas 50ml Labnatur - Menta y Mora\" \/>\n<meta property=\"og:description\" content=\"Crema Facial Antimanchas 50ml Labnatur La\u00a0Crema Facial Antimanchas Labnatur\u00a0es un tratamiento despigmentante para\u00a0eliminar las manchas\" \/>\n<meta property=\"og:url\" content=\"https:\/\/www.mentaymora.com\/index.php\/producto\/crema-facial-antimanchas-50ml-labnatur\/\" \/>\n<meta property=\"og:site_name\" content=\"Menta y Mora\" \/>\n<meta property=\"article:publisher\" content=\"https:\/\/es-es.facebook.com\/MentayMora\/\" \/>\n<meta property=\"article:modified_time\" content=\"2023-11-05T15:51:45+00:00\" \/>\n<meta property=\"og:image\" content=\"https:\/\/www.mentaymora.com\/wp-content\/uploads\/2023\/11\/Crema-Facial-Antimanchas-50ml-Labnatur-1.jpg\" \/>\n\t<meta property=\"og:image:width\" content=\"600\" \/>\n\t<meta property=\"og:image:height\" content=\"600\" \/>\n\t<meta property=\"og:image:type\" content=\"image\/jpeg\" \/>\n<meta name=\"twitter:card\" content=\"summary_large_image\" \/>\n<meta name=\"twitter:label1\" content=\"Tiempo de lectura\" \/>\n\t<meta name=\"twitter:data1\" content=\"3 minutos\" \/>\n<script type=\"application\/ld+json\" class=\"yoast-schema-graph\">{\"@context\":\"https:\\\/\\\/schema.org\",\"@graph\":[{\"@type\":\"WebPage\",\"@id\":\"https:\\\/\\\/www.mentaymora.com\\\/index.php\\\/producto\\\/crema-facial-antimanchas-50ml-labnatur\\\/\",\"url\":\"https:\\\/\\\/www.mentaymora.com\\\/index.php\\\/producto\\\/crema-facial-antimanchas-50ml-labnatur\\\/\",\"name\":\"Crema Facial Antimanchas 50ml Labnatur - Menta y Mora\",\"isPartOf\":{\"@id\":\"https:\\\/\\\/www.mentaymora.com\\\/#website\"},\"primaryImageOfPage\":{\"@id\":\"https:\\\/\\\/www.mentaymora.com\\\/index.php\\\/producto\\\/crema-facial-antimanchas-50ml-labnatur\\\/#primaryimage\"},\"image\":{\"@id\":\"https:\\\/\\\/www.mentaymora.com\\\/index.php\\\/producto\\\/crema-facial-antimanchas-50ml-labnatur\\\/#primaryimage\"},\"thumbnailUrl\":\"https:\\\/\\\/www.mentaymora.com\\\/wp-content\\\/uploads\\\/2023\\\/11\\\/Crema-Facial-Antimanchas-50ml-Labnatur-1.jpg\",\"datePublished\":\"2023-11-05T15:46:32+00:00\",\"dateModified\":\"2023-11-05T15:51:45+00:00\",\"description\":\"Crema Facial Antimanchas 50ml Labnatur La\u00a0Crema Facial Antimanchas Labnatur\u00a0es un tratamiento despigmentante para\u00a0eliminar las manchas\",\"breadcrumb\":{\"@id\":\"https:\\\/\\\/www.mentaymora.com\\\/index.php\\\/producto\\\/crema-facial-antimanchas-50ml-labnatur\\\/#breadcrumb\"},\"inLanguage\":\"es\",\"potentialAction\":[{\"@type\":\"ReadAction\",\"target\":[\"https:\\\/\\\/www.mentaymora.com\\\/index.php\\\/producto\\\/crema-facial-antimanchas-50ml-labnatur\\\/\"]}]},{\"@type\":\"ImageObject\",\"inLanguage\":\"es\",\"@id\":\"https:\\\/\\\/www.mentaymora.com\\\/index.php\\\/producto\\\/crema-facial-antimanchas-50ml-labnatur\\\/#primaryimage\",\"url\":\"https:\\\/\\\/www.mentaymora.com\\\/wp-content\\\/uploads\\\/2023\\\/11\\\/Crema-Facial-Antimanchas-50ml-Labnatur-1.jpg\",\"contentUrl\":\"https:\\\/\\\/www.mentaymora.com\\\/wp-content\\\/uploads\\\/2023\\\/11\\\/Crema-Facial-Antimanchas-50ml-Labnatur-1.jpg\",\"width\":600,\"height\":600,\"caption\":\"Crema Facial Antimanchas 50ml Labnatur 1\"},{\"@type\":\"BreadcrumbList\",\"@id\":\"https:\\\/\\\/www.mentaymora.com\\\/index.php\\\/producto\\\/crema-facial-antimanchas-50ml-labnatur\\\/#breadcrumb\",\"itemListElement\":[{\"@type\":\"ListItem\",\"position\":1,\"name\":\"Portada\",\"item\":\"https:\\\/\\\/www.mentaymora.com\\\/\"},{\"@type\":\"ListItem\",\"position\":2,\"name\":\"Productos\",\"item\":\"https:\\\/\\\/www.mentaymora.com\\\/index.php\\\/tienda\\\/\"},{\"@type\":\"ListItem\",\"position\":3,\"name\":\"Crema Facial Antimanchas 50ml Labnatur\"}]},{\"@type\":\"WebSite\",\"@id\":\"https:\\\/\\\/www.mentaymora.com\\\/#website\",\"url\":\"https:\\\/\\\/www.mentaymora.com\\\/\",\"name\":\"Menta y Mora\",\"description\":\"Regalos y Complementos\",\"publisher\":{\"@id\":\"https:\\\/\\\/www.mentaymora.com\\\/#organization\"},\"potentialAction\":[{\"@type\":\"SearchAction\",\"target\":{\"@type\":\"EntryPoint\",\"urlTemplate\":\"https:\\\/\\\/www.mentaymora.com\\\/?s={search_term_string}\"},\"query-input\":{\"@type\":\"PropertyValueSpecification\",\"valueRequired\":true,\"valueName\":\"search_term_string\"}}],\"inLanguage\":\"es\"},{\"@type\":\"Organization\",\"@id\":\"https:\\\/\\\/www.mentaymora.com\\\/#organization\",\"name\":\"Menta y Mora\",\"url\":\"https:\\\/\\\/www.mentaymora.com\\\/\",\"logo\":{\"@type\":\"ImageObject\",\"inLanguage\":\"es\",\"@id\":\"https:\\\/\\\/www.mentaymora.com\\\/#\\\/schema\\\/logo\\\/image\\\/\",\"url\":\"https:\\\/\\\/www.mentaymora.com\\\/wp-content\\\/uploads\\\/2021\\\/07\\\/Logo.jpg\",\"contentUrl\":\"https:\\\/\\\/www.mentaymora.com\\\/wp-content\\\/uploads\\\/2021\\\/07\\\/Logo.jpg\",\"width\":1172,\"height\":1172,\"caption\":\"Menta y Mora\"},\"image\":{\"@id\":\"https:\\\/\\\/www.mentaymora.com\\\/#\\\/schema\\\/logo\\\/image\\\/\"},\"sameAs\":[\"https:\\\/\\\/es-es.facebook.com\\\/MentayMora\\\/\",\"https:\\\/\\\/www.instagram.com\\\/mentaymora.illescas\\\/?hl=es\",\"https:\\\/\\\/www.youtube.com\\\/channel\\\/UCuMMtdck_1XS-MyW6ZnBAlw\"]}]}<\/script>\n<!-- \/ Yoast SEO plugin. -->","yoast_head_json":{"title":"Crema Facial Antimanchas 50ml Labnatur - Menta y Mora","description":"Crema Facial Antimanchas 50ml Labnatur La\u00a0Crema Facial Antimanchas Labnatur\u00a0es un tratamiento despigmentante para\u00a0eliminar las manchas","robots":{"index":"index","follow":"follow","max-snippet":"max-snippet:-1","max-image-preview":"max-image-preview:large","max-video-preview":"max-video-preview:-1"},"canonical":"https:\/\/www.mentaymora.com\/index.php\/producto\/crema-facial-antimanchas-50ml-labnatur\/","og_locale":"es_ES","og_type":"article","og_title":"Crema Facial Antimanchas 50ml Labnatur - Menta y Mora","og_description":"Crema Facial Antimanchas 50ml Labnatur La\u00a0Crema Facial Antimanchas Labnatur\u00a0es un tratamiento despigmentante para\u00a0eliminar las manchas","og_url":"https:\/\/www.mentaymora.com\/index.php\/producto\/crema-facial-antimanchas-50ml-labnatur\/","og_site_name":"Menta y Mora","article_publisher":"https:\/\/es-es.facebook.com\/MentayMora\/","article_modified_time":"2023-11-05T15:51:45+00:00","og_image":[{"width":600,"height":600,"url":"https:\/\/www.mentaymora.com\/wp-content\/uploads\/2023\/11\/Crema-Facial-Antimanchas-50ml-Labnatur-1.jpg","type":"image\/jpeg"}],"twitter_card":"summary_large_image","twitter_misc":{"Tiempo de lectura":"3 minutos"},"schema":{"@context":"https:\/\/schema.org","@graph":[{"@type":"WebPage","@id":"https:\/\/www.mentaymora.com\/index.php\/producto\/crema-facial-antimanchas-50ml-labnatur\/","url":"https:\/\/www.mentaymora.com\/index.php\/producto\/crema-facial-antimanchas-50ml-labnatur\/","name":"Crema Facial Antimanchas 50ml Labnatur - Menta y Mora","isPartOf":{"@id":"https:\/\/www.mentaymora.com\/#website"},"primaryImageOfPage":{"@id":"https:\/\/www.mentaymora.com\/index.php\/producto\/crema-facial-antimanchas-50ml-labnatur\/#primaryimage"},"image":{"@id":"https:\/\/www.mentaymora.com\/index.php\/producto\/crema-facial-antimanchas-50ml-labnatur\/#primaryimage"},"thumbnailUrl":"https:\/\/www.mentaymora.com\/wp-content\/uploads\/2023\/11\/Crema-Facial-Antimanchas-50ml-Labnatur-1.jpg","datePublished":"2023-11-05T15:46:32+00:00","dateModified":"2023-11-05T15:51:45+00:00","description":"Crema Facial Antimanchas 50ml Labnatur La\u00a0Crema Facial Antimanchas Labnatur\u00a0es un tratamiento despigmentante para\u00a0eliminar las manchas","breadcrumb":{"@id":"https:\/\/www.mentaymora.com\/index.php\/producto\/crema-facial-antimanchas-50ml-labnatur\/#breadcrumb"},"inLanguage":"es","potentialAction":[{"@type":"ReadAction","target":["https:\/\/www.mentaymora.com\/index.php\/producto\/crema-facial-antimanchas-50ml-labnatur\/"]}]},{"@type":"ImageObject","inLanguage":"es","@id":"https:\/\/www.mentaymora.com\/index.php\/producto\/crema-facial-antimanchas-50ml-labnatur\/#primaryimage","url":"https:\/\/www.mentaymora.com\/wp-content\/uploads\/2023\/11\/Crema-Facial-Antimanchas-50ml-Labnatur-1.jpg","contentUrl":"https:\/\/www.mentaymora.com\/wp-content\/uploads\/2023\/11\/Crema-Facial-Antimanchas-50ml-Labnatur-1.jpg","width":600,"height":600,"caption":"Crema Facial Antimanchas 50ml Labnatur 1"},{"@type":"BreadcrumbList","@id":"https:\/\/www.mentaymora.com\/index.php\/producto\/crema-facial-antimanchas-50ml-labnatur\/#breadcrumb","itemListElement":[{"@type":"ListItem","position":1,"name":"Portada","item":"https:\/\/www.mentaymora.com\/"},{"@type":"ListItem","position":2,"name":"Productos","item":"https:\/\/www.mentaymora.com\/index.php\/tienda\/"},{"@type":"ListItem","position":3,"name":"Crema Facial Antimanchas 50ml Labnatur"}]},{"@type":"WebSite","@id":"https:\/\/www.mentaymora.com\/#website","url":"https:\/\/www.mentaymora.com\/","name":"Menta y Mora","description":"Regalos y Complementos","publisher":{"@id":"https:\/\/www.mentaymora.com\/#organization"},"potentialAction":[{"@type":"SearchAction","target":{"@type":"EntryPoint","urlTemplate":"https:\/\/www.mentaymora.com\/?s={search_term_string}"},"query-input":{"@type":"PropertyValueSpecification","valueRequired":true,"valueName":"search_term_string"}}],"inLanguage":"es"},{"@type":"Organization","@id":"https:\/\/www.mentaymora.com\/#organization","name":"Menta y Mora","url":"https:\/\/www.mentaymora.com\/","logo":{"@type":"ImageObject","inLanguage":"es","@id":"https:\/\/www.mentaymora.com\/#\/schema\/logo\/image\/","url":"https:\/\/www.mentaymora.com\/wp-content\/uploads\/2021\/07\/Logo.jpg","contentUrl":"https:\/\/www.mentaymora.com\/wp-content\/uploads\/2021\/07\/Logo.jpg","width":1172,"height":1172,"caption":"Menta y Mora"},"image":{"@id":"https:\/\/www.mentaymora.com\/#\/schema\/logo\/image\/"},"sameAs":["https:\/\/es-es.facebook.com\/MentayMora\/","https:\/\/www.instagram.com\/mentaymora.illescas\/?hl=es","https:\/\/www.youtube.com\/channel\/UCuMMtdck_1XS-MyW6ZnBAlw"]}]}},"_links":{"self":[{"href":"https:\/\/www.mentaymora.com\/index.php\/wp-json\/wp\/v2\/product\/12919","targetHints":{"allow":["GET"]}}],"collection":[{"href":"https:\/\/www.mentaymora.com\/index.php\/wp-json\/wp\/v2\/product"}],"about":[{"href":"https:\/\/www.mentaymora.com\/index.php\/wp-json\/wp\/v2\/types\/product"}],"replies":[{"embeddable":true,"href":"https:\/\/www.mentaymora.com\/index.php\/wp-json\/wp\/v2\/comments?post=12919"}],"wp:featuredmedia":[{"embeddable":true,"href":"https:\/\/www.mentaymora.com\/index.php\/wp-json\/wp\/v2\/media\/12921"}],"wp:attachment":[{"href":"https:\/\/www.mentaymora.com\/index.php\/wp-json\/wp\/v2\/media?parent=12919"}],"wp:term":[{"taxonomy":"product_brand","embeddable":true,"href":"https:\/\/www.mentaymora.com\/index.php\/wp-json\/wp\/v2\/product_brand?post=12919"},{"taxonomy":"product_cat","embeddable":true,"href":"https:\/\/www.mentaymora.com\/index.php\/wp-json\/wp\/v2\/product_cat?post=12919"},{"taxonomy":"product_tag","embeddable":true,"href":"https:\/\/www.mentaymora.com\/index.php\/wp-json\/wp\/v2\/product_tag?post=12919"}],"curies":[{"name":"wp","href":"https:\/\/api.w.org\/{rel}","templated":true}]}}