{"id":13339,"date":"2023-12-27T09:23:47","date_gmt":"2023-12-27T07:23:47","guid":{"rendered":"https:\/\/www.mentaymora.com\/?post_type=product&#038;p=13339"},"modified":"2025-02-02T16:13:56","modified_gmt":"2025-02-02T15:13:56","slug":"disney-mascarilla-facial-ariel-mad-beauty","status":"publish","type":"product","link":"https:\/\/www.mentaymora.com\/index.php\/producto\/disney-mascarilla-facial-ariel-mad-beauty\/","title":{"rendered":"Disney Mascarilla Facial ARIEL &#8211; Mad Beauty"},"content":{"rendered":"<p>Disney Mascarilla Facial ARIEL &#8211; Mad Beauty<\/p>\n<div class=\"woocommerce-product-details__short-description\">\n<p>Esta mascarilla Princess Sheet, dise\u00f1ada para revitalizar y refrescar la piel, te permitir\u00e1 sentirte como una aut\u00e9ntica princesa de Disney. Experimenta la magia con nuestras mascarillas faciales impresas.<\/p>\n<p><strong>Contenido:<\/strong>\u00a025ml\/1ud<\/p>\n<\/div>\n<div class=\"quantity\"><strong>Composici\u00f3n:<\/strong> Aqua(Water), Butylene glycol, Glycerin, Propylene glycol, Trehalose, Betaine, Niacinamide, Panthenol, Glyceryl acrylate\/acrylic acid copolymer, PVM\/MA copolymer, Rosa damascena flower oil, Sodium hyaluronate, Carbomer, Potassium hydroxide, Dipotassium glycyrrhizate, Tocopheryl acetate, Phenoxyethanol, Polysorbate 20, Portulaca oleracea extract, Sericin, Disodium EDTA, Parfum(Fragrance), Ethylhexylglycerin, Citric acid, Potassium sorbate, Citronellol, Geraniol, Benzyl Salicylate, Linalool, Aloe barbadensis (aloe vera) leaf extract.<\/div>\n<p><a href=\"https:\/\/www.mentaymora.com\/\">Menta y Mora<\/a>\u00a0Te Enamora.<\/p>\n<p>S\u00edguenos en nuestras RRSS (<a href=\"https:\/\/es-es.facebook.com\/MentayMora\/\">Facebook<\/a>\u00a0e\u00a0<a href=\"https:\/\/www.instagram.com\/mentaymora.illescas\/?hl=es\">Instagram<\/a>)<\/p>\n<p>Si tienes alguna consulta,\u00a0<a href=\"mailto:%20info@mentaymora.com\">preg\u00fantanos<\/a>.<\/p>\n","protected":false},"excerpt":{"rendered":"<div class=\"woocommerce-product-details__short-description\">\n<p>Esta mascarilla Princess Sheet, dise\u00f1ada para revitalizar y refrescar la piel, te permitir\u00e1 sentirte como una aut\u00e9ntica princesa de Disney. Experimenta la magia con nuestras mascarillas faciales impresas.<\/p>\n<p><strong>Contenido:<\/strong> 25ml\/1ud<\/p>\n<\/div>\n","protected":false},"featured_media":13341,"comment_status":"open","ping_status":"closed","template":"","meta":{"_acf_changed":false,"_joinchat":[]},"product_brand":[],"product_cat":[1312,801],"product_tag":[1313,1314],"class_list":{"0":"post-13339","1":"product","2":"type-product","3":"status-publish","4":"has-post-thumbnail","6":"product_cat-mad-beauty","7":"product_cat-novedades-cosmetica","8":"product_tag-bella","9":"product_tag-mascarilla-facial","10":"latest_post","12":"first","13":"instock","14":"taxable","15":"shipping-taxable","16":"purchasable","17":"product-type-simple"},"acf":[],"yoast_head":"<!-- This site is optimized with the Yoast SEO plugin v27.5 - https:\/\/yoast.com\/product\/yoast-seo-wordpress\/ -->\n<title>Disney Mascarilla Facial ARIEL - Mad Beauty - Menta y Mora<\/title>\n<meta name=\"description\" content=\"Disney Mascarilla Facial ARIEL - Mad Beauty Esta mascarilla Princess Sheet, dise\u00f1ada para revitalizar y refrescar la piel, te permitir\u00e1 sentirte como una\" \/>\n<meta name=\"robots\" content=\"index, follow, max-snippet:-1, max-image-preview:large, max-video-preview:-1\" \/>\n<link rel=\"canonical\" href=\"https:\/\/www.mentaymora.com\/index.php\/producto\/disney-mascarilla-facial-ariel-mad-beauty\/\" \/>\n<meta property=\"og:locale\" content=\"es_ES\" \/>\n<meta property=\"og:type\" content=\"article\" \/>\n<meta property=\"og:title\" content=\"Disney Mascarilla Facial ARIEL - Mad Beauty - Menta y Mora\" \/>\n<meta property=\"og:description\" content=\"Disney Mascarilla Facial ARIEL - Mad Beauty Esta mascarilla Princess Sheet, dise\u00f1ada para revitalizar y refrescar la piel, te permitir\u00e1 sentirte como una\" \/>\n<meta property=\"og:url\" content=\"https:\/\/www.mentaymora.com\/index.php\/producto\/disney-mascarilla-facial-ariel-mad-beauty\/\" \/>\n<meta property=\"og:site_name\" content=\"Menta y Mora\" \/>\n<meta property=\"article:publisher\" content=\"https:\/\/es-es.facebook.com\/MentayMora\/\" \/>\n<meta property=\"article:modified_time\" content=\"2025-02-02T15:13:56+00:00\" \/>\n<meta property=\"og:image\" content=\"https:\/\/www.mentaymora.com\/wp-content\/uploads\/2023\/12\/Disney-Mascarilla-Facial-ARIEL-Mad-Beauty.jpg\" \/>\n\t<meta property=\"og:image:width\" content=\"600\" \/>\n\t<meta property=\"og:image:height\" content=\"600\" \/>\n\t<meta property=\"og:image:type\" content=\"image\/jpeg\" \/>\n<meta name=\"twitter:card\" content=\"summary_large_image\" \/>\n<meta name=\"twitter:label1\" content=\"Tiempo de lectura\" \/>\n\t<meta name=\"twitter:data1\" content=\"1 minuto\" \/>\n<script type=\"application\/ld+json\" class=\"yoast-schema-graph\">{\"@context\":\"https:\\\/\\\/schema.org\",\"@graph\":[{\"@type\":\"WebPage\",\"@id\":\"https:\\\/\\\/www.mentaymora.com\\\/index.php\\\/producto\\\/disney-mascarilla-facial-ariel-mad-beauty\\\/\",\"url\":\"https:\\\/\\\/www.mentaymora.com\\\/index.php\\\/producto\\\/disney-mascarilla-facial-ariel-mad-beauty\\\/\",\"name\":\"Disney Mascarilla Facial ARIEL - Mad Beauty - Menta y Mora\",\"isPartOf\":{\"@id\":\"https:\\\/\\\/www.mentaymora.com\\\/#website\"},\"primaryImageOfPage\":{\"@id\":\"https:\\\/\\\/www.mentaymora.com\\\/index.php\\\/producto\\\/disney-mascarilla-facial-ariel-mad-beauty\\\/#primaryimage\"},\"image\":{\"@id\":\"https:\\\/\\\/www.mentaymora.com\\\/index.php\\\/producto\\\/disney-mascarilla-facial-ariel-mad-beauty\\\/#primaryimage\"},\"thumbnailUrl\":\"https:\\\/\\\/www.mentaymora.com\\\/wp-content\\\/uploads\\\/2023\\\/12\\\/Disney-Mascarilla-Facial-ARIEL-Mad-Beauty.jpg\",\"datePublished\":\"2023-12-27T07:23:47+00:00\",\"dateModified\":\"2025-02-02T15:13:56+00:00\",\"description\":\"Disney Mascarilla Facial ARIEL - Mad Beauty Esta mascarilla Princess Sheet, dise\u00f1ada para revitalizar y refrescar la piel, te permitir\u00e1 sentirte como una\",\"breadcrumb\":{\"@id\":\"https:\\\/\\\/www.mentaymora.com\\\/index.php\\\/producto\\\/disney-mascarilla-facial-ariel-mad-beauty\\\/#breadcrumb\"},\"inLanguage\":\"es\",\"potentialAction\":[{\"@type\":\"ReadAction\",\"target\":[\"https:\\\/\\\/www.mentaymora.com\\\/index.php\\\/producto\\\/disney-mascarilla-facial-ariel-mad-beauty\\\/\"]}]},{\"@type\":\"ImageObject\",\"inLanguage\":\"es\",\"@id\":\"https:\\\/\\\/www.mentaymora.com\\\/index.php\\\/producto\\\/disney-mascarilla-facial-ariel-mad-beauty\\\/#primaryimage\",\"url\":\"https:\\\/\\\/www.mentaymora.com\\\/wp-content\\\/uploads\\\/2023\\\/12\\\/Disney-Mascarilla-Facial-ARIEL-Mad-Beauty.jpg\",\"contentUrl\":\"https:\\\/\\\/www.mentaymora.com\\\/wp-content\\\/uploads\\\/2023\\\/12\\\/Disney-Mascarilla-Facial-ARIEL-Mad-Beauty.jpg\",\"width\":600,\"height\":600,\"caption\":\"Disney Mascarilla Facial ARIEL Mad Beauty\"},{\"@type\":\"BreadcrumbList\",\"@id\":\"https:\\\/\\\/www.mentaymora.com\\\/index.php\\\/producto\\\/disney-mascarilla-facial-ariel-mad-beauty\\\/#breadcrumb\",\"itemListElement\":[{\"@type\":\"ListItem\",\"position\":1,\"name\":\"Portada\",\"item\":\"https:\\\/\\\/www.mentaymora.com\\\/\"},{\"@type\":\"ListItem\",\"position\":2,\"name\":\"Productos\",\"item\":\"https:\\\/\\\/www.mentaymora.com\\\/index.php\\\/tienda\\\/\"},{\"@type\":\"ListItem\",\"position\":3,\"name\":\"Disney Mascarilla Facial ARIEL &#8211; Mad Beauty\"}]},{\"@type\":\"WebSite\",\"@id\":\"https:\\\/\\\/www.mentaymora.com\\\/#website\",\"url\":\"https:\\\/\\\/www.mentaymora.com\\\/\",\"name\":\"Menta y Mora\",\"description\":\"Regalos y Complementos\",\"publisher\":{\"@id\":\"https:\\\/\\\/www.mentaymora.com\\\/#organization\"},\"potentialAction\":[{\"@type\":\"SearchAction\",\"target\":{\"@type\":\"EntryPoint\",\"urlTemplate\":\"https:\\\/\\\/www.mentaymora.com\\\/?s={search_term_string}\"},\"query-input\":{\"@type\":\"PropertyValueSpecification\",\"valueRequired\":true,\"valueName\":\"search_term_string\"}}],\"inLanguage\":\"es\"},{\"@type\":\"Organization\",\"@id\":\"https:\\\/\\\/www.mentaymora.com\\\/#organization\",\"name\":\"Menta y Mora\",\"url\":\"https:\\\/\\\/www.mentaymora.com\\\/\",\"logo\":{\"@type\":\"ImageObject\",\"inLanguage\":\"es\",\"@id\":\"https:\\\/\\\/www.mentaymora.com\\\/#\\\/schema\\\/logo\\\/image\\\/\",\"url\":\"https:\\\/\\\/www.mentaymora.com\\\/wp-content\\\/uploads\\\/2021\\\/07\\\/Logo.jpg\",\"contentUrl\":\"https:\\\/\\\/www.mentaymora.com\\\/wp-content\\\/uploads\\\/2021\\\/07\\\/Logo.jpg\",\"width\":1172,\"height\":1172,\"caption\":\"Menta y Mora\"},\"image\":{\"@id\":\"https:\\\/\\\/www.mentaymora.com\\\/#\\\/schema\\\/logo\\\/image\\\/\"},\"sameAs\":[\"https:\\\/\\\/es-es.facebook.com\\\/MentayMora\\\/\",\"https:\\\/\\\/www.instagram.com\\\/mentaymora.illescas\\\/?hl=es\",\"https:\\\/\\\/www.youtube.com\\\/channel\\\/UCuMMtdck_1XS-MyW6ZnBAlw\"]}]}<\/script>\n<!-- \/ Yoast SEO plugin. -->","yoast_head_json":{"title":"Disney Mascarilla Facial ARIEL - Mad Beauty - Menta y Mora","description":"Disney Mascarilla Facial ARIEL - Mad Beauty Esta mascarilla Princess Sheet, dise\u00f1ada para revitalizar y refrescar la piel, te permitir\u00e1 sentirte como una","robots":{"index":"index","follow":"follow","max-snippet":"max-snippet:-1","max-image-preview":"max-image-preview:large","max-video-preview":"max-video-preview:-1"},"canonical":"https:\/\/www.mentaymora.com\/index.php\/producto\/disney-mascarilla-facial-ariel-mad-beauty\/","og_locale":"es_ES","og_type":"article","og_title":"Disney Mascarilla Facial ARIEL - Mad Beauty - Menta y Mora","og_description":"Disney Mascarilla Facial ARIEL - Mad Beauty Esta mascarilla Princess Sheet, dise\u00f1ada para revitalizar y refrescar la piel, te permitir\u00e1 sentirte como una","og_url":"https:\/\/www.mentaymora.com\/index.php\/producto\/disney-mascarilla-facial-ariel-mad-beauty\/","og_site_name":"Menta y Mora","article_publisher":"https:\/\/es-es.facebook.com\/MentayMora\/","article_modified_time":"2025-02-02T15:13:56+00:00","og_image":[{"width":600,"height":600,"url":"https:\/\/www.mentaymora.com\/wp-content\/uploads\/2023\/12\/Disney-Mascarilla-Facial-ARIEL-Mad-Beauty.jpg","type":"image\/jpeg"}],"twitter_card":"summary_large_image","twitter_misc":{"Tiempo de lectura":"1 minuto"},"schema":{"@context":"https:\/\/schema.org","@graph":[{"@type":"WebPage","@id":"https:\/\/www.mentaymora.com\/index.php\/producto\/disney-mascarilla-facial-ariel-mad-beauty\/","url":"https:\/\/www.mentaymora.com\/index.php\/producto\/disney-mascarilla-facial-ariel-mad-beauty\/","name":"Disney Mascarilla Facial ARIEL - Mad Beauty - Menta y Mora","isPartOf":{"@id":"https:\/\/www.mentaymora.com\/#website"},"primaryImageOfPage":{"@id":"https:\/\/www.mentaymora.com\/index.php\/producto\/disney-mascarilla-facial-ariel-mad-beauty\/#primaryimage"},"image":{"@id":"https:\/\/www.mentaymora.com\/index.php\/producto\/disney-mascarilla-facial-ariel-mad-beauty\/#primaryimage"},"thumbnailUrl":"https:\/\/www.mentaymora.com\/wp-content\/uploads\/2023\/12\/Disney-Mascarilla-Facial-ARIEL-Mad-Beauty.jpg","datePublished":"2023-12-27T07:23:47+00:00","dateModified":"2025-02-02T15:13:56+00:00","description":"Disney Mascarilla Facial ARIEL - Mad Beauty Esta mascarilla Princess Sheet, dise\u00f1ada para revitalizar y refrescar la piel, te permitir\u00e1 sentirte como una","breadcrumb":{"@id":"https:\/\/www.mentaymora.com\/index.php\/producto\/disney-mascarilla-facial-ariel-mad-beauty\/#breadcrumb"},"inLanguage":"es","potentialAction":[{"@type":"ReadAction","target":["https:\/\/www.mentaymora.com\/index.php\/producto\/disney-mascarilla-facial-ariel-mad-beauty\/"]}]},{"@type":"ImageObject","inLanguage":"es","@id":"https:\/\/www.mentaymora.com\/index.php\/producto\/disney-mascarilla-facial-ariel-mad-beauty\/#primaryimage","url":"https:\/\/www.mentaymora.com\/wp-content\/uploads\/2023\/12\/Disney-Mascarilla-Facial-ARIEL-Mad-Beauty.jpg","contentUrl":"https:\/\/www.mentaymora.com\/wp-content\/uploads\/2023\/12\/Disney-Mascarilla-Facial-ARIEL-Mad-Beauty.jpg","width":600,"height":600,"caption":"Disney Mascarilla Facial ARIEL Mad Beauty"},{"@type":"BreadcrumbList","@id":"https:\/\/www.mentaymora.com\/index.php\/producto\/disney-mascarilla-facial-ariel-mad-beauty\/#breadcrumb","itemListElement":[{"@type":"ListItem","position":1,"name":"Portada","item":"https:\/\/www.mentaymora.com\/"},{"@type":"ListItem","position":2,"name":"Productos","item":"https:\/\/www.mentaymora.com\/index.php\/tienda\/"},{"@type":"ListItem","position":3,"name":"Disney Mascarilla Facial ARIEL &#8211; Mad Beauty"}]},{"@type":"WebSite","@id":"https:\/\/www.mentaymora.com\/#website","url":"https:\/\/www.mentaymora.com\/","name":"Menta y Mora","description":"Regalos y Complementos","publisher":{"@id":"https:\/\/www.mentaymora.com\/#organization"},"potentialAction":[{"@type":"SearchAction","target":{"@type":"EntryPoint","urlTemplate":"https:\/\/www.mentaymora.com\/?s={search_term_string}"},"query-input":{"@type":"PropertyValueSpecification","valueRequired":true,"valueName":"search_term_string"}}],"inLanguage":"es"},{"@type":"Organization","@id":"https:\/\/www.mentaymora.com\/#organization","name":"Menta y Mora","url":"https:\/\/www.mentaymora.com\/","logo":{"@type":"ImageObject","inLanguage":"es","@id":"https:\/\/www.mentaymora.com\/#\/schema\/logo\/image\/","url":"https:\/\/www.mentaymora.com\/wp-content\/uploads\/2021\/07\/Logo.jpg","contentUrl":"https:\/\/www.mentaymora.com\/wp-content\/uploads\/2021\/07\/Logo.jpg","width":1172,"height":1172,"caption":"Menta y Mora"},"image":{"@id":"https:\/\/www.mentaymora.com\/#\/schema\/logo\/image\/"},"sameAs":["https:\/\/es-es.facebook.com\/MentayMora\/","https:\/\/www.instagram.com\/mentaymora.illescas\/?hl=es","https:\/\/www.youtube.com\/channel\/UCuMMtdck_1XS-MyW6ZnBAlw"]}]}},"_links":{"self":[{"href":"https:\/\/www.mentaymora.com\/index.php\/wp-json\/wp\/v2\/product\/13339","targetHints":{"allow":["GET"]}}],"collection":[{"href":"https:\/\/www.mentaymora.com\/index.php\/wp-json\/wp\/v2\/product"}],"about":[{"href":"https:\/\/www.mentaymora.com\/index.php\/wp-json\/wp\/v2\/types\/product"}],"replies":[{"embeddable":true,"href":"https:\/\/www.mentaymora.com\/index.php\/wp-json\/wp\/v2\/comments?post=13339"}],"wp:featuredmedia":[{"embeddable":true,"href":"https:\/\/www.mentaymora.com\/index.php\/wp-json\/wp\/v2\/media\/13341"}],"wp:attachment":[{"href":"https:\/\/www.mentaymora.com\/index.php\/wp-json\/wp\/v2\/media?parent=13339"}],"wp:term":[{"taxonomy":"product_brand","embeddable":true,"href":"https:\/\/www.mentaymora.com\/index.php\/wp-json\/wp\/v2\/product_brand?post=13339"},{"taxonomy":"product_cat","embeddable":true,"href":"https:\/\/www.mentaymora.com\/index.php\/wp-json\/wp\/v2\/product_cat?post=13339"},{"taxonomy":"product_tag","embeddable":true,"href":"https:\/\/www.mentaymora.com\/index.php\/wp-json\/wp\/v2\/product_tag?post=13339"}],"curies":[{"name":"wp","href":"https:\/\/api.w.org\/{rel}","templated":true}]}}