{"id":13565,"date":"2024-01-25T17:45:37","date_gmt":"2024-01-25T15:45:37","guid":{"rendered":"https:\/\/www.mentaymora.com\/?post_type=product&#038;p=13565"},"modified":"2026-02-02T11:07:49","modified_gmt":"2026-02-02T10:07:49","slug":"botella-angel-stitch-500ml-love-2","status":"publish","type":"product","link":"https:\/\/www.mentaymora.com\/index.php\/producto\/botella-angel-stitch-500ml-love-2\/","title":{"rendered":"Botella TERMO Angel &amp; Stitch 500ml LOVE 2"},"content":{"rendered":"<p>Botella Angel &amp; Stitch 500ml LOVE 2<\/p>\n<p>Botella de acero inoxidable, personalizada mediante la t\u00e9cnica de\u00a0sublimaci\u00f3n<\/p>\n<ul>\n<li>De acero inoxidable blanco. (sin BPA, sin productos qu\u00edmicos nocivos, seguro y saludable)<\/li>\n<li>Apto para consumo alimentario.<\/li>\n<li>Tap\u00f3n de alta seguridad para evitar p\u00e9rdidas de l\u00edquido.<\/li>\n<li>Ideal para mantener bebidas tanto calientes como fr\u00edas gracias a su doble pared.<\/li>\n<li>Acabado brillante.<\/li>\n<li>Calidad Premium<\/li>\n<li>Incluye caja individual.<\/li>\n<\/ul>\n<p><strong>Capacidad: <\/strong>500ml.<\/p>\n<p><strong>Medidas:<\/strong> 7\u00f8 x 26 cm<\/p>\n<p>&nbsp;<\/p>\n<p><a href=\"https:\/\/www.mentaymora.com\/\">Menta y Mora<\/a> Te Enamora\u00a0 \u00a0S\u00edguenos en nuestras RRSS (<a href=\"https:\/\/es-es.facebook.com\/MentayMora\/\">Facebook<\/a>\u00a0e\u00a0<a href=\"https:\/\/www.instagram.com\/mentaymora.illescas\/?hl=es\">Instagram<\/a>)\u00a0 \u00a0 Si tienes alguna consulta, <a href=\"mailto:%20info@mentaymora.com\">preg\u00fantanos<\/a><\/p>\n","protected":false},"excerpt":{"rendered":"<p>Botella de acero inoxidable, personalizada mediante la t\u00e9cnica de\u00a0sublimaci\u00f3n<\/p>\n<ul>\n<li>De acero inoxidable blanco. (sin BPA, sin productos qu\u00edmicos nocivos, seguro y saludable)<\/li>\n<li>Apto para consumo alimentario.<\/li>\n<li>Tap\u00f3n de alta seguridad para evitar p\u00e9rdidas de l\u00edquido.<\/li>\n<li>Ideal para mantener bebidas tanto calientes como fr\u00edas gracias a su doble pared.<\/li>\n<li>Acabado brillante.<\/li>\n<li>Calidad Premium<\/li>\n<li>Incluye caja individual.<\/li>\n<\/ul>\n<p><strong>Capacidad: <\/strong>500ml.<\/p>\n<p><strong>Medidas:<\/strong> 7\u00f8 x 26 cm<\/p>\n","protected":false},"featured_media":13568,"comment_status":"open","ping_status":"closed","template":"","meta":{"_acf_changed":false,"_joinchat":[]},"product_brand":[],"product_cat":[1201,82],"product_tag":[387,326],"class_list":{"0":"post-13565","1":"product","2":"type-product","3":"status-publish","4":"has-post-thumbnail","6":"product_cat-amor","7":"product_cat-regalo","8":"product_tag-botella","9":"product_tag-regalo","10":"latest_post","12":"first","13":"instock","14":"taxable","15":"shipping-taxable","16":"purchasable","17":"product-type-simple"},"acf":[],"yoast_head":"<!-- This site is optimized with the Yoast SEO plugin v27.4 - https:\/\/yoast.com\/product\/yoast-seo-wordpress\/ -->\n<title>Botella TERMO Angel &amp; Stitch 500ml LOVE 2 - Menta y Mora - Regalos y...<\/title>\n<meta name=\"description\" content=\"Botella Angel &amp; Stitch 500ml LOVE 2 Botella de acero inoxidable, personalizada mediante la t\u00e9cnica de\u00a0sublimaci\u00f3n De acero inoxidable blanco.\" \/>\n<meta name=\"robots\" content=\"index, follow, max-snippet:-1, max-image-preview:large, max-video-preview:-1\" \/>\n<link rel=\"canonical\" href=\"https:\/\/www.mentaymora.com\/index.php\/producto\/botella-angel-stitch-500ml-love-2\/\" \/>\n<meta property=\"og:locale\" content=\"es_ES\" \/>\n<meta property=\"og:type\" content=\"article\" \/>\n<meta property=\"og:title\" content=\"Botella TERMO Angel &amp; Stitch 500ml LOVE 2 - Menta y Mora - Regalos y...\" \/>\n<meta property=\"og:description\" content=\"Botella Angel &amp; Stitch 500ml LOVE 2 Botella de acero inoxidable, personalizada mediante la t\u00e9cnica de\u00a0sublimaci\u00f3n De acero inoxidable blanco.\" \/>\n<meta property=\"og:url\" content=\"https:\/\/www.mentaymora.com\/index.php\/producto\/botella-angel-stitch-500ml-love-2\/\" \/>\n<meta property=\"og:site_name\" content=\"Menta y Mora\" \/>\n<meta property=\"article:publisher\" content=\"https:\/\/es-es.facebook.com\/MentayMora\/\" \/>\n<meta property=\"article:modified_time\" content=\"2026-02-02T10:07:49+00:00\" \/>\n<meta property=\"og:image\" content=\"https:\/\/www.mentaymora.com\/wp-content\/uploads\/2024\/01\/Botella-Angel-Stitch-500ml-LOVE-2-1.jpg\" \/>\n\t<meta property=\"og:image:width\" content=\"450\" \/>\n\t<meta property=\"og:image:height\" content=\"600\" \/>\n\t<meta property=\"og:image:type\" content=\"image\/jpeg\" \/>\n<meta name=\"twitter:card\" content=\"summary_large_image\" \/>\n<meta name=\"twitter:label1\" content=\"Tiempo de lectura\" \/>\n\t<meta name=\"twitter:data1\" content=\"1 minuto\" \/>\n<script type=\"application\/ld+json\" class=\"yoast-schema-graph\">{\"@context\":\"https:\\\/\\\/schema.org\",\"@graph\":[{\"@type\":\"WebPage\",\"@id\":\"https:\\\/\\\/www.mentaymora.com\\\/index.php\\\/producto\\\/botella-angel-stitch-500ml-love-2\\\/\",\"url\":\"https:\\\/\\\/www.mentaymora.com\\\/index.php\\\/producto\\\/botella-angel-stitch-500ml-love-2\\\/\",\"name\":\"Botella TERMO Angel &amp; Stitch 500ml LOVE 2 - Menta y Mora - Regalos y...\",\"isPartOf\":{\"@id\":\"https:\\\/\\\/www.mentaymora.com\\\/#website\"},\"primaryImageOfPage\":{\"@id\":\"https:\\\/\\\/www.mentaymora.com\\\/index.php\\\/producto\\\/botella-angel-stitch-500ml-love-2\\\/#primaryimage\"},\"image\":{\"@id\":\"https:\\\/\\\/www.mentaymora.com\\\/index.php\\\/producto\\\/botella-angel-stitch-500ml-love-2\\\/#primaryimage\"},\"thumbnailUrl\":\"https:\\\/\\\/www.mentaymora.com\\\/wp-content\\\/uploads\\\/2024\\\/01\\\/Botella-Angel-Stitch-500ml-LOVE-2-1.jpg\",\"datePublished\":\"2024-01-25T15:45:37+00:00\",\"dateModified\":\"2026-02-02T10:07:49+00:00\",\"description\":\"Botella Angel & Stitch 500ml LOVE 2 Botella de acero inoxidable, personalizada mediante la t\u00e9cnica de\u00a0sublimaci\u00f3n De acero inoxidable blanco.\",\"breadcrumb\":{\"@id\":\"https:\\\/\\\/www.mentaymora.com\\\/index.php\\\/producto\\\/botella-angel-stitch-500ml-love-2\\\/#breadcrumb\"},\"inLanguage\":\"es\",\"potentialAction\":[{\"@type\":\"ReadAction\",\"target\":[\"https:\\\/\\\/www.mentaymora.com\\\/index.php\\\/producto\\\/botella-angel-stitch-500ml-love-2\\\/\"]}]},{\"@type\":\"ImageObject\",\"inLanguage\":\"es\",\"@id\":\"https:\\\/\\\/www.mentaymora.com\\\/index.php\\\/producto\\\/botella-angel-stitch-500ml-love-2\\\/#primaryimage\",\"url\":\"https:\\\/\\\/www.mentaymora.com\\\/wp-content\\\/uploads\\\/2024\\\/01\\\/Botella-Angel-Stitch-500ml-LOVE-2-1.jpg\",\"contentUrl\":\"https:\\\/\\\/www.mentaymora.com\\\/wp-content\\\/uploads\\\/2024\\\/01\\\/Botella-Angel-Stitch-500ml-LOVE-2-1.jpg\",\"width\":450,\"height\":600,\"caption\":\"Botella Angel & Stitch 500ml LOVE 2 1\"},{\"@type\":\"BreadcrumbList\",\"@id\":\"https:\\\/\\\/www.mentaymora.com\\\/index.php\\\/producto\\\/botella-angel-stitch-500ml-love-2\\\/#breadcrumb\",\"itemListElement\":[{\"@type\":\"ListItem\",\"position\":1,\"name\":\"Portada\",\"item\":\"https:\\\/\\\/www.mentaymora.com\\\/\"},{\"@type\":\"ListItem\",\"position\":2,\"name\":\"Productos\",\"item\":\"https:\\\/\\\/www.mentaymora.com\\\/index.php\\\/tienda\\\/\"},{\"@type\":\"ListItem\",\"position\":3,\"name\":\"Botella TERMO Angel &amp; Stitch 500ml LOVE 2\"}]},{\"@type\":\"WebSite\",\"@id\":\"https:\\\/\\\/www.mentaymora.com\\\/#website\",\"url\":\"https:\\\/\\\/www.mentaymora.com\\\/\",\"name\":\"Menta y Mora\",\"description\":\"Regalos y Complementos\",\"publisher\":{\"@id\":\"https:\\\/\\\/www.mentaymora.com\\\/#organization\"},\"potentialAction\":[{\"@type\":\"SearchAction\",\"target\":{\"@type\":\"EntryPoint\",\"urlTemplate\":\"https:\\\/\\\/www.mentaymora.com\\\/?s={search_term_string}\"},\"query-input\":{\"@type\":\"PropertyValueSpecification\",\"valueRequired\":true,\"valueName\":\"search_term_string\"}}],\"inLanguage\":\"es\"},{\"@type\":\"Organization\",\"@id\":\"https:\\\/\\\/www.mentaymora.com\\\/#organization\",\"name\":\"Menta y Mora\",\"url\":\"https:\\\/\\\/www.mentaymora.com\\\/\",\"logo\":{\"@type\":\"ImageObject\",\"inLanguage\":\"es\",\"@id\":\"https:\\\/\\\/www.mentaymora.com\\\/#\\\/schema\\\/logo\\\/image\\\/\",\"url\":\"https:\\\/\\\/www.mentaymora.com\\\/wp-content\\\/uploads\\\/2021\\\/07\\\/Logo.jpg\",\"contentUrl\":\"https:\\\/\\\/www.mentaymora.com\\\/wp-content\\\/uploads\\\/2021\\\/07\\\/Logo.jpg\",\"width\":1172,\"height\":1172,\"caption\":\"Menta y Mora\"},\"image\":{\"@id\":\"https:\\\/\\\/www.mentaymora.com\\\/#\\\/schema\\\/logo\\\/image\\\/\"},\"sameAs\":[\"https:\\\/\\\/es-es.facebook.com\\\/MentayMora\\\/\",\"https:\\\/\\\/www.instagram.com\\\/mentaymora.illescas\\\/?hl=es\",\"https:\\\/\\\/www.youtube.com\\\/channel\\\/UCuMMtdck_1XS-MyW6ZnBAlw\"]}]}<\/script>\n<!-- \/ Yoast SEO plugin. -->","yoast_head_json":{"title":"Botella TERMO Angel &amp; Stitch 500ml LOVE 2 - Menta y Mora - Regalos y...","description":"Botella Angel & Stitch 500ml LOVE 2 Botella de acero inoxidable, personalizada mediante la t\u00e9cnica de\u00a0sublimaci\u00f3n De acero inoxidable blanco.","robots":{"index":"index","follow":"follow","max-snippet":"max-snippet:-1","max-image-preview":"max-image-preview:large","max-video-preview":"max-video-preview:-1"},"canonical":"https:\/\/www.mentaymora.com\/index.php\/producto\/botella-angel-stitch-500ml-love-2\/","og_locale":"es_ES","og_type":"article","og_title":"Botella TERMO Angel &amp; Stitch 500ml LOVE 2 - Menta y Mora - Regalos y...","og_description":"Botella Angel & Stitch 500ml LOVE 2 Botella de acero inoxidable, personalizada mediante la t\u00e9cnica de\u00a0sublimaci\u00f3n De acero inoxidable blanco.","og_url":"https:\/\/www.mentaymora.com\/index.php\/producto\/botella-angel-stitch-500ml-love-2\/","og_site_name":"Menta y Mora","article_publisher":"https:\/\/es-es.facebook.com\/MentayMora\/","article_modified_time":"2026-02-02T10:07:49+00:00","og_image":[{"width":450,"height":600,"url":"https:\/\/www.mentaymora.com\/wp-content\/uploads\/2024\/01\/Botella-Angel-Stitch-500ml-LOVE-2-1.jpg","type":"image\/jpeg"}],"twitter_card":"summary_large_image","twitter_misc":{"Tiempo de lectura":"1 minuto"},"schema":{"@context":"https:\/\/schema.org","@graph":[{"@type":"WebPage","@id":"https:\/\/www.mentaymora.com\/index.php\/producto\/botella-angel-stitch-500ml-love-2\/","url":"https:\/\/www.mentaymora.com\/index.php\/producto\/botella-angel-stitch-500ml-love-2\/","name":"Botella TERMO Angel &amp; Stitch 500ml LOVE 2 - Menta y Mora - Regalos y...","isPartOf":{"@id":"https:\/\/www.mentaymora.com\/#website"},"primaryImageOfPage":{"@id":"https:\/\/www.mentaymora.com\/index.php\/producto\/botella-angel-stitch-500ml-love-2\/#primaryimage"},"image":{"@id":"https:\/\/www.mentaymora.com\/index.php\/producto\/botella-angel-stitch-500ml-love-2\/#primaryimage"},"thumbnailUrl":"https:\/\/www.mentaymora.com\/wp-content\/uploads\/2024\/01\/Botella-Angel-Stitch-500ml-LOVE-2-1.jpg","datePublished":"2024-01-25T15:45:37+00:00","dateModified":"2026-02-02T10:07:49+00:00","description":"Botella Angel & Stitch 500ml LOVE 2 Botella de acero inoxidable, personalizada mediante la t\u00e9cnica de\u00a0sublimaci\u00f3n De acero inoxidable blanco.","breadcrumb":{"@id":"https:\/\/www.mentaymora.com\/index.php\/producto\/botella-angel-stitch-500ml-love-2\/#breadcrumb"},"inLanguage":"es","potentialAction":[{"@type":"ReadAction","target":["https:\/\/www.mentaymora.com\/index.php\/producto\/botella-angel-stitch-500ml-love-2\/"]}]},{"@type":"ImageObject","inLanguage":"es","@id":"https:\/\/www.mentaymora.com\/index.php\/producto\/botella-angel-stitch-500ml-love-2\/#primaryimage","url":"https:\/\/www.mentaymora.com\/wp-content\/uploads\/2024\/01\/Botella-Angel-Stitch-500ml-LOVE-2-1.jpg","contentUrl":"https:\/\/www.mentaymora.com\/wp-content\/uploads\/2024\/01\/Botella-Angel-Stitch-500ml-LOVE-2-1.jpg","width":450,"height":600,"caption":"Botella Angel & Stitch 500ml LOVE 2 1"},{"@type":"BreadcrumbList","@id":"https:\/\/www.mentaymora.com\/index.php\/producto\/botella-angel-stitch-500ml-love-2\/#breadcrumb","itemListElement":[{"@type":"ListItem","position":1,"name":"Portada","item":"https:\/\/www.mentaymora.com\/"},{"@type":"ListItem","position":2,"name":"Productos","item":"https:\/\/www.mentaymora.com\/index.php\/tienda\/"},{"@type":"ListItem","position":3,"name":"Botella TERMO Angel &amp; Stitch 500ml LOVE 2"}]},{"@type":"WebSite","@id":"https:\/\/www.mentaymora.com\/#website","url":"https:\/\/www.mentaymora.com\/","name":"Menta y Mora","description":"Regalos y Complementos","publisher":{"@id":"https:\/\/www.mentaymora.com\/#organization"},"potentialAction":[{"@type":"SearchAction","target":{"@type":"EntryPoint","urlTemplate":"https:\/\/www.mentaymora.com\/?s={search_term_string}"},"query-input":{"@type":"PropertyValueSpecification","valueRequired":true,"valueName":"search_term_string"}}],"inLanguage":"es"},{"@type":"Organization","@id":"https:\/\/www.mentaymora.com\/#organization","name":"Menta y Mora","url":"https:\/\/www.mentaymora.com\/","logo":{"@type":"ImageObject","inLanguage":"es","@id":"https:\/\/www.mentaymora.com\/#\/schema\/logo\/image\/","url":"https:\/\/www.mentaymora.com\/wp-content\/uploads\/2021\/07\/Logo.jpg","contentUrl":"https:\/\/www.mentaymora.com\/wp-content\/uploads\/2021\/07\/Logo.jpg","width":1172,"height":1172,"caption":"Menta y Mora"},"image":{"@id":"https:\/\/www.mentaymora.com\/#\/schema\/logo\/image\/"},"sameAs":["https:\/\/es-es.facebook.com\/MentayMora\/","https:\/\/www.instagram.com\/mentaymora.illescas\/?hl=es","https:\/\/www.youtube.com\/channel\/UCuMMtdck_1XS-MyW6ZnBAlw"]}]}},"_links":{"self":[{"href":"https:\/\/www.mentaymora.com\/index.php\/wp-json\/wp\/v2\/product\/13565","targetHints":{"allow":["GET"]}}],"collection":[{"href":"https:\/\/www.mentaymora.com\/index.php\/wp-json\/wp\/v2\/product"}],"about":[{"href":"https:\/\/www.mentaymora.com\/index.php\/wp-json\/wp\/v2\/types\/product"}],"replies":[{"embeddable":true,"href":"https:\/\/www.mentaymora.com\/index.php\/wp-json\/wp\/v2\/comments?post=13565"}],"wp:featuredmedia":[{"embeddable":true,"href":"https:\/\/www.mentaymora.com\/index.php\/wp-json\/wp\/v2\/media\/13568"}],"wp:attachment":[{"href":"https:\/\/www.mentaymora.com\/index.php\/wp-json\/wp\/v2\/media?parent=13565"}],"wp:term":[{"taxonomy":"product_brand","embeddable":true,"href":"https:\/\/www.mentaymora.com\/index.php\/wp-json\/wp\/v2\/product_brand?post=13565"},{"taxonomy":"product_cat","embeddable":true,"href":"https:\/\/www.mentaymora.com\/index.php\/wp-json\/wp\/v2\/product_cat?post=13565"},{"taxonomy":"product_tag","embeddable":true,"href":"https:\/\/www.mentaymora.com\/index.php\/wp-json\/wp\/v2\/product_tag?post=13565"}],"curies":[{"name":"wp","href":"https:\/\/api.w.org\/{rel}","templated":true}]}}