{"id":14141,"date":"2024-03-02T18:16:12","date_gmt":"2024-03-02T17:16:12","guid":{"rendered":"https:\/\/www.mentaymora.com\/?post_type=product&#038;p=14141"},"modified":"2025-03-18T12:23:47","modified_gmt":"2025-03-18T11:23:47","slug":"calcetines-papa-eres-el-mejor-del-mundo-marronynegro","status":"publish","type":"product","link":"https:\/\/www.mentaymora.com\/index.php\/producto\/calcetines-papa-eres-el-mejor-del-mundo-marronynegro\/","title":{"rendered":"CALCETINES \u00abPap\u00e1 eres el mejor del Mundo\u00bb &#8211; Marr\u00f3nynegro"},"content":{"rendered":"<p>CALCETINES \u00abPap\u00e1 eres el mejor del Mundo\u00bb &#8211; Marr\u00f3nynegro<\/p>\n<p><strong>El\u00a0calcet\u00edn Pap\u00e1\u00a0eres el mejor del mundo,\u00a0<\/strong>es perfecto para regalar a tu padre y demostrar con un detalle original cu\u00e1nto le quieres y hacerle saber que es el mejor padre del mundo mundial.<\/p>\n<p>* Disponemos de\u00a0<b>1 talla solo para estos calcetines<\/b>: talla 41-45<\/p>\n<p style=\"font-weight: 400\"><b><strong>80% algod\u00f3n de calidades escogidas<\/strong><\/b>\u00a0para que no encoja con los lavados. Y es que, desde Marronynegro, queremos que nuestros calcetines te acompa\u00f1en muchos, muchos a\u00f1os. Por eso, nuestros calcetines\u00a0no encogen, ni les salen bolas, ni ver\u00e1s el mundo a trav\u00e9s de ellos. Te ofrecemos lo mejor para que disfrutes al m\u00e1ximo.\u00a0Este modelo es unisex. Consulta la disponibilidad de tallas en esta p\u00e1gina.<\/p>\n<p>*Fabricado en Espa\u00f1a.<\/p>\n<p>&nbsp;<\/p>\n<div class=\"woocommerce-tabs wc-tabs-wrapper\">\n<div id=\"tab-description\" class=\"woocommerce-Tabs-panel woocommerce-Tabs-panel--description panel entry-content wc-tab\" role=\"tabpanel\" aria-labelledby=\"tab-title-description\">\n<p>Tus regalos en\u00a0<a href=\"https:\/\/www.mentaymora.com\/\">Menta y Mora<\/a>\u00a0 \u00a0S\u00edguenos en nuestras RRSS (<a href=\"https:\/\/es-es.facebook.com\/MentayMora\/\">Facebook<\/a>\u00a0e\u00a0<a href=\"https:\/\/www.instagram.com\/mentaymora.illescas\/?hl=es\">Instagram<\/a>)\u00a0 \u00a0\u00a0Si tienes alguna consulta,\u00a0<a href=\"mailto:%20info@mentaymora.com\">preg\u00fantanos<\/a>.<\/p>\n<section class=\"share-product\">\n<header class=\"share-product__header\"><\/header>\n<\/section>\n<\/div>\n<\/div>\n","protected":false},"excerpt":{"rendered":"<div id=\"product-description-short-1771\">\n<div id=\"product-description-short-1046\">\n<p>El\u00a0<strong>calcet\u00edn Pap\u00e1\u00a0Eres el mejor del mundo es perfecto para demostrarle a tu padre de manera original<\/strong>\u00a0y con\u00a0<strong>buen rollo<\/strong>\u00a0todo el\u00a0<strong>cari\u00f1o<\/strong>\u00a0que le tienes. Adem\u00e1s, \u00a1se acordar\u00e1 de ti cada vez que lleve los calcetines puestos!. Perfecto para regalar el\u00a0<strong>d\u00eda del padre<\/strong> o cualquier otro d\u00eda del a\u00f1o.<\/p>\n<\/div>\n<\/div>\n","protected":false},"featured_media":14129,"comment_status":"open","ping_status":"closed","template":"","meta":{"_acf_changed":false,"_joinchat":[]},"product_brand":[],"product_cat":[1347],"product_tag":[1002,1085],"class_list":{"0":"post-14141","1":"product","2":"type-product","3":"status-publish","4":"has-post-thumbnail","6":"product_cat-papa","7":"product_tag-calcetines","8":"product_tag-papa","9":"latest_post","11":"first","12":"outofstock","13":"taxable","14":"shipping-taxable","15":"purchasable","16":"product-type-simple"},"acf":[],"yoast_head":"<!-- This site is optimized with the Yoast SEO plugin v27.4 - https:\/\/yoast.com\/product\/yoast-seo-wordpress\/ -->\n<title>CALCETINES &quot;Pap\u00e1 eres el mejor del Mundo&quot; - Marr\u00f3nynegro - Menta y Mora<\/title>\n<meta name=\"description\" content=\"CALCETINES &quot;Pap\u00e1 eres el mejor del Mundo&quot; - Marr\u00f3nynegro El\u00a0calcet\u00edn Pap\u00e1\u00a0eres el mejor del mundo,\u00a0es perfecto para regalar a tu padre y demostrar con un\" \/>\n<meta name=\"robots\" content=\"index, follow, max-snippet:-1, max-image-preview:large, max-video-preview:-1\" \/>\n<link rel=\"canonical\" href=\"https:\/\/www.mentaymora.com\/index.php\/producto\/calcetines-papa-eres-el-mejor-del-mundo-marronynegro\/\" \/>\n<meta property=\"og:locale\" content=\"es_ES\" \/>\n<meta property=\"og:type\" content=\"article\" \/>\n<meta property=\"og:title\" content=\"CALCETINES &quot;Pap\u00e1 eres el mejor del Mundo&quot; - Marr\u00f3nynegro - Menta y Mora\" \/>\n<meta property=\"og:description\" content=\"CALCETINES &quot;Pap\u00e1 eres el mejor del Mundo&quot; - Marr\u00f3nynegro El\u00a0calcet\u00edn Pap\u00e1\u00a0eres el mejor del mundo,\u00a0es perfecto para regalar a tu padre y demostrar con un\" \/>\n<meta property=\"og:url\" content=\"https:\/\/www.mentaymora.com\/index.php\/producto\/calcetines-papa-eres-el-mejor-del-mundo-marronynegro\/\" \/>\n<meta property=\"og:site_name\" content=\"Menta y Mora\" \/>\n<meta property=\"article:publisher\" content=\"https:\/\/es-es.facebook.com\/MentayMora\/\" \/>\n<meta property=\"article:modified_time\" content=\"2025-03-18T11:23:47+00:00\" \/>\n<meta property=\"og:image\" content=\"https:\/\/www.mentaymora.com\/wp-content\/uploads\/2024\/03\/calcetin-papa-eres-el-mejor-del-mundo.jpg\" \/>\n\t<meta property=\"og:image:width\" content=\"320\" \/>\n\t<meta property=\"og:image:height\" content=\"480\" \/>\n\t<meta property=\"og:image:type\" content=\"image\/jpeg\" \/>\n<meta name=\"twitter:card\" content=\"summary_large_image\" \/>\n<meta name=\"twitter:label1\" content=\"Tiempo de lectura\" \/>\n\t<meta name=\"twitter:data1\" content=\"1 minuto\" \/>\n<script type=\"application\/ld+json\" class=\"yoast-schema-graph\">{\"@context\":\"https:\\\/\\\/schema.org\",\"@graph\":[{\"@type\":\"WebPage\",\"@id\":\"https:\\\/\\\/www.mentaymora.com\\\/index.php\\\/producto\\\/calcetines-papa-eres-el-mejor-del-mundo-marronynegro\\\/\",\"url\":\"https:\\\/\\\/www.mentaymora.com\\\/index.php\\\/producto\\\/calcetines-papa-eres-el-mejor-del-mundo-marronynegro\\\/\",\"name\":\"CALCETINES \\\"Pap\u00e1 eres el mejor del Mundo\\\" - Marr\u00f3nynegro - Menta y Mora\",\"isPartOf\":{\"@id\":\"https:\\\/\\\/www.mentaymora.com\\\/#website\"},\"primaryImageOfPage\":{\"@id\":\"https:\\\/\\\/www.mentaymora.com\\\/index.php\\\/producto\\\/calcetines-papa-eres-el-mejor-del-mundo-marronynegro\\\/#primaryimage\"},\"image\":{\"@id\":\"https:\\\/\\\/www.mentaymora.com\\\/index.php\\\/producto\\\/calcetines-papa-eres-el-mejor-del-mundo-marronynegro\\\/#primaryimage\"},\"thumbnailUrl\":\"https:\\\/\\\/www.mentaymora.com\\\/wp-content\\\/uploads\\\/2024\\\/03\\\/calcetin-papa-eres-el-mejor-del-mundo.jpg\",\"datePublished\":\"2024-03-02T17:16:12+00:00\",\"dateModified\":\"2025-03-18T11:23:47+00:00\",\"description\":\"CALCETINES \\\"Pap\u00e1 eres el mejor del Mundo\\\" - Marr\u00f3nynegro El\u00a0calcet\u00edn Pap\u00e1\u00a0eres el mejor del mundo,\u00a0es perfecto para regalar a tu padre y demostrar con un\",\"breadcrumb\":{\"@id\":\"https:\\\/\\\/www.mentaymora.com\\\/index.php\\\/producto\\\/calcetines-papa-eres-el-mejor-del-mundo-marronynegro\\\/#breadcrumb\"},\"inLanguage\":\"es\",\"potentialAction\":[{\"@type\":\"ReadAction\",\"target\":[\"https:\\\/\\\/www.mentaymora.com\\\/index.php\\\/producto\\\/calcetines-papa-eres-el-mejor-del-mundo-marronynegro\\\/\"]}]},{\"@type\":\"ImageObject\",\"inLanguage\":\"es\",\"@id\":\"https:\\\/\\\/www.mentaymora.com\\\/index.php\\\/producto\\\/calcetines-papa-eres-el-mejor-del-mundo-marronynegro\\\/#primaryimage\",\"url\":\"https:\\\/\\\/www.mentaymora.com\\\/wp-content\\\/uploads\\\/2024\\\/03\\\/calcetin-papa-eres-el-mejor-del-mundo.jpg\",\"contentUrl\":\"https:\\\/\\\/www.mentaymora.com\\\/wp-content\\\/uploads\\\/2024\\\/03\\\/calcetin-papa-eres-el-mejor-del-mundo.jpg\",\"width\":320,\"height\":480,\"caption\":\"calcetin papa eres el mejor del mundo\"},{\"@type\":\"BreadcrumbList\",\"@id\":\"https:\\\/\\\/www.mentaymora.com\\\/index.php\\\/producto\\\/calcetines-papa-eres-el-mejor-del-mundo-marronynegro\\\/#breadcrumb\",\"itemListElement\":[{\"@type\":\"ListItem\",\"position\":1,\"name\":\"Portada\",\"item\":\"https:\\\/\\\/www.mentaymora.com\\\/\"},{\"@type\":\"ListItem\",\"position\":2,\"name\":\"Productos\",\"item\":\"https:\\\/\\\/www.mentaymora.com\\\/index.php\\\/tienda\\\/\"},{\"@type\":\"ListItem\",\"position\":3,\"name\":\"CALCETINES &#8220;Pap\u00e1 eres el mejor del Mundo&#8221; &#8211; Marr\u00f3nynegro\"}]},{\"@type\":\"WebSite\",\"@id\":\"https:\\\/\\\/www.mentaymora.com\\\/#website\",\"url\":\"https:\\\/\\\/www.mentaymora.com\\\/\",\"name\":\"Menta y Mora\",\"description\":\"Regalos y Complementos\",\"publisher\":{\"@id\":\"https:\\\/\\\/www.mentaymora.com\\\/#organization\"},\"potentialAction\":[{\"@type\":\"SearchAction\",\"target\":{\"@type\":\"EntryPoint\",\"urlTemplate\":\"https:\\\/\\\/www.mentaymora.com\\\/?s={search_term_string}\"},\"query-input\":{\"@type\":\"PropertyValueSpecification\",\"valueRequired\":true,\"valueName\":\"search_term_string\"}}],\"inLanguage\":\"es\"},{\"@type\":\"Organization\",\"@id\":\"https:\\\/\\\/www.mentaymora.com\\\/#organization\",\"name\":\"Menta y Mora\",\"url\":\"https:\\\/\\\/www.mentaymora.com\\\/\",\"logo\":{\"@type\":\"ImageObject\",\"inLanguage\":\"es\",\"@id\":\"https:\\\/\\\/www.mentaymora.com\\\/#\\\/schema\\\/logo\\\/image\\\/\",\"url\":\"https:\\\/\\\/www.mentaymora.com\\\/wp-content\\\/uploads\\\/2021\\\/07\\\/Logo.jpg\",\"contentUrl\":\"https:\\\/\\\/www.mentaymora.com\\\/wp-content\\\/uploads\\\/2021\\\/07\\\/Logo.jpg\",\"width\":1172,\"height\":1172,\"caption\":\"Menta y Mora\"},\"image\":{\"@id\":\"https:\\\/\\\/www.mentaymora.com\\\/#\\\/schema\\\/logo\\\/image\\\/\"},\"sameAs\":[\"https:\\\/\\\/es-es.facebook.com\\\/MentayMora\\\/\",\"https:\\\/\\\/www.instagram.com\\\/mentaymora.illescas\\\/?hl=es\",\"https:\\\/\\\/www.youtube.com\\\/channel\\\/UCuMMtdck_1XS-MyW6ZnBAlw\"]}]}<\/script>\n<!-- \/ Yoast SEO plugin. -->","yoast_head_json":{"title":"CALCETINES \"Pap\u00e1 eres el mejor del Mundo\" - Marr\u00f3nynegro - Menta y Mora","description":"CALCETINES \"Pap\u00e1 eres el mejor del Mundo\" - Marr\u00f3nynegro El\u00a0calcet\u00edn Pap\u00e1\u00a0eres el mejor del mundo,\u00a0es perfecto para regalar a tu padre y demostrar con un","robots":{"index":"index","follow":"follow","max-snippet":"max-snippet:-1","max-image-preview":"max-image-preview:large","max-video-preview":"max-video-preview:-1"},"canonical":"https:\/\/www.mentaymora.com\/index.php\/producto\/calcetines-papa-eres-el-mejor-del-mundo-marronynegro\/","og_locale":"es_ES","og_type":"article","og_title":"CALCETINES \"Pap\u00e1 eres el mejor del Mundo\" - Marr\u00f3nynegro - Menta y Mora","og_description":"CALCETINES \"Pap\u00e1 eres el mejor del Mundo\" - Marr\u00f3nynegro El\u00a0calcet\u00edn Pap\u00e1\u00a0eres el mejor del mundo,\u00a0es perfecto para regalar a tu padre y demostrar con un","og_url":"https:\/\/www.mentaymora.com\/index.php\/producto\/calcetines-papa-eres-el-mejor-del-mundo-marronynegro\/","og_site_name":"Menta y Mora","article_publisher":"https:\/\/es-es.facebook.com\/MentayMora\/","article_modified_time":"2025-03-18T11:23:47+00:00","og_image":[{"width":320,"height":480,"url":"https:\/\/www.mentaymora.com\/wp-content\/uploads\/2024\/03\/calcetin-papa-eres-el-mejor-del-mundo.jpg","type":"image\/jpeg"}],"twitter_card":"summary_large_image","twitter_misc":{"Tiempo de lectura":"1 minuto"},"schema":{"@context":"https:\/\/schema.org","@graph":[{"@type":"WebPage","@id":"https:\/\/www.mentaymora.com\/index.php\/producto\/calcetines-papa-eres-el-mejor-del-mundo-marronynegro\/","url":"https:\/\/www.mentaymora.com\/index.php\/producto\/calcetines-papa-eres-el-mejor-del-mundo-marronynegro\/","name":"CALCETINES \"Pap\u00e1 eres el mejor del Mundo\" - Marr\u00f3nynegro - Menta y Mora","isPartOf":{"@id":"https:\/\/www.mentaymora.com\/#website"},"primaryImageOfPage":{"@id":"https:\/\/www.mentaymora.com\/index.php\/producto\/calcetines-papa-eres-el-mejor-del-mundo-marronynegro\/#primaryimage"},"image":{"@id":"https:\/\/www.mentaymora.com\/index.php\/producto\/calcetines-papa-eres-el-mejor-del-mundo-marronynegro\/#primaryimage"},"thumbnailUrl":"https:\/\/www.mentaymora.com\/wp-content\/uploads\/2024\/03\/calcetin-papa-eres-el-mejor-del-mundo.jpg","datePublished":"2024-03-02T17:16:12+00:00","dateModified":"2025-03-18T11:23:47+00:00","description":"CALCETINES \"Pap\u00e1 eres el mejor del Mundo\" - Marr\u00f3nynegro El\u00a0calcet\u00edn Pap\u00e1\u00a0eres el mejor del mundo,\u00a0es perfecto para regalar a tu padre y demostrar con un","breadcrumb":{"@id":"https:\/\/www.mentaymora.com\/index.php\/producto\/calcetines-papa-eres-el-mejor-del-mundo-marronynegro\/#breadcrumb"},"inLanguage":"es","potentialAction":[{"@type":"ReadAction","target":["https:\/\/www.mentaymora.com\/index.php\/producto\/calcetines-papa-eres-el-mejor-del-mundo-marronynegro\/"]}]},{"@type":"ImageObject","inLanguage":"es","@id":"https:\/\/www.mentaymora.com\/index.php\/producto\/calcetines-papa-eres-el-mejor-del-mundo-marronynegro\/#primaryimage","url":"https:\/\/www.mentaymora.com\/wp-content\/uploads\/2024\/03\/calcetin-papa-eres-el-mejor-del-mundo.jpg","contentUrl":"https:\/\/www.mentaymora.com\/wp-content\/uploads\/2024\/03\/calcetin-papa-eres-el-mejor-del-mundo.jpg","width":320,"height":480,"caption":"calcetin papa eres el mejor del mundo"},{"@type":"BreadcrumbList","@id":"https:\/\/www.mentaymora.com\/index.php\/producto\/calcetines-papa-eres-el-mejor-del-mundo-marronynegro\/#breadcrumb","itemListElement":[{"@type":"ListItem","position":1,"name":"Portada","item":"https:\/\/www.mentaymora.com\/"},{"@type":"ListItem","position":2,"name":"Productos","item":"https:\/\/www.mentaymora.com\/index.php\/tienda\/"},{"@type":"ListItem","position":3,"name":"CALCETINES &#8220;Pap\u00e1 eres el mejor del Mundo&#8221; &#8211; Marr\u00f3nynegro"}]},{"@type":"WebSite","@id":"https:\/\/www.mentaymora.com\/#website","url":"https:\/\/www.mentaymora.com\/","name":"Menta y Mora","description":"Regalos y Complementos","publisher":{"@id":"https:\/\/www.mentaymora.com\/#organization"},"potentialAction":[{"@type":"SearchAction","target":{"@type":"EntryPoint","urlTemplate":"https:\/\/www.mentaymora.com\/?s={search_term_string}"},"query-input":{"@type":"PropertyValueSpecification","valueRequired":true,"valueName":"search_term_string"}}],"inLanguage":"es"},{"@type":"Organization","@id":"https:\/\/www.mentaymora.com\/#organization","name":"Menta y Mora","url":"https:\/\/www.mentaymora.com\/","logo":{"@type":"ImageObject","inLanguage":"es","@id":"https:\/\/www.mentaymora.com\/#\/schema\/logo\/image\/","url":"https:\/\/www.mentaymora.com\/wp-content\/uploads\/2021\/07\/Logo.jpg","contentUrl":"https:\/\/www.mentaymora.com\/wp-content\/uploads\/2021\/07\/Logo.jpg","width":1172,"height":1172,"caption":"Menta y Mora"},"image":{"@id":"https:\/\/www.mentaymora.com\/#\/schema\/logo\/image\/"},"sameAs":["https:\/\/es-es.facebook.com\/MentayMora\/","https:\/\/www.instagram.com\/mentaymora.illescas\/?hl=es","https:\/\/www.youtube.com\/channel\/UCuMMtdck_1XS-MyW6ZnBAlw"]}]}},"_links":{"self":[{"href":"https:\/\/www.mentaymora.com\/index.php\/wp-json\/wp\/v2\/product\/14141","targetHints":{"allow":["GET"]}}],"collection":[{"href":"https:\/\/www.mentaymora.com\/index.php\/wp-json\/wp\/v2\/product"}],"about":[{"href":"https:\/\/www.mentaymora.com\/index.php\/wp-json\/wp\/v2\/types\/product"}],"replies":[{"embeddable":true,"href":"https:\/\/www.mentaymora.com\/index.php\/wp-json\/wp\/v2\/comments?post=14141"}],"wp:featuredmedia":[{"embeddable":true,"href":"https:\/\/www.mentaymora.com\/index.php\/wp-json\/wp\/v2\/media\/14129"}],"wp:attachment":[{"href":"https:\/\/www.mentaymora.com\/index.php\/wp-json\/wp\/v2\/media?parent=14141"}],"wp:term":[{"taxonomy":"product_brand","embeddable":true,"href":"https:\/\/www.mentaymora.com\/index.php\/wp-json\/wp\/v2\/product_brand?post=14141"},{"taxonomy":"product_cat","embeddable":true,"href":"https:\/\/www.mentaymora.com\/index.php\/wp-json\/wp\/v2\/product_cat?post=14141"},{"taxonomy":"product_tag","embeddable":true,"href":"https:\/\/www.mentaymora.com\/index.php\/wp-json\/wp\/v2\/product_tag?post=14141"}],"curies":[{"name":"wp","href":"https:\/\/api.w.org\/{rel}","templated":true}]}}