{"id":14145,"date":"2024-03-02T18:31:26","date_gmt":"2024-03-02T17:31:26","guid":{"rendered":"https:\/\/www.mentaymora.com\/?post_type=product&#038;p=14145"},"modified":"2026-03-18T20:45:25","modified_gmt":"2026-03-18T19:45:25","slug":"pulsera-papa-molon-marronynegro","status":"publish","type":"product","link":"https:\/\/www.mentaymora.com\/index.php\/producto\/pulsera-papa-molon-marronynegro\/","title":{"rendered":"PULSERA \u00abPap\u00e1 Mol\u00f3n\u00bb &#8211; Marr\u00f3nynegro"},"content":{"rendered":"<p>PULSERA \u00abPap\u00e1 Mol\u00f3n\u00bb &#8211; Marr\u00f3nynegro<\/p>\n<p><strong>Te presentamos\u00a0la pulsera\u00a0Pap\u00e1 Mol\u00f3n<\/strong><\/p>\n<p>Para todos esos padres que molan, que nos hacen la vida mucho m\u00e1s f\u00e1cil y divertida, y que comparten con nosotros los mejores momentos de sus d\u00edas, hemos creado nuestra nueva pulsera Pap\u00e1 Mol\u00f3n.<\/p>\n<p><strong>Caracter\u00edsticas de la pulsera:<\/strong><\/p>\n<p>&#8211; Tela en tejido pol\u00edester<\/p>\n<p>&#8211; Impresi\u00f3n fotogr\u00e1fica de alta calidad<\/p>\n<p>&#8211; 1cm de ancho x 32 cm de largo\u00a0<\/p>\n<p>&#8211; Cierre con bola met\u00e1lica<\/p>\n<p>&#8211; Ajustable<\/p>\n<p>&#8211; Fabricaci\u00f3n 100&#215;100 nacional<\/p>\n<p>&#8211; Dise\u00f1o exclusivo Marronynegro\u00a0<\/p>\n<p>&nbsp;<\/p>\n<div class=\"woocommerce-tabs wc-tabs-wrapper\">\n<div id=\"tab-description\" class=\"woocommerce-Tabs-panel woocommerce-Tabs-panel--description panel entry-content wc-tab\" role=\"tabpanel\" aria-labelledby=\"tab-title-description\">\n<p>Tus regalos en\u00a0<a href=\"https:\/\/www.mentaymora.com\/\">Menta y Mora<\/a>\u00a0 \u00a0S\u00edguenos en nuestras RRSS (<a href=\"https:\/\/es-es.facebook.com\/MentayMora\/\">Facebook<\/a>\u00a0e\u00a0<a href=\"https:\/\/www.instagram.com\/mentaymora.illescas\/?hl=es\">Instagram<\/a>)\u00a0 \u00a0\u00a0Si tienes alguna consulta,\u00a0<a href=\"mailto:%20info@mentaymora.com\">preg\u00fantanos<\/a>.<\/p>\n<section class=\"share-product\">\n<header class=\"share-product__header\"><\/header>\n<\/section>\n<\/div>\n<\/div>\n","protected":false},"excerpt":{"rendered":"<div id=\"product-description-short-1771\">\n<div id=\"product-description-short-1046\">\n<div id=\"product-description-short-744\">\n<div id=\"product-description-short-753\">\n<div id=\"product-description-short-1062\">\n<div id=\"product-description-short-316\">\n<p><strong>No hay mayor orgullo que presumir de tener el pap\u00e1 m\u00e1s mol\u00f3n del mundo<\/strong>, ese que tod@s tus amig@s quieren tener, ese con el que pasar\u00edas horas y horas porque es el m\u00e1s enrollado de todos. Pues ha llegado su pulsera perfecta, la<strong>\u00a0pulsera Pap\u00e1 Mol\u00f3n<\/strong>.<\/p>\n<\/div>\n<\/div>\n<\/div>\n<\/div>\n<\/div>\n<\/div>\n","protected":false},"featured_media":14140,"comment_status":"open","ping_status":"closed","template":"","meta":{"_acf_changed":false,"_joinchat":[]},"product_brand":[],"product_cat":[1347],"product_tag":[1085,1351],"class_list":{"0":"post-14145","1":"product","2":"type-product","3":"status-publish","4":"has-post-thumbnail","6":"product_cat-papa","7":"product_tag-papa","8":"product_tag-pulsera","9":"latest_post","11":"first","12":"outofstock","13":"taxable","14":"shipping-taxable","15":"purchasable","16":"product-type-simple"},"acf":[],"yoast_head":"<!-- This site is optimized with the Yoast SEO plugin v27.4 - https:\/\/yoast.com\/product\/yoast-seo-wordpress\/ -->\n<title>PULSERA &quot;Pap\u00e1 Mol\u00f3n&quot; - Marr\u00f3nynegro - Menta y Mora<\/title>\n<meta name=\"description\" content=\"PULSERA &quot;Pap\u00e1 Mol\u00f3n&quot; - Marr\u00f3nynegro Te presentamos\u00a0la pulsera\u00a0Pap\u00e1 Mol\u00f3n Para todos esos padres que molan, que nos hacen la vida mucho m\u00e1s f\u00e1cil y\" \/>\n<meta name=\"robots\" content=\"index, follow, max-snippet:-1, max-image-preview:large, max-video-preview:-1\" \/>\n<link rel=\"canonical\" href=\"https:\/\/www.mentaymora.com\/index.php\/producto\/pulsera-papa-molon-marronynegro\/\" \/>\n<meta property=\"og:locale\" content=\"es_ES\" \/>\n<meta property=\"og:type\" content=\"article\" \/>\n<meta property=\"og:title\" content=\"PULSERA &quot;Pap\u00e1 Mol\u00f3n&quot; - Marr\u00f3nynegro - Menta y Mora\" \/>\n<meta property=\"og:description\" content=\"PULSERA &quot;Pap\u00e1 Mol\u00f3n&quot; - Marr\u00f3nynegro Te presentamos\u00a0la pulsera\u00a0Pap\u00e1 Mol\u00f3n Para todos esos padres que molan, que nos hacen la vida mucho m\u00e1s f\u00e1cil y\" \/>\n<meta property=\"og:url\" content=\"https:\/\/www.mentaymora.com\/index.php\/producto\/pulsera-papa-molon-marronynegro\/\" \/>\n<meta property=\"og:site_name\" content=\"Menta y Mora\" \/>\n<meta property=\"article:publisher\" content=\"https:\/\/es-es.facebook.com\/MentayMora\/\" \/>\n<meta property=\"article:modified_time\" content=\"2026-03-18T19:45:25+00:00\" \/>\n<meta property=\"og:image\" content=\"https:\/\/www.mentaymora.com\/wp-content\/uploads\/2024\/03\/pulsera-papa-molon.jpg\" \/>\n\t<meta property=\"og:image:width\" content=\"320\" \/>\n\t<meta property=\"og:image:height\" content=\"480\" \/>\n\t<meta property=\"og:image:type\" content=\"image\/jpeg\" \/>\n<meta name=\"twitter:card\" content=\"summary_large_image\" \/>\n<meta name=\"twitter:label1\" content=\"Tiempo de lectura\" \/>\n\t<meta name=\"twitter:data1\" content=\"1 minuto\" \/>\n<script type=\"application\/ld+json\" class=\"yoast-schema-graph\">{\"@context\":\"https:\\\/\\\/schema.org\",\"@graph\":[{\"@type\":\"WebPage\",\"@id\":\"https:\\\/\\\/www.mentaymora.com\\\/index.php\\\/producto\\\/pulsera-papa-molon-marronynegro\\\/\",\"url\":\"https:\\\/\\\/www.mentaymora.com\\\/index.php\\\/producto\\\/pulsera-papa-molon-marronynegro\\\/\",\"name\":\"PULSERA \\\"Pap\u00e1 Mol\u00f3n\\\" - Marr\u00f3nynegro - Menta y Mora\",\"isPartOf\":{\"@id\":\"https:\\\/\\\/www.mentaymora.com\\\/#website\"},\"primaryImageOfPage\":{\"@id\":\"https:\\\/\\\/www.mentaymora.com\\\/index.php\\\/producto\\\/pulsera-papa-molon-marronynegro\\\/#primaryimage\"},\"image\":{\"@id\":\"https:\\\/\\\/www.mentaymora.com\\\/index.php\\\/producto\\\/pulsera-papa-molon-marronynegro\\\/#primaryimage\"},\"thumbnailUrl\":\"https:\\\/\\\/www.mentaymora.com\\\/wp-content\\\/uploads\\\/2024\\\/03\\\/pulsera-papa-molon.jpg\",\"datePublished\":\"2024-03-02T17:31:26+00:00\",\"dateModified\":\"2026-03-18T19:45:25+00:00\",\"description\":\"PULSERA \\\"Pap\u00e1 Mol\u00f3n\\\" - Marr\u00f3nynegro Te presentamos\u00a0la pulsera\u00a0Pap\u00e1 Mol\u00f3n Para todos esos padres que molan, que nos hacen la vida mucho m\u00e1s f\u00e1cil y\",\"breadcrumb\":{\"@id\":\"https:\\\/\\\/www.mentaymora.com\\\/index.php\\\/producto\\\/pulsera-papa-molon-marronynegro\\\/#breadcrumb\"},\"inLanguage\":\"es\",\"potentialAction\":[{\"@type\":\"ReadAction\",\"target\":[\"https:\\\/\\\/www.mentaymora.com\\\/index.php\\\/producto\\\/pulsera-papa-molon-marronynegro\\\/\"]}]},{\"@type\":\"ImageObject\",\"inLanguage\":\"es\",\"@id\":\"https:\\\/\\\/www.mentaymora.com\\\/index.php\\\/producto\\\/pulsera-papa-molon-marronynegro\\\/#primaryimage\",\"url\":\"https:\\\/\\\/www.mentaymora.com\\\/wp-content\\\/uploads\\\/2024\\\/03\\\/pulsera-papa-molon.jpg\",\"contentUrl\":\"https:\\\/\\\/www.mentaymora.com\\\/wp-content\\\/uploads\\\/2024\\\/03\\\/pulsera-papa-molon.jpg\",\"width\":320,\"height\":480,\"caption\":\"pulsera papa molon\"},{\"@type\":\"BreadcrumbList\",\"@id\":\"https:\\\/\\\/www.mentaymora.com\\\/index.php\\\/producto\\\/pulsera-papa-molon-marronynegro\\\/#breadcrumb\",\"itemListElement\":[{\"@type\":\"ListItem\",\"position\":1,\"name\":\"Portada\",\"item\":\"https:\\\/\\\/www.mentaymora.com\\\/\"},{\"@type\":\"ListItem\",\"position\":2,\"name\":\"Productos\",\"item\":\"https:\\\/\\\/www.mentaymora.com\\\/index.php\\\/tienda\\\/\"},{\"@type\":\"ListItem\",\"position\":3,\"name\":\"PULSERA \u00abPap\u00e1 Mol\u00f3n\u00bb &#8211; Marr\u00f3nynegro\"}]},{\"@type\":\"WebSite\",\"@id\":\"https:\\\/\\\/www.mentaymora.com\\\/#website\",\"url\":\"https:\\\/\\\/www.mentaymora.com\\\/\",\"name\":\"Menta y Mora\",\"description\":\"Regalos y Complementos\",\"publisher\":{\"@id\":\"https:\\\/\\\/www.mentaymora.com\\\/#organization\"},\"potentialAction\":[{\"@type\":\"SearchAction\",\"target\":{\"@type\":\"EntryPoint\",\"urlTemplate\":\"https:\\\/\\\/www.mentaymora.com\\\/?s={search_term_string}\"},\"query-input\":{\"@type\":\"PropertyValueSpecification\",\"valueRequired\":true,\"valueName\":\"search_term_string\"}}],\"inLanguage\":\"es\"},{\"@type\":\"Organization\",\"@id\":\"https:\\\/\\\/www.mentaymora.com\\\/#organization\",\"name\":\"Menta y Mora\",\"url\":\"https:\\\/\\\/www.mentaymora.com\\\/\",\"logo\":{\"@type\":\"ImageObject\",\"inLanguage\":\"es\",\"@id\":\"https:\\\/\\\/www.mentaymora.com\\\/#\\\/schema\\\/logo\\\/image\\\/\",\"url\":\"https:\\\/\\\/www.mentaymora.com\\\/wp-content\\\/uploads\\\/2021\\\/07\\\/Logo.jpg\",\"contentUrl\":\"https:\\\/\\\/www.mentaymora.com\\\/wp-content\\\/uploads\\\/2021\\\/07\\\/Logo.jpg\",\"width\":1172,\"height\":1172,\"caption\":\"Menta y Mora\"},\"image\":{\"@id\":\"https:\\\/\\\/www.mentaymora.com\\\/#\\\/schema\\\/logo\\\/image\\\/\"},\"sameAs\":[\"https:\\\/\\\/es-es.facebook.com\\\/MentayMora\\\/\",\"https:\\\/\\\/www.instagram.com\\\/mentaymora.illescas\\\/?hl=es\",\"https:\\\/\\\/www.youtube.com\\\/channel\\\/UCuMMtdck_1XS-MyW6ZnBAlw\"]}]}<\/script>\n<!-- \/ Yoast SEO plugin. -->","yoast_head_json":{"title":"PULSERA \"Pap\u00e1 Mol\u00f3n\" - Marr\u00f3nynegro - Menta y Mora","description":"PULSERA \"Pap\u00e1 Mol\u00f3n\" - Marr\u00f3nynegro Te presentamos\u00a0la pulsera\u00a0Pap\u00e1 Mol\u00f3n Para todos esos padres que molan, que nos hacen la vida mucho m\u00e1s f\u00e1cil y","robots":{"index":"index","follow":"follow","max-snippet":"max-snippet:-1","max-image-preview":"max-image-preview:large","max-video-preview":"max-video-preview:-1"},"canonical":"https:\/\/www.mentaymora.com\/index.php\/producto\/pulsera-papa-molon-marronynegro\/","og_locale":"es_ES","og_type":"article","og_title":"PULSERA \"Pap\u00e1 Mol\u00f3n\" - Marr\u00f3nynegro - Menta y Mora","og_description":"PULSERA \"Pap\u00e1 Mol\u00f3n\" - Marr\u00f3nynegro Te presentamos\u00a0la pulsera\u00a0Pap\u00e1 Mol\u00f3n Para todos esos padres que molan, que nos hacen la vida mucho m\u00e1s f\u00e1cil y","og_url":"https:\/\/www.mentaymora.com\/index.php\/producto\/pulsera-papa-molon-marronynegro\/","og_site_name":"Menta y Mora","article_publisher":"https:\/\/es-es.facebook.com\/MentayMora\/","article_modified_time":"2026-03-18T19:45:25+00:00","og_image":[{"width":320,"height":480,"url":"https:\/\/www.mentaymora.com\/wp-content\/uploads\/2024\/03\/pulsera-papa-molon.jpg","type":"image\/jpeg"}],"twitter_card":"summary_large_image","twitter_misc":{"Tiempo de lectura":"1 minuto"},"schema":{"@context":"https:\/\/schema.org","@graph":[{"@type":"WebPage","@id":"https:\/\/www.mentaymora.com\/index.php\/producto\/pulsera-papa-molon-marronynegro\/","url":"https:\/\/www.mentaymora.com\/index.php\/producto\/pulsera-papa-molon-marronynegro\/","name":"PULSERA \"Pap\u00e1 Mol\u00f3n\" - Marr\u00f3nynegro - Menta y Mora","isPartOf":{"@id":"https:\/\/www.mentaymora.com\/#website"},"primaryImageOfPage":{"@id":"https:\/\/www.mentaymora.com\/index.php\/producto\/pulsera-papa-molon-marronynegro\/#primaryimage"},"image":{"@id":"https:\/\/www.mentaymora.com\/index.php\/producto\/pulsera-papa-molon-marronynegro\/#primaryimage"},"thumbnailUrl":"https:\/\/www.mentaymora.com\/wp-content\/uploads\/2024\/03\/pulsera-papa-molon.jpg","datePublished":"2024-03-02T17:31:26+00:00","dateModified":"2026-03-18T19:45:25+00:00","description":"PULSERA \"Pap\u00e1 Mol\u00f3n\" - Marr\u00f3nynegro Te presentamos\u00a0la pulsera\u00a0Pap\u00e1 Mol\u00f3n Para todos esos padres que molan, que nos hacen la vida mucho m\u00e1s f\u00e1cil y","breadcrumb":{"@id":"https:\/\/www.mentaymora.com\/index.php\/producto\/pulsera-papa-molon-marronynegro\/#breadcrumb"},"inLanguage":"es","potentialAction":[{"@type":"ReadAction","target":["https:\/\/www.mentaymora.com\/index.php\/producto\/pulsera-papa-molon-marronynegro\/"]}]},{"@type":"ImageObject","inLanguage":"es","@id":"https:\/\/www.mentaymora.com\/index.php\/producto\/pulsera-papa-molon-marronynegro\/#primaryimage","url":"https:\/\/www.mentaymora.com\/wp-content\/uploads\/2024\/03\/pulsera-papa-molon.jpg","contentUrl":"https:\/\/www.mentaymora.com\/wp-content\/uploads\/2024\/03\/pulsera-papa-molon.jpg","width":320,"height":480,"caption":"pulsera papa molon"},{"@type":"BreadcrumbList","@id":"https:\/\/www.mentaymora.com\/index.php\/producto\/pulsera-papa-molon-marronynegro\/#breadcrumb","itemListElement":[{"@type":"ListItem","position":1,"name":"Portada","item":"https:\/\/www.mentaymora.com\/"},{"@type":"ListItem","position":2,"name":"Productos","item":"https:\/\/www.mentaymora.com\/index.php\/tienda\/"},{"@type":"ListItem","position":3,"name":"PULSERA \u00abPap\u00e1 Mol\u00f3n\u00bb &#8211; Marr\u00f3nynegro"}]},{"@type":"WebSite","@id":"https:\/\/www.mentaymora.com\/#website","url":"https:\/\/www.mentaymora.com\/","name":"Menta y Mora","description":"Regalos y Complementos","publisher":{"@id":"https:\/\/www.mentaymora.com\/#organization"},"potentialAction":[{"@type":"SearchAction","target":{"@type":"EntryPoint","urlTemplate":"https:\/\/www.mentaymora.com\/?s={search_term_string}"},"query-input":{"@type":"PropertyValueSpecification","valueRequired":true,"valueName":"search_term_string"}}],"inLanguage":"es"},{"@type":"Organization","@id":"https:\/\/www.mentaymora.com\/#organization","name":"Menta y Mora","url":"https:\/\/www.mentaymora.com\/","logo":{"@type":"ImageObject","inLanguage":"es","@id":"https:\/\/www.mentaymora.com\/#\/schema\/logo\/image\/","url":"https:\/\/www.mentaymora.com\/wp-content\/uploads\/2021\/07\/Logo.jpg","contentUrl":"https:\/\/www.mentaymora.com\/wp-content\/uploads\/2021\/07\/Logo.jpg","width":1172,"height":1172,"caption":"Menta y Mora"},"image":{"@id":"https:\/\/www.mentaymora.com\/#\/schema\/logo\/image\/"},"sameAs":["https:\/\/es-es.facebook.com\/MentayMora\/","https:\/\/www.instagram.com\/mentaymora.illescas\/?hl=es","https:\/\/www.youtube.com\/channel\/UCuMMtdck_1XS-MyW6ZnBAlw"]}]}},"_links":{"self":[{"href":"https:\/\/www.mentaymora.com\/index.php\/wp-json\/wp\/v2\/product\/14145","targetHints":{"allow":["GET"]}}],"collection":[{"href":"https:\/\/www.mentaymora.com\/index.php\/wp-json\/wp\/v2\/product"}],"about":[{"href":"https:\/\/www.mentaymora.com\/index.php\/wp-json\/wp\/v2\/types\/product"}],"replies":[{"embeddable":true,"href":"https:\/\/www.mentaymora.com\/index.php\/wp-json\/wp\/v2\/comments?post=14145"}],"wp:featuredmedia":[{"embeddable":true,"href":"https:\/\/www.mentaymora.com\/index.php\/wp-json\/wp\/v2\/media\/14140"}],"wp:attachment":[{"href":"https:\/\/www.mentaymora.com\/index.php\/wp-json\/wp\/v2\/media?parent=14145"}],"wp:term":[{"taxonomy":"product_brand","embeddable":true,"href":"https:\/\/www.mentaymora.com\/index.php\/wp-json\/wp\/v2\/product_brand?post=14145"},{"taxonomy":"product_cat","embeddable":true,"href":"https:\/\/www.mentaymora.com\/index.php\/wp-json\/wp\/v2\/product_cat?post=14145"},{"taxonomy":"product_tag","embeddable":true,"href":"https:\/\/www.mentaymora.com\/index.php\/wp-json\/wp\/v2\/product_tag?post=14145"}],"curies":[{"name":"wp","href":"https:\/\/api.w.org\/{rel}","templated":true}]}}