{"id":14636,"date":"2024-04-04T16:32:18","date_gmt":"2024-04-04T15:32:18","guid":{"rendered":"https:\/\/www.mentaymora.com\/?post_type=product&#038;p=14636"},"modified":"2024-04-04T16:44:15","modified_gmt":"2024-04-04T15:44:15","slug":"crema-corporal-seda-moras-200ml-tfc","status":"publish","type":"product","link":"https:\/\/www.mentaymora.com\/index.php\/producto\/crema-corporal-seda-moras-200ml-tfc\/","title":{"rendered":"Crema Corporal Seda MORAS 200ml &#8211; TFC"},"content":{"rendered":"<p>Crema Corporal Seda MORAS 200ml &#8211; TFC<\/p>\n<p>Cada d\u00eda te enamorar\u00e1s m\u00e1s del efecto sedoso de la Crema Corporal Moras. Es un verdadero flechazo para tu piel, manteni\u00e9ndola hidratada y envuelta en un aroma que te cautivar\u00e1 las 24 horas del d\u00eda.<\/p>\n<p>Esta crema de r\u00e1pida absorci\u00f3n proporciona una hidrataci\u00f3n profunda que dura m\u00e1s de 48 horas, dejando la piel el\u00e1stica, nutrida y suave al tacto. Su f\u00f3rmula especial incluye aceites naturales, Manteca de Karit\u00e9 y Vitamina E, que cuidan y rejuvenecen la piel de manera excepcional. ???? \u00a1Te enamorar\u00e1s a\u00fan m\u00e1s de tu piel con Moras!<\/p>\n<ul>\n<li>Obt\u00e9n una hidrataci\u00f3n profunda gracias a nuestra f\u00f3rmula enriquecida con aceite de aguacate, manteca de karit\u00e9 y vitamina E.<\/li>\n<li>Adem\u00e1s, nuestra crema es totalmente vegana y no testeada en animales, \u00a1cruelty free!<\/li>\n<\/ul>\n<p>&nbsp;<\/p>\n<p><a href=\"https:\/\/www.mentaymora.com\">Menta y Mora<\/a> Te Enamora\u00a0 \u00a0S\u00edguenos en nuestras RRSS (<a href=\"https:\/\/es-es.facebook.com\/MentayMora\/\">Facebook<\/a> e <a href=\"https:\/\/www.instagram.com\/mentaymora.illescas\/?hl=es\">Instagram<\/a>)\u00a0 \u00a0Si tienes alguna consulta, <a href=\"mailto:%20info@mentaymora.com\">preg\u00fantanos<\/a>.<\/p>\n","protected":false},"excerpt":{"rendered":"<p>Cada d\u00eda te enamorar\u00e1s m\u00e1s del efecto sedoso de la Crema Corporal Moras. Es un verdadero flechazo para tu piel, manteni\u00e9ndola hidratada y envuelta en un aroma que te cautivar\u00e1 las 24 horas del d\u00eda.<\/p>\n<p>Esta crema de r\u00e1pida absorci\u00f3n proporciona una hidrataci\u00f3n profunda que dura m\u00e1s de 48 horas, dejando la piel el\u00e1stica, nutrida y suave al tacto. Su f\u00f3rmula especial incluye aceites naturales, Manteca de Karit\u00e9 y Vitamina E, que cuidan y rejuvenecen la piel de manera excepcional. ???? \u00a1Te enamorar\u00e1s a\u00fan m\u00e1s de tu piel con Moras!<\/p>\n<p><strong><span style=\"color: #cc99ff;\">Descripci\u00f3n Olfativa<\/span><\/strong><\/p>\n<p><em><strong>Moras:\u00a0<\/strong><\/em>Salida donde predominan las notas refrescantes de fresas y frambuesas con un toque de c\u00edtricos mediterr\u00e1neos. Esta fragancia descubre un extraordinario coraz\u00f3n, donde moras y frambuesas se funden con notas florales de violetas. Un fondo dulce, tostado y almizclado enriquece esta fragancia.<\/p>\n","protected":false},"featured_media":14638,"comment_status":"open","ping_status":"closed","template":"","meta":{"_acf_changed":false,"_joinchat":[]},"product_brand":[],"product_cat":[1357],"product_tag":[],"class_list":{"0":"post-14636","1":"product","2":"type-product","3":"status-publish","4":"has-post-thumbnail","6":"product_cat-crema-corporal-sedosa","7":"latest_post","9":"first","10":"instock","11":"taxable","12":"shipping-taxable","13":"purchasable","14":"product-type-simple"},"acf":[],"yoast_head":"<!-- This site is optimized with the Yoast SEO plugin v27.4 - https:\/\/yoast.com\/product\/yoast-seo-wordpress\/ -->\n<title>Crema Corporal Seda MORAS 200ml - TFC - Menta y Mora<\/title>\n<meta name=\"description\" content=\"Crema Corporal Seda MORAS 200ml - TFC Cada d\u00eda te enamorar\u00e1s m\u00e1s del efecto sedoso de la Crema Corporal Moras. Es un verdadero flechazo para tu piel,\" \/>\n<meta name=\"robots\" content=\"index, follow, max-snippet:-1, max-image-preview:large, max-video-preview:-1\" \/>\n<link rel=\"canonical\" href=\"https:\/\/www.mentaymora.com\/index.php\/producto\/crema-corporal-seda-moras-200ml-tfc\/\" \/>\n<meta property=\"og:locale\" content=\"es_ES\" \/>\n<meta property=\"og:type\" content=\"article\" \/>\n<meta property=\"og:title\" content=\"Crema Corporal Seda MORAS 200ml - TFC - Menta y Mora\" \/>\n<meta property=\"og:description\" content=\"Crema Corporal Seda MORAS 200ml - TFC Cada d\u00eda te enamorar\u00e1s m\u00e1s del efecto sedoso de la Crema Corporal Moras. Es un verdadero flechazo para tu piel,\" \/>\n<meta property=\"og:url\" content=\"https:\/\/www.mentaymora.com\/index.php\/producto\/crema-corporal-seda-moras-200ml-tfc\/\" \/>\n<meta property=\"og:site_name\" content=\"Menta y Mora\" \/>\n<meta property=\"article:publisher\" content=\"https:\/\/es-es.facebook.com\/MentayMora\/\" \/>\n<meta property=\"article:modified_time\" content=\"2024-04-04T15:44:15+00:00\" \/>\n<meta property=\"og:image\" content=\"https:\/\/www.mentaymora.com\/wp-content\/uploads\/2024\/04\/Crema-Corporal-Seda-MORAS-TFC.jpg\" \/>\n\t<meta property=\"og:image:width\" content=\"600\" \/>\n\t<meta property=\"og:image:height\" content=\"600\" \/>\n\t<meta property=\"og:image:type\" content=\"image\/jpeg\" \/>\n<meta name=\"twitter:card\" content=\"summary_large_image\" \/>\n<meta name=\"twitter:label1\" content=\"Tiempo de lectura\" \/>\n\t<meta name=\"twitter:data1\" content=\"1 minuto\" \/>\n<script type=\"application\/ld+json\" class=\"yoast-schema-graph\">{\"@context\":\"https:\\\/\\\/schema.org\",\"@graph\":[{\"@type\":\"WebPage\",\"@id\":\"https:\\\/\\\/www.mentaymora.com\\\/index.php\\\/producto\\\/crema-corporal-seda-moras-200ml-tfc\\\/\",\"url\":\"https:\\\/\\\/www.mentaymora.com\\\/index.php\\\/producto\\\/crema-corporal-seda-moras-200ml-tfc\\\/\",\"name\":\"Crema Corporal Seda MORAS 200ml - TFC - Menta y Mora\",\"isPartOf\":{\"@id\":\"https:\\\/\\\/www.mentaymora.com\\\/#website\"},\"primaryImageOfPage\":{\"@id\":\"https:\\\/\\\/www.mentaymora.com\\\/index.php\\\/producto\\\/crema-corporal-seda-moras-200ml-tfc\\\/#primaryimage\"},\"image\":{\"@id\":\"https:\\\/\\\/www.mentaymora.com\\\/index.php\\\/producto\\\/crema-corporal-seda-moras-200ml-tfc\\\/#primaryimage\"},\"thumbnailUrl\":\"https:\\\/\\\/www.mentaymora.com\\\/wp-content\\\/uploads\\\/2024\\\/04\\\/Crema-Corporal-Seda-MORAS-TFC.jpg\",\"datePublished\":\"2024-04-04T15:32:18+00:00\",\"dateModified\":\"2024-04-04T15:44:15+00:00\",\"description\":\"Crema Corporal Seda MORAS 200ml - TFC Cada d\u00eda te enamorar\u00e1s m\u00e1s del efecto sedoso de la Crema Corporal Moras. Es un verdadero flechazo para tu piel,\",\"breadcrumb\":{\"@id\":\"https:\\\/\\\/www.mentaymora.com\\\/index.php\\\/producto\\\/crema-corporal-seda-moras-200ml-tfc\\\/#breadcrumb\"},\"inLanguage\":\"es\",\"potentialAction\":[{\"@type\":\"ReadAction\",\"target\":[\"https:\\\/\\\/www.mentaymora.com\\\/index.php\\\/producto\\\/crema-corporal-seda-moras-200ml-tfc\\\/\"]}]},{\"@type\":\"ImageObject\",\"inLanguage\":\"es\",\"@id\":\"https:\\\/\\\/www.mentaymora.com\\\/index.php\\\/producto\\\/crema-corporal-seda-moras-200ml-tfc\\\/#primaryimage\",\"url\":\"https:\\\/\\\/www.mentaymora.com\\\/wp-content\\\/uploads\\\/2024\\\/04\\\/Crema-Corporal-Seda-MORAS-TFC.jpg\",\"contentUrl\":\"https:\\\/\\\/www.mentaymora.com\\\/wp-content\\\/uploads\\\/2024\\\/04\\\/Crema-Corporal-Seda-MORAS-TFC.jpg\",\"width\":600,\"height\":600,\"caption\":\"Crema Corporal Seda MORAS TFC\"},{\"@type\":\"BreadcrumbList\",\"@id\":\"https:\\\/\\\/www.mentaymora.com\\\/index.php\\\/producto\\\/crema-corporal-seda-moras-200ml-tfc\\\/#breadcrumb\",\"itemListElement\":[{\"@type\":\"ListItem\",\"position\":1,\"name\":\"Portada\",\"item\":\"https:\\\/\\\/www.mentaymora.com\\\/\"},{\"@type\":\"ListItem\",\"position\":2,\"name\":\"Productos\",\"item\":\"https:\\\/\\\/www.mentaymora.com\\\/index.php\\\/tienda\\\/\"},{\"@type\":\"ListItem\",\"position\":3,\"name\":\"Crema Corporal Seda MORAS 200ml &#8211; TFC\"}]},{\"@type\":\"WebSite\",\"@id\":\"https:\\\/\\\/www.mentaymora.com\\\/#website\",\"url\":\"https:\\\/\\\/www.mentaymora.com\\\/\",\"name\":\"Menta y Mora\",\"description\":\"Regalos y Complementos\",\"publisher\":{\"@id\":\"https:\\\/\\\/www.mentaymora.com\\\/#organization\"},\"potentialAction\":[{\"@type\":\"SearchAction\",\"target\":{\"@type\":\"EntryPoint\",\"urlTemplate\":\"https:\\\/\\\/www.mentaymora.com\\\/?s={search_term_string}\"},\"query-input\":{\"@type\":\"PropertyValueSpecification\",\"valueRequired\":true,\"valueName\":\"search_term_string\"}}],\"inLanguage\":\"es\"},{\"@type\":\"Organization\",\"@id\":\"https:\\\/\\\/www.mentaymora.com\\\/#organization\",\"name\":\"Menta y Mora\",\"url\":\"https:\\\/\\\/www.mentaymora.com\\\/\",\"logo\":{\"@type\":\"ImageObject\",\"inLanguage\":\"es\",\"@id\":\"https:\\\/\\\/www.mentaymora.com\\\/#\\\/schema\\\/logo\\\/image\\\/\",\"url\":\"https:\\\/\\\/www.mentaymora.com\\\/wp-content\\\/uploads\\\/2021\\\/07\\\/Logo.jpg\",\"contentUrl\":\"https:\\\/\\\/www.mentaymora.com\\\/wp-content\\\/uploads\\\/2021\\\/07\\\/Logo.jpg\",\"width\":1172,\"height\":1172,\"caption\":\"Menta y Mora\"},\"image\":{\"@id\":\"https:\\\/\\\/www.mentaymora.com\\\/#\\\/schema\\\/logo\\\/image\\\/\"},\"sameAs\":[\"https:\\\/\\\/es-es.facebook.com\\\/MentayMora\\\/\",\"https:\\\/\\\/www.instagram.com\\\/mentaymora.illescas\\\/?hl=es\",\"https:\\\/\\\/www.youtube.com\\\/channel\\\/UCuMMtdck_1XS-MyW6ZnBAlw\"]}]}<\/script>\n<!-- \/ Yoast SEO plugin. -->","yoast_head_json":{"title":"Crema Corporal Seda MORAS 200ml - TFC - Menta y Mora","description":"Crema Corporal Seda MORAS 200ml - TFC Cada d\u00eda te enamorar\u00e1s m\u00e1s del efecto sedoso de la Crema Corporal Moras. Es un verdadero flechazo para tu piel,","robots":{"index":"index","follow":"follow","max-snippet":"max-snippet:-1","max-image-preview":"max-image-preview:large","max-video-preview":"max-video-preview:-1"},"canonical":"https:\/\/www.mentaymora.com\/index.php\/producto\/crema-corporal-seda-moras-200ml-tfc\/","og_locale":"es_ES","og_type":"article","og_title":"Crema Corporal Seda MORAS 200ml - TFC - Menta y Mora","og_description":"Crema Corporal Seda MORAS 200ml - TFC Cada d\u00eda te enamorar\u00e1s m\u00e1s del efecto sedoso de la Crema Corporal Moras. Es un verdadero flechazo para tu piel,","og_url":"https:\/\/www.mentaymora.com\/index.php\/producto\/crema-corporal-seda-moras-200ml-tfc\/","og_site_name":"Menta y Mora","article_publisher":"https:\/\/es-es.facebook.com\/MentayMora\/","article_modified_time":"2024-04-04T15:44:15+00:00","og_image":[{"width":600,"height":600,"url":"https:\/\/www.mentaymora.com\/wp-content\/uploads\/2024\/04\/Crema-Corporal-Seda-MORAS-TFC.jpg","type":"image\/jpeg"}],"twitter_card":"summary_large_image","twitter_misc":{"Tiempo de lectura":"1 minuto"},"schema":{"@context":"https:\/\/schema.org","@graph":[{"@type":"WebPage","@id":"https:\/\/www.mentaymora.com\/index.php\/producto\/crema-corporal-seda-moras-200ml-tfc\/","url":"https:\/\/www.mentaymora.com\/index.php\/producto\/crema-corporal-seda-moras-200ml-tfc\/","name":"Crema Corporal Seda MORAS 200ml - TFC - Menta y Mora","isPartOf":{"@id":"https:\/\/www.mentaymora.com\/#website"},"primaryImageOfPage":{"@id":"https:\/\/www.mentaymora.com\/index.php\/producto\/crema-corporal-seda-moras-200ml-tfc\/#primaryimage"},"image":{"@id":"https:\/\/www.mentaymora.com\/index.php\/producto\/crema-corporal-seda-moras-200ml-tfc\/#primaryimage"},"thumbnailUrl":"https:\/\/www.mentaymora.com\/wp-content\/uploads\/2024\/04\/Crema-Corporal-Seda-MORAS-TFC.jpg","datePublished":"2024-04-04T15:32:18+00:00","dateModified":"2024-04-04T15:44:15+00:00","description":"Crema Corporal Seda MORAS 200ml - TFC Cada d\u00eda te enamorar\u00e1s m\u00e1s del efecto sedoso de la Crema Corporal Moras. Es un verdadero flechazo para tu piel,","breadcrumb":{"@id":"https:\/\/www.mentaymora.com\/index.php\/producto\/crema-corporal-seda-moras-200ml-tfc\/#breadcrumb"},"inLanguage":"es","potentialAction":[{"@type":"ReadAction","target":["https:\/\/www.mentaymora.com\/index.php\/producto\/crema-corporal-seda-moras-200ml-tfc\/"]}]},{"@type":"ImageObject","inLanguage":"es","@id":"https:\/\/www.mentaymora.com\/index.php\/producto\/crema-corporal-seda-moras-200ml-tfc\/#primaryimage","url":"https:\/\/www.mentaymora.com\/wp-content\/uploads\/2024\/04\/Crema-Corporal-Seda-MORAS-TFC.jpg","contentUrl":"https:\/\/www.mentaymora.com\/wp-content\/uploads\/2024\/04\/Crema-Corporal-Seda-MORAS-TFC.jpg","width":600,"height":600,"caption":"Crema Corporal Seda MORAS TFC"},{"@type":"BreadcrumbList","@id":"https:\/\/www.mentaymora.com\/index.php\/producto\/crema-corporal-seda-moras-200ml-tfc\/#breadcrumb","itemListElement":[{"@type":"ListItem","position":1,"name":"Portada","item":"https:\/\/www.mentaymora.com\/"},{"@type":"ListItem","position":2,"name":"Productos","item":"https:\/\/www.mentaymora.com\/index.php\/tienda\/"},{"@type":"ListItem","position":3,"name":"Crema Corporal Seda MORAS 200ml &#8211; TFC"}]},{"@type":"WebSite","@id":"https:\/\/www.mentaymora.com\/#website","url":"https:\/\/www.mentaymora.com\/","name":"Menta y Mora","description":"Regalos y Complementos","publisher":{"@id":"https:\/\/www.mentaymora.com\/#organization"},"potentialAction":[{"@type":"SearchAction","target":{"@type":"EntryPoint","urlTemplate":"https:\/\/www.mentaymora.com\/?s={search_term_string}"},"query-input":{"@type":"PropertyValueSpecification","valueRequired":true,"valueName":"search_term_string"}}],"inLanguage":"es"},{"@type":"Organization","@id":"https:\/\/www.mentaymora.com\/#organization","name":"Menta y Mora","url":"https:\/\/www.mentaymora.com\/","logo":{"@type":"ImageObject","inLanguage":"es","@id":"https:\/\/www.mentaymora.com\/#\/schema\/logo\/image\/","url":"https:\/\/www.mentaymora.com\/wp-content\/uploads\/2021\/07\/Logo.jpg","contentUrl":"https:\/\/www.mentaymora.com\/wp-content\/uploads\/2021\/07\/Logo.jpg","width":1172,"height":1172,"caption":"Menta y Mora"},"image":{"@id":"https:\/\/www.mentaymora.com\/#\/schema\/logo\/image\/"},"sameAs":["https:\/\/es-es.facebook.com\/MentayMora\/","https:\/\/www.instagram.com\/mentaymora.illescas\/?hl=es","https:\/\/www.youtube.com\/channel\/UCuMMtdck_1XS-MyW6ZnBAlw"]}]}},"_links":{"self":[{"href":"https:\/\/www.mentaymora.com\/index.php\/wp-json\/wp\/v2\/product\/14636","targetHints":{"allow":["GET"]}}],"collection":[{"href":"https:\/\/www.mentaymora.com\/index.php\/wp-json\/wp\/v2\/product"}],"about":[{"href":"https:\/\/www.mentaymora.com\/index.php\/wp-json\/wp\/v2\/types\/product"}],"replies":[{"embeddable":true,"href":"https:\/\/www.mentaymora.com\/index.php\/wp-json\/wp\/v2\/comments?post=14636"}],"wp:featuredmedia":[{"embeddable":true,"href":"https:\/\/www.mentaymora.com\/index.php\/wp-json\/wp\/v2\/media\/14638"}],"wp:attachment":[{"href":"https:\/\/www.mentaymora.com\/index.php\/wp-json\/wp\/v2\/media?parent=14636"}],"wp:term":[{"taxonomy":"product_brand","embeddable":true,"href":"https:\/\/www.mentaymora.com\/index.php\/wp-json\/wp\/v2\/product_brand?post=14636"},{"taxonomy":"product_cat","embeddable":true,"href":"https:\/\/www.mentaymora.com\/index.php\/wp-json\/wp\/v2\/product_cat?post=14636"},{"taxonomy":"product_tag","embeddable":true,"href":"https:\/\/www.mentaymora.com\/index.php\/wp-json\/wp\/v2\/product_tag?post=14636"}],"curies":[{"name":"wp","href":"https:\/\/api.w.org\/{rel}","templated":true}]}}