{"id":14651,"date":"2024-04-04T16:53:17","date_gmt":"2024-04-04T15:53:17","guid":{"rendered":"https:\/\/www.mentaymora.com\/?post_type=product&#038;p=14651"},"modified":"2025-12-09T10:52:42","modified_gmt":"2025-12-09T09:52:42","slug":"crema-corporal-seda-melon-200ml-tfc","status":"publish","type":"product","link":"https:\/\/www.mentaymora.com\/index.php\/producto\/crema-corporal-seda-melon-200ml-tfc\/","title":{"rendered":"Crema Corporal Seda MEL\u00d3N 200ml &#8211; TFC"},"content":{"rendered":"<p>Crema Corporal Seda MEL\u00d3N 200ml &#8211; TFC<\/p>\n<p>Disfrutas de la vida y de mantener tu piel bonita e incre\u00edblemente hidratada. Con la Crema Corporal Mel\u00f3n, experimentar\u00e1s un placer instant\u00e1neo cada vez que hidrates tu cuerpo gracias a su delicado y fresco aroma.<\/p>\n<p>Esta crema de r\u00e1pida absorci\u00f3n proporciona una hidrataci\u00f3n profunda que dura m\u00e1s de 48 horas, dejando la piel el\u00e1stica, nutrida y sedosa al tacto. Su f\u00f3rmula especial, enriquecida con aceites naturales, manteca de karit\u00e9 y vitamina E, cuida y rejuvenece tu piel de manera excepcional. Con su aroma a mel\u00f3n, \u00a1te llegar\u00e1 al fondo del coraz\u00f3n!<\/p>\n<ul>\n<li>Obt\u00e9n una hidrataci\u00f3n profunda gracias a nuestra f\u00f3rmula enriquecida con aceite de aguacate, manteca de karit\u00e9 y vitamina E.<\/li>\n<li>Adem\u00e1s, nuestra crema es totalmente vegana y no testeada en animales, \u00a1cruelty free!<\/li>\n<\/ul>\n<p>&nbsp;<\/p>\n<p><a href=\"https:\/\/www.mentaymora.com\">Menta y Mora<\/a> Te Enamora\u00a0 \u00a0S\u00edguenos en nuestras RRSS (<a href=\"https:\/\/es-es.facebook.com\/MentayMora\/\">Facebook<\/a> e <a href=\"https:\/\/www.instagram.com\/mentaymora.illescas\/?hl=es\">Instagram<\/a>)\u00a0 \u00a0Si tienes alguna consulta, <a href=\"mailto:%20info@mentaymora.com\">preg\u00fantanos<\/a>.<\/p>\n","protected":false},"excerpt":{"rendered":"<p>Disfrutas de la vida y de mantener tu piel bonita e incre\u00edblemente hidratada. Con la Crema Corporal Mel\u00f3n, experimentar\u00e1s un placer instant\u00e1neo cada vez que hidrates tu cuerpo gracias a su delicado y fresco aroma.<\/p>\n<p>Esta crema de r\u00e1pida absorci\u00f3n proporciona una hidrataci\u00f3n profunda que dura m\u00e1s de 48 horas, dejando la piel el\u00e1stica, nutrida y sedosa al tacto. Su f\u00f3rmula especial, enriquecida con aceites naturales, manteca de karit\u00e9 y vitamina E, cuida y rejuvenece tu piel de manera excepcional. Con su aroma a mel\u00f3n, \u00a1te llegar\u00e1 al fondo del coraz\u00f3n!<\/p>\n<p><span style=\"color: #00ff00\"><strong>Descripci\u00f3n Olfativa<\/strong><\/span><\/p>\n<p><em><strong>Mel\u00f3n:\u00a0<\/strong><\/em>Nota frutal mel\u00f3n y tropical con floral e hierba, salida c\u00edtrica y verde.<\/p>\n<p><strong>Contenido:<\/strong> 200ml<\/p>\n","protected":false},"featured_media":14652,"comment_status":"open","ping_status":"closed","template":"","meta":{"_acf_changed":false,"_joinchat":[]},"product_brand":[],"product_cat":[1357],"product_tag":[280],"class_list":{"0":"post-14651","1":"product","2":"type-product","3":"status-publish","4":"has-post-thumbnail","6":"product_cat-crema-corporal-sedosa","7":"product_tag-crema-corporal","8":"latest_post","10":"first","11":"outofstock","12":"taxable","13":"shipping-taxable","14":"purchasable","15":"product-type-simple"},"acf":[],"yoast_head":"<!-- This site is optimized with the Yoast SEO plugin v27.4 - https:\/\/yoast.com\/product\/yoast-seo-wordpress\/ -->\n<title>Crema Corporal Seda MEL\u00d3N 200ml - TFC - Menta y Mora<\/title>\n<meta name=\"description\" content=\"Crema Corporal Seda MEL\u00d3N 200ml - TFC Disfrutas de la vida y de mantener tu piel bonita e incre\u00edblemente hidratada. Con la Crema Corporal Mel\u00f3n,\" \/>\n<meta name=\"robots\" content=\"index, follow, max-snippet:-1, max-image-preview:large, max-video-preview:-1\" \/>\n<link rel=\"canonical\" href=\"https:\/\/www.mentaymora.com\/index.php\/producto\/crema-corporal-seda-melon-200ml-tfc\/\" \/>\n<meta property=\"og:locale\" content=\"es_ES\" \/>\n<meta property=\"og:type\" content=\"article\" \/>\n<meta property=\"og:title\" content=\"Crema Corporal Seda MEL\u00d3N 200ml - TFC - Menta y Mora\" \/>\n<meta property=\"og:description\" content=\"Crema Corporal Seda MEL\u00d3N 200ml - TFC Disfrutas de la vida y de mantener tu piel bonita e incre\u00edblemente hidratada. Con la Crema Corporal Mel\u00f3n,\" \/>\n<meta property=\"og:url\" content=\"https:\/\/www.mentaymora.com\/index.php\/producto\/crema-corporal-seda-melon-200ml-tfc\/\" \/>\n<meta property=\"og:site_name\" content=\"Menta y Mora\" \/>\n<meta property=\"article:publisher\" content=\"https:\/\/es-es.facebook.com\/MentayMora\/\" \/>\n<meta property=\"article:modified_time\" content=\"2025-12-09T09:52:42+00:00\" \/>\n<meta property=\"og:image\" content=\"https:\/\/www.mentaymora.com\/wp-content\/uploads\/2024\/04\/Crema-Corporal-Seda-MELON-200ml-TFC.jpg\" \/>\n\t<meta property=\"og:image:width\" content=\"600\" \/>\n\t<meta property=\"og:image:height\" content=\"600\" \/>\n\t<meta property=\"og:image:type\" content=\"image\/jpeg\" \/>\n<meta name=\"twitter:card\" content=\"summary_large_image\" \/>\n<meta name=\"twitter:label1\" content=\"Tiempo de lectura\" \/>\n\t<meta name=\"twitter:data1\" content=\"1 minuto\" \/>\n<script type=\"application\/ld+json\" class=\"yoast-schema-graph\">{\"@context\":\"https:\\\/\\\/schema.org\",\"@graph\":[{\"@type\":\"WebPage\",\"@id\":\"https:\\\/\\\/www.mentaymora.com\\\/index.php\\\/producto\\\/crema-corporal-seda-melon-200ml-tfc\\\/\",\"url\":\"https:\\\/\\\/www.mentaymora.com\\\/index.php\\\/producto\\\/crema-corporal-seda-melon-200ml-tfc\\\/\",\"name\":\"Crema Corporal Seda MEL\u00d3N 200ml - TFC - Menta y Mora\",\"isPartOf\":{\"@id\":\"https:\\\/\\\/www.mentaymora.com\\\/#website\"},\"primaryImageOfPage\":{\"@id\":\"https:\\\/\\\/www.mentaymora.com\\\/index.php\\\/producto\\\/crema-corporal-seda-melon-200ml-tfc\\\/#primaryimage\"},\"image\":{\"@id\":\"https:\\\/\\\/www.mentaymora.com\\\/index.php\\\/producto\\\/crema-corporal-seda-melon-200ml-tfc\\\/#primaryimage\"},\"thumbnailUrl\":\"https:\\\/\\\/www.mentaymora.com\\\/wp-content\\\/uploads\\\/2024\\\/04\\\/Crema-Corporal-Seda-MELON-200ml-TFC.jpg\",\"datePublished\":\"2024-04-04T15:53:17+00:00\",\"dateModified\":\"2025-12-09T09:52:42+00:00\",\"description\":\"Crema Corporal Seda MEL\u00d3N 200ml - TFC Disfrutas de la vida y de mantener tu piel bonita e incre\u00edblemente hidratada. Con la Crema Corporal Mel\u00f3n,\",\"breadcrumb\":{\"@id\":\"https:\\\/\\\/www.mentaymora.com\\\/index.php\\\/producto\\\/crema-corporal-seda-melon-200ml-tfc\\\/#breadcrumb\"},\"inLanguage\":\"es\",\"potentialAction\":[{\"@type\":\"ReadAction\",\"target\":[\"https:\\\/\\\/www.mentaymora.com\\\/index.php\\\/producto\\\/crema-corporal-seda-melon-200ml-tfc\\\/\"]}]},{\"@type\":\"ImageObject\",\"inLanguage\":\"es\",\"@id\":\"https:\\\/\\\/www.mentaymora.com\\\/index.php\\\/producto\\\/crema-corporal-seda-melon-200ml-tfc\\\/#primaryimage\",\"url\":\"https:\\\/\\\/www.mentaymora.com\\\/wp-content\\\/uploads\\\/2024\\\/04\\\/Crema-Corporal-Seda-MELON-200ml-TFC.jpg\",\"contentUrl\":\"https:\\\/\\\/www.mentaymora.com\\\/wp-content\\\/uploads\\\/2024\\\/04\\\/Crema-Corporal-Seda-MELON-200ml-TFC.jpg\",\"width\":600,\"height\":600,\"caption\":\"Crema Corporal Seda MEL\u00d3N 200ml TFC\"},{\"@type\":\"BreadcrumbList\",\"@id\":\"https:\\\/\\\/www.mentaymora.com\\\/index.php\\\/producto\\\/crema-corporal-seda-melon-200ml-tfc\\\/#breadcrumb\",\"itemListElement\":[{\"@type\":\"ListItem\",\"position\":1,\"name\":\"Portada\",\"item\":\"https:\\\/\\\/www.mentaymora.com\\\/\"},{\"@type\":\"ListItem\",\"position\":2,\"name\":\"Productos\",\"item\":\"https:\\\/\\\/www.mentaymora.com\\\/index.php\\\/tienda\\\/\"},{\"@type\":\"ListItem\",\"position\":3,\"name\":\"Crema Corporal Seda MEL\u00d3N 200ml &#8211; TFC\"}]},{\"@type\":\"WebSite\",\"@id\":\"https:\\\/\\\/www.mentaymora.com\\\/#website\",\"url\":\"https:\\\/\\\/www.mentaymora.com\\\/\",\"name\":\"Menta y Mora\",\"description\":\"Regalos y Complementos\",\"publisher\":{\"@id\":\"https:\\\/\\\/www.mentaymora.com\\\/#organization\"},\"potentialAction\":[{\"@type\":\"SearchAction\",\"target\":{\"@type\":\"EntryPoint\",\"urlTemplate\":\"https:\\\/\\\/www.mentaymora.com\\\/?s={search_term_string}\"},\"query-input\":{\"@type\":\"PropertyValueSpecification\",\"valueRequired\":true,\"valueName\":\"search_term_string\"}}],\"inLanguage\":\"es\"},{\"@type\":\"Organization\",\"@id\":\"https:\\\/\\\/www.mentaymora.com\\\/#organization\",\"name\":\"Menta y Mora\",\"url\":\"https:\\\/\\\/www.mentaymora.com\\\/\",\"logo\":{\"@type\":\"ImageObject\",\"inLanguage\":\"es\",\"@id\":\"https:\\\/\\\/www.mentaymora.com\\\/#\\\/schema\\\/logo\\\/image\\\/\",\"url\":\"https:\\\/\\\/www.mentaymora.com\\\/wp-content\\\/uploads\\\/2021\\\/07\\\/Logo.jpg\",\"contentUrl\":\"https:\\\/\\\/www.mentaymora.com\\\/wp-content\\\/uploads\\\/2021\\\/07\\\/Logo.jpg\",\"width\":1172,\"height\":1172,\"caption\":\"Menta y Mora\"},\"image\":{\"@id\":\"https:\\\/\\\/www.mentaymora.com\\\/#\\\/schema\\\/logo\\\/image\\\/\"},\"sameAs\":[\"https:\\\/\\\/es-es.facebook.com\\\/MentayMora\\\/\",\"https:\\\/\\\/www.instagram.com\\\/mentaymora.illescas\\\/?hl=es\",\"https:\\\/\\\/www.youtube.com\\\/channel\\\/UCuMMtdck_1XS-MyW6ZnBAlw\"]}]}<\/script>\n<!-- \/ Yoast SEO plugin. -->","yoast_head_json":{"title":"Crema Corporal Seda MEL\u00d3N 200ml - TFC - Menta y Mora","description":"Crema Corporal Seda MEL\u00d3N 200ml - TFC Disfrutas de la vida y de mantener tu piel bonita e incre\u00edblemente hidratada. Con la Crema Corporal Mel\u00f3n,","robots":{"index":"index","follow":"follow","max-snippet":"max-snippet:-1","max-image-preview":"max-image-preview:large","max-video-preview":"max-video-preview:-1"},"canonical":"https:\/\/www.mentaymora.com\/index.php\/producto\/crema-corporal-seda-melon-200ml-tfc\/","og_locale":"es_ES","og_type":"article","og_title":"Crema Corporal Seda MEL\u00d3N 200ml - TFC - Menta y Mora","og_description":"Crema Corporal Seda MEL\u00d3N 200ml - TFC Disfrutas de la vida y de mantener tu piel bonita e incre\u00edblemente hidratada. Con la Crema Corporal Mel\u00f3n,","og_url":"https:\/\/www.mentaymora.com\/index.php\/producto\/crema-corporal-seda-melon-200ml-tfc\/","og_site_name":"Menta y Mora","article_publisher":"https:\/\/es-es.facebook.com\/MentayMora\/","article_modified_time":"2025-12-09T09:52:42+00:00","og_image":[{"width":600,"height":600,"url":"https:\/\/www.mentaymora.com\/wp-content\/uploads\/2024\/04\/Crema-Corporal-Seda-MELON-200ml-TFC.jpg","type":"image\/jpeg"}],"twitter_card":"summary_large_image","twitter_misc":{"Tiempo de lectura":"1 minuto"},"schema":{"@context":"https:\/\/schema.org","@graph":[{"@type":"WebPage","@id":"https:\/\/www.mentaymora.com\/index.php\/producto\/crema-corporal-seda-melon-200ml-tfc\/","url":"https:\/\/www.mentaymora.com\/index.php\/producto\/crema-corporal-seda-melon-200ml-tfc\/","name":"Crema Corporal Seda MEL\u00d3N 200ml - TFC - Menta y Mora","isPartOf":{"@id":"https:\/\/www.mentaymora.com\/#website"},"primaryImageOfPage":{"@id":"https:\/\/www.mentaymora.com\/index.php\/producto\/crema-corporal-seda-melon-200ml-tfc\/#primaryimage"},"image":{"@id":"https:\/\/www.mentaymora.com\/index.php\/producto\/crema-corporal-seda-melon-200ml-tfc\/#primaryimage"},"thumbnailUrl":"https:\/\/www.mentaymora.com\/wp-content\/uploads\/2024\/04\/Crema-Corporal-Seda-MELON-200ml-TFC.jpg","datePublished":"2024-04-04T15:53:17+00:00","dateModified":"2025-12-09T09:52:42+00:00","description":"Crema Corporal Seda MEL\u00d3N 200ml - TFC Disfrutas de la vida y de mantener tu piel bonita e incre\u00edblemente hidratada. Con la Crema Corporal Mel\u00f3n,","breadcrumb":{"@id":"https:\/\/www.mentaymora.com\/index.php\/producto\/crema-corporal-seda-melon-200ml-tfc\/#breadcrumb"},"inLanguage":"es","potentialAction":[{"@type":"ReadAction","target":["https:\/\/www.mentaymora.com\/index.php\/producto\/crema-corporal-seda-melon-200ml-tfc\/"]}]},{"@type":"ImageObject","inLanguage":"es","@id":"https:\/\/www.mentaymora.com\/index.php\/producto\/crema-corporal-seda-melon-200ml-tfc\/#primaryimage","url":"https:\/\/www.mentaymora.com\/wp-content\/uploads\/2024\/04\/Crema-Corporal-Seda-MELON-200ml-TFC.jpg","contentUrl":"https:\/\/www.mentaymora.com\/wp-content\/uploads\/2024\/04\/Crema-Corporal-Seda-MELON-200ml-TFC.jpg","width":600,"height":600,"caption":"Crema Corporal Seda MEL\u00d3N 200ml TFC"},{"@type":"BreadcrumbList","@id":"https:\/\/www.mentaymora.com\/index.php\/producto\/crema-corporal-seda-melon-200ml-tfc\/#breadcrumb","itemListElement":[{"@type":"ListItem","position":1,"name":"Portada","item":"https:\/\/www.mentaymora.com\/"},{"@type":"ListItem","position":2,"name":"Productos","item":"https:\/\/www.mentaymora.com\/index.php\/tienda\/"},{"@type":"ListItem","position":3,"name":"Crema Corporal Seda MEL\u00d3N 200ml &#8211; TFC"}]},{"@type":"WebSite","@id":"https:\/\/www.mentaymora.com\/#website","url":"https:\/\/www.mentaymora.com\/","name":"Menta y Mora","description":"Regalos y Complementos","publisher":{"@id":"https:\/\/www.mentaymora.com\/#organization"},"potentialAction":[{"@type":"SearchAction","target":{"@type":"EntryPoint","urlTemplate":"https:\/\/www.mentaymora.com\/?s={search_term_string}"},"query-input":{"@type":"PropertyValueSpecification","valueRequired":true,"valueName":"search_term_string"}}],"inLanguage":"es"},{"@type":"Organization","@id":"https:\/\/www.mentaymora.com\/#organization","name":"Menta y Mora","url":"https:\/\/www.mentaymora.com\/","logo":{"@type":"ImageObject","inLanguage":"es","@id":"https:\/\/www.mentaymora.com\/#\/schema\/logo\/image\/","url":"https:\/\/www.mentaymora.com\/wp-content\/uploads\/2021\/07\/Logo.jpg","contentUrl":"https:\/\/www.mentaymora.com\/wp-content\/uploads\/2021\/07\/Logo.jpg","width":1172,"height":1172,"caption":"Menta y Mora"},"image":{"@id":"https:\/\/www.mentaymora.com\/#\/schema\/logo\/image\/"},"sameAs":["https:\/\/es-es.facebook.com\/MentayMora\/","https:\/\/www.instagram.com\/mentaymora.illescas\/?hl=es","https:\/\/www.youtube.com\/channel\/UCuMMtdck_1XS-MyW6ZnBAlw"]}]}},"_links":{"self":[{"href":"https:\/\/www.mentaymora.com\/index.php\/wp-json\/wp\/v2\/product\/14651","targetHints":{"allow":["GET"]}}],"collection":[{"href":"https:\/\/www.mentaymora.com\/index.php\/wp-json\/wp\/v2\/product"}],"about":[{"href":"https:\/\/www.mentaymora.com\/index.php\/wp-json\/wp\/v2\/types\/product"}],"replies":[{"embeddable":true,"href":"https:\/\/www.mentaymora.com\/index.php\/wp-json\/wp\/v2\/comments?post=14651"}],"wp:featuredmedia":[{"embeddable":true,"href":"https:\/\/www.mentaymora.com\/index.php\/wp-json\/wp\/v2\/media\/14652"}],"wp:attachment":[{"href":"https:\/\/www.mentaymora.com\/index.php\/wp-json\/wp\/v2\/media?parent=14651"}],"wp:term":[{"taxonomy":"product_brand","embeddable":true,"href":"https:\/\/www.mentaymora.com\/index.php\/wp-json\/wp\/v2\/product_brand?post=14651"},{"taxonomy":"product_cat","embeddable":true,"href":"https:\/\/www.mentaymora.com\/index.php\/wp-json\/wp\/v2\/product_cat?post=14651"},{"taxonomy":"product_tag","embeddable":true,"href":"https:\/\/www.mentaymora.com\/index.php\/wp-json\/wp\/v2\/product_tag?post=14651"}],"curies":[{"name":"wp","href":"https:\/\/api.w.org\/{rel}","templated":true}]}}