{"id":14893,"date":"2024-04-18T19:32:14","date_gmt":"2024-04-18T18:32:14","guid":{"rendered":"https:\/\/www.mentaymora.com\/?post_type=product&#038;p=14893"},"modified":"2026-04-15T16:21:26","modified_gmt":"2026-04-15T15:21:26","slug":"exfoliante-de-azucar-cristalino-cupuacu-200ml-ziaja","status":"publish","type":"product","link":"https:\/\/www.mentaymora.com\/index.php\/producto\/exfoliante-de-azucar-cristalino-cupuacu-200ml-ziaja\/","title":{"rendered":"Exfoliante de Az\u00facar Cristalino CUPUA\u00c7U 200ml &#8211; Ziaja"},"content":{"rendered":"<p>Exfoliante de Az\u00facar Cristalino CUPUA\u00c7U 200ml &#8211; Ziaja<\/p>\n<p>Exfoliante corporal con efecto hidratante y alisador que suaviza, reduce la sequedad y la aspereza de la piel. Contiene karit\u00e9, nuez de Brasil, macadamia y az\u00facar cristalino.<\/p>\n<p>Reduce la aspereza y la sequedad de la piel. Contiene az\u00facar cristalino y polvo de c\u00e1scara de nuez. Forma una pel\u00edcula protectora sobre la piel y proporciona un olor agradable y c\u00e1lido que estimula los sentidos.<\/p>\n<p>El Cupuaz\u00fa tiene propiedades antioxidantes, fibra, hierro, f\u00f3sforo y prote\u00ednas y es rico en varias vitaminas complejo B y vitamina C.<\/p>\n<div id=\"x_product-description-short-50273\">\n<div class=\"description\">\n<div class=\"\"><strong>Apto para veganos. Sin gluten.\u00a0<\/strong><\/div>\n<div class=\"\"><strong>Producto ideal para piel seca, deshidratada o normal<\/strong><\/div>\n<div class=\"\"><strong>Recomendado a partir de 12 a\u00f1os.<\/strong><\/div>\n<div>\u00a0<\/div>\n<div class=\"\"><strong>Contiene:<\/strong> az\u00facar cristalino y polvo de c\u00e1scara de nuez. Forma una pel\u00edcula protectora sobre la piel y proporciona un olor agradable y c\u00e1lido que estimula los sentidos.<\/div>\n<\/div>\n<\/div>\n<p class=\"x_MsoNormal\"><strong>Modo de empleo: <\/strong>Aplicar sobre la piel humedecida. Masajear con movimientos circulares y aclarar.<\/p>\n<p class=\"x_MsoNormal\"><strong>INCIS: <\/strong>Aqua (Water), Sodium Laureth Sulfate, Cocamidopropyl Betaine, Glycerin, Shea Butter Ethyl Esters, Bertholletia Excelsa Seed Oil, Tocopherol, Macadamia Ternifolia Seed Oil, Gossypium Herbaceum (Cotton) Seed Oil, Squalane, Theobroma Grandiflorum Seed Butter, Sodium Chloride, Xanthan Gum, Mica, CI 77491 (Iron Oxides), Sodium Benzoate, Parfum (Fragrance), Linalool, Geraniol, Citric Acid, CI 16035 (FD&amp;C Red No. 40), CI 42090 (FD&amp;C Blue No. 1), CI 19140 (FD&amp;C Yellow No. 5), CI 47005 (D&amp;C Yellow No. 10<\/p>\n<p>La lista de ingredientes est\u00e1 conforme al estado actual de fabricaci\u00f3n de 2023.12.<\/p>\n<p>&nbsp;<\/p>\n<p class=\"x_MsoNormal\"><a href=\"https:\/\/www.mentaymora.com\/\">Menta y Mora<\/a> Te Enamora\u00a0 \u00a0S\u00edguenos en nuestras RRSS (<a href=\"https:\/\/es-es.facebook.com\/MentayMora\/\">Facebook<\/a>\u00a0e\u00a0<a href=\"https:\/\/www.instagram.com\/mentaymora.illescas\/?hl=es\">Instagram<\/a>)\u00a0 \u00a0 Si tienes alguna consulta, <a href=\"mailto:%20info@mentaymora.com\">preg\u00fantanos<\/a>.<\/p>\n","protected":false},"excerpt":{"rendered":"<div id=\"x_product-description-short-50273\">\n<div class=\"description\">\n<div id=\"product-description-short-2473\" class=\"rte-content\">\n<div id=\"product-description-short-2476\" class=\"rte-content\">Exfoliante corporal con efecto hidratante y alisador que suaviza, reduce la sequedad y la aspereza de la piel. Contiene karit\u00e9, nuez de Brasil, macadamia y az\u00facar cristalino.<\/div>\n<div class=\"product-actions\">\n<form action=\"https:\/\/ziajashop.es\/carrito\" method=\"post\">\n<div class=\"product-variants\">\u00a0<\/div>\n<div class=\"product_p_price_container\">\n<div class=\"product-prices\">\n<div class=\"\">\n<div class=\"\"><strong>Apto para veganos. Sin gluten.\u00a0<\/strong><\/div>\n<div class=\"\"><strong>Producto ideal para piel seca, deshidratada o normal<\/strong><\/div>\n<div class=\"\"><strong>Recomendado a partir de 12 a\u00f1os.<\/strong><\/div>\n<\/div>\n<\/div>\n<\/div>\n<\/form>\n<\/div>\n<\/div>\n<div class=\"product-actions\">\n<form action=\"https:\/\/ziajashop.es\/carrito\" method=\"post\">\n<div class=\"product_p_price_container\">\n<div class=\"product-prices\">\n<div>\u00a0<\/div>\n<div class=\"\"><strong>Contiene:<\/strong> az\u00facar cristalino y polvo de c\u00e1scara de nuez. Forma una pel\u00edcula protectora sobre la piel y proporciona un olor agradable y c\u00e1lido que estimula los sentidos.<\/div>\n<\/div>\n<\/div>\n<\/form>\n<\/div>\n<\/div>\n<\/div>\n<p class=\"x_MsoNormal\"><strong>Contenido:<\/strong> 200ml<\/p>\n","protected":false},"featured_media":14897,"comment_status":"open","ping_status":"closed","template":"","meta":{"_acf_changed":false,"_joinchat":[]},"product_brand":[],"product_cat":[1867,801],"product_tag":[1370,211,205],"class_list":{"0":"post-14893","1":"product","2":"type-product","3":"status-publish","4":"has-post-thumbnail","6":"product_cat-cupuacu-bornceadora","7":"product_cat-novedades-cosmetica","8":"product_tag-autobronceador","9":"product_tag-exfoliante","10":"product_tag-hidratante","11":"latest_post","13":"first","14":"instock","15":"taxable","16":"shipping-taxable","17":"purchasable","18":"product-type-simple"},"acf":[],"yoast_head":"<!-- This site is optimized with the Yoast SEO plugin v27.4 - https:\/\/yoast.com\/product\/yoast-seo-wordpress\/ -->\n<title>Exfoliante de Az\u00facar Cristalino CUPUA\u00c7U 200ml - Ziaja - Menta y Mora<\/title>\n<meta name=\"description\" content=\"Exfoliante de Az\u00facar Cristalino CUPUA\u00c7U 200ml - Ziaja Exfoliante corporal con efecto hidratante y alisador que suaviza, reduce la sequedad y la aspereza\" \/>\n<meta name=\"robots\" content=\"index, follow, max-snippet:-1, max-image-preview:large, max-video-preview:-1\" \/>\n<link rel=\"canonical\" href=\"https:\/\/www.mentaymora.com\/index.php\/producto\/exfoliante-de-azucar-cristalino-cupuacu-200ml-ziaja\/\" \/>\n<meta property=\"og:locale\" content=\"es_ES\" \/>\n<meta property=\"og:type\" content=\"article\" \/>\n<meta property=\"og:title\" content=\"Exfoliante de Az\u00facar Cristalino CUPUA\u00c7U 200ml - Ziaja - Menta y Mora\" \/>\n<meta property=\"og:description\" content=\"Exfoliante de Az\u00facar Cristalino CUPUA\u00c7U 200ml - Ziaja Exfoliante corporal con efecto hidratante y alisador que suaviza, reduce la sequedad y la aspereza\" \/>\n<meta property=\"og:url\" content=\"https:\/\/www.mentaymora.com\/index.php\/producto\/exfoliante-de-azucar-cristalino-cupuacu-200ml-ziaja\/\" \/>\n<meta property=\"og:site_name\" content=\"Menta y Mora\" \/>\n<meta property=\"article:publisher\" content=\"https:\/\/es-es.facebook.com\/MentayMora\/\" \/>\n<meta property=\"article:modified_time\" content=\"2026-04-15T15:21:26+00:00\" \/>\n<meta property=\"og:image\" content=\"https:\/\/www.mentaymora.com\/wp-content\/uploads\/2024\/04\/Exfoliante-de-Azucar-Cristalino-CUPUAZU-200ml-Ziaja.webp\" \/>\n\t<meta property=\"og:image:width\" content=\"1100\" \/>\n\t<meta property=\"og:image:height\" content=\"1422\" \/>\n\t<meta property=\"og:image:type\" content=\"image\/webp\" \/>\n<meta name=\"twitter:card\" content=\"summary_large_image\" \/>\n<meta name=\"twitter:label1\" content=\"Tiempo de lectura\" \/>\n\t<meta name=\"twitter:data1\" content=\"2 minutos\" \/>\n<script type=\"application\/ld+json\" class=\"yoast-schema-graph\">{\"@context\":\"https:\\\/\\\/schema.org\",\"@graph\":[{\"@type\":\"WebPage\",\"@id\":\"https:\\\/\\\/www.mentaymora.com\\\/index.php\\\/producto\\\/exfoliante-de-azucar-cristalino-cupuacu-200ml-ziaja\\\/\",\"url\":\"https:\\\/\\\/www.mentaymora.com\\\/index.php\\\/producto\\\/exfoliante-de-azucar-cristalino-cupuacu-200ml-ziaja\\\/\",\"name\":\"Exfoliante de Az\u00facar Cristalino CUPUA\u00c7U 200ml - Ziaja - Menta y Mora\",\"isPartOf\":{\"@id\":\"https:\\\/\\\/www.mentaymora.com\\\/#website\"},\"primaryImageOfPage\":{\"@id\":\"https:\\\/\\\/www.mentaymora.com\\\/index.php\\\/producto\\\/exfoliante-de-azucar-cristalino-cupuacu-200ml-ziaja\\\/#primaryimage\"},\"image\":{\"@id\":\"https:\\\/\\\/www.mentaymora.com\\\/index.php\\\/producto\\\/exfoliante-de-azucar-cristalino-cupuacu-200ml-ziaja\\\/#primaryimage\"},\"thumbnailUrl\":\"https:\\\/\\\/www.mentaymora.com\\\/wp-content\\\/uploads\\\/2024\\\/04\\\/Exfoliante-de-Azucar-Cristalino-CUPUAZU-200ml-Ziaja.webp\",\"datePublished\":\"2024-04-18T18:32:14+00:00\",\"dateModified\":\"2026-04-15T15:21:26+00:00\",\"description\":\"Exfoliante de Az\u00facar Cristalino CUPUA\u00c7U 200ml - Ziaja Exfoliante corporal con efecto hidratante y alisador que suaviza, reduce la sequedad y la aspereza\",\"breadcrumb\":{\"@id\":\"https:\\\/\\\/www.mentaymora.com\\\/index.php\\\/producto\\\/exfoliante-de-azucar-cristalino-cupuacu-200ml-ziaja\\\/#breadcrumb\"},\"inLanguage\":\"es\",\"potentialAction\":[{\"@type\":\"ReadAction\",\"target\":[\"https:\\\/\\\/www.mentaymora.com\\\/index.php\\\/producto\\\/exfoliante-de-azucar-cristalino-cupuacu-200ml-ziaja\\\/\"]}]},{\"@type\":\"ImageObject\",\"inLanguage\":\"es\",\"@id\":\"https:\\\/\\\/www.mentaymora.com\\\/index.php\\\/producto\\\/exfoliante-de-azucar-cristalino-cupuacu-200ml-ziaja\\\/#primaryimage\",\"url\":\"https:\\\/\\\/www.mentaymora.com\\\/wp-content\\\/uploads\\\/2024\\\/04\\\/Exfoliante-de-Azucar-Cristalino-CUPUAZU-200ml-Ziaja.webp\",\"contentUrl\":\"https:\\\/\\\/www.mentaymora.com\\\/wp-content\\\/uploads\\\/2024\\\/04\\\/Exfoliante-de-Azucar-Cristalino-CUPUAZU-200ml-Ziaja.webp\",\"width\":1100,\"height\":1422,\"caption\":\"Exfoliante de Az\u00facar Cristalino CUPUAZ\u00da 200ml Ziaja\"},{\"@type\":\"BreadcrumbList\",\"@id\":\"https:\\\/\\\/www.mentaymora.com\\\/index.php\\\/producto\\\/exfoliante-de-azucar-cristalino-cupuacu-200ml-ziaja\\\/#breadcrumb\",\"itemListElement\":[{\"@type\":\"ListItem\",\"position\":1,\"name\":\"Portada\",\"item\":\"https:\\\/\\\/www.mentaymora.com\\\/\"},{\"@type\":\"ListItem\",\"position\":2,\"name\":\"Productos\",\"item\":\"https:\\\/\\\/www.mentaymora.com\\\/index.php\\\/tienda\\\/\"},{\"@type\":\"ListItem\",\"position\":3,\"name\":\"Exfoliante de Az\u00facar Cristalino CUPUA\u00c7U 200ml &#8211; Ziaja\"}]},{\"@type\":\"WebSite\",\"@id\":\"https:\\\/\\\/www.mentaymora.com\\\/#website\",\"url\":\"https:\\\/\\\/www.mentaymora.com\\\/\",\"name\":\"Menta y Mora\",\"description\":\"Regalos y Complementos\",\"publisher\":{\"@id\":\"https:\\\/\\\/www.mentaymora.com\\\/#organization\"},\"potentialAction\":[{\"@type\":\"SearchAction\",\"target\":{\"@type\":\"EntryPoint\",\"urlTemplate\":\"https:\\\/\\\/www.mentaymora.com\\\/?s={search_term_string}\"},\"query-input\":{\"@type\":\"PropertyValueSpecification\",\"valueRequired\":true,\"valueName\":\"search_term_string\"}}],\"inLanguage\":\"es\"},{\"@type\":\"Organization\",\"@id\":\"https:\\\/\\\/www.mentaymora.com\\\/#organization\",\"name\":\"Menta y Mora\",\"url\":\"https:\\\/\\\/www.mentaymora.com\\\/\",\"logo\":{\"@type\":\"ImageObject\",\"inLanguage\":\"es\",\"@id\":\"https:\\\/\\\/www.mentaymora.com\\\/#\\\/schema\\\/logo\\\/image\\\/\",\"url\":\"https:\\\/\\\/www.mentaymora.com\\\/wp-content\\\/uploads\\\/2021\\\/07\\\/Logo.jpg\",\"contentUrl\":\"https:\\\/\\\/www.mentaymora.com\\\/wp-content\\\/uploads\\\/2021\\\/07\\\/Logo.jpg\",\"width\":1172,\"height\":1172,\"caption\":\"Menta y Mora\"},\"image\":{\"@id\":\"https:\\\/\\\/www.mentaymora.com\\\/#\\\/schema\\\/logo\\\/image\\\/\"},\"sameAs\":[\"https:\\\/\\\/es-es.facebook.com\\\/MentayMora\\\/\",\"https:\\\/\\\/www.instagram.com\\\/mentaymora.illescas\\\/?hl=es\",\"https:\\\/\\\/www.youtube.com\\\/channel\\\/UCuMMtdck_1XS-MyW6ZnBAlw\"]}]}<\/script>\n<!-- \/ Yoast SEO plugin. -->","yoast_head_json":{"title":"Exfoliante de Az\u00facar Cristalino CUPUA\u00c7U 200ml - Ziaja - Menta y Mora","description":"Exfoliante de Az\u00facar Cristalino CUPUA\u00c7U 200ml - Ziaja Exfoliante corporal con efecto hidratante y alisador que suaviza, reduce la sequedad y la aspereza","robots":{"index":"index","follow":"follow","max-snippet":"max-snippet:-1","max-image-preview":"max-image-preview:large","max-video-preview":"max-video-preview:-1"},"canonical":"https:\/\/www.mentaymora.com\/index.php\/producto\/exfoliante-de-azucar-cristalino-cupuacu-200ml-ziaja\/","og_locale":"es_ES","og_type":"article","og_title":"Exfoliante de Az\u00facar Cristalino CUPUA\u00c7U 200ml - Ziaja - Menta y Mora","og_description":"Exfoliante de Az\u00facar Cristalino CUPUA\u00c7U 200ml - Ziaja Exfoliante corporal con efecto hidratante y alisador que suaviza, reduce la sequedad y la aspereza","og_url":"https:\/\/www.mentaymora.com\/index.php\/producto\/exfoliante-de-azucar-cristalino-cupuacu-200ml-ziaja\/","og_site_name":"Menta y Mora","article_publisher":"https:\/\/es-es.facebook.com\/MentayMora\/","article_modified_time":"2026-04-15T15:21:26+00:00","og_image":[{"width":1100,"height":1422,"url":"https:\/\/www.mentaymora.com\/wp-content\/uploads\/2024\/04\/Exfoliante-de-Azucar-Cristalino-CUPUAZU-200ml-Ziaja.webp","type":"image\/webp"}],"twitter_card":"summary_large_image","twitter_misc":{"Tiempo de lectura":"2 minutos"},"schema":{"@context":"https:\/\/schema.org","@graph":[{"@type":"WebPage","@id":"https:\/\/www.mentaymora.com\/index.php\/producto\/exfoliante-de-azucar-cristalino-cupuacu-200ml-ziaja\/","url":"https:\/\/www.mentaymora.com\/index.php\/producto\/exfoliante-de-azucar-cristalino-cupuacu-200ml-ziaja\/","name":"Exfoliante de Az\u00facar Cristalino CUPUA\u00c7U 200ml - Ziaja - Menta y Mora","isPartOf":{"@id":"https:\/\/www.mentaymora.com\/#website"},"primaryImageOfPage":{"@id":"https:\/\/www.mentaymora.com\/index.php\/producto\/exfoliante-de-azucar-cristalino-cupuacu-200ml-ziaja\/#primaryimage"},"image":{"@id":"https:\/\/www.mentaymora.com\/index.php\/producto\/exfoliante-de-azucar-cristalino-cupuacu-200ml-ziaja\/#primaryimage"},"thumbnailUrl":"https:\/\/www.mentaymora.com\/wp-content\/uploads\/2024\/04\/Exfoliante-de-Azucar-Cristalino-CUPUAZU-200ml-Ziaja.webp","datePublished":"2024-04-18T18:32:14+00:00","dateModified":"2026-04-15T15:21:26+00:00","description":"Exfoliante de Az\u00facar Cristalino CUPUA\u00c7U 200ml - Ziaja Exfoliante corporal con efecto hidratante y alisador que suaviza, reduce la sequedad y la aspereza","breadcrumb":{"@id":"https:\/\/www.mentaymora.com\/index.php\/producto\/exfoliante-de-azucar-cristalino-cupuacu-200ml-ziaja\/#breadcrumb"},"inLanguage":"es","potentialAction":[{"@type":"ReadAction","target":["https:\/\/www.mentaymora.com\/index.php\/producto\/exfoliante-de-azucar-cristalino-cupuacu-200ml-ziaja\/"]}]},{"@type":"ImageObject","inLanguage":"es","@id":"https:\/\/www.mentaymora.com\/index.php\/producto\/exfoliante-de-azucar-cristalino-cupuacu-200ml-ziaja\/#primaryimage","url":"https:\/\/www.mentaymora.com\/wp-content\/uploads\/2024\/04\/Exfoliante-de-Azucar-Cristalino-CUPUAZU-200ml-Ziaja.webp","contentUrl":"https:\/\/www.mentaymora.com\/wp-content\/uploads\/2024\/04\/Exfoliante-de-Azucar-Cristalino-CUPUAZU-200ml-Ziaja.webp","width":1100,"height":1422,"caption":"Exfoliante de Az\u00facar Cristalino CUPUAZ\u00da 200ml Ziaja"},{"@type":"BreadcrumbList","@id":"https:\/\/www.mentaymora.com\/index.php\/producto\/exfoliante-de-azucar-cristalino-cupuacu-200ml-ziaja\/#breadcrumb","itemListElement":[{"@type":"ListItem","position":1,"name":"Portada","item":"https:\/\/www.mentaymora.com\/"},{"@type":"ListItem","position":2,"name":"Productos","item":"https:\/\/www.mentaymora.com\/index.php\/tienda\/"},{"@type":"ListItem","position":3,"name":"Exfoliante de Az\u00facar Cristalino CUPUA\u00c7U 200ml &#8211; Ziaja"}]},{"@type":"WebSite","@id":"https:\/\/www.mentaymora.com\/#website","url":"https:\/\/www.mentaymora.com\/","name":"Menta y Mora","description":"Regalos y Complementos","publisher":{"@id":"https:\/\/www.mentaymora.com\/#organization"},"potentialAction":[{"@type":"SearchAction","target":{"@type":"EntryPoint","urlTemplate":"https:\/\/www.mentaymora.com\/?s={search_term_string}"},"query-input":{"@type":"PropertyValueSpecification","valueRequired":true,"valueName":"search_term_string"}}],"inLanguage":"es"},{"@type":"Organization","@id":"https:\/\/www.mentaymora.com\/#organization","name":"Menta y Mora","url":"https:\/\/www.mentaymora.com\/","logo":{"@type":"ImageObject","inLanguage":"es","@id":"https:\/\/www.mentaymora.com\/#\/schema\/logo\/image\/","url":"https:\/\/www.mentaymora.com\/wp-content\/uploads\/2021\/07\/Logo.jpg","contentUrl":"https:\/\/www.mentaymora.com\/wp-content\/uploads\/2021\/07\/Logo.jpg","width":1172,"height":1172,"caption":"Menta y Mora"},"image":{"@id":"https:\/\/www.mentaymora.com\/#\/schema\/logo\/image\/"},"sameAs":["https:\/\/es-es.facebook.com\/MentayMora\/","https:\/\/www.instagram.com\/mentaymora.illescas\/?hl=es","https:\/\/www.youtube.com\/channel\/UCuMMtdck_1XS-MyW6ZnBAlw"]}]}},"_links":{"self":[{"href":"https:\/\/www.mentaymora.com\/index.php\/wp-json\/wp\/v2\/product\/14893","targetHints":{"allow":["GET"]}}],"collection":[{"href":"https:\/\/www.mentaymora.com\/index.php\/wp-json\/wp\/v2\/product"}],"about":[{"href":"https:\/\/www.mentaymora.com\/index.php\/wp-json\/wp\/v2\/types\/product"}],"replies":[{"embeddable":true,"href":"https:\/\/www.mentaymora.com\/index.php\/wp-json\/wp\/v2\/comments?post=14893"}],"wp:featuredmedia":[{"embeddable":true,"href":"https:\/\/www.mentaymora.com\/index.php\/wp-json\/wp\/v2\/media\/14897"}],"wp:attachment":[{"href":"https:\/\/www.mentaymora.com\/index.php\/wp-json\/wp\/v2\/media?parent=14893"}],"wp:term":[{"taxonomy":"product_brand","embeddable":true,"href":"https:\/\/www.mentaymora.com\/index.php\/wp-json\/wp\/v2\/product_brand?post=14893"},{"taxonomy":"product_cat","embeddable":true,"href":"https:\/\/www.mentaymora.com\/index.php\/wp-json\/wp\/v2\/product_cat?post=14893"},{"taxonomy":"product_tag","embeddable":true,"href":"https:\/\/www.mentaymora.com\/index.php\/wp-json\/wp\/v2\/product_tag?post=14893"}],"curies":[{"name":"wp","href":"https:\/\/api.w.org\/{rel}","templated":true}]}}