{"id":14911,"date":"2024-04-19T18:41:06","date_gmt":"2024-04-19T17:41:06","guid":{"rendered":"https:\/\/www.mentaymora.com\/?post_type=product&#038;p=14911"},"modified":"2024-05-07T09:58:12","modified_gmt":"2024-05-07T08:58:12","slug":"copa-de-vino-mama-instagram","status":"publish","type":"product","link":"https:\/\/www.mentaymora.com\/index.php\/producto\/copa-de-vino-mama-instagram\/","title":{"rendered":"Copa de Vino \u00abMam\u00e1 Instagram\u00bb"},"content":{"rendered":"<p>Copa de Vino \u00abMam\u00e1 Instagram\u00bb<\/p>\n<p>Copa de Vino para <strong>regalar a mam\u00e1<\/strong> con la frase \u00ab<strong>Mam\u00e1, eres la m\u00e1s guapa de Instagram<\/strong>\u00ab.<\/p>\n<div><strong>Caracter\u00edsticas T\u00e9cnicas:<\/strong><\/div>\n<ul>\n<li>CRISTAL. 415ml<\/li>\n<li>\n<div>Medidas: 10 x 10 x 22.5 cm<\/div>\n<\/li>\n<li>\n<div>Tipo de packaging: CAJA COLOR<\/div>\n<\/li>\n<\/ul>\n","protected":false},"excerpt":{"rendered":"<p>Copa de Vino para <strong>regalar a mam\u00e1<\/strong> con la frase \u00ab<strong>Mam\u00e1, eres la m\u00e1s guapa de Instagram<\/strong>\u00ab.<\/p>\n<p><strong>Capacidad:<\/strong> 415ml<\/p>\n","protected":false},"featured_media":14912,"comment_status":"open","ping_status":"closed","template":"","meta":{"_acf_changed":false,"_joinchat":[]},"product_brand":[],"product_cat":[1210,1346],"product_tag":[1371,1053],"class_list":{"0":"post-14911","1":"product","2":"type-product","3":"status-publish","4":"has-post-thumbnail","6":"product_cat-dia-de-la-madre","7":"product_cat-mama","8":"product_tag-copa-de-vino","9":"product_tag-mama","10":"latest_post","12":"first","13":"instock","14":"taxable","15":"shipping-taxable","16":"purchasable","17":"product-type-simple"},"acf":[],"yoast_head":"<!-- This site is optimized with the Yoast SEO plugin v27.4 - https:\/\/yoast.com\/product\/yoast-seo-wordpress\/ -->\n<title>Copa de Vino &quot;Mam\u00e1 Instagram&quot; - Menta y Mora<\/title>\n<meta name=\"description\" content=\"Copa de Vino &quot;Mam\u00e1 Instagram&quot; Copa de Vino para regalar a mam\u00e1 con la frase &quot;Mam\u00e1, eres la m\u00e1s guapa de Instagram&quot;. Caracter\u00edsticas T\u00e9cnicas:\" \/>\n<meta name=\"robots\" content=\"index, follow, max-snippet:-1, max-image-preview:large, max-video-preview:-1\" \/>\n<link rel=\"canonical\" href=\"https:\/\/www.mentaymora.com\/index.php\/producto\/copa-de-vino-mama-instagram\/\" \/>\n<meta property=\"og:locale\" content=\"es_ES\" \/>\n<meta property=\"og:type\" content=\"article\" \/>\n<meta property=\"og:title\" content=\"Copa de Vino &quot;Mam\u00e1 Instagram&quot; - Menta y Mora\" \/>\n<meta property=\"og:description\" content=\"Copa de Vino &quot;Mam\u00e1 Instagram&quot; Copa de Vino para regalar a mam\u00e1 con la frase &quot;Mam\u00e1, eres la m\u00e1s guapa de Instagram&quot;. Caracter\u00edsticas T\u00e9cnicas:\" \/>\n<meta property=\"og:url\" content=\"https:\/\/www.mentaymora.com\/index.php\/producto\/copa-de-vino-mama-instagram\/\" \/>\n<meta property=\"og:site_name\" content=\"Menta y Mora\" \/>\n<meta property=\"article:publisher\" content=\"https:\/\/es-es.facebook.com\/MentayMora\/\" \/>\n<meta property=\"article:modified_time\" content=\"2024-05-07T08:58:12+00:00\" \/>\n<meta property=\"og:image\" content=\"https:\/\/www.mentaymora.com\/wp-content\/uploads\/2024\/04\/Botella-de-Acero-Mama-Instagram.jpeg\" \/>\n\t<meta property=\"og:image:width\" content=\"600\" \/>\n\t<meta property=\"og:image:height\" content=\"600\" \/>\n\t<meta property=\"og:image:type\" content=\"image\/jpeg\" \/>\n<meta name=\"twitter:card\" content=\"summary_large_image\" \/>\n<meta name=\"twitter:label1\" content=\"Tiempo de lectura\" \/>\n\t<meta name=\"twitter:data1\" content=\"1 minuto\" \/>\n<script type=\"application\/ld+json\" class=\"yoast-schema-graph\">{\"@context\":\"https:\\\/\\\/schema.org\",\"@graph\":[{\"@type\":\"WebPage\",\"@id\":\"https:\\\/\\\/www.mentaymora.com\\\/index.php\\\/producto\\\/copa-de-vino-mama-instagram\\\/\",\"url\":\"https:\\\/\\\/www.mentaymora.com\\\/index.php\\\/producto\\\/copa-de-vino-mama-instagram\\\/\",\"name\":\"Copa de Vino \\\"Mam\u00e1 Instagram\\\" - Menta y Mora\",\"isPartOf\":{\"@id\":\"https:\\\/\\\/www.mentaymora.com\\\/#website\"},\"primaryImageOfPage\":{\"@id\":\"https:\\\/\\\/www.mentaymora.com\\\/index.php\\\/producto\\\/copa-de-vino-mama-instagram\\\/#primaryimage\"},\"image\":{\"@id\":\"https:\\\/\\\/www.mentaymora.com\\\/index.php\\\/producto\\\/copa-de-vino-mama-instagram\\\/#primaryimage\"},\"thumbnailUrl\":\"https:\\\/\\\/www.mentaymora.com\\\/wp-content\\\/uploads\\\/2024\\\/04\\\/Botella-de-Acero-Mama-Instagram.jpeg\",\"datePublished\":\"2024-04-19T17:41:06+00:00\",\"dateModified\":\"2024-05-07T08:58:12+00:00\",\"description\":\"Copa de Vino \\\"Mam\u00e1 Instagram\\\" Copa de Vino para regalar a mam\u00e1 con la frase \\\"Mam\u00e1, eres la m\u00e1s guapa de Instagram\\\". Caracter\u00edsticas T\u00e9cnicas:\",\"breadcrumb\":{\"@id\":\"https:\\\/\\\/www.mentaymora.com\\\/index.php\\\/producto\\\/copa-de-vino-mama-instagram\\\/#breadcrumb\"},\"inLanguage\":\"es\",\"potentialAction\":[{\"@type\":\"ReadAction\",\"target\":[\"https:\\\/\\\/www.mentaymora.com\\\/index.php\\\/producto\\\/copa-de-vino-mama-instagram\\\/\"]}]},{\"@type\":\"ImageObject\",\"inLanguage\":\"es\",\"@id\":\"https:\\\/\\\/www.mentaymora.com\\\/index.php\\\/producto\\\/copa-de-vino-mama-instagram\\\/#primaryimage\",\"url\":\"https:\\\/\\\/www.mentaymora.com\\\/wp-content\\\/uploads\\\/2024\\\/04\\\/Botella-de-Acero-Mama-Instagram.jpeg\",\"contentUrl\":\"https:\\\/\\\/www.mentaymora.com\\\/wp-content\\\/uploads\\\/2024\\\/04\\\/Botella-de-Acero-Mama-Instagram.jpeg\",\"width\":600,\"height\":600,\"caption\":\"Botella de Acero Mam\u00e1 Instagram\"},{\"@type\":\"BreadcrumbList\",\"@id\":\"https:\\\/\\\/www.mentaymora.com\\\/index.php\\\/producto\\\/copa-de-vino-mama-instagram\\\/#breadcrumb\",\"itemListElement\":[{\"@type\":\"ListItem\",\"position\":1,\"name\":\"Portada\",\"item\":\"https:\\\/\\\/www.mentaymora.com\\\/\"},{\"@type\":\"ListItem\",\"position\":2,\"name\":\"Productos\",\"item\":\"https:\\\/\\\/www.mentaymora.com\\\/index.php\\\/tienda\\\/\"},{\"@type\":\"ListItem\",\"position\":3,\"name\":\"Copa de Vino \u00abMam\u00e1 Instagram\u00bb\"}]},{\"@type\":\"WebSite\",\"@id\":\"https:\\\/\\\/www.mentaymora.com\\\/#website\",\"url\":\"https:\\\/\\\/www.mentaymora.com\\\/\",\"name\":\"Menta y Mora\",\"description\":\"Regalos y Complementos\",\"publisher\":{\"@id\":\"https:\\\/\\\/www.mentaymora.com\\\/#organization\"},\"potentialAction\":[{\"@type\":\"SearchAction\",\"target\":{\"@type\":\"EntryPoint\",\"urlTemplate\":\"https:\\\/\\\/www.mentaymora.com\\\/?s={search_term_string}\"},\"query-input\":{\"@type\":\"PropertyValueSpecification\",\"valueRequired\":true,\"valueName\":\"search_term_string\"}}],\"inLanguage\":\"es\"},{\"@type\":\"Organization\",\"@id\":\"https:\\\/\\\/www.mentaymora.com\\\/#organization\",\"name\":\"Menta y Mora\",\"url\":\"https:\\\/\\\/www.mentaymora.com\\\/\",\"logo\":{\"@type\":\"ImageObject\",\"inLanguage\":\"es\",\"@id\":\"https:\\\/\\\/www.mentaymora.com\\\/#\\\/schema\\\/logo\\\/image\\\/\",\"url\":\"https:\\\/\\\/www.mentaymora.com\\\/wp-content\\\/uploads\\\/2021\\\/07\\\/Logo.jpg\",\"contentUrl\":\"https:\\\/\\\/www.mentaymora.com\\\/wp-content\\\/uploads\\\/2021\\\/07\\\/Logo.jpg\",\"width\":1172,\"height\":1172,\"caption\":\"Menta y Mora\"},\"image\":{\"@id\":\"https:\\\/\\\/www.mentaymora.com\\\/#\\\/schema\\\/logo\\\/image\\\/\"},\"sameAs\":[\"https:\\\/\\\/es-es.facebook.com\\\/MentayMora\\\/\",\"https:\\\/\\\/www.instagram.com\\\/mentaymora.illescas\\\/?hl=es\",\"https:\\\/\\\/www.youtube.com\\\/channel\\\/UCuMMtdck_1XS-MyW6ZnBAlw\"]}]}<\/script>\n<!-- \/ Yoast SEO plugin. -->","yoast_head_json":{"title":"Copa de Vino \"Mam\u00e1 Instagram\" - Menta y Mora","description":"Copa de Vino \"Mam\u00e1 Instagram\" Copa de Vino para regalar a mam\u00e1 con la frase \"Mam\u00e1, eres la m\u00e1s guapa de Instagram\". Caracter\u00edsticas T\u00e9cnicas:","robots":{"index":"index","follow":"follow","max-snippet":"max-snippet:-1","max-image-preview":"max-image-preview:large","max-video-preview":"max-video-preview:-1"},"canonical":"https:\/\/www.mentaymora.com\/index.php\/producto\/copa-de-vino-mama-instagram\/","og_locale":"es_ES","og_type":"article","og_title":"Copa de Vino \"Mam\u00e1 Instagram\" - Menta y Mora","og_description":"Copa de Vino \"Mam\u00e1 Instagram\" Copa de Vino para regalar a mam\u00e1 con la frase \"Mam\u00e1, eres la m\u00e1s guapa de Instagram\". Caracter\u00edsticas T\u00e9cnicas:","og_url":"https:\/\/www.mentaymora.com\/index.php\/producto\/copa-de-vino-mama-instagram\/","og_site_name":"Menta y Mora","article_publisher":"https:\/\/es-es.facebook.com\/MentayMora\/","article_modified_time":"2024-05-07T08:58:12+00:00","og_image":[{"width":600,"height":600,"url":"https:\/\/www.mentaymora.com\/wp-content\/uploads\/2024\/04\/Botella-de-Acero-Mama-Instagram.jpeg","type":"image\/jpeg"}],"twitter_card":"summary_large_image","twitter_misc":{"Tiempo de lectura":"1 minuto"},"schema":{"@context":"https:\/\/schema.org","@graph":[{"@type":"WebPage","@id":"https:\/\/www.mentaymora.com\/index.php\/producto\/copa-de-vino-mama-instagram\/","url":"https:\/\/www.mentaymora.com\/index.php\/producto\/copa-de-vino-mama-instagram\/","name":"Copa de Vino \"Mam\u00e1 Instagram\" - Menta y Mora","isPartOf":{"@id":"https:\/\/www.mentaymora.com\/#website"},"primaryImageOfPage":{"@id":"https:\/\/www.mentaymora.com\/index.php\/producto\/copa-de-vino-mama-instagram\/#primaryimage"},"image":{"@id":"https:\/\/www.mentaymora.com\/index.php\/producto\/copa-de-vino-mama-instagram\/#primaryimage"},"thumbnailUrl":"https:\/\/www.mentaymora.com\/wp-content\/uploads\/2024\/04\/Botella-de-Acero-Mama-Instagram.jpeg","datePublished":"2024-04-19T17:41:06+00:00","dateModified":"2024-05-07T08:58:12+00:00","description":"Copa de Vino \"Mam\u00e1 Instagram\" Copa de Vino para regalar a mam\u00e1 con la frase \"Mam\u00e1, eres la m\u00e1s guapa de Instagram\". Caracter\u00edsticas T\u00e9cnicas:","breadcrumb":{"@id":"https:\/\/www.mentaymora.com\/index.php\/producto\/copa-de-vino-mama-instagram\/#breadcrumb"},"inLanguage":"es","potentialAction":[{"@type":"ReadAction","target":["https:\/\/www.mentaymora.com\/index.php\/producto\/copa-de-vino-mama-instagram\/"]}]},{"@type":"ImageObject","inLanguage":"es","@id":"https:\/\/www.mentaymora.com\/index.php\/producto\/copa-de-vino-mama-instagram\/#primaryimage","url":"https:\/\/www.mentaymora.com\/wp-content\/uploads\/2024\/04\/Botella-de-Acero-Mama-Instagram.jpeg","contentUrl":"https:\/\/www.mentaymora.com\/wp-content\/uploads\/2024\/04\/Botella-de-Acero-Mama-Instagram.jpeg","width":600,"height":600,"caption":"Botella de Acero Mam\u00e1 Instagram"},{"@type":"BreadcrumbList","@id":"https:\/\/www.mentaymora.com\/index.php\/producto\/copa-de-vino-mama-instagram\/#breadcrumb","itemListElement":[{"@type":"ListItem","position":1,"name":"Portada","item":"https:\/\/www.mentaymora.com\/"},{"@type":"ListItem","position":2,"name":"Productos","item":"https:\/\/www.mentaymora.com\/index.php\/tienda\/"},{"@type":"ListItem","position":3,"name":"Copa de Vino \u00abMam\u00e1 Instagram\u00bb"}]},{"@type":"WebSite","@id":"https:\/\/www.mentaymora.com\/#website","url":"https:\/\/www.mentaymora.com\/","name":"Menta y Mora","description":"Regalos y Complementos","publisher":{"@id":"https:\/\/www.mentaymora.com\/#organization"},"potentialAction":[{"@type":"SearchAction","target":{"@type":"EntryPoint","urlTemplate":"https:\/\/www.mentaymora.com\/?s={search_term_string}"},"query-input":{"@type":"PropertyValueSpecification","valueRequired":true,"valueName":"search_term_string"}}],"inLanguage":"es"},{"@type":"Organization","@id":"https:\/\/www.mentaymora.com\/#organization","name":"Menta y Mora","url":"https:\/\/www.mentaymora.com\/","logo":{"@type":"ImageObject","inLanguage":"es","@id":"https:\/\/www.mentaymora.com\/#\/schema\/logo\/image\/","url":"https:\/\/www.mentaymora.com\/wp-content\/uploads\/2021\/07\/Logo.jpg","contentUrl":"https:\/\/www.mentaymora.com\/wp-content\/uploads\/2021\/07\/Logo.jpg","width":1172,"height":1172,"caption":"Menta y Mora"},"image":{"@id":"https:\/\/www.mentaymora.com\/#\/schema\/logo\/image\/"},"sameAs":["https:\/\/es-es.facebook.com\/MentayMora\/","https:\/\/www.instagram.com\/mentaymora.illescas\/?hl=es","https:\/\/www.youtube.com\/channel\/UCuMMtdck_1XS-MyW6ZnBAlw"]}]}},"_links":{"self":[{"href":"https:\/\/www.mentaymora.com\/index.php\/wp-json\/wp\/v2\/product\/14911","targetHints":{"allow":["GET"]}}],"collection":[{"href":"https:\/\/www.mentaymora.com\/index.php\/wp-json\/wp\/v2\/product"}],"about":[{"href":"https:\/\/www.mentaymora.com\/index.php\/wp-json\/wp\/v2\/types\/product"}],"replies":[{"embeddable":true,"href":"https:\/\/www.mentaymora.com\/index.php\/wp-json\/wp\/v2\/comments?post=14911"}],"wp:featuredmedia":[{"embeddable":true,"href":"https:\/\/www.mentaymora.com\/index.php\/wp-json\/wp\/v2\/media\/14912"}],"wp:attachment":[{"href":"https:\/\/www.mentaymora.com\/index.php\/wp-json\/wp\/v2\/media?parent=14911"}],"wp:term":[{"taxonomy":"product_brand","embeddable":true,"href":"https:\/\/www.mentaymora.com\/index.php\/wp-json\/wp\/v2\/product_brand?post=14911"},{"taxonomy":"product_cat","embeddable":true,"href":"https:\/\/www.mentaymora.com\/index.php\/wp-json\/wp\/v2\/product_cat?post=14911"},{"taxonomy":"product_tag","embeddable":true,"href":"https:\/\/www.mentaymora.com\/index.php\/wp-json\/wp\/v2\/product_tag?post=14911"}],"curies":[{"name":"wp","href":"https:\/\/api.w.org\/{rel}","templated":true}]}}