{"id":15005,"date":"2024-05-12T17:40:28","date_gmt":"2024-05-12T16:40:28","guid":{"rendered":"https:\/\/www.mentaymora.com\/?post_type=product&#038;p=15005"},"modified":"2024-06-15T08:12:50","modified_gmt":"2024-06-15T07:12:50","slug":"libreta-con-goma-azul-tamano-m-sin-profes-como-tu","status":"publish","type":"product","link":"https:\/\/www.mentaymora.com\/index.php\/producto\/libreta-con-goma-azul-tamano-m-sin-profes-como-tu\/","title":{"rendered":"LIBRETA con goma AZUL Tama\u00f1o M- Sin Profes, como t\u00fa&#8230;"},"content":{"rendered":"<p>LIBRETA con goma AZUL Tama\u00f1o M- Sin Profes, como t\u00fa&#8230;<\/p>\n<p>Libreta ideal para regalar a tu profe que le alegrar\u00e1 el d\u00eda. Podr\u00e1 apuntar todo lo que no quiera que se le olvide. Cierre con goma para poder meter papeles entre las hojas sin que se caigan.<\/p>\n<p><strong>CARACTER\u00cdSTICAS Y DIMENSIONES:<\/strong><\/p>\n<p><strong>Material:<\/strong> Papel.<\/p>\n<p><strong>Medidas:<\/strong> 10.5 x 1.5 x 14.5cm.<\/p>\n<p><strong>Cierre:<\/strong> goma.<\/p>\n<p>Tus regalos en\u00a0<a href=\"https:\/\/www.mentaymora.com\/\">Menta y Mora<\/a><\/p>\n<p>S\u00edguenos en nuestras RRSS (<a href=\"https:\/\/es-es.facebook.com\/MentayMora\/\">Facebook<\/a>\u00a0e\u00a0<a href=\"https:\/\/www.instagram.com\/mentaymora.illescas\/?hl=es\">Instagram<\/a>)<\/p>\n<p>Si tienes alguna consulta,\u00a0<a href=\"mailto:%20info@mentaymora.com\">preg\u00fantanos<\/a>.<\/p>\n","protected":false},"excerpt":{"rendered":"<p>Libreta ideal para regalar a tu profe que le alegrar\u00e1 el d\u00eda. Podr\u00e1 apuntar todo lo que no quiera que se le olvide. Cierre con goma para poder meter papeles entre las hojas sin que se caigan.<\/p>\n<p><strong>CARACTER\u00cdSTICAS Y DIMENSIONES:<\/strong><\/p>\n<p><strong>Material:<\/strong> Papel.<\/p>\n<p><strong>Medidas:<\/strong> 10.5 x 1.5 x 14.5cm.<\/p>\n<p><strong>Cierre:<\/strong> goma.<\/p>\n","protected":false},"featured_media":15004,"comment_status":"open","ping_status":"closed","template":"","meta":{"_acf_changed":false,"_joinchat":[]},"product_brand":[],"product_cat":[1228],"product_tag":[444],"class_list":{"0":"post-15005","1":"product","2":"type-product","3":"status-publish","4":"has-post-thumbnail","6":"product_cat-profes","7":"product_tag-profes","8":"latest_post","10":"first","11":"instock","12":"taxable","13":"shipping-taxable","14":"purchasable","15":"product-type-simple"},"acf":[],"yoast_head":"<!-- This site is optimized with the Yoast SEO plugin v27.3 - https:\/\/yoast.com\/product\/yoast-seo-wordpress\/ -->\n<title>LIBRETA con goma AZUL Tama\u00f1o M- Sin Profes, como t\u00fa... - Menta y Mora<\/title>\n<meta name=\"description\" content=\"LIBRETA con goma AZUL Tama\u00f1o M- Sin Profes, como t\u00fa... Libreta ideal para regalar a tu profe que le alegrar\u00e1 el d\u00eda. Podr\u00e1 apuntar todo lo que no quiera\" \/>\n<meta name=\"robots\" content=\"index, follow, max-snippet:-1, max-image-preview:large, max-video-preview:-1\" \/>\n<link rel=\"canonical\" href=\"https:\/\/www.mentaymora.com\/index.php\/producto\/libreta-con-goma-azul-tamano-m-sin-profes-como-tu\/\" \/>\n<meta property=\"og:locale\" content=\"es_ES\" \/>\n<meta property=\"og:type\" content=\"article\" \/>\n<meta property=\"og:title\" content=\"LIBRETA con goma AZUL Tama\u00f1o M- Sin Profes, como t\u00fa... - Menta y Mora\" \/>\n<meta property=\"og:description\" content=\"LIBRETA con goma AZUL Tama\u00f1o M- Sin Profes, como t\u00fa... Libreta ideal para regalar a tu profe que le alegrar\u00e1 el d\u00eda. Podr\u00e1 apuntar todo lo que no quiera\" \/>\n<meta property=\"og:url\" content=\"https:\/\/www.mentaymora.com\/index.php\/producto\/libreta-con-goma-azul-tamano-m-sin-profes-como-tu\/\" \/>\n<meta property=\"og:site_name\" content=\"Menta y Mora\" \/>\n<meta property=\"article:publisher\" content=\"https:\/\/es-es.facebook.com\/MentayMora\/\" \/>\n<meta property=\"article:modified_time\" content=\"2024-06-15T07:12:50+00:00\" \/>\n<meta property=\"og:image\" content=\"https:\/\/www.mentaymora.com\/wp-content\/uploads\/2024\/05\/LIBRETA-con-goma-AZUL-Tamano-M-Sin-Profes-como-tu-rotated.jpg\" \/>\n\t<meta property=\"og:image:width\" content=\"450\" \/>\n\t<meta property=\"og:image:height\" content=\"600\" \/>\n\t<meta property=\"og:image:type\" content=\"image\/jpeg\" \/>\n<meta name=\"twitter:card\" content=\"summary_large_image\" \/>\n<meta name=\"twitter:label1\" content=\"Tiempo de lectura\" \/>\n\t<meta name=\"twitter:data1\" content=\"1 minuto\" \/>\n<script type=\"application\/ld+json\" class=\"yoast-schema-graph\">{\"@context\":\"https:\\\/\\\/schema.org\",\"@graph\":[{\"@type\":\"WebPage\",\"@id\":\"https:\\\/\\\/www.mentaymora.com\\\/index.php\\\/producto\\\/libreta-con-goma-azul-tamano-m-sin-profes-como-tu\\\/\",\"url\":\"https:\\\/\\\/www.mentaymora.com\\\/index.php\\\/producto\\\/libreta-con-goma-azul-tamano-m-sin-profes-como-tu\\\/\",\"name\":\"LIBRETA con goma AZUL Tama\u00f1o M- Sin Profes, como t\u00fa... - Menta y Mora\",\"isPartOf\":{\"@id\":\"https:\\\/\\\/www.mentaymora.com\\\/#website\"},\"primaryImageOfPage\":{\"@id\":\"https:\\\/\\\/www.mentaymora.com\\\/index.php\\\/producto\\\/libreta-con-goma-azul-tamano-m-sin-profes-como-tu\\\/#primaryimage\"},\"image\":{\"@id\":\"https:\\\/\\\/www.mentaymora.com\\\/index.php\\\/producto\\\/libreta-con-goma-azul-tamano-m-sin-profes-como-tu\\\/#primaryimage\"},\"thumbnailUrl\":\"https:\\\/\\\/www.mentaymora.com\\\/wp-content\\\/uploads\\\/2024\\\/05\\\/LIBRETA-con-goma-AZUL-Tamano-M-Sin-Profes-como-tu-rotated.jpg\",\"datePublished\":\"2024-05-12T16:40:28+00:00\",\"dateModified\":\"2024-06-15T07:12:50+00:00\",\"description\":\"LIBRETA con goma AZUL Tama\u00f1o M- Sin Profes, como t\u00fa... Libreta ideal para regalar a tu profe que le alegrar\u00e1 el d\u00eda. Podr\u00e1 apuntar todo lo que no quiera\",\"breadcrumb\":{\"@id\":\"https:\\\/\\\/www.mentaymora.com\\\/index.php\\\/producto\\\/libreta-con-goma-azul-tamano-m-sin-profes-como-tu\\\/#breadcrumb\"},\"inLanguage\":\"es\",\"potentialAction\":[{\"@type\":\"ReadAction\",\"target\":[\"https:\\\/\\\/www.mentaymora.com\\\/index.php\\\/producto\\\/libreta-con-goma-azul-tamano-m-sin-profes-como-tu\\\/\"]}]},{\"@type\":\"ImageObject\",\"inLanguage\":\"es\",\"@id\":\"https:\\\/\\\/www.mentaymora.com\\\/index.php\\\/producto\\\/libreta-con-goma-azul-tamano-m-sin-profes-como-tu\\\/#primaryimage\",\"url\":\"https:\\\/\\\/www.mentaymora.com\\\/wp-content\\\/uploads\\\/2024\\\/05\\\/LIBRETA-con-goma-AZUL-Tamano-M-Sin-Profes-como-tu-rotated.jpg\",\"contentUrl\":\"https:\\\/\\\/www.mentaymora.com\\\/wp-content\\\/uploads\\\/2024\\\/05\\\/LIBRETA-con-goma-AZUL-Tamano-M-Sin-Profes-como-tu-rotated.jpg\",\"width\":450,\"height\":600,\"caption\":\"LIBRETA con goma AZUL Tama\u00f1o M Sin Profes, como t\u00fa...\"},{\"@type\":\"BreadcrumbList\",\"@id\":\"https:\\\/\\\/www.mentaymora.com\\\/index.php\\\/producto\\\/libreta-con-goma-azul-tamano-m-sin-profes-como-tu\\\/#breadcrumb\",\"itemListElement\":[{\"@type\":\"ListItem\",\"position\":1,\"name\":\"Portada\",\"item\":\"https:\\\/\\\/www.mentaymora.com\\\/\"},{\"@type\":\"ListItem\",\"position\":2,\"name\":\"Productos\",\"item\":\"https:\\\/\\\/www.mentaymora.com\\\/index.php\\\/tienda\\\/\"},{\"@type\":\"ListItem\",\"position\":3,\"name\":\"LIBRETA con goma AZUL Tama\u00f1o M- Sin Profes, como t\u00fa&#8230;\"}]},{\"@type\":\"WebSite\",\"@id\":\"https:\\\/\\\/www.mentaymora.com\\\/#website\",\"url\":\"https:\\\/\\\/www.mentaymora.com\\\/\",\"name\":\"Menta y Mora\",\"description\":\"Regalos y Complementos\",\"publisher\":{\"@id\":\"https:\\\/\\\/www.mentaymora.com\\\/#organization\"},\"potentialAction\":[{\"@type\":\"SearchAction\",\"target\":{\"@type\":\"EntryPoint\",\"urlTemplate\":\"https:\\\/\\\/www.mentaymora.com\\\/?s={search_term_string}\"},\"query-input\":{\"@type\":\"PropertyValueSpecification\",\"valueRequired\":true,\"valueName\":\"search_term_string\"}}],\"inLanguage\":\"es\"},{\"@type\":\"Organization\",\"@id\":\"https:\\\/\\\/www.mentaymora.com\\\/#organization\",\"name\":\"Menta y Mora\",\"url\":\"https:\\\/\\\/www.mentaymora.com\\\/\",\"logo\":{\"@type\":\"ImageObject\",\"inLanguage\":\"es\",\"@id\":\"https:\\\/\\\/www.mentaymora.com\\\/#\\\/schema\\\/logo\\\/image\\\/\",\"url\":\"https:\\\/\\\/www.mentaymora.com\\\/wp-content\\\/uploads\\\/2021\\\/07\\\/Logo.jpg\",\"contentUrl\":\"https:\\\/\\\/www.mentaymora.com\\\/wp-content\\\/uploads\\\/2021\\\/07\\\/Logo.jpg\",\"width\":1172,\"height\":1172,\"caption\":\"Menta y Mora\"},\"image\":{\"@id\":\"https:\\\/\\\/www.mentaymora.com\\\/#\\\/schema\\\/logo\\\/image\\\/\"},\"sameAs\":[\"https:\\\/\\\/es-es.facebook.com\\\/MentayMora\\\/\",\"https:\\\/\\\/www.instagram.com\\\/mentaymora.illescas\\\/?hl=es\",\"https:\\\/\\\/www.youtube.com\\\/channel\\\/UCuMMtdck_1XS-MyW6ZnBAlw\"]}]}<\/script>\n<!-- \/ Yoast SEO plugin. -->","yoast_head_json":{"title":"LIBRETA con goma AZUL Tama\u00f1o M- Sin Profes, como t\u00fa... - Menta y Mora","description":"LIBRETA con goma AZUL Tama\u00f1o M- Sin Profes, como t\u00fa... Libreta ideal para regalar a tu profe que le alegrar\u00e1 el d\u00eda. Podr\u00e1 apuntar todo lo que no quiera","robots":{"index":"index","follow":"follow","max-snippet":"max-snippet:-1","max-image-preview":"max-image-preview:large","max-video-preview":"max-video-preview:-1"},"canonical":"https:\/\/www.mentaymora.com\/index.php\/producto\/libreta-con-goma-azul-tamano-m-sin-profes-como-tu\/","og_locale":"es_ES","og_type":"article","og_title":"LIBRETA con goma AZUL Tama\u00f1o M- Sin Profes, como t\u00fa... - Menta y Mora","og_description":"LIBRETA con goma AZUL Tama\u00f1o M- Sin Profes, como t\u00fa... Libreta ideal para regalar a tu profe que le alegrar\u00e1 el d\u00eda. Podr\u00e1 apuntar todo lo que no quiera","og_url":"https:\/\/www.mentaymora.com\/index.php\/producto\/libreta-con-goma-azul-tamano-m-sin-profes-como-tu\/","og_site_name":"Menta y Mora","article_publisher":"https:\/\/es-es.facebook.com\/MentayMora\/","article_modified_time":"2024-06-15T07:12:50+00:00","og_image":[{"width":450,"height":600,"url":"https:\/\/www.mentaymora.com\/wp-content\/uploads\/2024\/05\/LIBRETA-con-goma-AZUL-Tamano-M-Sin-Profes-como-tu-rotated.jpg","type":"image\/jpeg"}],"twitter_card":"summary_large_image","twitter_misc":{"Tiempo de lectura":"1 minuto"},"schema":{"@context":"https:\/\/schema.org","@graph":[{"@type":"WebPage","@id":"https:\/\/www.mentaymora.com\/index.php\/producto\/libreta-con-goma-azul-tamano-m-sin-profes-como-tu\/","url":"https:\/\/www.mentaymora.com\/index.php\/producto\/libreta-con-goma-azul-tamano-m-sin-profes-como-tu\/","name":"LIBRETA con goma AZUL Tama\u00f1o M- Sin Profes, como t\u00fa... - Menta y Mora","isPartOf":{"@id":"https:\/\/www.mentaymora.com\/#website"},"primaryImageOfPage":{"@id":"https:\/\/www.mentaymora.com\/index.php\/producto\/libreta-con-goma-azul-tamano-m-sin-profes-como-tu\/#primaryimage"},"image":{"@id":"https:\/\/www.mentaymora.com\/index.php\/producto\/libreta-con-goma-azul-tamano-m-sin-profes-como-tu\/#primaryimage"},"thumbnailUrl":"https:\/\/www.mentaymora.com\/wp-content\/uploads\/2024\/05\/LIBRETA-con-goma-AZUL-Tamano-M-Sin-Profes-como-tu-rotated.jpg","datePublished":"2024-05-12T16:40:28+00:00","dateModified":"2024-06-15T07:12:50+00:00","description":"LIBRETA con goma AZUL Tama\u00f1o M- Sin Profes, como t\u00fa... Libreta ideal para regalar a tu profe que le alegrar\u00e1 el d\u00eda. Podr\u00e1 apuntar todo lo que no quiera","breadcrumb":{"@id":"https:\/\/www.mentaymora.com\/index.php\/producto\/libreta-con-goma-azul-tamano-m-sin-profes-como-tu\/#breadcrumb"},"inLanguage":"es","potentialAction":[{"@type":"ReadAction","target":["https:\/\/www.mentaymora.com\/index.php\/producto\/libreta-con-goma-azul-tamano-m-sin-profes-como-tu\/"]}]},{"@type":"ImageObject","inLanguage":"es","@id":"https:\/\/www.mentaymora.com\/index.php\/producto\/libreta-con-goma-azul-tamano-m-sin-profes-como-tu\/#primaryimage","url":"https:\/\/www.mentaymora.com\/wp-content\/uploads\/2024\/05\/LIBRETA-con-goma-AZUL-Tamano-M-Sin-Profes-como-tu-rotated.jpg","contentUrl":"https:\/\/www.mentaymora.com\/wp-content\/uploads\/2024\/05\/LIBRETA-con-goma-AZUL-Tamano-M-Sin-Profes-como-tu-rotated.jpg","width":450,"height":600,"caption":"LIBRETA con goma AZUL Tama\u00f1o M Sin Profes, como t\u00fa..."},{"@type":"BreadcrumbList","@id":"https:\/\/www.mentaymora.com\/index.php\/producto\/libreta-con-goma-azul-tamano-m-sin-profes-como-tu\/#breadcrumb","itemListElement":[{"@type":"ListItem","position":1,"name":"Portada","item":"https:\/\/www.mentaymora.com\/"},{"@type":"ListItem","position":2,"name":"Productos","item":"https:\/\/www.mentaymora.com\/index.php\/tienda\/"},{"@type":"ListItem","position":3,"name":"LIBRETA con goma AZUL Tama\u00f1o M- Sin Profes, como t\u00fa&#8230;"}]},{"@type":"WebSite","@id":"https:\/\/www.mentaymora.com\/#website","url":"https:\/\/www.mentaymora.com\/","name":"Menta y Mora","description":"Regalos y Complementos","publisher":{"@id":"https:\/\/www.mentaymora.com\/#organization"},"potentialAction":[{"@type":"SearchAction","target":{"@type":"EntryPoint","urlTemplate":"https:\/\/www.mentaymora.com\/?s={search_term_string}"},"query-input":{"@type":"PropertyValueSpecification","valueRequired":true,"valueName":"search_term_string"}}],"inLanguage":"es"},{"@type":"Organization","@id":"https:\/\/www.mentaymora.com\/#organization","name":"Menta y Mora","url":"https:\/\/www.mentaymora.com\/","logo":{"@type":"ImageObject","inLanguage":"es","@id":"https:\/\/www.mentaymora.com\/#\/schema\/logo\/image\/","url":"https:\/\/www.mentaymora.com\/wp-content\/uploads\/2021\/07\/Logo.jpg","contentUrl":"https:\/\/www.mentaymora.com\/wp-content\/uploads\/2021\/07\/Logo.jpg","width":1172,"height":1172,"caption":"Menta y Mora"},"image":{"@id":"https:\/\/www.mentaymora.com\/#\/schema\/logo\/image\/"},"sameAs":["https:\/\/es-es.facebook.com\/MentayMora\/","https:\/\/www.instagram.com\/mentaymora.illescas\/?hl=es","https:\/\/www.youtube.com\/channel\/UCuMMtdck_1XS-MyW6ZnBAlw"]}]}},"_links":{"self":[{"href":"https:\/\/www.mentaymora.com\/index.php\/wp-json\/wp\/v2\/product\/15005","targetHints":{"allow":["GET"]}}],"collection":[{"href":"https:\/\/www.mentaymora.com\/index.php\/wp-json\/wp\/v2\/product"}],"about":[{"href":"https:\/\/www.mentaymora.com\/index.php\/wp-json\/wp\/v2\/types\/product"}],"replies":[{"embeddable":true,"href":"https:\/\/www.mentaymora.com\/index.php\/wp-json\/wp\/v2\/comments?post=15005"}],"wp:featuredmedia":[{"embeddable":true,"href":"https:\/\/www.mentaymora.com\/index.php\/wp-json\/wp\/v2\/media\/15004"}],"wp:attachment":[{"href":"https:\/\/www.mentaymora.com\/index.php\/wp-json\/wp\/v2\/media?parent=15005"}],"wp:term":[{"taxonomy":"product_brand","embeddable":true,"href":"https:\/\/www.mentaymora.com\/index.php\/wp-json\/wp\/v2\/product_brand?post=15005"},{"taxonomy":"product_cat","embeddable":true,"href":"https:\/\/www.mentaymora.com\/index.php\/wp-json\/wp\/v2\/product_cat?post=15005"},{"taxonomy":"product_tag","embeddable":true,"href":"https:\/\/www.mentaymora.com\/index.php\/wp-json\/wp\/v2\/product_tag?post=15005"}],"curies":[{"name":"wp","href":"https:\/\/api.w.org\/{rel}","templated":true}]}}