{"id":15202,"date":"2024-06-28T15:42:25","date_gmt":"2024-06-28T14:42:25","guid":{"rendered":"https:\/\/www.mentaymora.com\/?post_type=product&#038;p=15202"},"modified":"2024-06-28T15:46:58","modified_gmt":"2024-06-28T14:46:58","slug":"jabon-facial-face-clarity-vitamina-c-350ml-soap-glory","status":"publish","type":"product","link":"https:\/\/www.mentaymora.com\/index.php\/producto\/jabon-facial-face-clarity-vitamina-c-350ml-soap-glory\/","title":{"rendered":"Jab\u00f3n Facial FACE &#038; CLARITY Vitamina C 350ml &#8211; Soap &#038; Glory"},"content":{"rendered":"<p>Jab\u00f3n Facial FACE &amp; CLARITY Vitamina C 350ml &#8211; Soap &amp; Glory<\/p>\n<p>El jab\u00f3n facial <strong>Face and Clarity<\/strong>, enriquecido con <strong>Vitamina C<\/strong> y extracto de fruta <strong>Yuzu<\/strong>, <em>limpia, desmaquilla y exfolia<\/em> la piel de manera sencilla, dejando una <strong>sensaci\u00f3n fresca y radiante<\/strong>.<\/p>\n<p>Elimina el maquillaje suavemente mientras exfolia ligeramente la piel. Los usuarios confirman que deja la piel limpia, eliminando el exceso de grasa, suciedad e impurezas.<\/p>\n<p><strong><span style=\"text-decoration: underline;\">Modo de empleo<\/span>:<\/strong> Aplicar sobre la piel h\u00fameda y hacer espuma. Luego, enjuagar para quitar el brillo.<\/p>\n<p><strong><span style=\"text-decoration: underline;\">Apto<\/span><\/strong>: Todo tipo de pieles.<\/p>\n<p><strong><span style=\"text-decoration: underline;\">Contiene<\/span><\/strong>: 350ml.<\/p>\n<p><strong><span style=\"text-decoration: underline;\">Ingredientes<\/span>:<\/strong>\u00a0Aqua (Water\/Eau), Sodium cocoyl methyl isethionate, Glycerin, Acrylates copolymer, Cocamidopropyl betaine, PEG-7 Glyceryl cocoate, Parfum (Fragrance), Coco-Glucoside, Glyceryl oleate, Synthetic wax, Dipropylene glycol, Sodium hydroxide, Sodium chloride, Tetrasodium EDTA, Limonene, Citric acid, Ascorbyl glucoside, Polyquaternium-7, Benzophenone-4, Amyl cinnamal, Linalool, Magnesium nitrate, Citrus junos fruit extract, Sodium benzoate, Methylchloroisothiazolinone, Tocopherol, Magnesium chloride, Hydrogenated vegetable glycerides citrate, Methylisothiazolinone, Maltodextrin, CI 77891 (Titanium dioxide), CI 73360 (Red 30), CI 42090 (Blue 1).<\/p>\n<p>&nbsp;<\/p>\n<div class=\"woocommerce-tabs wc-tabs-wrapper\">\n<div id=\"tab-description\" class=\"woocommerce-Tabs-panel woocommerce-Tabs-panel--description panel entry-content wc-tab\" role=\"tabpanel\" aria-labelledby=\"tab-title-description\">\n<p><a href=\"https:\/\/www.mentaymora.com\/\">Menta y Mora<\/a>\u00a0Te Enamora\u00a0 \u00a0 S\u00edguenos en nuestras RRSS (<a href=\"https:\/\/es-es.facebook.com\/MentayMora\/\">Facebook<\/a>\u00a0e\u00a0<a href=\"https:\/\/www.instagram.com\/mentaymora.illescas\/?hl=es\">Instagram<\/a>)\u00a0 \u00a0Si tienes alguna consulta,\u00a0<a href=\"mailto:%20info@mentaymora.com\">preg\u00fantanos<\/a><\/p>\n<\/div>\n<\/div>\n","protected":false},"excerpt":{"rendered":"<p>El jab\u00f3n facial <strong>Face and Clarity<\/strong>, enriquecido con <strong>Vitamina C<\/strong> y extracto de fruta <strong>Yuzu<\/strong>, <em>limpia, desmaquilla y exfolia<\/em> la piel de manera sencilla, dejando una <strong>sensaci\u00f3n fresca y radiante<\/strong>.<\/p>\n<p>Elimina el maquillaje suavemente mientras exfolia ligeramente la piel. Los usuarios confirman que deja la piel limpia, eliminando el exceso de grasa, suciedad e impurezas.<\/p>\n<p><strong><span style=\"text-decoration: underline;\">Apto<\/span><\/strong>: Todo tipo de pieles.<\/p>\n<p><strong><span style=\"text-decoration: underline;\">Contiene<\/span><\/strong>: 350ml.<\/p>\n<p>&nbsp;<\/p>\n","protected":false},"featured_media":15203,"comment_status":"open","ping_status":"closed","template":"","meta":{"_acf_changed":false,"_joinchat":[]},"product_brand":[],"product_cat":[812],"product_tag":[1388,1250],"class_list":{"0":"post-15202","1":"product","2":"type-product","3":"status-publish","4":"has-post-thumbnail","6":"product_cat-soap-glory","7":"product_tag-jabon-facial","8":"product_tag-vitamina-c","9":"latest_post","11":"first","12":"instock","13":"taxable","14":"shipping-taxable","15":"purchasable","16":"product-type-simple"},"acf":[],"yoast_head":"<!-- This site is optimized with the Yoast SEO plugin v27.5 - https:\/\/yoast.com\/product\/yoast-seo-wordpress\/ -->\n<title>Jab\u00f3n Facial FACE &amp; CLARITY Vitamina C 350ml - Soap &amp; Glory - Menta y Mora<\/title>\n<meta name=\"description\" content=\"Jab\u00f3n Facial FACE &amp; CLARITY Vitamina C 350ml - Soap &amp; Glory El jab\u00f3n facial Face and Clarity, enriquecido con Vitamina C y extracto de fruta Yuzu, limpia,\" \/>\n<meta name=\"robots\" content=\"index, follow, max-snippet:-1, max-image-preview:large, max-video-preview:-1\" \/>\n<link rel=\"canonical\" href=\"https:\/\/www.mentaymora.com\/index.php\/producto\/jabon-facial-face-clarity-vitamina-c-350ml-soap-glory\/\" \/>\n<meta property=\"og:locale\" content=\"es_ES\" \/>\n<meta property=\"og:type\" content=\"article\" \/>\n<meta property=\"og:title\" content=\"Jab\u00f3n Facial FACE &amp; CLARITY Vitamina C 350ml - Soap &amp; Glory - Menta y Mora\" \/>\n<meta property=\"og:description\" content=\"Jab\u00f3n Facial FACE &amp; CLARITY Vitamina C 350ml - Soap &amp; Glory El jab\u00f3n facial Face and Clarity, enriquecido con Vitamina C y extracto de fruta Yuzu, limpia,\" \/>\n<meta property=\"og:url\" content=\"https:\/\/www.mentaymora.com\/index.php\/producto\/jabon-facial-face-clarity-vitamina-c-350ml-soap-glory\/\" \/>\n<meta property=\"og:site_name\" content=\"Menta y Mora\" \/>\n<meta property=\"article:publisher\" content=\"https:\/\/es-es.facebook.com\/MentayMora\/\" \/>\n<meta property=\"article:modified_time\" content=\"2024-06-28T14:46:58+00:00\" \/>\n<meta property=\"og:image\" content=\"https:\/\/www.mentaymora.com\/wp-content\/uploads\/2024\/06\/Jabon-Facial-FACE-CLARITY-Vitamina-C-350ml-Soap-Glory.webp\" \/>\n\t<meta property=\"og:image:width\" content=\"458\" \/>\n\t<meta property=\"og:image:height\" content=\"458\" \/>\n\t<meta property=\"og:image:type\" content=\"image\/webp\" \/>\n<meta name=\"twitter:card\" content=\"summary_large_image\" \/>\n<meta name=\"twitter:label1\" content=\"Tiempo de lectura\" \/>\n\t<meta name=\"twitter:data1\" content=\"2 minutos\" \/>\n<script type=\"application\/ld+json\" class=\"yoast-schema-graph\">{\"@context\":\"https:\\\/\\\/schema.org\",\"@graph\":[{\"@type\":\"WebPage\",\"@id\":\"https:\\\/\\\/www.mentaymora.com\\\/index.php\\\/producto\\\/jabon-facial-face-clarity-vitamina-c-350ml-soap-glory\\\/\",\"url\":\"https:\\\/\\\/www.mentaymora.com\\\/index.php\\\/producto\\\/jabon-facial-face-clarity-vitamina-c-350ml-soap-glory\\\/\",\"name\":\"Jab\u00f3n Facial FACE & CLARITY Vitamina C 350ml - Soap & Glory - Menta y Mora\",\"isPartOf\":{\"@id\":\"https:\\\/\\\/www.mentaymora.com\\\/#website\"},\"primaryImageOfPage\":{\"@id\":\"https:\\\/\\\/www.mentaymora.com\\\/index.php\\\/producto\\\/jabon-facial-face-clarity-vitamina-c-350ml-soap-glory\\\/#primaryimage\"},\"image\":{\"@id\":\"https:\\\/\\\/www.mentaymora.com\\\/index.php\\\/producto\\\/jabon-facial-face-clarity-vitamina-c-350ml-soap-glory\\\/#primaryimage\"},\"thumbnailUrl\":\"https:\\\/\\\/www.mentaymora.com\\\/wp-content\\\/uploads\\\/2024\\\/06\\\/Jabon-Facial-FACE-CLARITY-Vitamina-C-350ml-Soap-Glory.webp\",\"datePublished\":\"2024-06-28T14:42:25+00:00\",\"dateModified\":\"2024-06-28T14:46:58+00:00\",\"description\":\"Jab\u00f3n Facial FACE & CLARITY Vitamina C 350ml - Soap & Glory El jab\u00f3n facial Face and Clarity, enriquecido con Vitamina C y extracto de fruta Yuzu, limpia,\",\"breadcrumb\":{\"@id\":\"https:\\\/\\\/www.mentaymora.com\\\/index.php\\\/producto\\\/jabon-facial-face-clarity-vitamina-c-350ml-soap-glory\\\/#breadcrumb\"},\"inLanguage\":\"es\",\"potentialAction\":[{\"@type\":\"ReadAction\",\"target\":[\"https:\\\/\\\/www.mentaymora.com\\\/index.php\\\/producto\\\/jabon-facial-face-clarity-vitamina-c-350ml-soap-glory\\\/\"]}]},{\"@type\":\"ImageObject\",\"inLanguage\":\"es\",\"@id\":\"https:\\\/\\\/www.mentaymora.com\\\/index.php\\\/producto\\\/jabon-facial-face-clarity-vitamina-c-350ml-soap-glory\\\/#primaryimage\",\"url\":\"https:\\\/\\\/www.mentaymora.com\\\/wp-content\\\/uploads\\\/2024\\\/06\\\/Jabon-Facial-FACE-CLARITY-Vitamina-C-350ml-Soap-Glory.webp\",\"contentUrl\":\"https:\\\/\\\/www.mentaymora.com\\\/wp-content\\\/uploads\\\/2024\\\/06\\\/Jabon-Facial-FACE-CLARITY-Vitamina-C-350ml-Soap-Glory.webp\",\"width\":458,\"height\":458,\"caption\":\"Jab\u00f3n Facial FACE & CLARITY Vitamina C 350ml Soap & Glory\"},{\"@type\":\"BreadcrumbList\",\"@id\":\"https:\\\/\\\/www.mentaymora.com\\\/index.php\\\/producto\\\/jabon-facial-face-clarity-vitamina-c-350ml-soap-glory\\\/#breadcrumb\",\"itemListElement\":[{\"@type\":\"ListItem\",\"position\":1,\"name\":\"Portada\",\"item\":\"https:\\\/\\\/www.mentaymora.com\\\/\"},{\"@type\":\"ListItem\",\"position\":2,\"name\":\"Productos\",\"item\":\"https:\\\/\\\/www.mentaymora.com\\\/index.php\\\/tienda\\\/\"},{\"@type\":\"ListItem\",\"position\":3,\"name\":\"Jab\u00f3n Facial FACE &#038; CLARITY Vitamina C 350ml &#8211; Soap &#038; Glory\"}]},{\"@type\":\"WebSite\",\"@id\":\"https:\\\/\\\/www.mentaymora.com\\\/#website\",\"url\":\"https:\\\/\\\/www.mentaymora.com\\\/\",\"name\":\"Menta y Mora\",\"description\":\"Regalos y Complementos\",\"publisher\":{\"@id\":\"https:\\\/\\\/www.mentaymora.com\\\/#organization\"},\"potentialAction\":[{\"@type\":\"SearchAction\",\"target\":{\"@type\":\"EntryPoint\",\"urlTemplate\":\"https:\\\/\\\/www.mentaymora.com\\\/?s={search_term_string}\"},\"query-input\":{\"@type\":\"PropertyValueSpecification\",\"valueRequired\":true,\"valueName\":\"search_term_string\"}}],\"inLanguage\":\"es\"},{\"@type\":\"Organization\",\"@id\":\"https:\\\/\\\/www.mentaymora.com\\\/#organization\",\"name\":\"Menta y Mora\",\"url\":\"https:\\\/\\\/www.mentaymora.com\\\/\",\"logo\":{\"@type\":\"ImageObject\",\"inLanguage\":\"es\",\"@id\":\"https:\\\/\\\/www.mentaymora.com\\\/#\\\/schema\\\/logo\\\/image\\\/\",\"url\":\"https:\\\/\\\/www.mentaymora.com\\\/wp-content\\\/uploads\\\/2021\\\/07\\\/Logo.jpg\",\"contentUrl\":\"https:\\\/\\\/www.mentaymora.com\\\/wp-content\\\/uploads\\\/2021\\\/07\\\/Logo.jpg\",\"width\":1172,\"height\":1172,\"caption\":\"Menta y Mora\"},\"image\":{\"@id\":\"https:\\\/\\\/www.mentaymora.com\\\/#\\\/schema\\\/logo\\\/image\\\/\"},\"sameAs\":[\"https:\\\/\\\/es-es.facebook.com\\\/MentayMora\\\/\",\"https:\\\/\\\/www.instagram.com\\\/mentaymora.illescas\\\/?hl=es\",\"https:\\\/\\\/www.youtube.com\\\/channel\\\/UCuMMtdck_1XS-MyW6ZnBAlw\"]}]}<\/script>\n<!-- \/ Yoast SEO plugin. -->","yoast_head_json":{"title":"Jab\u00f3n Facial FACE & CLARITY Vitamina C 350ml - Soap & Glory - Menta y Mora","description":"Jab\u00f3n Facial FACE & CLARITY Vitamina C 350ml - Soap & Glory El jab\u00f3n facial Face and Clarity, enriquecido con Vitamina C y extracto de fruta Yuzu, limpia,","robots":{"index":"index","follow":"follow","max-snippet":"max-snippet:-1","max-image-preview":"max-image-preview:large","max-video-preview":"max-video-preview:-1"},"canonical":"https:\/\/www.mentaymora.com\/index.php\/producto\/jabon-facial-face-clarity-vitamina-c-350ml-soap-glory\/","og_locale":"es_ES","og_type":"article","og_title":"Jab\u00f3n Facial FACE & CLARITY Vitamina C 350ml - Soap & Glory - Menta y Mora","og_description":"Jab\u00f3n Facial FACE & CLARITY Vitamina C 350ml - Soap & Glory El jab\u00f3n facial Face and Clarity, enriquecido con Vitamina C y extracto de fruta Yuzu, limpia,","og_url":"https:\/\/www.mentaymora.com\/index.php\/producto\/jabon-facial-face-clarity-vitamina-c-350ml-soap-glory\/","og_site_name":"Menta y Mora","article_publisher":"https:\/\/es-es.facebook.com\/MentayMora\/","article_modified_time":"2024-06-28T14:46:58+00:00","og_image":[{"width":458,"height":458,"url":"https:\/\/www.mentaymora.com\/wp-content\/uploads\/2024\/06\/Jabon-Facial-FACE-CLARITY-Vitamina-C-350ml-Soap-Glory.webp","type":"image\/webp"}],"twitter_card":"summary_large_image","twitter_misc":{"Tiempo de lectura":"2 minutos"},"schema":{"@context":"https:\/\/schema.org","@graph":[{"@type":"WebPage","@id":"https:\/\/www.mentaymora.com\/index.php\/producto\/jabon-facial-face-clarity-vitamina-c-350ml-soap-glory\/","url":"https:\/\/www.mentaymora.com\/index.php\/producto\/jabon-facial-face-clarity-vitamina-c-350ml-soap-glory\/","name":"Jab\u00f3n Facial FACE & CLARITY Vitamina C 350ml - Soap & Glory - Menta y Mora","isPartOf":{"@id":"https:\/\/www.mentaymora.com\/#website"},"primaryImageOfPage":{"@id":"https:\/\/www.mentaymora.com\/index.php\/producto\/jabon-facial-face-clarity-vitamina-c-350ml-soap-glory\/#primaryimage"},"image":{"@id":"https:\/\/www.mentaymora.com\/index.php\/producto\/jabon-facial-face-clarity-vitamina-c-350ml-soap-glory\/#primaryimage"},"thumbnailUrl":"https:\/\/www.mentaymora.com\/wp-content\/uploads\/2024\/06\/Jabon-Facial-FACE-CLARITY-Vitamina-C-350ml-Soap-Glory.webp","datePublished":"2024-06-28T14:42:25+00:00","dateModified":"2024-06-28T14:46:58+00:00","description":"Jab\u00f3n Facial FACE & CLARITY Vitamina C 350ml - Soap & Glory El jab\u00f3n facial Face and Clarity, enriquecido con Vitamina C y extracto de fruta Yuzu, limpia,","breadcrumb":{"@id":"https:\/\/www.mentaymora.com\/index.php\/producto\/jabon-facial-face-clarity-vitamina-c-350ml-soap-glory\/#breadcrumb"},"inLanguage":"es","potentialAction":[{"@type":"ReadAction","target":["https:\/\/www.mentaymora.com\/index.php\/producto\/jabon-facial-face-clarity-vitamina-c-350ml-soap-glory\/"]}]},{"@type":"ImageObject","inLanguage":"es","@id":"https:\/\/www.mentaymora.com\/index.php\/producto\/jabon-facial-face-clarity-vitamina-c-350ml-soap-glory\/#primaryimage","url":"https:\/\/www.mentaymora.com\/wp-content\/uploads\/2024\/06\/Jabon-Facial-FACE-CLARITY-Vitamina-C-350ml-Soap-Glory.webp","contentUrl":"https:\/\/www.mentaymora.com\/wp-content\/uploads\/2024\/06\/Jabon-Facial-FACE-CLARITY-Vitamina-C-350ml-Soap-Glory.webp","width":458,"height":458,"caption":"Jab\u00f3n Facial FACE & CLARITY Vitamina C 350ml Soap & Glory"},{"@type":"BreadcrumbList","@id":"https:\/\/www.mentaymora.com\/index.php\/producto\/jabon-facial-face-clarity-vitamina-c-350ml-soap-glory\/#breadcrumb","itemListElement":[{"@type":"ListItem","position":1,"name":"Portada","item":"https:\/\/www.mentaymora.com\/"},{"@type":"ListItem","position":2,"name":"Productos","item":"https:\/\/www.mentaymora.com\/index.php\/tienda\/"},{"@type":"ListItem","position":3,"name":"Jab\u00f3n Facial FACE &#038; CLARITY Vitamina C 350ml &#8211; Soap &#038; Glory"}]},{"@type":"WebSite","@id":"https:\/\/www.mentaymora.com\/#website","url":"https:\/\/www.mentaymora.com\/","name":"Menta y Mora","description":"Regalos y Complementos","publisher":{"@id":"https:\/\/www.mentaymora.com\/#organization"},"potentialAction":[{"@type":"SearchAction","target":{"@type":"EntryPoint","urlTemplate":"https:\/\/www.mentaymora.com\/?s={search_term_string}"},"query-input":{"@type":"PropertyValueSpecification","valueRequired":true,"valueName":"search_term_string"}}],"inLanguage":"es"},{"@type":"Organization","@id":"https:\/\/www.mentaymora.com\/#organization","name":"Menta y Mora","url":"https:\/\/www.mentaymora.com\/","logo":{"@type":"ImageObject","inLanguage":"es","@id":"https:\/\/www.mentaymora.com\/#\/schema\/logo\/image\/","url":"https:\/\/www.mentaymora.com\/wp-content\/uploads\/2021\/07\/Logo.jpg","contentUrl":"https:\/\/www.mentaymora.com\/wp-content\/uploads\/2021\/07\/Logo.jpg","width":1172,"height":1172,"caption":"Menta y Mora"},"image":{"@id":"https:\/\/www.mentaymora.com\/#\/schema\/logo\/image\/"},"sameAs":["https:\/\/es-es.facebook.com\/MentayMora\/","https:\/\/www.instagram.com\/mentaymora.illescas\/?hl=es","https:\/\/www.youtube.com\/channel\/UCuMMtdck_1XS-MyW6ZnBAlw"]}]}},"_links":{"self":[{"href":"https:\/\/www.mentaymora.com\/index.php\/wp-json\/wp\/v2\/product\/15202","targetHints":{"allow":["GET"]}}],"collection":[{"href":"https:\/\/www.mentaymora.com\/index.php\/wp-json\/wp\/v2\/product"}],"about":[{"href":"https:\/\/www.mentaymora.com\/index.php\/wp-json\/wp\/v2\/types\/product"}],"replies":[{"embeddable":true,"href":"https:\/\/www.mentaymora.com\/index.php\/wp-json\/wp\/v2\/comments?post=15202"}],"wp:featuredmedia":[{"embeddable":true,"href":"https:\/\/www.mentaymora.com\/index.php\/wp-json\/wp\/v2\/media\/15203"}],"wp:attachment":[{"href":"https:\/\/www.mentaymora.com\/index.php\/wp-json\/wp\/v2\/media?parent=15202"}],"wp:term":[{"taxonomy":"product_brand","embeddable":true,"href":"https:\/\/www.mentaymora.com\/index.php\/wp-json\/wp\/v2\/product_brand?post=15202"},{"taxonomy":"product_cat","embeddable":true,"href":"https:\/\/www.mentaymora.com\/index.php\/wp-json\/wp\/v2\/product_cat?post=15202"},{"taxonomy":"product_tag","embeddable":true,"href":"https:\/\/www.mentaymora.com\/index.php\/wp-json\/wp\/v2\/product_tag?post=15202"}],"curies":[{"name":"wp","href":"https:\/\/api.w.org\/{rel}","templated":true}]}}