{"id":15214,"date":"2024-07-02T14:26:15","date_gmt":"2024-07-02T13:26:15","guid":{"rendered":"https:\/\/www.mentaymora.com\/?post_type=product&#038;p=15214"},"modified":"2024-07-08T19:42:17","modified_gmt":"2024-07-08T18:42:17","slug":"aceite-seco-brillante-coco-50ml-tfc","status":"publish","type":"product","link":"https:\/\/www.mentaymora.com\/index.php\/producto\/aceite-seco-brillante-coco-50ml-tfc\/","title":{"rendered":"Aceite Seco Brillante COCO 50ml &#8211; TFC"},"content":{"rendered":"<p>Aceite Seco Brillante COCO 50ml &#8211; TFC<\/p>\n<p>Tratamiento intensivo que repara las zonas m\u00e1s da\u00f1adas de tu piel gracias a su exclusiva fusi\u00f3n de \u00e1cidos grasos vegetales. Este aceite fabuloso se formula con un aroma atrevido y adictivo que culmina con una luz sutil y sensual gracias a nuestro BrilliBrilli. \u00a1Todo un viaje sensorial!<\/p>\n<ul class=\"a-unordered-list a-vertical a-spacing-mini\">\n<li class=\"a-spacing-mini\"><span class=\"a-list-item\">Aceite Seco con 5 aceites vegetales que reparan, hidratan y embellecen: manteca de karit\u00e9, aceite de mango, aceite de girasol, aceite de coco y aceite de jojoba.<\/span><\/li>\n<li>F\u00f3rmula 100% vegana, cruelty free y con extractos naturales.<\/li>\n<li class=\"a-spacing-mini\"><span class=\"a-list-item\">Modo de empleo: masajear suavemente hasta su absorci\u00f3n.<\/span><\/li>\n<\/ul>\n<p><strong><em>Coco:<\/em><\/strong>\u00a0Salida caracter\u00edstica que nos induce a que se activen nuestras papilas gustativas. Esta fragancia descubre un extraordinario coraz\u00f3n, donde las notas de coco se combinan con ex\u00f3ticas vainillas y c\u00edtricos del caribe. Un fondo de dulces vainillas y tostados az\u00facares terminan de caracterizar esta fragancia.<\/p>\n<p>&nbsp;<\/p>\n<div class=\"woocommerce-tabs wc-tabs-wrapper\">\n<div id=\"tab-description\" class=\"woocommerce-Tabs-panel woocommerce-Tabs-panel--description panel entry-content wc-tab\" role=\"tabpanel\" aria-labelledby=\"tab-title-description\">\n<p><a href=\"https:\/\/www.mentaymora.com\/\">Menta y Mora<\/a>\u00a0Te Enamora\u00a0 \u00a0S\u00edguenos en nuestras RRSS (<a href=\"https:\/\/es-es.facebook.com\/MentayMora\/\">Facebook<\/a>\u00a0e\u00a0<a href=\"https:\/\/www.instagram.com\/mentaymora.illescas\/?hl=es\">Instagram<\/a>)\u00a0 \u00a0Si tienes alguna consulta,\u00a0<a href=\"mailto:%20info@mentaymora.com\">preg\u00fantanos<\/a>.<\/p>\n<\/div>\n<\/div>\n","protected":false},"excerpt":{"rendered":"<p>\u00bfPreparada para conquistar el verano? Presentamos nuestro nuevo producto estrella: El\u00a0<strong>Aceite Seco Coco<\/strong>\u00a0<strong>The Fruit Company<\/strong>\u00a0con un toque de BrilliBrilli que NUTRE, REPARA Y EMBELLECE.<\/p>\n<p>\u00bfQui\u00e9n necesita un viaje a una isla tropical cuando tienes el mejor coco en tus manos? Se trata de una f\u00f3rmula intensiva que fusiona 5 \u00e1cidos grasos vegetales de origen natural dise\u00f1ada para regenerar las zonas m\u00e1s da\u00f1adas de tu piel y dejarla suave, radiante y el\u00e1stica como nunca antes.<\/p>\n<p>Este aceite milagroso se elabora con un aroma atrevido y adictivo, una combinaci\u00f3n perfecta de notas suaves a leche de coco y notas amaderadas. Y culmina con una luz sutil y sensual gracias al BrilliBrilli. \u00a1Todo un viaje sensorial!<\/p>\n","protected":false},"featured_media":15217,"comment_status":"open","ping_status":"closed","template":"","meta":{"_acf_changed":false,"_joinchat":[]},"product_brand":[],"product_cat":[1392,803],"product_tag":[1393],"class_list":{"0":"post-15214","1":"product","2":"type-product","3":"status-publish","4":"has-post-thumbnail","6":"product_cat-aceite-seco","7":"product_cat-novedades-the-fruit-company","8":"product_tag-aceite-corporal","9":"latest_post","11":"first","12":"instock","13":"taxable","14":"shipping-taxable","15":"purchasable","16":"product-type-simple"},"acf":[],"yoast_head":"<!-- This site is optimized with the Yoast SEO plugin v27.4 - https:\/\/yoast.com\/product\/yoast-seo-wordpress\/ -->\n<title>Aceite Seco Brillante COCO 50ml - TFC - Menta y Mora<\/title>\n<meta name=\"description\" content=\"Aceite Seco Brillante COCO 50ml - TFC Tratamiento intensivo que repara las zonas m\u00e1s da\u00f1adas de tu piel gracias a su exclusiva fusi\u00f3n de \u00e1cidos grasos vegetales\" \/>\n<meta name=\"robots\" content=\"index, follow, max-snippet:-1, max-image-preview:large, max-video-preview:-1\" \/>\n<link rel=\"canonical\" href=\"https:\/\/www.mentaymora.com\/index.php\/producto\/aceite-seco-brillante-coco-50ml-tfc\/\" \/>\n<meta property=\"og:locale\" content=\"es_ES\" \/>\n<meta property=\"og:type\" content=\"article\" \/>\n<meta property=\"og:title\" content=\"Aceite Seco Brillante COCO 50ml - TFC - Menta y Mora\" \/>\n<meta property=\"og:description\" content=\"Aceite Seco Brillante COCO 50ml - TFC Tratamiento intensivo que repara las zonas m\u00e1s da\u00f1adas de tu piel gracias a su exclusiva fusi\u00f3n de \u00e1cidos grasos vegetales\" \/>\n<meta property=\"og:url\" content=\"https:\/\/www.mentaymora.com\/index.php\/producto\/aceite-seco-brillante-coco-50ml-tfc\/\" \/>\n<meta property=\"og:site_name\" content=\"Menta y Mora\" \/>\n<meta property=\"article:publisher\" content=\"https:\/\/es-es.facebook.com\/MentayMora\/\" \/>\n<meta property=\"article:modified_time\" content=\"2024-07-08T18:42:17+00:00\" \/>\n<meta property=\"og:image\" content=\"https:\/\/www.mentaymora.com\/wp-content\/uploads\/2024\/07\/Aceite-Seco-Brillante-COCO-50ml-TFC.jpg\" \/>\n\t<meta property=\"og:image:width\" content=\"600\" \/>\n\t<meta property=\"og:image:height\" content=\"600\" \/>\n\t<meta property=\"og:image:type\" content=\"image\/jpeg\" \/>\n<meta name=\"twitter:card\" content=\"summary_large_image\" \/>\n<meta name=\"twitter:label1\" content=\"Tiempo de lectura\" \/>\n\t<meta name=\"twitter:data1\" content=\"1 minuto\" \/>\n<script type=\"application\/ld+json\" class=\"yoast-schema-graph\">{\"@context\":\"https:\\\/\\\/schema.org\",\"@graph\":[{\"@type\":\"WebPage\",\"@id\":\"https:\\\/\\\/www.mentaymora.com\\\/index.php\\\/producto\\\/aceite-seco-brillante-coco-50ml-tfc\\\/\",\"url\":\"https:\\\/\\\/www.mentaymora.com\\\/index.php\\\/producto\\\/aceite-seco-brillante-coco-50ml-tfc\\\/\",\"name\":\"Aceite Seco Brillante COCO 50ml - TFC - Menta y Mora\",\"isPartOf\":{\"@id\":\"https:\\\/\\\/www.mentaymora.com\\\/#website\"},\"primaryImageOfPage\":{\"@id\":\"https:\\\/\\\/www.mentaymora.com\\\/index.php\\\/producto\\\/aceite-seco-brillante-coco-50ml-tfc\\\/#primaryimage\"},\"image\":{\"@id\":\"https:\\\/\\\/www.mentaymora.com\\\/index.php\\\/producto\\\/aceite-seco-brillante-coco-50ml-tfc\\\/#primaryimage\"},\"thumbnailUrl\":\"https:\\\/\\\/www.mentaymora.com\\\/wp-content\\\/uploads\\\/2024\\\/07\\\/Aceite-Seco-Brillante-COCO-50ml-TFC.jpg\",\"datePublished\":\"2024-07-02T13:26:15+00:00\",\"dateModified\":\"2024-07-08T18:42:17+00:00\",\"description\":\"Aceite Seco Brillante COCO 50ml - TFC Tratamiento intensivo que repara las zonas m\u00e1s da\u00f1adas de tu piel gracias a su exclusiva fusi\u00f3n de \u00e1cidos grasos vegetales\",\"breadcrumb\":{\"@id\":\"https:\\\/\\\/www.mentaymora.com\\\/index.php\\\/producto\\\/aceite-seco-brillante-coco-50ml-tfc\\\/#breadcrumb\"},\"inLanguage\":\"es\",\"potentialAction\":[{\"@type\":\"ReadAction\",\"target\":[\"https:\\\/\\\/www.mentaymora.com\\\/index.php\\\/producto\\\/aceite-seco-brillante-coco-50ml-tfc\\\/\"]}]},{\"@type\":\"ImageObject\",\"inLanguage\":\"es\",\"@id\":\"https:\\\/\\\/www.mentaymora.com\\\/index.php\\\/producto\\\/aceite-seco-brillante-coco-50ml-tfc\\\/#primaryimage\",\"url\":\"https:\\\/\\\/www.mentaymora.com\\\/wp-content\\\/uploads\\\/2024\\\/07\\\/Aceite-Seco-Brillante-COCO-50ml-TFC.jpg\",\"contentUrl\":\"https:\\\/\\\/www.mentaymora.com\\\/wp-content\\\/uploads\\\/2024\\\/07\\\/Aceite-Seco-Brillante-COCO-50ml-TFC.jpg\",\"width\":600,\"height\":600,\"caption\":\"Aceite Seco Brillante COCO 50ml TFC\"},{\"@type\":\"BreadcrumbList\",\"@id\":\"https:\\\/\\\/www.mentaymora.com\\\/index.php\\\/producto\\\/aceite-seco-brillante-coco-50ml-tfc\\\/#breadcrumb\",\"itemListElement\":[{\"@type\":\"ListItem\",\"position\":1,\"name\":\"Portada\",\"item\":\"https:\\\/\\\/www.mentaymora.com\\\/\"},{\"@type\":\"ListItem\",\"position\":2,\"name\":\"Productos\",\"item\":\"https:\\\/\\\/www.mentaymora.com\\\/index.php\\\/tienda\\\/\"},{\"@type\":\"ListItem\",\"position\":3,\"name\":\"Aceite Seco Brillante COCO 50ml &#8211; TFC\"}]},{\"@type\":\"WebSite\",\"@id\":\"https:\\\/\\\/www.mentaymora.com\\\/#website\",\"url\":\"https:\\\/\\\/www.mentaymora.com\\\/\",\"name\":\"Menta y Mora\",\"description\":\"Regalos y Complementos\",\"publisher\":{\"@id\":\"https:\\\/\\\/www.mentaymora.com\\\/#organization\"},\"potentialAction\":[{\"@type\":\"SearchAction\",\"target\":{\"@type\":\"EntryPoint\",\"urlTemplate\":\"https:\\\/\\\/www.mentaymora.com\\\/?s={search_term_string}\"},\"query-input\":{\"@type\":\"PropertyValueSpecification\",\"valueRequired\":true,\"valueName\":\"search_term_string\"}}],\"inLanguage\":\"es\"},{\"@type\":\"Organization\",\"@id\":\"https:\\\/\\\/www.mentaymora.com\\\/#organization\",\"name\":\"Menta y Mora\",\"url\":\"https:\\\/\\\/www.mentaymora.com\\\/\",\"logo\":{\"@type\":\"ImageObject\",\"inLanguage\":\"es\",\"@id\":\"https:\\\/\\\/www.mentaymora.com\\\/#\\\/schema\\\/logo\\\/image\\\/\",\"url\":\"https:\\\/\\\/www.mentaymora.com\\\/wp-content\\\/uploads\\\/2021\\\/07\\\/Logo.jpg\",\"contentUrl\":\"https:\\\/\\\/www.mentaymora.com\\\/wp-content\\\/uploads\\\/2021\\\/07\\\/Logo.jpg\",\"width\":1172,\"height\":1172,\"caption\":\"Menta y Mora\"},\"image\":{\"@id\":\"https:\\\/\\\/www.mentaymora.com\\\/#\\\/schema\\\/logo\\\/image\\\/\"},\"sameAs\":[\"https:\\\/\\\/es-es.facebook.com\\\/MentayMora\\\/\",\"https:\\\/\\\/www.instagram.com\\\/mentaymora.illescas\\\/?hl=es\",\"https:\\\/\\\/www.youtube.com\\\/channel\\\/UCuMMtdck_1XS-MyW6ZnBAlw\"]}]}<\/script>\n<!-- \/ Yoast SEO plugin. -->","yoast_head_json":{"title":"Aceite Seco Brillante COCO 50ml - TFC - Menta y Mora","description":"Aceite Seco Brillante COCO 50ml - TFC Tratamiento intensivo que repara las zonas m\u00e1s da\u00f1adas de tu piel gracias a su exclusiva fusi\u00f3n de \u00e1cidos grasos vegetales","robots":{"index":"index","follow":"follow","max-snippet":"max-snippet:-1","max-image-preview":"max-image-preview:large","max-video-preview":"max-video-preview:-1"},"canonical":"https:\/\/www.mentaymora.com\/index.php\/producto\/aceite-seco-brillante-coco-50ml-tfc\/","og_locale":"es_ES","og_type":"article","og_title":"Aceite Seco Brillante COCO 50ml - TFC - Menta y Mora","og_description":"Aceite Seco Brillante COCO 50ml - TFC Tratamiento intensivo que repara las zonas m\u00e1s da\u00f1adas de tu piel gracias a su exclusiva fusi\u00f3n de \u00e1cidos grasos vegetales","og_url":"https:\/\/www.mentaymora.com\/index.php\/producto\/aceite-seco-brillante-coco-50ml-tfc\/","og_site_name":"Menta y Mora","article_publisher":"https:\/\/es-es.facebook.com\/MentayMora\/","article_modified_time":"2024-07-08T18:42:17+00:00","og_image":[{"width":600,"height":600,"url":"https:\/\/www.mentaymora.com\/wp-content\/uploads\/2024\/07\/Aceite-Seco-Brillante-COCO-50ml-TFC.jpg","type":"image\/jpeg"}],"twitter_card":"summary_large_image","twitter_misc":{"Tiempo de lectura":"1 minuto"},"schema":{"@context":"https:\/\/schema.org","@graph":[{"@type":"WebPage","@id":"https:\/\/www.mentaymora.com\/index.php\/producto\/aceite-seco-brillante-coco-50ml-tfc\/","url":"https:\/\/www.mentaymora.com\/index.php\/producto\/aceite-seco-brillante-coco-50ml-tfc\/","name":"Aceite Seco Brillante COCO 50ml - TFC - Menta y Mora","isPartOf":{"@id":"https:\/\/www.mentaymora.com\/#website"},"primaryImageOfPage":{"@id":"https:\/\/www.mentaymora.com\/index.php\/producto\/aceite-seco-brillante-coco-50ml-tfc\/#primaryimage"},"image":{"@id":"https:\/\/www.mentaymora.com\/index.php\/producto\/aceite-seco-brillante-coco-50ml-tfc\/#primaryimage"},"thumbnailUrl":"https:\/\/www.mentaymora.com\/wp-content\/uploads\/2024\/07\/Aceite-Seco-Brillante-COCO-50ml-TFC.jpg","datePublished":"2024-07-02T13:26:15+00:00","dateModified":"2024-07-08T18:42:17+00:00","description":"Aceite Seco Brillante COCO 50ml - TFC Tratamiento intensivo que repara las zonas m\u00e1s da\u00f1adas de tu piel gracias a su exclusiva fusi\u00f3n de \u00e1cidos grasos vegetales","breadcrumb":{"@id":"https:\/\/www.mentaymora.com\/index.php\/producto\/aceite-seco-brillante-coco-50ml-tfc\/#breadcrumb"},"inLanguage":"es","potentialAction":[{"@type":"ReadAction","target":["https:\/\/www.mentaymora.com\/index.php\/producto\/aceite-seco-brillante-coco-50ml-tfc\/"]}]},{"@type":"ImageObject","inLanguage":"es","@id":"https:\/\/www.mentaymora.com\/index.php\/producto\/aceite-seco-brillante-coco-50ml-tfc\/#primaryimage","url":"https:\/\/www.mentaymora.com\/wp-content\/uploads\/2024\/07\/Aceite-Seco-Brillante-COCO-50ml-TFC.jpg","contentUrl":"https:\/\/www.mentaymora.com\/wp-content\/uploads\/2024\/07\/Aceite-Seco-Brillante-COCO-50ml-TFC.jpg","width":600,"height":600,"caption":"Aceite Seco Brillante COCO 50ml TFC"},{"@type":"BreadcrumbList","@id":"https:\/\/www.mentaymora.com\/index.php\/producto\/aceite-seco-brillante-coco-50ml-tfc\/#breadcrumb","itemListElement":[{"@type":"ListItem","position":1,"name":"Portada","item":"https:\/\/www.mentaymora.com\/"},{"@type":"ListItem","position":2,"name":"Productos","item":"https:\/\/www.mentaymora.com\/index.php\/tienda\/"},{"@type":"ListItem","position":3,"name":"Aceite Seco Brillante COCO 50ml &#8211; TFC"}]},{"@type":"WebSite","@id":"https:\/\/www.mentaymora.com\/#website","url":"https:\/\/www.mentaymora.com\/","name":"Menta y Mora","description":"Regalos y Complementos","publisher":{"@id":"https:\/\/www.mentaymora.com\/#organization"},"potentialAction":[{"@type":"SearchAction","target":{"@type":"EntryPoint","urlTemplate":"https:\/\/www.mentaymora.com\/?s={search_term_string}"},"query-input":{"@type":"PropertyValueSpecification","valueRequired":true,"valueName":"search_term_string"}}],"inLanguage":"es"},{"@type":"Organization","@id":"https:\/\/www.mentaymora.com\/#organization","name":"Menta y Mora","url":"https:\/\/www.mentaymora.com\/","logo":{"@type":"ImageObject","inLanguage":"es","@id":"https:\/\/www.mentaymora.com\/#\/schema\/logo\/image\/","url":"https:\/\/www.mentaymora.com\/wp-content\/uploads\/2021\/07\/Logo.jpg","contentUrl":"https:\/\/www.mentaymora.com\/wp-content\/uploads\/2021\/07\/Logo.jpg","width":1172,"height":1172,"caption":"Menta y Mora"},"image":{"@id":"https:\/\/www.mentaymora.com\/#\/schema\/logo\/image\/"},"sameAs":["https:\/\/es-es.facebook.com\/MentayMora\/","https:\/\/www.instagram.com\/mentaymora.illescas\/?hl=es","https:\/\/www.youtube.com\/channel\/UCuMMtdck_1XS-MyW6ZnBAlw"]}]}},"_links":{"self":[{"href":"https:\/\/www.mentaymora.com\/index.php\/wp-json\/wp\/v2\/product\/15214","targetHints":{"allow":["GET"]}}],"collection":[{"href":"https:\/\/www.mentaymora.com\/index.php\/wp-json\/wp\/v2\/product"}],"about":[{"href":"https:\/\/www.mentaymora.com\/index.php\/wp-json\/wp\/v2\/types\/product"}],"replies":[{"embeddable":true,"href":"https:\/\/www.mentaymora.com\/index.php\/wp-json\/wp\/v2\/comments?post=15214"}],"wp:featuredmedia":[{"embeddable":true,"href":"https:\/\/www.mentaymora.com\/index.php\/wp-json\/wp\/v2\/media\/15217"}],"wp:attachment":[{"href":"https:\/\/www.mentaymora.com\/index.php\/wp-json\/wp\/v2\/media?parent=15214"}],"wp:term":[{"taxonomy":"product_brand","embeddable":true,"href":"https:\/\/www.mentaymora.com\/index.php\/wp-json\/wp\/v2\/product_brand?post=15214"},{"taxonomy":"product_cat","embeddable":true,"href":"https:\/\/www.mentaymora.com\/index.php\/wp-json\/wp\/v2\/product_cat?post=15214"},{"taxonomy":"product_tag","embeddable":true,"href":"https:\/\/www.mentaymora.com\/index.php\/wp-json\/wp\/v2\/product_tag?post=15214"}],"curies":[{"name":"wp","href":"https:\/\/api.w.org\/{rel}","templated":true}]}}