{"id":15230,"date":"2024-07-02T15:00:30","date_gmt":"2024-07-02T14:00:30","guid":{"rendered":"https:\/\/www.mentaymora.com\/?post_type=product&#038;p=15230"},"modified":"2025-04-24T15:02:22","modified_gmt":"2025-04-24T14:02:22","slug":"body-serum-reafirmante-melocoton-120ml-tfc","status":"publish","type":"product","link":"https:\/\/www.mentaymora.com\/index.php\/producto\/body-serum-reafirmante-melocoton-120ml-tfc\/","title":{"rendered":"Body Serum Reafirmante MELOCOT\u00d3N 120ml &#8211; TFC"},"content":{"rendered":"<p>Body Serum Reafirmante MELOCOT\u00d3N 120ml &#8211; TFC<\/p>\n<p>\u00bfQui\u00e9n dijo s\u00e9rum s\u00f3lo para el rostro? Revolucionario e innovador, este s\u00e9rum corporal de uso previo a tu rutina de belleza diaria, prepara la piel para que absorba r\u00e1pidamente la vitamina C, cuya misi\u00f3n es la de mantener a raya los radicales libres, previniendo la flacidez y tras su aplicaci\u00f3n diaria ver\u00e1s una piel m\u00e1s firme y radiante.<\/p>\n<p><strong>REAFIRMANTE CON VITAMINA C \u2013 ESPECIAL CULETE<\/strong><\/p>\n<ul>\n<li>Con vitamina C, extractos de hamamelis y aceite de arg\u00e1n.<\/li>\n<li>F\u00f3rmula vegana y cruelty free, con extractos naturales.<\/li>\n<li>Modo de empleo:\u00a0<span data-sheets-root=\"1\" data-sheets-value=\"{&quot;1&quot;:2,&quot;2&quot;:&quot;Aplicar 3 o 4 gotas sobre la piel limpia y seca. Masajear suavemente hasta completa absorci\u00f3n por la piel. &quot;}\" data-sheets-userformat=\"{&quot;2&quot;:549,&quot;3&quot;:{&quot;1&quot;:0},&quot;5&quot;:{&quot;1&quot;:[{&quot;1&quot;:2,&quot;2&quot;:0,&quot;5&quot;:{&quot;1&quot;:2,&quot;2&quot;:0}},{&quot;1&quot;:0,&quot;2&quot;:0,&quot;3&quot;:3},{&quot;1&quot;:1,&quot;2&quot;:0,&quot;4&quot;:1}]},&quot;8&quot;:{&quot;1&quot;:[{&quot;1&quot;:2,&quot;2&quot;:0,&quot;5&quot;:{&quot;1&quot;:2,&quot;2&quot;:0}},{&quot;1&quot;:0,&quot;2&quot;:0,&quot;3&quot;:3},{&quot;1&quot;:1,&quot;2&quot;:0,&quot;4&quot;:1}]},&quot;12&quot;:0}\">Aplicar 3 o 4 gotas sobre la piel limpia y seca. Masajear suavemente hasta completa absorci\u00f3n por la piel.<\/span><\/li>\n<\/ul>\n<p><b><i>Melocot\u00f3n.<\/i><\/b><\/p>\n<p>&nbsp;<\/p>\n<div class=\"woocommerce-tabs wc-tabs-wrapper\">\n<div id=\"tab-description\" class=\"woocommerce-Tabs-panel woocommerce-Tabs-panel--description panel entry-content wc-tab\" role=\"tabpanel\" aria-labelledby=\"tab-title-description\">\n<p><a href=\"https:\/\/www.mentaymora.com\/\">Menta y Mora<\/a>\u00a0Te Enamora\u00a0 \u00a0S\u00edguenos en nuestras RRSS (<a href=\"https:\/\/es-es.facebook.com\/MentayMora\/\">Facebook<\/a>\u00a0e\u00a0<a href=\"https:\/\/www.instagram.com\/mentaymora.illescas\/?hl=es\">Instagram<\/a>)\u00a0 \u00a0Si tienes alguna consulta,\u00a0<a href=\"mailto:%20info@mentaymora.com\">preg\u00fantanos<\/a>.<\/p>\n<\/div>\n<\/div>\n","protected":false},"excerpt":{"rendered":"<p>\u00a1Presentamos el nuevo push up para tu culete!\u00a0<img decoding=\"async\" class=\"emoji\" role=\"img\" src=\"https:\/\/s.w.org\/images\/core\/emoji\/15.0.3\/svg\/1f351.svg\" alt=\"????\" \/>\u00a0Revolucionario e innovador, este S\u00e9rum corporal reafirmante de uso previo a tu rutina de belleza diaria, prepara la piel para que absorba r\u00e1pidamente la vitamina C, cuya misi\u00f3n es la de mantener a raya los radicales libres, previniendo la flacidez. Con su aplicaci\u00f3n diaria ver\u00e1s una piel m\u00e1s firme y radiante.<\/p>\n<p>Este serum se formula con un dulce y fresco aroma a melocot\u00f3n que endulzar\u00e1 tu cuidado diario. \u00a1Prep\u00e1rate para presumir de culete con el<strong>\u00a0Body Serum Reafirmante Melocot\u00f3n The Fruit Company<\/strong>!<\/p>\n<p><em><strong>Melocot\u00f3n.<\/strong><\/em><\/p>\n","protected":false},"featured_media":15234,"comment_status":"open","ping_status":"closed","template":"","meta":{"_acf_changed":false,"_joinchat":[]},"product_brand":[],"product_cat":[803,1394],"product_tag":[184],"class_list":{"0":"post-15230","1":"product","2":"type-product","3":"status-publish","4":"has-post-thumbnail","6":"product_cat-novedades-the-fruit-company","7":"product_cat-serum-corporal","8":"product_tag-serum","9":"latest_post","11":"first","12":"instock","13":"taxable","14":"shipping-taxable","15":"purchasable","16":"product-type-simple"},"acf":[],"yoast_head":"<!-- This site is optimized with the Yoast SEO plugin v27.4 - https:\/\/yoast.com\/product\/yoast-seo-wordpress\/ -->\n<title>Body Serum Reafirmante MELOCOT\u00d3N 120ml - TFC - Menta y Mora<\/title>\n<meta name=\"description\" content=\"Body Serum Reafirmante MELOCOT\u00d3N 120ml - TFC \u00bfQui\u00e9n dijo s\u00e9rum s\u00f3lo para el rostro? Revolucionario e innovador, este s\u00e9rum corporal de uso previo a tu\" \/>\n<meta name=\"robots\" content=\"index, follow, max-snippet:-1, max-image-preview:large, max-video-preview:-1\" \/>\n<link rel=\"canonical\" href=\"https:\/\/www.mentaymora.com\/index.php\/producto\/body-serum-reafirmante-melocoton-120ml-tfc\/\" \/>\n<meta property=\"og:locale\" content=\"es_ES\" \/>\n<meta property=\"og:type\" content=\"article\" \/>\n<meta property=\"og:title\" content=\"Body Serum Reafirmante MELOCOT\u00d3N 120ml - TFC - Menta y Mora\" \/>\n<meta property=\"og:description\" content=\"Body Serum Reafirmante MELOCOT\u00d3N 120ml - TFC \u00bfQui\u00e9n dijo s\u00e9rum s\u00f3lo para el rostro? Revolucionario e innovador, este s\u00e9rum corporal de uso previo a tu\" \/>\n<meta property=\"og:url\" content=\"https:\/\/www.mentaymora.com\/index.php\/producto\/body-serum-reafirmante-melocoton-120ml-tfc\/\" \/>\n<meta property=\"og:site_name\" content=\"Menta y Mora\" \/>\n<meta property=\"article:publisher\" content=\"https:\/\/es-es.facebook.com\/MentayMora\/\" \/>\n<meta property=\"article:modified_time\" content=\"2025-04-24T14:02:22+00:00\" \/>\n<meta property=\"og:image\" content=\"https:\/\/www.mentaymora.com\/wp-content\/uploads\/2024\/07\/Body-Serum-Reafirmante-MELOCOTON-120ml-TFC.jpg\" \/>\n\t<meta property=\"og:image:width\" content=\"600\" \/>\n\t<meta property=\"og:image:height\" content=\"600\" \/>\n\t<meta property=\"og:image:type\" content=\"image\/jpeg\" \/>\n<meta name=\"twitter:card\" content=\"summary_large_image\" \/>\n<meta name=\"twitter:label1\" content=\"Tiempo de lectura\" \/>\n\t<meta name=\"twitter:data1\" content=\"1 minuto\" \/>\n<script type=\"application\/ld+json\" class=\"yoast-schema-graph\">{\"@context\":\"https:\\\/\\\/schema.org\",\"@graph\":[{\"@type\":\"WebPage\",\"@id\":\"https:\\\/\\\/www.mentaymora.com\\\/index.php\\\/producto\\\/body-serum-reafirmante-melocoton-120ml-tfc\\\/\",\"url\":\"https:\\\/\\\/www.mentaymora.com\\\/index.php\\\/producto\\\/body-serum-reafirmante-melocoton-120ml-tfc\\\/\",\"name\":\"Body Serum Reafirmante MELOCOT\u00d3N 120ml - TFC - Menta y Mora\",\"isPartOf\":{\"@id\":\"https:\\\/\\\/www.mentaymora.com\\\/#website\"},\"primaryImageOfPage\":{\"@id\":\"https:\\\/\\\/www.mentaymora.com\\\/index.php\\\/producto\\\/body-serum-reafirmante-melocoton-120ml-tfc\\\/#primaryimage\"},\"image\":{\"@id\":\"https:\\\/\\\/www.mentaymora.com\\\/index.php\\\/producto\\\/body-serum-reafirmante-melocoton-120ml-tfc\\\/#primaryimage\"},\"thumbnailUrl\":\"https:\\\/\\\/www.mentaymora.com\\\/wp-content\\\/uploads\\\/2024\\\/07\\\/Body-Serum-Reafirmante-MELOCOTON-120ml-TFC.jpg\",\"datePublished\":\"2024-07-02T14:00:30+00:00\",\"dateModified\":\"2025-04-24T14:02:22+00:00\",\"description\":\"Body Serum Reafirmante MELOCOT\u00d3N 120ml - TFC \u00bfQui\u00e9n dijo s\u00e9rum s\u00f3lo para el rostro? Revolucionario e innovador, este s\u00e9rum corporal de uso previo a tu\",\"breadcrumb\":{\"@id\":\"https:\\\/\\\/www.mentaymora.com\\\/index.php\\\/producto\\\/body-serum-reafirmante-melocoton-120ml-tfc\\\/#breadcrumb\"},\"inLanguage\":\"es\",\"potentialAction\":[{\"@type\":\"ReadAction\",\"target\":[\"https:\\\/\\\/www.mentaymora.com\\\/index.php\\\/producto\\\/body-serum-reafirmante-melocoton-120ml-tfc\\\/\"]}]},{\"@type\":\"ImageObject\",\"inLanguage\":\"es\",\"@id\":\"https:\\\/\\\/www.mentaymora.com\\\/index.php\\\/producto\\\/body-serum-reafirmante-melocoton-120ml-tfc\\\/#primaryimage\",\"url\":\"https:\\\/\\\/www.mentaymora.com\\\/wp-content\\\/uploads\\\/2024\\\/07\\\/Body-Serum-Reafirmante-MELOCOTON-120ml-TFC.jpg\",\"contentUrl\":\"https:\\\/\\\/www.mentaymora.com\\\/wp-content\\\/uploads\\\/2024\\\/07\\\/Body-Serum-Reafirmante-MELOCOTON-120ml-TFC.jpg\",\"width\":600,\"height\":600,\"caption\":\"Body Serum Reafirmante MELOCOT\u00d3N 120ml TFC\"},{\"@type\":\"BreadcrumbList\",\"@id\":\"https:\\\/\\\/www.mentaymora.com\\\/index.php\\\/producto\\\/body-serum-reafirmante-melocoton-120ml-tfc\\\/#breadcrumb\",\"itemListElement\":[{\"@type\":\"ListItem\",\"position\":1,\"name\":\"Portada\",\"item\":\"https:\\\/\\\/www.mentaymora.com\\\/\"},{\"@type\":\"ListItem\",\"position\":2,\"name\":\"Productos\",\"item\":\"https:\\\/\\\/www.mentaymora.com\\\/index.php\\\/tienda\\\/\"},{\"@type\":\"ListItem\",\"position\":3,\"name\":\"Body Serum Reafirmante MELOCOT\u00d3N 120ml &#8211; TFC\"}]},{\"@type\":\"WebSite\",\"@id\":\"https:\\\/\\\/www.mentaymora.com\\\/#website\",\"url\":\"https:\\\/\\\/www.mentaymora.com\\\/\",\"name\":\"Menta y Mora\",\"description\":\"Regalos y Complementos\",\"publisher\":{\"@id\":\"https:\\\/\\\/www.mentaymora.com\\\/#organization\"},\"potentialAction\":[{\"@type\":\"SearchAction\",\"target\":{\"@type\":\"EntryPoint\",\"urlTemplate\":\"https:\\\/\\\/www.mentaymora.com\\\/?s={search_term_string}\"},\"query-input\":{\"@type\":\"PropertyValueSpecification\",\"valueRequired\":true,\"valueName\":\"search_term_string\"}}],\"inLanguage\":\"es\"},{\"@type\":\"Organization\",\"@id\":\"https:\\\/\\\/www.mentaymora.com\\\/#organization\",\"name\":\"Menta y Mora\",\"url\":\"https:\\\/\\\/www.mentaymora.com\\\/\",\"logo\":{\"@type\":\"ImageObject\",\"inLanguage\":\"es\",\"@id\":\"https:\\\/\\\/www.mentaymora.com\\\/#\\\/schema\\\/logo\\\/image\\\/\",\"url\":\"https:\\\/\\\/www.mentaymora.com\\\/wp-content\\\/uploads\\\/2021\\\/07\\\/Logo.jpg\",\"contentUrl\":\"https:\\\/\\\/www.mentaymora.com\\\/wp-content\\\/uploads\\\/2021\\\/07\\\/Logo.jpg\",\"width\":1172,\"height\":1172,\"caption\":\"Menta y Mora\"},\"image\":{\"@id\":\"https:\\\/\\\/www.mentaymora.com\\\/#\\\/schema\\\/logo\\\/image\\\/\"},\"sameAs\":[\"https:\\\/\\\/es-es.facebook.com\\\/MentayMora\\\/\",\"https:\\\/\\\/www.instagram.com\\\/mentaymora.illescas\\\/?hl=es\",\"https:\\\/\\\/www.youtube.com\\\/channel\\\/UCuMMtdck_1XS-MyW6ZnBAlw\"]}]}<\/script>\n<!-- \/ Yoast SEO plugin. -->","yoast_head_json":{"title":"Body Serum Reafirmante MELOCOT\u00d3N 120ml - TFC - Menta y Mora","description":"Body Serum Reafirmante MELOCOT\u00d3N 120ml - TFC \u00bfQui\u00e9n dijo s\u00e9rum s\u00f3lo para el rostro? Revolucionario e innovador, este s\u00e9rum corporal de uso previo a tu","robots":{"index":"index","follow":"follow","max-snippet":"max-snippet:-1","max-image-preview":"max-image-preview:large","max-video-preview":"max-video-preview:-1"},"canonical":"https:\/\/www.mentaymora.com\/index.php\/producto\/body-serum-reafirmante-melocoton-120ml-tfc\/","og_locale":"es_ES","og_type":"article","og_title":"Body Serum Reafirmante MELOCOT\u00d3N 120ml - TFC - Menta y Mora","og_description":"Body Serum Reafirmante MELOCOT\u00d3N 120ml - TFC \u00bfQui\u00e9n dijo s\u00e9rum s\u00f3lo para el rostro? Revolucionario e innovador, este s\u00e9rum corporal de uso previo a tu","og_url":"https:\/\/www.mentaymora.com\/index.php\/producto\/body-serum-reafirmante-melocoton-120ml-tfc\/","og_site_name":"Menta y Mora","article_publisher":"https:\/\/es-es.facebook.com\/MentayMora\/","article_modified_time":"2025-04-24T14:02:22+00:00","og_image":[{"width":600,"height":600,"url":"https:\/\/www.mentaymora.com\/wp-content\/uploads\/2024\/07\/Body-Serum-Reafirmante-MELOCOTON-120ml-TFC.jpg","type":"image\/jpeg"}],"twitter_card":"summary_large_image","twitter_misc":{"Tiempo de lectura":"1 minuto"},"schema":{"@context":"https:\/\/schema.org","@graph":[{"@type":"WebPage","@id":"https:\/\/www.mentaymora.com\/index.php\/producto\/body-serum-reafirmante-melocoton-120ml-tfc\/","url":"https:\/\/www.mentaymora.com\/index.php\/producto\/body-serum-reafirmante-melocoton-120ml-tfc\/","name":"Body Serum Reafirmante MELOCOT\u00d3N 120ml - TFC - Menta y Mora","isPartOf":{"@id":"https:\/\/www.mentaymora.com\/#website"},"primaryImageOfPage":{"@id":"https:\/\/www.mentaymora.com\/index.php\/producto\/body-serum-reafirmante-melocoton-120ml-tfc\/#primaryimage"},"image":{"@id":"https:\/\/www.mentaymora.com\/index.php\/producto\/body-serum-reafirmante-melocoton-120ml-tfc\/#primaryimage"},"thumbnailUrl":"https:\/\/www.mentaymora.com\/wp-content\/uploads\/2024\/07\/Body-Serum-Reafirmante-MELOCOTON-120ml-TFC.jpg","datePublished":"2024-07-02T14:00:30+00:00","dateModified":"2025-04-24T14:02:22+00:00","description":"Body Serum Reafirmante MELOCOT\u00d3N 120ml - TFC \u00bfQui\u00e9n dijo s\u00e9rum s\u00f3lo para el rostro? Revolucionario e innovador, este s\u00e9rum corporal de uso previo a tu","breadcrumb":{"@id":"https:\/\/www.mentaymora.com\/index.php\/producto\/body-serum-reafirmante-melocoton-120ml-tfc\/#breadcrumb"},"inLanguage":"es","potentialAction":[{"@type":"ReadAction","target":["https:\/\/www.mentaymora.com\/index.php\/producto\/body-serum-reafirmante-melocoton-120ml-tfc\/"]}]},{"@type":"ImageObject","inLanguage":"es","@id":"https:\/\/www.mentaymora.com\/index.php\/producto\/body-serum-reafirmante-melocoton-120ml-tfc\/#primaryimage","url":"https:\/\/www.mentaymora.com\/wp-content\/uploads\/2024\/07\/Body-Serum-Reafirmante-MELOCOTON-120ml-TFC.jpg","contentUrl":"https:\/\/www.mentaymora.com\/wp-content\/uploads\/2024\/07\/Body-Serum-Reafirmante-MELOCOTON-120ml-TFC.jpg","width":600,"height":600,"caption":"Body Serum Reafirmante MELOCOT\u00d3N 120ml TFC"},{"@type":"BreadcrumbList","@id":"https:\/\/www.mentaymora.com\/index.php\/producto\/body-serum-reafirmante-melocoton-120ml-tfc\/#breadcrumb","itemListElement":[{"@type":"ListItem","position":1,"name":"Portada","item":"https:\/\/www.mentaymora.com\/"},{"@type":"ListItem","position":2,"name":"Productos","item":"https:\/\/www.mentaymora.com\/index.php\/tienda\/"},{"@type":"ListItem","position":3,"name":"Body Serum Reafirmante MELOCOT\u00d3N 120ml &#8211; TFC"}]},{"@type":"WebSite","@id":"https:\/\/www.mentaymora.com\/#website","url":"https:\/\/www.mentaymora.com\/","name":"Menta y Mora","description":"Regalos y Complementos","publisher":{"@id":"https:\/\/www.mentaymora.com\/#organization"},"potentialAction":[{"@type":"SearchAction","target":{"@type":"EntryPoint","urlTemplate":"https:\/\/www.mentaymora.com\/?s={search_term_string}"},"query-input":{"@type":"PropertyValueSpecification","valueRequired":true,"valueName":"search_term_string"}}],"inLanguage":"es"},{"@type":"Organization","@id":"https:\/\/www.mentaymora.com\/#organization","name":"Menta y Mora","url":"https:\/\/www.mentaymora.com\/","logo":{"@type":"ImageObject","inLanguage":"es","@id":"https:\/\/www.mentaymora.com\/#\/schema\/logo\/image\/","url":"https:\/\/www.mentaymora.com\/wp-content\/uploads\/2021\/07\/Logo.jpg","contentUrl":"https:\/\/www.mentaymora.com\/wp-content\/uploads\/2021\/07\/Logo.jpg","width":1172,"height":1172,"caption":"Menta y Mora"},"image":{"@id":"https:\/\/www.mentaymora.com\/#\/schema\/logo\/image\/"},"sameAs":["https:\/\/es-es.facebook.com\/MentayMora\/","https:\/\/www.instagram.com\/mentaymora.illescas\/?hl=es","https:\/\/www.youtube.com\/channel\/UCuMMtdck_1XS-MyW6ZnBAlw"]}]}},"_links":{"self":[{"href":"https:\/\/www.mentaymora.com\/index.php\/wp-json\/wp\/v2\/product\/15230","targetHints":{"allow":["GET"]}}],"collection":[{"href":"https:\/\/www.mentaymora.com\/index.php\/wp-json\/wp\/v2\/product"}],"about":[{"href":"https:\/\/www.mentaymora.com\/index.php\/wp-json\/wp\/v2\/types\/product"}],"replies":[{"embeddable":true,"href":"https:\/\/www.mentaymora.com\/index.php\/wp-json\/wp\/v2\/comments?post=15230"}],"wp:featuredmedia":[{"embeddable":true,"href":"https:\/\/www.mentaymora.com\/index.php\/wp-json\/wp\/v2\/media\/15234"}],"wp:attachment":[{"href":"https:\/\/www.mentaymora.com\/index.php\/wp-json\/wp\/v2\/media?parent=15230"}],"wp:term":[{"taxonomy":"product_brand","embeddable":true,"href":"https:\/\/www.mentaymora.com\/index.php\/wp-json\/wp\/v2\/product_brand?post=15230"},{"taxonomy":"product_cat","embeddable":true,"href":"https:\/\/www.mentaymora.com\/index.php\/wp-json\/wp\/v2\/product_cat?post=15230"},{"taxonomy":"product_tag","embeddable":true,"href":"https:\/\/www.mentaymora.com\/index.php\/wp-json\/wp\/v2\/product_tag?post=15230"}],"curies":[{"name":"wp","href":"https:\/\/api.w.org\/{rel}","templated":true}]}}