{"id":15241,"date":"2024-07-02T15:13:08","date_gmt":"2024-07-02T14:13:08","guid":{"rendered":"https:\/\/www.mentaymora.com\/?post_type=product&#038;p=15241"},"modified":"2025-04-24T15:00:22","modified_gmt":"2025-04-24T14:00:22","slug":"body-serum-estrias-fresa-nata-120ml-tfc","status":"publish","type":"product","link":"https:\/\/www.mentaymora.com\/index.php\/producto\/body-serum-estrias-fresa-nata-120ml-tfc\/","title":{"rendered":"Body Serum Estr\u00edas Fresa Nata 120ml &#8211; TFC"},"content":{"rendered":"<p>Body Serum Estr\u00edas Fresa Nata 120ml &#8211; TFC<\/p>\n<p>\u00bfQui\u00e9n dijo s\u00e9rum s\u00f3lo para el rostro? Revolucionario e innovador, este s\u00e9rum corporal de uso previo a tu rutina de belleza diaria, prepara la piel para que absorba r\u00e1pidamente el \u00e1cido hialur\u00f3nico, aportando un extra de hidrataci\u00f3n y mejorando visiblemente el tono y la textura de piel reduciendo la aparici\u00f3n de estr\u00edas.<\/p>\n<p><strong>ESPECIAL ANTIESTR\u00cdAS<\/strong><\/p>\n<ul>\n<li>Con \u00e1cido hialur\u00f3nico, aceite de rosas y aceite de coco.<\/li>\n<li>F\u00f3rmula vegana y cruelty free, con extractos naturales.<\/li>\n<li>Modo de empleo:\u00a0<span data-sheets-root=\"1\" data-sheets-value=\"{&quot;1&quot;:2,&quot;2&quot;:&quot;Aplicar 3 o 4 gotas sobre la piel limpia y seca. Masajear suavemente hasta completa absorci\u00f3n por la piel. &quot;}\" data-sheets-userformat=\"{&quot;2&quot;:549,&quot;3&quot;:{&quot;1&quot;:0},&quot;5&quot;:{&quot;1&quot;:[{&quot;1&quot;:2,&quot;2&quot;:0,&quot;5&quot;:{&quot;1&quot;:2,&quot;2&quot;:0}},{&quot;1&quot;:0,&quot;2&quot;:0,&quot;3&quot;:3},{&quot;1&quot;:1,&quot;2&quot;:0,&quot;4&quot;:1}]},&quot;8&quot;:{&quot;1&quot;:[{&quot;1&quot;:2,&quot;2&quot;:0,&quot;5&quot;:{&quot;1&quot;:2,&quot;2&quot;:0}},{&quot;1&quot;:0,&quot;2&quot;:0,&quot;3&quot;:3},{&quot;1&quot;:1,&quot;2&quot;:0,&quot;4&quot;:1}]},&quot;12&quot;:0}\">Aplicar 3 o 4 gotas sobre la piel limpia y seca. Masajear suavemente hasta completa absorci\u00f3n por la piel.<\/span><\/li>\n<\/ul>\n<p><b><i>Melocot\u00f3n.<\/i><\/b><\/p>\n<p>&nbsp;<\/p>\n<div class=\"woocommerce-tabs wc-tabs-wrapper\">\n<div id=\"tab-description\" class=\"woocommerce-Tabs-panel woocommerce-Tabs-panel--description panel entry-content wc-tab\" role=\"tabpanel\" aria-labelledby=\"tab-title-description\">\n<p><a href=\"https:\/\/www.mentaymora.com\/\">Menta y Mora<\/a>\u00a0Te Enamora\u00a0 \u00a0S\u00edguenos en nuestras RRSS (<a href=\"https:\/\/es-es.facebook.com\/MentayMora\/\">Facebook<\/a>\u00a0e\u00a0<a href=\"https:\/\/www.instagram.com\/mentaymora.illescas\/?hl=es\">Instagram<\/a>)\u00a0 \u00a0Si tienes alguna consulta,\u00a0<a href=\"mailto:%20info@mentaymora.com\">preg\u00fantanos<\/a>.<\/p>\n<\/div>\n<\/div>\n","protected":false},"excerpt":{"rendered":"<p>\u00a1Descubre el secreto mejor guardado para una piel impecable con el nuevo\u00a0<strong>Body Serum Estr\u00edas<\/strong>\u00a0con aroma Fresa Nata!<\/p>\n<p>Este s\u00e9rum corporal antiestr\u00edas es la innovaci\u00f3n que tu rutina de cuidado de la piel estaba esperando. Con su f\u00f3rmula \u00fanica, prepara la piel para absorber r\u00e1pidamente el \u00e1cido hialur\u00f3nico, aportando un extra de hidrataci\u00f3n y mejorando visiblemente el tono y la textura de piel reduciendo la aparici\u00f3n de estr\u00edas.<\/p>\n<p>\u00a1Es hora de elevar tu rutina de belleza con The Fruit Company!<\/p>\n<p><em><strong>Fresa Nata.<\/strong><\/em><\/p>\n","protected":false},"featured_media":15245,"comment_status":"open","ping_status":"closed","template":"","meta":{"_acf_changed":false,"_joinchat":[]},"product_brand":[],"product_cat":[803,1394],"product_tag":[184],"class_list":{"0":"post-15241","1":"product","2":"type-product","3":"status-publish","4":"has-post-thumbnail","6":"product_cat-novedades-the-fruit-company","7":"product_cat-serum-corporal","8":"product_tag-serum","9":"latest_post","11":"first","12":"instock","13":"taxable","14":"shipping-taxable","15":"purchasable","16":"product-type-simple"},"acf":[],"yoast_head":"<!-- This site is optimized with the Yoast SEO plugin v27.3 - https:\/\/yoast.com\/product\/yoast-seo-wordpress\/ -->\n<title>Body Serum Estr\u00edas Fresa Nata 120ml - TFC - Menta y Mora<\/title>\n<meta name=\"description\" content=\"Body Serum Estr\u00edas Fresa Nata 120ml - TFC \u00bfQui\u00e9n dijo s\u00e9rum s\u00f3lo para el rostro? Revolucionario e innovador, este s\u00e9rum corporal de uso previo a tu rutina de belleza\" \/>\n<meta name=\"robots\" content=\"index, follow, max-snippet:-1, max-image-preview:large, max-video-preview:-1\" \/>\n<link rel=\"canonical\" href=\"https:\/\/www.mentaymora.com\/index.php\/producto\/body-serum-estrias-fresa-nata-120ml-tfc\/\" \/>\n<meta property=\"og:locale\" content=\"es_ES\" \/>\n<meta property=\"og:type\" content=\"article\" \/>\n<meta property=\"og:title\" content=\"Body Serum Estr\u00edas Fresa Nata 120ml - TFC - Menta y Mora\" \/>\n<meta property=\"og:description\" content=\"Body Serum Estr\u00edas Fresa Nata 120ml - TFC \u00bfQui\u00e9n dijo s\u00e9rum s\u00f3lo para el rostro? Revolucionario e innovador, este s\u00e9rum corporal de uso previo a tu rutina de belleza\" \/>\n<meta property=\"og:url\" content=\"https:\/\/www.mentaymora.com\/index.php\/producto\/body-serum-estrias-fresa-nata-120ml-tfc\/\" \/>\n<meta property=\"og:site_name\" content=\"Menta y Mora\" \/>\n<meta property=\"article:publisher\" content=\"https:\/\/es-es.facebook.com\/MentayMora\/\" \/>\n<meta property=\"article:modified_time\" content=\"2025-04-24T14:00:22+00:00\" \/>\n<meta property=\"og:image\" content=\"https:\/\/www.mentaymora.com\/wp-content\/uploads\/2024\/07\/Body-Serum-Estrias-Fresa-Nata-120ml-TFC.jpg\" \/>\n\t<meta property=\"og:image:width\" content=\"600\" \/>\n\t<meta property=\"og:image:height\" content=\"600\" \/>\n\t<meta property=\"og:image:type\" content=\"image\/jpeg\" \/>\n<meta name=\"twitter:card\" content=\"summary_large_image\" \/>\n<meta name=\"twitter:label1\" content=\"Tiempo de lectura\" \/>\n\t<meta name=\"twitter:data1\" content=\"1 minuto\" \/>\n<script type=\"application\/ld+json\" class=\"yoast-schema-graph\">{\"@context\":\"https:\\\/\\\/schema.org\",\"@graph\":[{\"@type\":\"WebPage\",\"@id\":\"https:\\\/\\\/www.mentaymora.com\\\/index.php\\\/producto\\\/body-serum-estrias-fresa-nata-120ml-tfc\\\/\",\"url\":\"https:\\\/\\\/www.mentaymora.com\\\/index.php\\\/producto\\\/body-serum-estrias-fresa-nata-120ml-tfc\\\/\",\"name\":\"Body Serum Estr\u00edas Fresa Nata 120ml - TFC - Menta y Mora\",\"isPartOf\":{\"@id\":\"https:\\\/\\\/www.mentaymora.com\\\/#website\"},\"primaryImageOfPage\":{\"@id\":\"https:\\\/\\\/www.mentaymora.com\\\/index.php\\\/producto\\\/body-serum-estrias-fresa-nata-120ml-tfc\\\/#primaryimage\"},\"image\":{\"@id\":\"https:\\\/\\\/www.mentaymora.com\\\/index.php\\\/producto\\\/body-serum-estrias-fresa-nata-120ml-tfc\\\/#primaryimage\"},\"thumbnailUrl\":\"https:\\\/\\\/www.mentaymora.com\\\/wp-content\\\/uploads\\\/2024\\\/07\\\/Body-Serum-Estrias-Fresa-Nata-120ml-TFC.jpg\",\"datePublished\":\"2024-07-02T14:13:08+00:00\",\"dateModified\":\"2025-04-24T14:00:22+00:00\",\"description\":\"Body Serum Estr\u00edas Fresa Nata 120ml - TFC \u00bfQui\u00e9n dijo s\u00e9rum s\u00f3lo para el rostro? Revolucionario e innovador, este s\u00e9rum corporal de uso previo a tu rutina de belleza\",\"breadcrumb\":{\"@id\":\"https:\\\/\\\/www.mentaymora.com\\\/index.php\\\/producto\\\/body-serum-estrias-fresa-nata-120ml-tfc\\\/#breadcrumb\"},\"inLanguage\":\"es\",\"potentialAction\":[{\"@type\":\"ReadAction\",\"target\":[\"https:\\\/\\\/www.mentaymora.com\\\/index.php\\\/producto\\\/body-serum-estrias-fresa-nata-120ml-tfc\\\/\"]}]},{\"@type\":\"ImageObject\",\"inLanguage\":\"es\",\"@id\":\"https:\\\/\\\/www.mentaymora.com\\\/index.php\\\/producto\\\/body-serum-estrias-fresa-nata-120ml-tfc\\\/#primaryimage\",\"url\":\"https:\\\/\\\/www.mentaymora.com\\\/wp-content\\\/uploads\\\/2024\\\/07\\\/Body-Serum-Estrias-Fresa-Nata-120ml-TFC.jpg\",\"contentUrl\":\"https:\\\/\\\/www.mentaymora.com\\\/wp-content\\\/uploads\\\/2024\\\/07\\\/Body-Serum-Estrias-Fresa-Nata-120ml-TFC.jpg\",\"width\":600,\"height\":600,\"caption\":\"Body Serum Estr\u00edas Fresa Nata 120ml TFC\"},{\"@type\":\"BreadcrumbList\",\"@id\":\"https:\\\/\\\/www.mentaymora.com\\\/index.php\\\/producto\\\/body-serum-estrias-fresa-nata-120ml-tfc\\\/#breadcrumb\",\"itemListElement\":[{\"@type\":\"ListItem\",\"position\":1,\"name\":\"Portada\",\"item\":\"https:\\\/\\\/www.mentaymora.com\\\/\"},{\"@type\":\"ListItem\",\"position\":2,\"name\":\"Productos\",\"item\":\"https:\\\/\\\/www.mentaymora.com\\\/index.php\\\/tienda\\\/\"},{\"@type\":\"ListItem\",\"position\":3,\"name\":\"Body Serum Estr\u00edas Fresa Nata 120ml &#8211; TFC\"}]},{\"@type\":\"WebSite\",\"@id\":\"https:\\\/\\\/www.mentaymora.com\\\/#website\",\"url\":\"https:\\\/\\\/www.mentaymora.com\\\/\",\"name\":\"Menta y Mora\",\"description\":\"Regalos y Complementos\",\"publisher\":{\"@id\":\"https:\\\/\\\/www.mentaymora.com\\\/#organization\"},\"potentialAction\":[{\"@type\":\"SearchAction\",\"target\":{\"@type\":\"EntryPoint\",\"urlTemplate\":\"https:\\\/\\\/www.mentaymora.com\\\/?s={search_term_string}\"},\"query-input\":{\"@type\":\"PropertyValueSpecification\",\"valueRequired\":true,\"valueName\":\"search_term_string\"}}],\"inLanguage\":\"es\"},{\"@type\":\"Organization\",\"@id\":\"https:\\\/\\\/www.mentaymora.com\\\/#organization\",\"name\":\"Menta y Mora\",\"url\":\"https:\\\/\\\/www.mentaymora.com\\\/\",\"logo\":{\"@type\":\"ImageObject\",\"inLanguage\":\"es\",\"@id\":\"https:\\\/\\\/www.mentaymora.com\\\/#\\\/schema\\\/logo\\\/image\\\/\",\"url\":\"https:\\\/\\\/www.mentaymora.com\\\/wp-content\\\/uploads\\\/2021\\\/07\\\/Logo.jpg\",\"contentUrl\":\"https:\\\/\\\/www.mentaymora.com\\\/wp-content\\\/uploads\\\/2021\\\/07\\\/Logo.jpg\",\"width\":1172,\"height\":1172,\"caption\":\"Menta y Mora\"},\"image\":{\"@id\":\"https:\\\/\\\/www.mentaymora.com\\\/#\\\/schema\\\/logo\\\/image\\\/\"},\"sameAs\":[\"https:\\\/\\\/es-es.facebook.com\\\/MentayMora\\\/\",\"https:\\\/\\\/www.instagram.com\\\/mentaymora.illescas\\\/?hl=es\",\"https:\\\/\\\/www.youtube.com\\\/channel\\\/UCuMMtdck_1XS-MyW6ZnBAlw\"]}]}<\/script>\n<!-- \/ Yoast SEO plugin. -->","yoast_head_json":{"title":"Body Serum Estr\u00edas Fresa Nata 120ml - TFC - Menta y Mora","description":"Body Serum Estr\u00edas Fresa Nata 120ml - TFC \u00bfQui\u00e9n dijo s\u00e9rum s\u00f3lo para el rostro? Revolucionario e innovador, este s\u00e9rum corporal de uso previo a tu rutina de belleza","robots":{"index":"index","follow":"follow","max-snippet":"max-snippet:-1","max-image-preview":"max-image-preview:large","max-video-preview":"max-video-preview:-1"},"canonical":"https:\/\/www.mentaymora.com\/index.php\/producto\/body-serum-estrias-fresa-nata-120ml-tfc\/","og_locale":"es_ES","og_type":"article","og_title":"Body Serum Estr\u00edas Fresa Nata 120ml - TFC - Menta y Mora","og_description":"Body Serum Estr\u00edas Fresa Nata 120ml - TFC \u00bfQui\u00e9n dijo s\u00e9rum s\u00f3lo para el rostro? Revolucionario e innovador, este s\u00e9rum corporal de uso previo a tu rutina de belleza","og_url":"https:\/\/www.mentaymora.com\/index.php\/producto\/body-serum-estrias-fresa-nata-120ml-tfc\/","og_site_name":"Menta y Mora","article_publisher":"https:\/\/es-es.facebook.com\/MentayMora\/","article_modified_time":"2025-04-24T14:00:22+00:00","og_image":[{"width":600,"height":600,"url":"https:\/\/www.mentaymora.com\/wp-content\/uploads\/2024\/07\/Body-Serum-Estrias-Fresa-Nata-120ml-TFC.jpg","type":"image\/jpeg"}],"twitter_card":"summary_large_image","twitter_misc":{"Tiempo de lectura":"1 minuto"},"schema":{"@context":"https:\/\/schema.org","@graph":[{"@type":"WebPage","@id":"https:\/\/www.mentaymora.com\/index.php\/producto\/body-serum-estrias-fresa-nata-120ml-tfc\/","url":"https:\/\/www.mentaymora.com\/index.php\/producto\/body-serum-estrias-fresa-nata-120ml-tfc\/","name":"Body Serum Estr\u00edas Fresa Nata 120ml - TFC - Menta y Mora","isPartOf":{"@id":"https:\/\/www.mentaymora.com\/#website"},"primaryImageOfPage":{"@id":"https:\/\/www.mentaymora.com\/index.php\/producto\/body-serum-estrias-fresa-nata-120ml-tfc\/#primaryimage"},"image":{"@id":"https:\/\/www.mentaymora.com\/index.php\/producto\/body-serum-estrias-fresa-nata-120ml-tfc\/#primaryimage"},"thumbnailUrl":"https:\/\/www.mentaymora.com\/wp-content\/uploads\/2024\/07\/Body-Serum-Estrias-Fresa-Nata-120ml-TFC.jpg","datePublished":"2024-07-02T14:13:08+00:00","dateModified":"2025-04-24T14:00:22+00:00","description":"Body Serum Estr\u00edas Fresa Nata 120ml - TFC \u00bfQui\u00e9n dijo s\u00e9rum s\u00f3lo para el rostro? Revolucionario e innovador, este s\u00e9rum corporal de uso previo a tu rutina de belleza","breadcrumb":{"@id":"https:\/\/www.mentaymora.com\/index.php\/producto\/body-serum-estrias-fresa-nata-120ml-tfc\/#breadcrumb"},"inLanguage":"es","potentialAction":[{"@type":"ReadAction","target":["https:\/\/www.mentaymora.com\/index.php\/producto\/body-serum-estrias-fresa-nata-120ml-tfc\/"]}]},{"@type":"ImageObject","inLanguage":"es","@id":"https:\/\/www.mentaymora.com\/index.php\/producto\/body-serum-estrias-fresa-nata-120ml-tfc\/#primaryimage","url":"https:\/\/www.mentaymora.com\/wp-content\/uploads\/2024\/07\/Body-Serum-Estrias-Fresa-Nata-120ml-TFC.jpg","contentUrl":"https:\/\/www.mentaymora.com\/wp-content\/uploads\/2024\/07\/Body-Serum-Estrias-Fresa-Nata-120ml-TFC.jpg","width":600,"height":600,"caption":"Body Serum Estr\u00edas Fresa Nata 120ml TFC"},{"@type":"BreadcrumbList","@id":"https:\/\/www.mentaymora.com\/index.php\/producto\/body-serum-estrias-fresa-nata-120ml-tfc\/#breadcrumb","itemListElement":[{"@type":"ListItem","position":1,"name":"Portada","item":"https:\/\/www.mentaymora.com\/"},{"@type":"ListItem","position":2,"name":"Productos","item":"https:\/\/www.mentaymora.com\/index.php\/tienda\/"},{"@type":"ListItem","position":3,"name":"Body Serum Estr\u00edas Fresa Nata 120ml &#8211; TFC"}]},{"@type":"WebSite","@id":"https:\/\/www.mentaymora.com\/#website","url":"https:\/\/www.mentaymora.com\/","name":"Menta y Mora","description":"Regalos y Complementos","publisher":{"@id":"https:\/\/www.mentaymora.com\/#organization"},"potentialAction":[{"@type":"SearchAction","target":{"@type":"EntryPoint","urlTemplate":"https:\/\/www.mentaymora.com\/?s={search_term_string}"},"query-input":{"@type":"PropertyValueSpecification","valueRequired":true,"valueName":"search_term_string"}}],"inLanguage":"es"},{"@type":"Organization","@id":"https:\/\/www.mentaymora.com\/#organization","name":"Menta y Mora","url":"https:\/\/www.mentaymora.com\/","logo":{"@type":"ImageObject","inLanguage":"es","@id":"https:\/\/www.mentaymora.com\/#\/schema\/logo\/image\/","url":"https:\/\/www.mentaymora.com\/wp-content\/uploads\/2021\/07\/Logo.jpg","contentUrl":"https:\/\/www.mentaymora.com\/wp-content\/uploads\/2021\/07\/Logo.jpg","width":1172,"height":1172,"caption":"Menta y Mora"},"image":{"@id":"https:\/\/www.mentaymora.com\/#\/schema\/logo\/image\/"},"sameAs":["https:\/\/es-es.facebook.com\/MentayMora\/","https:\/\/www.instagram.com\/mentaymora.illescas\/?hl=es","https:\/\/www.youtube.com\/channel\/UCuMMtdck_1XS-MyW6ZnBAlw"]}]}},"_links":{"self":[{"href":"https:\/\/www.mentaymora.com\/index.php\/wp-json\/wp\/v2\/product\/15241","targetHints":{"allow":["GET"]}}],"collection":[{"href":"https:\/\/www.mentaymora.com\/index.php\/wp-json\/wp\/v2\/product"}],"about":[{"href":"https:\/\/www.mentaymora.com\/index.php\/wp-json\/wp\/v2\/types\/product"}],"replies":[{"embeddable":true,"href":"https:\/\/www.mentaymora.com\/index.php\/wp-json\/wp\/v2\/comments?post=15241"}],"wp:featuredmedia":[{"embeddable":true,"href":"https:\/\/www.mentaymora.com\/index.php\/wp-json\/wp\/v2\/media\/15245"}],"wp:attachment":[{"href":"https:\/\/www.mentaymora.com\/index.php\/wp-json\/wp\/v2\/media?parent=15241"}],"wp:term":[{"taxonomy":"product_brand","embeddable":true,"href":"https:\/\/www.mentaymora.com\/index.php\/wp-json\/wp\/v2\/product_brand?post=15241"},{"taxonomy":"product_cat","embeddable":true,"href":"https:\/\/www.mentaymora.com\/index.php\/wp-json\/wp\/v2\/product_cat?post=15241"},{"taxonomy":"product_tag","embeddable":true,"href":"https:\/\/www.mentaymora.com\/index.php\/wp-json\/wp\/v2\/product_tag?post=15241"}],"curies":[{"name":"wp","href":"https:\/\/api.w.org\/{rel}","templated":true}]}}