{"id":15400,"date":"2024-07-05T16:57:03","date_gmt":"2024-07-05T15:57:03","guid":{"rendered":"https:\/\/www.mentaymora.com\/?post_type=product&#038;p=15400"},"modified":"2024-07-05T17:00:25","modified_gmt":"2024-07-05T16:00:25","slug":"ritual-cuidado-facial-para-la-noche-vitamina-c-b3","status":"publish","type":"product","link":"https:\/\/www.mentaymora.com\/index.php\/producto\/ritual-cuidado-facial-para-la-noche-vitamina-c-b3\/","title":{"rendered":"RITUAL CUIDADO FACIAL &#8211; Para la noche Vitamina C B3"},"content":{"rendered":"<p>RITUAL CUIDADO FACIAL &#8211; Para la noche Vitamina C B3<\/p>\n<p>Descubre el secreto de una piel renovada y rejuvenecida con este pack, dise\u00f1ado especialmente para una efectiva y completa rutina facial nocturna.<\/p>\n<p>Incluye cuatro productos de la innovadora l\u00ednea Vitamina C.B3 Niacinamida, que ofrecen un ritual regenerador y exfoliante para el cuidado nocturno en solo 8 minutos. \u00a1Perfecto para regalar!<\/p>\n<p>La evoluci\u00f3n constante de los cosm\u00e9ticos ha dado lugar a la tendencia del \u00abflash effect\u00bb. Los productos de la nueva l\u00ednea Vitamina C.B3 Niacinamida brindan resultados instant\u00e1neos con rutinas r\u00e1pidas y sencillas. Este enfoque es ideal para personas con una vida agitada y en constante movimiento, proporcionando una intensa regeneraci\u00f3n y un impulso de energ\u00eda durante la noche.<\/p>\n<p><strong>Orden de uso:<\/strong><\/p>\n<ul>\n<li><strong>Gel Limpiador Facial:<\/strong> Limpia profundamente las impurezas diarias y desobstruye los poros con ingredientes suaves, dejando tu piel fresca y preparada para los siguientes pasos de tu rutina.<\/li>\n<li><strong>T\u00f3nico Facial Iluminador con AHA y PHA:<\/strong> Aplica el t\u00f3nico con un disco de algod\u00f3n. Su uso regular, 2-3 veces por semana, exfoliar\u00e1 y aclarar\u00e1 suavemente la piel, prepar\u00e1ndola para absorber las sustancias nutritivas.<\/li>\n<li><strong>Exfoliante Facial:<\/strong> Aplica el exfoliante y d\u00e9jalo actuar de 5 a 10 minutos. Luego, retira el exceso con un disco de algod\u00f3n y enjuaga suavemente, dejando una fina capa de producto en la piel. Esta capa alisadora ser\u00e1 la base ideal antes de aplicar la crema de noche.<\/li>\n<li><strong>Crema de Noche Regeneradora:<\/strong> Aplica una capa generosa sobre la piel limpia y d\u00e9jala absorber durante la noche para una regeneraci\u00f3n intensa. Al despertar, notar\u00e1s una piel visiblemente m\u00e1s suave, firme y rejuvenecida.<\/li>\n<\/ul>\n<p>\u00a1Regala el cuidado nocturno y la regeneraci\u00f3n intensa a tu piel con el Pack Facial For Night: Vitamina C.B3 Niacinamida de Ziaja y despierta cada ma\u00f1ana con una tez radiante y saludable!<\/p>\n<p>&nbsp;<\/p>\n<p><a href=\"https:\/\/www.mentaymora.com\/\">Menta y Mora<\/a> Te Enamora\u00a0 \u00a0 S\u00edguenos en nuestras RRSS (<a href=\"https:\/\/es-es.facebook.com\/MentayMora\/\">Facebook<\/a>\u00a0e\u00a0<a href=\"https:\/\/www.instagram.com\/mentaymora.illescas\/?hl=es\">Instagram<\/a>)\u00a0 \u00a0 \u00a0Si tienes alguna consulta, <a href=\"mailto:%20info@mentaymora.com\">preg\u00fantanos<\/a>.<\/p>\n","protected":false},"excerpt":{"rendered":"<p>Descubre el secreto de una piel renovada y rejuvenecida con este pack, dise\u00f1ado especialmente para una efectiva y completa rutina facial nocturna.<\/p>\n<p>Incluye cuatro productos de la innovadora l\u00ednea Vitamina C.B3 Niacinamida, que ofrecen un ritual regenerador y exfoliante para el cuidado nocturno en solo 8 minutos.<em> \u00a1Perfecto para regalar!<\/em><\/p>\n<p><strong>El pack incluye:<\/strong><\/p>\n<ul>\n<li>Gel Limpiador Facial 190ml<\/li>\n<li>T\u00f3nico Facial Iluminador con AHA y PHA 120ml<\/li>\n<li>Exfoliante Facial 100ml<\/li>\n<li>Crema de Noche Regeneradora 50ml<\/li>\n<\/ul>\n","protected":false},"featured_media":15401,"comment_status":"open","ping_status":"closed","template":"","meta":{"_acf_changed":false,"_joinchat":[]},"product_brand":[],"product_cat":[1195],"product_tag":[1397,183,1398],"class_list":{"0":"post-15400","1":"product","2":"type-product","3":"status-publish","4":"has-post-thumbnail","6":"product_cat-ritual-cuidado-facial","7":"product_tag-cuidado-facial-noche","8":"product_tag-noche","9":"product_tag-rutina","10":"latest_post","12":"first","13":"instock","14":"taxable","15":"shipping-taxable","16":"purchasable","17":"product-type-simple"},"acf":[],"yoast_head":"<!-- This site is optimized with the Yoast SEO plugin v27.5 - https:\/\/yoast.com\/product\/yoast-seo-wordpress\/ -->\n<title>RITUAL CUIDADO FACIAL - Para la noche Vitamina C B3 - Menta y Mora<\/title>\n<meta name=\"description\" content=\"RITUAL CUIDADO FACIAL - Para la noche Vitamina C B3 Descubre el secreto de una piel renovada y rejuvenecida con este pack, dise\u00f1ado especialmente para una\" \/>\n<meta name=\"robots\" content=\"index, follow, max-snippet:-1, max-image-preview:large, max-video-preview:-1\" \/>\n<link rel=\"canonical\" href=\"https:\/\/www.mentaymora.com\/index.php\/producto\/ritual-cuidado-facial-para-la-noche-vitamina-c-b3\/\" \/>\n<meta property=\"og:locale\" content=\"es_ES\" \/>\n<meta property=\"og:type\" content=\"article\" \/>\n<meta property=\"og:title\" content=\"RITUAL CUIDADO FACIAL - Para la noche Vitamina C B3 - Menta y Mora\" \/>\n<meta property=\"og:description\" content=\"RITUAL CUIDADO FACIAL - Para la noche Vitamina C B3 Descubre el secreto de una piel renovada y rejuvenecida con este pack, dise\u00f1ado especialmente para una\" \/>\n<meta property=\"og:url\" content=\"https:\/\/www.mentaymora.com\/index.php\/producto\/ritual-cuidado-facial-para-la-noche-vitamina-c-b3\/\" \/>\n<meta property=\"og:site_name\" content=\"Menta y Mora\" \/>\n<meta property=\"article:publisher\" content=\"https:\/\/es-es.facebook.com\/MentayMora\/\" \/>\n<meta property=\"article:modified_time\" content=\"2024-07-05T16:00:25+00:00\" \/>\n<meta property=\"og:image\" content=\"https:\/\/www.mentaymora.com\/wp-content\/uploads\/2024\/07\/Ritual-Cuidado-Facial-Para-la-Noche-Vitamina-C-B3.png\" \/>\n\t<meta property=\"og:image:width\" content=\"807\" \/>\n\t<meta property=\"og:image:height\" content=\"819\" \/>\n\t<meta property=\"og:image:type\" content=\"image\/png\" \/>\n<meta name=\"twitter:card\" content=\"summary_large_image\" \/>\n<meta name=\"twitter:label1\" content=\"Tiempo de lectura\" \/>\n\t<meta name=\"twitter:data1\" content=\"2 minutos\" \/>\n<script type=\"application\/ld+json\" class=\"yoast-schema-graph\">{\"@context\":\"https:\\\/\\\/schema.org\",\"@graph\":[{\"@type\":\"WebPage\",\"@id\":\"https:\\\/\\\/www.mentaymora.com\\\/index.php\\\/producto\\\/ritual-cuidado-facial-para-la-noche-vitamina-c-b3\\\/\",\"url\":\"https:\\\/\\\/www.mentaymora.com\\\/index.php\\\/producto\\\/ritual-cuidado-facial-para-la-noche-vitamina-c-b3\\\/\",\"name\":\"RITUAL CUIDADO FACIAL - Para la noche Vitamina C B3 - Menta y Mora\",\"isPartOf\":{\"@id\":\"https:\\\/\\\/www.mentaymora.com\\\/#website\"},\"primaryImageOfPage\":{\"@id\":\"https:\\\/\\\/www.mentaymora.com\\\/index.php\\\/producto\\\/ritual-cuidado-facial-para-la-noche-vitamina-c-b3\\\/#primaryimage\"},\"image\":{\"@id\":\"https:\\\/\\\/www.mentaymora.com\\\/index.php\\\/producto\\\/ritual-cuidado-facial-para-la-noche-vitamina-c-b3\\\/#primaryimage\"},\"thumbnailUrl\":\"https:\\\/\\\/www.mentaymora.com\\\/wp-content\\\/uploads\\\/2024\\\/07\\\/Ritual-Cuidado-Facial-Para-la-Noche-Vitamina-C-B3.png\",\"datePublished\":\"2024-07-05T15:57:03+00:00\",\"dateModified\":\"2024-07-05T16:00:25+00:00\",\"description\":\"RITUAL CUIDADO FACIAL - Para la noche Vitamina C B3 Descubre el secreto de una piel renovada y rejuvenecida con este pack, dise\u00f1ado especialmente para una\",\"breadcrumb\":{\"@id\":\"https:\\\/\\\/www.mentaymora.com\\\/index.php\\\/producto\\\/ritual-cuidado-facial-para-la-noche-vitamina-c-b3\\\/#breadcrumb\"},\"inLanguage\":\"es\",\"potentialAction\":[{\"@type\":\"ReadAction\",\"target\":[\"https:\\\/\\\/www.mentaymora.com\\\/index.php\\\/producto\\\/ritual-cuidado-facial-para-la-noche-vitamina-c-b3\\\/\"]}]},{\"@type\":\"ImageObject\",\"inLanguage\":\"es\",\"@id\":\"https:\\\/\\\/www.mentaymora.com\\\/index.php\\\/producto\\\/ritual-cuidado-facial-para-la-noche-vitamina-c-b3\\\/#primaryimage\",\"url\":\"https:\\\/\\\/www.mentaymora.com\\\/wp-content\\\/uploads\\\/2024\\\/07\\\/Ritual-Cuidado-Facial-Para-la-Noche-Vitamina-C-B3.png\",\"contentUrl\":\"https:\\\/\\\/www.mentaymora.com\\\/wp-content\\\/uploads\\\/2024\\\/07\\\/Ritual-Cuidado-Facial-Para-la-Noche-Vitamina-C-B3.png\",\"width\":807,\"height\":819,\"caption\":\"Ritual Cuidado Facial Para la Noche Vitamina C B3\"},{\"@type\":\"BreadcrumbList\",\"@id\":\"https:\\\/\\\/www.mentaymora.com\\\/index.php\\\/producto\\\/ritual-cuidado-facial-para-la-noche-vitamina-c-b3\\\/#breadcrumb\",\"itemListElement\":[{\"@type\":\"ListItem\",\"position\":1,\"name\":\"Portada\",\"item\":\"https:\\\/\\\/www.mentaymora.com\\\/\"},{\"@type\":\"ListItem\",\"position\":2,\"name\":\"Productos\",\"item\":\"https:\\\/\\\/www.mentaymora.com\\\/index.php\\\/tienda\\\/\"},{\"@type\":\"ListItem\",\"position\":3,\"name\":\"RITUAL CUIDADO FACIAL &#8211; Para la noche Vitamina C B3\"}]},{\"@type\":\"WebSite\",\"@id\":\"https:\\\/\\\/www.mentaymora.com\\\/#website\",\"url\":\"https:\\\/\\\/www.mentaymora.com\\\/\",\"name\":\"Menta y Mora\",\"description\":\"Regalos y Complementos\",\"publisher\":{\"@id\":\"https:\\\/\\\/www.mentaymora.com\\\/#organization\"},\"potentialAction\":[{\"@type\":\"SearchAction\",\"target\":{\"@type\":\"EntryPoint\",\"urlTemplate\":\"https:\\\/\\\/www.mentaymora.com\\\/?s={search_term_string}\"},\"query-input\":{\"@type\":\"PropertyValueSpecification\",\"valueRequired\":true,\"valueName\":\"search_term_string\"}}],\"inLanguage\":\"es\"},{\"@type\":\"Organization\",\"@id\":\"https:\\\/\\\/www.mentaymora.com\\\/#organization\",\"name\":\"Menta y Mora\",\"url\":\"https:\\\/\\\/www.mentaymora.com\\\/\",\"logo\":{\"@type\":\"ImageObject\",\"inLanguage\":\"es\",\"@id\":\"https:\\\/\\\/www.mentaymora.com\\\/#\\\/schema\\\/logo\\\/image\\\/\",\"url\":\"https:\\\/\\\/www.mentaymora.com\\\/wp-content\\\/uploads\\\/2021\\\/07\\\/Logo.jpg\",\"contentUrl\":\"https:\\\/\\\/www.mentaymora.com\\\/wp-content\\\/uploads\\\/2021\\\/07\\\/Logo.jpg\",\"width\":1172,\"height\":1172,\"caption\":\"Menta y Mora\"},\"image\":{\"@id\":\"https:\\\/\\\/www.mentaymora.com\\\/#\\\/schema\\\/logo\\\/image\\\/\"},\"sameAs\":[\"https:\\\/\\\/es-es.facebook.com\\\/MentayMora\\\/\",\"https:\\\/\\\/www.instagram.com\\\/mentaymora.illescas\\\/?hl=es\",\"https:\\\/\\\/www.youtube.com\\\/channel\\\/UCuMMtdck_1XS-MyW6ZnBAlw\"]}]}<\/script>\n<!-- \/ Yoast SEO plugin. -->","yoast_head_json":{"title":"RITUAL CUIDADO FACIAL - Para la noche Vitamina C B3 - Menta y Mora","description":"RITUAL CUIDADO FACIAL - Para la noche Vitamina C B3 Descubre el secreto de una piel renovada y rejuvenecida con este pack, dise\u00f1ado especialmente para una","robots":{"index":"index","follow":"follow","max-snippet":"max-snippet:-1","max-image-preview":"max-image-preview:large","max-video-preview":"max-video-preview:-1"},"canonical":"https:\/\/www.mentaymora.com\/index.php\/producto\/ritual-cuidado-facial-para-la-noche-vitamina-c-b3\/","og_locale":"es_ES","og_type":"article","og_title":"RITUAL CUIDADO FACIAL - Para la noche Vitamina C B3 - Menta y Mora","og_description":"RITUAL CUIDADO FACIAL - Para la noche Vitamina C B3 Descubre el secreto de una piel renovada y rejuvenecida con este pack, dise\u00f1ado especialmente para una","og_url":"https:\/\/www.mentaymora.com\/index.php\/producto\/ritual-cuidado-facial-para-la-noche-vitamina-c-b3\/","og_site_name":"Menta y Mora","article_publisher":"https:\/\/es-es.facebook.com\/MentayMora\/","article_modified_time":"2024-07-05T16:00:25+00:00","og_image":[{"width":807,"height":819,"url":"https:\/\/www.mentaymora.com\/wp-content\/uploads\/2024\/07\/Ritual-Cuidado-Facial-Para-la-Noche-Vitamina-C-B3.png","type":"image\/png"}],"twitter_card":"summary_large_image","twitter_misc":{"Tiempo de lectura":"2 minutos"},"schema":{"@context":"https:\/\/schema.org","@graph":[{"@type":"WebPage","@id":"https:\/\/www.mentaymora.com\/index.php\/producto\/ritual-cuidado-facial-para-la-noche-vitamina-c-b3\/","url":"https:\/\/www.mentaymora.com\/index.php\/producto\/ritual-cuidado-facial-para-la-noche-vitamina-c-b3\/","name":"RITUAL CUIDADO FACIAL - Para la noche Vitamina C B3 - Menta y Mora","isPartOf":{"@id":"https:\/\/www.mentaymora.com\/#website"},"primaryImageOfPage":{"@id":"https:\/\/www.mentaymora.com\/index.php\/producto\/ritual-cuidado-facial-para-la-noche-vitamina-c-b3\/#primaryimage"},"image":{"@id":"https:\/\/www.mentaymora.com\/index.php\/producto\/ritual-cuidado-facial-para-la-noche-vitamina-c-b3\/#primaryimage"},"thumbnailUrl":"https:\/\/www.mentaymora.com\/wp-content\/uploads\/2024\/07\/Ritual-Cuidado-Facial-Para-la-Noche-Vitamina-C-B3.png","datePublished":"2024-07-05T15:57:03+00:00","dateModified":"2024-07-05T16:00:25+00:00","description":"RITUAL CUIDADO FACIAL - Para la noche Vitamina C B3 Descubre el secreto de una piel renovada y rejuvenecida con este pack, dise\u00f1ado especialmente para una","breadcrumb":{"@id":"https:\/\/www.mentaymora.com\/index.php\/producto\/ritual-cuidado-facial-para-la-noche-vitamina-c-b3\/#breadcrumb"},"inLanguage":"es","potentialAction":[{"@type":"ReadAction","target":["https:\/\/www.mentaymora.com\/index.php\/producto\/ritual-cuidado-facial-para-la-noche-vitamina-c-b3\/"]}]},{"@type":"ImageObject","inLanguage":"es","@id":"https:\/\/www.mentaymora.com\/index.php\/producto\/ritual-cuidado-facial-para-la-noche-vitamina-c-b3\/#primaryimage","url":"https:\/\/www.mentaymora.com\/wp-content\/uploads\/2024\/07\/Ritual-Cuidado-Facial-Para-la-Noche-Vitamina-C-B3.png","contentUrl":"https:\/\/www.mentaymora.com\/wp-content\/uploads\/2024\/07\/Ritual-Cuidado-Facial-Para-la-Noche-Vitamina-C-B3.png","width":807,"height":819,"caption":"Ritual Cuidado Facial Para la Noche Vitamina C B3"},{"@type":"BreadcrumbList","@id":"https:\/\/www.mentaymora.com\/index.php\/producto\/ritual-cuidado-facial-para-la-noche-vitamina-c-b3\/#breadcrumb","itemListElement":[{"@type":"ListItem","position":1,"name":"Portada","item":"https:\/\/www.mentaymora.com\/"},{"@type":"ListItem","position":2,"name":"Productos","item":"https:\/\/www.mentaymora.com\/index.php\/tienda\/"},{"@type":"ListItem","position":3,"name":"RITUAL CUIDADO FACIAL &#8211; Para la noche Vitamina C B3"}]},{"@type":"WebSite","@id":"https:\/\/www.mentaymora.com\/#website","url":"https:\/\/www.mentaymora.com\/","name":"Menta y Mora","description":"Regalos y Complementos","publisher":{"@id":"https:\/\/www.mentaymora.com\/#organization"},"potentialAction":[{"@type":"SearchAction","target":{"@type":"EntryPoint","urlTemplate":"https:\/\/www.mentaymora.com\/?s={search_term_string}"},"query-input":{"@type":"PropertyValueSpecification","valueRequired":true,"valueName":"search_term_string"}}],"inLanguage":"es"},{"@type":"Organization","@id":"https:\/\/www.mentaymora.com\/#organization","name":"Menta y Mora","url":"https:\/\/www.mentaymora.com\/","logo":{"@type":"ImageObject","inLanguage":"es","@id":"https:\/\/www.mentaymora.com\/#\/schema\/logo\/image\/","url":"https:\/\/www.mentaymora.com\/wp-content\/uploads\/2021\/07\/Logo.jpg","contentUrl":"https:\/\/www.mentaymora.com\/wp-content\/uploads\/2021\/07\/Logo.jpg","width":1172,"height":1172,"caption":"Menta y Mora"},"image":{"@id":"https:\/\/www.mentaymora.com\/#\/schema\/logo\/image\/"},"sameAs":["https:\/\/es-es.facebook.com\/MentayMora\/","https:\/\/www.instagram.com\/mentaymora.illescas\/?hl=es","https:\/\/www.youtube.com\/channel\/UCuMMtdck_1XS-MyW6ZnBAlw"]}]}},"_links":{"self":[{"href":"https:\/\/www.mentaymora.com\/index.php\/wp-json\/wp\/v2\/product\/15400","targetHints":{"allow":["GET"]}}],"collection":[{"href":"https:\/\/www.mentaymora.com\/index.php\/wp-json\/wp\/v2\/product"}],"about":[{"href":"https:\/\/www.mentaymora.com\/index.php\/wp-json\/wp\/v2\/types\/product"}],"replies":[{"embeddable":true,"href":"https:\/\/www.mentaymora.com\/index.php\/wp-json\/wp\/v2\/comments?post=15400"}],"wp:featuredmedia":[{"embeddable":true,"href":"https:\/\/www.mentaymora.com\/index.php\/wp-json\/wp\/v2\/media\/15401"}],"wp:attachment":[{"href":"https:\/\/www.mentaymora.com\/index.php\/wp-json\/wp\/v2\/media?parent=15400"}],"wp:term":[{"taxonomy":"product_brand","embeddable":true,"href":"https:\/\/www.mentaymora.com\/index.php\/wp-json\/wp\/v2\/product_brand?post=15400"},{"taxonomy":"product_cat","embeddable":true,"href":"https:\/\/www.mentaymora.com\/index.php\/wp-json\/wp\/v2\/product_cat?post=15400"},{"taxonomy":"product_tag","embeddable":true,"href":"https:\/\/www.mentaymora.com\/index.php\/wp-json\/wp\/v2\/product_tag?post=15400"}],"curies":[{"name":"wp","href":"https:\/\/api.w.org\/{rel}","templated":true}]}}