{"id":15546,"date":"2024-07-15T15:05:34","date_gmt":"2024-07-15T14:05:34","guid":{"rendered":"https:\/\/www.mentaymora.com\/?post_type=product&#038;p=15546"},"modified":"2024-07-15T15:05:35","modified_gmt":"2024-07-15T14:05:35","slug":"cojin-profe-sobresaliente","status":"publish","type":"product","link":"https:\/\/www.mentaymora.com\/index.php\/producto\/cojin-profe-sobresaliente\/","title":{"rendered":"Coj\u00edn Profe Sobresaliente"},"content":{"rendered":"<p>Coj\u00edn Profe Sobresaliente<\/p>\n<div class=\"x_elementToProof\">\u00a1S\u00faper regalo para tu profe, porque ella es de SOBRESALIENTE!<\/div>\n<div class=\"x_elementToProof\">Est\u00e1 confeccionado con una cremallera en la parte inferior para poder lavarlo del rev\u00e9s en un programa corto y en agua fr\u00eda.<\/div>\n<div class=\"x_elementToProof\">Personalizado mediante t\u00e9cnica de sublimaci\u00f3n.<\/div>\n<div class=\"x_elementToProof\">Informaci\u00f3n del producto<\/div>\n<ul>\n<li>Forma:\u00a0cuadrado<\/li>\n<li>Material:\u00a0Raso poli\u00e9ster<\/li>\n<li>Impresi\u00f3n:\u00a01 o 2 caras<\/li>\n<li>\n<div><strong>Relleno incluido.<\/strong><\/div>\n<\/li>\n<li>\n<div>Apto para lavadora<\/div>\n<\/li>\n<li>\n<div class=\"x_elementToProof\">Medida 40 x 40 cm.<\/div>\n<\/li>\n<\/ul>\n<p>&nbsp;<\/p>\n<p><a href=\"https:\/\/www.mentaymora.com\/\">Menta y Mora<\/a>\u00a0Te Enamora\u00a0 \u00a0 S\u00edguenos en nuestras RRSS (<a href=\"https:\/\/es-es.facebook.com\/MentayMora\/\">Facebook<\/a>\u00a0e\u00a0<a href=\"https:\/\/www.instagram.com\/mentaymora.illescas\/?hl=es\">Instagram<\/a>)\u00a0 \u00a0Si tienes alguna consulta,\u00a0<a href=\"mailto:%20info@mentaymora.com\">preg\u00fantanos<\/a><\/p>\n","protected":false},"excerpt":{"rendered":"<div class=\"x_elementToProof\">\u00a1S\u00faper regalo para tu profe, porque ella es de SOBRESALIENTE!<\/div>\n<div class=\"x_elementToProof\">Est\u00e1 confeccionado con una cremallera en la parte inferior para poder lavarlo del rev\u00e9s en un programa corto y en agua fr\u00eda.<\/div>\n<div>\u00a0<\/div>\n<div><strong>Plazo de entrega:\u00a0<\/strong>48\/72 horas<\/div>\n","protected":false},"featured_media":15547,"comment_status":"open","ping_status":"closed","template":"","meta":{"_acf_changed":false,"_joinchat":[]},"product_brand":[],"product_cat":[1228,1382],"product_tag":[855,433],"class_list":{"0":"post-15546","1":"product","2":"type-product","3":"status-publish","4":"has-post-thumbnail","6":"product_cat-profes","7":"product_cat-textil","8":"product_tag-cojin","9":"product_tag-profe","10":"latest_post","12":"first","13":"instock","14":"taxable","15":"shipping-taxable","16":"purchasable","17":"product-type-simple"},"acf":[],"yoast_head":"<!-- This site is optimized with the Yoast SEO plugin v27.3 - https:\/\/yoast.com\/product\/yoast-seo-wordpress\/ -->\n<title>Coj\u00edn Profe Sobresaliente - Menta y Mora<\/title>\n<meta name=\"description\" content=\"Coj\u00edn Profe Sobresaliente \u00a1S\u00faper regalo para tu profe, porque ella es de SOBRESALIENTE! Est\u00e1 confeccionado con una cremallera en la parte inferior para\" \/>\n<meta name=\"robots\" content=\"index, follow, max-snippet:-1, max-image-preview:large, max-video-preview:-1\" \/>\n<link rel=\"canonical\" href=\"https:\/\/www.mentaymora.com\/index.php\/producto\/cojin-profe-sobresaliente\/\" \/>\n<meta property=\"og:locale\" content=\"es_ES\" \/>\n<meta property=\"og:type\" content=\"article\" \/>\n<meta property=\"og:title\" content=\"Coj\u00edn Profe Sobresaliente - Menta y Mora\" \/>\n<meta property=\"og:description\" content=\"Coj\u00edn Profe Sobresaliente \u00a1S\u00faper regalo para tu profe, porque ella es de SOBRESALIENTE! Est\u00e1 confeccionado con una cremallera en la parte inferior para\" \/>\n<meta property=\"og:url\" content=\"https:\/\/www.mentaymora.com\/index.php\/producto\/cojin-profe-sobresaliente\/\" \/>\n<meta property=\"og:site_name\" content=\"Menta y Mora\" \/>\n<meta property=\"article:publisher\" content=\"https:\/\/es-es.facebook.com\/MentayMora\/\" \/>\n<meta property=\"article:modified_time\" content=\"2024-07-15T14:05:35+00:00\" \/>\n<meta property=\"og:image\" content=\"https:\/\/www.mentaymora.com\/wp-content\/uploads\/2024\/07\/Cojin-Profe-Sobresaliente.jpg\" \/>\n\t<meta property=\"og:image:width\" content=\"1155\" \/>\n\t<meta property=\"og:image:height\" content=\"1200\" \/>\n\t<meta property=\"og:image:type\" content=\"image\/jpeg\" \/>\n<meta name=\"twitter:card\" content=\"summary_large_image\" \/>\n<meta name=\"twitter:label1\" content=\"Tiempo de lectura\" \/>\n\t<meta name=\"twitter:data1\" content=\"1 minuto\" \/>\n<script type=\"application\/ld+json\" class=\"yoast-schema-graph\">{\"@context\":\"https:\\\/\\\/schema.org\",\"@graph\":[{\"@type\":\"WebPage\",\"@id\":\"https:\\\/\\\/www.mentaymora.com\\\/index.php\\\/producto\\\/cojin-profe-sobresaliente\\\/\",\"url\":\"https:\\\/\\\/www.mentaymora.com\\\/index.php\\\/producto\\\/cojin-profe-sobresaliente\\\/\",\"name\":\"Coj\u00edn Profe Sobresaliente - Menta y Mora\",\"isPartOf\":{\"@id\":\"https:\\\/\\\/www.mentaymora.com\\\/#website\"},\"primaryImageOfPage\":{\"@id\":\"https:\\\/\\\/www.mentaymora.com\\\/index.php\\\/producto\\\/cojin-profe-sobresaliente\\\/#primaryimage\"},\"image\":{\"@id\":\"https:\\\/\\\/www.mentaymora.com\\\/index.php\\\/producto\\\/cojin-profe-sobresaliente\\\/#primaryimage\"},\"thumbnailUrl\":\"https:\\\/\\\/www.mentaymora.com\\\/wp-content\\\/uploads\\\/2024\\\/07\\\/Cojin-Profe-Sobresaliente.jpg\",\"datePublished\":\"2024-07-15T14:05:34+00:00\",\"dateModified\":\"2024-07-15T14:05:35+00:00\",\"description\":\"Coj\u00edn Profe Sobresaliente \u00a1S\u00faper regalo para tu profe, porque ella es de SOBRESALIENTE! Est\u00e1 confeccionado con una cremallera en la parte inferior para\",\"breadcrumb\":{\"@id\":\"https:\\\/\\\/www.mentaymora.com\\\/index.php\\\/producto\\\/cojin-profe-sobresaliente\\\/#breadcrumb\"},\"inLanguage\":\"es\",\"potentialAction\":[{\"@type\":\"ReadAction\",\"target\":[\"https:\\\/\\\/www.mentaymora.com\\\/index.php\\\/producto\\\/cojin-profe-sobresaliente\\\/\"]}]},{\"@type\":\"ImageObject\",\"inLanguage\":\"es\",\"@id\":\"https:\\\/\\\/www.mentaymora.com\\\/index.php\\\/producto\\\/cojin-profe-sobresaliente\\\/#primaryimage\",\"url\":\"https:\\\/\\\/www.mentaymora.com\\\/wp-content\\\/uploads\\\/2024\\\/07\\\/Cojin-Profe-Sobresaliente.jpg\",\"contentUrl\":\"https:\\\/\\\/www.mentaymora.com\\\/wp-content\\\/uploads\\\/2024\\\/07\\\/Cojin-Profe-Sobresaliente.jpg\",\"width\":1155,\"height\":1200,\"caption\":\"Coj\u00edn Profe Sobresaliente\"},{\"@type\":\"BreadcrumbList\",\"@id\":\"https:\\\/\\\/www.mentaymora.com\\\/index.php\\\/producto\\\/cojin-profe-sobresaliente\\\/#breadcrumb\",\"itemListElement\":[{\"@type\":\"ListItem\",\"position\":1,\"name\":\"Portada\",\"item\":\"https:\\\/\\\/www.mentaymora.com\\\/\"},{\"@type\":\"ListItem\",\"position\":2,\"name\":\"Productos\",\"item\":\"https:\\\/\\\/www.mentaymora.com\\\/index.php\\\/tienda\\\/\"},{\"@type\":\"ListItem\",\"position\":3,\"name\":\"Coj\u00edn Profe Sobresaliente\"}]},{\"@type\":\"WebSite\",\"@id\":\"https:\\\/\\\/www.mentaymora.com\\\/#website\",\"url\":\"https:\\\/\\\/www.mentaymora.com\\\/\",\"name\":\"Menta y Mora\",\"description\":\"Regalos y Complementos\",\"publisher\":{\"@id\":\"https:\\\/\\\/www.mentaymora.com\\\/#organization\"},\"potentialAction\":[{\"@type\":\"SearchAction\",\"target\":{\"@type\":\"EntryPoint\",\"urlTemplate\":\"https:\\\/\\\/www.mentaymora.com\\\/?s={search_term_string}\"},\"query-input\":{\"@type\":\"PropertyValueSpecification\",\"valueRequired\":true,\"valueName\":\"search_term_string\"}}],\"inLanguage\":\"es\"},{\"@type\":\"Organization\",\"@id\":\"https:\\\/\\\/www.mentaymora.com\\\/#organization\",\"name\":\"Menta y Mora\",\"url\":\"https:\\\/\\\/www.mentaymora.com\\\/\",\"logo\":{\"@type\":\"ImageObject\",\"inLanguage\":\"es\",\"@id\":\"https:\\\/\\\/www.mentaymora.com\\\/#\\\/schema\\\/logo\\\/image\\\/\",\"url\":\"https:\\\/\\\/www.mentaymora.com\\\/wp-content\\\/uploads\\\/2021\\\/07\\\/Logo.jpg\",\"contentUrl\":\"https:\\\/\\\/www.mentaymora.com\\\/wp-content\\\/uploads\\\/2021\\\/07\\\/Logo.jpg\",\"width\":1172,\"height\":1172,\"caption\":\"Menta y Mora\"},\"image\":{\"@id\":\"https:\\\/\\\/www.mentaymora.com\\\/#\\\/schema\\\/logo\\\/image\\\/\"},\"sameAs\":[\"https:\\\/\\\/es-es.facebook.com\\\/MentayMora\\\/\",\"https:\\\/\\\/www.instagram.com\\\/mentaymora.illescas\\\/?hl=es\",\"https:\\\/\\\/www.youtube.com\\\/channel\\\/UCuMMtdck_1XS-MyW6ZnBAlw\"]}]}<\/script>\n<!-- \/ Yoast SEO plugin. -->","yoast_head_json":{"title":"Coj\u00edn Profe Sobresaliente - Menta y Mora","description":"Coj\u00edn Profe Sobresaliente \u00a1S\u00faper regalo para tu profe, porque ella es de SOBRESALIENTE! Est\u00e1 confeccionado con una cremallera en la parte inferior para","robots":{"index":"index","follow":"follow","max-snippet":"max-snippet:-1","max-image-preview":"max-image-preview:large","max-video-preview":"max-video-preview:-1"},"canonical":"https:\/\/www.mentaymora.com\/index.php\/producto\/cojin-profe-sobresaliente\/","og_locale":"es_ES","og_type":"article","og_title":"Coj\u00edn Profe Sobresaliente - Menta y Mora","og_description":"Coj\u00edn Profe Sobresaliente \u00a1S\u00faper regalo para tu profe, porque ella es de SOBRESALIENTE! Est\u00e1 confeccionado con una cremallera en la parte inferior para","og_url":"https:\/\/www.mentaymora.com\/index.php\/producto\/cojin-profe-sobresaliente\/","og_site_name":"Menta y Mora","article_publisher":"https:\/\/es-es.facebook.com\/MentayMora\/","article_modified_time":"2024-07-15T14:05:35+00:00","og_image":[{"width":1155,"height":1200,"url":"https:\/\/www.mentaymora.com\/wp-content\/uploads\/2024\/07\/Cojin-Profe-Sobresaliente.jpg","type":"image\/jpeg"}],"twitter_card":"summary_large_image","twitter_misc":{"Tiempo de lectura":"1 minuto"},"schema":{"@context":"https:\/\/schema.org","@graph":[{"@type":"WebPage","@id":"https:\/\/www.mentaymora.com\/index.php\/producto\/cojin-profe-sobresaliente\/","url":"https:\/\/www.mentaymora.com\/index.php\/producto\/cojin-profe-sobresaliente\/","name":"Coj\u00edn Profe Sobresaliente - Menta y Mora","isPartOf":{"@id":"https:\/\/www.mentaymora.com\/#website"},"primaryImageOfPage":{"@id":"https:\/\/www.mentaymora.com\/index.php\/producto\/cojin-profe-sobresaliente\/#primaryimage"},"image":{"@id":"https:\/\/www.mentaymora.com\/index.php\/producto\/cojin-profe-sobresaliente\/#primaryimage"},"thumbnailUrl":"https:\/\/www.mentaymora.com\/wp-content\/uploads\/2024\/07\/Cojin-Profe-Sobresaliente.jpg","datePublished":"2024-07-15T14:05:34+00:00","dateModified":"2024-07-15T14:05:35+00:00","description":"Coj\u00edn Profe Sobresaliente \u00a1S\u00faper regalo para tu profe, porque ella es de SOBRESALIENTE! Est\u00e1 confeccionado con una cremallera en la parte inferior para","breadcrumb":{"@id":"https:\/\/www.mentaymora.com\/index.php\/producto\/cojin-profe-sobresaliente\/#breadcrumb"},"inLanguage":"es","potentialAction":[{"@type":"ReadAction","target":["https:\/\/www.mentaymora.com\/index.php\/producto\/cojin-profe-sobresaliente\/"]}]},{"@type":"ImageObject","inLanguage":"es","@id":"https:\/\/www.mentaymora.com\/index.php\/producto\/cojin-profe-sobresaliente\/#primaryimage","url":"https:\/\/www.mentaymora.com\/wp-content\/uploads\/2024\/07\/Cojin-Profe-Sobresaliente.jpg","contentUrl":"https:\/\/www.mentaymora.com\/wp-content\/uploads\/2024\/07\/Cojin-Profe-Sobresaliente.jpg","width":1155,"height":1200,"caption":"Coj\u00edn Profe Sobresaliente"},{"@type":"BreadcrumbList","@id":"https:\/\/www.mentaymora.com\/index.php\/producto\/cojin-profe-sobresaliente\/#breadcrumb","itemListElement":[{"@type":"ListItem","position":1,"name":"Portada","item":"https:\/\/www.mentaymora.com\/"},{"@type":"ListItem","position":2,"name":"Productos","item":"https:\/\/www.mentaymora.com\/index.php\/tienda\/"},{"@type":"ListItem","position":3,"name":"Coj\u00edn Profe Sobresaliente"}]},{"@type":"WebSite","@id":"https:\/\/www.mentaymora.com\/#website","url":"https:\/\/www.mentaymora.com\/","name":"Menta y Mora","description":"Regalos y Complementos","publisher":{"@id":"https:\/\/www.mentaymora.com\/#organization"},"potentialAction":[{"@type":"SearchAction","target":{"@type":"EntryPoint","urlTemplate":"https:\/\/www.mentaymora.com\/?s={search_term_string}"},"query-input":{"@type":"PropertyValueSpecification","valueRequired":true,"valueName":"search_term_string"}}],"inLanguage":"es"},{"@type":"Organization","@id":"https:\/\/www.mentaymora.com\/#organization","name":"Menta y Mora","url":"https:\/\/www.mentaymora.com\/","logo":{"@type":"ImageObject","inLanguage":"es","@id":"https:\/\/www.mentaymora.com\/#\/schema\/logo\/image\/","url":"https:\/\/www.mentaymora.com\/wp-content\/uploads\/2021\/07\/Logo.jpg","contentUrl":"https:\/\/www.mentaymora.com\/wp-content\/uploads\/2021\/07\/Logo.jpg","width":1172,"height":1172,"caption":"Menta y Mora"},"image":{"@id":"https:\/\/www.mentaymora.com\/#\/schema\/logo\/image\/"},"sameAs":["https:\/\/es-es.facebook.com\/MentayMora\/","https:\/\/www.instagram.com\/mentaymora.illescas\/?hl=es","https:\/\/www.youtube.com\/channel\/UCuMMtdck_1XS-MyW6ZnBAlw"]}]}},"_links":{"self":[{"href":"https:\/\/www.mentaymora.com\/index.php\/wp-json\/wp\/v2\/product\/15546","targetHints":{"allow":["GET"]}}],"collection":[{"href":"https:\/\/www.mentaymora.com\/index.php\/wp-json\/wp\/v2\/product"}],"about":[{"href":"https:\/\/www.mentaymora.com\/index.php\/wp-json\/wp\/v2\/types\/product"}],"replies":[{"embeddable":true,"href":"https:\/\/www.mentaymora.com\/index.php\/wp-json\/wp\/v2\/comments?post=15546"}],"wp:featuredmedia":[{"embeddable":true,"href":"https:\/\/www.mentaymora.com\/index.php\/wp-json\/wp\/v2\/media\/15547"}],"wp:attachment":[{"href":"https:\/\/www.mentaymora.com\/index.php\/wp-json\/wp\/v2\/media?parent=15546"}],"wp:term":[{"taxonomy":"product_brand","embeddable":true,"href":"https:\/\/www.mentaymora.com\/index.php\/wp-json\/wp\/v2\/product_brand?post=15546"},{"taxonomy":"product_cat","embeddable":true,"href":"https:\/\/www.mentaymora.com\/index.php\/wp-json\/wp\/v2\/product_cat?post=15546"},{"taxonomy":"product_tag","embeddable":true,"href":"https:\/\/www.mentaymora.com\/index.php\/wp-json\/wp\/v2\/product_tag?post=15546"}],"curies":[{"name":"wp","href":"https:\/\/api.w.org\/{rel}","templated":true}]}}