{"id":15624,"date":"2024-07-25T15:41:05","date_gmt":"2024-07-25T14:41:05","guid":{"rendered":"https:\/\/www.mentaymora.com\/?post_type=product&#038;p=15624"},"modified":"2025-11-26T10:14:14","modified_gmt":"2025-11-26T09:14:14","slug":"vestidor-cambiador-osito-azul","status":"publish","type":"product","link":"https:\/\/www.mentaymora.com\/index.php\/producto\/vestidor-cambiador-osito-azul\/","title":{"rendered":"Vestidor Cambiador Osito AZUL"},"content":{"rendered":"<p>Vestidor Cambiador Osito AZUL<\/p>\n<p><strong>Cambiador de Beb\u00e9 Plegable \u2013 Pr\u00e1ctico, C\u00f3modo y Port\u00e1til<\/strong><\/p>\n<p>Este\u00a0<strong>cambiador plegable<\/strong>\u00a0es un\u00a0<strong>accesorio esencial<\/strong>\u00a0en el ajuar de tu beb\u00e9, dise\u00f1ado para\u00a0<strong>ahorrar espacio y facilitar su transporte<\/strong>. Su estructura compacta y ligera lo hace perfecto para llevar en el bolso o en la pa\u00f1alera.<\/p>\n<ul>\n<li><strong>Exterior 100% algod\u00f3n<\/strong>, suave y transpirable.<\/li>\n<li><strong>Interior impermeable<\/strong>\u00a0(50% poli\u00e9ster, 50% algod\u00f3n con l\u00e1mina de PVC), f\u00e1cil de limpiar con una toallita.<\/li>\n<li><strong>Acolchado interno<\/strong>, brinda comodidad y amortigua los movimientos del beb\u00e9.<\/li>\n<li><strong>Cierre con lazo<\/strong>, seguro y pr\u00e1ctico para un plegado compacto.<\/li>\n<li><strong>No permite el paso de l\u00edquidos<\/strong>, asegurando higiene en cualquier lugar.<\/li>\n<\/ul>\n<p><strong>Dimensiones:<\/strong><\/p>\n<ul>\n<li><strong>Plegado:<\/strong>\u00a020 x 17 x 4 cm<\/li>\n<li><strong>Abierto:<\/strong>\u00a045 x 75 cm<\/li>\n<\/ul>\n<p><strong>Ideal para cambiar al beb\u00e9 en cualquier lugar con total comodidad e higiene.<\/strong><\/p>\n<p style=\"text-align: center\"><a href=\"https:\/\/www.mentaymora.com\/\">Menta y Mora<\/a>\u00a0Te Enamora\u00a0 \u00a0 \u00a0S\u00edguenos en nuestras RRSS (<a href=\"https:\/\/es-es.facebook.com\/MentayMora\/\">Facebook<\/a>\u00a0e\u00a0<a href=\"https:\/\/www.instagram.com\/mentaymora.illescas\/?hl=es\">Instagram<\/a>)\u00a0 \u00a0 \u00a0Si tienes alguna consulta,\u00a0<a href=\"mailto:%20info@mentaymora.com\">preg\u00fantanos<\/a>.<\/p>\n","protected":false},"excerpt":{"rendered":"<p>Este\u00a0<strong>cambiador plegable<\/strong>\u00a0es un\u00a0<strong>accesorio esencial<\/strong>\u00a0en el ajuar de tu beb\u00e9, dise\u00f1ado para\u00a0<strong>ahorrar espacio y facilitar su transporte<\/strong>. Su estructura compacta y ligera lo hace perfecto para llevar en el bolso o en la pa\u00f1alera.<\/p>\n<p><strong>Dimensiones:<\/strong><\/p>\n<ul>\n<li><strong>Plegado:<\/strong>\u00a020 x 17 x 4 cm<\/li>\n<li><strong>Abierto:<\/strong>\u00a045 x 75 cm<\/li>\n<\/ul>\n","protected":false},"featured_media":20266,"comment_status":"open","ping_status":"closed","template":"","meta":{"_acf_changed":false,"_joinchat":[]},"product_brand":[],"product_cat":[1408],"product_tag":[1407],"class_list":{"0":"post-15624","1":"product","2":"type-product","3":"status-publish","4":"has-post-thumbnail","6":"product_cat-puericultura","7":"product_tag-cambiador","8":"latest_post","10":"first","11":"instock","12":"taxable","13":"shipping-taxable","14":"purchasable","15":"product-type-simple"},"acf":[],"yoast_head":"<!-- This site is optimized with the Yoast SEO plugin v27.4 - https:\/\/yoast.com\/product\/yoast-seo-wordpress\/ -->\n<title>Vestidor Cambiador Osito AZUL - Menta y Mora<\/title>\n<meta name=\"description\" content=\"Vestidor Cambiador Osito AZUL Cambiador de Beb\u00e9 Plegable \u2013 Pr\u00e1ctico, C\u00f3modo y Port\u00e1til Este\u00a0cambiador plegable\u00a0es un\u00a0accesorio esencial\u00a0en el ajuar\" \/>\n<meta name=\"robots\" content=\"index, follow, max-snippet:-1, max-image-preview:large, max-video-preview:-1\" \/>\n<link rel=\"canonical\" href=\"https:\/\/www.mentaymora.com\/index.php\/producto\/vestidor-cambiador-osito-azul\/\" \/>\n<meta property=\"og:locale\" content=\"es_ES\" \/>\n<meta property=\"og:type\" content=\"article\" \/>\n<meta property=\"og:title\" content=\"Vestidor Cambiador Osito AZUL - Menta y Mora\" \/>\n<meta property=\"og:description\" content=\"Vestidor Cambiador Osito AZUL Cambiador de Beb\u00e9 Plegable \u2013 Pr\u00e1ctico, C\u00f3modo y Port\u00e1til Este\u00a0cambiador plegable\u00a0es un\u00a0accesorio esencial\u00a0en el ajuar\" \/>\n<meta property=\"og:url\" content=\"https:\/\/www.mentaymora.com\/index.php\/producto\/vestidor-cambiador-osito-azul\/\" \/>\n<meta property=\"og:site_name\" content=\"Menta y Mora\" \/>\n<meta property=\"article:publisher\" content=\"https:\/\/es-es.facebook.com\/MentayMora\/\" \/>\n<meta property=\"article:modified_time\" content=\"2025-11-26T09:14:14+00:00\" \/>\n<meta property=\"og:image\" content=\"https:\/\/www.mentaymora.com\/wp-content\/uploads\/2024\/07\/Vestidor-Osito-Azul.png\" \/>\n\t<meta property=\"og:image:width\" content=\"700\" \/>\n\t<meta property=\"og:image:height\" content=\"800\" \/>\n\t<meta property=\"og:image:type\" content=\"image\/png\" \/>\n<meta name=\"twitter:card\" content=\"summary_large_image\" \/>\n<meta name=\"twitter:label1\" content=\"Tiempo de lectura\" \/>\n\t<meta name=\"twitter:data1\" content=\"1 minuto\" \/>\n<script type=\"application\/ld+json\" class=\"yoast-schema-graph\">{\"@context\":\"https:\\\/\\\/schema.org\",\"@graph\":[{\"@type\":\"WebPage\",\"@id\":\"https:\\\/\\\/www.mentaymora.com\\\/index.php\\\/producto\\\/vestidor-cambiador-osito-azul\\\/\",\"url\":\"https:\\\/\\\/www.mentaymora.com\\\/index.php\\\/producto\\\/vestidor-cambiador-osito-azul\\\/\",\"name\":\"Vestidor Cambiador Osito AZUL - Menta y Mora\",\"isPartOf\":{\"@id\":\"https:\\\/\\\/www.mentaymora.com\\\/#website\"},\"primaryImageOfPage\":{\"@id\":\"https:\\\/\\\/www.mentaymora.com\\\/index.php\\\/producto\\\/vestidor-cambiador-osito-azul\\\/#primaryimage\"},\"image\":{\"@id\":\"https:\\\/\\\/www.mentaymora.com\\\/index.php\\\/producto\\\/vestidor-cambiador-osito-azul\\\/#primaryimage\"},\"thumbnailUrl\":\"https:\\\/\\\/www.mentaymora.com\\\/wp-content\\\/uploads\\\/2024\\\/07\\\/Vestidor-Osito-Azul.png\",\"datePublished\":\"2024-07-25T14:41:05+00:00\",\"dateModified\":\"2025-11-26T09:14:14+00:00\",\"description\":\"Vestidor Cambiador Osito AZUL Cambiador de Beb\u00e9 Plegable \u2013 Pr\u00e1ctico, C\u00f3modo y Port\u00e1til Este\u00a0cambiador plegable\u00a0es un\u00a0accesorio esencial\u00a0en el ajuar\",\"breadcrumb\":{\"@id\":\"https:\\\/\\\/www.mentaymora.com\\\/index.php\\\/producto\\\/vestidor-cambiador-osito-azul\\\/#breadcrumb\"},\"inLanguage\":\"es\",\"potentialAction\":[{\"@type\":\"ReadAction\",\"target\":[\"https:\\\/\\\/www.mentaymora.com\\\/index.php\\\/producto\\\/vestidor-cambiador-osito-azul\\\/\"]}]},{\"@type\":\"ImageObject\",\"inLanguage\":\"es\",\"@id\":\"https:\\\/\\\/www.mentaymora.com\\\/index.php\\\/producto\\\/vestidor-cambiador-osito-azul\\\/#primaryimage\",\"url\":\"https:\\\/\\\/www.mentaymora.com\\\/wp-content\\\/uploads\\\/2024\\\/07\\\/Vestidor-Osito-Azul.png\",\"contentUrl\":\"https:\\\/\\\/www.mentaymora.com\\\/wp-content\\\/uploads\\\/2024\\\/07\\\/Vestidor-Osito-Azul.png\",\"width\":700,\"height\":800,\"caption\":\"Vestidor Osito Azul\"},{\"@type\":\"BreadcrumbList\",\"@id\":\"https:\\\/\\\/www.mentaymora.com\\\/index.php\\\/producto\\\/vestidor-cambiador-osito-azul\\\/#breadcrumb\",\"itemListElement\":[{\"@type\":\"ListItem\",\"position\":1,\"name\":\"Portada\",\"item\":\"https:\\\/\\\/www.mentaymora.com\\\/\"},{\"@type\":\"ListItem\",\"position\":2,\"name\":\"Productos\",\"item\":\"https:\\\/\\\/www.mentaymora.com\\\/index.php\\\/tienda\\\/\"},{\"@type\":\"ListItem\",\"position\":3,\"name\":\"Vestidor Cambiador Osito AZUL\"}]},{\"@type\":\"WebSite\",\"@id\":\"https:\\\/\\\/www.mentaymora.com\\\/#website\",\"url\":\"https:\\\/\\\/www.mentaymora.com\\\/\",\"name\":\"Menta y Mora\",\"description\":\"Regalos y Complementos\",\"publisher\":{\"@id\":\"https:\\\/\\\/www.mentaymora.com\\\/#organization\"},\"potentialAction\":[{\"@type\":\"SearchAction\",\"target\":{\"@type\":\"EntryPoint\",\"urlTemplate\":\"https:\\\/\\\/www.mentaymora.com\\\/?s={search_term_string}\"},\"query-input\":{\"@type\":\"PropertyValueSpecification\",\"valueRequired\":true,\"valueName\":\"search_term_string\"}}],\"inLanguage\":\"es\"},{\"@type\":\"Organization\",\"@id\":\"https:\\\/\\\/www.mentaymora.com\\\/#organization\",\"name\":\"Menta y Mora\",\"url\":\"https:\\\/\\\/www.mentaymora.com\\\/\",\"logo\":{\"@type\":\"ImageObject\",\"inLanguage\":\"es\",\"@id\":\"https:\\\/\\\/www.mentaymora.com\\\/#\\\/schema\\\/logo\\\/image\\\/\",\"url\":\"https:\\\/\\\/www.mentaymora.com\\\/wp-content\\\/uploads\\\/2021\\\/07\\\/Logo.jpg\",\"contentUrl\":\"https:\\\/\\\/www.mentaymora.com\\\/wp-content\\\/uploads\\\/2021\\\/07\\\/Logo.jpg\",\"width\":1172,\"height\":1172,\"caption\":\"Menta y Mora\"},\"image\":{\"@id\":\"https:\\\/\\\/www.mentaymora.com\\\/#\\\/schema\\\/logo\\\/image\\\/\"},\"sameAs\":[\"https:\\\/\\\/es-es.facebook.com\\\/MentayMora\\\/\",\"https:\\\/\\\/www.instagram.com\\\/mentaymora.illescas\\\/?hl=es\",\"https:\\\/\\\/www.youtube.com\\\/channel\\\/UCuMMtdck_1XS-MyW6ZnBAlw\"]}]}<\/script>\n<!-- \/ Yoast SEO plugin. -->","yoast_head_json":{"title":"Vestidor Cambiador Osito AZUL - Menta y Mora","description":"Vestidor Cambiador Osito AZUL Cambiador de Beb\u00e9 Plegable \u2013 Pr\u00e1ctico, C\u00f3modo y Port\u00e1til Este\u00a0cambiador plegable\u00a0es un\u00a0accesorio esencial\u00a0en el ajuar","robots":{"index":"index","follow":"follow","max-snippet":"max-snippet:-1","max-image-preview":"max-image-preview:large","max-video-preview":"max-video-preview:-1"},"canonical":"https:\/\/www.mentaymora.com\/index.php\/producto\/vestidor-cambiador-osito-azul\/","og_locale":"es_ES","og_type":"article","og_title":"Vestidor Cambiador Osito AZUL - Menta y Mora","og_description":"Vestidor Cambiador Osito AZUL Cambiador de Beb\u00e9 Plegable \u2013 Pr\u00e1ctico, C\u00f3modo y Port\u00e1til Este\u00a0cambiador plegable\u00a0es un\u00a0accesorio esencial\u00a0en el ajuar","og_url":"https:\/\/www.mentaymora.com\/index.php\/producto\/vestidor-cambiador-osito-azul\/","og_site_name":"Menta y Mora","article_publisher":"https:\/\/es-es.facebook.com\/MentayMora\/","article_modified_time":"2025-11-26T09:14:14+00:00","og_image":[{"width":700,"height":800,"url":"https:\/\/www.mentaymora.com\/wp-content\/uploads\/2024\/07\/Vestidor-Osito-Azul.png","type":"image\/png"}],"twitter_card":"summary_large_image","twitter_misc":{"Tiempo de lectura":"1 minuto"},"schema":{"@context":"https:\/\/schema.org","@graph":[{"@type":"WebPage","@id":"https:\/\/www.mentaymora.com\/index.php\/producto\/vestidor-cambiador-osito-azul\/","url":"https:\/\/www.mentaymora.com\/index.php\/producto\/vestidor-cambiador-osito-azul\/","name":"Vestidor Cambiador Osito AZUL - Menta y Mora","isPartOf":{"@id":"https:\/\/www.mentaymora.com\/#website"},"primaryImageOfPage":{"@id":"https:\/\/www.mentaymora.com\/index.php\/producto\/vestidor-cambiador-osito-azul\/#primaryimage"},"image":{"@id":"https:\/\/www.mentaymora.com\/index.php\/producto\/vestidor-cambiador-osito-azul\/#primaryimage"},"thumbnailUrl":"https:\/\/www.mentaymora.com\/wp-content\/uploads\/2024\/07\/Vestidor-Osito-Azul.png","datePublished":"2024-07-25T14:41:05+00:00","dateModified":"2025-11-26T09:14:14+00:00","description":"Vestidor Cambiador Osito AZUL Cambiador de Beb\u00e9 Plegable \u2013 Pr\u00e1ctico, C\u00f3modo y Port\u00e1til Este\u00a0cambiador plegable\u00a0es un\u00a0accesorio esencial\u00a0en el ajuar","breadcrumb":{"@id":"https:\/\/www.mentaymora.com\/index.php\/producto\/vestidor-cambiador-osito-azul\/#breadcrumb"},"inLanguage":"es","potentialAction":[{"@type":"ReadAction","target":["https:\/\/www.mentaymora.com\/index.php\/producto\/vestidor-cambiador-osito-azul\/"]}]},{"@type":"ImageObject","inLanguage":"es","@id":"https:\/\/www.mentaymora.com\/index.php\/producto\/vestidor-cambiador-osito-azul\/#primaryimage","url":"https:\/\/www.mentaymora.com\/wp-content\/uploads\/2024\/07\/Vestidor-Osito-Azul.png","contentUrl":"https:\/\/www.mentaymora.com\/wp-content\/uploads\/2024\/07\/Vestidor-Osito-Azul.png","width":700,"height":800,"caption":"Vestidor Osito Azul"},{"@type":"BreadcrumbList","@id":"https:\/\/www.mentaymora.com\/index.php\/producto\/vestidor-cambiador-osito-azul\/#breadcrumb","itemListElement":[{"@type":"ListItem","position":1,"name":"Portada","item":"https:\/\/www.mentaymora.com\/"},{"@type":"ListItem","position":2,"name":"Productos","item":"https:\/\/www.mentaymora.com\/index.php\/tienda\/"},{"@type":"ListItem","position":3,"name":"Vestidor Cambiador Osito AZUL"}]},{"@type":"WebSite","@id":"https:\/\/www.mentaymora.com\/#website","url":"https:\/\/www.mentaymora.com\/","name":"Menta y Mora","description":"Regalos y Complementos","publisher":{"@id":"https:\/\/www.mentaymora.com\/#organization"},"potentialAction":[{"@type":"SearchAction","target":{"@type":"EntryPoint","urlTemplate":"https:\/\/www.mentaymora.com\/?s={search_term_string}"},"query-input":{"@type":"PropertyValueSpecification","valueRequired":true,"valueName":"search_term_string"}}],"inLanguage":"es"},{"@type":"Organization","@id":"https:\/\/www.mentaymora.com\/#organization","name":"Menta y Mora","url":"https:\/\/www.mentaymora.com\/","logo":{"@type":"ImageObject","inLanguage":"es","@id":"https:\/\/www.mentaymora.com\/#\/schema\/logo\/image\/","url":"https:\/\/www.mentaymora.com\/wp-content\/uploads\/2021\/07\/Logo.jpg","contentUrl":"https:\/\/www.mentaymora.com\/wp-content\/uploads\/2021\/07\/Logo.jpg","width":1172,"height":1172,"caption":"Menta y Mora"},"image":{"@id":"https:\/\/www.mentaymora.com\/#\/schema\/logo\/image\/"},"sameAs":["https:\/\/es-es.facebook.com\/MentayMora\/","https:\/\/www.instagram.com\/mentaymora.illescas\/?hl=es","https:\/\/www.youtube.com\/channel\/UCuMMtdck_1XS-MyW6ZnBAlw"]}]}},"_links":{"self":[{"href":"https:\/\/www.mentaymora.com\/index.php\/wp-json\/wp\/v2\/product\/15624","targetHints":{"allow":["GET"]}}],"collection":[{"href":"https:\/\/www.mentaymora.com\/index.php\/wp-json\/wp\/v2\/product"}],"about":[{"href":"https:\/\/www.mentaymora.com\/index.php\/wp-json\/wp\/v2\/types\/product"}],"replies":[{"embeddable":true,"href":"https:\/\/www.mentaymora.com\/index.php\/wp-json\/wp\/v2\/comments?post=15624"}],"wp:featuredmedia":[{"embeddable":true,"href":"https:\/\/www.mentaymora.com\/index.php\/wp-json\/wp\/v2\/media\/20266"}],"wp:attachment":[{"href":"https:\/\/www.mentaymora.com\/index.php\/wp-json\/wp\/v2\/media?parent=15624"}],"wp:term":[{"taxonomy":"product_brand","embeddable":true,"href":"https:\/\/www.mentaymora.com\/index.php\/wp-json\/wp\/v2\/product_brand?post=15624"},{"taxonomy":"product_cat","embeddable":true,"href":"https:\/\/www.mentaymora.com\/index.php\/wp-json\/wp\/v2\/product_cat?post=15624"},{"taxonomy":"product_tag","embeddable":true,"href":"https:\/\/www.mentaymora.com\/index.php\/wp-json\/wp\/v2\/product_tag?post=15624"}],"curies":[{"name":"wp","href":"https:\/\/api.w.org\/{rel}","templated":true}]}}