{"id":1660,"date":"2021-04-30T15:45:09","date_gmt":"2021-04-30T14:45:09","guid":{"rendered":"https:\/\/www.mentaymora.com\/index.php\/producto\/serum-corporal-hidratante\/"},"modified":"2021-04-30T17:05:03","modified_gmt":"2021-04-30T16:05:03","slug":"serum-corporal-hidratante","status":"publish","type":"product","link":"https:\/\/www.mentaymora.com\/index.php\/producto\/serum-corporal-hidratante\/","title":{"rendered":"S\u00e9rum Corporal Hidratante"},"content":{"rendered":"<p>S\u00e9rum Corporal Hidratante<\/p>\n<p>Serum corporal hidratante reafirmante y anticelul\u00edtico.<\/p>\n<p>Su f\u00f3rmula concentrada hidrata intensamente, reafirma y proporciona elasticidad a la piel. Enriquecido con s\u00edlice y \u00e1cido alg\u00ednico, suaviza la piel notablemente.<\/p>\n<p>Tiene un agradable aroma a mango. Perfecto para un momento de spa en casa.<\/p>\n<p>Contiene un 95% de ingredientes de origen natural.<\/p>\n<p><strong>Modo de empleo:<\/strong> Masajear suavemente sobre la piel y dejar actuar hasta su total absorci\u00f3n. Apto para uso diario.<\/p>\n<p>Contenido: 400ml.<\/p>\n<p>Recuerda recomendar a\u00a0<a href=\"https:\/\/www.mentaymora.com\/\">Menta y Mora<\/a>\u00a0para cuidar tu piel.<\/p>\n<p>S\u00edguenos en nuestras RRSS (<a href=\"https:\/\/es-es.facebook.com\/MentayMora\/\">Facebook<\/a>\u00a0e\u00a0<a href=\"https:\/\/www.instagram.com\/mentaymora.illescas\/?hl=es\">Instagram<\/a>)<\/p>\n<p>Si tienes alguna consulta,\u00a0<a href=\"mailto:%20info@mentaymora.com\">preg\u00fantanos<\/a>.<\/p>\n","protected":false},"excerpt":{"rendered":"<p>S\u00e9rum corporal hidratante reafirmante y anticelul\u00edtico.<\/p>\n<p>Su f\u00f3rmula concentrada hidrata intensamente, reafirma y proporciona elasticidad a la piel.<\/p>\n<p><img decoding=\"async\" class=\" wp-image-1683\" title=\"Logo Vegano\" src=\"https:\/\/www.mentaymora.com\/wp-content\/uploads\/2021\/04\/PngItem_5501122-300x300.png\" alt=\"Logo Vegano\" width=\"75\" height=\"75\" srcset=\"https:\/\/www.mentaymora.com\/wp-content\/uploads\/2021\/04\/PngItem_5501122-300x300.png 300w, https:\/\/www.mentaymora.com\/wp-content\/uploads\/2021\/04\/PngItem_5501122-100x100.png 100w, https:\/\/www.mentaymora.com\/wp-content\/uploads\/2021\/04\/PngItem_5501122-600x600.png 600w\" sizes=\"(max-width: 75px) 100vw, 75px\" \/><\/p>\n","protected":false},"featured_media":1680,"comment_status":"open","ping_status":"closed","template":"","meta":{"_acf_changed":false,"_joinchat":[]},"product_brand":[],"product_cat":[216,78],"product_tag":[204,205,184],"class_list":{"0":"post-1660","1":"product","2":"type-product","3":"status-publish","4":"has-post-thumbnail","6":"product_cat-baltic-home-spa-fit","7":"product_cat-ziaja","8":"product_tag-baltic-home-spa","9":"product_tag-hidratante","10":"product_tag-serum","11":"latest_post","13":"first","14":"instock","15":"taxable","16":"shipping-taxable","17":"purchasable","18":"product-type-simple"},"acf":[],"yoast_head":"<!-- This site is optimized with the Yoast SEO plugin v27.4 - https:\/\/yoast.com\/product\/yoast-seo-wordpress\/ -->\n<title>S\u00e9rum Corporal Hidratante - Menta y Mora - Tienda Online<\/title>\n<meta name=\"description\" content=\"S\u00e9rum Corporal Hidratante. Serum corporal hidratante reafirmante y anticelul\u00edtico. Su f\u00f3rmula concentrada hidrata intensamente, reafirma y\" \/>\n<meta name=\"robots\" content=\"index, follow, max-snippet:-1, max-image-preview:large, max-video-preview:-1\" \/>\n<link rel=\"canonical\" href=\"https:\/\/www.mentaymora.com\/index.php\/producto\/serum-corporal-hidratante\/\" \/>\n<meta property=\"og:locale\" content=\"es_ES\" \/>\n<meta property=\"og:type\" content=\"article\" \/>\n<meta property=\"og:title\" content=\"S\u00e9rum Corporal Hidratante - Menta y Mora - Tienda Online\" \/>\n<meta property=\"og:description\" content=\"S\u00e9rum Corporal Hidratante. Serum corporal hidratante reafirmante y anticelul\u00edtico. Su f\u00f3rmula concentrada hidrata intensamente, reafirma y\" \/>\n<meta property=\"og:url\" content=\"https:\/\/www.mentaymora.com\/index.php\/producto\/serum-corporal-hidratante\/\" \/>\n<meta property=\"og:site_name\" content=\"Menta y Mora\" \/>\n<meta property=\"article:publisher\" content=\"https:\/\/es-es.facebook.com\/MentayMora\/\" \/>\n<meta property=\"article:modified_time\" content=\"2021-04-30T16:05:03+00:00\" \/>\n<meta property=\"og:image\" content=\"https:\/\/i1.wp.com\/www.mentaymora.com\/wp-content\/uploads\/2021\/04\/Serum-Corporal-Hidratante.jpg?fit=1100%2C1422&ssl=1\" \/>\n\t<meta property=\"og:image:width\" content=\"1100\" \/>\n\t<meta property=\"og:image:height\" content=\"1422\" \/>\n\t<meta property=\"og:image:type\" content=\"image\/jpeg\" \/>\n<meta name=\"twitter:card\" content=\"summary_large_image\" \/>\n<meta name=\"twitter:label1\" content=\"Tiempo de lectura\" \/>\n\t<meta name=\"twitter:data1\" content=\"1 minuto\" \/>\n<script type=\"application\/ld+json\" class=\"yoast-schema-graph\">{\"@context\":\"https:\\\/\\\/schema.org\",\"@graph\":[{\"@type\":\"WebPage\",\"@id\":\"https:\\\/\\\/www.mentaymora.com\\\/index.php\\\/producto\\\/serum-corporal-hidratante\\\/\",\"url\":\"https:\\\/\\\/www.mentaymora.com\\\/index.php\\\/producto\\\/serum-corporal-hidratante\\\/\",\"name\":\"S\u00e9rum Corporal Hidratante - Menta y Mora - Tienda Online\",\"isPartOf\":{\"@id\":\"https:\\\/\\\/www.mentaymora.com\\\/#website\"},\"primaryImageOfPage\":{\"@id\":\"https:\\\/\\\/www.mentaymora.com\\\/index.php\\\/producto\\\/serum-corporal-hidratante\\\/#primaryimage\"},\"image\":{\"@id\":\"https:\\\/\\\/www.mentaymora.com\\\/index.php\\\/producto\\\/serum-corporal-hidratante\\\/#primaryimage\"},\"thumbnailUrl\":\"https:\\\/\\\/www.mentaymora.com\\\/wp-content\\\/uploads\\\/2021\\\/04\\\/Serum-Corporal-Hidratante.jpg\",\"datePublished\":\"2021-04-30T14:45:09+00:00\",\"dateModified\":\"2021-04-30T16:05:03+00:00\",\"description\":\"S\u00e9rum Corporal Hidratante. Serum corporal hidratante reafirmante y anticelul\u00edtico. Su f\u00f3rmula concentrada hidrata intensamente, reafirma y\",\"breadcrumb\":{\"@id\":\"https:\\\/\\\/www.mentaymora.com\\\/index.php\\\/producto\\\/serum-corporal-hidratante\\\/#breadcrumb\"},\"inLanguage\":\"es\",\"potentialAction\":[{\"@type\":\"ReadAction\",\"target\":[\"https:\\\/\\\/www.mentaymora.com\\\/index.php\\\/producto\\\/serum-corporal-hidratante\\\/\"]}]},{\"@type\":\"ImageObject\",\"inLanguage\":\"es\",\"@id\":\"https:\\\/\\\/www.mentaymora.com\\\/index.php\\\/producto\\\/serum-corporal-hidratante\\\/#primaryimage\",\"url\":\"https:\\\/\\\/www.mentaymora.com\\\/wp-content\\\/uploads\\\/2021\\\/04\\\/Serum-Corporal-Hidratante.jpg\",\"contentUrl\":\"https:\\\/\\\/www.mentaymora.com\\\/wp-content\\\/uploads\\\/2021\\\/04\\\/Serum-Corporal-Hidratante.jpg\",\"width\":1100,\"height\":1422,\"caption\":\"Serum Corporal Hidratante\"},{\"@type\":\"BreadcrumbList\",\"@id\":\"https:\\\/\\\/www.mentaymora.com\\\/index.php\\\/producto\\\/serum-corporal-hidratante\\\/#breadcrumb\",\"itemListElement\":[{\"@type\":\"ListItem\",\"position\":1,\"name\":\"Portada\",\"item\":\"https:\\\/\\\/www.mentaymora.com\\\/\"},{\"@type\":\"ListItem\",\"position\":2,\"name\":\"Productos\",\"item\":\"https:\\\/\\\/www.mentaymora.com\\\/index.php\\\/tienda\\\/\"},{\"@type\":\"ListItem\",\"position\":3,\"name\":\"S\u00e9rum Corporal Hidratante\"}]},{\"@type\":\"WebSite\",\"@id\":\"https:\\\/\\\/www.mentaymora.com\\\/#website\",\"url\":\"https:\\\/\\\/www.mentaymora.com\\\/\",\"name\":\"Menta y Mora\",\"description\":\"Regalos y Complementos\",\"publisher\":{\"@id\":\"https:\\\/\\\/www.mentaymora.com\\\/#organization\"},\"potentialAction\":[{\"@type\":\"SearchAction\",\"target\":{\"@type\":\"EntryPoint\",\"urlTemplate\":\"https:\\\/\\\/www.mentaymora.com\\\/?s={search_term_string}\"},\"query-input\":{\"@type\":\"PropertyValueSpecification\",\"valueRequired\":true,\"valueName\":\"search_term_string\"}}],\"inLanguage\":\"es\"},{\"@type\":\"Organization\",\"@id\":\"https:\\\/\\\/www.mentaymora.com\\\/#organization\",\"name\":\"Menta y Mora\",\"url\":\"https:\\\/\\\/www.mentaymora.com\\\/\",\"logo\":{\"@type\":\"ImageObject\",\"inLanguage\":\"es\",\"@id\":\"https:\\\/\\\/www.mentaymora.com\\\/#\\\/schema\\\/logo\\\/image\\\/\",\"url\":\"https:\\\/\\\/www.mentaymora.com\\\/wp-content\\\/uploads\\\/2021\\\/07\\\/Logo.jpg\",\"contentUrl\":\"https:\\\/\\\/www.mentaymora.com\\\/wp-content\\\/uploads\\\/2021\\\/07\\\/Logo.jpg\",\"width\":1172,\"height\":1172,\"caption\":\"Menta y Mora\"},\"image\":{\"@id\":\"https:\\\/\\\/www.mentaymora.com\\\/#\\\/schema\\\/logo\\\/image\\\/\"},\"sameAs\":[\"https:\\\/\\\/es-es.facebook.com\\\/MentayMora\\\/\",\"https:\\\/\\\/www.instagram.com\\\/mentaymora.illescas\\\/?hl=es\",\"https:\\\/\\\/www.youtube.com\\\/channel\\\/UCuMMtdck_1XS-MyW6ZnBAlw\"]}]}<\/script>\n<!-- \/ Yoast SEO plugin. -->","yoast_head_json":{"title":"S\u00e9rum Corporal Hidratante - Menta y Mora - Tienda Online","description":"S\u00e9rum Corporal Hidratante. Serum corporal hidratante reafirmante y anticelul\u00edtico. Su f\u00f3rmula concentrada hidrata intensamente, reafirma y","robots":{"index":"index","follow":"follow","max-snippet":"max-snippet:-1","max-image-preview":"max-image-preview:large","max-video-preview":"max-video-preview:-1"},"canonical":"https:\/\/www.mentaymora.com\/index.php\/producto\/serum-corporal-hidratante\/","og_locale":"es_ES","og_type":"article","og_title":"S\u00e9rum Corporal Hidratante - Menta y Mora - Tienda Online","og_description":"S\u00e9rum Corporal Hidratante. Serum corporal hidratante reafirmante y anticelul\u00edtico. Su f\u00f3rmula concentrada hidrata intensamente, reafirma y","og_url":"https:\/\/www.mentaymora.com\/index.php\/producto\/serum-corporal-hidratante\/","og_site_name":"Menta y Mora","article_publisher":"https:\/\/es-es.facebook.com\/MentayMora\/","article_modified_time":"2021-04-30T16:05:03+00:00","og_image":[{"width":1100,"height":1422,"url":"https:\/\/i1.wp.com\/www.mentaymora.com\/wp-content\/uploads\/2021\/04\/Serum-Corporal-Hidratante.jpg?fit=1100%2C1422&ssl=1","type":"image\/jpeg"}],"twitter_card":"summary_large_image","twitter_misc":{"Tiempo de lectura":"1 minuto"},"schema":{"@context":"https:\/\/schema.org","@graph":[{"@type":"WebPage","@id":"https:\/\/www.mentaymora.com\/index.php\/producto\/serum-corporal-hidratante\/","url":"https:\/\/www.mentaymora.com\/index.php\/producto\/serum-corporal-hidratante\/","name":"S\u00e9rum Corporal Hidratante - Menta y Mora - Tienda Online","isPartOf":{"@id":"https:\/\/www.mentaymora.com\/#website"},"primaryImageOfPage":{"@id":"https:\/\/www.mentaymora.com\/index.php\/producto\/serum-corporal-hidratante\/#primaryimage"},"image":{"@id":"https:\/\/www.mentaymora.com\/index.php\/producto\/serum-corporal-hidratante\/#primaryimage"},"thumbnailUrl":"https:\/\/www.mentaymora.com\/wp-content\/uploads\/2021\/04\/Serum-Corporal-Hidratante.jpg","datePublished":"2021-04-30T14:45:09+00:00","dateModified":"2021-04-30T16:05:03+00:00","description":"S\u00e9rum Corporal Hidratante. Serum corporal hidratante reafirmante y anticelul\u00edtico. Su f\u00f3rmula concentrada hidrata intensamente, reafirma y","breadcrumb":{"@id":"https:\/\/www.mentaymora.com\/index.php\/producto\/serum-corporal-hidratante\/#breadcrumb"},"inLanguage":"es","potentialAction":[{"@type":"ReadAction","target":["https:\/\/www.mentaymora.com\/index.php\/producto\/serum-corporal-hidratante\/"]}]},{"@type":"ImageObject","inLanguage":"es","@id":"https:\/\/www.mentaymora.com\/index.php\/producto\/serum-corporal-hidratante\/#primaryimage","url":"https:\/\/www.mentaymora.com\/wp-content\/uploads\/2021\/04\/Serum-Corporal-Hidratante.jpg","contentUrl":"https:\/\/www.mentaymora.com\/wp-content\/uploads\/2021\/04\/Serum-Corporal-Hidratante.jpg","width":1100,"height":1422,"caption":"Serum Corporal Hidratante"},{"@type":"BreadcrumbList","@id":"https:\/\/www.mentaymora.com\/index.php\/producto\/serum-corporal-hidratante\/#breadcrumb","itemListElement":[{"@type":"ListItem","position":1,"name":"Portada","item":"https:\/\/www.mentaymora.com\/"},{"@type":"ListItem","position":2,"name":"Productos","item":"https:\/\/www.mentaymora.com\/index.php\/tienda\/"},{"@type":"ListItem","position":3,"name":"S\u00e9rum Corporal Hidratante"}]},{"@type":"WebSite","@id":"https:\/\/www.mentaymora.com\/#website","url":"https:\/\/www.mentaymora.com\/","name":"Menta y Mora","description":"Regalos y Complementos","publisher":{"@id":"https:\/\/www.mentaymora.com\/#organization"},"potentialAction":[{"@type":"SearchAction","target":{"@type":"EntryPoint","urlTemplate":"https:\/\/www.mentaymora.com\/?s={search_term_string}"},"query-input":{"@type":"PropertyValueSpecification","valueRequired":true,"valueName":"search_term_string"}}],"inLanguage":"es"},{"@type":"Organization","@id":"https:\/\/www.mentaymora.com\/#organization","name":"Menta y Mora","url":"https:\/\/www.mentaymora.com\/","logo":{"@type":"ImageObject","inLanguage":"es","@id":"https:\/\/www.mentaymora.com\/#\/schema\/logo\/image\/","url":"https:\/\/www.mentaymora.com\/wp-content\/uploads\/2021\/07\/Logo.jpg","contentUrl":"https:\/\/www.mentaymora.com\/wp-content\/uploads\/2021\/07\/Logo.jpg","width":1172,"height":1172,"caption":"Menta y Mora"},"image":{"@id":"https:\/\/www.mentaymora.com\/#\/schema\/logo\/image\/"},"sameAs":["https:\/\/es-es.facebook.com\/MentayMora\/","https:\/\/www.instagram.com\/mentaymora.illescas\/?hl=es","https:\/\/www.youtube.com\/channel\/UCuMMtdck_1XS-MyW6ZnBAlw"]}]}},"_links":{"self":[{"href":"https:\/\/www.mentaymora.com\/index.php\/wp-json\/wp\/v2\/product\/1660","targetHints":{"allow":["GET"]}}],"collection":[{"href":"https:\/\/www.mentaymora.com\/index.php\/wp-json\/wp\/v2\/product"}],"about":[{"href":"https:\/\/www.mentaymora.com\/index.php\/wp-json\/wp\/v2\/types\/product"}],"replies":[{"embeddable":true,"href":"https:\/\/www.mentaymora.com\/index.php\/wp-json\/wp\/v2\/comments?post=1660"}],"wp:featuredmedia":[{"embeddable":true,"href":"https:\/\/www.mentaymora.com\/index.php\/wp-json\/wp\/v2\/media\/1680"}],"wp:attachment":[{"href":"https:\/\/www.mentaymora.com\/index.php\/wp-json\/wp\/v2\/media?parent=1660"}],"wp:term":[{"taxonomy":"product_brand","embeddable":true,"href":"https:\/\/www.mentaymora.com\/index.php\/wp-json\/wp\/v2\/product_brand?post=1660"},{"taxonomy":"product_cat","embeddable":true,"href":"https:\/\/www.mentaymora.com\/index.php\/wp-json\/wp\/v2\/product_cat?post=1660"},{"taxonomy":"product_tag","embeddable":true,"href":"https:\/\/www.mentaymora.com\/index.php\/wp-json\/wp\/v2\/product_tag?post=1660"}],"curies":[{"name":"wp","href":"https:\/\/api.w.org\/{rel}","templated":true}]}}