{"id":167,"date":"2021-04-02T07:21:57","date_gmt":"2021-04-02T06:21:57","guid":{"rendered":"https:\/\/www.mentaymora.com\/index.php\/producto\/ambientador-spray-100-ml-white-musk\/"},"modified":"2025-04-14T06:04:20","modified_gmt":"2025-04-14T05:04:20","slug":"ambientador-spray-100-ml-white-musk","status":"publish","type":"product","link":"https:\/\/www.mentaymora.com\/index.php\/producto\/ambientador-spray-100-ml-white-musk\/","title":{"rendered":"Ambientador Spray 100 ml. White Musk"},"content":{"rendered":"<p>Ambientador Spray 100 ml. White Musk<\/p>\n<p>Los pulverizadores de Boles d\u2019olor contienen 100ml de aut\u00e9ntico placer olfativo, el nivel de \u201c<em>concentraci\u00f3n de esencia\u201d,<\/em>\u00a0est\u00e1 muy por encima de la competencia y esto se nota en que el aroma se mantiene en el ambiente durante horas.<\/p>\n<p>\u00bfQui\u00e9n no ha usado alguna vez este tipo de ambientadores? La verdad es que se trata de uno de los productos m\u00e1s antiguos y que m\u00e1s se usa, tanto por su facilidad, como por su rapidez.<\/p>\n<p>Seguro que todos hemos usado esos ambientadores que pulverizas y caen directamente al suelo, pues bien, lo bueno de los sprays de Boles d\u2019olor es que las part\u00edculas que quedan en suspensi\u00f3n son tan peque\u00f1as que viajan de un lado a otro con gran facilidad, lo que hace que facilite su difusi\u00f3n en el ambiente.<\/p>\n<p>Al usar este spray, estamos dejando impregnado el aroma sobre las cortinas, sof\u00e1s, camas, alfombras, etc., sin necesidad de tener que hacerlo todos los d\u00edas.<\/p>\n<p>Su formato es comod\u00edsimo para poder llev\u00e1rnoslo de viaje, ya sea a un hotel o a nuestra segunda residencia; con un par de\u00a0<em>\u201cflis-flis\u201d<\/em>\u00a0nos podremos sentir como en nuestro propio hogar.<\/p>\n<p>Tambi\u00e9n os lo recomendamos, como \u201c<em>apoyo\u201d\u00a0<\/em>al mikado, ya que siempre hay momentos en los que se necesita un refuerzo de aroma o queremos sorprender a alguien cuando llegue a nuestra casa.<\/p>\n<p>Ni que decir si lo usamos en el coche \u00a1una aut\u00e9ntica locura!<\/p>\n<p>Ambientador Spray 100 ml. White Musk<\/p>\n<p>Recuerda recomendar a\u00a0<a href=\"https:\/\/www.mentaymora.com\/\">Menta y Mora<\/a>\u00a0para ambientar tu hogar.<\/p>\n<p>S\u00edguenos en nuestras RRSS (<a href=\"https:\/\/es-es.facebook.com\/MentayMora\/\">Facebook<\/a>\u00a0e\u00a0<a href=\"https:\/\/www.instagram.com\/mentaymora.illescas\/?hl=es\">Instagram<\/a>)<\/p>\n<p>Si tienes alguna consulta,\u00a0<a href=\"mailto:%20info@mentaymora.com\">preg\u00fantanos<\/a>.<\/p>\n","protected":false},"excerpt":{"rendered":"<p>Contenido: 100 ml.<\/p>\n<p>Duraci\u00f3n: hasta 1.000 pulverizaciones.<\/p>\n<p>R\u00e1pido, c\u00f3modo y eficaz pulverizador concentrado.<\/p>\n<p class=\"fusion-responsive-typography-calculated\" data-fontsize=\"16.38\" data-lineheight=\"26.208px\"><strong>Fresco \u25cf Floral<\/strong><\/p>\n<p>Una fragancia cristalina, transparente, aterciopelada. Huele a pura sensualidad; suave como el tacto de un p\u00e9talo de Rosa en tu piel y a la vez potente, persistente y turbadora.<\/p>\n<p><strong>Notas de fragancia<\/strong><\/p>\n<ul>\n<li><strong>Salida:\u00a0<\/strong>\u00a0Ylang Ylang, Muguet y un toque de Bergamota y flores de Neroli.<\/li>\n<li><strong>Coraz\u00f3n:\u00a0<\/strong>Roc\u00edo, P\u00e9talos de Rosa, Ra\u00edces de Iris de Florencia y Jazm\u00edn de Noche.<\/li>\n<li><strong>Fondo:\u00a0<\/strong>Intenso y persistente a Almizcle Blanco y \u00c1mbar.<\/li>\n<\/ul>\n","protected":false},"featured_media":4175,"comment_status":"open","ping_status":"closed","template":"","meta":{"_acf_changed":false,"_joinchat":[]},"product_brand":[],"product_cat":[52,80],"product_tag":[53,57,55],"class_list":{"0":"post-167","1":"product","2":"type-product","3":"status-publish","4":"has-post-thumbnail","6":"product_cat-ambientador-spray-100-ml","7":"product_cat-boles-dolor","8":"product_tag-ambientador","9":"product_tag-fresco","10":"product_tag-spray","11":"latest_post","13":"first","14":"instock","15":"taxable","16":"shipping-taxable","17":"purchasable","18":"product-type-simple"},"acf":[],"yoast_head":"<!-- This site is optimized with the Yoast SEO plugin v27.4 - https:\/\/yoast.com\/product\/yoast-seo-wordpress\/ -->\n<title>Ambientador Spray 100 ml. White Musk - Menta y Mora - Tienda Online<\/title>\n<meta name=\"description\" content=\"Ambientador Spray 100 ml. White Musk. Los pulverizadores de Boles d\u2019olor contienen 100ml de aut\u00e9ntico placer olfativo, el nivel de \u201c\" \/>\n<meta name=\"robots\" content=\"index, follow, max-snippet:-1, max-image-preview:large, max-video-preview:-1\" \/>\n<link rel=\"canonical\" href=\"https:\/\/www.mentaymora.com\/index.php\/producto\/ambientador-spray-100-ml-white-musk\/\" \/>\n<meta property=\"og:locale\" content=\"es_ES\" \/>\n<meta property=\"og:type\" content=\"article\" \/>\n<meta property=\"og:title\" content=\"Ambientador Spray 100 ml. White Musk - Menta y Mora - Tienda Online\" \/>\n<meta property=\"og:description\" content=\"Ambientador Spray 100 ml. White Musk. Los pulverizadores de Boles d\u2019olor contienen 100ml de aut\u00e9ntico placer olfativo, el nivel de \u201c\" \/>\n<meta property=\"og:url\" content=\"https:\/\/www.mentaymora.com\/index.php\/producto\/ambientador-spray-100-ml-white-musk\/\" \/>\n<meta property=\"og:site_name\" content=\"Menta y Mora\" \/>\n<meta property=\"article:publisher\" content=\"https:\/\/es-es.facebook.com\/MentayMora\/\" \/>\n<meta property=\"article:modified_time\" content=\"2025-04-14T05:04:20+00:00\" \/>\n<meta property=\"og:image\" content=\"https:\/\/www.mentaymora.com\/wp-content\/uploads\/2021\/04\/Ambientador-Spray-100-Ambients-White-Musk-0134061-scaled.jpg\" \/>\n\t<meta property=\"og:image:width\" content=\"2560\" \/>\n\t<meta property=\"og:image:height\" content=\"2560\" \/>\n\t<meta property=\"og:image:type\" content=\"image\/jpeg\" \/>\n<meta name=\"twitter:card\" content=\"summary_large_image\" \/>\n<meta name=\"twitter:label1\" content=\"Tiempo de lectura\" \/>\n\t<meta name=\"twitter:data1\" content=\"2 minutos\" \/>\n<script type=\"application\/ld+json\" class=\"yoast-schema-graph\">{\"@context\":\"https:\\\/\\\/schema.org\",\"@graph\":[{\"@type\":\"WebPage\",\"@id\":\"https:\\\/\\\/www.mentaymora.com\\\/index.php\\\/producto\\\/ambientador-spray-100-ml-white-musk\\\/\",\"url\":\"https:\\\/\\\/www.mentaymora.com\\\/index.php\\\/producto\\\/ambientador-spray-100-ml-white-musk\\\/\",\"name\":\"Ambientador Spray 100 ml. White Musk - Menta y Mora - Tienda Online\",\"isPartOf\":{\"@id\":\"https:\\\/\\\/www.mentaymora.com\\\/#website\"},\"primaryImageOfPage\":{\"@id\":\"https:\\\/\\\/www.mentaymora.com\\\/index.php\\\/producto\\\/ambientador-spray-100-ml-white-musk\\\/#primaryimage\"},\"image\":{\"@id\":\"https:\\\/\\\/www.mentaymora.com\\\/index.php\\\/producto\\\/ambientador-spray-100-ml-white-musk\\\/#primaryimage\"},\"thumbnailUrl\":\"https:\\\/\\\/www.mentaymora.com\\\/wp-content\\\/uploads\\\/2021\\\/04\\\/Ambientador-Spray-100-Ambients-White-Musk-0134061-scaled.jpg\",\"datePublished\":\"2021-04-02T06:21:57+00:00\",\"dateModified\":\"2025-04-14T05:04:20+00:00\",\"description\":\"Ambientador Spray 100 ml. White Musk. Los pulverizadores de Boles d\u2019olor contienen 100ml de aut\u00e9ntico placer olfativo, el nivel de \u201c\",\"breadcrumb\":{\"@id\":\"https:\\\/\\\/www.mentaymora.com\\\/index.php\\\/producto\\\/ambientador-spray-100-ml-white-musk\\\/#breadcrumb\"},\"inLanguage\":\"es\",\"potentialAction\":[{\"@type\":\"ReadAction\",\"target\":[\"https:\\\/\\\/www.mentaymora.com\\\/index.php\\\/producto\\\/ambientador-spray-100-ml-white-musk\\\/\"]}]},{\"@type\":\"ImageObject\",\"inLanguage\":\"es\",\"@id\":\"https:\\\/\\\/www.mentaymora.com\\\/index.php\\\/producto\\\/ambientador-spray-100-ml-white-musk\\\/#primaryimage\",\"url\":\"https:\\\/\\\/www.mentaymora.com\\\/wp-content\\\/uploads\\\/2021\\\/04\\\/Ambientador-Spray-100-Ambients-White-Musk-0134061-scaled.jpg\",\"contentUrl\":\"https:\\\/\\\/www.mentaymora.com\\\/wp-content\\\/uploads\\\/2021\\\/04\\\/Ambientador-Spray-100-Ambients-White-Musk-0134061-scaled.jpg\",\"width\":2560,\"height\":2560,\"caption\":\"Ambientador Spray 100 Ambients White Musk 0134061\"},{\"@type\":\"BreadcrumbList\",\"@id\":\"https:\\\/\\\/www.mentaymora.com\\\/index.php\\\/producto\\\/ambientador-spray-100-ml-white-musk\\\/#breadcrumb\",\"itemListElement\":[{\"@type\":\"ListItem\",\"position\":1,\"name\":\"Portada\",\"item\":\"https:\\\/\\\/www.mentaymora.com\\\/\"},{\"@type\":\"ListItem\",\"position\":2,\"name\":\"Productos\",\"item\":\"https:\\\/\\\/www.mentaymora.com\\\/index.php\\\/tienda\\\/\"},{\"@type\":\"ListItem\",\"position\":3,\"name\":\"Ambientador Spray 100 ml. White Musk\"}]},{\"@type\":\"WebSite\",\"@id\":\"https:\\\/\\\/www.mentaymora.com\\\/#website\",\"url\":\"https:\\\/\\\/www.mentaymora.com\\\/\",\"name\":\"Menta y Mora\",\"description\":\"Regalos y Complementos\",\"publisher\":{\"@id\":\"https:\\\/\\\/www.mentaymora.com\\\/#organization\"},\"potentialAction\":[{\"@type\":\"SearchAction\",\"target\":{\"@type\":\"EntryPoint\",\"urlTemplate\":\"https:\\\/\\\/www.mentaymora.com\\\/?s={search_term_string}\"},\"query-input\":{\"@type\":\"PropertyValueSpecification\",\"valueRequired\":true,\"valueName\":\"search_term_string\"}}],\"inLanguage\":\"es\"},{\"@type\":\"Organization\",\"@id\":\"https:\\\/\\\/www.mentaymora.com\\\/#organization\",\"name\":\"Menta y Mora\",\"url\":\"https:\\\/\\\/www.mentaymora.com\\\/\",\"logo\":{\"@type\":\"ImageObject\",\"inLanguage\":\"es\",\"@id\":\"https:\\\/\\\/www.mentaymora.com\\\/#\\\/schema\\\/logo\\\/image\\\/\",\"url\":\"https:\\\/\\\/www.mentaymora.com\\\/wp-content\\\/uploads\\\/2021\\\/07\\\/Logo.jpg\",\"contentUrl\":\"https:\\\/\\\/www.mentaymora.com\\\/wp-content\\\/uploads\\\/2021\\\/07\\\/Logo.jpg\",\"width\":1172,\"height\":1172,\"caption\":\"Menta y Mora\"},\"image\":{\"@id\":\"https:\\\/\\\/www.mentaymora.com\\\/#\\\/schema\\\/logo\\\/image\\\/\"},\"sameAs\":[\"https:\\\/\\\/es-es.facebook.com\\\/MentayMora\\\/\",\"https:\\\/\\\/www.instagram.com\\\/mentaymora.illescas\\\/?hl=es\",\"https:\\\/\\\/www.youtube.com\\\/channel\\\/UCuMMtdck_1XS-MyW6ZnBAlw\"]}]}<\/script>\n<!-- \/ Yoast SEO plugin. -->","yoast_head_json":{"title":"Ambientador Spray 100 ml. White Musk - Menta y Mora - Tienda Online","description":"Ambientador Spray 100 ml. White Musk. Los pulverizadores de Boles d\u2019olor contienen 100ml de aut\u00e9ntico placer olfativo, el nivel de \u201c","robots":{"index":"index","follow":"follow","max-snippet":"max-snippet:-1","max-image-preview":"max-image-preview:large","max-video-preview":"max-video-preview:-1"},"canonical":"https:\/\/www.mentaymora.com\/index.php\/producto\/ambientador-spray-100-ml-white-musk\/","og_locale":"es_ES","og_type":"article","og_title":"Ambientador Spray 100 ml. White Musk - Menta y Mora - Tienda Online","og_description":"Ambientador Spray 100 ml. White Musk. Los pulverizadores de Boles d\u2019olor contienen 100ml de aut\u00e9ntico placer olfativo, el nivel de \u201c","og_url":"https:\/\/www.mentaymora.com\/index.php\/producto\/ambientador-spray-100-ml-white-musk\/","og_site_name":"Menta y Mora","article_publisher":"https:\/\/es-es.facebook.com\/MentayMora\/","article_modified_time":"2025-04-14T05:04:20+00:00","og_image":[{"width":2560,"height":2560,"url":"https:\/\/www.mentaymora.com\/wp-content\/uploads\/2021\/04\/Ambientador-Spray-100-Ambients-White-Musk-0134061-scaled.jpg","type":"image\/jpeg"}],"twitter_card":"summary_large_image","twitter_misc":{"Tiempo de lectura":"2 minutos"},"schema":{"@context":"https:\/\/schema.org","@graph":[{"@type":"WebPage","@id":"https:\/\/www.mentaymora.com\/index.php\/producto\/ambientador-spray-100-ml-white-musk\/","url":"https:\/\/www.mentaymora.com\/index.php\/producto\/ambientador-spray-100-ml-white-musk\/","name":"Ambientador Spray 100 ml. White Musk - Menta y Mora - Tienda Online","isPartOf":{"@id":"https:\/\/www.mentaymora.com\/#website"},"primaryImageOfPage":{"@id":"https:\/\/www.mentaymora.com\/index.php\/producto\/ambientador-spray-100-ml-white-musk\/#primaryimage"},"image":{"@id":"https:\/\/www.mentaymora.com\/index.php\/producto\/ambientador-spray-100-ml-white-musk\/#primaryimage"},"thumbnailUrl":"https:\/\/www.mentaymora.com\/wp-content\/uploads\/2021\/04\/Ambientador-Spray-100-Ambients-White-Musk-0134061-scaled.jpg","datePublished":"2021-04-02T06:21:57+00:00","dateModified":"2025-04-14T05:04:20+00:00","description":"Ambientador Spray 100 ml. White Musk. Los pulverizadores de Boles d\u2019olor contienen 100ml de aut\u00e9ntico placer olfativo, el nivel de \u201c","breadcrumb":{"@id":"https:\/\/www.mentaymora.com\/index.php\/producto\/ambientador-spray-100-ml-white-musk\/#breadcrumb"},"inLanguage":"es","potentialAction":[{"@type":"ReadAction","target":["https:\/\/www.mentaymora.com\/index.php\/producto\/ambientador-spray-100-ml-white-musk\/"]}]},{"@type":"ImageObject","inLanguage":"es","@id":"https:\/\/www.mentaymora.com\/index.php\/producto\/ambientador-spray-100-ml-white-musk\/#primaryimage","url":"https:\/\/www.mentaymora.com\/wp-content\/uploads\/2021\/04\/Ambientador-Spray-100-Ambients-White-Musk-0134061-scaled.jpg","contentUrl":"https:\/\/www.mentaymora.com\/wp-content\/uploads\/2021\/04\/Ambientador-Spray-100-Ambients-White-Musk-0134061-scaled.jpg","width":2560,"height":2560,"caption":"Ambientador Spray 100 Ambients White Musk 0134061"},{"@type":"BreadcrumbList","@id":"https:\/\/www.mentaymora.com\/index.php\/producto\/ambientador-spray-100-ml-white-musk\/#breadcrumb","itemListElement":[{"@type":"ListItem","position":1,"name":"Portada","item":"https:\/\/www.mentaymora.com\/"},{"@type":"ListItem","position":2,"name":"Productos","item":"https:\/\/www.mentaymora.com\/index.php\/tienda\/"},{"@type":"ListItem","position":3,"name":"Ambientador Spray 100 ml. White Musk"}]},{"@type":"WebSite","@id":"https:\/\/www.mentaymora.com\/#website","url":"https:\/\/www.mentaymora.com\/","name":"Menta y Mora","description":"Regalos y Complementos","publisher":{"@id":"https:\/\/www.mentaymora.com\/#organization"},"potentialAction":[{"@type":"SearchAction","target":{"@type":"EntryPoint","urlTemplate":"https:\/\/www.mentaymora.com\/?s={search_term_string}"},"query-input":{"@type":"PropertyValueSpecification","valueRequired":true,"valueName":"search_term_string"}}],"inLanguage":"es"},{"@type":"Organization","@id":"https:\/\/www.mentaymora.com\/#organization","name":"Menta y Mora","url":"https:\/\/www.mentaymora.com\/","logo":{"@type":"ImageObject","inLanguage":"es","@id":"https:\/\/www.mentaymora.com\/#\/schema\/logo\/image\/","url":"https:\/\/www.mentaymora.com\/wp-content\/uploads\/2021\/07\/Logo.jpg","contentUrl":"https:\/\/www.mentaymora.com\/wp-content\/uploads\/2021\/07\/Logo.jpg","width":1172,"height":1172,"caption":"Menta y Mora"},"image":{"@id":"https:\/\/www.mentaymora.com\/#\/schema\/logo\/image\/"},"sameAs":["https:\/\/es-es.facebook.com\/MentayMora\/","https:\/\/www.instagram.com\/mentaymora.illescas\/?hl=es","https:\/\/www.youtube.com\/channel\/UCuMMtdck_1XS-MyW6ZnBAlw"]}]}},"_links":{"self":[{"href":"https:\/\/www.mentaymora.com\/index.php\/wp-json\/wp\/v2\/product\/167","targetHints":{"allow":["GET"]}}],"collection":[{"href":"https:\/\/www.mentaymora.com\/index.php\/wp-json\/wp\/v2\/product"}],"about":[{"href":"https:\/\/www.mentaymora.com\/index.php\/wp-json\/wp\/v2\/types\/product"}],"replies":[{"embeddable":true,"href":"https:\/\/www.mentaymora.com\/index.php\/wp-json\/wp\/v2\/comments?post=167"}],"wp:featuredmedia":[{"embeddable":true,"href":"https:\/\/www.mentaymora.com\/index.php\/wp-json\/wp\/v2\/media\/4175"}],"wp:attachment":[{"href":"https:\/\/www.mentaymora.com\/index.php\/wp-json\/wp\/v2\/media?parent=167"}],"wp:term":[{"taxonomy":"product_brand","embeddable":true,"href":"https:\/\/www.mentaymora.com\/index.php\/wp-json\/wp\/v2\/product_brand?post=167"},{"taxonomy":"product_cat","embeddable":true,"href":"https:\/\/www.mentaymora.com\/index.php\/wp-json\/wp\/v2\/product_cat?post=167"},{"taxonomy":"product_tag","embeddable":true,"href":"https:\/\/www.mentaymora.com\/index.php\/wp-json\/wp\/v2\/product_tag?post=167"}],"curies":[{"name":"wp","href":"https:\/\/api.w.org\/{rel}","templated":true}]}}