{"id":17060,"date":"2024-10-29T17:06:57","date_gmt":"2024-10-29T16:06:57","guid":{"rendered":"https:\/\/www.mentaymora.com\/?post_type=product&#038;p=17060"},"modified":"2025-04-24T14:53:49","modified_gmt":"2025-04-24T13:53:49","slug":"blush-gelatina-melocoton-tfc","status":"publish","type":"product","link":"https:\/\/www.mentaymora.com\/index.php\/producto\/blush-gelatina-melocoton-tfc\/","title":{"rendered":"Blush Gelatina Melocot\u00f3n &#8211; TFC"},"content":{"rendered":"<p>Blush Gelatina Melocot\u00f3n &#8211; TFC<\/p>\n<h3><strong>Blush Gelatina Melocot\u00f3n para Labios y Mejillas<\/strong><\/h3>\n<p>El Blush Gelatina Melocot\u00f3n es la opci\u00f3n perfecta para quienes desean un look intenso y sofisticado, ideal para ocasiones especiales o para a\u00f1adir un toque audaz a tu d\u00eda a d\u00eda.<\/p>\n<h4><strong>Caracter\u00edsticas Destacadas:<\/strong><\/h4>\n<ul>\n<li><strong>Larga duraci\u00f3n:<\/strong>\u00a0La f\u00f3rmula de larga duraci\u00f3n garantiza que el color permanezca intacto durante todo el d\u00eda, sin necesidad de retoques frecuentes.<\/li>\n<li><strong>Color modulable:<\/strong>\u00a0A m\u00e1s aplicaciones m\u00e1s intensidad de color.<\/li>\n<li><strong>F\u00f3rmula hidratante<\/strong>: Enriquecida con \u00e1cido hialur\u00f3nico y vitamina B5, cuida y nutre tu piel mientras le da un aspecto saludable y radiante.<\/li>\n<li><strong>Aroma delicioso:<\/strong> Disfruta de su irresistible aroma a melocot\u00f3n, que a\u00f1ade un toque refrescante y alegre a tu rutina de belleza.<\/li>\n<li><strong>F\u00e1cil aplicaci\u00f3n:<\/strong>\u00a0Su textura en gelatina se desliza f\u00e1cilmente sobre la piel, permitiendo una aplicaci\u00f3n suave y uniforme. Aplica dando peque\u00f1os toques y difumina r\u00e1pidamente con una brocha o esponjita h\u00fameda para un acabado perfecto.<\/li>\n<li><strong>Formato compacto:<\/strong>\u00a0Su tama\u00f1o ideal te permite llevarlo en el bolso o neceser, facilitando retoques r\u00e1pidos en cualquier momento y lugar.<\/li>\n<\/ul>\n<p>&nbsp;<\/p>\n<p><a href=\"https:\/\/www.mentaymora.com\/\">Menta y Mora<\/a>\u00a0te Enamora\u00a0 \u00a0 S\u00edguenos en nuestras RRSS (<a href=\"https:\/\/es-es.facebook.com\/MentayMora\/\">Facebook<\/a>\u00a0e\u00a0<a href=\"https:\/\/www.instagram.com\/mentaymora.illescas\/?hl=es\">Instagram<\/a>)\u00a0 \u00a0\u00a0Si tienes alguna consulta,\u00a0<a href=\"mailto:%20info@mentaymora.com\">preg\u00fantanos<\/a>.<\/p>\n","protected":false},"excerpt":{"rendered":"<p style=\"text-align: justify\">\u00a1Ese Blush Gelatina Melocot\u00f3n suena incre\u00edble! \ud83d\udc96 La combinaci\u00f3n de un tono intenso con el aroma de melocot\u00f3n es perfecta para un look sofisticado.<\/p>\n<p style=\"text-align: justify\">Adem\u00e1s, que est\u00e9 enriquecido con \u00c1cido Hialur\u00f3nico y Vitamina B5 lo hace ideal para mantener la piel nutrida e hidratada. \u00a1Me encanta la idea de un producto f\u00e1cil de aplicar y de r\u00e1pida fijaci\u00f3n!<\/p>\n<p style=\"text-align: justify\">Sin duda, es una opci\u00f3n perfecta para quienes buscan un acabado audaz y luminoso. \u00a1Atr\u00e9vete a lucir radiante! \ud83c\udf53\u2728<\/p>\n","protected":false},"featured_media":17063,"comment_status":"open","ping_status":"closed","template":"","meta":{"_acf_changed":false,"_joinchat":[]},"product_brand":[],"product_cat":[647,644,803],"product_tag":[1472],"class_list":{"0":"post-17060","1":"product","2":"type-product","3":"status-publish","4":"has-post-thumbnail","6":"product_cat-balsamo-labial","7":"product_cat-cosmetica-the-fruit-company","8":"product_cat-novedades-the-fruit-company","9":"product_tag-blush","10":"latest_post","12":"first","13":"instock","14":"taxable","15":"shipping-taxable","16":"purchasable","17":"product-type-simple"},"acf":[],"yoast_head":"<!-- This site is optimized with the Yoast SEO plugin v27.4 - https:\/\/yoast.com\/product\/yoast-seo-wordpress\/ -->\n<title>Blush Gelatina Melocot\u00f3n - TFC - Menta y Mora<\/title>\n<meta name=\"description\" content=\"Blush Gelatina Melocot\u00f3n - TFC Blush Gelatina Melocot\u00f3n para Labios y Mejillas El Blush Gelatina Melocot\u00f3n es la opci\u00f3n perfecta para quienes desean un look intenso y\" \/>\n<meta name=\"robots\" content=\"index, follow, max-snippet:-1, max-image-preview:large, max-video-preview:-1\" \/>\n<link rel=\"canonical\" href=\"https:\/\/www.mentaymora.com\/index.php\/producto\/blush-gelatina-melocoton-tfc\/\" \/>\n<meta property=\"og:locale\" content=\"es_ES\" \/>\n<meta property=\"og:type\" content=\"article\" \/>\n<meta property=\"og:title\" content=\"Blush Gelatina Melocot\u00f3n - TFC - Menta y Mora\" \/>\n<meta property=\"og:description\" content=\"Blush Gelatina Melocot\u00f3n - TFC Blush Gelatina Melocot\u00f3n para Labios y Mejillas El Blush Gelatina Melocot\u00f3n es la opci\u00f3n perfecta para quienes desean un look intenso y\" \/>\n<meta property=\"og:url\" content=\"https:\/\/www.mentaymora.com\/index.php\/producto\/blush-gelatina-melocoton-tfc\/\" \/>\n<meta property=\"og:site_name\" content=\"Menta y Mora\" \/>\n<meta property=\"article:publisher\" content=\"https:\/\/es-es.facebook.com\/MentayMora\/\" \/>\n<meta property=\"article:modified_time\" content=\"2025-04-24T13:53:49+00:00\" \/>\n<meta property=\"og:image\" content=\"https:\/\/www.mentaymora.com\/wp-content\/uploads\/2024\/10\/Blush-Gelatina-Melocoton-TFC-2.jpg\" \/>\n\t<meta property=\"og:image:width\" content=\"1200\" \/>\n\t<meta property=\"og:image:height\" content=\"1200\" \/>\n\t<meta property=\"og:image:type\" content=\"image\/jpeg\" \/>\n<meta name=\"twitter:card\" content=\"summary_large_image\" \/>\n<meta name=\"twitter:label1\" content=\"Tiempo de lectura\" \/>\n\t<meta name=\"twitter:data1\" content=\"2 minutos\" \/>\n<script type=\"application\/ld+json\" class=\"yoast-schema-graph\">{\"@context\":\"https:\\\/\\\/schema.org\",\"@graph\":[{\"@type\":\"WebPage\",\"@id\":\"https:\\\/\\\/www.mentaymora.com\\\/index.php\\\/producto\\\/blush-gelatina-melocoton-tfc\\\/\",\"url\":\"https:\\\/\\\/www.mentaymora.com\\\/index.php\\\/producto\\\/blush-gelatina-melocoton-tfc\\\/\",\"name\":\"Blush Gelatina Melocot\u00f3n - TFC - Menta y Mora\",\"isPartOf\":{\"@id\":\"https:\\\/\\\/www.mentaymora.com\\\/#website\"},\"primaryImageOfPage\":{\"@id\":\"https:\\\/\\\/www.mentaymora.com\\\/index.php\\\/producto\\\/blush-gelatina-melocoton-tfc\\\/#primaryimage\"},\"image\":{\"@id\":\"https:\\\/\\\/www.mentaymora.com\\\/index.php\\\/producto\\\/blush-gelatina-melocoton-tfc\\\/#primaryimage\"},\"thumbnailUrl\":\"https:\\\/\\\/www.mentaymora.com\\\/wp-content\\\/uploads\\\/2024\\\/10\\\/Blush-Gelatina-Melocoton-TFC-2.jpg\",\"datePublished\":\"2024-10-29T16:06:57+00:00\",\"dateModified\":\"2025-04-24T13:53:49+00:00\",\"description\":\"Blush Gelatina Melocot\u00f3n - TFC Blush Gelatina Melocot\u00f3n para Labios y Mejillas El Blush Gelatina Melocot\u00f3n es la opci\u00f3n perfecta para quienes desean un look intenso y\",\"breadcrumb\":{\"@id\":\"https:\\\/\\\/www.mentaymora.com\\\/index.php\\\/producto\\\/blush-gelatina-melocoton-tfc\\\/#breadcrumb\"},\"inLanguage\":\"es\",\"potentialAction\":[{\"@type\":\"ReadAction\",\"target\":[\"https:\\\/\\\/www.mentaymora.com\\\/index.php\\\/producto\\\/blush-gelatina-melocoton-tfc\\\/\"]}]},{\"@type\":\"ImageObject\",\"inLanguage\":\"es\",\"@id\":\"https:\\\/\\\/www.mentaymora.com\\\/index.php\\\/producto\\\/blush-gelatina-melocoton-tfc\\\/#primaryimage\",\"url\":\"https:\\\/\\\/www.mentaymora.com\\\/wp-content\\\/uploads\\\/2024\\\/10\\\/Blush-Gelatina-Melocoton-TFC-2.jpg\",\"contentUrl\":\"https:\\\/\\\/www.mentaymora.com\\\/wp-content\\\/uploads\\\/2024\\\/10\\\/Blush-Gelatina-Melocoton-TFC-2.jpg\",\"width\":1200,\"height\":1200,\"caption\":\"Blush Gelatina Melocot\u00f3n TFC 2\"},{\"@type\":\"BreadcrumbList\",\"@id\":\"https:\\\/\\\/www.mentaymora.com\\\/index.php\\\/producto\\\/blush-gelatina-melocoton-tfc\\\/#breadcrumb\",\"itemListElement\":[{\"@type\":\"ListItem\",\"position\":1,\"name\":\"Portada\",\"item\":\"https:\\\/\\\/www.mentaymora.com\\\/\"},{\"@type\":\"ListItem\",\"position\":2,\"name\":\"Productos\",\"item\":\"https:\\\/\\\/www.mentaymora.com\\\/index.php\\\/tienda\\\/\"},{\"@type\":\"ListItem\",\"position\":3,\"name\":\"Blush Gelatina Melocot\u00f3n &#8211; TFC\"}]},{\"@type\":\"WebSite\",\"@id\":\"https:\\\/\\\/www.mentaymora.com\\\/#website\",\"url\":\"https:\\\/\\\/www.mentaymora.com\\\/\",\"name\":\"Menta y Mora\",\"description\":\"Regalos y Complementos\",\"publisher\":{\"@id\":\"https:\\\/\\\/www.mentaymora.com\\\/#organization\"},\"potentialAction\":[{\"@type\":\"SearchAction\",\"target\":{\"@type\":\"EntryPoint\",\"urlTemplate\":\"https:\\\/\\\/www.mentaymora.com\\\/?s={search_term_string}\"},\"query-input\":{\"@type\":\"PropertyValueSpecification\",\"valueRequired\":true,\"valueName\":\"search_term_string\"}}],\"inLanguage\":\"es\"},{\"@type\":\"Organization\",\"@id\":\"https:\\\/\\\/www.mentaymora.com\\\/#organization\",\"name\":\"Menta y Mora\",\"url\":\"https:\\\/\\\/www.mentaymora.com\\\/\",\"logo\":{\"@type\":\"ImageObject\",\"inLanguage\":\"es\",\"@id\":\"https:\\\/\\\/www.mentaymora.com\\\/#\\\/schema\\\/logo\\\/image\\\/\",\"url\":\"https:\\\/\\\/www.mentaymora.com\\\/wp-content\\\/uploads\\\/2021\\\/07\\\/Logo.jpg\",\"contentUrl\":\"https:\\\/\\\/www.mentaymora.com\\\/wp-content\\\/uploads\\\/2021\\\/07\\\/Logo.jpg\",\"width\":1172,\"height\":1172,\"caption\":\"Menta y Mora\"},\"image\":{\"@id\":\"https:\\\/\\\/www.mentaymora.com\\\/#\\\/schema\\\/logo\\\/image\\\/\"},\"sameAs\":[\"https:\\\/\\\/es-es.facebook.com\\\/MentayMora\\\/\",\"https:\\\/\\\/www.instagram.com\\\/mentaymora.illescas\\\/?hl=es\",\"https:\\\/\\\/www.youtube.com\\\/channel\\\/UCuMMtdck_1XS-MyW6ZnBAlw\"]}]}<\/script>\n<!-- \/ Yoast SEO plugin. -->","yoast_head_json":{"title":"Blush Gelatina Melocot\u00f3n - TFC - Menta y Mora","description":"Blush Gelatina Melocot\u00f3n - TFC Blush Gelatina Melocot\u00f3n para Labios y Mejillas El Blush Gelatina Melocot\u00f3n es la opci\u00f3n perfecta para quienes desean un look intenso y","robots":{"index":"index","follow":"follow","max-snippet":"max-snippet:-1","max-image-preview":"max-image-preview:large","max-video-preview":"max-video-preview:-1"},"canonical":"https:\/\/www.mentaymora.com\/index.php\/producto\/blush-gelatina-melocoton-tfc\/","og_locale":"es_ES","og_type":"article","og_title":"Blush Gelatina Melocot\u00f3n - TFC - Menta y Mora","og_description":"Blush Gelatina Melocot\u00f3n - TFC Blush Gelatina Melocot\u00f3n para Labios y Mejillas El Blush Gelatina Melocot\u00f3n es la opci\u00f3n perfecta para quienes desean un look intenso y","og_url":"https:\/\/www.mentaymora.com\/index.php\/producto\/blush-gelatina-melocoton-tfc\/","og_site_name":"Menta y Mora","article_publisher":"https:\/\/es-es.facebook.com\/MentayMora\/","article_modified_time":"2025-04-24T13:53:49+00:00","og_image":[{"width":1200,"height":1200,"url":"https:\/\/www.mentaymora.com\/wp-content\/uploads\/2024\/10\/Blush-Gelatina-Melocoton-TFC-2.jpg","type":"image\/jpeg"}],"twitter_card":"summary_large_image","twitter_misc":{"Tiempo de lectura":"2 minutos"},"schema":{"@context":"https:\/\/schema.org","@graph":[{"@type":"WebPage","@id":"https:\/\/www.mentaymora.com\/index.php\/producto\/blush-gelatina-melocoton-tfc\/","url":"https:\/\/www.mentaymora.com\/index.php\/producto\/blush-gelatina-melocoton-tfc\/","name":"Blush Gelatina Melocot\u00f3n - TFC - Menta y Mora","isPartOf":{"@id":"https:\/\/www.mentaymora.com\/#website"},"primaryImageOfPage":{"@id":"https:\/\/www.mentaymora.com\/index.php\/producto\/blush-gelatina-melocoton-tfc\/#primaryimage"},"image":{"@id":"https:\/\/www.mentaymora.com\/index.php\/producto\/blush-gelatina-melocoton-tfc\/#primaryimage"},"thumbnailUrl":"https:\/\/www.mentaymora.com\/wp-content\/uploads\/2024\/10\/Blush-Gelatina-Melocoton-TFC-2.jpg","datePublished":"2024-10-29T16:06:57+00:00","dateModified":"2025-04-24T13:53:49+00:00","description":"Blush Gelatina Melocot\u00f3n - TFC Blush Gelatina Melocot\u00f3n para Labios y Mejillas El Blush Gelatina Melocot\u00f3n es la opci\u00f3n perfecta para quienes desean un look intenso y","breadcrumb":{"@id":"https:\/\/www.mentaymora.com\/index.php\/producto\/blush-gelatina-melocoton-tfc\/#breadcrumb"},"inLanguage":"es","potentialAction":[{"@type":"ReadAction","target":["https:\/\/www.mentaymora.com\/index.php\/producto\/blush-gelatina-melocoton-tfc\/"]}]},{"@type":"ImageObject","inLanguage":"es","@id":"https:\/\/www.mentaymora.com\/index.php\/producto\/blush-gelatina-melocoton-tfc\/#primaryimage","url":"https:\/\/www.mentaymora.com\/wp-content\/uploads\/2024\/10\/Blush-Gelatina-Melocoton-TFC-2.jpg","contentUrl":"https:\/\/www.mentaymora.com\/wp-content\/uploads\/2024\/10\/Blush-Gelatina-Melocoton-TFC-2.jpg","width":1200,"height":1200,"caption":"Blush Gelatina Melocot\u00f3n TFC 2"},{"@type":"BreadcrumbList","@id":"https:\/\/www.mentaymora.com\/index.php\/producto\/blush-gelatina-melocoton-tfc\/#breadcrumb","itemListElement":[{"@type":"ListItem","position":1,"name":"Portada","item":"https:\/\/www.mentaymora.com\/"},{"@type":"ListItem","position":2,"name":"Productos","item":"https:\/\/www.mentaymora.com\/index.php\/tienda\/"},{"@type":"ListItem","position":3,"name":"Blush Gelatina Melocot\u00f3n &#8211; TFC"}]},{"@type":"WebSite","@id":"https:\/\/www.mentaymora.com\/#website","url":"https:\/\/www.mentaymora.com\/","name":"Menta y Mora","description":"Regalos y Complementos","publisher":{"@id":"https:\/\/www.mentaymora.com\/#organization"},"potentialAction":[{"@type":"SearchAction","target":{"@type":"EntryPoint","urlTemplate":"https:\/\/www.mentaymora.com\/?s={search_term_string}"},"query-input":{"@type":"PropertyValueSpecification","valueRequired":true,"valueName":"search_term_string"}}],"inLanguage":"es"},{"@type":"Organization","@id":"https:\/\/www.mentaymora.com\/#organization","name":"Menta y Mora","url":"https:\/\/www.mentaymora.com\/","logo":{"@type":"ImageObject","inLanguage":"es","@id":"https:\/\/www.mentaymora.com\/#\/schema\/logo\/image\/","url":"https:\/\/www.mentaymora.com\/wp-content\/uploads\/2021\/07\/Logo.jpg","contentUrl":"https:\/\/www.mentaymora.com\/wp-content\/uploads\/2021\/07\/Logo.jpg","width":1172,"height":1172,"caption":"Menta y Mora"},"image":{"@id":"https:\/\/www.mentaymora.com\/#\/schema\/logo\/image\/"},"sameAs":["https:\/\/es-es.facebook.com\/MentayMora\/","https:\/\/www.instagram.com\/mentaymora.illescas\/?hl=es","https:\/\/www.youtube.com\/channel\/UCuMMtdck_1XS-MyW6ZnBAlw"]}]}},"_links":{"self":[{"href":"https:\/\/www.mentaymora.com\/index.php\/wp-json\/wp\/v2\/product\/17060","targetHints":{"allow":["GET"]}}],"collection":[{"href":"https:\/\/www.mentaymora.com\/index.php\/wp-json\/wp\/v2\/product"}],"about":[{"href":"https:\/\/www.mentaymora.com\/index.php\/wp-json\/wp\/v2\/types\/product"}],"replies":[{"embeddable":true,"href":"https:\/\/www.mentaymora.com\/index.php\/wp-json\/wp\/v2\/comments?post=17060"}],"wp:featuredmedia":[{"embeddable":true,"href":"https:\/\/www.mentaymora.com\/index.php\/wp-json\/wp\/v2\/media\/17063"}],"wp:attachment":[{"href":"https:\/\/www.mentaymora.com\/index.php\/wp-json\/wp\/v2\/media?parent=17060"}],"wp:term":[{"taxonomy":"product_brand","embeddable":true,"href":"https:\/\/www.mentaymora.com\/index.php\/wp-json\/wp\/v2\/product_brand?post=17060"},{"taxonomy":"product_cat","embeddable":true,"href":"https:\/\/www.mentaymora.com\/index.php\/wp-json\/wp\/v2\/product_cat?post=17060"},{"taxonomy":"product_tag","embeddable":true,"href":"https:\/\/www.mentaymora.com\/index.php\/wp-json\/wp\/v2\/product_tag?post=17060"}],"curies":[{"name":"wp","href":"https:\/\/api.w.org\/{rel}","templated":true}]}}