{"id":17263,"date":"2024-12-13T17:16:16","date_gmt":"2024-12-13T16:16:16","guid":{"rendered":"https:\/\/www.mentaymora.com\/?post_type=product&#038;p=17263"},"modified":"2024-12-13T17:22:04","modified_gmt":"2024-12-13T16:22:04","slug":"cesta-regalo-spa-belleza-y-cuidado-corporal-menta-y-mora","status":"publish","type":"product","link":"https:\/\/www.mentaymora.com\/index.php\/producto\/cesta-regalo-spa-belleza-y-cuidado-corporal-menta-y-mora\/","title":{"rendered":"Cesta Regalo SPA \u00abBelleza y Cuidado Corporal\u00bb &#8211; Menta y Mora"},"content":{"rendered":"<p>Cesta Regalo SPA \u00abBelleza y Cuidado Corporal\u00bb &#8211; Menta y Mora<\/p>\n<p>Esta exquisita cesta regalo es perfecta para consentir y cuidar la piel con una selecci\u00f3n de productos de cosm\u00e9tica corporal, presentados con estilo y dedicaci\u00f3n. Su dise\u00f1o elegante, elaborado en mimbre natural, est\u00e1 llena de detalles que har\u00e1n de cada momento de cuidado personal algo especial.<\/p>\n<p><strong>Incluye:<\/strong><\/p>\n<ul>\n<li><strong>Cosm\u00e9tica corporal:<\/strong> Mascarilla de Labios, Crema de Manos, Jab\u00f3n 500ml, Exfoliante y Mouse.<\/li>\n<li><strong>Complementos:<\/strong> Esponja Nylon, Perfume.<\/li>\n<\/ul>\n<p>Presentada con un dise\u00f1o elegante, esta cesta es el regalo perfecto para transmitir calidez y bienestar, ideal para celebrar ocasiones especiales o simplemente sorprender a alguien con un detalle \u00fanico. \u00a1Un verdadero homenaje a la salud y al confort en un solo obsequio!<\/p>\n<p>&nbsp;<\/p>\n<p><a href=\"https:\/\/www.mentaymora.com\/\">Menta y Mora<\/a>\u00a0te Enamora\u00a0 \u00a0 S\u00edguenos en nuestras RRSS (<a href=\"https:\/\/es-es.facebook.com\/MentayMora\/\">Facebook<\/a>\u00a0e\u00a0<a href=\"https:\/\/www.instagram.com\/mentaymora.illescas\/?hl=es\">Instagram<\/a>)\u00a0 \u00a0\u00a0Si tienes alguna consulta,\u00a0<a href=\"mailto:%20info@mentaymora.com\">preg\u00fantanos<\/a>.<\/p>\n","protected":false},"excerpt":{"rendered":"<p>Esta exquisita cesta regalo es perfecta para consentir y cuidar la piel con una selecci\u00f3n de productos de cosm\u00e9tica corporal, presentados con estilo y dedicaci\u00f3n. Su dise\u00f1o elegante, elaborado en mimbre natural, est\u00e1 llena de detalles que har\u00e1n de cada momento de cuidado personal algo especial.<\/p>\n<p><strong>Incluye:<\/strong><\/p>\n<ul>\n<li><strong>Cosm\u00e9tica corporal:<\/strong> Mascarilla de Labios, Crema de Manos, Jab\u00f3n 500ml, Exfoliante y Mouse.<\/li>\n<li><strong>Complementos:<\/strong> Esponja Nylon, Perfume.<\/li>\n<\/ul>\n","protected":false},"featured_media":17264,"comment_status":"open","ping_status":"closed","template":"","meta":{"_acf_changed":false,"_joinchat":[]},"product_brand":[],"product_cat":[85],"product_tag":[],"class_list":{"0":"post-17263","1":"product","2":"type-product","3":"status-publish","4":"has-post-thumbnail","6":"product_cat-cestas-de-regalo","7":"latest_post","9":"first","10":"instock","11":"taxable","12":"shipping-taxable","13":"purchasable","14":"product-type-simple"},"acf":[],"yoast_head":"<!-- This site is optimized with the Yoast SEO plugin v27.5 - https:\/\/yoast.com\/product\/yoast-seo-wordpress\/ -->\n<title>Cesta Regalo SPA &quot;Belleza y Cuidado Corporal&quot; - Menta y Mora - Menta y Mora<\/title>\n<meta name=\"description\" content=\"Cesta Regalo SPA &quot;Belleza y Cuidado Corporal&quot; - Menta y Mora Esta exquisita cesta regalo es perfecta para consentir y cuidar la piel con una selecci\u00f3n de productos de\" \/>\n<meta name=\"robots\" content=\"index, follow, max-snippet:-1, max-image-preview:large, max-video-preview:-1\" \/>\n<link rel=\"canonical\" href=\"https:\/\/www.mentaymora.com\/index.php\/producto\/cesta-regalo-spa-belleza-y-cuidado-corporal-menta-y-mora\/\" \/>\n<meta property=\"og:locale\" content=\"es_ES\" \/>\n<meta property=\"og:type\" content=\"article\" \/>\n<meta property=\"og:title\" content=\"Cesta Regalo SPA &quot;Belleza y Cuidado Corporal&quot; - Menta y Mora - Menta y Mora\" \/>\n<meta property=\"og:description\" content=\"Cesta Regalo SPA &quot;Belleza y Cuidado Corporal&quot; - Menta y Mora Esta exquisita cesta regalo es perfecta para consentir y cuidar la piel con una selecci\u00f3n de productos de\" \/>\n<meta property=\"og:url\" content=\"https:\/\/www.mentaymora.com\/index.php\/producto\/cesta-regalo-spa-belleza-y-cuidado-corporal-menta-y-mora\/\" \/>\n<meta property=\"og:site_name\" content=\"Menta y Mora\" \/>\n<meta property=\"article:publisher\" content=\"https:\/\/es-es.facebook.com\/MentayMora\/\" \/>\n<meta property=\"article:modified_time\" content=\"2024-12-13T16:22:04+00:00\" \/>\n<meta property=\"og:image\" content=\"https:\/\/www.mentaymora.com\/wp-content\/uploads\/2024\/12\/Cescta-Candy-2.jpg\" \/>\n\t<meta property=\"og:image:width\" content=\"900\" \/>\n\t<meta property=\"og:image:height\" content=\"1200\" \/>\n\t<meta property=\"og:image:type\" content=\"image\/jpeg\" \/>\n<meta name=\"twitter:card\" content=\"summary_large_image\" \/>\n<meta name=\"twitter:label1\" content=\"Tiempo de lectura\" \/>\n\t<meta name=\"twitter:data1\" content=\"1 minuto\" \/>\n<script type=\"application\/ld+json\" class=\"yoast-schema-graph\">{\"@context\":\"https:\\\/\\\/schema.org\",\"@graph\":[{\"@type\":\"WebPage\",\"@id\":\"https:\\\/\\\/www.mentaymora.com\\\/index.php\\\/producto\\\/cesta-regalo-spa-belleza-y-cuidado-corporal-menta-y-mora\\\/\",\"url\":\"https:\\\/\\\/www.mentaymora.com\\\/index.php\\\/producto\\\/cesta-regalo-spa-belleza-y-cuidado-corporal-menta-y-mora\\\/\",\"name\":\"Cesta Regalo SPA \\\"Belleza y Cuidado Corporal\\\" - Menta y Mora - Menta y Mora\",\"isPartOf\":{\"@id\":\"https:\\\/\\\/www.mentaymora.com\\\/#website\"},\"primaryImageOfPage\":{\"@id\":\"https:\\\/\\\/www.mentaymora.com\\\/index.php\\\/producto\\\/cesta-regalo-spa-belleza-y-cuidado-corporal-menta-y-mora\\\/#primaryimage\"},\"image\":{\"@id\":\"https:\\\/\\\/www.mentaymora.com\\\/index.php\\\/producto\\\/cesta-regalo-spa-belleza-y-cuidado-corporal-menta-y-mora\\\/#primaryimage\"},\"thumbnailUrl\":\"https:\\\/\\\/www.mentaymora.com\\\/wp-content\\\/uploads\\\/2024\\\/12\\\/Cescta-Candy-2.jpg\",\"datePublished\":\"2024-12-13T16:16:16+00:00\",\"dateModified\":\"2024-12-13T16:22:04+00:00\",\"description\":\"Cesta Regalo SPA \\\"Belleza y Cuidado Corporal\\\" - Menta y Mora Esta exquisita cesta regalo es perfecta para consentir y cuidar la piel con una selecci\u00f3n de productos de\",\"breadcrumb\":{\"@id\":\"https:\\\/\\\/www.mentaymora.com\\\/index.php\\\/producto\\\/cesta-regalo-spa-belleza-y-cuidado-corporal-menta-y-mora\\\/#breadcrumb\"},\"inLanguage\":\"es\",\"potentialAction\":[{\"@type\":\"ReadAction\",\"target\":[\"https:\\\/\\\/www.mentaymora.com\\\/index.php\\\/producto\\\/cesta-regalo-spa-belleza-y-cuidado-corporal-menta-y-mora\\\/\"]}]},{\"@type\":\"ImageObject\",\"inLanguage\":\"es\",\"@id\":\"https:\\\/\\\/www.mentaymora.com\\\/index.php\\\/producto\\\/cesta-regalo-spa-belleza-y-cuidado-corporal-menta-y-mora\\\/#primaryimage\",\"url\":\"https:\\\/\\\/www.mentaymora.com\\\/wp-content\\\/uploads\\\/2024\\\/12\\\/Cescta-Candy-2.jpg\",\"contentUrl\":\"https:\\\/\\\/www.mentaymora.com\\\/wp-content\\\/uploads\\\/2024\\\/12\\\/Cescta-Candy-2.jpg\",\"width\":900,\"height\":1200,\"caption\":\"Cescta Candy 2\"},{\"@type\":\"BreadcrumbList\",\"@id\":\"https:\\\/\\\/www.mentaymora.com\\\/index.php\\\/producto\\\/cesta-regalo-spa-belleza-y-cuidado-corporal-menta-y-mora\\\/#breadcrumb\",\"itemListElement\":[{\"@type\":\"ListItem\",\"position\":1,\"name\":\"Portada\",\"item\":\"https:\\\/\\\/www.mentaymora.com\\\/\"},{\"@type\":\"ListItem\",\"position\":2,\"name\":\"Productos\",\"item\":\"https:\\\/\\\/www.mentaymora.com\\\/index.php\\\/tienda\\\/\"},{\"@type\":\"ListItem\",\"position\":3,\"name\":\"Cesta Regalo SPA &#8220;Belleza y Cuidado Corporal&#8221; &#8211; Menta y Mora\"}]},{\"@type\":\"WebSite\",\"@id\":\"https:\\\/\\\/www.mentaymora.com\\\/#website\",\"url\":\"https:\\\/\\\/www.mentaymora.com\\\/\",\"name\":\"Menta y Mora\",\"description\":\"Regalos y Complementos\",\"publisher\":{\"@id\":\"https:\\\/\\\/www.mentaymora.com\\\/#organization\"},\"potentialAction\":[{\"@type\":\"SearchAction\",\"target\":{\"@type\":\"EntryPoint\",\"urlTemplate\":\"https:\\\/\\\/www.mentaymora.com\\\/?s={search_term_string}\"},\"query-input\":{\"@type\":\"PropertyValueSpecification\",\"valueRequired\":true,\"valueName\":\"search_term_string\"}}],\"inLanguage\":\"es\"},{\"@type\":\"Organization\",\"@id\":\"https:\\\/\\\/www.mentaymora.com\\\/#organization\",\"name\":\"Menta y Mora\",\"url\":\"https:\\\/\\\/www.mentaymora.com\\\/\",\"logo\":{\"@type\":\"ImageObject\",\"inLanguage\":\"es\",\"@id\":\"https:\\\/\\\/www.mentaymora.com\\\/#\\\/schema\\\/logo\\\/image\\\/\",\"url\":\"https:\\\/\\\/www.mentaymora.com\\\/wp-content\\\/uploads\\\/2021\\\/07\\\/Logo.jpg\",\"contentUrl\":\"https:\\\/\\\/www.mentaymora.com\\\/wp-content\\\/uploads\\\/2021\\\/07\\\/Logo.jpg\",\"width\":1172,\"height\":1172,\"caption\":\"Menta y Mora\"},\"image\":{\"@id\":\"https:\\\/\\\/www.mentaymora.com\\\/#\\\/schema\\\/logo\\\/image\\\/\"},\"sameAs\":[\"https:\\\/\\\/es-es.facebook.com\\\/MentayMora\\\/\",\"https:\\\/\\\/www.instagram.com\\\/mentaymora.illescas\\\/?hl=es\",\"https:\\\/\\\/www.youtube.com\\\/channel\\\/UCuMMtdck_1XS-MyW6ZnBAlw\"]}]}<\/script>\n<!-- \/ Yoast SEO plugin. -->","yoast_head_json":{"title":"Cesta Regalo SPA \"Belleza y Cuidado Corporal\" - Menta y Mora - Menta y Mora","description":"Cesta Regalo SPA \"Belleza y Cuidado Corporal\" - Menta y Mora Esta exquisita cesta regalo es perfecta para consentir y cuidar la piel con una selecci\u00f3n de productos de","robots":{"index":"index","follow":"follow","max-snippet":"max-snippet:-1","max-image-preview":"max-image-preview:large","max-video-preview":"max-video-preview:-1"},"canonical":"https:\/\/www.mentaymora.com\/index.php\/producto\/cesta-regalo-spa-belleza-y-cuidado-corporal-menta-y-mora\/","og_locale":"es_ES","og_type":"article","og_title":"Cesta Regalo SPA \"Belleza y Cuidado Corporal\" - Menta y Mora - Menta y Mora","og_description":"Cesta Regalo SPA \"Belleza y Cuidado Corporal\" - Menta y Mora Esta exquisita cesta regalo es perfecta para consentir y cuidar la piel con una selecci\u00f3n de productos de","og_url":"https:\/\/www.mentaymora.com\/index.php\/producto\/cesta-regalo-spa-belleza-y-cuidado-corporal-menta-y-mora\/","og_site_name":"Menta y Mora","article_publisher":"https:\/\/es-es.facebook.com\/MentayMora\/","article_modified_time":"2024-12-13T16:22:04+00:00","og_image":[{"width":900,"height":1200,"url":"https:\/\/www.mentaymora.com\/wp-content\/uploads\/2024\/12\/Cescta-Candy-2.jpg","type":"image\/jpeg"}],"twitter_card":"summary_large_image","twitter_misc":{"Tiempo de lectura":"1 minuto"},"schema":{"@context":"https:\/\/schema.org","@graph":[{"@type":"WebPage","@id":"https:\/\/www.mentaymora.com\/index.php\/producto\/cesta-regalo-spa-belleza-y-cuidado-corporal-menta-y-mora\/","url":"https:\/\/www.mentaymora.com\/index.php\/producto\/cesta-regalo-spa-belleza-y-cuidado-corporal-menta-y-mora\/","name":"Cesta Regalo SPA \"Belleza y Cuidado Corporal\" - Menta y Mora - Menta y Mora","isPartOf":{"@id":"https:\/\/www.mentaymora.com\/#website"},"primaryImageOfPage":{"@id":"https:\/\/www.mentaymora.com\/index.php\/producto\/cesta-regalo-spa-belleza-y-cuidado-corporal-menta-y-mora\/#primaryimage"},"image":{"@id":"https:\/\/www.mentaymora.com\/index.php\/producto\/cesta-regalo-spa-belleza-y-cuidado-corporal-menta-y-mora\/#primaryimage"},"thumbnailUrl":"https:\/\/www.mentaymora.com\/wp-content\/uploads\/2024\/12\/Cescta-Candy-2.jpg","datePublished":"2024-12-13T16:16:16+00:00","dateModified":"2024-12-13T16:22:04+00:00","description":"Cesta Regalo SPA \"Belleza y Cuidado Corporal\" - Menta y Mora Esta exquisita cesta regalo es perfecta para consentir y cuidar la piel con una selecci\u00f3n de productos de","breadcrumb":{"@id":"https:\/\/www.mentaymora.com\/index.php\/producto\/cesta-regalo-spa-belleza-y-cuidado-corporal-menta-y-mora\/#breadcrumb"},"inLanguage":"es","potentialAction":[{"@type":"ReadAction","target":["https:\/\/www.mentaymora.com\/index.php\/producto\/cesta-regalo-spa-belleza-y-cuidado-corporal-menta-y-mora\/"]}]},{"@type":"ImageObject","inLanguage":"es","@id":"https:\/\/www.mentaymora.com\/index.php\/producto\/cesta-regalo-spa-belleza-y-cuidado-corporal-menta-y-mora\/#primaryimage","url":"https:\/\/www.mentaymora.com\/wp-content\/uploads\/2024\/12\/Cescta-Candy-2.jpg","contentUrl":"https:\/\/www.mentaymora.com\/wp-content\/uploads\/2024\/12\/Cescta-Candy-2.jpg","width":900,"height":1200,"caption":"Cescta Candy 2"},{"@type":"BreadcrumbList","@id":"https:\/\/www.mentaymora.com\/index.php\/producto\/cesta-regalo-spa-belleza-y-cuidado-corporal-menta-y-mora\/#breadcrumb","itemListElement":[{"@type":"ListItem","position":1,"name":"Portada","item":"https:\/\/www.mentaymora.com\/"},{"@type":"ListItem","position":2,"name":"Productos","item":"https:\/\/www.mentaymora.com\/index.php\/tienda\/"},{"@type":"ListItem","position":3,"name":"Cesta Regalo SPA &#8220;Belleza y Cuidado Corporal&#8221; &#8211; Menta y Mora"}]},{"@type":"WebSite","@id":"https:\/\/www.mentaymora.com\/#website","url":"https:\/\/www.mentaymora.com\/","name":"Menta y Mora","description":"Regalos y Complementos","publisher":{"@id":"https:\/\/www.mentaymora.com\/#organization"},"potentialAction":[{"@type":"SearchAction","target":{"@type":"EntryPoint","urlTemplate":"https:\/\/www.mentaymora.com\/?s={search_term_string}"},"query-input":{"@type":"PropertyValueSpecification","valueRequired":true,"valueName":"search_term_string"}}],"inLanguage":"es"},{"@type":"Organization","@id":"https:\/\/www.mentaymora.com\/#organization","name":"Menta y Mora","url":"https:\/\/www.mentaymora.com\/","logo":{"@type":"ImageObject","inLanguage":"es","@id":"https:\/\/www.mentaymora.com\/#\/schema\/logo\/image\/","url":"https:\/\/www.mentaymora.com\/wp-content\/uploads\/2021\/07\/Logo.jpg","contentUrl":"https:\/\/www.mentaymora.com\/wp-content\/uploads\/2021\/07\/Logo.jpg","width":1172,"height":1172,"caption":"Menta y Mora"},"image":{"@id":"https:\/\/www.mentaymora.com\/#\/schema\/logo\/image\/"},"sameAs":["https:\/\/es-es.facebook.com\/MentayMora\/","https:\/\/www.instagram.com\/mentaymora.illescas\/?hl=es","https:\/\/www.youtube.com\/channel\/UCuMMtdck_1XS-MyW6ZnBAlw"]}]}},"_links":{"self":[{"href":"https:\/\/www.mentaymora.com\/index.php\/wp-json\/wp\/v2\/product\/17263","targetHints":{"allow":["GET"]}}],"collection":[{"href":"https:\/\/www.mentaymora.com\/index.php\/wp-json\/wp\/v2\/product"}],"about":[{"href":"https:\/\/www.mentaymora.com\/index.php\/wp-json\/wp\/v2\/types\/product"}],"replies":[{"embeddable":true,"href":"https:\/\/www.mentaymora.com\/index.php\/wp-json\/wp\/v2\/comments?post=17263"}],"wp:featuredmedia":[{"embeddable":true,"href":"https:\/\/www.mentaymora.com\/index.php\/wp-json\/wp\/v2\/media\/17264"}],"wp:attachment":[{"href":"https:\/\/www.mentaymora.com\/index.php\/wp-json\/wp\/v2\/media?parent=17263"}],"wp:term":[{"taxonomy":"product_brand","embeddable":true,"href":"https:\/\/www.mentaymora.com\/index.php\/wp-json\/wp\/v2\/product_brand?post=17263"},{"taxonomy":"product_cat","embeddable":true,"href":"https:\/\/www.mentaymora.com\/index.php\/wp-json\/wp\/v2\/product_cat?post=17263"},{"taxonomy":"product_tag","embeddable":true,"href":"https:\/\/www.mentaymora.com\/index.php\/wp-json\/wp\/v2\/product_tag?post=17263"}],"curies":[{"name":"wp","href":"https:\/\/api.w.org\/{rel}","templated":true}]}}