{"id":17887,"date":"2025-02-23T18:18:35","date_gmt":"2025-02-23T17:18:35","guid":{"rendered":"https:\/\/www.mentaymora.com\/?post_type=product&#038;p=17887"},"modified":"2026-03-13T18:52:42","modified_gmt":"2026-03-13T17:52:42","slug":"delantal-dia-del-padre-peligro-cocinero-en-practicas","status":"publish","type":"product","link":"https:\/\/www.mentaymora.com\/index.php\/producto\/delantal-dia-del-padre-peligro-cocinero-en-practicas\/","title":{"rendered":"Delantal Dia del Padre \u00abPeligro, cocinero en pr\u00e1cticas\u00bb"},"content":{"rendered":"<p>Delantal Dia del Padre \u00abPeligro, cocinero en pr\u00e1cticas\u00bb<\/p>\n<p>Delantal para pap\u00e1 fabricado en resistente poli\u00e9ster, perfecto para los amantes de la cocina. Incluye la divertida frase <strong>\u00abPeligro, cocinero en pr\u00e1cticas\u00bb<\/strong>, ideal para aquellos que disfrutan preparando sus platillos favoritos.<\/p>\n<p>Su dise\u00f1o c\u00f3modo y pr\u00e1ctico lo convierte en un accesorio imprescindible para cualquier ocasi\u00f3n.<\/p>\n<p>Presentado en una elegante caja de regalo en forma de tubo, listo para sorprender y hacer de cada comida un momento especial.<\/p>\n<p>\u00a1Un regalo original y funcional para los mejores chefs del hogar!<\/p>\n<p>&nbsp;<\/p>\n<p><a href=\"https:\/\/www.mentaymora.com\/\">Menta y Mora<\/a>\u00a0Te Enamora\u00a0 \u00a0 S\u00edguenos en nuestras RRSS (<a href=\"https:\/\/es-es.facebook.com\/MentayMora\/\">Facebook<\/a>\u00a0e\u00a0<a href=\"https:\/\/www.instagram.com\/mentaymora.illescas\/?hl=es\">Instagram<\/a>)\u00a0 \u00a0Si tienes alguna consulta,\u00a0<a href=\"mailto:%20info@mentaymora.com\">preg\u00fantanos<\/a><\/p>\n","protected":false},"excerpt":{"rendered":"<p>Delantal para pap\u00e1 fabricado en resistente poli\u00e9ster, perfecto para los amantes de la cocina. Incluye la divertida frase <strong>\u00abPeligro, cocinero en pr\u00e1cticas\u00bb<\/strong>, ideal para aquellos que disfrutan preparando sus platillos favoritos.<\/p>\n<ul>\n<li><strong>Medidas:<\/strong> 68x1x91 cm<\/li>\n<li><strong>Material:<\/strong> Poli\u00e9ster<\/li>\n<\/ul>\n","protected":false},"featured_media":17883,"comment_status":"open","ping_status":"closed","template":"","meta":{"_acf_changed":false,"_joinchat":[]},"product_brand":[],"product_cat":[1347],"product_tag":[425,1085],"class_list":{"0":"post-17887","1":"product","2":"type-product","3":"status-publish","4":"has-post-thumbnail","6":"product_cat-papa","7":"product_tag-delantal","8":"product_tag-papa","9":"latest_post","11":"first","12":"instock","13":"taxable","14":"shipping-taxable","15":"purchasable","16":"product-type-simple"},"acf":[],"yoast_head":"<!-- This site is optimized with the Yoast SEO plugin v27.4 - https:\/\/yoast.com\/product\/yoast-seo-wordpress\/ -->\n<title>Delantal Dia del Padre &quot;Peligro, cocinero en pr\u00e1cticas&quot; - Menta y Mora<\/title>\n<meta name=\"description\" content=\"Delantal Dia del Padre &quot;Peligro, cocinero en pr\u00e1cticas&quot; Delantal para pap\u00e1 fabricado en resistente poli\u00e9ster, perfecto para los amantes de la cocina. Incluye la divertida\" \/>\n<meta name=\"robots\" content=\"index, follow, max-snippet:-1, max-image-preview:large, max-video-preview:-1\" \/>\n<link rel=\"canonical\" href=\"https:\/\/www.mentaymora.com\/index.php\/producto\/delantal-dia-del-padre-peligro-cocinero-en-practicas\/\" \/>\n<meta property=\"og:locale\" content=\"es_ES\" \/>\n<meta property=\"og:type\" content=\"article\" \/>\n<meta property=\"og:title\" content=\"Delantal Dia del Padre &quot;Peligro, cocinero en pr\u00e1cticas&quot; - Menta y Mora\" \/>\n<meta property=\"og:description\" content=\"Delantal Dia del Padre &quot;Peligro, cocinero en pr\u00e1cticas&quot; Delantal para pap\u00e1 fabricado en resistente poli\u00e9ster, perfecto para los amantes de la cocina. Incluye la divertida\" \/>\n<meta property=\"og:url\" content=\"https:\/\/www.mentaymora.com\/index.php\/producto\/delantal-dia-del-padre-peligro-cocinero-en-practicas\/\" \/>\n<meta property=\"og:site_name\" content=\"Menta y Mora\" \/>\n<meta property=\"article:publisher\" content=\"https:\/\/es-es.facebook.com\/MentayMora\/\" \/>\n<meta property=\"article:modified_time\" content=\"2026-03-13T17:52:42+00:00\" \/>\n<meta property=\"og:image\" content=\"https:\/\/www.mentaymora.com\/wp-content\/uploads\/2025\/02\/practicas.jpg\" \/>\n\t<meta property=\"og:image:width\" content=\"1080\" \/>\n\t<meta property=\"og:image:height\" content=\"1080\" \/>\n\t<meta property=\"og:image:type\" content=\"image\/jpeg\" \/>\n<meta name=\"twitter:card\" content=\"summary_large_image\" \/>\n<meta name=\"twitter:label1\" content=\"Tiempo de lectura\" \/>\n\t<meta name=\"twitter:data1\" content=\"1 minuto\" \/>\n<script type=\"application\/ld+json\" class=\"yoast-schema-graph\">{\"@context\":\"https:\\\/\\\/schema.org\",\"@graph\":[{\"@type\":\"WebPage\",\"@id\":\"https:\\\/\\\/www.mentaymora.com\\\/index.php\\\/producto\\\/delantal-dia-del-padre-peligro-cocinero-en-practicas\\\/\",\"url\":\"https:\\\/\\\/www.mentaymora.com\\\/index.php\\\/producto\\\/delantal-dia-del-padre-peligro-cocinero-en-practicas\\\/\",\"name\":\"Delantal Dia del Padre \\\"Peligro, cocinero en pr\u00e1cticas\\\" - Menta y Mora\",\"isPartOf\":{\"@id\":\"https:\\\/\\\/www.mentaymora.com\\\/#website\"},\"primaryImageOfPage\":{\"@id\":\"https:\\\/\\\/www.mentaymora.com\\\/index.php\\\/producto\\\/delantal-dia-del-padre-peligro-cocinero-en-practicas\\\/#primaryimage\"},\"image\":{\"@id\":\"https:\\\/\\\/www.mentaymora.com\\\/index.php\\\/producto\\\/delantal-dia-del-padre-peligro-cocinero-en-practicas\\\/#primaryimage\"},\"thumbnailUrl\":\"https:\\\/\\\/www.mentaymora.com\\\/wp-content\\\/uploads\\\/2025\\\/02\\\/practicas.jpg\",\"datePublished\":\"2025-02-23T17:18:35+00:00\",\"dateModified\":\"2026-03-13T17:52:42+00:00\",\"description\":\"Delantal Dia del Padre \\\"Peligro, cocinero en pr\u00e1cticas\\\" Delantal para pap\u00e1 fabricado en resistente poli\u00e9ster, perfecto para los amantes de la cocina. Incluye la divertida\",\"breadcrumb\":{\"@id\":\"https:\\\/\\\/www.mentaymora.com\\\/index.php\\\/producto\\\/delantal-dia-del-padre-peligro-cocinero-en-practicas\\\/#breadcrumb\"},\"inLanguage\":\"es\",\"potentialAction\":[{\"@type\":\"ReadAction\",\"target\":[\"https:\\\/\\\/www.mentaymora.com\\\/index.php\\\/producto\\\/delantal-dia-del-padre-peligro-cocinero-en-practicas\\\/\"]}]},{\"@type\":\"ImageObject\",\"inLanguage\":\"es\",\"@id\":\"https:\\\/\\\/www.mentaymora.com\\\/index.php\\\/producto\\\/delantal-dia-del-padre-peligro-cocinero-en-practicas\\\/#primaryimage\",\"url\":\"https:\\\/\\\/www.mentaymora.com\\\/wp-content\\\/uploads\\\/2025\\\/02\\\/practicas.jpg\",\"contentUrl\":\"https:\\\/\\\/www.mentaymora.com\\\/wp-content\\\/uploads\\\/2025\\\/02\\\/practicas.jpg\",\"width\":1080,\"height\":1080,\"caption\":\"\\\"Peligro, cocinero en pr\u00e1cticas\\\"\"},{\"@type\":\"BreadcrumbList\",\"@id\":\"https:\\\/\\\/www.mentaymora.com\\\/index.php\\\/producto\\\/delantal-dia-del-padre-peligro-cocinero-en-practicas\\\/#breadcrumb\",\"itemListElement\":[{\"@type\":\"ListItem\",\"position\":1,\"name\":\"Portada\",\"item\":\"https:\\\/\\\/www.mentaymora.com\\\/\"},{\"@type\":\"ListItem\",\"position\":2,\"name\":\"Productos\",\"item\":\"https:\\\/\\\/www.mentaymora.com\\\/index.php\\\/tienda\\\/\"},{\"@type\":\"ListItem\",\"position\":3,\"name\":\"Delantal Dia del Padre \u00abPeligro, cocinero en pr\u00e1cticas\u00bb\"}]},{\"@type\":\"WebSite\",\"@id\":\"https:\\\/\\\/www.mentaymora.com\\\/#website\",\"url\":\"https:\\\/\\\/www.mentaymora.com\\\/\",\"name\":\"Menta y Mora\",\"description\":\"Regalos y Complementos\",\"publisher\":{\"@id\":\"https:\\\/\\\/www.mentaymora.com\\\/#organization\"},\"potentialAction\":[{\"@type\":\"SearchAction\",\"target\":{\"@type\":\"EntryPoint\",\"urlTemplate\":\"https:\\\/\\\/www.mentaymora.com\\\/?s={search_term_string}\"},\"query-input\":{\"@type\":\"PropertyValueSpecification\",\"valueRequired\":true,\"valueName\":\"search_term_string\"}}],\"inLanguage\":\"es\"},{\"@type\":\"Organization\",\"@id\":\"https:\\\/\\\/www.mentaymora.com\\\/#organization\",\"name\":\"Menta y Mora\",\"url\":\"https:\\\/\\\/www.mentaymora.com\\\/\",\"logo\":{\"@type\":\"ImageObject\",\"inLanguage\":\"es\",\"@id\":\"https:\\\/\\\/www.mentaymora.com\\\/#\\\/schema\\\/logo\\\/image\\\/\",\"url\":\"https:\\\/\\\/www.mentaymora.com\\\/wp-content\\\/uploads\\\/2021\\\/07\\\/Logo.jpg\",\"contentUrl\":\"https:\\\/\\\/www.mentaymora.com\\\/wp-content\\\/uploads\\\/2021\\\/07\\\/Logo.jpg\",\"width\":1172,\"height\":1172,\"caption\":\"Menta y Mora\"},\"image\":{\"@id\":\"https:\\\/\\\/www.mentaymora.com\\\/#\\\/schema\\\/logo\\\/image\\\/\"},\"sameAs\":[\"https:\\\/\\\/es-es.facebook.com\\\/MentayMora\\\/\",\"https:\\\/\\\/www.instagram.com\\\/mentaymora.illescas\\\/?hl=es\",\"https:\\\/\\\/www.youtube.com\\\/channel\\\/UCuMMtdck_1XS-MyW6ZnBAlw\"]}]}<\/script>\n<!-- \/ Yoast SEO plugin. -->","yoast_head_json":{"title":"Delantal Dia del Padre \"Peligro, cocinero en pr\u00e1cticas\" - Menta y Mora","description":"Delantal Dia del Padre \"Peligro, cocinero en pr\u00e1cticas\" Delantal para pap\u00e1 fabricado en resistente poli\u00e9ster, perfecto para los amantes de la cocina. Incluye la divertida","robots":{"index":"index","follow":"follow","max-snippet":"max-snippet:-1","max-image-preview":"max-image-preview:large","max-video-preview":"max-video-preview:-1"},"canonical":"https:\/\/www.mentaymora.com\/index.php\/producto\/delantal-dia-del-padre-peligro-cocinero-en-practicas\/","og_locale":"es_ES","og_type":"article","og_title":"Delantal Dia del Padre \"Peligro, cocinero en pr\u00e1cticas\" - Menta y Mora","og_description":"Delantal Dia del Padre \"Peligro, cocinero en pr\u00e1cticas\" Delantal para pap\u00e1 fabricado en resistente poli\u00e9ster, perfecto para los amantes de la cocina. Incluye la divertida","og_url":"https:\/\/www.mentaymora.com\/index.php\/producto\/delantal-dia-del-padre-peligro-cocinero-en-practicas\/","og_site_name":"Menta y Mora","article_publisher":"https:\/\/es-es.facebook.com\/MentayMora\/","article_modified_time":"2026-03-13T17:52:42+00:00","og_image":[{"width":1080,"height":1080,"url":"https:\/\/www.mentaymora.com\/wp-content\/uploads\/2025\/02\/practicas.jpg","type":"image\/jpeg"}],"twitter_card":"summary_large_image","twitter_misc":{"Tiempo de lectura":"1 minuto"},"schema":{"@context":"https:\/\/schema.org","@graph":[{"@type":"WebPage","@id":"https:\/\/www.mentaymora.com\/index.php\/producto\/delantal-dia-del-padre-peligro-cocinero-en-practicas\/","url":"https:\/\/www.mentaymora.com\/index.php\/producto\/delantal-dia-del-padre-peligro-cocinero-en-practicas\/","name":"Delantal Dia del Padre \"Peligro, cocinero en pr\u00e1cticas\" - Menta y Mora","isPartOf":{"@id":"https:\/\/www.mentaymora.com\/#website"},"primaryImageOfPage":{"@id":"https:\/\/www.mentaymora.com\/index.php\/producto\/delantal-dia-del-padre-peligro-cocinero-en-practicas\/#primaryimage"},"image":{"@id":"https:\/\/www.mentaymora.com\/index.php\/producto\/delantal-dia-del-padre-peligro-cocinero-en-practicas\/#primaryimage"},"thumbnailUrl":"https:\/\/www.mentaymora.com\/wp-content\/uploads\/2025\/02\/practicas.jpg","datePublished":"2025-02-23T17:18:35+00:00","dateModified":"2026-03-13T17:52:42+00:00","description":"Delantal Dia del Padre \"Peligro, cocinero en pr\u00e1cticas\" Delantal para pap\u00e1 fabricado en resistente poli\u00e9ster, perfecto para los amantes de la cocina. Incluye la divertida","breadcrumb":{"@id":"https:\/\/www.mentaymora.com\/index.php\/producto\/delantal-dia-del-padre-peligro-cocinero-en-practicas\/#breadcrumb"},"inLanguage":"es","potentialAction":[{"@type":"ReadAction","target":["https:\/\/www.mentaymora.com\/index.php\/producto\/delantal-dia-del-padre-peligro-cocinero-en-practicas\/"]}]},{"@type":"ImageObject","inLanguage":"es","@id":"https:\/\/www.mentaymora.com\/index.php\/producto\/delantal-dia-del-padre-peligro-cocinero-en-practicas\/#primaryimage","url":"https:\/\/www.mentaymora.com\/wp-content\/uploads\/2025\/02\/practicas.jpg","contentUrl":"https:\/\/www.mentaymora.com\/wp-content\/uploads\/2025\/02\/practicas.jpg","width":1080,"height":1080,"caption":"\"Peligro, cocinero en pr\u00e1cticas\""},{"@type":"BreadcrumbList","@id":"https:\/\/www.mentaymora.com\/index.php\/producto\/delantal-dia-del-padre-peligro-cocinero-en-practicas\/#breadcrumb","itemListElement":[{"@type":"ListItem","position":1,"name":"Portada","item":"https:\/\/www.mentaymora.com\/"},{"@type":"ListItem","position":2,"name":"Productos","item":"https:\/\/www.mentaymora.com\/index.php\/tienda\/"},{"@type":"ListItem","position":3,"name":"Delantal Dia del Padre \u00abPeligro, cocinero en pr\u00e1cticas\u00bb"}]},{"@type":"WebSite","@id":"https:\/\/www.mentaymora.com\/#website","url":"https:\/\/www.mentaymora.com\/","name":"Menta y Mora","description":"Regalos y Complementos","publisher":{"@id":"https:\/\/www.mentaymora.com\/#organization"},"potentialAction":[{"@type":"SearchAction","target":{"@type":"EntryPoint","urlTemplate":"https:\/\/www.mentaymora.com\/?s={search_term_string}"},"query-input":{"@type":"PropertyValueSpecification","valueRequired":true,"valueName":"search_term_string"}}],"inLanguage":"es"},{"@type":"Organization","@id":"https:\/\/www.mentaymora.com\/#organization","name":"Menta y Mora","url":"https:\/\/www.mentaymora.com\/","logo":{"@type":"ImageObject","inLanguage":"es","@id":"https:\/\/www.mentaymora.com\/#\/schema\/logo\/image\/","url":"https:\/\/www.mentaymora.com\/wp-content\/uploads\/2021\/07\/Logo.jpg","contentUrl":"https:\/\/www.mentaymora.com\/wp-content\/uploads\/2021\/07\/Logo.jpg","width":1172,"height":1172,"caption":"Menta y Mora"},"image":{"@id":"https:\/\/www.mentaymora.com\/#\/schema\/logo\/image\/"},"sameAs":["https:\/\/es-es.facebook.com\/MentayMora\/","https:\/\/www.instagram.com\/mentaymora.illescas\/?hl=es","https:\/\/www.youtube.com\/channel\/UCuMMtdck_1XS-MyW6ZnBAlw"]}]}},"_links":{"self":[{"href":"https:\/\/www.mentaymora.com\/index.php\/wp-json\/wp\/v2\/product\/17887","targetHints":{"allow":["GET"]}}],"collection":[{"href":"https:\/\/www.mentaymora.com\/index.php\/wp-json\/wp\/v2\/product"}],"about":[{"href":"https:\/\/www.mentaymora.com\/index.php\/wp-json\/wp\/v2\/types\/product"}],"replies":[{"embeddable":true,"href":"https:\/\/www.mentaymora.com\/index.php\/wp-json\/wp\/v2\/comments?post=17887"}],"wp:featuredmedia":[{"embeddable":true,"href":"https:\/\/www.mentaymora.com\/index.php\/wp-json\/wp\/v2\/media\/17883"}],"wp:attachment":[{"href":"https:\/\/www.mentaymora.com\/index.php\/wp-json\/wp\/v2\/media?parent=17887"}],"wp:term":[{"taxonomy":"product_brand","embeddable":true,"href":"https:\/\/www.mentaymora.com\/index.php\/wp-json\/wp\/v2\/product_brand?post=17887"},{"taxonomy":"product_cat","embeddable":true,"href":"https:\/\/www.mentaymora.com\/index.php\/wp-json\/wp\/v2\/product_cat?post=17887"},{"taxonomy":"product_tag","embeddable":true,"href":"https:\/\/www.mentaymora.com\/index.php\/wp-json\/wp\/v2\/product_tag?post=17887"}],"curies":[{"name":"wp","href":"https:\/\/api.w.org\/{rel}","templated":true}]}}