{"id":17894,"date":"2025-02-23T20:06:54","date_gmt":"2025-02-23T19:06:54","guid":{"rendered":"https:\/\/www.mentaymora.com\/?post_type=product&#038;p=17894"},"modified":"2026-02-02T10:47:48","modified_gmt":"2026-02-02T09:47:48","slug":"termo-papa-molon-personalizado","status":"publish","type":"product","link":"https:\/\/www.mentaymora.com\/index.php\/producto\/termo-papa-molon-personalizado\/","title":{"rendered":"Termo \u00abPap\u00e1 Mol\u00f3n\u00bb Personalizado"},"content":{"rendered":"<p>Termo \u00abPap\u00e1 Mol\u00f3n\u00bb Personalizado<\/p>\n<p>Botella de acero inoxidable personalizada con la inicial, nombre del pap\u00e1 y el nombre de los hijos (hasta 6 nombres), personalizada\u00a0<strong>mediante<\/strong>\u00a0la t\u00e9cnica de\u00a0<strong>sublimaci\u00f3n.<\/strong><\/p>\n<p>Caracter\u00edsticas:<\/p>\n<ul>\n<li>De acero inoxidable blanco. (sin BPA, sin productos qu\u00edmicos nocivos, seguro y saludable)<\/li>\n<li>Apto para consumo alimentario.<\/li>\n<li>Tap\u00f3n de alta seguridad para evitar p\u00e9rdidas de l\u00edquido.<\/li>\n<li>Ideal para mantener bebidas tanto calientes como fr\u00edas gracias a su doble pared.<\/li>\n<li>Acabado brillante.<\/li>\n<li>Calidad Premium<\/li>\n<li>Incluye caja individual.<\/li>\n<li><strong>Capacidad: 500ml.<\/strong><\/li>\n<li><strong>Medidas:<\/strong> 7\u00f8 x 26 cm<\/li>\n<\/ul>\n<p><strong><span style=\"text-decoration: underline\">Tiempo de Entrega: 3\/4 d\u00edas h\u00e1biles.<\/span><\/strong><\/p>\n<p>&nbsp;<\/p>\n<p><a href=\"https:\/\/www.mentaymora.com\/\">Menta y Mora<\/a> Te Enamora\u00a0 \u00a0\u00a0S\u00edguenos en nuestras RRSS (<a href=\"https:\/\/es-es.facebook.com\/MentayMora\/\">Facebook<\/a>\u00a0e\u00a0<a href=\"https:\/\/www.instagram.com\/mentaymora.illescas\/?hl=es\">Instagram<\/a>)\u00a0 \u00a0 \u00a0Si tienes alguna consulta,\u00a0<a href=\"mailto:%20info@mentaymora.com\">preg\u00fantanos<\/a>.<\/p>\n","protected":false},"excerpt":{"rendered":"<p>Botella de acero inoxidable personalizada con la <strong>inicial<\/strong>, <strong>nombre<\/strong> del pap\u00e1 y el <strong>nombre de los hijos<\/strong> (hasta 6 nombres), personalizada\u00a0<strong>mediante<\/strong>\u00a0la t\u00e9cnica de\u00a0<strong>sublimaci\u00f3n.<\/strong><\/p>\n<p><strong><span style=\"text-decoration: underline\">Tiempo de Entrega: 3\/4 d\u00edas h\u00e1biles.<\/span><\/strong><\/p>\n","protected":false},"featured_media":17921,"comment_status":"open","ping_status":"closed","template":"","meta":{"_acf_changed":false,"_joinchat":[]},"product_brand":[],"product_cat":[1103,1347],"product_tag":[1085,1433],"class_list":{"0":"post-17894","1":"product","2":"type-product","3":"status-publish","4":"has-post-thumbnail","6":"product_cat-botellas-personalizadas","7":"product_cat-papa","8":"product_tag-papa","9":"product_tag-termo","10":"latest_post","12":"first","13":"instock","14":"taxable","15":"shipping-taxable","16":"purchasable","17":"product-type-simple"},"acf":[],"yoast_head":"<!-- This site is optimized with the Yoast SEO plugin v27.4 - https:\/\/yoast.com\/product\/yoast-seo-wordpress\/ -->\n<title>Termo &quot;Pap\u00e1 Mol\u00f3n&quot; Personalizado - Menta y Mora<\/title>\n<meta name=\"description\" content=\"Termo Personalizado Personajes Botella de acero inoxidable con la imagen de\u00a0tu personaje favorito, personalizada\u00a0mediante\u00a0la t\u00e9cnica de\u00a0sublimaci\u00f3n.\" \/>\n<meta name=\"robots\" content=\"index, follow, max-snippet:-1, max-image-preview:large, max-video-preview:-1\" \/>\n<link rel=\"canonical\" href=\"https:\/\/www.mentaymora.com\/index.php\/producto\/termo-papa-molon-personalizado\/\" \/>\n<meta property=\"og:locale\" content=\"es_ES\" \/>\n<meta property=\"og:type\" content=\"article\" \/>\n<meta property=\"og:title\" content=\"Termo &quot;Pap\u00e1 Mol\u00f3n&quot; Personalizado - Menta y Mora\" \/>\n<meta property=\"og:description\" content=\"Termo Personalizado Personajes Botella de acero inoxidable con la imagen de\u00a0tu personaje favorito, personalizada\u00a0mediante\u00a0la t\u00e9cnica de\u00a0sublimaci\u00f3n.\" \/>\n<meta property=\"og:url\" content=\"https:\/\/www.mentaymora.com\/index.php\/producto\/termo-papa-molon-personalizado\/\" \/>\n<meta property=\"og:site_name\" content=\"Menta y Mora\" \/>\n<meta property=\"article:publisher\" content=\"https:\/\/es-es.facebook.com\/MentayMora\/\" \/>\n<meta property=\"article:modified_time\" content=\"2026-02-02T09:47:48+00:00\" \/>\n<meta property=\"og:image\" content=\"https:\/\/www.mentaymora.com\/wp-content\/uploads\/2025\/02\/botella_papa_molon_7.jpg\" \/>\n\t<meta property=\"og:image:width\" content=\"1200\" \/>\n\t<meta property=\"og:image:height\" content=\"1200\" \/>\n\t<meta property=\"og:image:type\" content=\"image\/jpeg\" \/>\n<meta name=\"twitter:card\" content=\"summary_large_image\" \/>\n<meta name=\"twitter:label1\" content=\"Tiempo de lectura\" \/>\n\t<meta name=\"twitter:data1\" content=\"1 minuto\" \/>\n<script type=\"application\/ld+json\" class=\"yoast-schema-graph\">{\"@context\":\"https:\\\/\\\/schema.org\",\"@graph\":[{\"@type\":\"WebPage\",\"@id\":\"https:\\\/\\\/www.mentaymora.com\\\/index.php\\\/producto\\\/termo-papa-molon-personalizado\\\/\",\"url\":\"https:\\\/\\\/www.mentaymora.com\\\/index.php\\\/producto\\\/termo-papa-molon-personalizado\\\/\",\"name\":\"Termo \\\"Pap\u00e1 Mol\u00f3n\\\" Personalizado - Menta y Mora\",\"isPartOf\":{\"@id\":\"https:\\\/\\\/www.mentaymora.com\\\/#website\"},\"primaryImageOfPage\":{\"@id\":\"https:\\\/\\\/www.mentaymora.com\\\/index.php\\\/producto\\\/termo-papa-molon-personalizado\\\/#primaryimage\"},\"image\":{\"@id\":\"https:\\\/\\\/www.mentaymora.com\\\/index.php\\\/producto\\\/termo-papa-molon-personalizado\\\/#primaryimage\"},\"thumbnailUrl\":\"https:\\\/\\\/www.mentaymora.com\\\/wp-content\\\/uploads\\\/2025\\\/02\\\/botella_papa_molon_7.jpg\",\"datePublished\":\"2025-02-23T19:06:54+00:00\",\"dateModified\":\"2026-02-02T09:47:48+00:00\",\"description\":\"Termo Personalizado Personajes Botella de acero inoxidable con la imagen de\u00a0tu personaje favorito, personalizada\u00a0mediante\u00a0la t\u00e9cnica de\u00a0sublimaci\u00f3n.\",\"breadcrumb\":{\"@id\":\"https:\\\/\\\/www.mentaymora.com\\\/index.php\\\/producto\\\/termo-papa-molon-personalizado\\\/#breadcrumb\"},\"inLanguage\":\"es\",\"potentialAction\":[{\"@type\":\"ReadAction\",\"target\":[\"https:\\\/\\\/www.mentaymora.com\\\/index.php\\\/producto\\\/termo-papa-molon-personalizado\\\/\"]}]},{\"@type\":\"ImageObject\",\"inLanguage\":\"es\",\"@id\":\"https:\\\/\\\/www.mentaymora.com\\\/index.php\\\/producto\\\/termo-papa-molon-personalizado\\\/#primaryimage\",\"url\":\"https:\\\/\\\/www.mentaymora.com\\\/wp-content\\\/uploads\\\/2025\\\/02\\\/botella_papa_molon_7.jpg\",\"contentUrl\":\"https:\\\/\\\/www.mentaymora.com\\\/wp-content\\\/uploads\\\/2025\\\/02\\\/botella_papa_molon_7.jpg\",\"width\":1200,\"height\":1200,\"caption\":\"botella papa molon 7\"},{\"@type\":\"BreadcrumbList\",\"@id\":\"https:\\\/\\\/www.mentaymora.com\\\/index.php\\\/producto\\\/termo-papa-molon-personalizado\\\/#breadcrumb\",\"itemListElement\":[{\"@type\":\"ListItem\",\"position\":1,\"name\":\"Portada\",\"item\":\"https:\\\/\\\/www.mentaymora.com\\\/\"},{\"@type\":\"ListItem\",\"position\":2,\"name\":\"Productos\",\"item\":\"https:\\\/\\\/www.mentaymora.com\\\/index.php\\\/tienda\\\/\"},{\"@type\":\"ListItem\",\"position\":3,\"name\":\"Termo \u00abPap\u00e1 Mol\u00f3n\u00bb Personalizado\"}]},{\"@type\":\"WebSite\",\"@id\":\"https:\\\/\\\/www.mentaymora.com\\\/#website\",\"url\":\"https:\\\/\\\/www.mentaymora.com\\\/\",\"name\":\"Menta y Mora\",\"description\":\"Regalos y Complementos\",\"publisher\":{\"@id\":\"https:\\\/\\\/www.mentaymora.com\\\/#organization\"},\"potentialAction\":[{\"@type\":\"SearchAction\",\"target\":{\"@type\":\"EntryPoint\",\"urlTemplate\":\"https:\\\/\\\/www.mentaymora.com\\\/?s={search_term_string}\"},\"query-input\":{\"@type\":\"PropertyValueSpecification\",\"valueRequired\":true,\"valueName\":\"search_term_string\"}}],\"inLanguage\":\"es\"},{\"@type\":\"Organization\",\"@id\":\"https:\\\/\\\/www.mentaymora.com\\\/#organization\",\"name\":\"Menta y Mora\",\"url\":\"https:\\\/\\\/www.mentaymora.com\\\/\",\"logo\":{\"@type\":\"ImageObject\",\"inLanguage\":\"es\",\"@id\":\"https:\\\/\\\/www.mentaymora.com\\\/#\\\/schema\\\/logo\\\/image\\\/\",\"url\":\"https:\\\/\\\/www.mentaymora.com\\\/wp-content\\\/uploads\\\/2021\\\/07\\\/Logo.jpg\",\"contentUrl\":\"https:\\\/\\\/www.mentaymora.com\\\/wp-content\\\/uploads\\\/2021\\\/07\\\/Logo.jpg\",\"width\":1172,\"height\":1172,\"caption\":\"Menta y Mora\"},\"image\":{\"@id\":\"https:\\\/\\\/www.mentaymora.com\\\/#\\\/schema\\\/logo\\\/image\\\/\"},\"sameAs\":[\"https:\\\/\\\/es-es.facebook.com\\\/MentayMora\\\/\",\"https:\\\/\\\/www.instagram.com\\\/mentaymora.illescas\\\/?hl=es\",\"https:\\\/\\\/www.youtube.com\\\/channel\\\/UCuMMtdck_1XS-MyW6ZnBAlw\"]}]}<\/script>\n<!-- \/ Yoast SEO plugin. -->","yoast_head_json":{"title":"Termo \"Pap\u00e1 Mol\u00f3n\" Personalizado - Menta y Mora","description":"Termo Personalizado Personajes Botella de acero inoxidable con la imagen de\u00a0tu personaje favorito, personalizada\u00a0mediante\u00a0la t\u00e9cnica de\u00a0sublimaci\u00f3n.","robots":{"index":"index","follow":"follow","max-snippet":"max-snippet:-1","max-image-preview":"max-image-preview:large","max-video-preview":"max-video-preview:-1"},"canonical":"https:\/\/www.mentaymora.com\/index.php\/producto\/termo-papa-molon-personalizado\/","og_locale":"es_ES","og_type":"article","og_title":"Termo \"Pap\u00e1 Mol\u00f3n\" Personalizado - Menta y Mora","og_description":"Termo Personalizado Personajes Botella de acero inoxidable con la imagen de\u00a0tu personaje favorito, personalizada\u00a0mediante\u00a0la t\u00e9cnica de\u00a0sublimaci\u00f3n.","og_url":"https:\/\/www.mentaymora.com\/index.php\/producto\/termo-papa-molon-personalizado\/","og_site_name":"Menta y Mora","article_publisher":"https:\/\/es-es.facebook.com\/MentayMora\/","article_modified_time":"2026-02-02T09:47:48+00:00","og_image":[{"width":1200,"height":1200,"url":"https:\/\/www.mentaymora.com\/wp-content\/uploads\/2025\/02\/botella_papa_molon_7.jpg","type":"image\/jpeg"}],"twitter_card":"summary_large_image","twitter_misc":{"Tiempo de lectura":"1 minuto"},"schema":{"@context":"https:\/\/schema.org","@graph":[{"@type":"WebPage","@id":"https:\/\/www.mentaymora.com\/index.php\/producto\/termo-papa-molon-personalizado\/","url":"https:\/\/www.mentaymora.com\/index.php\/producto\/termo-papa-molon-personalizado\/","name":"Termo \"Pap\u00e1 Mol\u00f3n\" Personalizado - Menta y Mora","isPartOf":{"@id":"https:\/\/www.mentaymora.com\/#website"},"primaryImageOfPage":{"@id":"https:\/\/www.mentaymora.com\/index.php\/producto\/termo-papa-molon-personalizado\/#primaryimage"},"image":{"@id":"https:\/\/www.mentaymora.com\/index.php\/producto\/termo-papa-molon-personalizado\/#primaryimage"},"thumbnailUrl":"https:\/\/www.mentaymora.com\/wp-content\/uploads\/2025\/02\/botella_papa_molon_7.jpg","datePublished":"2025-02-23T19:06:54+00:00","dateModified":"2026-02-02T09:47:48+00:00","description":"Termo Personalizado Personajes Botella de acero inoxidable con la imagen de\u00a0tu personaje favorito, personalizada\u00a0mediante\u00a0la t\u00e9cnica de\u00a0sublimaci\u00f3n.","breadcrumb":{"@id":"https:\/\/www.mentaymora.com\/index.php\/producto\/termo-papa-molon-personalizado\/#breadcrumb"},"inLanguage":"es","potentialAction":[{"@type":"ReadAction","target":["https:\/\/www.mentaymora.com\/index.php\/producto\/termo-papa-molon-personalizado\/"]}]},{"@type":"ImageObject","inLanguage":"es","@id":"https:\/\/www.mentaymora.com\/index.php\/producto\/termo-papa-molon-personalizado\/#primaryimage","url":"https:\/\/www.mentaymora.com\/wp-content\/uploads\/2025\/02\/botella_papa_molon_7.jpg","contentUrl":"https:\/\/www.mentaymora.com\/wp-content\/uploads\/2025\/02\/botella_papa_molon_7.jpg","width":1200,"height":1200,"caption":"botella papa molon 7"},{"@type":"BreadcrumbList","@id":"https:\/\/www.mentaymora.com\/index.php\/producto\/termo-papa-molon-personalizado\/#breadcrumb","itemListElement":[{"@type":"ListItem","position":1,"name":"Portada","item":"https:\/\/www.mentaymora.com\/"},{"@type":"ListItem","position":2,"name":"Productos","item":"https:\/\/www.mentaymora.com\/index.php\/tienda\/"},{"@type":"ListItem","position":3,"name":"Termo \u00abPap\u00e1 Mol\u00f3n\u00bb Personalizado"}]},{"@type":"WebSite","@id":"https:\/\/www.mentaymora.com\/#website","url":"https:\/\/www.mentaymora.com\/","name":"Menta y Mora","description":"Regalos y Complementos","publisher":{"@id":"https:\/\/www.mentaymora.com\/#organization"},"potentialAction":[{"@type":"SearchAction","target":{"@type":"EntryPoint","urlTemplate":"https:\/\/www.mentaymora.com\/?s={search_term_string}"},"query-input":{"@type":"PropertyValueSpecification","valueRequired":true,"valueName":"search_term_string"}}],"inLanguage":"es"},{"@type":"Organization","@id":"https:\/\/www.mentaymora.com\/#organization","name":"Menta y Mora","url":"https:\/\/www.mentaymora.com\/","logo":{"@type":"ImageObject","inLanguage":"es","@id":"https:\/\/www.mentaymora.com\/#\/schema\/logo\/image\/","url":"https:\/\/www.mentaymora.com\/wp-content\/uploads\/2021\/07\/Logo.jpg","contentUrl":"https:\/\/www.mentaymora.com\/wp-content\/uploads\/2021\/07\/Logo.jpg","width":1172,"height":1172,"caption":"Menta y Mora"},"image":{"@id":"https:\/\/www.mentaymora.com\/#\/schema\/logo\/image\/"},"sameAs":["https:\/\/es-es.facebook.com\/MentayMora\/","https:\/\/www.instagram.com\/mentaymora.illescas\/?hl=es","https:\/\/www.youtube.com\/channel\/UCuMMtdck_1XS-MyW6ZnBAlw"]}]}},"_links":{"self":[{"href":"https:\/\/www.mentaymora.com\/index.php\/wp-json\/wp\/v2\/product\/17894","targetHints":{"allow":["GET"]}}],"collection":[{"href":"https:\/\/www.mentaymora.com\/index.php\/wp-json\/wp\/v2\/product"}],"about":[{"href":"https:\/\/www.mentaymora.com\/index.php\/wp-json\/wp\/v2\/types\/product"}],"replies":[{"embeddable":true,"href":"https:\/\/www.mentaymora.com\/index.php\/wp-json\/wp\/v2\/comments?post=17894"}],"wp:featuredmedia":[{"embeddable":true,"href":"https:\/\/www.mentaymora.com\/index.php\/wp-json\/wp\/v2\/media\/17921"}],"wp:attachment":[{"href":"https:\/\/www.mentaymora.com\/index.php\/wp-json\/wp\/v2\/media?parent=17894"}],"wp:term":[{"taxonomy":"product_brand","embeddable":true,"href":"https:\/\/www.mentaymora.com\/index.php\/wp-json\/wp\/v2\/product_brand?post=17894"},{"taxonomy":"product_cat","embeddable":true,"href":"https:\/\/www.mentaymora.com\/index.php\/wp-json\/wp\/v2\/product_cat?post=17894"},{"taxonomy":"product_tag","embeddable":true,"href":"https:\/\/www.mentaymora.com\/index.php\/wp-json\/wp\/v2\/product_tag?post=17894"}],"curies":[{"name":"wp","href":"https:\/\/api.w.org\/{rel}","templated":true}]}}