{"id":18049,"date":"2025-03-05T08:42:31","date_gmt":"2025-03-05T07:42:31","guid":{"rendered":"https:\/\/www.mentaymora.com\/?post_type=product&#038;p=18049"},"modified":"2026-03-18T20:44:14","modified_gmt":"2026-03-18T19:44:14","slug":"mentabox-papa-molon-verde-menta-y-mora","status":"publish","type":"product","link":"https:\/\/www.mentaymora.com\/index.php\/producto\/mentabox-papa-molon-verde-menta-y-mora\/","title":{"rendered":"MentaBox \u00abPap\u00e1 Mol\u00f3n\u00bb VERDE &#8211; Menta y Mora"},"content":{"rendered":"<p>MentaBox \u00abPap\u00e1 Mol\u00f3n\u00bb VERDE &#8211; Menta y Mora<\/p>\n<p><strong>Caja Regalo MentaBox \u00abPap\u00e1 Mol\u00f3n\u00bb Verde \u2013 El Detalle Perfecto para Pap\u00e1<\/strong><\/p>\n<p>Sorprende a pap\u00e1 con un regalo \u00fanico y personalizado, dise\u00f1ado para hacerle sentir especial en cualquier ocasi\u00f3n. La <strong>Caja Regalo MentaBox \u00abPap\u00e1 Mol\u00f3n\u00bb Verde <\/strong>combina estilo, funcionalidad y un toque personal que har\u00e1 de su d\u00eda algo inolvidable.<\/p>\n<ul>\n<li><strong>Termo personalizado (500 ml):<\/strong> Con la inicial y el nombre de pap\u00e1, junto con los nombres de sus hijos. Perfecto para mantener sus bebidas calientes o fr\u00edas por m\u00e1s tiempo.<\/li>\n<li><strong>Taza personalizada:<\/strong> A juego con el termo, ideal para disfrutar su caf\u00e9 o infusi\u00f3n con el mejor dise\u00f1o.<\/li>\n<li><strong>Calcetines el\u00e1sticos (talla 41-45):<\/strong> C\u00f3modos, resistentes y con un dise\u00f1o pensado para pap\u00e1s con estilo.<\/li>\n<li><strong>Cintur\u00f3n el\u00e1stico:<\/strong> Combinado con los calcetines para un look armonioso y moderno.<\/li>\n<\/ul>\n<p>El regalo ideal para el <strong>D\u00eda del Padre, cumplea\u00f1os o cualquier ocasi\u00f3n especial<\/strong>. Un detalle pr\u00e1ctico y emotivo que demuestra cu\u00e1nto lo aprecias.<\/p>\n<p>&nbsp;<\/p>\n<p><a href=\"https:\/\/www.mentaymora.com\/\">Menta y Mora<\/a>\u00a0Te Enamora\u00a0 \u00a0\u00a0S\u00edguenos en nuestras RRSS (<a href=\"https:\/\/es-es.facebook.com\/MentayMora\/\">Facebook<\/a>\u00a0e\u00a0<a href=\"https:\/\/www.instagram.com\/mentaymora.illescas\/?hl=es\">Instagram<\/a>)\u00a0 \u00a0 \u00a0Si tienes alguna consulta,\u00a0<a href=\"mailto:%20info@mentaymora.com\">preg\u00fantanos<\/a>.<\/p>\n","protected":false},"excerpt":{"rendered":"<p>Sorprende a pap\u00e1 con un regalo \u00fanico y personalizado, dise\u00f1ado para hacerle sentir especial en cualquier ocasi\u00f3n. La <strong>Caja Regalo MentaBox \u00abPap\u00e1 Mol\u00f3n\u00bb Verde <\/strong>combina estilo, funcionalidad y un toque personal que har\u00e1 de su d\u00eda algo inolvidable.<\/p>\n<ul>\n<li><strong>Termo personalizado (500 ml)<\/strong><\/li>\n<li><strong>Taza personalizada<\/strong><\/li>\n<li><strong>Calcetines el\u00e1sticos (talla 41-45)<\/strong><\/li>\n<li><strong>Cintur\u00f3n el\u00e1stico<\/strong><\/li>\n<\/ul>\n<p><strong>Plazo de entrega:<\/strong> 3\/4 d\u00edas h\u00e1biles.<\/p>\n<p><strong>Producto personalizado:<\/strong> Termo y Taza<\/p>\n","protected":false},"featured_media":18043,"comment_status":"open","ping_status":"closed","template":"","meta":{"_acf_changed":false,"_joinchat":[]},"product_brand":[],"product_cat":[1374,1347],"product_tag":[1500,1085],"class_list":{"0":"post-18049","1":"product","2":"type-product","3":"status-publish","4":"has-post-thumbnail","6":"product_cat-mb-pareja","7":"product_cat-papa","8":"product_tag-dia-del-padre","9":"product_tag-papa","10":"latest_post","12":"first","13":"outofstock","14":"taxable","15":"shipping-taxable","16":"purchasable","17":"product-type-simple"},"acf":[],"yoast_head":"<!-- This site is optimized with the Yoast SEO plugin v27.4 - https:\/\/yoast.com\/product\/yoast-seo-wordpress\/ -->\n<title>MentaBox &quot;Pap\u00e1 Mol\u00f3n&quot; VERDE - Menta y Mora - Menta y Mora<\/title>\n<meta name=\"description\" content=\"MentaBox &quot;Pap\u00e1 Mol\u00f3n&quot; VERDE - Menta y Mora Caja Regalo MentaBox &quot;Pap\u00e1 Mol\u00f3n&quot; Verde \u2013 El Detalle Perfecto para Pap\u00e1 Sorprende a pap\u00e1 con un regalo \u00fanico y\" \/>\n<meta name=\"robots\" content=\"index, follow, max-snippet:-1, max-image-preview:large, max-video-preview:-1\" \/>\n<link rel=\"canonical\" href=\"https:\/\/www.mentaymora.com\/index.php\/producto\/mentabox-papa-molon-verde-menta-y-mora\/\" \/>\n<meta property=\"og:locale\" content=\"es_ES\" \/>\n<meta property=\"og:type\" content=\"article\" \/>\n<meta property=\"og:title\" content=\"MentaBox &quot;Pap\u00e1 Mol\u00f3n&quot; VERDE - Menta y Mora - Menta y Mora\" \/>\n<meta property=\"og:description\" content=\"MentaBox &quot;Pap\u00e1 Mol\u00f3n&quot; VERDE - Menta y Mora Caja Regalo MentaBox &quot;Pap\u00e1 Mol\u00f3n&quot; Verde \u2013 El Detalle Perfecto para Pap\u00e1 Sorprende a pap\u00e1 con un regalo \u00fanico y\" \/>\n<meta property=\"og:url\" content=\"https:\/\/www.mentaymora.com\/index.php\/producto\/mentabox-papa-molon-verde-menta-y-mora\/\" \/>\n<meta property=\"og:site_name\" content=\"Menta y Mora\" \/>\n<meta property=\"article:publisher\" content=\"https:\/\/es-es.facebook.com\/MentayMora\/\" \/>\n<meta property=\"article:modified_time\" content=\"2026-03-18T19:44:14+00:00\" \/>\n<meta property=\"og:image\" content=\"https:\/\/www.mentaymora.com\/wp-content\/uploads\/2025\/03\/mentabox_papamolon_verde_1.jpg\" \/>\n\t<meta property=\"og:image:width\" content=\"1200\" \/>\n\t<meta property=\"og:image:height\" content=\"1200\" \/>\n\t<meta property=\"og:image:type\" content=\"image\/jpeg\" \/>\n<meta name=\"twitter:card\" content=\"summary_large_image\" \/>\n<meta name=\"twitter:label1\" content=\"Tiempo de lectura\" \/>\n\t<meta name=\"twitter:data1\" content=\"1 minuto\" \/>\n<script type=\"application\/ld+json\" class=\"yoast-schema-graph\">{\"@context\":\"https:\\\/\\\/schema.org\",\"@graph\":[{\"@type\":\"WebPage\",\"@id\":\"https:\\\/\\\/www.mentaymora.com\\\/index.php\\\/producto\\\/mentabox-papa-molon-verde-menta-y-mora\\\/\",\"url\":\"https:\\\/\\\/www.mentaymora.com\\\/index.php\\\/producto\\\/mentabox-papa-molon-verde-menta-y-mora\\\/\",\"name\":\"MentaBox \\\"Pap\u00e1 Mol\u00f3n\\\" VERDE - Menta y Mora - Menta y Mora\",\"isPartOf\":{\"@id\":\"https:\\\/\\\/www.mentaymora.com\\\/#website\"},\"primaryImageOfPage\":{\"@id\":\"https:\\\/\\\/www.mentaymora.com\\\/index.php\\\/producto\\\/mentabox-papa-molon-verde-menta-y-mora\\\/#primaryimage\"},\"image\":{\"@id\":\"https:\\\/\\\/www.mentaymora.com\\\/index.php\\\/producto\\\/mentabox-papa-molon-verde-menta-y-mora\\\/#primaryimage\"},\"thumbnailUrl\":\"https:\\\/\\\/www.mentaymora.com\\\/wp-content\\\/uploads\\\/2025\\\/03\\\/mentabox_papamolon_verde_1.jpg\",\"datePublished\":\"2025-03-05T07:42:31+00:00\",\"dateModified\":\"2026-03-18T19:44:14+00:00\",\"description\":\"MentaBox \\\"Pap\u00e1 Mol\u00f3n\\\" VERDE - Menta y Mora Caja Regalo MentaBox \\\"Pap\u00e1 Mol\u00f3n\\\" Verde \u2013 El Detalle Perfecto para Pap\u00e1 Sorprende a pap\u00e1 con un regalo \u00fanico y\",\"breadcrumb\":{\"@id\":\"https:\\\/\\\/www.mentaymora.com\\\/index.php\\\/producto\\\/mentabox-papa-molon-verde-menta-y-mora\\\/#breadcrumb\"},\"inLanguage\":\"es\",\"potentialAction\":[{\"@type\":\"ReadAction\",\"target\":[\"https:\\\/\\\/www.mentaymora.com\\\/index.php\\\/producto\\\/mentabox-papa-molon-verde-menta-y-mora\\\/\"]}]},{\"@type\":\"ImageObject\",\"inLanguage\":\"es\",\"@id\":\"https:\\\/\\\/www.mentaymora.com\\\/index.php\\\/producto\\\/mentabox-papa-molon-verde-menta-y-mora\\\/#primaryimage\",\"url\":\"https:\\\/\\\/www.mentaymora.com\\\/wp-content\\\/uploads\\\/2025\\\/03\\\/mentabox_papamolon_verde_1.jpg\",\"contentUrl\":\"https:\\\/\\\/www.mentaymora.com\\\/wp-content\\\/uploads\\\/2025\\\/03\\\/mentabox_papamolon_verde_1.jpg\",\"width\":1200,\"height\":1200,\"caption\":\"mentabox papamolon verde 1\"},{\"@type\":\"BreadcrumbList\",\"@id\":\"https:\\\/\\\/www.mentaymora.com\\\/index.php\\\/producto\\\/mentabox-papa-molon-verde-menta-y-mora\\\/#breadcrumb\",\"itemListElement\":[{\"@type\":\"ListItem\",\"position\":1,\"name\":\"Portada\",\"item\":\"https:\\\/\\\/www.mentaymora.com\\\/\"},{\"@type\":\"ListItem\",\"position\":2,\"name\":\"Productos\",\"item\":\"https:\\\/\\\/www.mentaymora.com\\\/index.php\\\/tienda\\\/\"},{\"@type\":\"ListItem\",\"position\":3,\"name\":\"MentaBox \u00abPap\u00e1 Mol\u00f3n\u00bb VERDE &#8211; Menta y Mora\"}]},{\"@type\":\"WebSite\",\"@id\":\"https:\\\/\\\/www.mentaymora.com\\\/#website\",\"url\":\"https:\\\/\\\/www.mentaymora.com\\\/\",\"name\":\"Menta y Mora\",\"description\":\"Regalos y Complementos\",\"publisher\":{\"@id\":\"https:\\\/\\\/www.mentaymora.com\\\/#organization\"},\"potentialAction\":[{\"@type\":\"SearchAction\",\"target\":{\"@type\":\"EntryPoint\",\"urlTemplate\":\"https:\\\/\\\/www.mentaymora.com\\\/?s={search_term_string}\"},\"query-input\":{\"@type\":\"PropertyValueSpecification\",\"valueRequired\":true,\"valueName\":\"search_term_string\"}}],\"inLanguage\":\"es\"},{\"@type\":\"Organization\",\"@id\":\"https:\\\/\\\/www.mentaymora.com\\\/#organization\",\"name\":\"Menta y Mora\",\"url\":\"https:\\\/\\\/www.mentaymora.com\\\/\",\"logo\":{\"@type\":\"ImageObject\",\"inLanguage\":\"es\",\"@id\":\"https:\\\/\\\/www.mentaymora.com\\\/#\\\/schema\\\/logo\\\/image\\\/\",\"url\":\"https:\\\/\\\/www.mentaymora.com\\\/wp-content\\\/uploads\\\/2021\\\/07\\\/Logo.jpg\",\"contentUrl\":\"https:\\\/\\\/www.mentaymora.com\\\/wp-content\\\/uploads\\\/2021\\\/07\\\/Logo.jpg\",\"width\":1172,\"height\":1172,\"caption\":\"Menta y Mora\"},\"image\":{\"@id\":\"https:\\\/\\\/www.mentaymora.com\\\/#\\\/schema\\\/logo\\\/image\\\/\"},\"sameAs\":[\"https:\\\/\\\/es-es.facebook.com\\\/MentayMora\\\/\",\"https:\\\/\\\/www.instagram.com\\\/mentaymora.illescas\\\/?hl=es\",\"https:\\\/\\\/www.youtube.com\\\/channel\\\/UCuMMtdck_1XS-MyW6ZnBAlw\"]}]}<\/script>\n<!-- \/ Yoast SEO plugin. -->","yoast_head_json":{"title":"MentaBox \"Pap\u00e1 Mol\u00f3n\" VERDE - Menta y Mora - Menta y Mora","description":"MentaBox \"Pap\u00e1 Mol\u00f3n\" VERDE - Menta y Mora Caja Regalo MentaBox \"Pap\u00e1 Mol\u00f3n\" Verde \u2013 El Detalle Perfecto para Pap\u00e1 Sorprende a pap\u00e1 con un regalo \u00fanico y","robots":{"index":"index","follow":"follow","max-snippet":"max-snippet:-1","max-image-preview":"max-image-preview:large","max-video-preview":"max-video-preview:-1"},"canonical":"https:\/\/www.mentaymora.com\/index.php\/producto\/mentabox-papa-molon-verde-menta-y-mora\/","og_locale":"es_ES","og_type":"article","og_title":"MentaBox \"Pap\u00e1 Mol\u00f3n\" VERDE - Menta y Mora - Menta y Mora","og_description":"MentaBox \"Pap\u00e1 Mol\u00f3n\" VERDE - Menta y Mora Caja Regalo MentaBox \"Pap\u00e1 Mol\u00f3n\" Verde \u2013 El Detalle Perfecto para Pap\u00e1 Sorprende a pap\u00e1 con un regalo \u00fanico y","og_url":"https:\/\/www.mentaymora.com\/index.php\/producto\/mentabox-papa-molon-verde-menta-y-mora\/","og_site_name":"Menta y Mora","article_publisher":"https:\/\/es-es.facebook.com\/MentayMora\/","article_modified_time":"2026-03-18T19:44:14+00:00","og_image":[{"width":1200,"height":1200,"url":"https:\/\/www.mentaymora.com\/wp-content\/uploads\/2025\/03\/mentabox_papamolon_verde_1.jpg","type":"image\/jpeg"}],"twitter_card":"summary_large_image","twitter_misc":{"Tiempo de lectura":"1 minuto"},"schema":{"@context":"https:\/\/schema.org","@graph":[{"@type":"WebPage","@id":"https:\/\/www.mentaymora.com\/index.php\/producto\/mentabox-papa-molon-verde-menta-y-mora\/","url":"https:\/\/www.mentaymora.com\/index.php\/producto\/mentabox-papa-molon-verde-menta-y-mora\/","name":"MentaBox \"Pap\u00e1 Mol\u00f3n\" VERDE - Menta y Mora - Menta y Mora","isPartOf":{"@id":"https:\/\/www.mentaymora.com\/#website"},"primaryImageOfPage":{"@id":"https:\/\/www.mentaymora.com\/index.php\/producto\/mentabox-papa-molon-verde-menta-y-mora\/#primaryimage"},"image":{"@id":"https:\/\/www.mentaymora.com\/index.php\/producto\/mentabox-papa-molon-verde-menta-y-mora\/#primaryimage"},"thumbnailUrl":"https:\/\/www.mentaymora.com\/wp-content\/uploads\/2025\/03\/mentabox_papamolon_verde_1.jpg","datePublished":"2025-03-05T07:42:31+00:00","dateModified":"2026-03-18T19:44:14+00:00","description":"MentaBox \"Pap\u00e1 Mol\u00f3n\" VERDE - Menta y Mora Caja Regalo MentaBox \"Pap\u00e1 Mol\u00f3n\" Verde \u2013 El Detalle Perfecto para Pap\u00e1 Sorprende a pap\u00e1 con un regalo \u00fanico y","breadcrumb":{"@id":"https:\/\/www.mentaymora.com\/index.php\/producto\/mentabox-papa-molon-verde-menta-y-mora\/#breadcrumb"},"inLanguage":"es","potentialAction":[{"@type":"ReadAction","target":["https:\/\/www.mentaymora.com\/index.php\/producto\/mentabox-papa-molon-verde-menta-y-mora\/"]}]},{"@type":"ImageObject","inLanguage":"es","@id":"https:\/\/www.mentaymora.com\/index.php\/producto\/mentabox-papa-molon-verde-menta-y-mora\/#primaryimage","url":"https:\/\/www.mentaymora.com\/wp-content\/uploads\/2025\/03\/mentabox_papamolon_verde_1.jpg","contentUrl":"https:\/\/www.mentaymora.com\/wp-content\/uploads\/2025\/03\/mentabox_papamolon_verde_1.jpg","width":1200,"height":1200,"caption":"mentabox papamolon verde 1"},{"@type":"BreadcrumbList","@id":"https:\/\/www.mentaymora.com\/index.php\/producto\/mentabox-papa-molon-verde-menta-y-mora\/#breadcrumb","itemListElement":[{"@type":"ListItem","position":1,"name":"Portada","item":"https:\/\/www.mentaymora.com\/"},{"@type":"ListItem","position":2,"name":"Productos","item":"https:\/\/www.mentaymora.com\/index.php\/tienda\/"},{"@type":"ListItem","position":3,"name":"MentaBox \u00abPap\u00e1 Mol\u00f3n\u00bb VERDE &#8211; Menta y Mora"}]},{"@type":"WebSite","@id":"https:\/\/www.mentaymora.com\/#website","url":"https:\/\/www.mentaymora.com\/","name":"Menta y Mora","description":"Regalos y Complementos","publisher":{"@id":"https:\/\/www.mentaymora.com\/#organization"},"potentialAction":[{"@type":"SearchAction","target":{"@type":"EntryPoint","urlTemplate":"https:\/\/www.mentaymora.com\/?s={search_term_string}"},"query-input":{"@type":"PropertyValueSpecification","valueRequired":true,"valueName":"search_term_string"}}],"inLanguage":"es"},{"@type":"Organization","@id":"https:\/\/www.mentaymora.com\/#organization","name":"Menta y Mora","url":"https:\/\/www.mentaymora.com\/","logo":{"@type":"ImageObject","inLanguage":"es","@id":"https:\/\/www.mentaymora.com\/#\/schema\/logo\/image\/","url":"https:\/\/www.mentaymora.com\/wp-content\/uploads\/2021\/07\/Logo.jpg","contentUrl":"https:\/\/www.mentaymora.com\/wp-content\/uploads\/2021\/07\/Logo.jpg","width":1172,"height":1172,"caption":"Menta y Mora"},"image":{"@id":"https:\/\/www.mentaymora.com\/#\/schema\/logo\/image\/"},"sameAs":["https:\/\/es-es.facebook.com\/MentayMora\/","https:\/\/www.instagram.com\/mentaymora.illescas\/?hl=es","https:\/\/www.youtube.com\/channel\/UCuMMtdck_1XS-MyW6ZnBAlw"]}]}},"_links":{"self":[{"href":"https:\/\/www.mentaymora.com\/index.php\/wp-json\/wp\/v2\/product\/18049","targetHints":{"allow":["GET"]}}],"collection":[{"href":"https:\/\/www.mentaymora.com\/index.php\/wp-json\/wp\/v2\/product"}],"about":[{"href":"https:\/\/www.mentaymora.com\/index.php\/wp-json\/wp\/v2\/types\/product"}],"replies":[{"embeddable":true,"href":"https:\/\/www.mentaymora.com\/index.php\/wp-json\/wp\/v2\/comments?post=18049"}],"wp:featuredmedia":[{"embeddable":true,"href":"https:\/\/www.mentaymora.com\/index.php\/wp-json\/wp\/v2\/media\/18043"}],"wp:attachment":[{"href":"https:\/\/www.mentaymora.com\/index.php\/wp-json\/wp\/v2\/media?parent=18049"}],"wp:term":[{"taxonomy":"product_brand","embeddable":true,"href":"https:\/\/www.mentaymora.com\/index.php\/wp-json\/wp\/v2\/product_brand?post=18049"},{"taxonomy":"product_cat","embeddable":true,"href":"https:\/\/www.mentaymora.com\/index.php\/wp-json\/wp\/v2\/product_cat?post=18049"},{"taxonomy":"product_tag","embeddable":true,"href":"https:\/\/www.mentaymora.com\/index.php\/wp-json\/wp\/v2\/product_tag?post=18049"}],"curies":[{"name":"wp","href":"https:\/\/api.w.org\/{rel}","templated":true}]}}