{"id":18218,"date":"2025-04-06T19:43:09","date_gmt":"2025-04-06T18:43:09","guid":{"rendered":"https:\/\/www.mentaymora.com\/?post_type=product&#038;p=18218"},"modified":"2025-04-06T19:43:09","modified_gmt":"2025-04-06T18:43:09","slug":"doble-collar-de-acero-mama-dia-de-la-madre","status":"publish","type":"product","link":"https:\/\/www.mentaymora.com\/index.php\/producto\/doble-collar-de-acero-mama-dia-de-la-madre\/","title":{"rendered":"Doble Collar de Acero \u00abMam\u00e1\u00bb &#8211; D\u00eda de la Madre"},"content":{"rendered":"<p>Doble Collar de Acero \u00abMam\u00e1\u00bb &#8211; D\u00eda de la Madre<\/p>\n<p><strong>S\u00edmbolo del \u00abInfinito\u00bb y Palabra \u00abMam\u00e1\u00bb<\/strong><\/p>\n<p>Este elegante doble collar de acero inoxidable, libre de n\u00edquel, es el regalo perfecto para honrar a mam\u00e1. La primera cadena cuenta con el s\u00edmbolo del infinito, mientras que la segunda presenta la palabra \u00abmam\u00e1\u00bb, creando una combinaci\u00f3n \u00fanica y significativa. Ambas cadenas est\u00e1n unidas entre s\u00ed en el broche, ofreciendo un dise\u00f1o armonioso y sofisticado.<\/p>\n<ul>\n<li>\n<p><strong>Material de acero inoxidable<\/strong>, libre de n\u00edquel, ideal para pieles sensibles<\/p>\n<\/li>\n<li>\n<p><strong>Primer collar con el s\u00edmbolo del infinito<\/strong>, un detalle lleno de significado y amor eterno<\/p>\n<\/li>\n<li>\n<p><strong>Segundo collar con la palabra \u00abmam\u00e1\u00bb<\/strong>, un homenaje especial a la figura materna<\/p>\n<\/li>\n<li>\n<p><strong>Cadenas unidas entre s\u00ed en el broche<\/strong>, creando un dise\u00f1o \u00fanico y elegante<\/p>\n<\/li>\n<\/ul>\n<p>Este collar es el detalle perfecto para sorprender a mam\u00e1 con un accesorio lleno de cari\u00f1o y estilo.<\/p>\n<p>&nbsp;<\/p>\n<p><a href=\"https:\/\/www.mentaymora.com\/\">Menta y Mora<\/a>\u00a0Te Enamora\u00a0 \u00a0 S\u00edguenos en nuestras RRSS (<a href=\"https:\/\/es-es.facebook.com\/MentayMora\/\">Facebook<\/a>\u00a0e\u00a0<a href=\"https:\/\/www.instagram.com\/mentaymora.illescas\/?hl=es\">Instagram<\/a>)\u00a0 \u00a0Si tienes alguna consulta,\u00a0<a href=\"mailto:%20info@mentaymora.com\">preg\u00fantanos<\/a><\/p>\n","protected":false},"excerpt":{"rendered":"<p>Este elegante doble collar de acero inoxidable, libre de n\u00edquel, es el regalo perfecto para honrar a mam\u00e1. La primera cadena cuenta con el s\u00edmbolo del infinito, mientras que la segunda presenta la palabra \u00abmam\u00e1\u00bb, creando una combinaci\u00f3n \u00fanica y significativa. Ambas cadenas est\u00e1n unidas entre s\u00ed en el broche, ofreciendo un dise\u00f1o armonioso y sofisticado.<\/p>\n<ul>\n<li><strong>Material de acero inoxidable<\/strong>, libre de n\u00edquel, ideal para pieles sensibles<\/li>\n<\/ul>\n","protected":false},"featured_media":18220,"comment_status":"open","ping_status":"closed","template":"","meta":{"_acf_changed":false,"_joinchat":[]},"product_brand":[],"product_cat":[1508],"product_tag":[1366,1097,1053],"class_list":{"0":"post-18218","1":"product","2":"type-product","3":"status-publish","4":"has-post-thumbnail","6":"product_cat-bisuteria","7":"product_tag-collar","8":"product_tag-dia-de-la-madre","9":"product_tag-mama","10":"latest_post","12":"first","13":"instock","14":"taxable","15":"shipping-taxable","16":"purchasable","17":"product-type-simple"},"acf":[],"yoast_head":"<!-- This site is optimized with the Yoast SEO plugin v27.4 - https:\/\/yoast.com\/product\/yoast-seo-wordpress\/ -->\n<title>Doble Collar de Acero &quot;Mam\u00e1&quot; - D\u00eda de la Madre - Menta y Mora<\/title>\n<meta name=\"description\" content=\"Doble Collar de Acero &quot;Mam\u00e1&quot; - D\u00eda de la Madre S\u00edmbolo del &quot;Infinito&quot; y Palabra &quot;Mam\u00e1&quot; Este elegante doble collar de acero inoxidable, libre de n\u00edquel,\" \/>\n<meta name=\"robots\" content=\"index, follow, max-snippet:-1, max-image-preview:large, max-video-preview:-1\" \/>\n<link rel=\"canonical\" href=\"https:\/\/www.mentaymora.com\/index.php\/producto\/doble-collar-de-acero-mama-dia-de-la-madre\/\" \/>\n<meta property=\"og:locale\" content=\"es_ES\" \/>\n<meta property=\"og:type\" content=\"article\" \/>\n<meta property=\"og:title\" content=\"Doble Collar de Acero &quot;Mam\u00e1&quot; - D\u00eda de la Madre - Menta y Mora\" \/>\n<meta property=\"og:description\" content=\"Doble Collar de Acero &quot;Mam\u00e1&quot; - D\u00eda de la Madre S\u00edmbolo del &quot;Infinito&quot; y Palabra &quot;Mam\u00e1&quot; Este elegante doble collar de acero inoxidable, libre de n\u00edquel,\" \/>\n<meta property=\"og:url\" content=\"https:\/\/www.mentaymora.com\/index.php\/producto\/doble-collar-de-acero-mama-dia-de-la-madre\/\" \/>\n<meta property=\"og:site_name\" content=\"Menta y Mora\" \/>\n<meta property=\"article:publisher\" content=\"https:\/\/es-es.facebook.com\/MentayMora\/\" \/>\n<meta property=\"og:image\" content=\"https:\/\/www.mentaymora.com\/wp-content\/uploads\/2025\/04\/Doble-Collar-de-Acero-Mama-Dia-de-la-Madre-2.jpg\" \/>\n\t<meta property=\"og:image:width\" content=\"1200\" \/>\n\t<meta property=\"og:image:height\" content=\"1200\" \/>\n\t<meta property=\"og:image:type\" content=\"image\/jpeg\" \/>\n<meta name=\"twitter:card\" content=\"summary_large_image\" \/>\n<meta name=\"twitter:label1\" content=\"Tiempo de lectura\" \/>\n\t<meta name=\"twitter:data1\" content=\"1 minuto\" \/>\n<script type=\"application\/ld+json\" class=\"yoast-schema-graph\">{\"@context\":\"https:\\\/\\\/schema.org\",\"@graph\":[{\"@type\":\"WebPage\",\"@id\":\"https:\\\/\\\/www.mentaymora.com\\\/index.php\\\/producto\\\/doble-collar-de-acero-mama-dia-de-la-madre\\\/\",\"url\":\"https:\\\/\\\/www.mentaymora.com\\\/index.php\\\/producto\\\/doble-collar-de-acero-mama-dia-de-la-madre\\\/\",\"name\":\"Doble Collar de Acero \\\"Mam\u00e1\\\" - D\u00eda de la Madre - Menta y Mora\",\"isPartOf\":{\"@id\":\"https:\\\/\\\/www.mentaymora.com\\\/#website\"},\"primaryImageOfPage\":{\"@id\":\"https:\\\/\\\/www.mentaymora.com\\\/index.php\\\/producto\\\/doble-collar-de-acero-mama-dia-de-la-madre\\\/#primaryimage\"},\"image\":{\"@id\":\"https:\\\/\\\/www.mentaymora.com\\\/index.php\\\/producto\\\/doble-collar-de-acero-mama-dia-de-la-madre\\\/#primaryimage\"},\"thumbnailUrl\":\"https:\\\/\\\/www.mentaymora.com\\\/wp-content\\\/uploads\\\/2025\\\/04\\\/Doble-Collar-de-Acero-Mama-Dia-de-la-Madre-2.jpg\",\"datePublished\":\"2025-04-06T18:43:09+00:00\",\"description\":\"Doble Collar de Acero \\\"Mam\u00e1\\\" - D\u00eda de la Madre S\u00edmbolo del \\\"Infinito\\\" y Palabra \\\"Mam\u00e1\\\" Este elegante doble collar de acero inoxidable, libre de n\u00edquel,\",\"breadcrumb\":{\"@id\":\"https:\\\/\\\/www.mentaymora.com\\\/index.php\\\/producto\\\/doble-collar-de-acero-mama-dia-de-la-madre\\\/#breadcrumb\"},\"inLanguage\":\"es\",\"potentialAction\":[{\"@type\":\"ReadAction\",\"target\":[\"https:\\\/\\\/www.mentaymora.com\\\/index.php\\\/producto\\\/doble-collar-de-acero-mama-dia-de-la-madre\\\/\"]}]},{\"@type\":\"ImageObject\",\"inLanguage\":\"es\",\"@id\":\"https:\\\/\\\/www.mentaymora.com\\\/index.php\\\/producto\\\/doble-collar-de-acero-mama-dia-de-la-madre\\\/#primaryimage\",\"url\":\"https:\\\/\\\/www.mentaymora.com\\\/wp-content\\\/uploads\\\/2025\\\/04\\\/Doble-Collar-de-Acero-Mama-Dia-de-la-Madre-2.jpg\",\"contentUrl\":\"https:\\\/\\\/www.mentaymora.com\\\/wp-content\\\/uploads\\\/2025\\\/04\\\/Doble-Collar-de-Acero-Mama-Dia-de-la-Madre-2.jpg\",\"width\":1200,\"height\":1200,\"caption\":\"Doble Collar de Acero Mam\u00e1 D\u00eda de la Madre 2\"},{\"@type\":\"BreadcrumbList\",\"@id\":\"https:\\\/\\\/www.mentaymora.com\\\/index.php\\\/producto\\\/doble-collar-de-acero-mama-dia-de-la-madre\\\/#breadcrumb\",\"itemListElement\":[{\"@type\":\"ListItem\",\"position\":1,\"name\":\"Portada\",\"item\":\"https:\\\/\\\/www.mentaymora.com\\\/\"},{\"@type\":\"ListItem\",\"position\":2,\"name\":\"Productos\",\"item\":\"https:\\\/\\\/www.mentaymora.com\\\/index.php\\\/tienda\\\/\"},{\"@type\":\"ListItem\",\"position\":3,\"name\":\"Doble Collar de Acero &#8220;Mam\u00e1&#8221; &#8211; D\u00eda de la Madre\"}]},{\"@type\":\"WebSite\",\"@id\":\"https:\\\/\\\/www.mentaymora.com\\\/#website\",\"url\":\"https:\\\/\\\/www.mentaymora.com\\\/\",\"name\":\"Menta y Mora\",\"description\":\"Regalos y Complementos\",\"publisher\":{\"@id\":\"https:\\\/\\\/www.mentaymora.com\\\/#organization\"},\"potentialAction\":[{\"@type\":\"SearchAction\",\"target\":{\"@type\":\"EntryPoint\",\"urlTemplate\":\"https:\\\/\\\/www.mentaymora.com\\\/?s={search_term_string}\"},\"query-input\":{\"@type\":\"PropertyValueSpecification\",\"valueRequired\":true,\"valueName\":\"search_term_string\"}}],\"inLanguage\":\"es\"},{\"@type\":\"Organization\",\"@id\":\"https:\\\/\\\/www.mentaymora.com\\\/#organization\",\"name\":\"Menta y Mora\",\"url\":\"https:\\\/\\\/www.mentaymora.com\\\/\",\"logo\":{\"@type\":\"ImageObject\",\"inLanguage\":\"es\",\"@id\":\"https:\\\/\\\/www.mentaymora.com\\\/#\\\/schema\\\/logo\\\/image\\\/\",\"url\":\"https:\\\/\\\/www.mentaymora.com\\\/wp-content\\\/uploads\\\/2021\\\/07\\\/Logo.jpg\",\"contentUrl\":\"https:\\\/\\\/www.mentaymora.com\\\/wp-content\\\/uploads\\\/2021\\\/07\\\/Logo.jpg\",\"width\":1172,\"height\":1172,\"caption\":\"Menta y Mora\"},\"image\":{\"@id\":\"https:\\\/\\\/www.mentaymora.com\\\/#\\\/schema\\\/logo\\\/image\\\/\"},\"sameAs\":[\"https:\\\/\\\/es-es.facebook.com\\\/MentayMora\\\/\",\"https:\\\/\\\/www.instagram.com\\\/mentaymora.illescas\\\/?hl=es\",\"https:\\\/\\\/www.youtube.com\\\/channel\\\/UCuMMtdck_1XS-MyW6ZnBAlw\"]}]}<\/script>\n<!-- \/ Yoast SEO plugin. -->","yoast_head_json":{"title":"Doble Collar de Acero \"Mam\u00e1\" - D\u00eda de la Madre - Menta y Mora","description":"Doble Collar de Acero \"Mam\u00e1\" - D\u00eda de la Madre S\u00edmbolo del \"Infinito\" y Palabra \"Mam\u00e1\" Este elegante doble collar de acero inoxidable, libre de n\u00edquel,","robots":{"index":"index","follow":"follow","max-snippet":"max-snippet:-1","max-image-preview":"max-image-preview:large","max-video-preview":"max-video-preview:-1"},"canonical":"https:\/\/www.mentaymora.com\/index.php\/producto\/doble-collar-de-acero-mama-dia-de-la-madre\/","og_locale":"es_ES","og_type":"article","og_title":"Doble Collar de Acero \"Mam\u00e1\" - D\u00eda de la Madre - Menta y Mora","og_description":"Doble Collar de Acero \"Mam\u00e1\" - D\u00eda de la Madre S\u00edmbolo del \"Infinito\" y Palabra \"Mam\u00e1\" Este elegante doble collar de acero inoxidable, libre de n\u00edquel,","og_url":"https:\/\/www.mentaymora.com\/index.php\/producto\/doble-collar-de-acero-mama-dia-de-la-madre\/","og_site_name":"Menta y Mora","article_publisher":"https:\/\/es-es.facebook.com\/MentayMora\/","og_image":[{"width":1200,"height":1200,"url":"https:\/\/www.mentaymora.com\/wp-content\/uploads\/2025\/04\/Doble-Collar-de-Acero-Mama-Dia-de-la-Madre-2.jpg","type":"image\/jpeg"}],"twitter_card":"summary_large_image","twitter_misc":{"Tiempo de lectura":"1 minuto"},"schema":{"@context":"https:\/\/schema.org","@graph":[{"@type":"WebPage","@id":"https:\/\/www.mentaymora.com\/index.php\/producto\/doble-collar-de-acero-mama-dia-de-la-madre\/","url":"https:\/\/www.mentaymora.com\/index.php\/producto\/doble-collar-de-acero-mama-dia-de-la-madre\/","name":"Doble Collar de Acero \"Mam\u00e1\" - D\u00eda de la Madre - Menta y Mora","isPartOf":{"@id":"https:\/\/www.mentaymora.com\/#website"},"primaryImageOfPage":{"@id":"https:\/\/www.mentaymora.com\/index.php\/producto\/doble-collar-de-acero-mama-dia-de-la-madre\/#primaryimage"},"image":{"@id":"https:\/\/www.mentaymora.com\/index.php\/producto\/doble-collar-de-acero-mama-dia-de-la-madre\/#primaryimage"},"thumbnailUrl":"https:\/\/www.mentaymora.com\/wp-content\/uploads\/2025\/04\/Doble-Collar-de-Acero-Mama-Dia-de-la-Madre-2.jpg","datePublished":"2025-04-06T18:43:09+00:00","description":"Doble Collar de Acero \"Mam\u00e1\" - D\u00eda de la Madre S\u00edmbolo del \"Infinito\" y Palabra \"Mam\u00e1\" Este elegante doble collar de acero inoxidable, libre de n\u00edquel,","breadcrumb":{"@id":"https:\/\/www.mentaymora.com\/index.php\/producto\/doble-collar-de-acero-mama-dia-de-la-madre\/#breadcrumb"},"inLanguage":"es","potentialAction":[{"@type":"ReadAction","target":["https:\/\/www.mentaymora.com\/index.php\/producto\/doble-collar-de-acero-mama-dia-de-la-madre\/"]}]},{"@type":"ImageObject","inLanguage":"es","@id":"https:\/\/www.mentaymora.com\/index.php\/producto\/doble-collar-de-acero-mama-dia-de-la-madre\/#primaryimage","url":"https:\/\/www.mentaymora.com\/wp-content\/uploads\/2025\/04\/Doble-Collar-de-Acero-Mama-Dia-de-la-Madre-2.jpg","contentUrl":"https:\/\/www.mentaymora.com\/wp-content\/uploads\/2025\/04\/Doble-Collar-de-Acero-Mama-Dia-de-la-Madre-2.jpg","width":1200,"height":1200,"caption":"Doble Collar de Acero Mam\u00e1 D\u00eda de la Madre 2"},{"@type":"BreadcrumbList","@id":"https:\/\/www.mentaymora.com\/index.php\/producto\/doble-collar-de-acero-mama-dia-de-la-madre\/#breadcrumb","itemListElement":[{"@type":"ListItem","position":1,"name":"Portada","item":"https:\/\/www.mentaymora.com\/"},{"@type":"ListItem","position":2,"name":"Productos","item":"https:\/\/www.mentaymora.com\/index.php\/tienda\/"},{"@type":"ListItem","position":3,"name":"Doble Collar de Acero &#8220;Mam\u00e1&#8221; &#8211; D\u00eda de la Madre"}]},{"@type":"WebSite","@id":"https:\/\/www.mentaymora.com\/#website","url":"https:\/\/www.mentaymora.com\/","name":"Menta y Mora","description":"Regalos y Complementos","publisher":{"@id":"https:\/\/www.mentaymora.com\/#organization"},"potentialAction":[{"@type":"SearchAction","target":{"@type":"EntryPoint","urlTemplate":"https:\/\/www.mentaymora.com\/?s={search_term_string}"},"query-input":{"@type":"PropertyValueSpecification","valueRequired":true,"valueName":"search_term_string"}}],"inLanguage":"es"},{"@type":"Organization","@id":"https:\/\/www.mentaymora.com\/#organization","name":"Menta y Mora","url":"https:\/\/www.mentaymora.com\/","logo":{"@type":"ImageObject","inLanguage":"es","@id":"https:\/\/www.mentaymora.com\/#\/schema\/logo\/image\/","url":"https:\/\/www.mentaymora.com\/wp-content\/uploads\/2021\/07\/Logo.jpg","contentUrl":"https:\/\/www.mentaymora.com\/wp-content\/uploads\/2021\/07\/Logo.jpg","width":1172,"height":1172,"caption":"Menta y Mora"},"image":{"@id":"https:\/\/www.mentaymora.com\/#\/schema\/logo\/image\/"},"sameAs":["https:\/\/es-es.facebook.com\/MentayMora\/","https:\/\/www.instagram.com\/mentaymora.illescas\/?hl=es","https:\/\/www.youtube.com\/channel\/UCuMMtdck_1XS-MyW6ZnBAlw"]}]}},"_links":{"self":[{"href":"https:\/\/www.mentaymora.com\/index.php\/wp-json\/wp\/v2\/product\/18218","targetHints":{"allow":["GET"]}}],"collection":[{"href":"https:\/\/www.mentaymora.com\/index.php\/wp-json\/wp\/v2\/product"}],"about":[{"href":"https:\/\/www.mentaymora.com\/index.php\/wp-json\/wp\/v2\/types\/product"}],"replies":[{"embeddable":true,"href":"https:\/\/www.mentaymora.com\/index.php\/wp-json\/wp\/v2\/comments?post=18218"}],"wp:featuredmedia":[{"embeddable":true,"href":"https:\/\/www.mentaymora.com\/index.php\/wp-json\/wp\/v2\/media\/18220"}],"wp:attachment":[{"href":"https:\/\/www.mentaymora.com\/index.php\/wp-json\/wp\/v2\/media?parent=18218"}],"wp:term":[{"taxonomy":"product_brand","embeddable":true,"href":"https:\/\/www.mentaymora.com\/index.php\/wp-json\/wp\/v2\/product_brand?post=18218"},{"taxonomy":"product_cat","embeddable":true,"href":"https:\/\/www.mentaymora.com\/index.php\/wp-json\/wp\/v2\/product_cat?post=18218"},{"taxonomy":"product_tag","embeddable":true,"href":"https:\/\/www.mentaymora.com\/index.php\/wp-json\/wp\/v2\/product_tag?post=18218"}],"curies":[{"name":"wp","href":"https:\/\/api.w.org\/{rel}","templated":true}]}}