{"id":19421,"date":"2025-07-10T15:53:50","date_gmt":"2025-07-10T14:53:50","guid":{"rendered":"https:\/\/www.mentaymora.com\/?post_type=product&#038;p=19421"},"modified":"2025-07-10T16:07:00","modified_gmt":"2025-07-10T15:07:00","slug":"bolsa-yute-y-algodon-personalizada","status":"publish","type":"product","link":"https:\/\/www.mentaymora.com\/index.php\/producto\/bolsa-yute-y-algodon-personalizada\/","title":{"rendered":"Bolsa Yute y Algod\u00f3n Personalizada"},"content":{"rendered":"<p>Bolsa Yute y Algod\u00f3n Personalizada<\/p>\n<p data-start=\"342\" data-end=\"564\">Este <strong data-start=\"347\" data-end=\"400\">bolso de yute con bolsillo de algod\u00f3n y asa corta<\/strong> es el complemento ideal para quienes buscan estilo natural, funcionalidad y un toque personal. Perfecto para el d\u00eda a d\u00eda, paseos, compras o como detalle especial.<\/p>\n<p data-start=\"566\" data-end=\"599\"><strong data-start=\"566\" data-end=\"599\">Caracter\u00edsticas del producto:<\/strong><\/p>\n<ul data-start=\"601\" data-end=\"1040\">\n<li data-start=\"601\" data-end=\"660\">\n<p data-start=\"603\" data-end=\"660\">Fabricado en <strong data-start=\"616\" data-end=\"633\">yute laminado<\/strong>, resistente y ecol\u00f3gico.<\/p>\n<\/li>\n<li data-start=\"661\" data-end=\"752\">\n<p data-start=\"663\" data-end=\"752\"><strong data-start=\"663\" data-end=\"694\">Bolsillo frontal en algod\u00f3n<\/strong>, ideal para guardar objetos peque\u00f1os o de f\u00e1cil acceso.<\/p>\n<\/li>\n<li data-start=\"753\" data-end=\"822\">\n<p data-start=\"755\" data-end=\"822\"><strong data-start=\"755\" data-end=\"794\">Asa corta de algod\u00f3n en color beige<\/strong>, c\u00f3moda y de tacto suave.<\/p>\n<\/li>\n<li data-start=\"823\" data-end=\"897\">\n<p data-start=\"825\" data-end=\"897\"><strong data-start=\"825\" data-end=\"863\">Personalizaci\u00f3n con nombre bordado<\/strong>, para hacerlo \u00fanico y especial.<\/p>\n<\/li>\n<li data-start=\"898\" data-end=\"976\">\n<p data-start=\"900\" data-end=\"976\">Medidas: <strong data-start=\"909\" data-end=\"930\">44.5 x 34 x 15 cm<\/strong>, amplio y pr\u00e1ctico para llevar lo esencial.<\/p>\n<\/li>\n<li data-start=\"977\" data-end=\"1040\">\n<p data-start=\"979\" data-end=\"1040\">Dise\u00f1o vers\u00e1til que combina con estilos casuales o boho chic.<\/p>\n<\/li>\n<\/ul>\n<p data-start=\"1042\" data-end=\"1248\">Este bolso es una excelente opci\u00f3n como regalo personalizado o como accesorio funcional con un toque artesanal. Su dise\u00f1o natural y personalizable lo convierte en un imprescindible para cualquier temporada.<\/p>\n<p data-start=\"1042\" data-end=\"1248\"><a href=\"https:\/\/www.mentaymora.com\/\">Menta y Mora<\/a>\u00a0Te Enamora\u00a0 \u00a0 \u00a0 S\u00edguenos en nuestras RRSS (<a href=\"https:\/\/es-es.facebook.com\/MentayMora\/\">Facebook<\/a>\u00a0e\u00a0<a href=\"https:\/\/www.instagram.com\/mentaymora.illescas\/?hl=es\">Instagram<\/a>)\u00a0 \u00a0 \u00a0 \u00a0Si tienes alguna consulta,\u00a0<a href=\"mailto:%20info@mentaymora.com\">preg\u00fantanos<\/a>.<\/p>\n","protected":false},"excerpt":{"rendered":"<p data-start=\"72\" data-end=\"359\">Bolso ecol\u00f3gico de yute laminado con bolsillo frontal de algod\u00f3n y asa corta en color beige. Personal\u00edzalo con nombre bordado. Ideal para el d\u00eda a d\u00eda, regalos \u00fanicos o accesorios sostenibles.<\/p>\n<ul>\n<li data-start=\"72\" data-end=\"359\"><strong>Medidas:<\/strong> 44.5 x 34 x 15 cm.<\/li>\n<li><strong>Personalizaci\u00f3n con el nombre<\/strong>: a\u00f1ade tu nombre y hazlo verdaderamente tuyo, o convi\u00e9rtelo en un regalo con un toque especial y \u00fanico.<\/li>\n<li><strong>Tiempo de entrega:<\/strong>\u00a02\/3 d\u00edas h\u00e1biles.<\/li>\n<\/ul>\n","protected":false},"featured_media":19423,"comment_status":"open","ping_status":"closed","template":"","meta":{"_acf_changed":false,"_joinchat":[]},"product_brand":[],"product_cat":[1353,1382],"product_tag":[1229,1585],"class_list":{"0":"post-19421","1":"product","2":"type-product","3":"status-publish","4":"has-post-thumbnail","6":"product_cat-bolso","7":"product_cat-textil","8":"product_tag-bolsa","9":"product_tag-verano","10":"latest_post","12":"first","13":"instock","14":"taxable","15":"shipping-taxable","16":"purchasable","17":"product-type-variable"},"acf":[],"yoast_head":"<!-- This site is optimized with the Yoast SEO plugin v27.4 - https:\/\/yoast.com\/product\/yoast-seo-wordpress\/ -->\n<title>Bolsa Yute y Algod\u00f3n Personalizada - Menta y Mora<\/title>\n<meta name=\"description\" content=\"Bolsa Yute y Algod\u00f3n Personalizada Este bolso de yute con bolsillo de algod\u00f3n y asa corta es el complemento ideal para quienes buscan estilo natural,\" \/>\n<meta name=\"robots\" content=\"index, follow, max-snippet:-1, max-image-preview:large, max-video-preview:-1\" \/>\n<link rel=\"canonical\" href=\"https:\/\/www.mentaymora.com\/index.php\/producto\/bolsa-yute-y-algodon-personalizada\/\" \/>\n<meta property=\"og:locale\" content=\"es_ES\" \/>\n<meta property=\"og:type\" content=\"article\" \/>\n<meta property=\"og:title\" content=\"Bolsa Yute y Algod\u00f3n Personalizada - Menta y Mora\" \/>\n<meta property=\"og:description\" content=\"Bolsa Yute y Algod\u00f3n Personalizada Este bolso de yute con bolsillo de algod\u00f3n y asa corta es el complemento ideal para quienes buscan estilo natural,\" \/>\n<meta property=\"og:url\" content=\"https:\/\/www.mentaymora.com\/index.php\/producto\/bolsa-yute-y-algodon-personalizada\/\" \/>\n<meta property=\"og:site_name\" content=\"Menta y Mora\" \/>\n<meta property=\"article:publisher\" content=\"https:\/\/es-es.facebook.com\/MentayMora\/\" \/>\n<meta property=\"article:modified_time\" content=\"2025-07-10T15:07:00+00:00\" \/>\n<meta property=\"og:image\" content=\"https:\/\/www.mentaymora.com\/wp-content\/uploads\/2025\/07\/bolsa-de-yute-y-algodon-asa-corta-y-bolsillo.jpg\" \/>\n\t<meta property=\"og:image:width\" content=\"381\" \/>\n\t<meta property=\"og:image:height\" content=\"492\" \/>\n\t<meta property=\"og:image:type\" content=\"image\/jpeg\" \/>\n<meta name=\"twitter:card\" content=\"summary_large_image\" \/>\n<meta name=\"twitter:label1\" content=\"Tiempo de lectura\" \/>\n\t<meta name=\"twitter:data1\" content=\"1 minuto\" \/>\n<script type=\"application\/ld+json\" class=\"yoast-schema-graph\">{\"@context\":\"https:\\\/\\\/schema.org\",\"@graph\":[{\"@type\":\"WebPage\",\"@id\":\"https:\\\/\\\/www.mentaymora.com\\\/index.php\\\/producto\\\/bolsa-yute-y-algodon-personalizada\\\/\",\"url\":\"https:\\\/\\\/www.mentaymora.com\\\/index.php\\\/producto\\\/bolsa-yute-y-algodon-personalizada\\\/\",\"name\":\"Bolsa Yute y Algod\u00f3n Personalizada - Menta y Mora\",\"isPartOf\":{\"@id\":\"https:\\\/\\\/www.mentaymora.com\\\/#website\"},\"primaryImageOfPage\":{\"@id\":\"https:\\\/\\\/www.mentaymora.com\\\/index.php\\\/producto\\\/bolsa-yute-y-algodon-personalizada\\\/#primaryimage\"},\"image\":{\"@id\":\"https:\\\/\\\/www.mentaymora.com\\\/index.php\\\/producto\\\/bolsa-yute-y-algodon-personalizada\\\/#primaryimage\"},\"thumbnailUrl\":\"https:\\\/\\\/www.mentaymora.com\\\/wp-content\\\/uploads\\\/2025\\\/07\\\/bolsa-de-yute-y-algodon-asa-corta-y-bolsillo.jpg\",\"datePublished\":\"2025-07-10T14:53:50+00:00\",\"dateModified\":\"2025-07-10T15:07:00+00:00\",\"description\":\"Bolsa Yute y Algod\u00f3n Personalizada Este bolso de yute con bolsillo de algod\u00f3n y asa corta es el complemento ideal para quienes buscan estilo natural,\",\"breadcrumb\":{\"@id\":\"https:\\\/\\\/www.mentaymora.com\\\/index.php\\\/producto\\\/bolsa-yute-y-algodon-personalizada\\\/#breadcrumb\"},\"inLanguage\":\"es\",\"potentialAction\":[{\"@type\":\"ReadAction\",\"target\":[\"https:\\\/\\\/www.mentaymora.com\\\/index.php\\\/producto\\\/bolsa-yute-y-algodon-personalizada\\\/\"]}]},{\"@type\":\"ImageObject\",\"inLanguage\":\"es\",\"@id\":\"https:\\\/\\\/www.mentaymora.com\\\/index.php\\\/producto\\\/bolsa-yute-y-algodon-personalizada\\\/#primaryimage\",\"url\":\"https:\\\/\\\/www.mentaymora.com\\\/wp-content\\\/uploads\\\/2025\\\/07\\\/bolsa-de-yute-y-algodon-asa-corta-y-bolsillo.jpg\",\"contentUrl\":\"https:\\\/\\\/www.mentaymora.com\\\/wp-content\\\/uploads\\\/2025\\\/07\\\/bolsa-de-yute-y-algodon-asa-corta-y-bolsillo.jpg\",\"width\":381,\"height\":492,\"caption\":\"bolsa de yute y algodon asa corta y bolsillo\"},{\"@type\":\"BreadcrumbList\",\"@id\":\"https:\\\/\\\/www.mentaymora.com\\\/index.php\\\/producto\\\/bolsa-yute-y-algodon-personalizada\\\/#breadcrumb\",\"itemListElement\":[{\"@type\":\"ListItem\",\"position\":1,\"name\":\"Portada\",\"item\":\"https:\\\/\\\/www.mentaymora.com\\\/\"},{\"@type\":\"ListItem\",\"position\":2,\"name\":\"Productos\",\"item\":\"https:\\\/\\\/www.mentaymora.com\\\/index.php\\\/tienda\\\/\"},{\"@type\":\"ListItem\",\"position\":3,\"name\":\"Bolsa Yute y Algod\u00f3n Personalizada\"}]},{\"@type\":\"WebSite\",\"@id\":\"https:\\\/\\\/www.mentaymora.com\\\/#website\",\"url\":\"https:\\\/\\\/www.mentaymora.com\\\/\",\"name\":\"Menta y Mora\",\"description\":\"Regalos y Complementos\",\"publisher\":{\"@id\":\"https:\\\/\\\/www.mentaymora.com\\\/#organization\"},\"potentialAction\":[{\"@type\":\"SearchAction\",\"target\":{\"@type\":\"EntryPoint\",\"urlTemplate\":\"https:\\\/\\\/www.mentaymora.com\\\/?s={search_term_string}\"},\"query-input\":{\"@type\":\"PropertyValueSpecification\",\"valueRequired\":true,\"valueName\":\"search_term_string\"}}],\"inLanguage\":\"es\"},{\"@type\":\"Organization\",\"@id\":\"https:\\\/\\\/www.mentaymora.com\\\/#organization\",\"name\":\"Menta y Mora\",\"url\":\"https:\\\/\\\/www.mentaymora.com\\\/\",\"logo\":{\"@type\":\"ImageObject\",\"inLanguage\":\"es\",\"@id\":\"https:\\\/\\\/www.mentaymora.com\\\/#\\\/schema\\\/logo\\\/image\\\/\",\"url\":\"https:\\\/\\\/www.mentaymora.com\\\/wp-content\\\/uploads\\\/2021\\\/07\\\/Logo.jpg\",\"contentUrl\":\"https:\\\/\\\/www.mentaymora.com\\\/wp-content\\\/uploads\\\/2021\\\/07\\\/Logo.jpg\",\"width\":1172,\"height\":1172,\"caption\":\"Menta y Mora\"},\"image\":{\"@id\":\"https:\\\/\\\/www.mentaymora.com\\\/#\\\/schema\\\/logo\\\/image\\\/\"},\"sameAs\":[\"https:\\\/\\\/es-es.facebook.com\\\/MentayMora\\\/\",\"https:\\\/\\\/www.instagram.com\\\/mentaymora.illescas\\\/?hl=es\",\"https:\\\/\\\/www.youtube.com\\\/channel\\\/UCuMMtdck_1XS-MyW6ZnBAlw\"]}]}<\/script>\n<!-- \/ Yoast SEO plugin. -->","yoast_head_json":{"title":"Bolsa Yute y Algod\u00f3n Personalizada - Menta y Mora","description":"Bolsa Yute y Algod\u00f3n Personalizada Este bolso de yute con bolsillo de algod\u00f3n y asa corta es el complemento ideal para quienes buscan estilo natural,","robots":{"index":"index","follow":"follow","max-snippet":"max-snippet:-1","max-image-preview":"max-image-preview:large","max-video-preview":"max-video-preview:-1"},"canonical":"https:\/\/www.mentaymora.com\/index.php\/producto\/bolsa-yute-y-algodon-personalizada\/","og_locale":"es_ES","og_type":"article","og_title":"Bolsa Yute y Algod\u00f3n Personalizada - Menta y Mora","og_description":"Bolsa Yute y Algod\u00f3n Personalizada Este bolso de yute con bolsillo de algod\u00f3n y asa corta es el complemento ideal para quienes buscan estilo natural,","og_url":"https:\/\/www.mentaymora.com\/index.php\/producto\/bolsa-yute-y-algodon-personalizada\/","og_site_name":"Menta y Mora","article_publisher":"https:\/\/es-es.facebook.com\/MentayMora\/","article_modified_time":"2025-07-10T15:07:00+00:00","og_image":[{"width":381,"height":492,"url":"https:\/\/www.mentaymora.com\/wp-content\/uploads\/2025\/07\/bolsa-de-yute-y-algodon-asa-corta-y-bolsillo.jpg","type":"image\/jpeg"}],"twitter_card":"summary_large_image","twitter_misc":{"Tiempo de lectura":"1 minuto"},"schema":{"@context":"https:\/\/schema.org","@graph":[{"@type":"WebPage","@id":"https:\/\/www.mentaymora.com\/index.php\/producto\/bolsa-yute-y-algodon-personalizada\/","url":"https:\/\/www.mentaymora.com\/index.php\/producto\/bolsa-yute-y-algodon-personalizada\/","name":"Bolsa Yute y Algod\u00f3n Personalizada - Menta y Mora","isPartOf":{"@id":"https:\/\/www.mentaymora.com\/#website"},"primaryImageOfPage":{"@id":"https:\/\/www.mentaymora.com\/index.php\/producto\/bolsa-yute-y-algodon-personalizada\/#primaryimage"},"image":{"@id":"https:\/\/www.mentaymora.com\/index.php\/producto\/bolsa-yute-y-algodon-personalizada\/#primaryimage"},"thumbnailUrl":"https:\/\/www.mentaymora.com\/wp-content\/uploads\/2025\/07\/bolsa-de-yute-y-algodon-asa-corta-y-bolsillo.jpg","datePublished":"2025-07-10T14:53:50+00:00","dateModified":"2025-07-10T15:07:00+00:00","description":"Bolsa Yute y Algod\u00f3n Personalizada Este bolso de yute con bolsillo de algod\u00f3n y asa corta es el complemento ideal para quienes buscan estilo natural,","breadcrumb":{"@id":"https:\/\/www.mentaymora.com\/index.php\/producto\/bolsa-yute-y-algodon-personalizada\/#breadcrumb"},"inLanguage":"es","potentialAction":[{"@type":"ReadAction","target":["https:\/\/www.mentaymora.com\/index.php\/producto\/bolsa-yute-y-algodon-personalizada\/"]}]},{"@type":"ImageObject","inLanguage":"es","@id":"https:\/\/www.mentaymora.com\/index.php\/producto\/bolsa-yute-y-algodon-personalizada\/#primaryimage","url":"https:\/\/www.mentaymora.com\/wp-content\/uploads\/2025\/07\/bolsa-de-yute-y-algodon-asa-corta-y-bolsillo.jpg","contentUrl":"https:\/\/www.mentaymora.com\/wp-content\/uploads\/2025\/07\/bolsa-de-yute-y-algodon-asa-corta-y-bolsillo.jpg","width":381,"height":492,"caption":"bolsa de yute y algodon asa corta y bolsillo"},{"@type":"BreadcrumbList","@id":"https:\/\/www.mentaymora.com\/index.php\/producto\/bolsa-yute-y-algodon-personalizada\/#breadcrumb","itemListElement":[{"@type":"ListItem","position":1,"name":"Portada","item":"https:\/\/www.mentaymora.com\/"},{"@type":"ListItem","position":2,"name":"Productos","item":"https:\/\/www.mentaymora.com\/index.php\/tienda\/"},{"@type":"ListItem","position":3,"name":"Bolsa Yute y Algod\u00f3n Personalizada"}]},{"@type":"WebSite","@id":"https:\/\/www.mentaymora.com\/#website","url":"https:\/\/www.mentaymora.com\/","name":"Menta y Mora","description":"Regalos y Complementos","publisher":{"@id":"https:\/\/www.mentaymora.com\/#organization"},"potentialAction":[{"@type":"SearchAction","target":{"@type":"EntryPoint","urlTemplate":"https:\/\/www.mentaymora.com\/?s={search_term_string}"},"query-input":{"@type":"PropertyValueSpecification","valueRequired":true,"valueName":"search_term_string"}}],"inLanguage":"es"},{"@type":"Organization","@id":"https:\/\/www.mentaymora.com\/#organization","name":"Menta y Mora","url":"https:\/\/www.mentaymora.com\/","logo":{"@type":"ImageObject","inLanguage":"es","@id":"https:\/\/www.mentaymora.com\/#\/schema\/logo\/image\/","url":"https:\/\/www.mentaymora.com\/wp-content\/uploads\/2021\/07\/Logo.jpg","contentUrl":"https:\/\/www.mentaymora.com\/wp-content\/uploads\/2021\/07\/Logo.jpg","width":1172,"height":1172,"caption":"Menta y Mora"},"image":{"@id":"https:\/\/www.mentaymora.com\/#\/schema\/logo\/image\/"},"sameAs":["https:\/\/es-es.facebook.com\/MentayMora\/","https:\/\/www.instagram.com\/mentaymora.illescas\/?hl=es","https:\/\/www.youtube.com\/channel\/UCuMMtdck_1XS-MyW6ZnBAlw"]}]}},"_links":{"self":[{"href":"https:\/\/www.mentaymora.com\/index.php\/wp-json\/wp\/v2\/product\/19421","targetHints":{"allow":["GET"]}}],"collection":[{"href":"https:\/\/www.mentaymora.com\/index.php\/wp-json\/wp\/v2\/product"}],"about":[{"href":"https:\/\/www.mentaymora.com\/index.php\/wp-json\/wp\/v2\/types\/product"}],"replies":[{"embeddable":true,"href":"https:\/\/www.mentaymora.com\/index.php\/wp-json\/wp\/v2\/comments?post=19421"}],"wp:featuredmedia":[{"embeddable":true,"href":"https:\/\/www.mentaymora.com\/index.php\/wp-json\/wp\/v2\/media\/19423"}],"wp:attachment":[{"href":"https:\/\/www.mentaymora.com\/index.php\/wp-json\/wp\/v2\/media?parent=19421"}],"wp:term":[{"taxonomy":"product_brand","embeddable":true,"href":"https:\/\/www.mentaymora.com\/index.php\/wp-json\/wp\/v2\/product_brand?post=19421"},{"taxonomy":"product_cat","embeddable":true,"href":"https:\/\/www.mentaymora.com\/index.php\/wp-json\/wp\/v2\/product_cat?post=19421"},{"taxonomy":"product_tag","embeddable":true,"href":"https:\/\/www.mentaymora.com\/index.php\/wp-json\/wp\/v2\/product_tag?post=19421"}],"curies":[{"name":"wp","href":"https:\/\/api.w.org\/{rel}","templated":true}]}}