{"id":19431,"date":"2025-07-10T16:08:31","date_gmt":"2025-07-10T15:08:31","guid":{"rendered":"https:\/\/www.mentaymora.com\/?post_type=product&#038;p=19431"},"modified":"2025-07-24T17:09:31","modified_gmt":"2025-07-24T16:09:31","slug":"pareo-toalla-algodon-personalizada","status":"publish","type":"product","link":"https:\/\/www.mentaymora.com\/index.php\/producto\/pareo-toalla-algodon-personalizada\/","title":{"rendered":"Pareo Toalla Algod\u00f3n Personalizada"},"content":{"rendered":"<p>Pareo Toalla Algod\u00f3n Personalizada<\/p>\n<p data-start=\"224\" data-end=\"511\">Este <strong data-start=\"229\" data-end=\"261\">pareo toalla de algod\u00f3n 100%<\/strong> con dise\u00f1o Bilor en tonos beige y crudo es el accesorio perfecto para tus d\u00edas de playa, piscina o escapadas de verano. Su tejido suave, ligero y absorbente lo convierte en una pieza pr\u00e1ctica y vers\u00e1til, ideal tanto como toalla como pareo o foulard.<\/p>\n<p data-start=\"513\" data-end=\"654\">Adem\u00e1s, puedes hacerlo a\u00fan m\u00e1s especial con la <strong data-start=\"560\" data-end=\"598\">personalizaci\u00f3n del nombre bordado<\/strong>, convirti\u00e9ndolo en un regalo \u00fanico, pensado al detalle.<\/p>\n<p data-start=\"656\" data-end=\"689\"><strong data-start=\"656\" data-end=\"689\">Caracter\u00edsticas del producto:<\/strong><\/p>\n<ul data-start=\"691\" data-end=\"1168\">\n<li data-start=\"691\" data-end=\"776\">\n<p data-start=\"693\" data-end=\"776\">Confeccionado en <strong data-start=\"710\" data-end=\"738\">algod\u00f3n 100% de 180 g\/m\u00b2<\/strong>, suave al tacto y de secado r\u00e1pido.<\/p>\n<\/li>\n<li data-start=\"777\" data-end=\"877\">\n<p data-start=\"779\" data-end=\"877\">Dise\u00f1o elegante en <strong data-start=\"798\" data-end=\"821\">tonos beige y crudo<\/strong>, f\u00e1cil de combinar y perfecto para todos los estilos.<\/p>\n<\/li>\n<li data-start=\"878\" data-end=\"952\">\n<p data-start=\"880\" data-end=\"952\"><strong data-start=\"880\" data-end=\"912\">Medidas amplias: 180 x 90 cm<\/strong>, ideal para usar como pareo o toalla.<\/p>\n<\/li>\n<li data-start=\"953\" data-end=\"1039\">\n<p data-start=\"955\" data-end=\"1039\"><strong data-start=\"955\" data-end=\"1002\">Personalizaci\u00f3n con nombre bordado incluida<\/strong>, para un detalle \u00fanico y especial.<\/p>\n<\/li>\n<li data-start=\"1040\" data-end=\"1126\">\n<p data-start=\"1042\" data-end=\"1126\">Perfecto como regalo personalizado o como accesorio imprescindible para el verano.<\/p>\n<\/li>\n<li data-start=\"1127\" data-end=\"1168\">\n<p data-start=\"1129\" data-end=\"1168\"><strong data-start=\"1129\" data-end=\"1167\">Entrega r\u00e1pida: 2 a 3 d\u00edas h\u00e1biles<\/strong>.<\/p>\n<\/li>\n<\/ul>\n<p data-start=\"1170\" data-end=\"1378\">Ll\u00e9valo contigo a todas partes: es ligero, plegable y combina estilo y funcionalidad. Ya sea para ti o como detalle para alguien especial, este pareo toalla personalizado es una opci\u00f3n pr\u00e1ctica y con encanto<\/p>\n<p data-start=\"1042\" data-end=\"1248\"><a href=\"https:\/\/www.mentaymora.com\/\">Menta y Mora<\/a>\u00a0Te Enamora\u00a0 \u00a0 \u00a0 S\u00edguenos en nuestras RRSS (<a href=\"https:\/\/es-es.facebook.com\/MentayMora\/\">Facebook<\/a>\u00a0e\u00a0<a href=\"https:\/\/www.instagram.com\/mentaymora.illescas\/?hl=es\">Instagram<\/a>)\u00a0 \u00a0 \u00a0 \u00a0Si tienes alguna consulta,\u00a0<a href=\"mailto:%20info@mentaymora.com\">preg\u00fantanos<\/a>.<\/p>\n","protected":false},"excerpt":{"rendered":"<p data-start=\"72\" data-end=\"359\">Pareo toalla 100% algod\u00f3n, suave y ligero, con dise\u00f1o Bilor en tonos beige y crudo. Personalizaci\u00f3n con nombre bordado incluida. Ideal para playa, piscina o como regalo original.<\/p>\n<ul>\n<li data-start=\"72\" data-end=\"359\"><strong>Medidas:<\/strong> 180 x 90 cm.<\/li>\n<li><strong>Personalizaci\u00f3n con el nombre<\/strong>: a\u00f1ade tu nombre y hazlo verdaderamente tuyo, o convi\u00e9rtelo en un regalo con un toque especial y \u00fanico.<\/li>\n<li><strong>Tiempo de entrega:<\/strong>\u00a02\/3 d\u00edas h\u00e1biles.<\/li>\n<\/ul>\n","protected":false},"featured_media":19438,"comment_status":"open","ping_status":"closed","template":"","meta":{"_acf_changed":false,"_joinchat":[]},"product_brand":[1539],"product_cat":[1382],"product_tag":[1586,1272,1585],"class_list":{"0":"post-19431","1":"product","2":"type-product","3":"status-publish","4":"has-post-thumbnail","6":"product_brand-menta-y-mora","7":"product_cat-textil","8":"product_tag-pareo","9":"product_tag-toalla","10":"product_tag-verano","11":"latest_post","13":"first","14":"instock","15":"taxable","16":"shipping-taxable","17":"purchasable","18":"product-type-variable"},"acf":[],"yoast_head":"<!-- This site is optimized with the Yoast SEO plugin v27.4 - https:\/\/yoast.com\/product\/yoast-seo-wordpress\/ -->\n<title>Pareo Toalla Algod\u00f3n Personalizada - Menta y Mora<\/title>\n<meta name=\"description\" content=\"Pareo Toalla Algod\u00f3n Personalizada Este pareo toalla de algod\u00f3n 100% con dise\u00f1o Bilor en tonos beige y crudo es el accesorio perfecto para tus d\u00edas de playa\" \/>\n<meta name=\"robots\" content=\"index, follow, max-snippet:-1, max-image-preview:large, max-video-preview:-1\" \/>\n<link rel=\"canonical\" href=\"https:\/\/www.mentaymora.com\/index.php\/producto\/pareo-toalla-algodon-personalizada\/\" \/>\n<meta property=\"og:locale\" content=\"es_ES\" \/>\n<meta property=\"og:type\" content=\"article\" \/>\n<meta property=\"og:title\" content=\"Pareo Toalla Algod\u00f3n Personalizada - Menta y Mora\" \/>\n<meta property=\"og:description\" content=\"Pareo Toalla Algod\u00f3n Personalizada Este pareo toalla de algod\u00f3n 100% con dise\u00f1o Bilor en tonos beige y crudo es el accesorio perfecto para tus d\u00edas de playa\" \/>\n<meta property=\"og:url\" content=\"https:\/\/www.mentaymora.com\/index.php\/producto\/pareo-toalla-algodon-personalizada\/\" \/>\n<meta property=\"og:site_name\" content=\"Menta y Mora\" \/>\n<meta property=\"article:publisher\" content=\"https:\/\/es-es.facebook.com\/MentayMora\/\" \/>\n<meta property=\"article:modified_time\" content=\"2025-07-24T16:09:31+00:00\" \/>\n<meta property=\"og:image\" content=\"https:\/\/www.mentaymora.com\/wp-content\/uploads\/2025\/07\/pareo-toalla-algodon-beige.jpg\" \/>\n\t<meta property=\"og:image:width\" content=\"381\" \/>\n\t<meta property=\"og:image:height\" content=\"492\" \/>\n\t<meta property=\"og:image:type\" content=\"image\/jpeg\" \/>\n<meta name=\"twitter:card\" content=\"summary_large_image\" \/>\n<meta name=\"twitter:label1\" content=\"Tiempo de lectura\" \/>\n\t<meta name=\"twitter:data1\" content=\"2 minutos\" \/>\n<script type=\"application\/ld+json\" class=\"yoast-schema-graph\">{\"@context\":\"https:\\\/\\\/schema.org\",\"@graph\":[{\"@type\":\"WebPage\",\"@id\":\"https:\\\/\\\/www.mentaymora.com\\\/index.php\\\/producto\\\/pareo-toalla-algodon-personalizada\\\/\",\"url\":\"https:\\\/\\\/www.mentaymora.com\\\/index.php\\\/producto\\\/pareo-toalla-algodon-personalizada\\\/\",\"name\":\"Pareo Toalla Algod\u00f3n Personalizada - Menta y Mora\",\"isPartOf\":{\"@id\":\"https:\\\/\\\/www.mentaymora.com\\\/#website\"},\"primaryImageOfPage\":{\"@id\":\"https:\\\/\\\/www.mentaymora.com\\\/index.php\\\/producto\\\/pareo-toalla-algodon-personalizada\\\/#primaryimage\"},\"image\":{\"@id\":\"https:\\\/\\\/www.mentaymora.com\\\/index.php\\\/producto\\\/pareo-toalla-algodon-personalizada\\\/#primaryimage\"},\"thumbnailUrl\":\"https:\\\/\\\/www.mentaymora.com\\\/wp-content\\\/uploads\\\/2025\\\/07\\\/pareo-toalla-algodon-beige.jpg\",\"datePublished\":\"2025-07-10T15:08:31+00:00\",\"dateModified\":\"2025-07-24T16:09:31+00:00\",\"description\":\"Pareo Toalla Algod\u00f3n Personalizada Este pareo toalla de algod\u00f3n 100% con dise\u00f1o Bilor en tonos beige y crudo es el accesorio perfecto para tus d\u00edas de playa\",\"breadcrumb\":{\"@id\":\"https:\\\/\\\/www.mentaymora.com\\\/index.php\\\/producto\\\/pareo-toalla-algodon-personalizada\\\/#breadcrumb\"},\"inLanguage\":\"es\",\"potentialAction\":[{\"@type\":\"ReadAction\",\"target\":[\"https:\\\/\\\/www.mentaymora.com\\\/index.php\\\/producto\\\/pareo-toalla-algodon-personalizada\\\/\"]}]},{\"@type\":\"ImageObject\",\"inLanguage\":\"es\",\"@id\":\"https:\\\/\\\/www.mentaymora.com\\\/index.php\\\/producto\\\/pareo-toalla-algodon-personalizada\\\/#primaryimage\",\"url\":\"https:\\\/\\\/www.mentaymora.com\\\/wp-content\\\/uploads\\\/2025\\\/07\\\/pareo-toalla-algodon-beige.jpg\",\"contentUrl\":\"https:\\\/\\\/www.mentaymora.com\\\/wp-content\\\/uploads\\\/2025\\\/07\\\/pareo-toalla-algodon-beige.jpg\",\"width\":381,\"height\":492,\"caption\":\"pareo toalla algodon beige\"},{\"@type\":\"BreadcrumbList\",\"@id\":\"https:\\\/\\\/www.mentaymora.com\\\/index.php\\\/producto\\\/pareo-toalla-algodon-personalizada\\\/#breadcrumb\",\"itemListElement\":[{\"@type\":\"ListItem\",\"position\":1,\"name\":\"Portada\",\"item\":\"https:\\\/\\\/www.mentaymora.com\\\/\"},{\"@type\":\"ListItem\",\"position\":2,\"name\":\"Productos\",\"item\":\"https:\\\/\\\/www.mentaymora.com\\\/index.php\\\/tienda\\\/\"},{\"@type\":\"ListItem\",\"position\":3,\"name\":\"Pareo Toalla Algod\u00f3n Personalizada\"}]},{\"@type\":\"WebSite\",\"@id\":\"https:\\\/\\\/www.mentaymora.com\\\/#website\",\"url\":\"https:\\\/\\\/www.mentaymora.com\\\/\",\"name\":\"Menta y Mora\",\"description\":\"Regalos y Complementos\",\"publisher\":{\"@id\":\"https:\\\/\\\/www.mentaymora.com\\\/#organization\"},\"potentialAction\":[{\"@type\":\"SearchAction\",\"target\":{\"@type\":\"EntryPoint\",\"urlTemplate\":\"https:\\\/\\\/www.mentaymora.com\\\/?s={search_term_string}\"},\"query-input\":{\"@type\":\"PropertyValueSpecification\",\"valueRequired\":true,\"valueName\":\"search_term_string\"}}],\"inLanguage\":\"es\"},{\"@type\":\"Organization\",\"@id\":\"https:\\\/\\\/www.mentaymora.com\\\/#organization\",\"name\":\"Menta y Mora\",\"url\":\"https:\\\/\\\/www.mentaymora.com\\\/\",\"logo\":{\"@type\":\"ImageObject\",\"inLanguage\":\"es\",\"@id\":\"https:\\\/\\\/www.mentaymora.com\\\/#\\\/schema\\\/logo\\\/image\\\/\",\"url\":\"https:\\\/\\\/www.mentaymora.com\\\/wp-content\\\/uploads\\\/2021\\\/07\\\/Logo.jpg\",\"contentUrl\":\"https:\\\/\\\/www.mentaymora.com\\\/wp-content\\\/uploads\\\/2021\\\/07\\\/Logo.jpg\",\"width\":1172,\"height\":1172,\"caption\":\"Menta y Mora\"},\"image\":{\"@id\":\"https:\\\/\\\/www.mentaymora.com\\\/#\\\/schema\\\/logo\\\/image\\\/\"},\"sameAs\":[\"https:\\\/\\\/es-es.facebook.com\\\/MentayMora\\\/\",\"https:\\\/\\\/www.instagram.com\\\/mentaymora.illescas\\\/?hl=es\",\"https:\\\/\\\/www.youtube.com\\\/channel\\\/UCuMMtdck_1XS-MyW6ZnBAlw\"]}]}<\/script>\n<!-- \/ Yoast SEO plugin. -->","yoast_head_json":{"title":"Pareo Toalla Algod\u00f3n Personalizada - Menta y Mora","description":"Pareo Toalla Algod\u00f3n Personalizada Este pareo toalla de algod\u00f3n 100% con dise\u00f1o Bilor en tonos beige y crudo es el accesorio perfecto para tus d\u00edas de playa","robots":{"index":"index","follow":"follow","max-snippet":"max-snippet:-1","max-image-preview":"max-image-preview:large","max-video-preview":"max-video-preview:-1"},"canonical":"https:\/\/www.mentaymora.com\/index.php\/producto\/pareo-toalla-algodon-personalizada\/","og_locale":"es_ES","og_type":"article","og_title":"Pareo Toalla Algod\u00f3n Personalizada - Menta y Mora","og_description":"Pareo Toalla Algod\u00f3n Personalizada Este pareo toalla de algod\u00f3n 100% con dise\u00f1o Bilor en tonos beige y crudo es el accesorio perfecto para tus d\u00edas de playa","og_url":"https:\/\/www.mentaymora.com\/index.php\/producto\/pareo-toalla-algodon-personalizada\/","og_site_name":"Menta y Mora","article_publisher":"https:\/\/es-es.facebook.com\/MentayMora\/","article_modified_time":"2025-07-24T16:09:31+00:00","og_image":[{"width":381,"height":492,"url":"https:\/\/www.mentaymora.com\/wp-content\/uploads\/2025\/07\/pareo-toalla-algodon-beige.jpg","type":"image\/jpeg"}],"twitter_card":"summary_large_image","twitter_misc":{"Tiempo de lectura":"2 minutos"},"schema":{"@context":"https:\/\/schema.org","@graph":[{"@type":"WebPage","@id":"https:\/\/www.mentaymora.com\/index.php\/producto\/pareo-toalla-algodon-personalizada\/","url":"https:\/\/www.mentaymora.com\/index.php\/producto\/pareo-toalla-algodon-personalizada\/","name":"Pareo Toalla Algod\u00f3n Personalizada - Menta y Mora","isPartOf":{"@id":"https:\/\/www.mentaymora.com\/#website"},"primaryImageOfPage":{"@id":"https:\/\/www.mentaymora.com\/index.php\/producto\/pareo-toalla-algodon-personalizada\/#primaryimage"},"image":{"@id":"https:\/\/www.mentaymora.com\/index.php\/producto\/pareo-toalla-algodon-personalizada\/#primaryimage"},"thumbnailUrl":"https:\/\/www.mentaymora.com\/wp-content\/uploads\/2025\/07\/pareo-toalla-algodon-beige.jpg","datePublished":"2025-07-10T15:08:31+00:00","dateModified":"2025-07-24T16:09:31+00:00","description":"Pareo Toalla Algod\u00f3n Personalizada Este pareo toalla de algod\u00f3n 100% con dise\u00f1o Bilor en tonos beige y crudo es el accesorio perfecto para tus d\u00edas de playa","breadcrumb":{"@id":"https:\/\/www.mentaymora.com\/index.php\/producto\/pareo-toalla-algodon-personalizada\/#breadcrumb"},"inLanguage":"es","potentialAction":[{"@type":"ReadAction","target":["https:\/\/www.mentaymora.com\/index.php\/producto\/pareo-toalla-algodon-personalizada\/"]}]},{"@type":"ImageObject","inLanguage":"es","@id":"https:\/\/www.mentaymora.com\/index.php\/producto\/pareo-toalla-algodon-personalizada\/#primaryimage","url":"https:\/\/www.mentaymora.com\/wp-content\/uploads\/2025\/07\/pareo-toalla-algodon-beige.jpg","contentUrl":"https:\/\/www.mentaymora.com\/wp-content\/uploads\/2025\/07\/pareo-toalla-algodon-beige.jpg","width":381,"height":492,"caption":"pareo toalla algodon beige"},{"@type":"BreadcrumbList","@id":"https:\/\/www.mentaymora.com\/index.php\/producto\/pareo-toalla-algodon-personalizada\/#breadcrumb","itemListElement":[{"@type":"ListItem","position":1,"name":"Portada","item":"https:\/\/www.mentaymora.com\/"},{"@type":"ListItem","position":2,"name":"Productos","item":"https:\/\/www.mentaymora.com\/index.php\/tienda\/"},{"@type":"ListItem","position":3,"name":"Pareo Toalla Algod\u00f3n Personalizada"}]},{"@type":"WebSite","@id":"https:\/\/www.mentaymora.com\/#website","url":"https:\/\/www.mentaymora.com\/","name":"Menta y Mora","description":"Regalos y Complementos","publisher":{"@id":"https:\/\/www.mentaymora.com\/#organization"},"potentialAction":[{"@type":"SearchAction","target":{"@type":"EntryPoint","urlTemplate":"https:\/\/www.mentaymora.com\/?s={search_term_string}"},"query-input":{"@type":"PropertyValueSpecification","valueRequired":true,"valueName":"search_term_string"}}],"inLanguage":"es"},{"@type":"Organization","@id":"https:\/\/www.mentaymora.com\/#organization","name":"Menta y Mora","url":"https:\/\/www.mentaymora.com\/","logo":{"@type":"ImageObject","inLanguage":"es","@id":"https:\/\/www.mentaymora.com\/#\/schema\/logo\/image\/","url":"https:\/\/www.mentaymora.com\/wp-content\/uploads\/2021\/07\/Logo.jpg","contentUrl":"https:\/\/www.mentaymora.com\/wp-content\/uploads\/2021\/07\/Logo.jpg","width":1172,"height":1172,"caption":"Menta y Mora"},"image":{"@id":"https:\/\/www.mentaymora.com\/#\/schema\/logo\/image\/"},"sameAs":["https:\/\/es-es.facebook.com\/MentayMora\/","https:\/\/www.instagram.com\/mentaymora.illescas\/?hl=es","https:\/\/www.youtube.com\/channel\/UCuMMtdck_1XS-MyW6ZnBAlw"]}]}},"_links":{"self":[{"href":"https:\/\/www.mentaymora.com\/index.php\/wp-json\/wp\/v2\/product\/19431","targetHints":{"allow":["GET"]}}],"collection":[{"href":"https:\/\/www.mentaymora.com\/index.php\/wp-json\/wp\/v2\/product"}],"about":[{"href":"https:\/\/www.mentaymora.com\/index.php\/wp-json\/wp\/v2\/types\/product"}],"replies":[{"embeddable":true,"href":"https:\/\/www.mentaymora.com\/index.php\/wp-json\/wp\/v2\/comments?post=19431"}],"wp:featuredmedia":[{"embeddable":true,"href":"https:\/\/www.mentaymora.com\/index.php\/wp-json\/wp\/v2\/media\/19438"}],"wp:attachment":[{"href":"https:\/\/www.mentaymora.com\/index.php\/wp-json\/wp\/v2\/media?parent=19431"}],"wp:term":[{"taxonomy":"product_brand","embeddable":true,"href":"https:\/\/www.mentaymora.com\/index.php\/wp-json\/wp\/v2\/product_brand?post=19431"},{"taxonomy":"product_cat","embeddable":true,"href":"https:\/\/www.mentaymora.com\/index.php\/wp-json\/wp\/v2\/product_cat?post=19431"},{"taxonomy":"product_tag","embeddable":true,"href":"https:\/\/www.mentaymora.com\/index.php\/wp-json\/wp\/v2\/product_tag?post=19431"}],"curies":[{"name":"wp","href":"https:\/\/api.w.org\/{rel}","templated":true}]}}