{"id":19530,"date":"2025-09-06T19:17:10","date_gmt":"2025-09-06T18:17:10","guid":{"rendered":"https:\/\/www.mentaymora.com\/?post_type=product&#038;p=19530"},"modified":"2025-11-16T10:06:32","modified_gmt":"2025-11-16T09:06:32","slug":"gel-de-ducha-dulces-suenos-250ml-corine-de-farme","status":"publish","type":"product","link":"https:\/\/www.mentaymora.com\/index.php\/producto\/gel-de-ducha-dulces-suenos-250ml-corine-de-farme\/","title":{"rendered":"Gel de Ducha Dulces Sue\u00f1os 250ml \u2013 Corine de Farme"},"content":{"rendered":"<p>Gel de Ducha Dulces Sue\u00f1os 250ml \u2013 Corine de Farme<\/p>\n<p data-start=\"394\" data-end=\"730\">Nuestro gel y champ\u00fa para beb\u00e9 est\u00e1 especialmente formulado para limpiar con suavidad la delicada piel y el cabello desde el nacimiento. Gracias a su\u00a0<strong data-start=\"544\" data-end=\"585\">95% de ingredientes de origen natural<\/strong>\u00a0y al\u00a0<strong data-start=\"591\" data-end=\"611\">extracto de tila<\/strong>, proporciona una experiencia calmante que favorece el bienestar y la relajaci\u00f3n del beb\u00e9 durante la rutina del ba\u00f1o.<\/p>\n<p data-start=\"732\" data-end=\"981\">Su f\u00f3rmula hidrata la piel, deja el cabello sedoso y est\u00e1\u00a0<strong data-start=\"790\" data-end=\"821\">adaptada a la piel sensible<\/strong>, respetando al m\u00e1ximo la barrera cut\u00e1nea. Adem\u00e1s, cuenta con una\u00a0<strong data-start=\"887\" data-end=\"924\">fragancia de tecnolog\u00eda patentada<\/strong>\u00a0que contribuye a crear un momento de calma y conexi\u00f3n.<\/p>\n<p data-start=\"983\" data-end=\"1149\"><strong data-start=\"983\" data-end=\"1034\">Testado bajo control pedi\u00e1trico y dermatol\u00f3gico<\/strong>, este gel y champ\u00fa es la opci\u00f3n ideal para padres que buscan un cuidado seguro, natural y eficaz para sus beb\u00e9s.<\/p>\n<p data-start=\"983\" data-end=\"1149\"><a href=\"https:\/\/www.mentaymora.com\/\">Menta y Mora<\/a>\u00a0Te Enamora\u00a0 \u00a0 S\u00edguenos en nuestras RRSS (<a href=\"https:\/\/es-es.facebook.com\/MentayMora\/\">Facebook<\/a>\u00a0e\u00a0<a href=\"https:\/\/www.instagram.com\/mentaymora.illescas\/?hl=es\">Instagram<\/a>)\u00a0 \u00a0 Si tienes alguna consulta,\u00a0<a href=\"mailto:%20info@mentaymora.com\">preg\u00fantanos<\/a>.<\/p>\n","protected":false},"excerpt":{"rendered":"<p data-start=\"190\" data-end=\"335\">Gel y champ\u00fa suave para beb\u00e9, con\u00a0<em>95% ingredientes naturales y extracto de tila.<\/em>\u00a0<strong>Limpia, hidrata y relaja<\/strong>\u00a0la piel sensible desde el nacimiento.<\/p>\n<ul>\n<li data-start=\"190\" data-end=\"335\"><strong>Formato:<\/strong>\u00a0250ml<\/li>\n<\/ul>\n<table>\n<tbody>\n<tr>\n<td><img decoding=\"async\" class=\"size-full wp-image-2873\" title=\"Icono Dermatol\u00f3gicamente Testado\" src=\"https:\/\/www.mentakids.es\/wp-content\/uploads\/2025\/03\/Icono-Dermatologicamente-Testado.jpg\" alt=\"Icono Dermatol\u00f3gicamente Testado\" width=\"98\" height=\"98\" \/><\/td>\n<td><img decoding=\"async\" class=\"size-full wp-image-3136\" title=\"Icono Hipoalergenico\" src=\"https:\/\/www.mentakids.es\/wp-content\/uploads\/2025\/08\/Icono-Hipoalergenico.png\" alt=\"Icono Hipoalergenico\" width=\"98\" height=\"98\" \/><\/td>\n<\/tr>\n<\/tbody>\n<\/table>\n","protected":false},"featured_media":19544,"comment_status":"open","ping_status":"closed","template":"","meta":{"_acf_changed":false,"_joinchat":[]},"product_brand":[1588],"product_cat":[1587,1676],"product_tag":[210,837],"class_list":{"0":"post-19530","1":"product","2":"type-product","3":"status-publish","4":"has-post-thumbnail","6":"product_brand-corine-de-farme","7":"product_cat-corine-de-farme","8":"product_cat-cuidado-del-bebe","9":"product_tag-gel","10":"product_tag-relajante","11":"latest_post","13":"first","14":"instock","15":"taxable","16":"shipping-taxable","17":"purchasable","18":"product-type-simple"},"acf":[],"yoast_head":"<!-- This site is optimized with the Yoast SEO plugin v27.4 - https:\/\/yoast.com\/product\/yoast-seo-wordpress\/ -->\n<title>Gel de Ducha Dulces Sue\u00f1os 250ml \u2013 Corine de Farme - Menta y Mora<\/title>\n<meta name=\"description\" content=\"Gel de Ducha Dulces Sue\u00f1os 250ml \u2013 Corine de Farme Nuestro gel y champ\u00fa para beb\u00e9 est\u00e1 especialmente formulado para limpiar con suavidad la delicada piel y\" \/>\n<meta name=\"robots\" content=\"index, follow, max-snippet:-1, max-image-preview:large, max-video-preview:-1\" \/>\n<link rel=\"canonical\" href=\"https:\/\/www.mentaymora.com\/index.php\/producto\/gel-de-ducha-dulces-suenos-250ml-corine-de-farme\/\" \/>\n<meta property=\"og:locale\" content=\"es_ES\" \/>\n<meta property=\"og:type\" content=\"article\" \/>\n<meta property=\"og:title\" content=\"Gel de Ducha Dulces Sue\u00f1os 250ml \u2013 Corine de Farme - Menta y Mora\" \/>\n<meta property=\"og:description\" content=\"Gel de Ducha Dulces Sue\u00f1os 250ml \u2013 Corine de Farme Nuestro gel y champ\u00fa para beb\u00e9 est\u00e1 especialmente formulado para limpiar con suavidad la delicada piel y\" \/>\n<meta property=\"og:url\" content=\"https:\/\/www.mentaymora.com\/index.php\/producto\/gel-de-ducha-dulces-suenos-250ml-corine-de-farme\/\" \/>\n<meta property=\"og:site_name\" content=\"Menta y Mora\" \/>\n<meta property=\"article:publisher\" content=\"https:\/\/es-es.facebook.com\/MentayMora\/\" \/>\n<meta property=\"article:modified_time\" content=\"2025-11-16T09:06:32+00:00\" \/>\n<meta property=\"og:image\" content=\"https:\/\/www.mentaymora.com\/wp-content\/uploads\/2025\/08\/GEL-LAVANT-RELAXANT-BEBE_FACE-696x696-1.png\" \/>\n\t<meta property=\"og:image:width\" content=\"696\" \/>\n\t<meta property=\"og:image:height\" content=\"696\" \/>\n\t<meta property=\"og:image:type\" content=\"image\/png\" \/>\n<meta name=\"twitter:card\" content=\"summary_large_image\" \/>\n<meta name=\"twitter:label1\" content=\"Tiempo de lectura\" \/>\n\t<meta name=\"twitter:data1\" content=\"1 minuto\" \/>\n<script type=\"application\/ld+json\" class=\"yoast-schema-graph\">{\"@context\":\"https:\\\/\\\/schema.org\",\"@graph\":[{\"@type\":\"WebPage\",\"@id\":\"https:\\\/\\\/www.mentaymora.com\\\/index.php\\\/producto\\\/gel-de-ducha-dulces-suenos-250ml-corine-de-farme\\\/\",\"url\":\"https:\\\/\\\/www.mentaymora.com\\\/index.php\\\/producto\\\/gel-de-ducha-dulces-suenos-250ml-corine-de-farme\\\/\",\"name\":\"Gel de Ducha Dulces Sue\u00f1os 250ml \u2013 Corine de Farme - Menta y Mora\",\"isPartOf\":{\"@id\":\"https:\\\/\\\/www.mentaymora.com\\\/#website\"},\"primaryImageOfPage\":{\"@id\":\"https:\\\/\\\/www.mentaymora.com\\\/index.php\\\/producto\\\/gel-de-ducha-dulces-suenos-250ml-corine-de-farme\\\/#primaryimage\"},\"image\":{\"@id\":\"https:\\\/\\\/www.mentaymora.com\\\/index.php\\\/producto\\\/gel-de-ducha-dulces-suenos-250ml-corine-de-farme\\\/#primaryimage\"},\"thumbnailUrl\":\"https:\\\/\\\/www.mentaymora.com\\\/wp-content\\\/uploads\\\/2025\\\/08\\\/GEL-LAVANT-RELAXANT-BEBE_FACE-696x696-1.png\",\"datePublished\":\"2025-09-06T18:17:10+00:00\",\"dateModified\":\"2025-11-16T09:06:32+00:00\",\"description\":\"Gel de Ducha Dulces Sue\u00f1os 250ml \u2013 Corine de Farme Nuestro gel y champ\u00fa para beb\u00e9 est\u00e1 especialmente formulado para limpiar con suavidad la delicada piel y\",\"breadcrumb\":{\"@id\":\"https:\\\/\\\/www.mentaymora.com\\\/index.php\\\/producto\\\/gel-de-ducha-dulces-suenos-250ml-corine-de-farme\\\/#breadcrumb\"},\"inLanguage\":\"es\",\"potentialAction\":[{\"@type\":\"ReadAction\",\"target\":[\"https:\\\/\\\/www.mentaymora.com\\\/index.php\\\/producto\\\/gel-de-ducha-dulces-suenos-250ml-corine-de-farme\\\/\"]}]},{\"@type\":\"ImageObject\",\"inLanguage\":\"es\",\"@id\":\"https:\\\/\\\/www.mentaymora.com\\\/index.php\\\/producto\\\/gel-de-ducha-dulces-suenos-250ml-corine-de-farme\\\/#primaryimage\",\"url\":\"https:\\\/\\\/www.mentaymora.com\\\/wp-content\\\/uploads\\\/2025\\\/08\\\/GEL-LAVANT-RELAXANT-BEBE_FACE-696x696-1.png\",\"contentUrl\":\"https:\\\/\\\/www.mentaymora.com\\\/wp-content\\\/uploads\\\/2025\\\/08\\\/GEL-LAVANT-RELAXANT-BEBE_FACE-696x696-1.png\",\"width\":696,\"height\":696,\"caption\":\"GEL LAVANT RELAXANT BEBE FACE 696x696\"},{\"@type\":\"BreadcrumbList\",\"@id\":\"https:\\\/\\\/www.mentaymora.com\\\/index.php\\\/producto\\\/gel-de-ducha-dulces-suenos-250ml-corine-de-farme\\\/#breadcrumb\",\"itemListElement\":[{\"@type\":\"ListItem\",\"position\":1,\"name\":\"Portada\",\"item\":\"https:\\\/\\\/www.mentaymora.com\\\/\"},{\"@type\":\"ListItem\",\"position\":2,\"name\":\"Productos\",\"item\":\"https:\\\/\\\/www.mentaymora.com\\\/index.php\\\/tienda\\\/\"},{\"@type\":\"ListItem\",\"position\":3,\"name\":\"Gel de Ducha Dulces Sue\u00f1os 250ml \u2013 Corine de Farme\"}]},{\"@type\":\"WebSite\",\"@id\":\"https:\\\/\\\/www.mentaymora.com\\\/#website\",\"url\":\"https:\\\/\\\/www.mentaymora.com\\\/\",\"name\":\"Menta y Mora\",\"description\":\"Regalos y Complementos\",\"publisher\":{\"@id\":\"https:\\\/\\\/www.mentaymora.com\\\/#organization\"},\"potentialAction\":[{\"@type\":\"SearchAction\",\"target\":{\"@type\":\"EntryPoint\",\"urlTemplate\":\"https:\\\/\\\/www.mentaymora.com\\\/?s={search_term_string}\"},\"query-input\":{\"@type\":\"PropertyValueSpecification\",\"valueRequired\":true,\"valueName\":\"search_term_string\"}}],\"inLanguage\":\"es\"},{\"@type\":\"Organization\",\"@id\":\"https:\\\/\\\/www.mentaymora.com\\\/#organization\",\"name\":\"Menta y Mora\",\"url\":\"https:\\\/\\\/www.mentaymora.com\\\/\",\"logo\":{\"@type\":\"ImageObject\",\"inLanguage\":\"es\",\"@id\":\"https:\\\/\\\/www.mentaymora.com\\\/#\\\/schema\\\/logo\\\/image\\\/\",\"url\":\"https:\\\/\\\/www.mentaymora.com\\\/wp-content\\\/uploads\\\/2021\\\/07\\\/Logo.jpg\",\"contentUrl\":\"https:\\\/\\\/www.mentaymora.com\\\/wp-content\\\/uploads\\\/2021\\\/07\\\/Logo.jpg\",\"width\":1172,\"height\":1172,\"caption\":\"Menta y Mora\"},\"image\":{\"@id\":\"https:\\\/\\\/www.mentaymora.com\\\/#\\\/schema\\\/logo\\\/image\\\/\"},\"sameAs\":[\"https:\\\/\\\/es-es.facebook.com\\\/MentayMora\\\/\",\"https:\\\/\\\/www.instagram.com\\\/mentaymora.illescas\\\/?hl=es\",\"https:\\\/\\\/www.youtube.com\\\/channel\\\/UCuMMtdck_1XS-MyW6ZnBAlw\"]}]}<\/script>\n<!-- \/ Yoast SEO plugin. -->","yoast_head_json":{"title":"Gel de Ducha Dulces Sue\u00f1os 250ml \u2013 Corine de Farme - Menta y Mora","description":"Gel de Ducha Dulces Sue\u00f1os 250ml \u2013 Corine de Farme Nuestro gel y champ\u00fa para beb\u00e9 est\u00e1 especialmente formulado para limpiar con suavidad la delicada piel y","robots":{"index":"index","follow":"follow","max-snippet":"max-snippet:-1","max-image-preview":"max-image-preview:large","max-video-preview":"max-video-preview:-1"},"canonical":"https:\/\/www.mentaymora.com\/index.php\/producto\/gel-de-ducha-dulces-suenos-250ml-corine-de-farme\/","og_locale":"es_ES","og_type":"article","og_title":"Gel de Ducha Dulces Sue\u00f1os 250ml \u2013 Corine de Farme - Menta y Mora","og_description":"Gel de Ducha Dulces Sue\u00f1os 250ml \u2013 Corine de Farme Nuestro gel y champ\u00fa para beb\u00e9 est\u00e1 especialmente formulado para limpiar con suavidad la delicada piel y","og_url":"https:\/\/www.mentaymora.com\/index.php\/producto\/gel-de-ducha-dulces-suenos-250ml-corine-de-farme\/","og_site_name":"Menta y Mora","article_publisher":"https:\/\/es-es.facebook.com\/MentayMora\/","article_modified_time":"2025-11-16T09:06:32+00:00","og_image":[{"width":696,"height":696,"url":"https:\/\/www.mentaymora.com\/wp-content\/uploads\/2025\/08\/GEL-LAVANT-RELAXANT-BEBE_FACE-696x696-1.png","type":"image\/png"}],"twitter_card":"summary_large_image","twitter_misc":{"Tiempo de lectura":"1 minuto"},"schema":{"@context":"https:\/\/schema.org","@graph":[{"@type":"WebPage","@id":"https:\/\/www.mentaymora.com\/index.php\/producto\/gel-de-ducha-dulces-suenos-250ml-corine-de-farme\/","url":"https:\/\/www.mentaymora.com\/index.php\/producto\/gel-de-ducha-dulces-suenos-250ml-corine-de-farme\/","name":"Gel de Ducha Dulces Sue\u00f1os 250ml \u2013 Corine de Farme - Menta y Mora","isPartOf":{"@id":"https:\/\/www.mentaymora.com\/#website"},"primaryImageOfPage":{"@id":"https:\/\/www.mentaymora.com\/index.php\/producto\/gel-de-ducha-dulces-suenos-250ml-corine-de-farme\/#primaryimage"},"image":{"@id":"https:\/\/www.mentaymora.com\/index.php\/producto\/gel-de-ducha-dulces-suenos-250ml-corine-de-farme\/#primaryimage"},"thumbnailUrl":"https:\/\/www.mentaymora.com\/wp-content\/uploads\/2025\/08\/GEL-LAVANT-RELAXANT-BEBE_FACE-696x696-1.png","datePublished":"2025-09-06T18:17:10+00:00","dateModified":"2025-11-16T09:06:32+00:00","description":"Gel de Ducha Dulces Sue\u00f1os 250ml \u2013 Corine de Farme Nuestro gel y champ\u00fa para beb\u00e9 est\u00e1 especialmente formulado para limpiar con suavidad la delicada piel y","breadcrumb":{"@id":"https:\/\/www.mentaymora.com\/index.php\/producto\/gel-de-ducha-dulces-suenos-250ml-corine-de-farme\/#breadcrumb"},"inLanguage":"es","potentialAction":[{"@type":"ReadAction","target":["https:\/\/www.mentaymora.com\/index.php\/producto\/gel-de-ducha-dulces-suenos-250ml-corine-de-farme\/"]}]},{"@type":"ImageObject","inLanguage":"es","@id":"https:\/\/www.mentaymora.com\/index.php\/producto\/gel-de-ducha-dulces-suenos-250ml-corine-de-farme\/#primaryimage","url":"https:\/\/www.mentaymora.com\/wp-content\/uploads\/2025\/08\/GEL-LAVANT-RELAXANT-BEBE_FACE-696x696-1.png","contentUrl":"https:\/\/www.mentaymora.com\/wp-content\/uploads\/2025\/08\/GEL-LAVANT-RELAXANT-BEBE_FACE-696x696-1.png","width":696,"height":696,"caption":"GEL LAVANT RELAXANT BEBE FACE 696x696"},{"@type":"BreadcrumbList","@id":"https:\/\/www.mentaymora.com\/index.php\/producto\/gel-de-ducha-dulces-suenos-250ml-corine-de-farme\/#breadcrumb","itemListElement":[{"@type":"ListItem","position":1,"name":"Portada","item":"https:\/\/www.mentaymora.com\/"},{"@type":"ListItem","position":2,"name":"Productos","item":"https:\/\/www.mentaymora.com\/index.php\/tienda\/"},{"@type":"ListItem","position":3,"name":"Gel de Ducha Dulces Sue\u00f1os 250ml \u2013 Corine de Farme"}]},{"@type":"WebSite","@id":"https:\/\/www.mentaymora.com\/#website","url":"https:\/\/www.mentaymora.com\/","name":"Menta y Mora","description":"Regalos y Complementos","publisher":{"@id":"https:\/\/www.mentaymora.com\/#organization"},"potentialAction":[{"@type":"SearchAction","target":{"@type":"EntryPoint","urlTemplate":"https:\/\/www.mentaymora.com\/?s={search_term_string}"},"query-input":{"@type":"PropertyValueSpecification","valueRequired":true,"valueName":"search_term_string"}}],"inLanguage":"es"},{"@type":"Organization","@id":"https:\/\/www.mentaymora.com\/#organization","name":"Menta y Mora","url":"https:\/\/www.mentaymora.com\/","logo":{"@type":"ImageObject","inLanguage":"es","@id":"https:\/\/www.mentaymora.com\/#\/schema\/logo\/image\/","url":"https:\/\/www.mentaymora.com\/wp-content\/uploads\/2021\/07\/Logo.jpg","contentUrl":"https:\/\/www.mentaymora.com\/wp-content\/uploads\/2021\/07\/Logo.jpg","width":1172,"height":1172,"caption":"Menta y Mora"},"image":{"@id":"https:\/\/www.mentaymora.com\/#\/schema\/logo\/image\/"},"sameAs":["https:\/\/es-es.facebook.com\/MentayMora\/","https:\/\/www.instagram.com\/mentaymora.illescas\/?hl=es","https:\/\/www.youtube.com\/channel\/UCuMMtdck_1XS-MyW6ZnBAlw"]}]}},"_links":{"self":[{"href":"https:\/\/www.mentaymora.com\/index.php\/wp-json\/wp\/v2\/product\/19530","targetHints":{"allow":["GET"]}}],"collection":[{"href":"https:\/\/www.mentaymora.com\/index.php\/wp-json\/wp\/v2\/product"}],"about":[{"href":"https:\/\/www.mentaymora.com\/index.php\/wp-json\/wp\/v2\/types\/product"}],"replies":[{"embeddable":true,"href":"https:\/\/www.mentaymora.com\/index.php\/wp-json\/wp\/v2\/comments?post=19530"}],"wp:featuredmedia":[{"embeddable":true,"href":"https:\/\/www.mentaymora.com\/index.php\/wp-json\/wp\/v2\/media\/19544"}],"wp:attachment":[{"href":"https:\/\/www.mentaymora.com\/index.php\/wp-json\/wp\/v2\/media?parent=19530"}],"wp:term":[{"taxonomy":"product_brand","embeddable":true,"href":"https:\/\/www.mentaymora.com\/index.php\/wp-json\/wp\/v2\/product_brand?post=19530"},{"taxonomy":"product_cat","embeddable":true,"href":"https:\/\/www.mentaymora.com\/index.php\/wp-json\/wp\/v2\/product_cat?post=19530"},{"taxonomy":"product_tag","embeddable":true,"href":"https:\/\/www.mentaymora.com\/index.php\/wp-json\/wp\/v2\/product_tag?post=19530"}],"curies":[{"name":"wp","href":"https:\/\/api.w.org\/{rel}","templated":true}]}}