{"id":19546,"date":"2025-09-06T19:17:10","date_gmt":"2025-09-06T18:17:10","guid":{"rendered":"https:\/\/www.mentaymora.com\/?post_type=product&#038;p=19546"},"modified":"2025-11-16T10:06:33","modified_gmt":"2025-11-16T09:06:33","slug":"aceite-para-masajes-dulces-suenos-100ml-corine-de-farme","status":"publish","type":"product","link":"https:\/\/www.mentaymora.com\/index.php\/producto\/aceite-para-masajes-dulces-suenos-100ml-corine-de-farme\/","title":{"rendered":"Aceite para masajes Dulces Sue\u00f1os 100ml \u2013 Corine de Farme"},"content":{"rendered":"<p>Aceite para masajes Dulces Sue\u00f1os 100ml \u2013 Corine de Farme<\/p>\n<p data-start=\"365\" data-end=\"684\">Nuestro aceite nutritivo para beb\u00e9 est\u00e1 especialmente dise\u00f1ada para\u00a0<strong data-start=\"432\" data-end=\"472\">suavizar e hidratar la delicada piel<\/strong>, ofreciendo un cuidado seguro desde los primeros d\u00edas de vida. Su f\u00f3rmula contiene\u00a0<strong data-start=\"556\" data-end=\"597\">95% de ingredientes de origen natural<\/strong>\u00a0y est\u00e1 enriquecida con\u00a0<strong data-start=\"621\" data-end=\"641\">extracto de tila<\/strong>, conocido por sus propiedades calmantes.<\/p>\n<p data-start=\"686\" data-end=\"920\">Ideal para el\u00a0<strong data-start=\"700\" data-end=\"742\">momento de relajaci\u00f3n despu\u00e9s del ba\u00f1o<\/strong>, esta crema no solo protege la piel sensible del beb\u00e9, sino que tambi\u00e9n ayuda a\u00a0<strong data-start=\"823\" data-end=\"869\">fortalecer el v\u00ednculo entre padres e hijos<\/strong>\u00a0gracias a su suave masaje durante la aplicaci\u00f3n.<\/p>\n<p data-start=\"922\" data-end=\"1201\">Adem\u00e1s, incorpora una\u00a0<strong data-start=\"944\" data-end=\"982\">fragancia con tecnolog\u00eda patentada<\/strong>\u00a0que promueve la sensaci\u00f3n de bienestar y relajaci\u00f3n. Su eficacia y seguridad han sido\u00a0<strong data-start=\"1069\" data-end=\"1121\">testadas bajo control pedi\u00e1trico y dermatol\u00f3gico<\/strong>, garantizando un producto adaptado a las necesidades de la piel m\u00e1s sensible.<\/p>\n<p data-start=\"922\" data-end=\"1201\"><a href=\"https:\/\/www.mentaymora.com\/\">Menta y Mora<\/a>\u00a0Te Enamora\u00a0 \u00a0 S\u00edguenos en nuestras RRSS (<a href=\"https:\/\/es-es.facebook.com\/MentayMora\/\">Facebook<\/a>\u00a0e\u00a0<a href=\"https:\/\/www.instagram.com\/mentaymora.illescas\/?hl=es\">Instagram<\/a>)\u00a0 \u00a0 Si tienes alguna consulta,\u00a0<a href=\"mailto:%20info@mentaymora.com\">preg\u00fantanos<\/a>.<\/p>\n","protected":false},"excerpt":{"rendered":"<p data-start=\"164\" data-end=\"306\">Aceite nutritivo para beb\u00e9 con 95% ingredientes naturales y extracto de tila. Hidrata, suaviza y ayuda a la relajaci\u00f3n en la rutina del ba\u00f1o.<\/p>\n<ul>\n<li data-start=\"190\" data-end=\"335\"><strong>Formato:<\/strong> 100ml<\/li>\n<\/ul>\n<table style=\"border-collapse: collapse; width: 100%;\">\n<tbody>\n<tr>\n<td style=\"width: 14.2857%;\">\n<p><img decoding=\"async\" class=\"size-full wp-image-19548\" title=\"Icono Dermatol\u00f3gicamente Testado\" src=\"https:\/\/www.mentaymora.com\/wp-content\/uploads\/2025\/08\/Icono-Dermatologicamente-Testado.jpg\" alt=\"Icono Dermatol\u00f3gicamente Testado\" width=\"98\" height=\"98\" srcset=\"https:\/\/www.mentaymora.com\/wp-content\/uploads\/2025\/08\/Icono-Dermatologicamente-Testado.jpg 98w, https:\/\/www.mentaymora.com\/wp-content\/uploads\/2025\/08\/Icono-Dermatologicamente-Testado-24x24.jpg 24w, https:\/\/www.mentaymora.com\/wp-content\/uploads\/2025\/08\/Icono-Dermatologicamente-Testado-36x36.jpg 36w, https:\/\/www.mentaymora.com\/wp-content\/uploads\/2025\/08\/Icono-Dermatologicamente-Testado-48x48.jpg 48w, https:\/\/www.mentaymora.com\/wp-content\/uploads\/2025\/08\/Icono-Dermatologicamente-Testado-50x50.jpg 50w, https:\/\/www.mentaymora.com\/wp-content\/uploads\/2025\/08\/Icono-Dermatologicamente-Testado-64x64.jpg 64w\" sizes=\"(max-width: 98px) 100vw, 98px\" \/><\/p>\n<\/td>\n<td style=\"width: 14.2857%;\">\n<p><img decoding=\"async\" class=\"size-full wp-image-19542\" title=\"Icono Hipoalergenico\" src=\"https:\/\/www.mentaymora.com\/wp-content\/uploads\/2025\/08\/Icono-Hipoalergenico.png\" alt=\"Icono Hipoalergenico\" width=\"98\" height=\"98\" srcset=\"https:\/\/www.mentaymora.com\/wp-content\/uploads\/2025\/08\/Icono-Hipoalergenico.png 98w, https:\/\/www.mentaymora.com\/wp-content\/uploads\/2025\/08\/Icono-Hipoalergenico-24x24.png 24w, https:\/\/www.mentaymora.com\/wp-content\/uploads\/2025\/08\/Icono-Hipoalergenico-36x36.png 36w, https:\/\/www.mentaymora.com\/wp-content\/uploads\/2025\/08\/Icono-Hipoalergenico-48x48.png 48w, https:\/\/www.mentaymora.com\/wp-content\/uploads\/2025\/08\/Icono-Hipoalergenico-50x50.png 50w, https:\/\/www.mentaymora.com\/wp-content\/uploads\/2025\/08\/Icono-Hipoalergenico-64x64.png 64w\" sizes=\"(max-width: 98px) 100vw, 98px\" \/><\/p>\n<\/td>\n<td style=\"width: 14.2857%;\">\u00a0<\/td>\n<td style=\"width: 14.2857%;\">\u00a0<\/td>\n<td style=\"width: 14.2857%;\">\u00a0<\/td>\n<td style=\"width: 14.2857%;\">\u00a0<\/td>\n<td style=\"width: 14.2857%;\">\u00a0<\/td>\n<\/tr>\n<\/tbody>\n<\/table>\n","protected":false},"featured_media":19541,"comment_status":"open","ping_status":"closed","template":"","meta":{"_acf_changed":false,"_joinchat":[]},"product_brand":[1588],"product_cat":[1587,1676],"product_tag":[330,837],"class_list":{"0":"post-19546","1":"product","2":"type-product","3":"status-publish","4":"has-post-thumbnail","6":"product_brand-corine-de-farme","7":"product_cat-corine-de-farme","8":"product_cat-cuidado-del-bebe","9":"product_tag-aceite","10":"product_tag-relajante","11":"latest_post","13":"first","14":"instock","15":"taxable","16":"shipping-taxable","17":"purchasable","18":"product-type-simple"},"acf":[],"yoast_head":"<!-- This site is optimized with the Yoast SEO plugin v27.4 - https:\/\/yoast.com\/product\/yoast-seo-wordpress\/ -->\n<title>Aceite para masajes Dulces Sue\u00f1os 100ml \u2013 Corine de Farme - Menta y Mora<\/title>\n<meta name=\"description\" content=\"Aceite para masajes Dulces Sue\u00f1os 100ml \u2013 Corine de Farme Nuestro aceite nutritivo para beb\u00e9 est\u00e1 especialmente dise\u00f1ada para\u00a0suavizar e hidratar\" \/>\n<meta name=\"robots\" content=\"index, follow, max-snippet:-1, max-image-preview:large, max-video-preview:-1\" \/>\n<link rel=\"canonical\" href=\"https:\/\/www.mentaymora.com\/index.php\/producto\/aceite-para-masajes-dulces-suenos-100ml-corine-de-farme\/\" \/>\n<meta property=\"og:locale\" content=\"es_ES\" \/>\n<meta property=\"og:type\" content=\"article\" \/>\n<meta property=\"og:title\" content=\"Aceite para masajes Dulces Sue\u00f1os 100ml \u2013 Corine de Farme - Menta y Mora\" \/>\n<meta property=\"og:description\" content=\"Aceite para masajes Dulces Sue\u00f1os 100ml \u2013 Corine de Farme Nuestro aceite nutritivo para beb\u00e9 est\u00e1 especialmente dise\u00f1ada para\u00a0suavizar e hidratar\" \/>\n<meta property=\"og:url\" content=\"https:\/\/www.mentaymora.com\/index.php\/producto\/aceite-para-masajes-dulces-suenos-100ml-corine-de-farme\/\" \/>\n<meta property=\"og:site_name\" content=\"Menta y Mora\" \/>\n<meta property=\"article:publisher\" content=\"https:\/\/es-es.facebook.com\/MentayMora\/\" \/>\n<meta property=\"article:modified_time\" content=\"2025-11-16T09:06:33+00:00\" \/>\n<meta property=\"og:image\" content=\"https:\/\/www.mentaymora.com\/wp-content\/uploads\/2025\/08\/HUILE-DE-MASSAGE-BEBE_FACE-696x696-1.png\" \/>\n\t<meta property=\"og:image:width\" content=\"696\" \/>\n\t<meta property=\"og:image:height\" content=\"696\" \/>\n\t<meta property=\"og:image:type\" content=\"image\/png\" \/>\n<meta name=\"twitter:card\" content=\"summary_large_image\" \/>\n<meta name=\"twitter:label1\" content=\"Tiempo de lectura\" \/>\n\t<meta name=\"twitter:data1\" content=\"1 minuto\" \/>\n<script type=\"application\/ld+json\" class=\"yoast-schema-graph\">{\"@context\":\"https:\\\/\\\/schema.org\",\"@graph\":[{\"@type\":\"WebPage\",\"@id\":\"https:\\\/\\\/www.mentaymora.com\\\/index.php\\\/producto\\\/aceite-para-masajes-dulces-suenos-100ml-corine-de-farme\\\/\",\"url\":\"https:\\\/\\\/www.mentaymora.com\\\/index.php\\\/producto\\\/aceite-para-masajes-dulces-suenos-100ml-corine-de-farme\\\/\",\"name\":\"Aceite para masajes Dulces Sue\u00f1os 100ml \u2013 Corine de Farme - Menta y Mora\",\"isPartOf\":{\"@id\":\"https:\\\/\\\/www.mentaymora.com\\\/#website\"},\"primaryImageOfPage\":{\"@id\":\"https:\\\/\\\/www.mentaymora.com\\\/index.php\\\/producto\\\/aceite-para-masajes-dulces-suenos-100ml-corine-de-farme\\\/#primaryimage\"},\"image\":{\"@id\":\"https:\\\/\\\/www.mentaymora.com\\\/index.php\\\/producto\\\/aceite-para-masajes-dulces-suenos-100ml-corine-de-farme\\\/#primaryimage\"},\"thumbnailUrl\":\"https:\\\/\\\/www.mentaymora.com\\\/wp-content\\\/uploads\\\/2025\\\/08\\\/HUILE-DE-MASSAGE-BEBE_FACE-696x696-1.png\",\"datePublished\":\"2025-09-06T18:17:10+00:00\",\"dateModified\":\"2025-11-16T09:06:33+00:00\",\"description\":\"Aceite para masajes Dulces Sue\u00f1os 100ml \u2013 Corine de Farme Nuestro aceite nutritivo para beb\u00e9 est\u00e1 especialmente dise\u00f1ada para\u00a0suavizar e hidratar\",\"breadcrumb\":{\"@id\":\"https:\\\/\\\/www.mentaymora.com\\\/index.php\\\/producto\\\/aceite-para-masajes-dulces-suenos-100ml-corine-de-farme\\\/#breadcrumb\"},\"inLanguage\":\"es\",\"potentialAction\":[{\"@type\":\"ReadAction\",\"target\":[\"https:\\\/\\\/www.mentaymora.com\\\/index.php\\\/producto\\\/aceite-para-masajes-dulces-suenos-100ml-corine-de-farme\\\/\"]}]},{\"@type\":\"ImageObject\",\"inLanguage\":\"es\",\"@id\":\"https:\\\/\\\/www.mentaymora.com\\\/index.php\\\/producto\\\/aceite-para-masajes-dulces-suenos-100ml-corine-de-farme\\\/#primaryimage\",\"url\":\"https:\\\/\\\/www.mentaymora.com\\\/wp-content\\\/uploads\\\/2025\\\/08\\\/HUILE-DE-MASSAGE-BEBE_FACE-696x696-1.png\",\"contentUrl\":\"https:\\\/\\\/www.mentaymora.com\\\/wp-content\\\/uploads\\\/2025\\\/08\\\/HUILE-DE-MASSAGE-BEBE_FACE-696x696-1.png\",\"width\":696,\"height\":696,\"caption\":\"HUILE DE MASSAGE BEBE FACE 696x696\"},{\"@type\":\"BreadcrumbList\",\"@id\":\"https:\\\/\\\/www.mentaymora.com\\\/index.php\\\/producto\\\/aceite-para-masajes-dulces-suenos-100ml-corine-de-farme\\\/#breadcrumb\",\"itemListElement\":[{\"@type\":\"ListItem\",\"position\":1,\"name\":\"Portada\",\"item\":\"https:\\\/\\\/www.mentaymora.com\\\/\"},{\"@type\":\"ListItem\",\"position\":2,\"name\":\"Productos\",\"item\":\"https:\\\/\\\/www.mentaymora.com\\\/index.php\\\/tienda\\\/\"},{\"@type\":\"ListItem\",\"position\":3,\"name\":\"Aceite para masajes Dulces Sue\u00f1os 100ml \u2013 Corine de Farme\"}]},{\"@type\":\"WebSite\",\"@id\":\"https:\\\/\\\/www.mentaymora.com\\\/#website\",\"url\":\"https:\\\/\\\/www.mentaymora.com\\\/\",\"name\":\"Menta y Mora\",\"description\":\"Regalos y Complementos\",\"publisher\":{\"@id\":\"https:\\\/\\\/www.mentaymora.com\\\/#organization\"},\"potentialAction\":[{\"@type\":\"SearchAction\",\"target\":{\"@type\":\"EntryPoint\",\"urlTemplate\":\"https:\\\/\\\/www.mentaymora.com\\\/?s={search_term_string}\"},\"query-input\":{\"@type\":\"PropertyValueSpecification\",\"valueRequired\":true,\"valueName\":\"search_term_string\"}}],\"inLanguage\":\"es\"},{\"@type\":\"Organization\",\"@id\":\"https:\\\/\\\/www.mentaymora.com\\\/#organization\",\"name\":\"Menta y Mora\",\"url\":\"https:\\\/\\\/www.mentaymora.com\\\/\",\"logo\":{\"@type\":\"ImageObject\",\"inLanguage\":\"es\",\"@id\":\"https:\\\/\\\/www.mentaymora.com\\\/#\\\/schema\\\/logo\\\/image\\\/\",\"url\":\"https:\\\/\\\/www.mentaymora.com\\\/wp-content\\\/uploads\\\/2021\\\/07\\\/Logo.jpg\",\"contentUrl\":\"https:\\\/\\\/www.mentaymora.com\\\/wp-content\\\/uploads\\\/2021\\\/07\\\/Logo.jpg\",\"width\":1172,\"height\":1172,\"caption\":\"Menta y Mora\"},\"image\":{\"@id\":\"https:\\\/\\\/www.mentaymora.com\\\/#\\\/schema\\\/logo\\\/image\\\/\"},\"sameAs\":[\"https:\\\/\\\/es-es.facebook.com\\\/MentayMora\\\/\",\"https:\\\/\\\/www.instagram.com\\\/mentaymora.illescas\\\/?hl=es\",\"https:\\\/\\\/www.youtube.com\\\/channel\\\/UCuMMtdck_1XS-MyW6ZnBAlw\"]}]}<\/script>\n<!-- \/ Yoast SEO plugin. -->","yoast_head_json":{"title":"Aceite para masajes Dulces Sue\u00f1os 100ml \u2013 Corine de Farme - Menta y Mora","description":"Aceite para masajes Dulces Sue\u00f1os 100ml \u2013 Corine de Farme Nuestro aceite nutritivo para beb\u00e9 est\u00e1 especialmente dise\u00f1ada para\u00a0suavizar e hidratar","robots":{"index":"index","follow":"follow","max-snippet":"max-snippet:-1","max-image-preview":"max-image-preview:large","max-video-preview":"max-video-preview:-1"},"canonical":"https:\/\/www.mentaymora.com\/index.php\/producto\/aceite-para-masajes-dulces-suenos-100ml-corine-de-farme\/","og_locale":"es_ES","og_type":"article","og_title":"Aceite para masajes Dulces Sue\u00f1os 100ml \u2013 Corine de Farme - Menta y Mora","og_description":"Aceite para masajes Dulces Sue\u00f1os 100ml \u2013 Corine de Farme Nuestro aceite nutritivo para beb\u00e9 est\u00e1 especialmente dise\u00f1ada para\u00a0suavizar e hidratar","og_url":"https:\/\/www.mentaymora.com\/index.php\/producto\/aceite-para-masajes-dulces-suenos-100ml-corine-de-farme\/","og_site_name":"Menta y Mora","article_publisher":"https:\/\/es-es.facebook.com\/MentayMora\/","article_modified_time":"2025-11-16T09:06:33+00:00","og_image":[{"width":696,"height":696,"url":"https:\/\/www.mentaymora.com\/wp-content\/uploads\/2025\/08\/HUILE-DE-MASSAGE-BEBE_FACE-696x696-1.png","type":"image\/png"}],"twitter_card":"summary_large_image","twitter_misc":{"Tiempo de lectura":"1 minuto"},"schema":{"@context":"https:\/\/schema.org","@graph":[{"@type":"WebPage","@id":"https:\/\/www.mentaymora.com\/index.php\/producto\/aceite-para-masajes-dulces-suenos-100ml-corine-de-farme\/","url":"https:\/\/www.mentaymora.com\/index.php\/producto\/aceite-para-masajes-dulces-suenos-100ml-corine-de-farme\/","name":"Aceite para masajes Dulces Sue\u00f1os 100ml \u2013 Corine de Farme - Menta y Mora","isPartOf":{"@id":"https:\/\/www.mentaymora.com\/#website"},"primaryImageOfPage":{"@id":"https:\/\/www.mentaymora.com\/index.php\/producto\/aceite-para-masajes-dulces-suenos-100ml-corine-de-farme\/#primaryimage"},"image":{"@id":"https:\/\/www.mentaymora.com\/index.php\/producto\/aceite-para-masajes-dulces-suenos-100ml-corine-de-farme\/#primaryimage"},"thumbnailUrl":"https:\/\/www.mentaymora.com\/wp-content\/uploads\/2025\/08\/HUILE-DE-MASSAGE-BEBE_FACE-696x696-1.png","datePublished":"2025-09-06T18:17:10+00:00","dateModified":"2025-11-16T09:06:33+00:00","description":"Aceite para masajes Dulces Sue\u00f1os 100ml \u2013 Corine de Farme Nuestro aceite nutritivo para beb\u00e9 est\u00e1 especialmente dise\u00f1ada para\u00a0suavizar e hidratar","breadcrumb":{"@id":"https:\/\/www.mentaymora.com\/index.php\/producto\/aceite-para-masajes-dulces-suenos-100ml-corine-de-farme\/#breadcrumb"},"inLanguage":"es","potentialAction":[{"@type":"ReadAction","target":["https:\/\/www.mentaymora.com\/index.php\/producto\/aceite-para-masajes-dulces-suenos-100ml-corine-de-farme\/"]}]},{"@type":"ImageObject","inLanguage":"es","@id":"https:\/\/www.mentaymora.com\/index.php\/producto\/aceite-para-masajes-dulces-suenos-100ml-corine-de-farme\/#primaryimage","url":"https:\/\/www.mentaymora.com\/wp-content\/uploads\/2025\/08\/HUILE-DE-MASSAGE-BEBE_FACE-696x696-1.png","contentUrl":"https:\/\/www.mentaymora.com\/wp-content\/uploads\/2025\/08\/HUILE-DE-MASSAGE-BEBE_FACE-696x696-1.png","width":696,"height":696,"caption":"HUILE DE MASSAGE BEBE FACE 696x696"},{"@type":"BreadcrumbList","@id":"https:\/\/www.mentaymora.com\/index.php\/producto\/aceite-para-masajes-dulces-suenos-100ml-corine-de-farme\/#breadcrumb","itemListElement":[{"@type":"ListItem","position":1,"name":"Portada","item":"https:\/\/www.mentaymora.com\/"},{"@type":"ListItem","position":2,"name":"Productos","item":"https:\/\/www.mentaymora.com\/index.php\/tienda\/"},{"@type":"ListItem","position":3,"name":"Aceite para masajes Dulces Sue\u00f1os 100ml \u2013 Corine de Farme"}]},{"@type":"WebSite","@id":"https:\/\/www.mentaymora.com\/#website","url":"https:\/\/www.mentaymora.com\/","name":"Menta y Mora","description":"Regalos y Complementos","publisher":{"@id":"https:\/\/www.mentaymora.com\/#organization"},"potentialAction":[{"@type":"SearchAction","target":{"@type":"EntryPoint","urlTemplate":"https:\/\/www.mentaymora.com\/?s={search_term_string}"},"query-input":{"@type":"PropertyValueSpecification","valueRequired":true,"valueName":"search_term_string"}}],"inLanguage":"es"},{"@type":"Organization","@id":"https:\/\/www.mentaymora.com\/#organization","name":"Menta y Mora","url":"https:\/\/www.mentaymora.com\/","logo":{"@type":"ImageObject","inLanguage":"es","@id":"https:\/\/www.mentaymora.com\/#\/schema\/logo\/image\/","url":"https:\/\/www.mentaymora.com\/wp-content\/uploads\/2021\/07\/Logo.jpg","contentUrl":"https:\/\/www.mentaymora.com\/wp-content\/uploads\/2021\/07\/Logo.jpg","width":1172,"height":1172,"caption":"Menta y Mora"},"image":{"@id":"https:\/\/www.mentaymora.com\/#\/schema\/logo\/image\/"},"sameAs":["https:\/\/es-es.facebook.com\/MentayMora\/","https:\/\/www.instagram.com\/mentaymora.illescas\/?hl=es","https:\/\/www.youtube.com\/channel\/UCuMMtdck_1XS-MyW6ZnBAlw"]}]}},"_links":{"self":[{"href":"https:\/\/www.mentaymora.com\/index.php\/wp-json\/wp\/v2\/product\/19546","targetHints":{"allow":["GET"]}}],"collection":[{"href":"https:\/\/www.mentaymora.com\/index.php\/wp-json\/wp\/v2\/product"}],"about":[{"href":"https:\/\/www.mentaymora.com\/index.php\/wp-json\/wp\/v2\/types\/product"}],"replies":[{"embeddable":true,"href":"https:\/\/www.mentaymora.com\/index.php\/wp-json\/wp\/v2\/comments?post=19546"}],"wp:featuredmedia":[{"embeddable":true,"href":"https:\/\/www.mentaymora.com\/index.php\/wp-json\/wp\/v2\/media\/19541"}],"wp:attachment":[{"href":"https:\/\/www.mentaymora.com\/index.php\/wp-json\/wp\/v2\/media?parent=19546"}],"wp:term":[{"taxonomy":"product_brand","embeddable":true,"href":"https:\/\/www.mentaymora.com\/index.php\/wp-json\/wp\/v2\/product_brand?post=19546"},{"taxonomy":"product_cat","embeddable":true,"href":"https:\/\/www.mentaymora.com\/index.php\/wp-json\/wp\/v2\/product_cat?post=19546"},{"taxonomy":"product_tag","embeddable":true,"href":"https:\/\/www.mentaymora.com\/index.php\/wp-json\/wp\/v2\/product_tag?post=19546"}],"curies":[{"name":"wp","href":"https:\/\/api.w.org\/{rel}","templated":true}]}}