{"id":19576,"date":"2025-09-06T19:04:39","date_gmt":"2025-09-06T18:04:39","guid":{"rendered":"https:\/\/www.mentaymora.com\/?post_type=product&#038;p=19576"},"modified":"2026-04-09T16:01:21","modified_gmt":"2026-04-09T15:01:21","slug":"termo-colores-stitch-mi-1a-comunion","status":"publish","type":"product","link":"https:\/\/www.mentaymora.com\/index.php\/producto\/termo-colores-stitch-mi-1a-comunion\/","title":{"rendered":"Termo Colores Stitch \u00abMi 1\u00aa Comuni\u00f3n\u00bb"},"content":{"rendered":"<div class=\"elementor-element elementor-element-695b96d elementor-widget elementor-widget-woocommerce-product-title elementor-page-title elementor-widget-heading\" data-id=\"695b96d\" data-element_type=\"widget\" data-widget_type=\"woocommerce-product-title.default\">\n<div class=\"elementor-widget-container\">\n<p class=\"product_title entry-title elementor-heading-title elementor-size-default\">Termo Colores Stitch \u00abMi 1\u00aa Comuni\u00f3n\u00bb<\/p>\n<\/div>\n<\/div>\n<div class=\"elementor-element elementor-element-912f065 elementor-widget elementor-widget-woocommerce-product-price\" data-id=\"912f065\" data-element_type=\"widget\" data-widget_type=\"woocommerce-product-price.default\">\n<div class=\"elementor-widget-container\">\n<p>Botella de acero inoxidable personalizada con el nombre de el\/la protagonista de la comuni\u00f3n y la fecha del evento, personalizada\u00a0<strong>mediante<\/strong>\u00a0la t\u00e9cnica de\u00a0<strong>sublimaci\u00f3n.<\/strong><\/p>\n<p><strong>Caracter\u00edsticas:<\/strong><\/p>\n<ul>\n<li><strong>Acero inoxidable blanco<\/strong>, sin BPA ni productos qu\u00edmicos nocivos.<\/li>\n<li><strong>Apta para consumo alimentario<\/strong>, segura y saludable.<\/li>\n<li><strong>Doble pared t\u00e9rmica<\/strong>, mantiene bebidas fr\u00edas o calientes por m\u00e1s tiempo.<\/li>\n<li><strong>Tap\u00f3n de alta seguridad<\/strong>, evita derrames y fugas.<\/li>\n<li><strong>Acabado brillante y calidad premium<\/strong>.<\/li>\n<li><strong>Capacidad de 500 ml<\/strong>, con medidas de 7\u00f8 x 26 cm.<\/li>\n<li><strong>Incluye caja individual<\/strong>\u00a0para una presentaci\u00f3n elegante.<\/li>\n<li><strong>Plazo de entrega:\u00a0<\/strong>2-3 d\u00edas h\u00e1biles.<\/li>\n<\/ul>\n<p><strong>Personalizaci\u00f3n \u00danica:<\/strong><\/p>\n<ul>\n<li>Personaliza con\u00a0<strong>tu nombre<\/strong>, aplicado mediante sublimaci\u00f3n de alta durabilidad.<\/li>\n<\/ul>\n<p><strong>\u00a1Dise\u00f1a tu botella y ll\u00e9vala siempre contigo!<\/strong><\/p>\n<p><a href=\"https:\/\/www.mentaymora.com\/\">Menta y Mora<\/a>\u00a0Te Enamora\u00a0 \u00a0\u00a0S\u00edguenos en nuestras RRSS (<a href=\"https:\/\/es-es.facebook.com\/MentayMora\/\">Facebook<\/a>\u00a0e\u00a0<a href=\"https:\/\/www.instagram.com\/mentaymora.illescas\/?hl=es\">Instagram<\/a>)\u00a0 \u00a0 \u00a0Si tienes alguna consulta,\u00a0<a href=\"mailto:%20info@mentaymora.com\">preg\u00fantanos<\/a>.<\/p>\n<\/div>\n<\/div>\n","protected":false},"excerpt":{"rendered":"<p class=\"\" data-start=\"140\" data-end=\"375\">Celebra un momento tan especial con esta encantadora botella con dise\u00f1o de Stitch y el mensaje \u00abMi 1\u00aa Comuni\u00f3n\u00bb.<\/p>\n<p class=\"\" data-start=\"140\" data-end=\"375\">Personal\u00edzala con el\u00a0<strong data-start=\"283\" data-end=\"331\">nombre del ni\u00f1o o ni\u00f1a y la fecha del evento<\/strong>\u00a0para hacerla a\u00fan m\u00e1s \u00fanica y significativa.<\/p>\n<ul>\n<li><strong>Capacidad de 500 ml<\/strong>, con medidas de 7\u00f8 x 26 cm.<\/li>\n<li><strong>Doble pared t\u00e9rmica<\/strong>, mantiene bebidas fr\u00edas o calientes por m\u00e1s tiempo.<\/li>\n<li><strong>Letra de personalizaci\u00f3n predefinida.<\/strong><\/li>\n<li><strong>Plazo de entrega:\u00a0<\/strong>2-3 d\u00edas h\u00e1biles.<\/li>\n<\/ul>\n","protected":false},"featured_media":19284,"comment_status":"open","ping_status":"closed","template":"","meta":{"_acf_changed":false,"_joinchat":[]},"product_brand":[1539],"product_cat":[1103,1377,808],"product_tag":[387,1273],"class_list":{"0":"post-19576","1":"product","2":"type-product","3":"status-publish","4":"has-post-thumbnail","6":"product_brand-menta-y-mora","7":"product_cat-botellas-personalizadas","8":"product_cat-comuniones","9":"product_cat-vuelta-al-cole","10":"product_tag-botella","11":"product_tag-cole","12":"latest_post","14":"first","15":"instock","16":"taxable","17":"shipping-taxable","18":"purchasable","19":"product-type-variable"},"acf":[],"yoast_head":"<!-- This site is optimized with the Yoast SEO plugin v27.4 - https:\/\/yoast.com\/product\/yoast-seo-wordpress\/ -->\n<title>Termo Colores Stitch &quot;Mi 1\u00aa Comuni\u00f3n&quot; - Menta y Mora<\/title>\n<meta name=\"description\" content=\"Termo Colores Angel &amp; Stitch Personalizado Mant\u00e9n tus bebidas a la temperatura ideal con nuestra\u00a0botella de acero inoxidable personalizada, dise\u00f1ada para\" \/>\n<meta name=\"robots\" content=\"index, follow, max-snippet:-1, max-image-preview:large, max-video-preview:-1\" \/>\n<link rel=\"canonical\" href=\"https:\/\/www.mentaymora.com\/index.php\/producto\/termo-colores-stitch-mi-1a-comunion\/\" \/>\n<meta property=\"og:locale\" content=\"es_ES\" \/>\n<meta property=\"og:type\" content=\"article\" \/>\n<meta property=\"og:title\" content=\"Termo Colores Stitch &quot;Mi 1\u00aa Comuni\u00f3n&quot; - Menta y Mora\" \/>\n<meta property=\"og:description\" content=\"Termo Colores Angel &amp; Stitch Personalizado Mant\u00e9n tus bebidas a la temperatura ideal con nuestra\u00a0botella de acero inoxidable personalizada, dise\u00f1ada para\" \/>\n<meta property=\"og:url\" content=\"https:\/\/www.mentaymora.com\/index.php\/producto\/termo-colores-stitch-mi-1a-comunion\/\" \/>\n<meta property=\"og:site_name\" content=\"Menta y Mora\" \/>\n<meta property=\"article:publisher\" content=\"https:\/\/es-es.facebook.com\/MentayMora\/\" \/>\n<meta property=\"article:modified_time\" content=\"2026-04-09T15:01:21+00:00\" \/>\n<meta property=\"og:image\" content=\"https:\/\/www.mentaymora.com\/wp-content\/uploads\/2025\/07\/Botella-Ancgel-Stitch-Personalizado.jpg\" \/>\n\t<meta property=\"og:image:width\" content=\"905\" \/>\n\t<meta property=\"og:image:height\" content=\"941\" \/>\n\t<meta property=\"og:image:type\" content=\"image\/jpeg\" \/>\n<meta name=\"twitter:card\" content=\"summary_large_image\" \/>\n<meta name=\"twitter:label1\" content=\"Tiempo de lectura\" \/>\n\t<meta name=\"twitter:data1\" content=\"1 minuto\" \/>\n<script type=\"application\/ld+json\" class=\"yoast-schema-graph\">{\"@context\":\"https:\\\/\\\/schema.org\",\"@graph\":[{\"@type\":\"WebPage\",\"@id\":\"https:\\\/\\\/www.mentaymora.com\\\/index.php\\\/producto\\\/termo-colores-stitch-mi-1a-comunion\\\/\",\"url\":\"https:\\\/\\\/www.mentaymora.com\\\/index.php\\\/producto\\\/termo-colores-stitch-mi-1a-comunion\\\/\",\"name\":\"Termo Colores Stitch \\\"Mi 1\u00aa Comuni\u00f3n\\\" - Menta y Mora\",\"isPartOf\":{\"@id\":\"https:\\\/\\\/www.mentaymora.com\\\/#website\"},\"primaryImageOfPage\":{\"@id\":\"https:\\\/\\\/www.mentaymora.com\\\/index.php\\\/producto\\\/termo-colores-stitch-mi-1a-comunion\\\/#primaryimage\"},\"image\":{\"@id\":\"https:\\\/\\\/www.mentaymora.com\\\/index.php\\\/producto\\\/termo-colores-stitch-mi-1a-comunion\\\/#primaryimage\"},\"thumbnailUrl\":\"https:\\\/\\\/www.mentaymora.com\\\/wp-content\\\/uploads\\\/2025\\\/07\\\/Botella-Ancgel-Stitch-Personalizado.jpg\",\"datePublished\":\"2025-09-06T18:04:39+00:00\",\"dateModified\":\"2026-04-09T15:01:21+00:00\",\"description\":\"Termo Colores Angel & Stitch Personalizado Mant\u00e9n tus bebidas a la temperatura ideal con nuestra\u00a0botella de acero inoxidable personalizada, dise\u00f1ada para\",\"breadcrumb\":{\"@id\":\"https:\\\/\\\/www.mentaymora.com\\\/index.php\\\/producto\\\/termo-colores-stitch-mi-1a-comunion\\\/#breadcrumb\"},\"inLanguage\":\"es\",\"potentialAction\":[{\"@type\":\"ReadAction\",\"target\":[\"https:\\\/\\\/www.mentaymora.com\\\/index.php\\\/producto\\\/termo-colores-stitch-mi-1a-comunion\\\/\"]}]},{\"@type\":\"ImageObject\",\"inLanguage\":\"es\",\"@id\":\"https:\\\/\\\/www.mentaymora.com\\\/index.php\\\/producto\\\/termo-colores-stitch-mi-1a-comunion\\\/#primaryimage\",\"url\":\"https:\\\/\\\/www.mentaymora.com\\\/wp-content\\\/uploads\\\/2025\\\/07\\\/Botella-Ancgel-Stitch-Personalizado.jpg\",\"contentUrl\":\"https:\\\/\\\/www.mentaymora.com\\\/wp-content\\\/uploads\\\/2025\\\/07\\\/Botella-Ancgel-Stitch-Personalizado.jpg\",\"width\":905,\"height\":941,\"caption\":\"Botella Ancgel Stitch Personalizado\"},{\"@type\":\"BreadcrumbList\",\"@id\":\"https:\\\/\\\/www.mentaymora.com\\\/index.php\\\/producto\\\/termo-colores-stitch-mi-1a-comunion\\\/#breadcrumb\",\"itemListElement\":[{\"@type\":\"ListItem\",\"position\":1,\"name\":\"Portada\",\"item\":\"https:\\\/\\\/www.mentaymora.com\\\/\"},{\"@type\":\"ListItem\",\"position\":2,\"name\":\"Productos\",\"item\":\"https:\\\/\\\/www.mentaymora.com\\\/index.php\\\/tienda\\\/\"},{\"@type\":\"ListItem\",\"position\":3,\"name\":\"Termo Colores Stitch \u00abMi 1\u00aa Comuni\u00f3n\u00bb\"}]},{\"@type\":\"WebSite\",\"@id\":\"https:\\\/\\\/www.mentaymora.com\\\/#website\",\"url\":\"https:\\\/\\\/www.mentaymora.com\\\/\",\"name\":\"Menta y Mora\",\"description\":\"Regalos y Complementos\",\"publisher\":{\"@id\":\"https:\\\/\\\/www.mentaymora.com\\\/#organization\"},\"potentialAction\":[{\"@type\":\"SearchAction\",\"target\":{\"@type\":\"EntryPoint\",\"urlTemplate\":\"https:\\\/\\\/www.mentaymora.com\\\/?s={search_term_string}\"},\"query-input\":{\"@type\":\"PropertyValueSpecification\",\"valueRequired\":true,\"valueName\":\"search_term_string\"}}],\"inLanguage\":\"es\"},{\"@type\":\"Organization\",\"@id\":\"https:\\\/\\\/www.mentaymora.com\\\/#organization\",\"name\":\"Menta y Mora\",\"url\":\"https:\\\/\\\/www.mentaymora.com\\\/\",\"logo\":{\"@type\":\"ImageObject\",\"inLanguage\":\"es\",\"@id\":\"https:\\\/\\\/www.mentaymora.com\\\/#\\\/schema\\\/logo\\\/image\\\/\",\"url\":\"https:\\\/\\\/www.mentaymora.com\\\/wp-content\\\/uploads\\\/2021\\\/07\\\/Logo.jpg\",\"contentUrl\":\"https:\\\/\\\/www.mentaymora.com\\\/wp-content\\\/uploads\\\/2021\\\/07\\\/Logo.jpg\",\"width\":1172,\"height\":1172,\"caption\":\"Menta y Mora\"},\"image\":{\"@id\":\"https:\\\/\\\/www.mentaymora.com\\\/#\\\/schema\\\/logo\\\/image\\\/\"},\"sameAs\":[\"https:\\\/\\\/es-es.facebook.com\\\/MentayMora\\\/\",\"https:\\\/\\\/www.instagram.com\\\/mentaymora.illescas\\\/?hl=es\",\"https:\\\/\\\/www.youtube.com\\\/channel\\\/UCuMMtdck_1XS-MyW6ZnBAlw\"]}]}<\/script>\n<!-- \/ Yoast SEO plugin. -->","yoast_head_json":{"title":"Termo Colores Stitch \"Mi 1\u00aa Comuni\u00f3n\" - Menta y Mora","description":"Termo Colores Angel & Stitch Personalizado Mant\u00e9n tus bebidas a la temperatura ideal con nuestra\u00a0botella de acero inoxidable personalizada, dise\u00f1ada para","robots":{"index":"index","follow":"follow","max-snippet":"max-snippet:-1","max-image-preview":"max-image-preview:large","max-video-preview":"max-video-preview:-1"},"canonical":"https:\/\/www.mentaymora.com\/index.php\/producto\/termo-colores-stitch-mi-1a-comunion\/","og_locale":"es_ES","og_type":"article","og_title":"Termo Colores Stitch \"Mi 1\u00aa Comuni\u00f3n\" - Menta y Mora","og_description":"Termo Colores Angel & Stitch Personalizado Mant\u00e9n tus bebidas a la temperatura ideal con nuestra\u00a0botella de acero inoxidable personalizada, dise\u00f1ada para","og_url":"https:\/\/www.mentaymora.com\/index.php\/producto\/termo-colores-stitch-mi-1a-comunion\/","og_site_name":"Menta y Mora","article_publisher":"https:\/\/es-es.facebook.com\/MentayMora\/","article_modified_time":"2026-04-09T15:01:21+00:00","og_image":[{"width":905,"height":941,"url":"https:\/\/www.mentaymora.com\/wp-content\/uploads\/2025\/07\/Botella-Ancgel-Stitch-Personalizado.jpg","type":"image\/jpeg"}],"twitter_card":"summary_large_image","twitter_misc":{"Tiempo de lectura":"1 minuto"},"schema":{"@context":"https:\/\/schema.org","@graph":[{"@type":"WebPage","@id":"https:\/\/www.mentaymora.com\/index.php\/producto\/termo-colores-stitch-mi-1a-comunion\/","url":"https:\/\/www.mentaymora.com\/index.php\/producto\/termo-colores-stitch-mi-1a-comunion\/","name":"Termo Colores Stitch \"Mi 1\u00aa Comuni\u00f3n\" - Menta y Mora","isPartOf":{"@id":"https:\/\/www.mentaymora.com\/#website"},"primaryImageOfPage":{"@id":"https:\/\/www.mentaymora.com\/index.php\/producto\/termo-colores-stitch-mi-1a-comunion\/#primaryimage"},"image":{"@id":"https:\/\/www.mentaymora.com\/index.php\/producto\/termo-colores-stitch-mi-1a-comunion\/#primaryimage"},"thumbnailUrl":"https:\/\/www.mentaymora.com\/wp-content\/uploads\/2025\/07\/Botella-Ancgel-Stitch-Personalizado.jpg","datePublished":"2025-09-06T18:04:39+00:00","dateModified":"2026-04-09T15:01:21+00:00","description":"Termo Colores Angel & Stitch Personalizado Mant\u00e9n tus bebidas a la temperatura ideal con nuestra\u00a0botella de acero inoxidable personalizada, dise\u00f1ada para","breadcrumb":{"@id":"https:\/\/www.mentaymora.com\/index.php\/producto\/termo-colores-stitch-mi-1a-comunion\/#breadcrumb"},"inLanguage":"es","potentialAction":[{"@type":"ReadAction","target":["https:\/\/www.mentaymora.com\/index.php\/producto\/termo-colores-stitch-mi-1a-comunion\/"]}]},{"@type":"ImageObject","inLanguage":"es","@id":"https:\/\/www.mentaymora.com\/index.php\/producto\/termo-colores-stitch-mi-1a-comunion\/#primaryimage","url":"https:\/\/www.mentaymora.com\/wp-content\/uploads\/2025\/07\/Botella-Ancgel-Stitch-Personalizado.jpg","contentUrl":"https:\/\/www.mentaymora.com\/wp-content\/uploads\/2025\/07\/Botella-Ancgel-Stitch-Personalizado.jpg","width":905,"height":941,"caption":"Botella Ancgel Stitch Personalizado"},{"@type":"BreadcrumbList","@id":"https:\/\/www.mentaymora.com\/index.php\/producto\/termo-colores-stitch-mi-1a-comunion\/#breadcrumb","itemListElement":[{"@type":"ListItem","position":1,"name":"Portada","item":"https:\/\/www.mentaymora.com\/"},{"@type":"ListItem","position":2,"name":"Productos","item":"https:\/\/www.mentaymora.com\/index.php\/tienda\/"},{"@type":"ListItem","position":3,"name":"Termo Colores Stitch \u00abMi 1\u00aa Comuni\u00f3n\u00bb"}]},{"@type":"WebSite","@id":"https:\/\/www.mentaymora.com\/#website","url":"https:\/\/www.mentaymora.com\/","name":"Menta y Mora","description":"Regalos y Complementos","publisher":{"@id":"https:\/\/www.mentaymora.com\/#organization"},"potentialAction":[{"@type":"SearchAction","target":{"@type":"EntryPoint","urlTemplate":"https:\/\/www.mentaymora.com\/?s={search_term_string}"},"query-input":{"@type":"PropertyValueSpecification","valueRequired":true,"valueName":"search_term_string"}}],"inLanguage":"es"},{"@type":"Organization","@id":"https:\/\/www.mentaymora.com\/#organization","name":"Menta y Mora","url":"https:\/\/www.mentaymora.com\/","logo":{"@type":"ImageObject","inLanguage":"es","@id":"https:\/\/www.mentaymora.com\/#\/schema\/logo\/image\/","url":"https:\/\/www.mentaymora.com\/wp-content\/uploads\/2021\/07\/Logo.jpg","contentUrl":"https:\/\/www.mentaymora.com\/wp-content\/uploads\/2021\/07\/Logo.jpg","width":1172,"height":1172,"caption":"Menta y Mora"},"image":{"@id":"https:\/\/www.mentaymora.com\/#\/schema\/logo\/image\/"},"sameAs":["https:\/\/es-es.facebook.com\/MentayMora\/","https:\/\/www.instagram.com\/mentaymora.illescas\/?hl=es","https:\/\/www.youtube.com\/channel\/UCuMMtdck_1XS-MyW6ZnBAlw"]}]}},"_links":{"self":[{"href":"https:\/\/www.mentaymora.com\/index.php\/wp-json\/wp\/v2\/product\/19576","targetHints":{"allow":["GET"]}}],"collection":[{"href":"https:\/\/www.mentaymora.com\/index.php\/wp-json\/wp\/v2\/product"}],"about":[{"href":"https:\/\/www.mentaymora.com\/index.php\/wp-json\/wp\/v2\/types\/product"}],"replies":[{"embeddable":true,"href":"https:\/\/www.mentaymora.com\/index.php\/wp-json\/wp\/v2\/comments?post=19576"}],"wp:featuredmedia":[{"embeddable":true,"href":"https:\/\/www.mentaymora.com\/index.php\/wp-json\/wp\/v2\/media\/19284"}],"wp:attachment":[{"href":"https:\/\/www.mentaymora.com\/index.php\/wp-json\/wp\/v2\/media?parent=19576"}],"wp:term":[{"taxonomy":"product_brand","embeddable":true,"href":"https:\/\/www.mentaymora.com\/index.php\/wp-json\/wp\/v2\/product_brand?post=19576"},{"taxonomy":"product_cat","embeddable":true,"href":"https:\/\/www.mentaymora.com\/index.php\/wp-json\/wp\/v2\/product_cat?post=19576"},{"taxonomy":"product_tag","embeddable":true,"href":"https:\/\/www.mentaymora.com\/index.php\/wp-json\/wp\/v2\/product_tag?post=19576"}],"curies":[{"name":"wp","href":"https:\/\/api.w.org\/{rel}","templated":true}]}}