{"id":19674,"date":"2025-09-27T18:14:31","date_gmt":"2025-09-27T17:14:31","guid":{"rendered":"https:\/\/www.mentaymora.com\/?post_type=product&#038;p=19674"},"modified":"2025-09-27T18:16:36","modified_gmt":"2025-09-27T17:16:36","slug":"aroma-happy-liquido-para-lampara-catalitica-500ml-maison-berger","status":"publish","type":"product","link":"https:\/\/www.mentaymora.com\/index.php\/producto\/aroma-happy-liquido-para-lampara-catalitica-500ml-maison-berger\/","title":{"rendered":"AROMA HAPPY &#8211; L\u00edquido para L\u00e1mpara Catal\u00edtica 500ml &#8211; Maison Berger"},"content":{"rendered":"<p>AROMA HAPPY &#8211; L\u00edquido para L\u00e1mpara Catal\u00edtica 500ml &#8211; Maison Berger<\/p>\n<p data-start=\"189\" data-end=\"622\">Descubre la colecci\u00f3n de <strong data-start=\"214\" data-end=\"300\">l\u00edquidos de recarga de l\u00e1mpara catal\u00edtica Maison Berger Paris en formato de 500 ml<\/strong>, la forma m\u00e1s c\u00f3moda y eficaz de mantener tu hogar siempre fresco y perfumado. Gracias a su exclusiva tecnolog\u00eda de <strong data-start=\"417\" data-end=\"447\">purificaci\u00f3n por cat\u00e1lisis<\/strong>, estas recargas no solo perfuman el ambiente, sino que tambi\u00e9n eliminan olores indeseados como el tabaco, la cocina o las mascotas, dejando una sensaci\u00f3n de limpieza \u00fanica.<\/p>\n<p data-start=\"624\" data-end=\"914\">Elige entre una amplia gama de fragancias dise\u00f1adas por <strong data-start=\"680\" data-end=\"714\">maestros perfumistas franceses<\/strong>, que transforman cada estancia en un espacio acogedor y lleno de personalidad. Cada frasco de 500 ml ofrece horas de difusi\u00f3n continua, ideal para disfrutar de tus aromas favoritos durante semanas.<\/p>\n<p data-start=\"916\" data-end=\"1019\">Con Maison Berger Paris, no solo aromatizas tu casa: tambi\u00e9n cuidas la calidad del aire que respiras.<\/p>\n<p data-start=\"916\" data-end=\"1019\"><a href=\"https:\/\/www.mentaymora.com\/\">Menta y Mora<\/a>\u00a0Te Enamora\u00a0 \u00a0 S\u00edguenos en nuestras RRSS (<a href=\"https:\/\/es-es.facebook.com\/MentayMora\/\">Facebook<\/a>\u00a0e\u00a0<a href=\"https:\/\/www.instagram.com\/mentaymora.illescas\/?hl=es\">Instagram<\/a>)\u00a0 \u00a0 Si tienes alguna consulta,\u00a0<a href=\"mailto:%20info@mentaymora.com\">preg\u00fantanos<\/a>.<\/p>\n","protected":false},"excerpt":{"rendered":"<p data-start=\"175\" data-end=\"544\">La fragancia <strong data-start=\"188\" data-end=\"203\">Aroma Happy<\/strong> est\u00e1 dise\u00f1ada para transmitir optimismo y bienestar gracias a su combinaci\u00f3n fresca, afrutada y ligeramente amaderada. Con un c\u00f3ctel chispeante de c\u00edtricos y manzana verde en la salida, un coraz\u00f3n de notas acu\u00e1ticas que aportan ligereza y un fondo c\u00e1lido de \u00e1mbar y cedro, esta composici\u00f3n llena de energ\u00eda positiva cada rinc\u00f3n del hogar.<\/p>\n<p data-start=\"546\" data-end=\"719\">Adem\u00e1s, la colecci\u00f3n <strong data-start=\"567\" data-end=\"576\">Aroma<\/strong> de Maison Berger est\u00e1 enriquecida con aceites esenciales cuidadosamente seleccionados, que refuerzan la sensaci\u00f3n de equilibrio y vitalidad.<\/p>\n<p data-start=\"546\" data-end=\"719\"><strong>Pir\u00e1mide olfativa<\/strong><\/p>\n<ul>\n<li data-start=\"546\" data-end=\"719\"><strong data-start=\"751\" data-end=\"770\">Notas de salida<\/strong>: Manzana verde, Mel\u00f3n, Ruibarbo<\/li>\n<li data-start=\"546\" data-end=\"719\"><strong data-start=\"807\" data-end=\"827\">Notas de coraz\u00f3n<\/strong>: Lavanda, Acu\u00e1ticas, Almizcle blanco<\/li>\n<li data-start=\"546\" data-end=\"719\"><strong data-start=\"869\" data-end=\"887\">Notas de fondo<\/strong>: \u00c1mbar, Cedro, Pachul\u00ed<\/li>\n<\/ul>\n<p data-start=\"914\" data-end=\"1017\">Un perfume alegre y revitalizante que convierte tu casa en un espacio lleno de frescura y buen humor.<\/p>\n<p data-start=\"903\" data-end=\"1091\"><strong>Formato:<\/strong> 500ml<\/p>\n","protected":false},"featured_media":19675,"comment_status":"open","ping_status":"closed","template":"","meta":{"_acf_changed":false,"_joinchat":[]},"product_brand":[1611],"product_cat":[1613],"product_tag":[114,1614],"class_list":{"0":"post-19674","1":"product","2":"type-product","3":"status-publish","4":"has-post-thumbnail","6":"product_brand-maison-berger","7":"product_cat-perfume-500ml-mb","8":"product_tag-aroma-fresco","9":"product_tag-recarga-catalitica","10":"latest_post","12":"first","13":"instock","14":"taxable","15":"shipping-taxable","16":"purchasable","17":"product-type-simple"},"acf":[],"yoast_head":"<!-- This site is optimized with the Yoast SEO plugin v27.5 - https:\/\/yoast.com\/product\/yoast-seo-wordpress\/ -->\n<title>AROMA HAPPY - L\u00edquido para L\u00e1mpara Catal\u00edtica 500ml - Maison Berger - Menta y Mora<\/title>\n<meta name=\"description\" content=\"AROMA HAPPY - L\u00edquido para L\u00e1mpara Catal\u00edtica 500ml - Maison Berger Descubre la colecci\u00f3n de l\u00edquidos de recarga de l\u00e1mpara catal\u00edtica Maison Berger\" \/>\n<meta name=\"robots\" content=\"index, follow, max-snippet:-1, max-image-preview:large, max-video-preview:-1\" \/>\n<link rel=\"canonical\" href=\"https:\/\/www.mentaymora.com\/index.php\/producto\/aroma-happy-liquido-para-lampara-catalitica-500ml-maison-berger\/\" \/>\n<meta property=\"og:locale\" content=\"es_ES\" \/>\n<meta property=\"og:type\" content=\"article\" \/>\n<meta property=\"og:title\" content=\"AROMA HAPPY - L\u00edquido para L\u00e1mpara Catal\u00edtica 500ml - Maison Berger - Menta y Mora\" \/>\n<meta property=\"og:description\" content=\"AROMA HAPPY - L\u00edquido para L\u00e1mpara Catal\u00edtica 500ml - Maison Berger Descubre la colecci\u00f3n de l\u00edquidos de recarga de l\u00e1mpara catal\u00edtica Maison Berger\" \/>\n<meta property=\"og:url\" content=\"https:\/\/www.mentaymora.com\/index.php\/producto\/aroma-happy-liquido-para-lampara-catalitica-500ml-maison-berger\/\" \/>\n<meta property=\"og:site_name\" content=\"Menta y Mora\" \/>\n<meta property=\"article:publisher\" content=\"https:\/\/es-es.facebook.com\/MentayMora\/\" \/>\n<meta property=\"article:modified_time\" content=\"2025-09-27T17:16:36+00:00\" \/>\n<meta property=\"og:image\" content=\"https:\/\/www.mentaymora.com\/wp-content\/uploads\/2025\/09\/recarga_catalitica_500ml_aroma_happy.png\" \/>\n\t<meta property=\"og:image:width\" content=\"1200\" \/>\n\t<meta property=\"og:image:height\" content=\"1200\" \/>\n\t<meta property=\"og:image:type\" content=\"image\/png\" \/>\n<meta name=\"twitter:card\" content=\"summary_large_image\" \/>\n<meta name=\"twitter:label1\" content=\"Tiempo de lectura\" \/>\n\t<meta name=\"twitter:data1\" content=\"1 minuto\" \/>\n<script type=\"application\/ld+json\" class=\"yoast-schema-graph\">{\"@context\":\"https:\\\/\\\/schema.org\",\"@graph\":[{\"@type\":\"WebPage\",\"@id\":\"https:\\\/\\\/www.mentaymora.com\\\/index.php\\\/producto\\\/aroma-happy-liquido-para-lampara-catalitica-500ml-maison-berger\\\/\",\"url\":\"https:\\\/\\\/www.mentaymora.com\\\/index.php\\\/producto\\\/aroma-happy-liquido-para-lampara-catalitica-500ml-maison-berger\\\/\",\"name\":\"AROMA HAPPY - L\u00edquido para L\u00e1mpara Catal\u00edtica 500ml - Maison Berger - Menta y Mora\",\"isPartOf\":{\"@id\":\"https:\\\/\\\/www.mentaymora.com\\\/#website\"},\"primaryImageOfPage\":{\"@id\":\"https:\\\/\\\/www.mentaymora.com\\\/index.php\\\/producto\\\/aroma-happy-liquido-para-lampara-catalitica-500ml-maison-berger\\\/#primaryimage\"},\"image\":{\"@id\":\"https:\\\/\\\/www.mentaymora.com\\\/index.php\\\/producto\\\/aroma-happy-liquido-para-lampara-catalitica-500ml-maison-berger\\\/#primaryimage\"},\"thumbnailUrl\":\"https:\\\/\\\/www.mentaymora.com\\\/wp-content\\\/uploads\\\/2025\\\/09\\\/recarga_catalitica_500ml_aroma_happy.png\",\"datePublished\":\"2025-09-27T17:14:31+00:00\",\"dateModified\":\"2025-09-27T17:16:36+00:00\",\"description\":\"AROMA HAPPY - L\u00edquido para L\u00e1mpara Catal\u00edtica 500ml - Maison Berger Descubre la colecci\u00f3n de l\u00edquidos de recarga de l\u00e1mpara catal\u00edtica Maison Berger\",\"breadcrumb\":{\"@id\":\"https:\\\/\\\/www.mentaymora.com\\\/index.php\\\/producto\\\/aroma-happy-liquido-para-lampara-catalitica-500ml-maison-berger\\\/#breadcrumb\"},\"inLanguage\":\"es\",\"potentialAction\":[{\"@type\":\"ReadAction\",\"target\":[\"https:\\\/\\\/www.mentaymora.com\\\/index.php\\\/producto\\\/aroma-happy-liquido-para-lampara-catalitica-500ml-maison-berger\\\/\"]}]},{\"@type\":\"ImageObject\",\"inLanguage\":\"es\",\"@id\":\"https:\\\/\\\/www.mentaymora.com\\\/index.php\\\/producto\\\/aroma-happy-liquido-para-lampara-catalitica-500ml-maison-berger\\\/#primaryimage\",\"url\":\"https:\\\/\\\/www.mentaymora.com\\\/wp-content\\\/uploads\\\/2025\\\/09\\\/recarga_catalitica_500ml_aroma_happy.png\",\"contentUrl\":\"https:\\\/\\\/www.mentaymora.com\\\/wp-content\\\/uploads\\\/2025\\\/09\\\/recarga_catalitica_500ml_aroma_happy.png\",\"width\":1200,\"height\":1200,\"caption\":\"recarga catalitica 500ml aroma happy\"},{\"@type\":\"BreadcrumbList\",\"@id\":\"https:\\\/\\\/www.mentaymora.com\\\/index.php\\\/producto\\\/aroma-happy-liquido-para-lampara-catalitica-500ml-maison-berger\\\/#breadcrumb\",\"itemListElement\":[{\"@type\":\"ListItem\",\"position\":1,\"name\":\"Portada\",\"item\":\"https:\\\/\\\/www.mentaymora.com\\\/\"},{\"@type\":\"ListItem\",\"position\":2,\"name\":\"Productos\",\"item\":\"https:\\\/\\\/www.mentaymora.com\\\/index.php\\\/tienda\\\/\"},{\"@type\":\"ListItem\",\"position\":3,\"name\":\"AROMA HAPPY &#8211; L\u00edquido para L\u00e1mpara Catal\u00edtica 500ml &#8211; Maison Berger\"}]},{\"@type\":\"WebSite\",\"@id\":\"https:\\\/\\\/www.mentaymora.com\\\/#website\",\"url\":\"https:\\\/\\\/www.mentaymora.com\\\/\",\"name\":\"Menta y Mora\",\"description\":\"Regalos y Complementos\",\"publisher\":{\"@id\":\"https:\\\/\\\/www.mentaymora.com\\\/#organization\"},\"potentialAction\":[{\"@type\":\"SearchAction\",\"target\":{\"@type\":\"EntryPoint\",\"urlTemplate\":\"https:\\\/\\\/www.mentaymora.com\\\/?s={search_term_string}\"},\"query-input\":{\"@type\":\"PropertyValueSpecification\",\"valueRequired\":true,\"valueName\":\"search_term_string\"}}],\"inLanguage\":\"es\"},{\"@type\":\"Organization\",\"@id\":\"https:\\\/\\\/www.mentaymora.com\\\/#organization\",\"name\":\"Menta y Mora\",\"url\":\"https:\\\/\\\/www.mentaymora.com\\\/\",\"logo\":{\"@type\":\"ImageObject\",\"inLanguage\":\"es\",\"@id\":\"https:\\\/\\\/www.mentaymora.com\\\/#\\\/schema\\\/logo\\\/image\\\/\",\"url\":\"https:\\\/\\\/www.mentaymora.com\\\/wp-content\\\/uploads\\\/2021\\\/07\\\/Logo.jpg\",\"contentUrl\":\"https:\\\/\\\/www.mentaymora.com\\\/wp-content\\\/uploads\\\/2021\\\/07\\\/Logo.jpg\",\"width\":1172,\"height\":1172,\"caption\":\"Menta y Mora\"},\"image\":{\"@id\":\"https:\\\/\\\/www.mentaymora.com\\\/#\\\/schema\\\/logo\\\/image\\\/\"},\"sameAs\":[\"https:\\\/\\\/es-es.facebook.com\\\/MentayMora\\\/\",\"https:\\\/\\\/www.instagram.com\\\/mentaymora.illescas\\\/?hl=es\",\"https:\\\/\\\/www.youtube.com\\\/channel\\\/UCuMMtdck_1XS-MyW6ZnBAlw\"]}]}<\/script>\n<!-- \/ Yoast SEO plugin. -->","yoast_head_json":{"title":"AROMA HAPPY - L\u00edquido para L\u00e1mpara Catal\u00edtica 500ml - Maison Berger - Menta y Mora","description":"AROMA HAPPY - L\u00edquido para L\u00e1mpara Catal\u00edtica 500ml - Maison Berger Descubre la colecci\u00f3n de l\u00edquidos de recarga de l\u00e1mpara catal\u00edtica Maison Berger","robots":{"index":"index","follow":"follow","max-snippet":"max-snippet:-1","max-image-preview":"max-image-preview:large","max-video-preview":"max-video-preview:-1"},"canonical":"https:\/\/www.mentaymora.com\/index.php\/producto\/aroma-happy-liquido-para-lampara-catalitica-500ml-maison-berger\/","og_locale":"es_ES","og_type":"article","og_title":"AROMA HAPPY - L\u00edquido para L\u00e1mpara Catal\u00edtica 500ml - Maison Berger - Menta y Mora","og_description":"AROMA HAPPY - L\u00edquido para L\u00e1mpara Catal\u00edtica 500ml - Maison Berger Descubre la colecci\u00f3n de l\u00edquidos de recarga de l\u00e1mpara catal\u00edtica Maison Berger","og_url":"https:\/\/www.mentaymora.com\/index.php\/producto\/aroma-happy-liquido-para-lampara-catalitica-500ml-maison-berger\/","og_site_name":"Menta y Mora","article_publisher":"https:\/\/es-es.facebook.com\/MentayMora\/","article_modified_time":"2025-09-27T17:16:36+00:00","og_image":[{"width":1200,"height":1200,"url":"https:\/\/www.mentaymora.com\/wp-content\/uploads\/2025\/09\/recarga_catalitica_500ml_aroma_happy.png","type":"image\/png"}],"twitter_card":"summary_large_image","twitter_misc":{"Tiempo de lectura":"1 minuto"},"schema":{"@context":"https:\/\/schema.org","@graph":[{"@type":"WebPage","@id":"https:\/\/www.mentaymora.com\/index.php\/producto\/aroma-happy-liquido-para-lampara-catalitica-500ml-maison-berger\/","url":"https:\/\/www.mentaymora.com\/index.php\/producto\/aroma-happy-liquido-para-lampara-catalitica-500ml-maison-berger\/","name":"AROMA HAPPY - L\u00edquido para L\u00e1mpara Catal\u00edtica 500ml - Maison Berger - Menta y Mora","isPartOf":{"@id":"https:\/\/www.mentaymora.com\/#website"},"primaryImageOfPage":{"@id":"https:\/\/www.mentaymora.com\/index.php\/producto\/aroma-happy-liquido-para-lampara-catalitica-500ml-maison-berger\/#primaryimage"},"image":{"@id":"https:\/\/www.mentaymora.com\/index.php\/producto\/aroma-happy-liquido-para-lampara-catalitica-500ml-maison-berger\/#primaryimage"},"thumbnailUrl":"https:\/\/www.mentaymora.com\/wp-content\/uploads\/2025\/09\/recarga_catalitica_500ml_aroma_happy.png","datePublished":"2025-09-27T17:14:31+00:00","dateModified":"2025-09-27T17:16:36+00:00","description":"AROMA HAPPY - L\u00edquido para L\u00e1mpara Catal\u00edtica 500ml - Maison Berger Descubre la colecci\u00f3n de l\u00edquidos de recarga de l\u00e1mpara catal\u00edtica Maison Berger","breadcrumb":{"@id":"https:\/\/www.mentaymora.com\/index.php\/producto\/aroma-happy-liquido-para-lampara-catalitica-500ml-maison-berger\/#breadcrumb"},"inLanguage":"es","potentialAction":[{"@type":"ReadAction","target":["https:\/\/www.mentaymora.com\/index.php\/producto\/aroma-happy-liquido-para-lampara-catalitica-500ml-maison-berger\/"]}]},{"@type":"ImageObject","inLanguage":"es","@id":"https:\/\/www.mentaymora.com\/index.php\/producto\/aroma-happy-liquido-para-lampara-catalitica-500ml-maison-berger\/#primaryimage","url":"https:\/\/www.mentaymora.com\/wp-content\/uploads\/2025\/09\/recarga_catalitica_500ml_aroma_happy.png","contentUrl":"https:\/\/www.mentaymora.com\/wp-content\/uploads\/2025\/09\/recarga_catalitica_500ml_aroma_happy.png","width":1200,"height":1200,"caption":"recarga catalitica 500ml aroma happy"},{"@type":"BreadcrumbList","@id":"https:\/\/www.mentaymora.com\/index.php\/producto\/aroma-happy-liquido-para-lampara-catalitica-500ml-maison-berger\/#breadcrumb","itemListElement":[{"@type":"ListItem","position":1,"name":"Portada","item":"https:\/\/www.mentaymora.com\/"},{"@type":"ListItem","position":2,"name":"Productos","item":"https:\/\/www.mentaymora.com\/index.php\/tienda\/"},{"@type":"ListItem","position":3,"name":"AROMA HAPPY &#8211; L\u00edquido para L\u00e1mpara Catal\u00edtica 500ml &#8211; Maison Berger"}]},{"@type":"WebSite","@id":"https:\/\/www.mentaymora.com\/#website","url":"https:\/\/www.mentaymora.com\/","name":"Menta y Mora","description":"Regalos y Complementos","publisher":{"@id":"https:\/\/www.mentaymora.com\/#organization"},"potentialAction":[{"@type":"SearchAction","target":{"@type":"EntryPoint","urlTemplate":"https:\/\/www.mentaymora.com\/?s={search_term_string}"},"query-input":{"@type":"PropertyValueSpecification","valueRequired":true,"valueName":"search_term_string"}}],"inLanguage":"es"},{"@type":"Organization","@id":"https:\/\/www.mentaymora.com\/#organization","name":"Menta y Mora","url":"https:\/\/www.mentaymora.com\/","logo":{"@type":"ImageObject","inLanguage":"es","@id":"https:\/\/www.mentaymora.com\/#\/schema\/logo\/image\/","url":"https:\/\/www.mentaymora.com\/wp-content\/uploads\/2021\/07\/Logo.jpg","contentUrl":"https:\/\/www.mentaymora.com\/wp-content\/uploads\/2021\/07\/Logo.jpg","width":1172,"height":1172,"caption":"Menta y Mora"},"image":{"@id":"https:\/\/www.mentaymora.com\/#\/schema\/logo\/image\/"},"sameAs":["https:\/\/es-es.facebook.com\/MentayMora\/","https:\/\/www.instagram.com\/mentaymora.illescas\/?hl=es","https:\/\/www.youtube.com\/channel\/UCuMMtdck_1XS-MyW6ZnBAlw"]}]}},"_links":{"self":[{"href":"https:\/\/www.mentaymora.com\/index.php\/wp-json\/wp\/v2\/product\/19674","targetHints":{"allow":["GET"]}}],"collection":[{"href":"https:\/\/www.mentaymora.com\/index.php\/wp-json\/wp\/v2\/product"}],"about":[{"href":"https:\/\/www.mentaymora.com\/index.php\/wp-json\/wp\/v2\/types\/product"}],"replies":[{"embeddable":true,"href":"https:\/\/www.mentaymora.com\/index.php\/wp-json\/wp\/v2\/comments?post=19674"}],"wp:featuredmedia":[{"embeddable":true,"href":"https:\/\/www.mentaymora.com\/index.php\/wp-json\/wp\/v2\/media\/19675"}],"wp:attachment":[{"href":"https:\/\/www.mentaymora.com\/index.php\/wp-json\/wp\/v2\/media?parent=19674"}],"wp:term":[{"taxonomy":"product_brand","embeddable":true,"href":"https:\/\/www.mentaymora.com\/index.php\/wp-json\/wp\/v2\/product_brand?post=19674"},{"taxonomy":"product_cat","embeddable":true,"href":"https:\/\/www.mentaymora.com\/index.php\/wp-json\/wp\/v2\/product_cat?post=19674"},{"taxonomy":"product_tag","embeddable":true,"href":"https:\/\/www.mentaymora.com\/index.php\/wp-json\/wp\/v2\/product_tag?post=19674"}],"curies":[{"name":"wp","href":"https:\/\/api.w.org\/{rel}","templated":true}]}}