{"id":19698,"date":"2025-09-27T19:05:15","date_gmt":"2025-09-27T18:05:15","guid":{"rendered":"https:\/\/www.mentaymora.com\/?post_type=product&#038;p=19698"},"modified":"2025-09-27T19:11:09","modified_gmt":"2025-09-27T18:11:09","slug":"cofre-lampara-essentielle-carree-maison-berger","status":"publish","type":"product","link":"https:\/\/www.mentaymora.com\/index.php\/producto\/cofre-lampara-essentielle-carree-maison-berger\/","title":{"rendered":"Cofre L\u00e1mpara ESSENTIELLE CARR\u00c9E &#8211; Maison Berger"},"content":{"rendered":"<p>Cofre L\u00e1mpara ESSENTIELLE CARR\u00c9E &#8211; Maison Berger<\/p>\n<p data-start=\"214\" data-end=\"533\">El <strong data-start=\"217\" data-end=\"260\">Cofre L\u00e1mpara Berger Essentielle Carr\u00e9e<\/strong> es la mejor manera de descubrir el universo de <strong data-start=\"308\" data-end=\"331\">Maison Berger Paris<\/strong>. Con un dise\u00f1o sobrio, atemporal y elegante, esta l\u00e1mpara catal\u00edtica de l\u00edneas rectas en cristal transparente purifica y perfuma el aire de tu hogar al mismo tiempo que decora con sencillez y estilo.<\/p>\n<p data-start=\"535\" data-end=\"866\">Gracias a la tecnolog\u00eda patentada de difusi\u00f3n por cat\u00e1lisis, elimina los olores indeseados (tabaco, cocina, mascotas) y aporta un ambiente sano y perfumado. Este cofre incluye todo lo necesario para iniciarse en el ritual Maison Berger, con dos recargas distintas para experimentar la purificaci\u00f3n sola o la perfumaci\u00f3n delicada.<\/p>\n<p data-start=\"535\" data-end=\"866\"><strong>Contenido del cofre<\/strong><\/p>\n<ul>\n<li data-start=\"535\" data-end=\"866\">1 L\u00e1mpara catal\u00edtica Essentielle Carr\u00e9e transparente (capacidad 250 ml)<\/li>\n<li data-start=\"535\" data-end=\"866\">1 Recarga Neutre Essentiel 250 ml (purificaci\u00f3n sin perfume)<\/li>\n<li data-start=\"535\" data-end=\"866\">1 Recarga Zeste de Verveine 250 ml (fragancia fresca y c\u00edtrica)<\/li>\n<li data-start=\"535\" data-end=\"866\">1 Quemador catal\u00edtico + apagador<\/li>\n<li data-start=\"535\" data-end=\"866\">1 Embudo<\/li>\n<\/ul>\n<p data-start=\"1155\" data-end=\"1296\">Una elecci\u00f3n perfecta para regalo o para quienes quieren descubrir por primera vez el arte de perfumar y purificar con Maison Berger Paris.<\/p>\n<p data-start=\"193\" data-end=\"327\"><a href=\"https:\/\/www.mentaymora.com\/\">Menta y Mora<\/a>\u00a0Te Enamora\u00a0 \u00a0 S\u00edguenos en nuestras RRSS (<a href=\"https:\/\/es-es.facebook.com\/MentayMora\/\">Facebook<\/a>\u00a0e\u00a0<a href=\"https:\/\/www.instagram.com\/mentaymora.illescas\/?hl=es\">Instagram<\/a>)\u00a0 \u00a0 Si tienes alguna consulta,\u00a0<a href=\"mailto:%20info@mentaymora.com\">preg\u00fantanos<\/a>.<\/p>\n","protected":false},"excerpt":{"rendered":"<p data-start=\"1346\" data-end=\"1597\">Un cofre de iniciaci\u00f3n con la ic\u00f3nica l\u00e1mpara catal\u00edtica <strong data-start=\"1403\" data-end=\"1425\">Essentielle Carr\u00e9e<\/strong> en cristal transparente. Incluye dos recargas de 250 ml (<em data-start=\"1483\" data-end=\"1501\">Neutre Essentiel<\/em> y <em data-start=\"1504\" data-end=\"1523\">Zeste de Verveine<\/em>) para disfrutar de la purificaci\u00f3n y la perfumaci\u00f3n fresca en tu hogar.<\/p>\n<p data-start=\"128\" data-end=\"423\"><strong>Caracter\u00edsticas t\u00e9cnicas:<\/strong><\/p>\n<ul>\n<li data-start=\"128\" data-end=\"423\"><strong data-start=\"1640\" data-end=\"1652\">Anchura:<\/strong> 8,2 cm<\/li>\n<li data-start=\"128\" data-end=\"423\"><strong data-start=\"1664\" data-end=\"1677\">Longitud:<\/strong> 8,2 cm<\/li>\n<li data-start=\"128\" data-end=\"423\"><strong data-start=\"1689\" data-end=\"1700\">Altura:<\/strong> 14,5 cm<\/li>\n<li data-start=\"128\" data-end=\"423\"><strong data-start=\"1713\" data-end=\"1741\">Capacidad de la l\u00e1mpara:<\/strong> 250 ml<\/li>\n<li data-start=\"128\" data-end=\"423\"><strong data-start=\"1753\" data-end=\"1787\">Volumen de fragancia incluido:<\/strong> 2 \u00d7 250 ml<\/li>\n<li data-start=\"128\" data-end=\"423\"><strong data-start=\"1803\" data-end=\"1815\">Montura:<\/strong> Montura cuadrada met\u00e1lica<\/li>\n<li data-start=\"128\" data-end=\"423\"><strong data-start=\"1846\" data-end=\"1856\">Color:<\/strong> Transparente<\/li>\n<li data-start=\"128\" data-end=\"423\"><strong data-start=\"1928\" data-end=\"1951\">Tiempo de difusi\u00f3n:<\/strong> 10 h de purificaci\u00f3n \u2013 40 h de fragancia (por recarga de 250 ml)<\/li>\n<\/ul>\n","protected":false},"featured_media":19702,"comment_status":"open","ping_status":"closed","template":"","meta":{"_acf_changed":false,"_joinchat":[]},"product_brand":[1611],"product_cat":[1616],"product_tag":[115,122],"class_list":{"0":"post-19698","1":"product","2":"type-product","3":"status-publish","4":"has-post-thumbnail","6":"product_brand-maison-berger","7":"product_cat-lamparas-cataliticas-mb","8":"product_tag-aroma-frutal","9":"product_tag-lampara-catalitica","10":"latest_post","12":"first","13":"instock","14":"taxable","15":"shipping-taxable","16":"purchasable","17":"product-type-simple"},"acf":[],"yoast_head":"<!-- This site is optimized with the Yoast SEO plugin v27.4 - https:\/\/yoast.com\/product\/yoast-seo-wordpress\/ -->\n<title>Cofre L\u00e1mpara ESSENTIELLE CARR\u00c9E - Maison Berger - Menta y Mora<\/title>\n<meta name=\"description\" content=\"Cofre L\u00e1mpara ESSENTIELLE CARR\u00c9E - Maison Berger El Cofre L\u00e1mpara Berger Essentielle Carr\u00e9e es la mejor manera de descubrir el universo de Maison Berger\" \/>\n<meta name=\"robots\" content=\"index, follow, max-snippet:-1, max-image-preview:large, max-video-preview:-1\" \/>\n<link rel=\"canonical\" href=\"https:\/\/www.mentaymora.com\/index.php\/producto\/cofre-lampara-essentielle-carree-maison-berger\/\" \/>\n<meta property=\"og:locale\" content=\"es_ES\" \/>\n<meta property=\"og:type\" content=\"article\" \/>\n<meta property=\"og:title\" content=\"Cofre L\u00e1mpara ESSENTIELLE CARR\u00c9E - Maison Berger - Menta y Mora\" \/>\n<meta property=\"og:description\" content=\"Cofre L\u00e1mpara ESSENTIELLE CARR\u00c9E - Maison Berger El Cofre L\u00e1mpara Berger Essentielle Carr\u00e9e es la mejor manera de descubrir el universo de Maison Berger\" \/>\n<meta property=\"og:url\" content=\"https:\/\/www.mentaymora.com\/index.php\/producto\/cofre-lampara-essentielle-carree-maison-berger\/\" \/>\n<meta property=\"og:site_name\" content=\"Menta y Mora\" \/>\n<meta property=\"article:publisher\" content=\"https:\/\/es-es.facebook.com\/MentayMora\/\" \/>\n<meta property=\"article:modified_time\" content=\"2025-09-27T18:11:09+00:00\" \/>\n<meta property=\"og:image\" content=\"https:\/\/www.mentaymora.com\/wp-content\/uploads\/2025\/09\/cofre_spirale_essentielle_carree.png\" \/>\n\t<meta property=\"og:image:width\" content=\"1200\" \/>\n\t<meta property=\"og:image:height\" content=\"1200\" \/>\n\t<meta property=\"og:image:type\" content=\"image\/png\" \/>\n<meta name=\"twitter:card\" content=\"summary_large_image\" \/>\n<meta name=\"twitter:label1\" content=\"Tiempo de lectura\" \/>\n\t<meta name=\"twitter:data1\" content=\"2 minutos\" \/>\n<script type=\"application\/ld+json\" class=\"yoast-schema-graph\">{\"@context\":\"https:\\\/\\\/schema.org\",\"@graph\":[{\"@type\":\"WebPage\",\"@id\":\"https:\\\/\\\/www.mentaymora.com\\\/index.php\\\/producto\\\/cofre-lampara-essentielle-carree-maison-berger\\\/\",\"url\":\"https:\\\/\\\/www.mentaymora.com\\\/index.php\\\/producto\\\/cofre-lampara-essentielle-carree-maison-berger\\\/\",\"name\":\"Cofre L\u00e1mpara ESSENTIELLE CARR\u00c9E - Maison Berger - Menta y Mora\",\"isPartOf\":{\"@id\":\"https:\\\/\\\/www.mentaymora.com\\\/#website\"},\"primaryImageOfPage\":{\"@id\":\"https:\\\/\\\/www.mentaymora.com\\\/index.php\\\/producto\\\/cofre-lampara-essentielle-carree-maison-berger\\\/#primaryimage\"},\"image\":{\"@id\":\"https:\\\/\\\/www.mentaymora.com\\\/index.php\\\/producto\\\/cofre-lampara-essentielle-carree-maison-berger\\\/#primaryimage\"},\"thumbnailUrl\":\"https:\\\/\\\/www.mentaymora.com\\\/wp-content\\\/uploads\\\/2025\\\/09\\\/cofre_spirale_essentielle_carree.png\",\"datePublished\":\"2025-09-27T18:05:15+00:00\",\"dateModified\":\"2025-09-27T18:11:09+00:00\",\"description\":\"Cofre L\u00e1mpara ESSENTIELLE CARR\u00c9E - Maison Berger El Cofre L\u00e1mpara Berger Essentielle Carr\u00e9e es la mejor manera de descubrir el universo de Maison Berger\",\"breadcrumb\":{\"@id\":\"https:\\\/\\\/www.mentaymora.com\\\/index.php\\\/producto\\\/cofre-lampara-essentielle-carree-maison-berger\\\/#breadcrumb\"},\"inLanguage\":\"es\",\"potentialAction\":[{\"@type\":\"ReadAction\",\"target\":[\"https:\\\/\\\/www.mentaymora.com\\\/index.php\\\/producto\\\/cofre-lampara-essentielle-carree-maison-berger\\\/\"]}]},{\"@type\":\"ImageObject\",\"inLanguage\":\"es\",\"@id\":\"https:\\\/\\\/www.mentaymora.com\\\/index.php\\\/producto\\\/cofre-lampara-essentielle-carree-maison-berger\\\/#primaryimage\",\"url\":\"https:\\\/\\\/www.mentaymora.com\\\/wp-content\\\/uploads\\\/2025\\\/09\\\/cofre_spirale_essentielle_carree.png\",\"contentUrl\":\"https:\\\/\\\/www.mentaymora.com\\\/wp-content\\\/uploads\\\/2025\\\/09\\\/cofre_spirale_essentielle_carree.png\",\"width\":1200,\"height\":1200,\"caption\":\"cofre spirale essentielle carr\u00e9e\"},{\"@type\":\"BreadcrumbList\",\"@id\":\"https:\\\/\\\/www.mentaymora.com\\\/index.php\\\/producto\\\/cofre-lampara-essentielle-carree-maison-berger\\\/#breadcrumb\",\"itemListElement\":[{\"@type\":\"ListItem\",\"position\":1,\"name\":\"Portada\",\"item\":\"https:\\\/\\\/www.mentaymora.com\\\/\"},{\"@type\":\"ListItem\",\"position\":2,\"name\":\"Productos\",\"item\":\"https:\\\/\\\/www.mentaymora.com\\\/index.php\\\/tienda\\\/\"},{\"@type\":\"ListItem\",\"position\":3,\"name\":\"Cofre L\u00e1mpara ESSENTIELLE CARR\u00c9E &#8211; Maison Berger\"}]},{\"@type\":\"WebSite\",\"@id\":\"https:\\\/\\\/www.mentaymora.com\\\/#website\",\"url\":\"https:\\\/\\\/www.mentaymora.com\\\/\",\"name\":\"Menta y Mora\",\"description\":\"Regalos y Complementos\",\"publisher\":{\"@id\":\"https:\\\/\\\/www.mentaymora.com\\\/#organization\"},\"potentialAction\":[{\"@type\":\"SearchAction\",\"target\":{\"@type\":\"EntryPoint\",\"urlTemplate\":\"https:\\\/\\\/www.mentaymora.com\\\/?s={search_term_string}\"},\"query-input\":{\"@type\":\"PropertyValueSpecification\",\"valueRequired\":true,\"valueName\":\"search_term_string\"}}],\"inLanguage\":\"es\"},{\"@type\":\"Organization\",\"@id\":\"https:\\\/\\\/www.mentaymora.com\\\/#organization\",\"name\":\"Menta y Mora\",\"url\":\"https:\\\/\\\/www.mentaymora.com\\\/\",\"logo\":{\"@type\":\"ImageObject\",\"inLanguage\":\"es\",\"@id\":\"https:\\\/\\\/www.mentaymora.com\\\/#\\\/schema\\\/logo\\\/image\\\/\",\"url\":\"https:\\\/\\\/www.mentaymora.com\\\/wp-content\\\/uploads\\\/2021\\\/07\\\/Logo.jpg\",\"contentUrl\":\"https:\\\/\\\/www.mentaymora.com\\\/wp-content\\\/uploads\\\/2021\\\/07\\\/Logo.jpg\",\"width\":1172,\"height\":1172,\"caption\":\"Menta y Mora\"},\"image\":{\"@id\":\"https:\\\/\\\/www.mentaymora.com\\\/#\\\/schema\\\/logo\\\/image\\\/\"},\"sameAs\":[\"https:\\\/\\\/es-es.facebook.com\\\/MentayMora\\\/\",\"https:\\\/\\\/www.instagram.com\\\/mentaymora.illescas\\\/?hl=es\",\"https:\\\/\\\/www.youtube.com\\\/channel\\\/UCuMMtdck_1XS-MyW6ZnBAlw\"]}]}<\/script>\n<!-- \/ Yoast SEO plugin. -->","yoast_head_json":{"title":"Cofre L\u00e1mpara ESSENTIELLE CARR\u00c9E - Maison Berger - Menta y Mora","description":"Cofre L\u00e1mpara ESSENTIELLE CARR\u00c9E - Maison Berger El Cofre L\u00e1mpara Berger Essentielle Carr\u00e9e es la mejor manera de descubrir el universo de Maison Berger","robots":{"index":"index","follow":"follow","max-snippet":"max-snippet:-1","max-image-preview":"max-image-preview:large","max-video-preview":"max-video-preview:-1"},"canonical":"https:\/\/www.mentaymora.com\/index.php\/producto\/cofre-lampara-essentielle-carree-maison-berger\/","og_locale":"es_ES","og_type":"article","og_title":"Cofre L\u00e1mpara ESSENTIELLE CARR\u00c9E - Maison Berger - Menta y Mora","og_description":"Cofre L\u00e1mpara ESSENTIELLE CARR\u00c9E - Maison Berger El Cofre L\u00e1mpara Berger Essentielle Carr\u00e9e es la mejor manera de descubrir el universo de Maison Berger","og_url":"https:\/\/www.mentaymora.com\/index.php\/producto\/cofre-lampara-essentielle-carree-maison-berger\/","og_site_name":"Menta y Mora","article_publisher":"https:\/\/es-es.facebook.com\/MentayMora\/","article_modified_time":"2025-09-27T18:11:09+00:00","og_image":[{"width":1200,"height":1200,"url":"https:\/\/www.mentaymora.com\/wp-content\/uploads\/2025\/09\/cofre_spirale_essentielle_carree.png","type":"image\/png"}],"twitter_card":"summary_large_image","twitter_misc":{"Tiempo de lectura":"2 minutos"},"schema":{"@context":"https:\/\/schema.org","@graph":[{"@type":"WebPage","@id":"https:\/\/www.mentaymora.com\/index.php\/producto\/cofre-lampara-essentielle-carree-maison-berger\/","url":"https:\/\/www.mentaymora.com\/index.php\/producto\/cofre-lampara-essentielle-carree-maison-berger\/","name":"Cofre L\u00e1mpara ESSENTIELLE CARR\u00c9E - Maison Berger - Menta y Mora","isPartOf":{"@id":"https:\/\/www.mentaymora.com\/#website"},"primaryImageOfPage":{"@id":"https:\/\/www.mentaymora.com\/index.php\/producto\/cofre-lampara-essentielle-carree-maison-berger\/#primaryimage"},"image":{"@id":"https:\/\/www.mentaymora.com\/index.php\/producto\/cofre-lampara-essentielle-carree-maison-berger\/#primaryimage"},"thumbnailUrl":"https:\/\/www.mentaymora.com\/wp-content\/uploads\/2025\/09\/cofre_spirale_essentielle_carree.png","datePublished":"2025-09-27T18:05:15+00:00","dateModified":"2025-09-27T18:11:09+00:00","description":"Cofre L\u00e1mpara ESSENTIELLE CARR\u00c9E - Maison Berger El Cofre L\u00e1mpara Berger Essentielle Carr\u00e9e es la mejor manera de descubrir el universo de Maison Berger","breadcrumb":{"@id":"https:\/\/www.mentaymora.com\/index.php\/producto\/cofre-lampara-essentielle-carree-maison-berger\/#breadcrumb"},"inLanguage":"es","potentialAction":[{"@type":"ReadAction","target":["https:\/\/www.mentaymora.com\/index.php\/producto\/cofre-lampara-essentielle-carree-maison-berger\/"]}]},{"@type":"ImageObject","inLanguage":"es","@id":"https:\/\/www.mentaymora.com\/index.php\/producto\/cofre-lampara-essentielle-carree-maison-berger\/#primaryimage","url":"https:\/\/www.mentaymora.com\/wp-content\/uploads\/2025\/09\/cofre_spirale_essentielle_carree.png","contentUrl":"https:\/\/www.mentaymora.com\/wp-content\/uploads\/2025\/09\/cofre_spirale_essentielle_carree.png","width":1200,"height":1200,"caption":"cofre spirale essentielle carr\u00e9e"},{"@type":"BreadcrumbList","@id":"https:\/\/www.mentaymora.com\/index.php\/producto\/cofre-lampara-essentielle-carree-maison-berger\/#breadcrumb","itemListElement":[{"@type":"ListItem","position":1,"name":"Portada","item":"https:\/\/www.mentaymora.com\/"},{"@type":"ListItem","position":2,"name":"Productos","item":"https:\/\/www.mentaymora.com\/index.php\/tienda\/"},{"@type":"ListItem","position":3,"name":"Cofre L\u00e1mpara ESSENTIELLE CARR\u00c9E &#8211; Maison Berger"}]},{"@type":"WebSite","@id":"https:\/\/www.mentaymora.com\/#website","url":"https:\/\/www.mentaymora.com\/","name":"Menta y Mora","description":"Regalos y Complementos","publisher":{"@id":"https:\/\/www.mentaymora.com\/#organization"},"potentialAction":[{"@type":"SearchAction","target":{"@type":"EntryPoint","urlTemplate":"https:\/\/www.mentaymora.com\/?s={search_term_string}"},"query-input":{"@type":"PropertyValueSpecification","valueRequired":true,"valueName":"search_term_string"}}],"inLanguage":"es"},{"@type":"Organization","@id":"https:\/\/www.mentaymora.com\/#organization","name":"Menta y Mora","url":"https:\/\/www.mentaymora.com\/","logo":{"@type":"ImageObject","inLanguage":"es","@id":"https:\/\/www.mentaymora.com\/#\/schema\/logo\/image\/","url":"https:\/\/www.mentaymora.com\/wp-content\/uploads\/2021\/07\/Logo.jpg","contentUrl":"https:\/\/www.mentaymora.com\/wp-content\/uploads\/2021\/07\/Logo.jpg","width":1172,"height":1172,"caption":"Menta y Mora"},"image":{"@id":"https:\/\/www.mentaymora.com\/#\/schema\/logo\/image\/"},"sameAs":["https:\/\/es-es.facebook.com\/MentayMora\/","https:\/\/www.instagram.com\/mentaymora.illescas\/?hl=es","https:\/\/www.youtube.com\/channel\/UCuMMtdck_1XS-MyW6ZnBAlw"]}]}},"_links":{"self":[{"href":"https:\/\/www.mentaymora.com\/index.php\/wp-json\/wp\/v2\/product\/19698","targetHints":{"allow":["GET"]}}],"collection":[{"href":"https:\/\/www.mentaymora.com\/index.php\/wp-json\/wp\/v2\/product"}],"about":[{"href":"https:\/\/www.mentaymora.com\/index.php\/wp-json\/wp\/v2\/types\/product"}],"replies":[{"embeddable":true,"href":"https:\/\/www.mentaymora.com\/index.php\/wp-json\/wp\/v2\/comments?post=19698"}],"wp:featuredmedia":[{"embeddable":true,"href":"https:\/\/www.mentaymora.com\/index.php\/wp-json\/wp\/v2\/media\/19702"}],"wp:attachment":[{"href":"https:\/\/www.mentaymora.com\/index.php\/wp-json\/wp\/v2\/media?parent=19698"}],"wp:term":[{"taxonomy":"product_brand","embeddable":true,"href":"https:\/\/www.mentaymora.com\/index.php\/wp-json\/wp\/v2\/product_brand?post=19698"},{"taxonomy":"product_cat","embeddable":true,"href":"https:\/\/www.mentaymora.com\/index.php\/wp-json\/wp\/v2\/product_cat?post=19698"},{"taxonomy":"product_tag","embeddable":true,"href":"https:\/\/www.mentaymora.com\/index.php\/wp-json\/wp\/v2\/product_tag?post=19698"}],"curies":[{"name":"wp","href":"https:\/\/api.w.org\/{rel}","templated":true}]}}