{"id":20031,"date":"2025-10-19T07:21:43","date_gmt":"2025-10-19T06:21:43","guid":{"rendered":"https:\/\/www.mentaymora.com\/?post_type=product&#038;p=20031"},"modified":"2025-10-19T07:24:09","modified_gmt":"2025-10-19T06:24:09","slug":"lolta-lempicka-sweet-liquido-para-lampara-catalitica-1l-maison-berger","status":"publish","type":"product","link":"https:\/\/www.mentaymora.com\/index.php\/producto\/lolta-lempicka-sweet-liquido-para-lampara-catalitica-1l-maison-berger\/","title":{"rendered":"LOLTA LEMPICKA SWEET &#8211; L\u00edquido para L\u00e1mpara Catal\u00edtica 1L &#8211; Maison Berger"},"content":{"rendered":"<p>LOLTA LEMPICKA SWEET &#8211; L\u00edquido para L\u00e1mpara Catal\u00edtica 1L &#8211; Maison Berger<\/p>\n<p data-start=\"189\" data-end=\"622\">Descubre la colecci\u00f3n de <strong data-start=\"214\" data-end=\"300\">l\u00edquidos de recarga de l\u00e1mpara catal\u00edtica Maison Berger Paris en formato de 1 litro<\/strong>, la forma m\u00e1s c\u00f3moda y eficaz de mantener tu hogar siempre fresco y perfumado. Gracias a su exclusiva tecnolog\u00eda de <strong data-start=\"417\" data-end=\"447\">purificaci\u00f3n por cat\u00e1lisis<\/strong>, estas recargas no solo perfuman el ambiente, sino que tambi\u00e9n eliminan olores indeseados como el tabaco, la cocina o las mascotas, dejando una sensaci\u00f3n de limpieza \u00fanica.<\/p>\n<p data-start=\"624\" data-end=\"914\">Elige entre una amplia gama de fragancias dise\u00f1adas por <strong data-start=\"680\" data-end=\"714\">maestros perfumistas franceses<\/strong>, que transforman cada estancia en un espacio acogedor y lleno de personalidad. Cada frasco de 500 ml ofrece horas de difusi\u00f3n continua, ideal para disfrutar de tus aromas favoritos durante semanas.<\/p>\n<p data-start=\"916\" data-end=\"1019\">Con Maison Berger Paris, no solo aromatizas tu casa: tambi\u00e9n cuidas la calidad del aire que respiras.<\/p>\n<p data-start=\"916\" data-end=\"1019\"><a href=\"https:\/\/www.mentaymora.com\/\">Menta y Mora<\/a>\u00a0Te Enamora\u00a0 \u00a0 S\u00edguenos en nuestras RRSS (<a href=\"https:\/\/es-es.facebook.com\/MentayMora\/\">Facebook<\/a>\u00a0e\u00a0<a href=\"https:\/\/www.instagram.com\/mentaymora.illescas\/?hl=es\">Instagram<\/a>)\u00a0 \u00a0 Si tienes alguna consulta,\u00a0<a href=\"mailto:%20info@mentaymora.com\">preg\u00fantanos<\/a>.<\/p>\n","protected":false},"excerpt":{"rendered":"<div class=\"product__accordion-content-text\">Lolita Lempicka captura la esencia de la fruta prohibida en una fragancia golosa y adictiva que somete al otro a la tentaci\u00f3n. La perfecta armon\u00eda de la cereza y el cacao sobre un fondo almizclado resuena como un obvio himno a la feminidad, insolentemente reclamada.<\/div>\n<div>\u00a0<\/div>\n<div class=\"product__accordion-content-text\">Es el sabor de los labios que acaban de morder una cereza ba\u00f1ada en chocolate negro, la sensaci\u00f3n de un beso no tan inocente lleno de voluptuosidad.<\/div>\n<p data-start=\"454\" data-end=\"574\"><strong>Pir\u00e1mide olfativa<\/strong><\/p>\n<ul>\n<li data-start=\"454\" data-end=\"574\"><strong data-start=\"606\" data-end=\"625\">Notas de salida<\/strong>: Cereza, Frambuesa, Rosa<\/li>\n<li data-start=\"454\" data-end=\"574\"><strong data-start=\"647\" data-end=\"667\">Notas de coraz\u00f3n<\/strong>: Iris, Cacao, Angelical<\/li>\n<li data-start=\"454\" data-end=\"574\"><strong data-start=\"699\" data-end=\"717\">Notas de fondo<\/strong>: Almizcles, Pachul\u00ed, Pralin\u00e9<\/li>\n<\/ul>\n<p data-start=\"903\" data-end=\"1091\"><strong>Formato:<\/strong> 1 litro.<\/p>\n","protected":false},"featured_media":20029,"comment_status":"open","ping_status":"closed","template":"","meta":{"_acf_changed":false,"_joinchat":[]},"product_brand":[1611],"product_cat":[1637],"product_tag":[115,1614],"class_list":{"0":"post-20031","1":"product","2":"type-product","3":"status-publish","4":"has-post-thumbnail","6":"product_brand-maison-berger","7":"product_cat-lolita-lempicka","8":"product_tag-aroma-frutal","9":"product_tag-recarga-catalitica","10":"latest_post","12":"first","13":"instock","14":"taxable","15":"shipping-taxable","16":"purchasable","17":"product-type-simple"},"acf":[],"yoast_head":"<!-- This site is optimized with the Yoast SEO plugin v27.4 - https:\/\/yoast.com\/product\/yoast-seo-wordpress\/ -->\n<title>LOLTA LEMPICKA SWEET - L\u00edquido para L\u00e1mpara Catal\u00edtica 1L - Maison Berger - Menta y Mora<\/title>\n<meta name=\"description\" content=\"LOLTA LEMPICKA SWEET - L\u00edquido para L\u00e1mpara Catal\u00edtica 1L - Maison Berger Descubre la colecci\u00f3n de l\u00edquidos de recarga de l\u00e1mpara catal\u00edtica Maison\" \/>\n<meta name=\"robots\" content=\"index, follow, max-snippet:-1, max-image-preview:large, max-video-preview:-1\" \/>\n<link rel=\"canonical\" href=\"https:\/\/www.mentaymora.com\/index.php\/producto\/lolta-lempicka-sweet-liquido-para-lampara-catalitica-1l-maison-berger\/\" \/>\n<meta property=\"og:locale\" content=\"es_ES\" \/>\n<meta property=\"og:type\" content=\"article\" \/>\n<meta property=\"og:title\" content=\"LOLTA LEMPICKA SWEET - L\u00edquido para L\u00e1mpara Catal\u00edtica 1L - Maison Berger - Menta y Mora\" \/>\n<meta property=\"og:description\" content=\"LOLTA LEMPICKA SWEET - L\u00edquido para L\u00e1mpara Catal\u00edtica 1L - Maison Berger Descubre la colecci\u00f3n de l\u00edquidos de recarga de l\u00e1mpara catal\u00edtica Maison\" \/>\n<meta property=\"og:url\" content=\"https:\/\/www.mentaymora.com\/index.php\/producto\/lolta-lempicka-sweet-liquido-para-lampara-catalitica-1l-maison-berger\/\" \/>\n<meta property=\"og:site_name\" content=\"Menta y Mora\" \/>\n<meta property=\"article:publisher\" content=\"https:\/\/es-es.facebook.com\/MentayMora\/\" \/>\n<meta property=\"article:modified_time\" content=\"2025-10-19T06:24:09+00:00\" \/>\n<meta property=\"og:image\" content=\"https:\/\/www.mentaymora.com\/wp-content\/uploads\/2025\/10\/liquido-catalitica-1l-lolita-lempicka-sweet.webp\" \/>\n\t<meta property=\"og:image:width\" content=\"1280\" \/>\n\t<meta property=\"og:image:height\" content=\"1280\" \/>\n\t<meta property=\"og:image:type\" content=\"image\/webp\" \/>\n<meta name=\"twitter:card\" content=\"summary_large_image\" \/>\n<meta name=\"twitter:label1\" content=\"Tiempo de lectura\" \/>\n\t<meta name=\"twitter:data1\" content=\"1 minuto\" \/>\n<script type=\"application\/ld+json\" class=\"yoast-schema-graph\">{\"@context\":\"https:\\\/\\\/schema.org\",\"@graph\":[{\"@type\":\"WebPage\",\"@id\":\"https:\\\/\\\/www.mentaymora.com\\\/index.php\\\/producto\\\/lolta-lempicka-sweet-liquido-para-lampara-catalitica-1l-maison-berger\\\/\",\"url\":\"https:\\\/\\\/www.mentaymora.com\\\/index.php\\\/producto\\\/lolta-lempicka-sweet-liquido-para-lampara-catalitica-1l-maison-berger\\\/\",\"name\":\"LOLTA LEMPICKA SWEET - L\u00edquido para L\u00e1mpara Catal\u00edtica 1L - Maison Berger - Menta y Mora\",\"isPartOf\":{\"@id\":\"https:\\\/\\\/www.mentaymora.com\\\/#website\"},\"primaryImageOfPage\":{\"@id\":\"https:\\\/\\\/www.mentaymora.com\\\/index.php\\\/producto\\\/lolta-lempicka-sweet-liquido-para-lampara-catalitica-1l-maison-berger\\\/#primaryimage\"},\"image\":{\"@id\":\"https:\\\/\\\/www.mentaymora.com\\\/index.php\\\/producto\\\/lolta-lempicka-sweet-liquido-para-lampara-catalitica-1l-maison-berger\\\/#primaryimage\"},\"thumbnailUrl\":\"https:\\\/\\\/www.mentaymora.com\\\/wp-content\\\/uploads\\\/2025\\\/10\\\/liquido-catalitica-1l-lolita-lempicka-sweet.webp\",\"datePublished\":\"2025-10-19T06:21:43+00:00\",\"dateModified\":\"2025-10-19T06:24:09+00:00\",\"description\":\"LOLTA LEMPICKA SWEET - L\u00edquido para L\u00e1mpara Catal\u00edtica 1L - Maison Berger Descubre la colecci\u00f3n de l\u00edquidos de recarga de l\u00e1mpara catal\u00edtica Maison\",\"breadcrumb\":{\"@id\":\"https:\\\/\\\/www.mentaymora.com\\\/index.php\\\/producto\\\/lolta-lempicka-sweet-liquido-para-lampara-catalitica-1l-maison-berger\\\/#breadcrumb\"},\"inLanguage\":\"es\",\"potentialAction\":[{\"@type\":\"ReadAction\",\"target\":[\"https:\\\/\\\/www.mentaymora.com\\\/index.php\\\/producto\\\/lolta-lempicka-sweet-liquido-para-lampara-catalitica-1l-maison-berger\\\/\"]}]},{\"@type\":\"ImageObject\",\"inLanguage\":\"es\",\"@id\":\"https:\\\/\\\/www.mentaymora.com\\\/index.php\\\/producto\\\/lolta-lempicka-sweet-liquido-para-lampara-catalitica-1l-maison-berger\\\/#primaryimage\",\"url\":\"https:\\\/\\\/www.mentaymora.com\\\/wp-content\\\/uploads\\\/2025\\\/10\\\/liquido-catalitica-1l-lolita-lempicka-sweet.webp\",\"contentUrl\":\"https:\\\/\\\/www.mentaymora.com\\\/wp-content\\\/uploads\\\/2025\\\/10\\\/liquido-catalitica-1l-lolita-lempicka-sweet.webp\",\"width\":1280,\"height\":1280,\"caption\":\"l\u00edquido catal\u00edtica 1l lolita lempicka sweet\"},{\"@type\":\"BreadcrumbList\",\"@id\":\"https:\\\/\\\/www.mentaymora.com\\\/index.php\\\/producto\\\/lolta-lempicka-sweet-liquido-para-lampara-catalitica-1l-maison-berger\\\/#breadcrumb\",\"itemListElement\":[{\"@type\":\"ListItem\",\"position\":1,\"name\":\"Portada\",\"item\":\"https:\\\/\\\/www.mentaymora.com\\\/\"},{\"@type\":\"ListItem\",\"position\":2,\"name\":\"Productos\",\"item\":\"https:\\\/\\\/www.mentaymora.com\\\/index.php\\\/tienda\\\/\"},{\"@type\":\"ListItem\",\"position\":3,\"name\":\"LOLTA LEMPICKA SWEET &#8211; L\u00edquido para L\u00e1mpara Catal\u00edtica 1L &#8211; Maison Berger\"}]},{\"@type\":\"WebSite\",\"@id\":\"https:\\\/\\\/www.mentaymora.com\\\/#website\",\"url\":\"https:\\\/\\\/www.mentaymora.com\\\/\",\"name\":\"Menta y Mora\",\"description\":\"Regalos y Complementos\",\"publisher\":{\"@id\":\"https:\\\/\\\/www.mentaymora.com\\\/#organization\"},\"potentialAction\":[{\"@type\":\"SearchAction\",\"target\":{\"@type\":\"EntryPoint\",\"urlTemplate\":\"https:\\\/\\\/www.mentaymora.com\\\/?s={search_term_string}\"},\"query-input\":{\"@type\":\"PropertyValueSpecification\",\"valueRequired\":true,\"valueName\":\"search_term_string\"}}],\"inLanguage\":\"es\"},{\"@type\":\"Organization\",\"@id\":\"https:\\\/\\\/www.mentaymora.com\\\/#organization\",\"name\":\"Menta y Mora\",\"url\":\"https:\\\/\\\/www.mentaymora.com\\\/\",\"logo\":{\"@type\":\"ImageObject\",\"inLanguage\":\"es\",\"@id\":\"https:\\\/\\\/www.mentaymora.com\\\/#\\\/schema\\\/logo\\\/image\\\/\",\"url\":\"https:\\\/\\\/www.mentaymora.com\\\/wp-content\\\/uploads\\\/2021\\\/07\\\/Logo.jpg\",\"contentUrl\":\"https:\\\/\\\/www.mentaymora.com\\\/wp-content\\\/uploads\\\/2021\\\/07\\\/Logo.jpg\",\"width\":1172,\"height\":1172,\"caption\":\"Menta y Mora\"},\"image\":{\"@id\":\"https:\\\/\\\/www.mentaymora.com\\\/#\\\/schema\\\/logo\\\/image\\\/\"},\"sameAs\":[\"https:\\\/\\\/es-es.facebook.com\\\/MentayMora\\\/\",\"https:\\\/\\\/www.instagram.com\\\/mentaymora.illescas\\\/?hl=es\",\"https:\\\/\\\/www.youtube.com\\\/channel\\\/UCuMMtdck_1XS-MyW6ZnBAlw\"]}]}<\/script>\n<!-- \/ Yoast SEO plugin. -->","yoast_head_json":{"title":"LOLTA LEMPICKA SWEET - L\u00edquido para L\u00e1mpara Catal\u00edtica 1L - Maison Berger - Menta y Mora","description":"LOLTA LEMPICKA SWEET - L\u00edquido para L\u00e1mpara Catal\u00edtica 1L - Maison Berger Descubre la colecci\u00f3n de l\u00edquidos de recarga de l\u00e1mpara catal\u00edtica Maison","robots":{"index":"index","follow":"follow","max-snippet":"max-snippet:-1","max-image-preview":"max-image-preview:large","max-video-preview":"max-video-preview:-1"},"canonical":"https:\/\/www.mentaymora.com\/index.php\/producto\/lolta-lempicka-sweet-liquido-para-lampara-catalitica-1l-maison-berger\/","og_locale":"es_ES","og_type":"article","og_title":"LOLTA LEMPICKA SWEET - L\u00edquido para L\u00e1mpara Catal\u00edtica 1L - Maison Berger - Menta y Mora","og_description":"LOLTA LEMPICKA SWEET - L\u00edquido para L\u00e1mpara Catal\u00edtica 1L - Maison Berger Descubre la colecci\u00f3n de l\u00edquidos de recarga de l\u00e1mpara catal\u00edtica Maison","og_url":"https:\/\/www.mentaymora.com\/index.php\/producto\/lolta-lempicka-sweet-liquido-para-lampara-catalitica-1l-maison-berger\/","og_site_name":"Menta y Mora","article_publisher":"https:\/\/es-es.facebook.com\/MentayMora\/","article_modified_time":"2025-10-19T06:24:09+00:00","og_image":[{"width":1280,"height":1280,"url":"https:\/\/www.mentaymora.com\/wp-content\/uploads\/2025\/10\/liquido-catalitica-1l-lolita-lempicka-sweet.webp","type":"image\/webp"}],"twitter_card":"summary_large_image","twitter_misc":{"Tiempo de lectura":"1 minuto"},"schema":{"@context":"https:\/\/schema.org","@graph":[{"@type":"WebPage","@id":"https:\/\/www.mentaymora.com\/index.php\/producto\/lolta-lempicka-sweet-liquido-para-lampara-catalitica-1l-maison-berger\/","url":"https:\/\/www.mentaymora.com\/index.php\/producto\/lolta-lempicka-sweet-liquido-para-lampara-catalitica-1l-maison-berger\/","name":"LOLTA LEMPICKA SWEET - L\u00edquido para L\u00e1mpara Catal\u00edtica 1L - Maison Berger - Menta y Mora","isPartOf":{"@id":"https:\/\/www.mentaymora.com\/#website"},"primaryImageOfPage":{"@id":"https:\/\/www.mentaymora.com\/index.php\/producto\/lolta-lempicka-sweet-liquido-para-lampara-catalitica-1l-maison-berger\/#primaryimage"},"image":{"@id":"https:\/\/www.mentaymora.com\/index.php\/producto\/lolta-lempicka-sweet-liquido-para-lampara-catalitica-1l-maison-berger\/#primaryimage"},"thumbnailUrl":"https:\/\/www.mentaymora.com\/wp-content\/uploads\/2025\/10\/liquido-catalitica-1l-lolita-lempicka-sweet.webp","datePublished":"2025-10-19T06:21:43+00:00","dateModified":"2025-10-19T06:24:09+00:00","description":"LOLTA LEMPICKA SWEET - L\u00edquido para L\u00e1mpara Catal\u00edtica 1L - Maison Berger Descubre la colecci\u00f3n de l\u00edquidos de recarga de l\u00e1mpara catal\u00edtica Maison","breadcrumb":{"@id":"https:\/\/www.mentaymora.com\/index.php\/producto\/lolta-lempicka-sweet-liquido-para-lampara-catalitica-1l-maison-berger\/#breadcrumb"},"inLanguage":"es","potentialAction":[{"@type":"ReadAction","target":["https:\/\/www.mentaymora.com\/index.php\/producto\/lolta-lempicka-sweet-liquido-para-lampara-catalitica-1l-maison-berger\/"]}]},{"@type":"ImageObject","inLanguage":"es","@id":"https:\/\/www.mentaymora.com\/index.php\/producto\/lolta-lempicka-sweet-liquido-para-lampara-catalitica-1l-maison-berger\/#primaryimage","url":"https:\/\/www.mentaymora.com\/wp-content\/uploads\/2025\/10\/liquido-catalitica-1l-lolita-lempicka-sweet.webp","contentUrl":"https:\/\/www.mentaymora.com\/wp-content\/uploads\/2025\/10\/liquido-catalitica-1l-lolita-lempicka-sweet.webp","width":1280,"height":1280,"caption":"l\u00edquido catal\u00edtica 1l lolita lempicka sweet"},{"@type":"BreadcrumbList","@id":"https:\/\/www.mentaymora.com\/index.php\/producto\/lolta-lempicka-sweet-liquido-para-lampara-catalitica-1l-maison-berger\/#breadcrumb","itemListElement":[{"@type":"ListItem","position":1,"name":"Portada","item":"https:\/\/www.mentaymora.com\/"},{"@type":"ListItem","position":2,"name":"Productos","item":"https:\/\/www.mentaymora.com\/index.php\/tienda\/"},{"@type":"ListItem","position":3,"name":"LOLTA LEMPICKA SWEET &#8211; L\u00edquido para L\u00e1mpara Catal\u00edtica 1L &#8211; Maison Berger"}]},{"@type":"WebSite","@id":"https:\/\/www.mentaymora.com\/#website","url":"https:\/\/www.mentaymora.com\/","name":"Menta y Mora","description":"Regalos y Complementos","publisher":{"@id":"https:\/\/www.mentaymora.com\/#organization"},"potentialAction":[{"@type":"SearchAction","target":{"@type":"EntryPoint","urlTemplate":"https:\/\/www.mentaymora.com\/?s={search_term_string}"},"query-input":{"@type":"PropertyValueSpecification","valueRequired":true,"valueName":"search_term_string"}}],"inLanguage":"es"},{"@type":"Organization","@id":"https:\/\/www.mentaymora.com\/#organization","name":"Menta y Mora","url":"https:\/\/www.mentaymora.com\/","logo":{"@type":"ImageObject","inLanguage":"es","@id":"https:\/\/www.mentaymora.com\/#\/schema\/logo\/image\/","url":"https:\/\/www.mentaymora.com\/wp-content\/uploads\/2021\/07\/Logo.jpg","contentUrl":"https:\/\/www.mentaymora.com\/wp-content\/uploads\/2021\/07\/Logo.jpg","width":1172,"height":1172,"caption":"Menta y Mora"},"image":{"@id":"https:\/\/www.mentaymora.com\/#\/schema\/logo\/image\/"},"sameAs":["https:\/\/es-es.facebook.com\/MentayMora\/","https:\/\/www.instagram.com\/mentaymora.illescas\/?hl=es","https:\/\/www.youtube.com\/channel\/UCuMMtdck_1XS-MyW6ZnBAlw"]}]}},"_links":{"self":[{"href":"https:\/\/www.mentaymora.com\/index.php\/wp-json\/wp\/v2\/product\/20031","targetHints":{"allow":["GET"]}}],"collection":[{"href":"https:\/\/www.mentaymora.com\/index.php\/wp-json\/wp\/v2\/product"}],"about":[{"href":"https:\/\/www.mentaymora.com\/index.php\/wp-json\/wp\/v2\/types\/product"}],"replies":[{"embeddable":true,"href":"https:\/\/www.mentaymora.com\/index.php\/wp-json\/wp\/v2\/comments?post=20031"}],"wp:featuredmedia":[{"embeddable":true,"href":"https:\/\/www.mentaymora.com\/index.php\/wp-json\/wp\/v2\/media\/20029"}],"wp:attachment":[{"href":"https:\/\/www.mentaymora.com\/index.php\/wp-json\/wp\/v2\/media?parent=20031"}],"wp:term":[{"taxonomy":"product_brand","embeddable":true,"href":"https:\/\/www.mentaymora.com\/index.php\/wp-json\/wp\/v2\/product_brand?post=20031"},{"taxonomy":"product_cat","embeddable":true,"href":"https:\/\/www.mentaymora.com\/index.php\/wp-json\/wp\/v2\/product_cat?post=20031"},{"taxonomy":"product_tag","embeddable":true,"href":"https:\/\/www.mentaymora.com\/index.php\/wp-json\/wp\/v2\/product_tag?post=20031"}],"curies":[{"name":"wp","href":"https:\/\/api.w.org\/{rel}","templated":true}]}}