{"id":20037,"date":"2025-10-19T07:36:29","date_gmt":"2025-10-19T06:36:29","guid":{"rendered":"https:\/\/www.mentaymora.com\/?post_type=product&#038;p=20037"},"modified":"2025-10-19T07:40:55","modified_gmt":"2025-10-19T06:40:55","slug":"recarga-difusor-lolita-lempicka-sweet-400ml-maison-berger","status":"publish","type":"product","link":"https:\/\/www.mentaymora.com\/index.php\/producto\/recarga-difusor-lolita-lempicka-sweet-400ml-maison-berger\/","title":{"rendered":"Recarga Difusor Lolita Lempicka Sweet 400ml &#8211; Maison Berger"},"content":{"rendered":"<p>Recarga Difusor Lolita Lempicka Sweet 400ml &#8211; Maison Berger<\/p>\n<p data-start=\"587\" data-end=\"825\">La <strong data-start=\"590\" data-end=\"638\">Recarga Bouquet Lolita Lempicka Sweet 400 ml<\/strong> de <strong data-start=\"642\" data-end=\"665\">Maison Berger Paris<\/strong> es la manera perfecta de mantener tu difusor de varillas siempre listo para perfumar con la ic\u00f3nica fragancia creada en colaboraci\u00f3n con <strong data-start=\"803\" data-end=\"822\">Lolita Lempicka<\/strong>.<\/p>\n<p data-start=\"827\" data-end=\"957\">Su composici\u00f3n olfativa \u00fanica combina notas frutales, florales y dulces que envuelven el hogar en un ambiente c\u00e1lido y elegante:<\/p>\n<ul data-start=\"958\" data-end=\"1113\">\n<li data-start=\"958\" data-end=\"1008\">\n<p data-start=\"960\" data-end=\"1008\"><strong data-start=\"960\" data-end=\"979\">Notas de salida<\/strong>: cereza, frambuesa y rosa.<\/p>\n<\/li>\n<li data-start=\"1009\" data-end=\"1058\">\n<p data-start=\"1011\" data-end=\"1058\"><strong data-start=\"1011\" data-end=\"1031\">Notas de coraz\u00f3n<\/strong>: iris, cacao y ang\u00e9lica.<\/p>\n<\/li>\n<li data-start=\"1059\" data-end=\"1113\">\n<p data-start=\"1061\" data-end=\"1113\"><strong data-start=\"1061\" data-end=\"1079\">Notas de fondo<\/strong>: almizcle, patchouli y pralin\u00e9.<\/p>\n<\/li>\n<\/ul>\n<h4 data-start=\"1115\" data-end=\"1150\">Caracter\u00edsticas principales:<\/h4>\n<ul data-start=\"1151\" data-end=\"1438\">\n<li data-start=\"1151\" data-end=\"1237\">\n<p data-start=\"1153\" data-end=\"1237\"><strong data-start=\"1153\" data-end=\"1183\">Formato pr\u00e1ctico de 400 ml<\/strong>, para disfrutar de la fragancia durante m\u00e1s tiempo.<\/p>\n<\/li>\n<li data-start=\"1238\" data-end=\"1286\">\n<p data-start=\"1240\" data-end=\"1286\">Fragancia <strong data-start=\"1250\" data-end=\"1259\">Sweet<\/strong>, sofisticada y gourmand.<\/p>\n<\/li>\n<li data-start=\"1287\" data-end=\"1364\">\n<p data-start=\"1289\" data-end=\"1364\">Ideal para recargar cualquier bouquet difusor de <strong data-start=\"1338\" data-end=\"1361\">Maison Berger Paris<\/strong>.<\/p>\n<\/li>\n<li data-start=\"1365\" data-end=\"1410\">\n<p data-start=\"1367\" data-end=\"1410\">Tambi\u00e9n disponible en <strong data-start=\"1389\" data-end=\"1407\">formato 200 ml<\/strong>.<\/p>\n<\/li>\n<li data-start=\"1411\" data-end=\"1438\">\n<p data-start=\"1413\" data-end=\"1438\"><strong data-start=\"1413\" data-end=\"1427\">Referencia<\/strong>: 007905.<\/p>\n<\/li>\n<\/ul>\n<p data-start=\"1440\" data-end=\"1582\">Con esta recarga, prolonga la experiencia olfativa de tu bouquet y disfruta de una atm\u00f3sfera \u00fanica, refinada y llena de dulzura en tu hogar.<\/p>\n<p data-start=\"1440\" data-end=\"1582\"><a href=\"https:\/\/www.mentaymora.com\/\">Menta y Mora<\/a>\u00a0Te Enamora\u00a0 \u00a0 S\u00edguenos en nuestras RRSS (<a href=\"https:\/\/es-es.facebook.com\/MentayMora\/\">Facebook<\/a>\u00a0e\u00a0<a href=\"https:\/\/www.instagram.com\/mentaymora.illescas\/?hl=es\">Instagram<\/a>)\u00a0 \u00a0 Si tienes alguna consulta,\u00a0<a href=\"mailto:%20info@mentaymora.com\">preg\u00fantanos<\/a>.<\/p>\n","protected":false},"excerpt":{"rendered":"<p data-start=\"182\" data-end=\"314\">La <strong data-start=\"185\" data-end=\"233\">Recarga Bouquet Lolita Lempicka Sweet 400 ml<\/strong> prolonga la magia de tu difusor de varillas con un aroma goloso y sofisticado.<\/p>\n<ul data-start=\"315\" data-end=\"527\">\n<li data-start=\"315\" data-end=\"389\">\n<p data-start=\"317\" data-end=\"389\">Fragancia con notas de cereza, frambuesa, rosa, iris, cacao y pralin\u00e9.<\/p>\n<\/li>\n<li data-start=\"390\" data-end=\"465\">\n<p data-start=\"392\" data-end=\"465\">Formato de 400 ml para disfrutar m\u00e1s tiempo de esta creaci\u00f3n exclusiva.<\/p>\n<\/li>\n<li data-start=\"466\" data-end=\"527\">\n<p data-start=\"468\" data-end=\"527\">Compatible con todos los bouquets de Maison Berger Paris.<\/p>\n<\/li>\n<\/ul>\n","protected":false},"featured_media":20039,"comment_status":"open","ping_status":"closed","template":"","meta":{"_acf_changed":false,"_joinchat":[]},"product_brand":[1611],"product_cat":[1637],"product_tag":[115,99,1638],"class_list":{"0":"post-20037","1":"product","2":"type-product","3":"status-publish","4":"has-post-thumbnail","6":"product_brand-maison-berger","7":"product_cat-lolita-lempicka","8":"product_tag-aroma-frutal","9":"product_tag-difusor","10":"product_tag-lolita","11":"latest_post","13":"first","14":"instock","15":"taxable","16":"shipping-taxable","17":"purchasable","18":"product-type-simple"},"acf":[],"yoast_head":"<!-- This site is optimized with the Yoast SEO plugin v27.4 - https:\/\/yoast.com\/product\/yoast-seo-wordpress\/ -->\n<title>Recarga Difusor Lolita Lempicka Sweet 400ml - Maison Berger - Menta y Mora<\/title>\n<meta name=\"description\" content=\"Recarga Difusor Lolita Lempicka Sweet 400ml - Maison Berger La Recarga Bouquet Lolita Lempicka Sweet 400 ml de Maison Berger Paris es la manera perfecta\" \/>\n<meta name=\"robots\" content=\"index, follow, max-snippet:-1, max-image-preview:large, max-video-preview:-1\" \/>\n<link rel=\"canonical\" href=\"https:\/\/www.mentaymora.com\/index.php\/producto\/recarga-difusor-lolita-lempicka-sweet-400ml-maison-berger\/\" \/>\n<meta property=\"og:locale\" content=\"es_ES\" \/>\n<meta property=\"og:type\" content=\"article\" \/>\n<meta property=\"og:title\" content=\"Recarga Difusor Lolita Lempicka Sweet 400ml - Maison Berger - Menta y Mora\" \/>\n<meta property=\"og:description\" content=\"Recarga Difusor Lolita Lempicka Sweet 400ml - Maison Berger La Recarga Bouquet Lolita Lempicka Sweet 400 ml de Maison Berger Paris es la manera perfecta\" \/>\n<meta property=\"og:url\" content=\"https:\/\/www.mentaymora.com\/index.php\/producto\/recarga-difusor-lolita-lempicka-sweet-400ml-maison-berger\/\" \/>\n<meta property=\"og:site_name\" content=\"Menta y Mora\" \/>\n<meta property=\"article:publisher\" content=\"https:\/\/es-es.facebook.com\/MentayMora\/\" \/>\n<meta property=\"article:modified_time\" content=\"2025-10-19T06:40:55+00:00\" \/>\n<meta property=\"og:image\" content=\"https:\/\/www.mentaymora.com\/wp-content\/uploads\/2025\/10\/recarga-difusor-lolita-lempicka-sweet-400ml.png\" \/>\n\t<meta property=\"og:image:width\" content=\"1200\" \/>\n\t<meta property=\"og:image:height\" content=\"1200\" \/>\n\t<meta property=\"og:image:type\" content=\"image\/png\" \/>\n<meta name=\"twitter:card\" content=\"summary_large_image\" \/>\n<meta name=\"twitter:label1\" content=\"Tiempo de lectura\" \/>\n\t<meta name=\"twitter:data1\" content=\"1 minuto\" \/>\n<script type=\"application\/ld+json\" class=\"yoast-schema-graph\">{\"@context\":\"https:\\\/\\\/schema.org\",\"@graph\":[{\"@type\":\"WebPage\",\"@id\":\"https:\\\/\\\/www.mentaymora.com\\\/index.php\\\/producto\\\/recarga-difusor-lolita-lempicka-sweet-400ml-maison-berger\\\/\",\"url\":\"https:\\\/\\\/www.mentaymora.com\\\/index.php\\\/producto\\\/recarga-difusor-lolita-lempicka-sweet-400ml-maison-berger\\\/\",\"name\":\"Recarga Difusor Lolita Lempicka Sweet 400ml - Maison Berger - Menta y Mora\",\"isPartOf\":{\"@id\":\"https:\\\/\\\/www.mentaymora.com\\\/#website\"},\"primaryImageOfPage\":{\"@id\":\"https:\\\/\\\/www.mentaymora.com\\\/index.php\\\/producto\\\/recarga-difusor-lolita-lempicka-sweet-400ml-maison-berger\\\/#primaryimage\"},\"image\":{\"@id\":\"https:\\\/\\\/www.mentaymora.com\\\/index.php\\\/producto\\\/recarga-difusor-lolita-lempicka-sweet-400ml-maison-berger\\\/#primaryimage\"},\"thumbnailUrl\":\"https:\\\/\\\/www.mentaymora.com\\\/wp-content\\\/uploads\\\/2025\\\/10\\\/recarga-difusor-lolita-lempicka-sweet-400ml.png\",\"datePublished\":\"2025-10-19T06:36:29+00:00\",\"dateModified\":\"2025-10-19T06:40:55+00:00\",\"description\":\"Recarga Difusor Lolita Lempicka Sweet 400ml - Maison Berger La Recarga Bouquet Lolita Lempicka Sweet 400 ml de Maison Berger Paris es la manera perfecta\",\"breadcrumb\":{\"@id\":\"https:\\\/\\\/www.mentaymora.com\\\/index.php\\\/producto\\\/recarga-difusor-lolita-lempicka-sweet-400ml-maison-berger\\\/#breadcrumb\"},\"inLanguage\":\"es\",\"potentialAction\":[{\"@type\":\"ReadAction\",\"target\":[\"https:\\\/\\\/www.mentaymora.com\\\/index.php\\\/producto\\\/recarga-difusor-lolita-lempicka-sweet-400ml-maison-berger\\\/\"]}]},{\"@type\":\"ImageObject\",\"inLanguage\":\"es\",\"@id\":\"https:\\\/\\\/www.mentaymora.com\\\/index.php\\\/producto\\\/recarga-difusor-lolita-lempicka-sweet-400ml-maison-berger\\\/#primaryimage\",\"url\":\"https:\\\/\\\/www.mentaymora.com\\\/wp-content\\\/uploads\\\/2025\\\/10\\\/recarga-difusor-lolita-lempicka-sweet-400ml.png\",\"contentUrl\":\"https:\\\/\\\/www.mentaymora.com\\\/wp-content\\\/uploads\\\/2025\\\/10\\\/recarga-difusor-lolita-lempicka-sweet-400ml.png\",\"width\":1200,\"height\":1200,\"caption\":\"recarga difusor lolita lempicka sweet 400ml\"},{\"@type\":\"BreadcrumbList\",\"@id\":\"https:\\\/\\\/www.mentaymora.com\\\/index.php\\\/producto\\\/recarga-difusor-lolita-lempicka-sweet-400ml-maison-berger\\\/#breadcrumb\",\"itemListElement\":[{\"@type\":\"ListItem\",\"position\":1,\"name\":\"Portada\",\"item\":\"https:\\\/\\\/www.mentaymora.com\\\/\"},{\"@type\":\"ListItem\",\"position\":2,\"name\":\"Productos\",\"item\":\"https:\\\/\\\/www.mentaymora.com\\\/index.php\\\/tienda\\\/\"},{\"@type\":\"ListItem\",\"position\":3,\"name\":\"Recarga Difusor Lolita Lempicka Sweet 400ml &#8211; Maison Berger\"}]},{\"@type\":\"WebSite\",\"@id\":\"https:\\\/\\\/www.mentaymora.com\\\/#website\",\"url\":\"https:\\\/\\\/www.mentaymora.com\\\/\",\"name\":\"Menta y Mora\",\"description\":\"Regalos y Complementos\",\"publisher\":{\"@id\":\"https:\\\/\\\/www.mentaymora.com\\\/#organization\"},\"potentialAction\":[{\"@type\":\"SearchAction\",\"target\":{\"@type\":\"EntryPoint\",\"urlTemplate\":\"https:\\\/\\\/www.mentaymora.com\\\/?s={search_term_string}\"},\"query-input\":{\"@type\":\"PropertyValueSpecification\",\"valueRequired\":true,\"valueName\":\"search_term_string\"}}],\"inLanguage\":\"es\"},{\"@type\":\"Organization\",\"@id\":\"https:\\\/\\\/www.mentaymora.com\\\/#organization\",\"name\":\"Menta y Mora\",\"url\":\"https:\\\/\\\/www.mentaymora.com\\\/\",\"logo\":{\"@type\":\"ImageObject\",\"inLanguage\":\"es\",\"@id\":\"https:\\\/\\\/www.mentaymora.com\\\/#\\\/schema\\\/logo\\\/image\\\/\",\"url\":\"https:\\\/\\\/www.mentaymora.com\\\/wp-content\\\/uploads\\\/2021\\\/07\\\/Logo.jpg\",\"contentUrl\":\"https:\\\/\\\/www.mentaymora.com\\\/wp-content\\\/uploads\\\/2021\\\/07\\\/Logo.jpg\",\"width\":1172,\"height\":1172,\"caption\":\"Menta y Mora\"},\"image\":{\"@id\":\"https:\\\/\\\/www.mentaymora.com\\\/#\\\/schema\\\/logo\\\/image\\\/\"},\"sameAs\":[\"https:\\\/\\\/es-es.facebook.com\\\/MentayMora\\\/\",\"https:\\\/\\\/www.instagram.com\\\/mentaymora.illescas\\\/?hl=es\",\"https:\\\/\\\/www.youtube.com\\\/channel\\\/UCuMMtdck_1XS-MyW6ZnBAlw\"]}]}<\/script>\n<!-- \/ Yoast SEO plugin. -->","yoast_head_json":{"title":"Recarga Difusor Lolita Lempicka Sweet 400ml - Maison Berger - Menta y Mora","description":"Recarga Difusor Lolita Lempicka Sweet 400ml - Maison Berger La Recarga Bouquet Lolita Lempicka Sweet 400 ml de Maison Berger Paris es la manera perfecta","robots":{"index":"index","follow":"follow","max-snippet":"max-snippet:-1","max-image-preview":"max-image-preview:large","max-video-preview":"max-video-preview:-1"},"canonical":"https:\/\/www.mentaymora.com\/index.php\/producto\/recarga-difusor-lolita-lempicka-sweet-400ml-maison-berger\/","og_locale":"es_ES","og_type":"article","og_title":"Recarga Difusor Lolita Lempicka Sweet 400ml - Maison Berger - Menta y Mora","og_description":"Recarga Difusor Lolita Lempicka Sweet 400ml - Maison Berger La Recarga Bouquet Lolita Lempicka Sweet 400 ml de Maison Berger Paris es la manera perfecta","og_url":"https:\/\/www.mentaymora.com\/index.php\/producto\/recarga-difusor-lolita-lempicka-sweet-400ml-maison-berger\/","og_site_name":"Menta y Mora","article_publisher":"https:\/\/es-es.facebook.com\/MentayMora\/","article_modified_time":"2025-10-19T06:40:55+00:00","og_image":[{"width":1200,"height":1200,"url":"https:\/\/www.mentaymora.com\/wp-content\/uploads\/2025\/10\/recarga-difusor-lolita-lempicka-sweet-400ml.png","type":"image\/png"}],"twitter_card":"summary_large_image","twitter_misc":{"Tiempo de lectura":"1 minuto"},"schema":{"@context":"https:\/\/schema.org","@graph":[{"@type":"WebPage","@id":"https:\/\/www.mentaymora.com\/index.php\/producto\/recarga-difusor-lolita-lempicka-sweet-400ml-maison-berger\/","url":"https:\/\/www.mentaymora.com\/index.php\/producto\/recarga-difusor-lolita-lempicka-sweet-400ml-maison-berger\/","name":"Recarga Difusor Lolita Lempicka Sweet 400ml - Maison Berger - Menta y Mora","isPartOf":{"@id":"https:\/\/www.mentaymora.com\/#website"},"primaryImageOfPage":{"@id":"https:\/\/www.mentaymora.com\/index.php\/producto\/recarga-difusor-lolita-lempicka-sweet-400ml-maison-berger\/#primaryimage"},"image":{"@id":"https:\/\/www.mentaymora.com\/index.php\/producto\/recarga-difusor-lolita-lempicka-sweet-400ml-maison-berger\/#primaryimage"},"thumbnailUrl":"https:\/\/www.mentaymora.com\/wp-content\/uploads\/2025\/10\/recarga-difusor-lolita-lempicka-sweet-400ml.png","datePublished":"2025-10-19T06:36:29+00:00","dateModified":"2025-10-19T06:40:55+00:00","description":"Recarga Difusor Lolita Lempicka Sweet 400ml - Maison Berger La Recarga Bouquet Lolita Lempicka Sweet 400 ml de Maison Berger Paris es la manera perfecta","breadcrumb":{"@id":"https:\/\/www.mentaymora.com\/index.php\/producto\/recarga-difusor-lolita-lempicka-sweet-400ml-maison-berger\/#breadcrumb"},"inLanguage":"es","potentialAction":[{"@type":"ReadAction","target":["https:\/\/www.mentaymora.com\/index.php\/producto\/recarga-difusor-lolita-lempicka-sweet-400ml-maison-berger\/"]}]},{"@type":"ImageObject","inLanguage":"es","@id":"https:\/\/www.mentaymora.com\/index.php\/producto\/recarga-difusor-lolita-lempicka-sweet-400ml-maison-berger\/#primaryimage","url":"https:\/\/www.mentaymora.com\/wp-content\/uploads\/2025\/10\/recarga-difusor-lolita-lempicka-sweet-400ml.png","contentUrl":"https:\/\/www.mentaymora.com\/wp-content\/uploads\/2025\/10\/recarga-difusor-lolita-lempicka-sweet-400ml.png","width":1200,"height":1200,"caption":"recarga difusor lolita lempicka sweet 400ml"},{"@type":"BreadcrumbList","@id":"https:\/\/www.mentaymora.com\/index.php\/producto\/recarga-difusor-lolita-lempicka-sweet-400ml-maison-berger\/#breadcrumb","itemListElement":[{"@type":"ListItem","position":1,"name":"Portada","item":"https:\/\/www.mentaymora.com\/"},{"@type":"ListItem","position":2,"name":"Productos","item":"https:\/\/www.mentaymora.com\/index.php\/tienda\/"},{"@type":"ListItem","position":3,"name":"Recarga Difusor Lolita Lempicka Sweet 400ml &#8211; Maison Berger"}]},{"@type":"WebSite","@id":"https:\/\/www.mentaymora.com\/#website","url":"https:\/\/www.mentaymora.com\/","name":"Menta y Mora","description":"Regalos y Complementos","publisher":{"@id":"https:\/\/www.mentaymora.com\/#organization"},"potentialAction":[{"@type":"SearchAction","target":{"@type":"EntryPoint","urlTemplate":"https:\/\/www.mentaymora.com\/?s={search_term_string}"},"query-input":{"@type":"PropertyValueSpecification","valueRequired":true,"valueName":"search_term_string"}}],"inLanguage":"es"},{"@type":"Organization","@id":"https:\/\/www.mentaymora.com\/#organization","name":"Menta y Mora","url":"https:\/\/www.mentaymora.com\/","logo":{"@type":"ImageObject","inLanguage":"es","@id":"https:\/\/www.mentaymora.com\/#\/schema\/logo\/image\/","url":"https:\/\/www.mentaymora.com\/wp-content\/uploads\/2021\/07\/Logo.jpg","contentUrl":"https:\/\/www.mentaymora.com\/wp-content\/uploads\/2021\/07\/Logo.jpg","width":1172,"height":1172,"caption":"Menta y Mora"},"image":{"@id":"https:\/\/www.mentaymora.com\/#\/schema\/logo\/image\/"},"sameAs":["https:\/\/es-es.facebook.com\/MentayMora\/","https:\/\/www.instagram.com\/mentaymora.illescas\/?hl=es","https:\/\/www.youtube.com\/channel\/UCuMMtdck_1XS-MyW6ZnBAlw"]}]}},"_links":{"self":[{"href":"https:\/\/www.mentaymora.com\/index.php\/wp-json\/wp\/v2\/product\/20037","targetHints":{"allow":["GET"]}}],"collection":[{"href":"https:\/\/www.mentaymora.com\/index.php\/wp-json\/wp\/v2\/product"}],"about":[{"href":"https:\/\/www.mentaymora.com\/index.php\/wp-json\/wp\/v2\/types\/product"}],"replies":[{"embeddable":true,"href":"https:\/\/www.mentaymora.com\/index.php\/wp-json\/wp\/v2\/comments?post=20037"}],"wp:featuredmedia":[{"embeddable":true,"href":"https:\/\/www.mentaymora.com\/index.php\/wp-json\/wp\/v2\/media\/20039"}],"wp:attachment":[{"href":"https:\/\/www.mentaymora.com\/index.php\/wp-json\/wp\/v2\/media?parent=20037"}],"wp:term":[{"taxonomy":"product_brand","embeddable":true,"href":"https:\/\/www.mentaymora.com\/index.php\/wp-json\/wp\/v2\/product_brand?post=20037"},{"taxonomy":"product_cat","embeddable":true,"href":"https:\/\/www.mentaymora.com\/index.php\/wp-json\/wp\/v2\/product_cat?post=20037"},{"taxonomy":"product_tag","embeddable":true,"href":"https:\/\/www.mentaymora.com\/index.php\/wp-json\/wp\/v2\/product_tag?post=20037"}],"curies":[{"name":"wp","href":"https:\/\/api.w.org\/{rel}","templated":true}]}}