{"id":20053,"date":"2025-10-19T15:39:38","date_gmt":"2025-10-19T14:39:38","guid":{"rendered":"https:\/\/www.mentaymora.com\/?post_type=product&#038;p=20053"},"modified":"2025-10-19T15:43:28","modified_gmt":"2025-10-19T14:43:28","slug":"recargas-difusor-de-coche-lolita-lempicka-sweet-maison-berger","status":"publish","type":"product","link":"https:\/\/www.mentaymora.com\/index.php\/producto\/recargas-difusor-de-coche-lolita-lempicka-sweet-maison-berger\/","title":{"rendered":"Recargas difusor de coche Lolita Lempicka Sweet &#8211; Maison Berger"},"content":{"rendered":"<p>Recargas difusor de coche Lolita Lempicka Sweet &#8211; Maison Berger<\/p>\n<p data-start=\"581\" data-end=\"790\">Las <strong data-start=\"585\" data-end=\"636\">recargas difusor de coche Lolita Lempicka Sweet<\/strong> de <strong data-start=\"640\" data-end=\"663\">Maison Berger Paris<\/strong> llevan la elegancia de la fragancia <strong data-start=\"700\" data-end=\"709\">Sweet<\/strong> al interior de tu veh\u00edculo, gracias a la colaboraci\u00f3n con <strong data-start=\"768\" data-end=\"787\">Lolita Lempicka<\/strong>.<\/p>\n<p data-start=\"792\" data-end=\"928\">Este perfume cautivador combina matices frutales, florales y dulces que crean un ambiente acogedor y placentero durante cada trayecto:<\/p>\n<ul data-start=\"929\" data-end=\"1082\">\n<li data-start=\"929\" data-end=\"979\">\n<p data-start=\"931\" data-end=\"979\"><strong data-start=\"931\" data-end=\"950\">Notas de salida<\/strong>: cereza, frambuesa y rosa.<\/p>\n<\/li>\n<li data-start=\"980\" data-end=\"1029\">\n<p data-start=\"982\" data-end=\"1029\"><strong data-start=\"982\" data-end=\"1002\">Notas de coraz\u00f3n<\/strong>: iris, cacao y ang\u00e9lica.<\/p>\n<\/li>\n<li data-start=\"1030\" data-end=\"1082\">\n<p data-start=\"1032\" data-end=\"1082\"><strong data-start=\"1032\" data-end=\"1050\">Notas de fondo<\/strong>: almizcle, pachul\u00ed y pralin\u00e9.<\/p>\n<\/li>\n<\/ul>\n<h4 data-start=\"1084\" data-end=\"1119\">Caracter\u00edsticas principales:<\/h4>\n<ul data-start=\"1120\" data-end=\"1467\">\n<li data-start=\"1120\" data-end=\"1179\">\n<p data-start=\"1122\" data-end=\"1179\">Perfuma el coche durante aproximadamente <strong data-start=\"1163\" data-end=\"1176\">4 semanas<\/strong>.<\/p>\n<\/li>\n<li data-start=\"1180\" data-end=\"1249\">\n<p data-start=\"1182\" data-end=\"1249\"><strong data-start=\"1182\" data-end=\"1203\">Intensidad ligera<\/strong>, ideal para un aroma elegante y envolvente.<\/p>\n<\/li>\n<li data-start=\"1250\" data-end=\"1290\">\n<p data-start=\"1252\" data-end=\"1290\"><strong data-start=\"1252\" data-end=\"1267\">Dimensiones<\/strong>: 3,2 x 1,9 x 3,2 cm.<\/p>\n<\/li>\n<li data-start=\"1291\" data-end=\"1318\">\n<p data-start=\"1293\" data-end=\"1318\"><strong data-start=\"1293\" data-end=\"1307\">Referencia<\/strong>: 007863.<\/p>\n<\/li>\n<li data-start=\"1319\" data-end=\"1398\">\n<p data-start=\"1321\" data-end=\"1398\">F\u00e1cil de utilizar: se coloca en la <strong data-start=\"1356\" data-end=\"1395\">rejilla de ventilaci\u00f3n del veh\u00edculo<\/strong>.<\/p>\n<\/li>\n<li data-start=\"1399\" data-end=\"1467\">\n<p data-start=\"1401\" data-end=\"1467\">Para mayor intensidad, basta con encender el aire acondicionado.<\/p>\n<\/li>\n<\/ul>\n<p data-start=\"1469\" data-end=\"1615\">Las recargas <strong data-start=\"1482\" data-end=\"1491\">Sweet<\/strong> transforman el coche en un espacio refinado y personal, convirtiendo cada viaje en un momento de confort y sofisticaci\u00f3n.<\/p>\n<p data-start=\"1440\" data-end=\"1582\"><a href=\"https:\/\/www.mentaymora.com\/\">Menta y Mora<\/a>\u00a0Te Enamora\u00a0 \u00a0 S\u00edguenos en nuestras RRSS (<a href=\"https:\/\/es-es.facebook.com\/MentayMora\/\">Facebook<\/a>\u00a0e\u00a0<a href=\"https:\/\/www.instagram.com\/mentaymora.illescas\/?hl=es\">Instagram<\/a>)\u00a0 \u00a0 Si tienes alguna consulta,\u00a0<a href=\"mailto:%20info@mentaymora.com\">preg\u00fantanos<\/a>.<\/p>\n","protected":false},"excerpt":{"rendered":"<p data-start=\"208\" data-end=\"325\">Las <strong data-start=\"212\" data-end=\"263\">recargas difusor de coche Lolita Lempicka Sweet<\/strong> convierten cada trayecto en una experiencia olfativa \u00fanica.<\/p>\n<ul data-start=\"326\" data-end=\"521\">\n<li data-start=\"326\" data-end=\"403\">\n<p data-start=\"328\" data-end=\"403\">Fragancia afrutada y golosa con cereza, frambuesa, iris, cacao y pralin\u00e9.<\/p>\n<\/li>\n<li data-start=\"404\" data-end=\"461\">\n<p data-start=\"406\" data-end=\"461\">Perfuma el interior del coche durante unas 4 semanas.<\/p>\n<\/li>\n<li data-start=\"462\" data-end=\"521\">\n<p data-start=\"464\" data-end=\"521\">Uso pr\u00e1ctico en la rejilla de ventilaci\u00f3n del veh\u00edculo.<\/p>\n<\/li>\n<\/ul>\n","protected":false},"featured_media":20054,"comment_status":"open","ping_status":"closed","template":"","meta":{"_acf_changed":false,"_joinchat":[]},"product_brand":[1611],"product_cat":[1637],"product_tag":[115,1638,1639],"class_list":{"0":"post-20053","1":"product","2":"type-product","3":"status-publish","4":"has-post-thumbnail","6":"product_brand-maison-berger","7":"product_cat-lolita-lempicka","8":"product_tag-aroma-frutal","9":"product_tag-lolita","10":"product_tag-recarga-coche","11":"latest_post","13":"first","14":"instock","15":"taxable","16":"shipping-taxable","17":"purchasable","18":"product-type-simple"},"acf":[],"yoast_head":"<!-- This site is optimized with the Yoast SEO plugin v27.4 - https:\/\/yoast.com\/product\/yoast-seo-wordpress\/ -->\n<title>Recargas difusor de coche Lolita Lempicka Sweet - Maison Berger - Menta y Mora<\/title>\n<meta name=\"description\" content=\"Recargas difusor de coche Lolita Lempicka Sweet - Maison Berger Las recargas difusor de coche Lolita Lempicka Sweet de Maison Berger Paris\" \/>\n<meta name=\"robots\" content=\"index, follow, max-snippet:-1, max-image-preview:large, max-video-preview:-1\" \/>\n<link rel=\"canonical\" href=\"https:\/\/www.mentaymora.com\/index.php\/producto\/recargas-difusor-de-coche-lolita-lempicka-sweet-maison-berger\/\" \/>\n<meta property=\"og:locale\" content=\"es_ES\" \/>\n<meta property=\"og:type\" content=\"article\" \/>\n<meta property=\"og:title\" content=\"Recargas difusor de coche Lolita Lempicka Sweet - Maison Berger - Menta y Mora\" \/>\n<meta property=\"og:description\" content=\"Recargas difusor de coche Lolita Lempicka Sweet - Maison Berger Las recargas difusor de coche Lolita Lempicka Sweet de Maison Berger Paris\" \/>\n<meta property=\"og:url\" content=\"https:\/\/www.mentaymora.com\/index.php\/producto\/recargas-difusor-de-coche-lolita-lempicka-sweet-maison-berger\/\" \/>\n<meta property=\"og:site_name\" content=\"Menta y Mora\" \/>\n<meta property=\"article:publisher\" content=\"https:\/\/es-es.facebook.com\/MentayMora\/\" \/>\n<meta property=\"article:modified_time\" content=\"2025-10-19T14:43:28+00:00\" \/>\n<meta property=\"og:image\" content=\"https:\/\/www.mentaymora.com\/wp-content\/uploads\/2025\/10\/recarga-coche-lolita-lempicka-sweet.png\" \/>\n\t<meta property=\"og:image:width\" content=\"1200\" \/>\n\t<meta property=\"og:image:height\" content=\"1200\" \/>\n\t<meta property=\"og:image:type\" content=\"image\/png\" \/>\n<meta name=\"twitter:card\" content=\"summary_large_image\" \/>\n<meta name=\"twitter:label1\" content=\"Tiempo de lectura\" \/>\n\t<meta name=\"twitter:data1\" content=\"1 minuto\" \/>\n<script type=\"application\/ld+json\" class=\"yoast-schema-graph\">{\"@context\":\"https:\\\/\\\/schema.org\",\"@graph\":[{\"@type\":\"WebPage\",\"@id\":\"https:\\\/\\\/www.mentaymora.com\\\/index.php\\\/producto\\\/recargas-difusor-de-coche-lolita-lempicka-sweet-maison-berger\\\/\",\"url\":\"https:\\\/\\\/www.mentaymora.com\\\/index.php\\\/producto\\\/recargas-difusor-de-coche-lolita-lempicka-sweet-maison-berger\\\/\",\"name\":\"Recargas difusor de coche Lolita Lempicka Sweet - Maison Berger - Menta y Mora\",\"isPartOf\":{\"@id\":\"https:\\\/\\\/www.mentaymora.com\\\/#website\"},\"primaryImageOfPage\":{\"@id\":\"https:\\\/\\\/www.mentaymora.com\\\/index.php\\\/producto\\\/recargas-difusor-de-coche-lolita-lempicka-sweet-maison-berger\\\/#primaryimage\"},\"image\":{\"@id\":\"https:\\\/\\\/www.mentaymora.com\\\/index.php\\\/producto\\\/recargas-difusor-de-coche-lolita-lempicka-sweet-maison-berger\\\/#primaryimage\"},\"thumbnailUrl\":\"https:\\\/\\\/www.mentaymora.com\\\/wp-content\\\/uploads\\\/2025\\\/10\\\/recarga-coche-lolita-lempicka-sweet.png\",\"datePublished\":\"2025-10-19T14:39:38+00:00\",\"dateModified\":\"2025-10-19T14:43:28+00:00\",\"description\":\"Recargas difusor de coche Lolita Lempicka Sweet - Maison Berger Las recargas difusor de coche Lolita Lempicka Sweet de Maison Berger Paris\",\"breadcrumb\":{\"@id\":\"https:\\\/\\\/www.mentaymora.com\\\/index.php\\\/producto\\\/recargas-difusor-de-coche-lolita-lempicka-sweet-maison-berger\\\/#breadcrumb\"},\"inLanguage\":\"es\",\"potentialAction\":[{\"@type\":\"ReadAction\",\"target\":[\"https:\\\/\\\/www.mentaymora.com\\\/index.php\\\/producto\\\/recargas-difusor-de-coche-lolita-lempicka-sweet-maison-berger\\\/\"]}]},{\"@type\":\"ImageObject\",\"inLanguage\":\"es\",\"@id\":\"https:\\\/\\\/www.mentaymora.com\\\/index.php\\\/producto\\\/recargas-difusor-de-coche-lolita-lempicka-sweet-maison-berger\\\/#primaryimage\",\"url\":\"https:\\\/\\\/www.mentaymora.com\\\/wp-content\\\/uploads\\\/2025\\\/10\\\/recarga-coche-lolita-lempicka-sweet.png\",\"contentUrl\":\"https:\\\/\\\/www.mentaymora.com\\\/wp-content\\\/uploads\\\/2025\\\/10\\\/recarga-coche-lolita-lempicka-sweet.png\",\"width\":1200,\"height\":1200,\"caption\":\"recarga coche lolita lempicka sweet\"},{\"@type\":\"BreadcrumbList\",\"@id\":\"https:\\\/\\\/www.mentaymora.com\\\/index.php\\\/producto\\\/recargas-difusor-de-coche-lolita-lempicka-sweet-maison-berger\\\/#breadcrumb\",\"itemListElement\":[{\"@type\":\"ListItem\",\"position\":1,\"name\":\"Portada\",\"item\":\"https:\\\/\\\/www.mentaymora.com\\\/\"},{\"@type\":\"ListItem\",\"position\":2,\"name\":\"Productos\",\"item\":\"https:\\\/\\\/www.mentaymora.com\\\/index.php\\\/tienda\\\/\"},{\"@type\":\"ListItem\",\"position\":3,\"name\":\"Recargas difusor de coche Lolita Lempicka Sweet &#8211; Maison Berger\"}]},{\"@type\":\"WebSite\",\"@id\":\"https:\\\/\\\/www.mentaymora.com\\\/#website\",\"url\":\"https:\\\/\\\/www.mentaymora.com\\\/\",\"name\":\"Menta y Mora\",\"description\":\"Regalos y Complementos\",\"publisher\":{\"@id\":\"https:\\\/\\\/www.mentaymora.com\\\/#organization\"},\"potentialAction\":[{\"@type\":\"SearchAction\",\"target\":{\"@type\":\"EntryPoint\",\"urlTemplate\":\"https:\\\/\\\/www.mentaymora.com\\\/?s={search_term_string}\"},\"query-input\":{\"@type\":\"PropertyValueSpecification\",\"valueRequired\":true,\"valueName\":\"search_term_string\"}}],\"inLanguage\":\"es\"},{\"@type\":\"Organization\",\"@id\":\"https:\\\/\\\/www.mentaymora.com\\\/#organization\",\"name\":\"Menta y Mora\",\"url\":\"https:\\\/\\\/www.mentaymora.com\\\/\",\"logo\":{\"@type\":\"ImageObject\",\"inLanguage\":\"es\",\"@id\":\"https:\\\/\\\/www.mentaymora.com\\\/#\\\/schema\\\/logo\\\/image\\\/\",\"url\":\"https:\\\/\\\/www.mentaymora.com\\\/wp-content\\\/uploads\\\/2021\\\/07\\\/Logo.jpg\",\"contentUrl\":\"https:\\\/\\\/www.mentaymora.com\\\/wp-content\\\/uploads\\\/2021\\\/07\\\/Logo.jpg\",\"width\":1172,\"height\":1172,\"caption\":\"Menta y Mora\"},\"image\":{\"@id\":\"https:\\\/\\\/www.mentaymora.com\\\/#\\\/schema\\\/logo\\\/image\\\/\"},\"sameAs\":[\"https:\\\/\\\/es-es.facebook.com\\\/MentayMora\\\/\",\"https:\\\/\\\/www.instagram.com\\\/mentaymora.illescas\\\/?hl=es\",\"https:\\\/\\\/www.youtube.com\\\/channel\\\/UCuMMtdck_1XS-MyW6ZnBAlw\"]}]}<\/script>\n<!-- \/ Yoast SEO plugin. -->","yoast_head_json":{"title":"Recargas difusor de coche Lolita Lempicka Sweet - Maison Berger - Menta y Mora","description":"Recargas difusor de coche Lolita Lempicka Sweet - Maison Berger Las recargas difusor de coche Lolita Lempicka Sweet de Maison Berger Paris","robots":{"index":"index","follow":"follow","max-snippet":"max-snippet:-1","max-image-preview":"max-image-preview:large","max-video-preview":"max-video-preview:-1"},"canonical":"https:\/\/www.mentaymora.com\/index.php\/producto\/recargas-difusor-de-coche-lolita-lempicka-sweet-maison-berger\/","og_locale":"es_ES","og_type":"article","og_title":"Recargas difusor de coche Lolita Lempicka Sweet - Maison Berger - Menta y Mora","og_description":"Recargas difusor de coche Lolita Lempicka Sweet - Maison Berger Las recargas difusor de coche Lolita Lempicka Sweet de Maison Berger Paris","og_url":"https:\/\/www.mentaymora.com\/index.php\/producto\/recargas-difusor-de-coche-lolita-lempicka-sweet-maison-berger\/","og_site_name":"Menta y Mora","article_publisher":"https:\/\/es-es.facebook.com\/MentayMora\/","article_modified_time":"2025-10-19T14:43:28+00:00","og_image":[{"width":1200,"height":1200,"url":"https:\/\/www.mentaymora.com\/wp-content\/uploads\/2025\/10\/recarga-coche-lolita-lempicka-sweet.png","type":"image\/png"}],"twitter_card":"summary_large_image","twitter_misc":{"Tiempo de lectura":"1 minuto"},"schema":{"@context":"https:\/\/schema.org","@graph":[{"@type":"WebPage","@id":"https:\/\/www.mentaymora.com\/index.php\/producto\/recargas-difusor-de-coche-lolita-lempicka-sweet-maison-berger\/","url":"https:\/\/www.mentaymora.com\/index.php\/producto\/recargas-difusor-de-coche-lolita-lempicka-sweet-maison-berger\/","name":"Recargas difusor de coche Lolita Lempicka Sweet - Maison Berger - Menta y Mora","isPartOf":{"@id":"https:\/\/www.mentaymora.com\/#website"},"primaryImageOfPage":{"@id":"https:\/\/www.mentaymora.com\/index.php\/producto\/recargas-difusor-de-coche-lolita-lempicka-sweet-maison-berger\/#primaryimage"},"image":{"@id":"https:\/\/www.mentaymora.com\/index.php\/producto\/recargas-difusor-de-coche-lolita-lempicka-sweet-maison-berger\/#primaryimage"},"thumbnailUrl":"https:\/\/www.mentaymora.com\/wp-content\/uploads\/2025\/10\/recarga-coche-lolita-lempicka-sweet.png","datePublished":"2025-10-19T14:39:38+00:00","dateModified":"2025-10-19T14:43:28+00:00","description":"Recargas difusor de coche Lolita Lempicka Sweet - Maison Berger Las recargas difusor de coche Lolita Lempicka Sweet de Maison Berger Paris","breadcrumb":{"@id":"https:\/\/www.mentaymora.com\/index.php\/producto\/recargas-difusor-de-coche-lolita-lempicka-sweet-maison-berger\/#breadcrumb"},"inLanguage":"es","potentialAction":[{"@type":"ReadAction","target":["https:\/\/www.mentaymora.com\/index.php\/producto\/recargas-difusor-de-coche-lolita-lempicka-sweet-maison-berger\/"]}]},{"@type":"ImageObject","inLanguage":"es","@id":"https:\/\/www.mentaymora.com\/index.php\/producto\/recargas-difusor-de-coche-lolita-lempicka-sweet-maison-berger\/#primaryimage","url":"https:\/\/www.mentaymora.com\/wp-content\/uploads\/2025\/10\/recarga-coche-lolita-lempicka-sweet.png","contentUrl":"https:\/\/www.mentaymora.com\/wp-content\/uploads\/2025\/10\/recarga-coche-lolita-lempicka-sweet.png","width":1200,"height":1200,"caption":"recarga coche lolita lempicka sweet"},{"@type":"BreadcrumbList","@id":"https:\/\/www.mentaymora.com\/index.php\/producto\/recargas-difusor-de-coche-lolita-lempicka-sweet-maison-berger\/#breadcrumb","itemListElement":[{"@type":"ListItem","position":1,"name":"Portada","item":"https:\/\/www.mentaymora.com\/"},{"@type":"ListItem","position":2,"name":"Productos","item":"https:\/\/www.mentaymora.com\/index.php\/tienda\/"},{"@type":"ListItem","position":3,"name":"Recargas difusor de coche Lolita Lempicka Sweet &#8211; Maison Berger"}]},{"@type":"WebSite","@id":"https:\/\/www.mentaymora.com\/#website","url":"https:\/\/www.mentaymora.com\/","name":"Menta y Mora","description":"Regalos y Complementos","publisher":{"@id":"https:\/\/www.mentaymora.com\/#organization"},"potentialAction":[{"@type":"SearchAction","target":{"@type":"EntryPoint","urlTemplate":"https:\/\/www.mentaymora.com\/?s={search_term_string}"},"query-input":{"@type":"PropertyValueSpecification","valueRequired":true,"valueName":"search_term_string"}}],"inLanguage":"es"},{"@type":"Organization","@id":"https:\/\/www.mentaymora.com\/#organization","name":"Menta y Mora","url":"https:\/\/www.mentaymora.com\/","logo":{"@type":"ImageObject","inLanguage":"es","@id":"https:\/\/www.mentaymora.com\/#\/schema\/logo\/image\/","url":"https:\/\/www.mentaymora.com\/wp-content\/uploads\/2021\/07\/Logo.jpg","contentUrl":"https:\/\/www.mentaymora.com\/wp-content\/uploads\/2021\/07\/Logo.jpg","width":1172,"height":1172,"caption":"Menta y Mora"},"image":{"@id":"https:\/\/www.mentaymora.com\/#\/schema\/logo\/image\/"},"sameAs":["https:\/\/es-es.facebook.com\/MentayMora\/","https:\/\/www.instagram.com\/mentaymora.illescas\/?hl=es","https:\/\/www.youtube.com\/channel\/UCuMMtdck_1XS-MyW6ZnBAlw"]}]}},"_links":{"self":[{"href":"https:\/\/www.mentaymora.com\/index.php\/wp-json\/wp\/v2\/product\/20053","targetHints":{"allow":["GET"]}}],"collection":[{"href":"https:\/\/www.mentaymora.com\/index.php\/wp-json\/wp\/v2\/product"}],"about":[{"href":"https:\/\/www.mentaymora.com\/index.php\/wp-json\/wp\/v2\/types\/product"}],"replies":[{"embeddable":true,"href":"https:\/\/www.mentaymora.com\/index.php\/wp-json\/wp\/v2\/comments?post=20053"}],"wp:featuredmedia":[{"embeddable":true,"href":"https:\/\/www.mentaymora.com\/index.php\/wp-json\/wp\/v2\/media\/20054"}],"wp:attachment":[{"href":"https:\/\/www.mentaymora.com\/index.php\/wp-json\/wp\/v2\/media?parent=20053"}],"wp:term":[{"taxonomy":"product_brand","embeddable":true,"href":"https:\/\/www.mentaymora.com\/index.php\/wp-json\/wp\/v2\/product_brand?post=20053"},{"taxonomy":"product_cat","embeddable":true,"href":"https:\/\/www.mentaymora.com\/index.php\/wp-json\/wp\/v2\/product_cat?post=20053"},{"taxonomy":"product_tag","embeddable":true,"href":"https:\/\/www.mentaymora.com\/index.php\/wp-json\/wp\/v2\/product_tag?post=20053"}],"curies":[{"name":"wp","href":"https:\/\/api.w.org\/{rel}","templated":true}]}}