{"id":20070,"date":"2025-10-19T16:15:06","date_gmt":"2025-10-19T15:15:06","guid":{"rendered":"https:\/\/www.mentaymora.com\/?post_type=product&#038;p=20070"},"modified":"2025-10-19T16:20:38","modified_gmt":"2025-10-19T15:20:38","slug":"lampara-berger-cannelo-paprika-maison-berger","status":"publish","type":"product","link":"https:\/\/www.mentaymora.com\/index.php\/producto\/lampara-berger-cannelo-paprika-maison-berger\/","title":{"rendered":"L\u00e1mpara Berger Cannelo Paprika &#8211; Maison Berger"},"content":{"rendered":"<p>L\u00e1mpara Berger Cannelo Paprika &#8211; Maison Berger<\/p>\n<p data-start=\"518\" data-end=\"848\">La <strong data-start=\"521\" data-end=\"555\">L\u00e1mpara Berger Cannelo Paprika<\/strong> es una pieza decorativa \u00fanica de la colecci\u00f3n <strong data-start=\"602\" data-end=\"613\">Cannelo<\/strong>, dise\u00f1ada por <strong data-start=\"628\" data-end=\"637\">DeVog<\/strong>, que combina delicadeza, modernidad y elegancia. Su inspiraci\u00f3n en el motivo acanalado actual le otorga un car\u00e1cter distintivo, mientras que su dise\u00f1o redondeado transmite una sensaci\u00f3n de suavidad y armon\u00eda.<\/p>\n<p data-start=\"850\" data-end=\"1056\">El intenso tono <strong data-start=\"866\" data-end=\"877\">paprika<\/strong> de su vidrio lacado a\u00f1ade calidez y convierte cualquier estancia en un espacio acogedor, mientras que la textura gofrada en relieve aporta ritmo y refinamiento a la decoraci\u00f3n.<\/p>\n<p data-start=\"1058\" data-end=\"1297\">M\u00e1s all\u00e1 de su atractivo est\u00e9tico, la l\u00e1mpara catal\u00edtica Berger ofrece los beneficios de su sistema exclusivo: <strong data-start=\"1169\" data-end=\"1213\">purifica el aire eliminando malos olores<\/strong> y difunde la fragancia que elijas, creando un ambiente saludable y personalizado.<\/p>\n<h4 data-start=\"1299\" data-end=\"1334\">Caracter\u00edsticas principales:<\/h4>\n<ul data-start=\"1335\" data-end=\"1502\">\n<li data-start=\"1335\" data-end=\"1400\">\n<p data-start=\"1337\" data-end=\"1400\"><strong data-start=\"1337\" data-end=\"1349\">Material<\/strong>: vidrio lacado con textura acanalada en relieve.<\/p>\n<\/li>\n<li data-start=\"1401\" data-end=\"1443\">\n<p data-start=\"1403\" data-end=\"1443\"><strong data-start=\"1403\" data-end=\"1412\">Color<\/strong>: paprika, c\u00e1lido y elegante.<\/p>\n<\/li>\n<li data-start=\"1444\" data-end=\"1470\">\n<p data-start=\"1446\" data-end=\"1470\"><strong data-start=\"1446\" data-end=\"1459\">Capacidad<\/strong>: 284 ml.<\/p>\n<\/li>\n<li data-start=\"1471\" data-end=\"1502\">\n<p data-start=\"1473\" data-end=\"1502\"><strong data-start=\"1473\" data-end=\"1484\">Montura<\/strong>: Cannelo plata.<\/p>\n<\/li>\n<\/ul>\n<p data-start=\"1504\" data-end=\"1687\">La <strong data-start=\"1507\" data-end=\"1541\">L\u00e1mpara Berger Cannelo Paprika<\/strong> es ideal para quienes desean <strong data-start=\"1571\" data-end=\"1612\">unir dise\u00f1o contempor\u00e1neo y bienestar<\/strong>, aportando car\u00e1cter, estilo y una experiencia olfativa \u00fanica a su hogar.<\/p>\n<p data-start=\"1440\" data-end=\"1582\"><a href=\"https:\/\/www.mentaymora.com\/\">Menta y Mora<\/a>\u00a0Te Enamora\u00a0 \u00a0 S\u00edguenos en nuestras RRSS (<a href=\"https:\/\/es-es.facebook.com\/MentayMora\/\">Facebook<\/a>\u00a0e\u00a0<a href=\"https:\/\/www.instagram.com\/mentaymora.illescas\/?hl=es\">Instagram<\/a>)\u00a0 \u00a0 Si tienes alguna consulta,\u00a0<a href=\"mailto:%20info@mentaymora.com\">preg\u00fantanos<\/a>.<\/p>\n","protected":false},"excerpt":{"rendered":"<p data-start=\"191\" data-end=\"271\">La <strong data-start=\"194\" data-end=\"228\">L\u00e1mpara Berger Cannelo Paprika<\/strong> aporta calidez y sofisticaci\u00f3n al hogar.<\/p>\n<ul data-start=\"272\" data-end=\"458\">\n<li data-start=\"272\" data-end=\"341\">\n<p data-start=\"274\" data-end=\"341\">Dise\u00f1o acanalado en vidrio lacado, creado por el dise\u00f1ador DeVog.<\/p>\n<\/li>\n<li data-start=\"342\" data-end=\"393\">\n<p data-start=\"344\" data-end=\"393\">Montura Cannelo plateada y capacidad de 284 ml.<\/p>\n<\/li>\n<li data-start=\"394\" data-end=\"458\">\n<p data-start=\"396\" data-end=\"458\">Purifica y perfuma el aire con un toque decorativo elegante.<\/p>\n<\/li>\n<\/ul>\n","protected":false},"featured_media":20073,"comment_status":"open","ping_status":"closed","template":"","meta":{"_acf_changed":false,"_joinchat":[]},"product_brand":[1611],"product_cat":[1616],"product_tag":[122],"class_list":{"0":"post-20070","1":"product","2":"type-product","3":"status-publish","4":"has-post-thumbnail","6":"product_brand-maison-berger","7":"product_cat-lamparas-cataliticas-mb","8":"product_tag-lampara-catalitica","9":"latest_post","11":"first","12":"instock","13":"taxable","14":"shipping-taxable","15":"purchasable","16":"product-type-simple"},"acf":[],"yoast_head":"<!-- This site is optimized with the Yoast SEO plugin v27.4 - https:\/\/yoast.com\/product\/yoast-seo-wordpress\/ -->\n<title>L\u00e1mpara Berger Cannelo Paprika - Maison Berger - Menta y Mora<\/title>\n<meta name=\"description\" content=\"L\u00e1mpara Berger Cannelo Paprika - Maison Berger La L\u00e1mpara Berger Cannelo Paprika es una pieza decorativa \u00fanica de la colecci\u00f3n Cannelo, dise\u00f1ada por DeVog\" \/>\n<meta name=\"robots\" content=\"index, follow, max-snippet:-1, max-image-preview:large, max-video-preview:-1\" \/>\n<link rel=\"canonical\" href=\"https:\/\/www.mentaymora.com\/index.php\/producto\/lampara-berger-cannelo-paprika-maison-berger\/\" \/>\n<meta property=\"og:locale\" content=\"es_ES\" \/>\n<meta property=\"og:type\" content=\"article\" \/>\n<meta property=\"og:title\" content=\"L\u00e1mpara Berger Cannelo Paprika - Maison Berger - Menta y Mora\" \/>\n<meta property=\"og:description\" content=\"L\u00e1mpara Berger Cannelo Paprika - Maison Berger La L\u00e1mpara Berger Cannelo Paprika es una pieza decorativa \u00fanica de la colecci\u00f3n Cannelo, dise\u00f1ada por DeVog\" \/>\n<meta property=\"og:url\" content=\"https:\/\/www.mentaymora.com\/index.php\/producto\/lampara-berger-cannelo-paprika-maison-berger\/\" \/>\n<meta property=\"og:site_name\" content=\"Menta y Mora\" \/>\n<meta property=\"article:publisher\" content=\"https:\/\/es-es.facebook.com\/MentayMora\/\" \/>\n<meta property=\"article:modified_time\" content=\"2025-10-19T15:20:38+00:00\" \/>\n<meta property=\"og:image\" content=\"https:\/\/www.mentaymora.com\/wp-content\/uploads\/2025\/10\/lampara-catalitica-cannelo-paprika.png\" \/>\n\t<meta property=\"og:image:width\" content=\"1200\" \/>\n\t<meta property=\"og:image:height\" content=\"1200\" \/>\n\t<meta property=\"og:image:type\" content=\"image\/png\" \/>\n<meta name=\"twitter:card\" content=\"summary_large_image\" \/>\n<meta name=\"twitter:label1\" content=\"Tiempo de lectura\" \/>\n\t<meta name=\"twitter:data1\" content=\"2 minutos\" \/>\n<script type=\"application\/ld+json\" class=\"yoast-schema-graph\">{\"@context\":\"https:\\\/\\\/schema.org\",\"@graph\":[{\"@type\":\"WebPage\",\"@id\":\"https:\\\/\\\/www.mentaymora.com\\\/index.php\\\/producto\\\/lampara-berger-cannelo-paprika-maison-berger\\\/\",\"url\":\"https:\\\/\\\/www.mentaymora.com\\\/index.php\\\/producto\\\/lampara-berger-cannelo-paprika-maison-berger\\\/\",\"name\":\"L\u00e1mpara Berger Cannelo Paprika - Maison Berger - Menta y Mora\",\"isPartOf\":{\"@id\":\"https:\\\/\\\/www.mentaymora.com\\\/#website\"},\"primaryImageOfPage\":{\"@id\":\"https:\\\/\\\/www.mentaymora.com\\\/index.php\\\/producto\\\/lampara-berger-cannelo-paprika-maison-berger\\\/#primaryimage\"},\"image\":{\"@id\":\"https:\\\/\\\/www.mentaymora.com\\\/index.php\\\/producto\\\/lampara-berger-cannelo-paprika-maison-berger\\\/#primaryimage\"},\"thumbnailUrl\":\"https:\\\/\\\/www.mentaymora.com\\\/wp-content\\\/uploads\\\/2025\\\/10\\\/lampara-catalitica-cannelo-paprika.png\",\"datePublished\":\"2025-10-19T15:15:06+00:00\",\"dateModified\":\"2025-10-19T15:20:38+00:00\",\"description\":\"L\u00e1mpara Berger Cannelo Paprika - Maison Berger La L\u00e1mpara Berger Cannelo Paprika es una pieza decorativa \u00fanica de la colecci\u00f3n Cannelo, dise\u00f1ada por DeVog\",\"breadcrumb\":{\"@id\":\"https:\\\/\\\/www.mentaymora.com\\\/index.php\\\/producto\\\/lampara-berger-cannelo-paprika-maison-berger\\\/#breadcrumb\"},\"inLanguage\":\"es\",\"potentialAction\":[{\"@type\":\"ReadAction\",\"target\":[\"https:\\\/\\\/www.mentaymora.com\\\/index.php\\\/producto\\\/lampara-berger-cannelo-paprika-maison-berger\\\/\"]}]},{\"@type\":\"ImageObject\",\"inLanguage\":\"es\",\"@id\":\"https:\\\/\\\/www.mentaymora.com\\\/index.php\\\/producto\\\/lampara-berger-cannelo-paprika-maison-berger\\\/#primaryimage\",\"url\":\"https:\\\/\\\/www.mentaymora.com\\\/wp-content\\\/uploads\\\/2025\\\/10\\\/lampara-catalitica-cannelo-paprika.png\",\"contentUrl\":\"https:\\\/\\\/www.mentaymora.com\\\/wp-content\\\/uploads\\\/2025\\\/10\\\/lampara-catalitica-cannelo-paprika.png\",\"width\":1200,\"height\":1200,\"caption\":\"l\u00e1mpara catal\u00edtica cannelo paprika\"},{\"@type\":\"BreadcrumbList\",\"@id\":\"https:\\\/\\\/www.mentaymora.com\\\/index.php\\\/producto\\\/lampara-berger-cannelo-paprika-maison-berger\\\/#breadcrumb\",\"itemListElement\":[{\"@type\":\"ListItem\",\"position\":1,\"name\":\"Portada\",\"item\":\"https:\\\/\\\/www.mentaymora.com\\\/\"},{\"@type\":\"ListItem\",\"position\":2,\"name\":\"Productos\",\"item\":\"https:\\\/\\\/www.mentaymora.com\\\/index.php\\\/tienda\\\/\"},{\"@type\":\"ListItem\",\"position\":3,\"name\":\"L\u00e1mpara Berger Cannelo Paprika &#8211; Maison Berger\"}]},{\"@type\":\"WebSite\",\"@id\":\"https:\\\/\\\/www.mentaymora.com\\\/#website\",\"url\":\"https:\\\/\\\/www.mentaymora.com\\\/\",\"name\":\"Menta y Mora\",\"description\":\"Regalos y Complementos\",\"publisher\":{\"@id\":\"https:\\\/\\\/www.mentaymora.com\\\/#organization\"},\"potentialAction\":[{\"@type\":\"SearchAction\",\"target\":{\"@type\":\"EntryPoint\",\"urlTemplate\":\"https:\\\/\\\/www.mentaymora.com\\\/?s={search_term_string}\"},\"query-input\":{\"@type\":\"PropertyValueSpecification\",\"valueRequired\":true,\"valueName\":\"search_term_string\"}}],\"inLanguage\":\"es\"},{\"@type\":\"Organization\",\"@id\":\"https:\\\/\\\/www.mentaymora.com\\\/#organization\",\"name\":\"Menta y Mora\",\"url\":\"https:\\\/\\\/www.mentaymora.com\\\/\",\"logo\":{\"@type\":\"ImageObject\",\"inLanguage\":\"es\",\"@id\":\"https:\\\/\\\/www.mentaymora.com\\\/#\\\/schema\\\/logo\\\/image\\\/\",\"url\":\"https:\\\/\\\/www.mentaymora.com\\\/wp-content\\\/uploads\\\/2021\\\/07\\\/Logo.jpg\",\"contentUrl\":\"https:\\\/\\\/www.mentaymora.com\\\/wp-content\\\/uploads\\\/2021\\\/07\\\/Logo.jpg\",\"width\":1172,\"height\":1172,\"caption\":\"Menta y Mora\"},\"image\":{\"@id\":\"https:\\\/\\\/www.mentaymora.com\\\/#\\\/schema\\\/logo\\\/image\\\/\"},\"sameAs\":[\"https:\\\/\\\/es-es.facebook.com\\\/MentayMora\\\/\",\"https:\\\/\\\/www.instagram.com\\\/mentaymora.illescas\\\/?hl=es\",\"https:\\\/\\\/www.youtube.com\\\/channel\\\/UCuMMtdck_1XS-MyW6ZnBAlw\"]}]}<\/script>\n<!-- \/ Yoast SEO plugin. -->","yoast_head_json":{"title":"L\u00e1mpara Berger Cannelo Paprika - Maison Berger - Menta y Mora","description":"L\u00e1mpara Berger Cannelo Paprika - Maison Berger La L\u00e1mpara Berger Cannelo Paprika es una pieza decorativa \u00fanica de la colecci\u00f3n Cannelo, dise\u00f1ada por DeVog","robots":{"index":"index","follow":"follow","max-snippet":"max-snippet:-1","max-image-preview":"max-image-preview:large","max-video-preview":"max-video-preview:-1"},"canonical":"https:\/\/www.mentaymora.com\/index.php\/producto\/lampara-berger-cannelo-paprika-maison-berger\/","og_locale":"es_ES","og_type":"article","og_title":"L\u00e1mpara Berger Cannelo Paprika - Maison Berger - Menta y Mora","og_description":"L\u00e1mpara Berger Cannelo Paprika - Maison Berger La L\u00e1mpara Berger Cannelo Paprika es una pieza decorativa \u00fanica de la colecci\u00f3n Cannelo, dise\u00f1ada por DeVog","og_url":"https:\/\/www.mentaymora.com\/index.php\/producto\/lampara-berger-cannelo-paprika-maison-berger\/","og_site_name":"Menta y Mora","article_publisher":"https:\/\/es-es.facebook.com\/MentayMora\/","article_modified_time":"2025-10-19T15:20:38+00:00","og_image":[{"width":1200,"height":1200,"url":"https:\/\/www.mentaymora.com\/wp-content\/uploads\/2025\/10\/lampara-catalitica-cannelo-paprika.png","type":"image\/png"}],"twitter_card":"summary_large_image","twitter_misc":{"Tiempo de lectura":"2 minutos"},"schema":{"@context":"https:\/\/schema.org","@graph":[{"@type":"WebPage","@id":"https:\/\/www.mentaymora.com\/index.php\/producto\/lampara-berger-cannelo-paprika-maison-berger\/","url":"https:\/\/www.mentaymora.com\/index.php\/producto\/lampara-berger-cannelo-paprika-maison-berger\/","name":"L\u00e1mpara Berger Cannelo Paprika - Maison Berger - Menta y Mora","isPartOf":{"@id":"https:\/\/www.mentaymora.com\/#website"},"primaryImageOfPage":{"@id":"https:\/\/www.mentaymora.com\/index.php\/producto\/lampara-berger-cannelo-paprika-maison-berger\/#primaryimage"},"image":{"@id":"https:\/\/www.mentaymora.com\/index.php\/producto\/lampara-berger-cannelo-paprika-maison-berger\/#primaryimage"},"thumbnailUrl":"https:\/\/www.mentaymora.com\/wp-content\/uploads\/2025\/10\/lampara-catalitica-cannelo-paprika.png","datePublished":"2025-10-19T15:15:06+00:00","dateModified":"2025-10-19T15:20:38+00:00","description":"L\u00e1mpara Berger Cannelo Paprika - Maison Berger La L\u00e1mpara Berger Cannelo Paprika es una pieza decorativa \u00fanica de la colecci\u00f3n Cannelo, dise\u00f1ada por DeVog","breadcrumb":{"@id":"https:\/\/www.mentaymora.com\/index.php\/producto\/lampara-berger-cannelo-paprika-maison-berger\/#breadcrumb"},"inLanguage":"es","potentialAction":[{"@type":"ReadAction","target":["https:\/\/www.mentaymora.com\/index.php\/producto\/lampara-berger-cannelo-paprika-maison-berger\/"]}]},{"@type":"ImageObject","inLanguage":"es","@id":"https:\/\/www.mentaymora.com\/index.php\/producto\/lampara-berger-cannelo-paprika-maison-berger\/#primaryimage","url":"https:\/\/www.mentaymora.com\/wp-content\/uploads\/2025\/10\/lampara-catalitica-cannelo-paprika.png","contentUrl":"https:\/\/www.mentaymora.com\/wp-content\/uploads\/2025\/10\/lampara-catalitica-cannelo-paprika.png","width":1200,"height":1200,"caption":"l\u00e1mpara catal\u00edtica cannelo paprika"},{"@type":"BreadcrumbList","@id":"https:\/\/www.mentaymora.com\/index.php\/producto\/lampara-berger-cannelo-paprika-maison-berger\/#breadcrumb","itemListElement":[{"@type":"ListItem","position":1,"name":"Portada","item":"https:\/\/www.mentaymora.com\/"},{"@type":"ListItem","position":2,"name":"Productos","item":"https:\/\/www.mentaymora.com\/index.php\/tienda\/"},{"@type":"ListItem","position":3,"name":"L\u00e1mpara Berger Cannelo Paprika &#8211; Maison Berger"}]},{"@type":"WebSite","@id":"https:\/\/www.mentaymora.com\/#website","url":"https:\/\/www.mentaymora.com\/","name":"Menta y Mora","description":"Regalos y Complementos","publisher":{"@id":"https:\/\/www.mentaymora.com\/#organization"},"potentialAction":[{"@type":"SearchAction","target":{"@type":"EntryPoint","urlTemplate":"https:\/\/www.mentaymora.com\/?s={search_term_string}"},"query-input":{"@type":"PropertyValueSpecification","valueRequired":true,"valueName":"search_term_string"}}],"inLanguage":"es"},{"@type":"Organization","@id":"https:\/\/www.mentaymora.com\/#organization","name":"Menta y Mora","url":"https:\/\/www.mentaymora.com\/","logo":{"@type":"ImageObject","inLanguage":"es","@id":"https:\/\/www.mentaymora.com\/#\/schema\/logo\/image\/","url":"https:\/\/www.mentaymora.com\/wp-content\/uploads\/2021\/07\/Logo.jpg","contentUrl":"https:\/\/www.mentaymora.com\/wp-content\/uploads\/2021\/07\/Logo.jpg","width":1172,"height":1172,"caption":"Menta y Mora"},"image":{"@id":"https:\/\/www.mentaymora.com\/#\/schema\/logo\/image\/"},"sameAs":["https:\/\/es-es.facebook.com\/MentayMora\/","https:\/\/www.instagram.com\/mentaymora.illescas\/?hl=es","https:\/\/www.youtube.com\/channel\/UCuMMtdck_1XS-MyW6ZnBAlw"]}]}},"_links":{"self":[{"href":"https:\/\/www.mentaymora.com\/index.php\/wp-json\/wp\/v2\/product\/20070","targetHints":{"allow":["GET"]}}],"collection":[{"href":"https:\/\/www.mentaymora.com\/index.php\/wp-json\/wp\/v2\/product"}],"about":[{"href":"https:\/\/www.mentaymora.com\/index.php\/wp-json\/wp\/v2\/types\/product"}],"replies":[{"embeddable":true,"href":"https:\/\/www.mentaymora.com\/index.php\/wp-json\/wp\/v2\/comments?post=20070"}],"wp:featuredmedia":[{"embeddable":true,"href":"https:\/\/www.mentaymora.com\/index.php\/wp-json\/wp\/v2\/media\/20073"}],"wp:attachment":[{"href":"https:\/\/www.mentaymora.com\/index.php\/wp-json\/wp\/v2\/media?parent=20070"}],"wp:term":[{"taxonomy":"product_brand","embeddable":true,"href":"https:\/\/www.mentaymora.com\/index.php\/wp-json\/wp\/v2\/product_brand?post=20070"},{"taxonomy":"product_cat","embeddable":true,"href":"https:\/\/www.mentaymora.com\/index.php\/wp-json\/wp\/v2\/product_cat?post=20070"},{"taxonomy":"product_tag","embeddable":true,"href":"https:\/\/www.mentaymora.com\/index.php\/wp-json\/wp\/v2\/product_tag?post=20070"}],"curies":[{"name":"wp","href":"https:\/\/api.w.org\/{rel}","templated":true}]}}