{"id":20173,"date":"2025-11-14T17:48:36","date_gmt":"2025-11-14T16:48:36","guid":{"rendered":"https:\/\/www.mentaymora.com\/?post_type=product&#038;p=20173"},"modified":"2025-11-14T18:21:22","modified_gmt":"2025-11-14T17:21:22","slug":"canastilla-baby-conejitos","status":"publish","type":"product","link":"https:\/\/www.mentaymora.com\/index.php\/producto\/canastilla-baby-conejitos\/","title":{"rendered":"Canastilla Baby CONEJITOS"},"content":{"rendered":"<p>Canastilla Baby CONEJITOS<\/p>\n<p><strong>El Regalo Perfecto para Beb\u00e9s<\/strong><\/p>\n<p>Sorprende a los futuros pap\u00e1s con nuestra\u00a0<strong>Canastilla Baby Conejitos<\/strong>, un detalle encantador y funcional dise\u00f1ado para mimar al beb\u00e9 y a su mam\u00e1. Cada elemento ha sido seleccionado con cari\u00f1o, combinando calidad, suavidad y personalizaci\u00f3n.<\/p>\n<p><strong>Incluye:<\/strong><\/p>\n<ul>\n<li><strong>Manta personalizada<\/strong>\u00a0con el nombre del beb\u00e9, perfecta para abrigarlo con ternura.<\/li>\n<li><strong>Chupetero de silicona<\/strong>\u00a0con dise\u00f1o exclusivo de\u00a0<strong>El Peque\u00f1o Tambor<\/strong>, ideal para sujetar el chupete de forma segura.<\/li>\n<li><strong>Guarda chupete de silicona \u00abTambor\u00bb<\/strong>, pr\u00e1ctico y libre de BPA.<\/li>\n<li><strong>Dulce conejito\/a de peluche<\/strong>\u00a0con el nombre del beb\u00e9 bordado en su oreja, su primer compa\u00f1ero de sue\u00f1os.<\/li>\n<li><strong>Pack de 3 muselinas de algod\u00f3n 80%<\/strong>, suaves y transpirables para m\u00faltiples usos.<\/li>\n<li><strong>Jab\u00f3n natural de rosa mosqueta<\/strong>, un mimo especial para la mam\u00e1.<\/li>\n<li><strong>Saquito perfumado Boles d\u2019Olor<\/strong>, ideal para aromatizar cajones y espacios infantiles.<\/li>\n<li><strong>Cesta alga trenzada<\/strong>\u00a0forrada en tela beige (37 x 27 x 14 cm), reutilizable y decorativa.<\/li>\n<\/ul>\n<p><strong>Un Regalo \u00danico y Especial<\/strong><\/p>\n<p>Nuestra\u00a0<strong>Canastilla Baby Conejitos<\/strong>\u00a0es la opci\u00f3n ideal para baby showers, nacimientos o cualquier ocasi\u00f3n especial. Personalizada, pr\u00e1ctica y con productos de alta calidad, har\u00e1 que tanto el beb\u00e9 como los padres la disfruten al m\u00e1ximo.<\/p>\n<p><strong>Compra ahora y sorprende con un detalle inolvidable.<\/strong><\/p>\n<section class=\"elementor-section elementor-top-section elementor-element elementor-element-6b39aef5 elementor-reverse-mobile elementor-section-full_width elementor-section-height-default elementor-section-height-default\" data-id=\"6b39aef5\" data-element_type=\"section\">\n<div class=\"elementor-container elementor-column-gap-wide\">\n<div class=\"elementor-column elementor-col-100 elementor-top-column elementor-element elementor-element-c1963dd\" data-id=\"c1963dd\" data-element_type=\"column\">\n<div class=\"elementor-widget-wrap elementor-element-populated\">\n<div class=\"elementor-element elementor-element-266d5afc elementor-widget elementor-widget-woocommerce-product-data-tabs\" data-id=\"266d5afc\" data-element_type=\"widget\" data-widget_type=\"woocommerce-product-data-tabs.default\">\n<div class=\"elementor-widget-container\">\n<div class=\"woocommerce-tabs wc-tabs-wrapper\">\n<div id=\"tab-description\" class=\"woocommerce-Tabs-panel woocommerce-Tabs-panel--description panel entry-content wc-tab\" role=\"tabpanel\" aria-labelledby=\"tab-title-description\">\n<p style=\"text-align: center;\"><a href=\"https:\/\/www.mentaymora.com\/\">Menta y Mora<\/a>\u00a0Te Enamora\u00a0 \u00a0 \u00a0 S\u00edguenos en nuestras RRSS (<a href=\"https:\/\/es-es.facebook.com\/MentayMora\/\">Facebook<\/a>\u00a0e\u00a0<a href=\"https:\/\/www.instagram.com\/mentaymora.illescas\/?hl=es\">Instagram<\/a>)\u00a0 \u00a0 \u00a0 \u00a0Si tienes alguna consulta,\u00a0<a href=\"mailto:%20info@mentaymora.com\">preg\u00fantanos<\/a>.<\/p>\n<\/div>\n<\/div>\n<\/div>\n<\/div>\n<\/div>\n<\/div>\n<\/div>\n<\/section>\n","protected":false},"excerpt":{"rendered":"<p>Nuestra\u00a0<strong>Canastilla Baby Conejitos<\/strong>\u00a0es la opci\u00f3n ideal para baby showers, nacimientos o cualquier ocasi\u00f3n especial.<\/p>\n<p>Personalizada, pr\u00e1ctica y con productos de alta calidad, har\u00e1 que tanto el beb\u00e9 como los padres la disfruten al m\u00e1ximo.<\/p>\n<div class=\"elementor-element elementor-element-1824955 elementor-widget elementor-widget-woocommerce-product-short-description\" data-id=\"1824955\" data-element_type=\"widget\" data-widget_type=\"woocommerce-product-short-description.default\">\n<div class=\"elementor-widget-container\">\n<div class=\"woocommerce-product-details__short-description\">\n<div class=\"elementor-element elementor-element-1824955 elementor-widget elementor-widget-woocommerce-product-short-description\" data-id=\"1824955\" data-element_type=\"widget\" data-widget_type=\"woocommerce-product-short-description.default\">\n<div class=\"elementor-widget-container\">\n<div class=\"woocommerce-product-details__short-description\">\n<ul>\n<li><strong>Tiempo de env\u00edo:<\/strong>\u00a02-3 d\u00edas h\u00e1biles.<\/li>\n<\/ul>\n<p><span style=\"color: #ff0000;\"><strong>Selecciona todas las opciones para poder a\u00f1adir tu producto al carrito<\/strong><\/span><\/p>\n<\/div>\n<\/div>\n<\/div>\n<\/div>\n<\/div>\n<\/div>\n","protected":false},"featured_media":20174,"comment_status":"open","ping_status":"closed","template":"","meta":{"_acf_changed":false,"_joinchat":[]},"product_brand":[1539],"product_cat":[1659],"product_tag":[331,869],"class_list":{"0":"post-20173","1":"product","2":"type-product","3":"status-publish","4":"has-post-thumbnail","6":"product_brand-menta-y-mora","7":"product_cat-canastillas-de-80-a-120-e","8":"product_tag-bebe","9":"product_tag-canastilla","10":"latest_post","12":"first","13":"instock","14":"taxable","15":"shipping-taxable","16":"purchasable","17":"product-type-variable"},"acf":[],"yoast_head":"<!-- This site is optimized with the Yoast SEO plugin v27.4 - https:\/\/yoast.com\/product\/yoast-seo-wordpress\/ -->\n<title>Canastilla Baby CONEJITOS - Menta y Mora<\/title>\n<meta name=\"description\" content=\"Canastilla Baby CONEJITOS El Regalo Perfecto para Beb\u00e9s Sorprende a los futuros pap\u00e1s con nuestra\u00a0Canastilla Baby Conejitos, un detalle encantador y ...\" \/>\n<meta name=\"robots\" content=\"index, follow, max-snippet:-1, max-image-preview:large, max-video-preview:-1\" \/>\n<link rel=\"canonical\" href=\"https:\/\/www.mentaymora.com\/index.php\/producto\/canastilla-baby-conejitos\/\" \/>\n<meta property=\"og:locale\" content=\"es_ES\" \/>\n<meta property=\"og:type\" content=\"article\" \/>\n<meta property=\"og:title\" content=\"Canastilla Baby CONEJITOS - Menta y Mora\" \/>\n<meta property=\"og:description\" content=\"Canastilla Baby CONEJITOS El Regalo Perfecto para Beb\u00e9s Sorprende a los futuros pap\u00e1s con nuestra\u00a0Canastilla Baby Conejitos, un detalle encantador y ...\" \/>\n<meta property=\"og:url\" content=\"https:\/\/www.mentaymora.com\/index.php\/producto\/canastilla-baby-conejitos\/\" \/>\n<meta property=\"og:site_name\" content=\"Menta y Mora\" \/>\n<meta property=\"article:publisher\" content=\"https:\/\/es-es.facebook.com\/MentayMora\/\" \/>\n<meta property=\"article:modified_time\" content=\"2025-11-14T17:21:22+00:00\" \/>\n<meta property=\"og:image\" content=\"https:\/\/www.mentaymora.com\/wp-content\/uploads\/2025\/11\/canastilla_baby_conejitos.jpg\" \/>\n\t<meta property=\"og:image:width\" content=\"900\" \/>\n\t<meta property=\"og:image:height\" content=\"1200\" \/>\n\t<meta property=\"og:image:type\" content=\"image\/jpeg\" \/>\n<meta name=\"twitter:card\" content=\"summary_large_image\" \/>\n<meta name=\"twitter:label1\" content=\"Tiempo de lectura\" \/>\n\t<meta name=\"twitter:data1\" content=\"2 minutos\" \/>\n<script type=\"application\/ld+json\" class=\"yoast-schema-graph\">{\"@context\":\"https:\\\/\\\/schema.org\",\"@graph\":[{\"@type\":\"WebPage\",\"@id\":\"https:\\\/\\\/www.mentaymora.com\\\/index.php\\\/producto\\\/canastilla-baby-conejitos\\\/\",\"url\":\"https:\\\/\\\/www.mentaymora.com\\\/index.php\\\/producto\\\/canastilla-baby-conejitos\\\/\",\"name\":\"Canastilla Baby CONEJITOS - Menta y Mora\",\"isPartOf\":{\"@id\":\"https:\\\/\\\/www.mentaymora.com\\\/#website\"},\"primaryImageOfPage\":{\"@id\":\"https:\\\/\\\/www.mentaymora.com\\\/index.php\\\/producto\\\/canastilla-baby-conejitos\\\/#primaryimage\"},\"image\":{\"@id\":\"https:\\\/\\\/www.mentaymora.com\\\/index.php\\\/producto\\\/canastilla-baby-conejitos\\\/#primaryimage\"},\"thumbnailUrl\":\"https:\\\/\\\/www.mentaymora.com\\\/wp-content\\\/uploads\\\/2025\\\/11\\\/canastilla_baby_conejitos.jpg\",\"datePublished\":\"2025-11-14T16:48:36+00:00\",\"dateModified\":\"2025-11-14T17:21:22+00:00\",\"description\":\"Canastilla Baby CONEJITOS El Regalo Perfecto para Beb\u00e9s Sorprende a los futuros pap\u00e1s con nuestra\u00a0Canastilla Baby Conejitos, un detalle encantador y ...\",\"breadcrumb\":{\"@id\":\"https:\\\/\\\/www.mentaymora.com\\\/index.php\\\/producto\\\/canastilla-baby-conejitos\\\/#breadcrumb\"},\"inLanguage\":\"es\",\"potentialAction\":[{\"@type\":\"ReadAction\",\"target\":[\"https:\\\/\\\/www.mentaymora.com\\\/index.php\\\/producto\\\/canastilla-baby-conejitos\\\/\"]}]},{\"@type\":\"ImageObject\",\"inLanguage\":\"es\",\"@id\":\"https:\\\/\\\/www.mentaymora.com\\\/index.php\\\/producto\\\/canastilla-baby-conejitos\\\/#primaryimage\",\"url\":\"https:\\\/\\\/www.mentaymora.com\\\/wp-content\\\/uploads\\\/2025\\\/11\\\/canastilla_baby_conejitos.jpg\",\"contentUrl\":\"https:\\\/\\\/www.mentaymora.com\\\/wp-content\\\/uploads\\\/2025\\\/11\\\/canastilla_baby_conejitos.jpg\",\"width\":900,\"height\":1200,\"caption\":\"canastilla baby conejitos\"},{\"@type\":\"BreadcrumbList\",\"@id\":\"https:\\\/\\\/www.mentaymora.com\\\/index.php\\\/producto\\\/canastilla-baby-conejitos\\\/#breadcrumb\",\"itemListElement\":[{\"@type\":\"ListItem\",\"position\":1,\"name\":\"Portada\",\"item\":\"https:\\\/\\\/www.mentaymora.com\\\/\"},{\"@type\":\"ListItem\",\"position\":2,\"name\":\"Productos\",\"item\":\"https:\\\/\\\/www.mentaymora.com\\\/index.php\\\/tienda\\\/\"},{\"@type\":\"ListItem\",\"position\":3,\"name\":\"Canastilla Baby CONEJITOS\"}]},{\"@type\":\"WebSite\",\"@id\":\"https:\\\/\\\/www.mentaymora.com\\\/#website\",\"url\":\"https:\\\/\\\/www.mentaymora.com\\\/\",\"name\":\"Menta y Mora\",\"description\":\"Regalos y Complementos\",\"publisher\":{\"@id\":\"https:\\\/\\\/www.mentaymora.com\\\/#organization\"},\"potentialAction\":[{\"@type\":\"SearchAction\",\"target\":{\"@type\":\"EntryPoint\",\"urlTemplate\":\"https:\\\/\\\/www.mentaymora.com\\\/?s={search_term_string}\"},\"query-input\":{\"@type\":\"PropertyValueSpecification\",\"valueRequired\":true,\"valueName\":\"search_term_string\"}}],\"inLanguage\":\"es\"},{\"@type\":\"Organization\",\"@id\":\"https:\\\/\\\/www.mentaymora.com\\\/#organization\",\"name\":\"Menta y Mora\",\"url\":\"https:\\\/\\\/www.mentaymora.com\\\/\",\"logo\":{\"@type\":\"ImageObject\",\"inLanguage\":\"es\",\"@id\":\"https:\\\/\\\/www.mentaymora.com\\\/#\\\/schema\\\/logo\\\/image\\\/\",\"url\":\"https:\\\/\\\/www.mentaymora.com\\\/wp-content\\\/uploads\\\/2021\\\/07\\\/Logo.jpg\",\"contentUrl\":\"https:\\\/\\\/www.mentaymora.com\\\/wp-content\\\/uploads\\\/2021\\\/07\\\/Logo.jpg\",\"width\":1172,\"height\":1172,\"caption\":\"Menta y Mora\"},\"image\":{\"@id\":\"https:\\\/\\\/www.mentaymora.com\\\/#\\\/schema\\\/logo\\\/image\\\/\"},\"sameAs\":[\"https:\\\/\\\/es-es.facebook.com\\\/MentayMora\\\/\",\"https:\\\/\\\/www.instagram.com\\\/mentaymora.illescas\\\/?hl=es\",\"https:\\\/\\\/www.youtube.com\\\/channel\\\/UCuMMtdck_1XS-MyW6ZnBAlw\"]}]}<\/script>\n<!-- \/ Yoast SEO plugin. -->","yoast_head_json":{"title":"Canastilla Baby CONEJITOS - Menta y Mora","description":"Canastilla Baby CONEJITOS El Regalo Perfecto para Beb\u00e9s Sorprende a los futuros pap\u00e1s con nuestra\u00a0Canastilla Baby Conejitos, un detalle encantador y ...","robots":{"index":"index","follow":"follow","max-snippet":"max-snippet:-1","max-image-preview":"max-image-preview:large","max-video-preview":"max-video-preview:-1"},"canonical":"https:\/\/www.mentaymora.com\/index.php\/producto\/canastilla-baby-conejitos\/","og_locale":"es_ES","og_type":"article","og_title":"Canastilla Baby CONEJITOS - Menta y Mora","og_description":"Canastilla Baby CONEJITOS El Regalo Perfecto para Beb\u00e9s Sorprende a los futuros pap\u00e1s con nuestra\u00a0Canastilla Baby Conejitos, un detalle encantador y ...","og_url":"https:\/\/www.mentaymora.com\/index.php\/producto\/canastilla-baby-conejitos\/","og_site_name":"Menta y Mora","article_publisher":"https:\/\/es-es.facebook.com\/MentayMora\/","article_modified_time":"2025-11-14T17:21:22+00:00","og_image":[{"width":900,"height":1200,"url":"https:\/\/www.mentaymora.com\/wp-content\/uploads\/2025\/11\/canastilla_baby_conejitos.jpg","type":"image\/jpeg"}],"twitter_card":"summary_large_image","twitter_misc":{"Tiempo de lectura":"2 minutos"},"schema":{"@context":"https:\/\/schema.org","@graph":[{"@type":"WebPage","@id":"https:\/\/www.mentaymora.com\/index.php\/producto\/canastilla-baby-conejitos\/","url":"https:\/\/www.mentaymora.com\/index.php\/producto\/canastilla-baby-conejitos\/","name":"Canastilla Baby CONEJITOS - Menta y Mora","isPartOf":{"@id":"https:\/\/www.mentaymora.com\/#website"},"primaryImageOfPage":{"@id":"https:\/\/www.mentaymora.com\/index.php\/producto\/canastilla-baby-conejitos\/#primaryimage"},"image":{"@id":"https:\/\/www.mentaymora.com\/index.php\/producto\/canastilla-baby-conejitos\/#primaryimage"},"thumbnailUrl":"https:\/\/www.mentaymora.com\/wp-content\/uploads\/2025\/11\/canastilla_baby_conejitos.jpg","datePublished":"2025-11-14T16:48:36+00:00","dateModified":"2025-11-14T17:21:22+00:00","description":"Canastilla Baby CONEJITOS El Regalo Perfecto para Beb\u00e9s Sorprende a los futuros pap\u00e1s con nuestra\u00a0Canastilla Baby Conejitos, un detalle encantador y ...","breadcrumb":{"@id":"https:\/\/www.mentaymora.com\/index.php\/producto\/canastilla-baby-conejitos\/#breadcrumb"},"inLanguage":"es","potentialAction":[{"@type":"ReadAction","target":["https:\/\/www.mentaymora.com\/index.php\/producto\/canastilla-baby-conejitos\/"]}]},{"@type":"ImageObject","inLanguage":"es","@id":"https:\/\/www.mentaymora.com\/index.php\/producto\/canastilla-baby-conejitos\/#primaryimage","url":"https:\/\/www.mentaymora.com\/wp-content\/uploads\/2025\/11\/canastilla_baby_conejitos.jpg","contentUrl":"https:\/\/www.mentaymora.com\/wp-content\/uploads\/2025\/11\/canastilla_baby_conejitos.jpg","width":900,"height":1200,"caption":"canastilla baby conejitos"},{"@type":"BreadcrumbList","@id":"https:\/\/www.mentaymora.com\/index.php\/producto\/canastilla-baby-conejitos\/#breadcrumb","itemListElement":[{"@type":"ListItem","position":1,"name":"Portada","item":"https:\/\/www.mentaymora.com\/"},{"@type":"ListItem","position":2,"name":"Productos","item":"https:\/\/www.mentaymora.com\/index.php\/tienda\/"},{"@type":"ListItem","position":3,"name":"Canastilla Baby CONEJITOS"}]},{"@type":"WebSite","@id":"https:\/\/www.mentaymora.com\/#website","url":"https:\/\/www.mentaymora.com\/","name":"Menta y Mora","description":"Regalos y Complementos","publisher":{"@id":"https:\/\/www.mentaymora.com\/#organization"},"potentialAction":[{"@type":"SearchAction","target":{"@type":"EntryPoint","urlTemplate":"https:\/\/www.mentaymora.com\/?s={search_term_string}"},"query-input":{"@type":"PropertyValueSpecification","valueRequired":true,"valueName":"search_term_string"}}],"inLanguage":"es"},{"@type":"Organization","@id":"https:\/\/www.mentaymora.com\/#organization","name":"Menta y Mora","url":"https:\/\/www.mentaymora.com\/","logo":{"@type":"ImageObject","inLanguage":"es","@id":"https:\/\/www.mentaymora.com\/#\/schema\/logo\/image\/","url":"https:\/\/www.mentaymora.com\/wp-content\/uploads\/2021\/07\/Logo.jpg","contentUrl":"https:\/\/www.mentaymora.com\/wp-content\/uploads\/2021\/07\/Logo.jpg","width":1172,"height":1172,"caption":"Menta y Mora"},"image":{"@id":"https:\/\/www.mentaymora.com\/#\/schema\/logo\/image\/"},"sameAs":["https:\/\/es-es.facebook.com\/MentayMora\/","https:\/\/www.instagram.com\/mentaymora.illescas\/?hl=es","https:\/\/www.youtube.com\/channel\/UCuMMtdck_1XS-MyW6ZnBAlw"]}]}},"_links":{"self":[{"href":"https:\/\/www.mentaymora.com\/index.php\/wp-json\/wp\/v2\/product\/20173","targetHints":{"allow":["GET"]}}],"collection":[{"href":"https:\/\/www.mentaymora.com\/index.php\/wp-json\/wp\/v2\/product"}],"about":[{"href":"https:\/\/www.mentaymora.com\/index.php\/wp-json\/wp\/v2\/types\/product"}],"replies":[{"embeddable":true,"href":"https:\/\/www.mentaymora.com\/index.php\/wp-json\/wp\/v2\/comments?post=20173"}],"wp:featuredmedia":[{"embeddable":true,"href":"https:\/\/www.mentaymora.com\/index.php\/wp-json\/wp\/v2\/media\/20174"}],"wp:attachment":[{"href":"https:\/\/www.mentaymora.com\/index.php\/wp-json\/wp\/v2\/media?parent=20173"}],"wp:term":[{"taxonomy":"product_brand","embeddable":true,"href":"https:\/\/www.mentaymora.com\/index.php\/wp-json\/wp\/v2\/product_brand?post=20173"},{"taxonomy":"product_cat","embeddable":true,"href":"https:\/\/www.mentaymora.com\/index.php\/wp-json\/wp\/v2\/product_cat?post=20173"},{"taxonomy":"product_tag","embeddable":true,"href":"https:\/\/www.mentaymora.com\/index.php\/wp-json\/wp\/v2\/product_tag?post=20173"}],"curies":[{"name":"wp","href":"https:\/\/api.w.org\/{rel}","templated":true}]}}