{"id":20188,"date":"2025-11-14T18:17:19","date_gmt":"2025-11-14T17:17:19","guid":{"rendered":"https:\/\/www.mentaymora.com\/?post_type=product&#038;p=20188"},"modified":"2025-11-14T18:19:44","modified_gmt":"2025-11-14T17:19:44","slug":"canastilla-bandeja-baby-superior-2","status":"publish","type":"product","link":"https:\/\/www.mentaymora.com\/index.php\/producto\/canastilla-bandeja-baby-superior-2\/","title":{"rendered":"Canastilla Bandeja BABY SUPERIOR"},"content":{"rendered":"<p>Canastilla Bandeja BABY SUPERIOR<\/p>\n<p>La\u00a0<strong>Canastilla Bandeja BABY SUPERIOR<\/strong>\u00a0es el regalo perfecto para dar la bienvenida al beb\u00e9 con una selecci\u00f3n de productos premium. Con art\u00edculos esenciales para el cuidado del reci\u00e9n nacido y un toque especial para la mam\u00e1, esta canastilla es sin\u00f3nimo de calidad, confort y elegancia.<\/p>\n<p><strong>Incluye:<\/strong><\/p>\n<ul>\n<li><strong>Agua de colonia sin alcohol Don Algod\u00f3n<\/strong>, delicada y fresca para el beb\u00e9.<\/li>\n<li><strong>Bandeja de rafia blanca<\/strong>\u00a0con lazos laterales (35 x 61 x 9 cm), ideal para decorar y reutilizar.<\/li>\n<li><strong>Capa de ba\u00f1o 100% algod\u00f3n<\/strong>\u00a0(100 x 100 cm), perfecta para secar al beb\u00e9 con suavidad.<\/li>\n<li><strong>Conjunto de 3 bandanas de algod\u00f3n<\/strong>, imprescindibles para el d\u00eda a d\u00eda.<\/li>\n<li><strong>Cosm\u00e9tica infantil BIO \u2013 Little Siberica<\/strong>, con:\n<ul>\n<li>Crema facial protectora.<\/li>\n<li>Crema para el pa\u00f1al.<\/li>\n<li>Gel infantil suave.<\/li>\n<li>Leche corporal hidratante.<\/li>\n<\/ul>\n<\/li>\n<li><strong>Jab\u00f3n natural de rosa mosqueta<\/strong>, un detalle especial para la mam\u00e1.<\/li>\n<li><strong>Pack de 3 muselinas (80 x 80 cm) 100% algod\u00f3n<\/strong>, vers\u00e1tiles y suaves para el cuidado del beb\u00e9.<\/li>\n<li><strong>Sachet perfumado Don Algod\u00f3n<\/strong>, ideal para aromatizar cajones y armarios.<\/li>\n<li><strong>Set de manta y dou dou bordados<\/strong>, los compa\u00f1eros de sue\u00f1o perfectos para el beb\u00e9.<\/li>\n<li><strong>Tarjet\u00f3n de felicitaci\u00f3n<\/strong>, para dedicar un mensaje especial.<\/li>\n<li><strong>Presentaci\u00f3n elegante<\/strong>, envuelta en papel celof\u00e1n con lazo a juego, lista para regalar.<\/li>\n<\/ul>\n<p><strong>Un Regalo Sofisticado y Funcional<\/strong><\/p>\n<p>La\u00a0<strong>Canastilla Baby SUPERIOR<\/strong> es la elecci\u00f3n ideal para sorprender en nacimientos o baby showers. Con un dise\u00f1o refinado y productos de alta calidad, este regalo es perfecto para consentir al beb\u00e9 y a su familia.<\/p>\n<section class=\"elementor-section elementor-top-section elementor-element elementor-element-d73550a elementor-section-full_width elementor-section-height-default elementor-section-height-default\" data-id=\"d73550a\" data-element_type=\"section\">\n<div class=\"elementor-container elementor-column-gap-default\">\n<div class=\"elementor-column elementor-col-100 elementor-top-column elementor-element elementor-element-e2d3dab\" data-id=\"e2d3dab\" data-element_type=\"column\">\n<div class=\"elementor-widget-wrap elementor-element-populated\">\n<div class=\"elementor-element elementor-element-355db185 elementor-grid-5 elementor-product-loop-item--align-center elementor-grid-tablet-3 elementor-grid-mobile-2 elementor-products-grid elementor-wc-products show-heading-yes elementor-widget elementor-widget-woocommerce-product-related\" data-id=\"355db185\" data-element_type=\"widget\" data-widget_type=\"woocommerce-product-related.default\">\n<div class=\"elementor-widget-container\" style=\"text-align: center;\"><a href=\"https:\/\/www.mentaymora.com\/\">Menta y Mora<\/a>\u00a0Te Enamora\u00a0 \u00a0 \u00a0 S\u00edguenos en nuestras RRSS (<a href=\"https:\/\/es-es.facebook.com\/MentayMora\/\">Facebook<\/a>\u00a0e\u00a0<a href=\"https:\/\/www.instagram.com\/mentaymora.illescas\/?hl=es\">Instagram<\/a>)\u00a0 \u00a0 \u00a0 \u00a0Si tienes alguna consulta,\u00a0<a href=\"mailto:%20info@mentaymora.com\">preg\u00fantanos<\/a>.<\/div>\n<\/div>\n<\/div>\n<\/div>\n<\/div>\n<\/section>\n","protected":false},"excerpt":{"rendered":"<p>La\u00a0<strong>Canastilla Bandeja BABY SUPERIOR<\/strong>\u00a0es el regalo perfecto para dar la bienvenida al beb\u00e9 con una selecci\u00f3n de productos premium.<\/p>\n<p>Con art\u00edculos esenciales para el cuidado del reci\u00e9n nacido y un toque especial para la mam\u00e1, esta canastilla es sin\u00f3nimo de calidad, confort y elegancia.<\/p>\n<ul>\n<li><strong>Tiempo de env\u00edo:<\/strong>\u00a02-3 d\u00edas h\u00e1biles.<\/li>\n<\/ul>\n<p><span style=\"color: #ff0000;\"><strong>Selecciona todas las opciones para poder a\u00f1adir tu producto al carrito<\/strong><\/span><\/p>\n","protected":false},"featured_media":20189,"comment_status":"open","ping_status":"closed","template":"","meta":{"_acf_changed":false,"_joinchat":[]},"product_brand":[1539],"product_cat":[1659],"product_tag":[1235,331,869],"class_list":{"0":"post-20188","1":"product","2":"type-product","3":"status-publish","4":"has-post-thumbnail","6":"product_brand-menta-y-mora","7":"product_cat-canastillas-de-80-a-120-e","8":"product_tag-bandeja","9":"product_tag-bebe","10":"product_tag-canastilla","11":"latest_post","13":"first","14":"instock","15":"taxable","16":"shipping-taxable","17":"purchasable","18":"product-type-variable"},"acf":[],"yoast_head":"<!-- This site is optimized with the Yoast SEO plugin v27.4 - https:\/\/yoast.com\/product\/yoast-seo-wordpress\/ -->\n<title>Canastilla Bandeja BABY SUPERIOR - Menta y Mora<\/title>\n<meta name=\"description\" content=\"Canastilla Bandeja BABY SUPERIOR La\u00a0Canastilla Bandeja BABY SUPERIOR\u00a0es el regalo perfecto para dar la bienvenida al beb\u00e9 con una selecci\u00f3n de productos ...\" \/>\n<meta name=\"robots\" content=\"index, follow, max-snippet:-1, max-image-preview:large, max-video-preview:-1\" \/>\n<link rel=\"canonical\" href=\"https:\/\/www.mentaymora.com\/index.php\/producto\/canastilla-bandeja-baby-superior-2\/\" \/>\n<meta property=\"og:locale\" content=\"es_ES\" \/>\n<meta property=\"og:type\" content=\"article\" \/>\n<meta property=\"og:title\" content=\"Canastilla Bandeja BABY SUPERIOR - Menta y Mora\" \/>\n<meta property=\"og:description\" content=\"Canastilla Bandeja BABY SUPERIOR La\u00a0Canastilla Bandeja BABY SUPERIOR\u00a0es el regalo perfecto para dar la bienvenida al beb\u00e9 con una selecci\u00f3n de productos ...\" \/>\n<meta property=\"og:url\" content=\"https:\/\/www.mentaymora.com\/index.php\/producto\/canastilla-bandeja-baby-superior-2\/\" \/>\n<meta property=\"og:site_name\" content=\"Menta y Mora\" \/>\n<meta property=\"article:publisher\" content=\"https:\/\/es-es.facebook.com\/MentayMora\/\" \/>\n<meta property=\"article:modified_time\" content=\"2025-11-14T17:19:44+00:00\" \/>\n<meta property=\"og:image\" content=\"https:\/\/www.mentaymora.com\/wp-content\/uploads\/2025\/11\/Canastilla-Bandeja-Baby-SUPERIOR_def.jpg\" \/>\n\t<meta property=\"og:image:width\" content=\"563\" \/>\n\t<meta property=\"og:image:height\" content=\"487\" \/>\n\t<meta property=\"og:image:type\" content=\"image\/jpeg\" \/>\n<meta name=\"twitter:card\" content=\"summary_large_image\" \/>\n<meta name=\"twitter:label1\" content=\"Tiempo de lectura\" \/>\n\t<meta name=\"twitter:data1\" content=\"2 minutos\" \/>\n<script type=\"application\/ld+json\" class=\"yoast-schema-graph\">{\"@context\":\"https:\\\/\\\/schema.org\",\"@graph\":[{\"@type\":\"WebPage\",\"@id\":\"https:\\\/\\\/www.mentaymora.com\\\/index.php\\\/producto\\\/canastilla-bandeja-baby-superior-2\\\/\",\"url\":\"https:\\\/\\\/www.mentaymora.com\\\/index.php\\\/producto\\\/canastilla-bandeja-baby-superior-2\\\/\",\"name\":\"Canastilla Bandeja BABY SUPERIOR - Menta y Mora\",\"isPartOf\":{\"@id\":\"https:\\\/\\\/www.mentaymora.com\\\/#website\"},\"primaryImageOfPage\":{\"@id\":\"https:\\\/\\\/www.mentaymora.com\\\/index.php\\\/producto\\\/canastilla-bandeja-baby-superior-2\\\/#primaryimage\"},\"image\":{\"@id\":\"https:\\\/\\\/www.mentaymora.com\\\/index.php\\\/producto\\\/canastilla-bandeja-baby-superior-2\\\/#primaryimage\"},\"thumbnailUrl\":\"https:\\\/\\\/www.mentaymora.com\\\/wp-content\\\/uploads\\\/2025\\\/11\\\/Canastilla-Bandeja-Baby-SUPERIOR_def.jpg\",\"datePublished\":\"2025-11-14T17:17:19+00:00\",\"dateModified\":\"2025-11-14T17:19:44+00:00\",\"description\":\"Canastilla Bandeja BABY SUPERIOR La\u00a0Canastilla Bandeja BABY SUPERIOR\u00a0es el regalo perfecto para dar la bienvenida al beb\u00e9 con una selecci\u00f3n de productos ...\",\"breadcrumb\":{\"@id\":\"https:\\\/\\\/www.mentaymora.com\\\/index.php\\\/producto\\\/canastilla-bandeja-baby-superior-2\\\/#breadcrumb\"},\"inLanguage\":\"es\",\"potentialAction\":[{\"@type\":\"ReadAction\",\"target\":[\"https:\\\/\\\/www.mentaymora.com\\\/index.php\\\/producto\\\/canastilla-bandeja-baby-superior-2\\\/\"]}]},{\"@type\":\"ImageObject\",\"inLanguage\":\"es\",\"@id\":\"https:\\\/\\\/www.mentaymora.com\\\/index.php\\\/producto\\\/canastilla-bandeja-baby-superior-2\\\/#primaryimage\",\"url\":\"https:\\\/\\\/www.mentaymora.com\\\/wp-content\\\/uploads\\\/2025\\\/11\\\/Canastilla-Bandeja-Baby-SUPERIOR_def.jpg\",\"contentUrl\":\"https:\\\/\\\/www.mentaymora.com\\\/wp-content\\\/uploads\\\/2025\\\/11\\\/Canastilla-Bandeja-Baby-SUPERIOR_def.jpg\",\"width\":563,\"height\":487,\"caption\":\"Canastilla Bandeja Baby SUPERIOR def\"},{\"@type\":\"BreadcrumbList\",\"@id\":\"https:\\\/\\\/www.mentaymora.com\\\/index.php\\\/producto\\\/canastilla-bandeja-baby-superior-2\\\/#breadcrumb\",\"itemListElement\":[{\"@type\":\"ListItem\",\"position\":1,\"name\":\"Portada\",\"item\":\"https:\\\/\\\/www.mentaymora.com\\\/\"},{\"@type\":\"ListItem\",\"position\":2,\"name\":\"Productos\",\"item\":\"https:\\\/\\\/www.mentaymora.com\\\/index.php\\\/tienda\\\/\"},{\"@type\":\"ListItem\",\"position\":3,\"name\":\"Canastilla Bandeja BABY SUPERIOR\"}]},{\"@type\":\"WebSite\",\"@id\":\"https:\\\/\\\/www.mentaymora.com\\\/#website\",\"url\":\"https:\\\/\\\/www.mentaymora.com\\\/\",\"name\":\"Menta y Mora\",\"description\":\"Regalos y Complementos\",\"publisher\":{\"@id\":\"https:\\\/\\\/www.mentaymora.com\\\/#organization\"},\"potentialAction\":[{\"@type\":\"SearchAction\",\"target\":{\"@type\":\"EntryPoint\",\"urlTemplate\":\"https:\\\/\\\/www.mentaymora.com\\\/?s={search_term_string}\"},\"query-input\":{\"@type\":\"PropertyValueSpecification\",\"valueRequired\":true,\"valueName\":\"search_term_string\"}}],\"inLanguage\":\"es\"},{\"@type\":\"Organization\",\"@id\":\"https:\\\/\\\/www.mentaymora.com\\\/#organization\",\"name\":\"Menta y Mora\",\"url\":\"https:\\\/\\\/www.mentaymora.com\\\/\",\"logo\":{\"@type\":\"ImageObject\",\"inLanguage\":\"es\",\"@id\":\"https:\\\/\\\/www.mentaymora.com\\\/#\\\/schema\\\/logo\\\/image\\\/\",\"url\":\"https:\\\/\\\/www.mentaymora.com\\\/wp-content\\\/uploads\\\/2021\\\/07\\\/Logo.jpg\",\"contentUrl\":\"https:\\\/\\\/www.mentaymora.com\\\/wp-content\\\/uploads\\\/2021\\\/07\\\/Logo.jpg\",\"width\":1172,\"height\":1172,\"caption\":\"Menta y Mora\"},\"image\":{\"@id\":\"https:\\\/\\\/www.mentaymora.com\\\/#\\\/schema\\\/logo\\\/image\\\/\"},\"sameAs\":[\"https:\\\/\\\/es-es.facebook.com\\\/MentayMora\\\/\",\"https:\\\/\\\/www.instagram.com\\\/mentaymora.illescas\\\/?hl=es\",\"https:\\\/\\\/www.youtube.com\\\/channel\\\/UCuMMtdck_1XS-MyW6ZnBAlw\"]}]}<\/script>\n<!-- \/ Yoast SEO plugin. -->","yoast_head_json":{"title":"Canastilla Bandeja BABY SUPERIOR - Menta y Mora","description":"Canastilla Bandeja BABY SUPERIOR La\u00a0Canastilla Bandeja BABY SUPERIOR\u00a0es el regalo perfecto para dar la bienvenida al beb\u00e9 con una selecci\u00f3n de productos ...","robots":{"index":"index","follow":"follow","max-snippet":"max-snippet:-1","max-image-preview":"max-image-preview:large","max-video-preview":"max-video-preview:-1"},"canonical":"https:\/\/www.mentaymora.com\/index.php\/producto\/canastilla-bandeja-baby-superior-2\/","og_locale":"es_ES","og_type":"article","og_title":"Canastilla Bandeja BABY SUPERIOR - Menta y Mora","og_description":"Canastilla Bandeja BABY SUPERIOR La\u00a0Canastilla Bandeja BABY SUPERIOR\u00a0es el regalo perfecto para dar la bienvenida al beb\u00e9 con una selecci\u00f3n de productos ...","og_url":"https:\/\/www.mentaymora.com\/index.php\/producto\/canastilla-bandeja-baby-superior-2\/","og_site_name":"Menta y Mora","article_publisher":"https:\/\/es-es.facebook.com\/MentayMora\/","article_modified_time":"2025-11-14T17:19:44+00:00","og_image":[{"width":563,"height":487,"url":"https:\/\/www.mentaymora.com\/wp-content\/uploads\/2025\/11\/Canastilla-Bandeja-Baby-SUPERIOR_def.jpg","type":"image\/jpeg"}],"twitter_card":"summary_large_image","twitter_misc":{"Tiempo de lectura":"2 minutos"},"schema":{"@context":"https:\/\/schema.org","@graph":[{"@type":"WebPage","@id":"https:\/\/www.mentaymora.com\/index.php\/producto\/canastilla-bandeja-baby-superior-2\/","url":"https:\/\/www.mentaymora.com\/index.php\/producto\/canastilla-bandeja-baby-superior-2\/","name":"Canastilla Bandeja BABY SUPERIOR - Menta y Mora","isPartOf":{"@id":"https:\/\/www.mentaymora.com\/#website"},"primaryImageOfPage":{"@id":"https:\/\/www.mentaymora.com\/index.php\/producto\/canastilla-bandeja-baby-superior-2\/#primaryimage"},"image":{"@id":"https:\/\/www.mentaymora.com\/index.php\/producto\/canastilla-bandeja-baby-superior-2\/#primaryimage"},"thumbnailUrl":"https:\/\/www.mentaymora.com\/wp-content\/uploads\/2025\/11\/Canastilla-Bandeja-Baby-SUPERIOR_def.jpg","datePublished":"2025-11-14T17:17:19+00:00","dateModified":"2025-11-14T17:19:44+00:00","description":"Canastilla Bandeja BABY SUPERIOR La\u00a0Canastilla Bandeja BABY SUPERIOR\u00a0es el regalo perfecto para dar la bienvenida al beb\u00e9 con una selecci\u00f3n de productos ...","breadcrumb":{"@id":"https:\/\/www.mentaymora.com\/index.php\/producto\/canastilla-bandeja-baby-superior-2\/#breadcrumb"},"inLanguage":"es","potentialAction":[{"@type":"ReadAction","target":["https:\/\/www.mentaymora.com\/index.php\/producto\/canastilla-bandeja-baby-superior-2\/"]}]},{"@type":"ImageObject","inLanguage":"es","@id":"https:\/\/www.mentaymora.com\/index.php\/producto\/canastilla-bandeja-baby-superior-2\/#primaryimage","url":"https:\/\/www.mentaymora.com\/wp-content\/uploads\/2025\/11\/Canastilla-Bandeja-Baby-SUPERIOR_def.jpg","contentUrl":"https:\/\/www.mentaymora.com\/wp-content\/uploads\/2025\/11\/Canastilla-Bandeja-Baby-SUPERIOR_def.jpg","width":563,"height":487,"caption":"Canastilla Bandeja Baby SUPERIOR def"},{"@type":"BreadcrumbList","@id":"https:\/\/www.mentaymora.com\/index.php\/producto\/canastilla-bandeja-baby-superior-2\/#breadcrumb","itemListElement":[{"@type":"ListItem","position":1,"name":"Portada","item":"https:\/\/www.mentaymora.com\/"},{"@type":"ListItem","position":2,"name":"Productos","item":"https:\/\/www.mentaymora.com\/index.php\/tienda\/"},{"@type":"ListItem","position":3,"name":"Canastilla Bandeja BABY SUPERIOR"}]},{"@type":"WebSite","@id":"https:\/\/www.mentaymora.com\/#website","url":"https:\/\/www.mentaymora.com\/","name":"Menta y Mora","description":"Regalos y Complementos","publisher":{"@id":"https:\/\/www.mentaymora.com\/#organization"},"potentialAction":[{"@type":"SearchAction","target":{"@type":"EntryPoint","urlTemplate":"https:\/\/www.mentaymora.com\/?s={search_term_string}"},"query-input":{"@type":"PropertyValueSpecification","valueRequired":true,"valueName":"search_term_string"}}],"inLanguage":"es"},{"@type":"Organization","@id":"https:\/\/www.mentaymora.com\/#organization","name":"Menta y Mora","url":"https:\/\/www.mentaymora.com\/","logo":{"@type":"ImageObject","inLanguage":"es","@id":"https:\/\/www.mentaymora.com\/#\/schema\/logo\/image\/","url":"https:\/\/www.mentaymora.com\/wp-content\/uploads\/2021\/07\/Logo.jpg","contentUrl":"https:\/\/www.mentaymora.com\/wp-content\/uploads\/2021\/07\/Logo.jpg","width":1172,"height":1172,"caption":"Menta y Mora"},"image":{"@id":"https:\/\/www.mentaymora.com\/#\/schema\/logo\/image\/"},"sameAs":["https:\/\/es-es.facebook.com\/MentayMora\/","https:\/\/www.instagram.com\/mentaymora.illescas\/?hl=es","https:\/\/www.youtube.com\/channel\/UCuMMtdck_1XS-MyW6ZnBAlw"]}]}},"_links":{"self":[{"href":"https:\/\/www.mentaymora.com\/index.php\/wp-json\/wp\/v2\/product\/20188","targetHints":{"allow":["GET"]}}],"collection":[{"href":"https:\/\/www.mentaymora.com\/index.php\/wp-json\/wp\/v2\/product"}],"about":[{"href":"https:\/\/www.mentaymora.com\/index.php\/wp-json\/wp\/v2\/types\/product"}],"replies":[{"embeddable":true,"href":"https:\/\/www.mentaymora.com\/index.php\/wp-json\/wp\/v2\/comments?post=20188"}],"wp:featuredmedia":[{"embeddable":true,"href":"https:\/\/www.mentaymora.com\/index.php\/wp-json\/wp\/v2\/media\/20189"}],"wp:attachment":[{"href":"https:\/\/www.mentaymora.com\/index.php\/wp-json\/wp\/v2\/media?parent=20188"}],"wp:term":[{"taxonomy":"product_brand","embeddable":true,"href":"https:\/\/www.mentaymora.com\/index.php\/wp-json\/wp\/v2\/product_brand?post=20188"},{"taxonomy":"product_cat","embeddable":true,"href":"https:\/\/www.mentaymora.com\/index.php\/wp-json\/wp\/v2\/product_cat?post=20188"},{"taxonomy":"product_tag","embeddable":true,"href":"https:\/\/www.mentaymora.com\/index.php\/wp-json\/wp\/v2\/product_tag?post=20188"}],"curies":[{"name":"wp","href":"https:\/\/api.w.org\/{rel}","templated":true}]}}