{"id":20341,"date":"2025-11-17T19:36:12","date_gmt":"2025-11-17T18:36:12","guid":{"rendered":"https:\/\/www.mentaymora.com\/?post_type=product&#038;p=20341"},"modified":"2026-01-31T19:54:23","modified_gmt":"2026-01-31T18:54:23","slug":"conjunto-mantita-dou-dou-conejo-personalizado","status":"publish","type":"product","link":"https:\/\/www.mentaymora.com\/index.php\/producto\/conjunto-mantita-dou-dou-conejo-personalizado\/","title":{"rendered":"Conjunto Mantita + Dou Dou Conejo Personalizado"},"content":{"rendered":"<div class=\"elementor-element elementor-element-695b96d elementor-widget elementor-widget-woocommerce-product-title elementor-page-title elementor-widget-heading\" data-id=\"695b96d\" data-element_type=\"widget\" data-widget_type=\"woocommerce-product-title.default\">\n<div class=\"elementor-widget-container\">\n<div class=\"elementor-element elementor-element-695b96d elementor-widget elementor-widget-woocommerce-product-title elementor-page-title elementor-widget-heading\" data-id=\"695b96d\" data-element_type=\"widget\" data-widget_type=\"woocommerce-product-title.default\">\n<div class=\"elementor-widget-container\">\n<p class=\"product_title entry-title elementor-heading-title elementor-size-default\">Conjunto Mantita + Dou Dou Conejo Personalizado<\/p>\n<\/div>\n<\/div>\n<\/div>\n<\/div>\n<div class=\"elementor-element elementor-element-912f065 elementor-widget elementor-widget-woocommerce-product-price\" data-id=\"912f065\" data-element_type=\"widget\" data-widget_type=\"woocommerce-product-price.default\">\n<div class=\"elementor-widget-container\">\n<p><strong>Suavidad y ternura para tu beb\u00e9<\/strong><\/p>\n<p>Este adorable\u00a0<strong>set de mantita y dou dou con dise\u00f1o de conejo <\/strong>es el complemento perfecto para brindar confort y seguridad a tu beb\u00e9 desde sus primeros d\u00edas.<\/p>\n<ul>\n<li><strong>Mantita ultrasuave<\/strong>\u00a0con un tacto agradable, ideal para mini cuna, cochecito o arrullos.<\/li>\n<li><strong>Dou dou con forma de conejo<\/strong>, perfecto para acompa\u00f1ar al beb\u00e9 y aportar sensaci\u00f3n de calma y bienestar.<\/li>\n<li><strong>Materiales de alta calidad<\/strong>, delicados con la piel sensible del beb\u00e9.<\/li>\n<li><strong>Dise\u00f1o en varios colores<\/strong>, neutros y elegantes, ideales para cualquier ocasi\u00f3n.<\/li>\n<li><strong>Presentaci\u00f3n en caja<\/strong>, perfecta para regalo.<\/li>\n<li><strong>F\u00e1cil de limpiar<\/strong>:\u00a0<strong>Lavable a 50 grados<\/strong>, lo que garantiza una limpieza sencilla y segura para mantenerlo siempre en perfectas condiciones.<\/li>\n<li><strong>Personalizaci\u00f3n<\/strong>:\u00a0<strong>Bordamos el nombre de tu beb\u00e9<\/strong>\u00a0en la parte central del doudou y de la mantita, haci\u00e9ndolo \u00fanico y especial.<\/li>\n<li><strong>Entrega r\u00e1pida<\/strong>: Recibe tu conjunto personalizado en un plazo de\u00a0<strong>2 \u2013 3\u00a0d\u00edas<\/strong>.<\/li>\n<li><strong>Presentaci\u00f3n<\/strong>: El conjunto se entrega en una elegante caja, lista para regalar.<\/li>\n<\/ul>\n<p><strong>Un conjunto ideal para envolver a tu beb\u00e9 en suavidad y acompa\u00f1arlo en sus momentos de descanso y juego.<\/strong><\/p>\n<p style=\"text-align: center;\"><a href=\"https:\/\/www.mentaymora.com\/\">Menta y Mora<\/a>\u00a0Te Enamora\u00a0 \u00a0 \u00a0 S\u00edguenos en nuestras RRSS (<a href=\"https:\/\/es-es.facebook.com\/MentayMora\/\">Facebook<\/a>\u00a0e\u00a0<a href=\"https:\/\/www.instagram.com\/mentaymora.illescas\/?hl=es\">Instagram<\/a>)\u00a0 \u00a0 \u00a0 \u00a0Si tienes alguna consulta,\u00a0<a href=\"mailto:%20info@mentaymora.com\">preg\u00fantanos<\/a>.<\/p>\n<\/div>\n<\/div>\n","protected":false},"excerpt":{"rendered":"<p>Este adorable\u00a0<strong>set de mantita y doudou con dise\u00f1o de conejo <\/strong>es el complemento perfecto para brindar confort y seguridad a tu beb\u00e9 desde sus primeros d\u00edas.<\/p>\n<ul>\n<li><b>Medidas Dou dou<\/b>: 28 x 17 cm<\/li>\n<li><strong>Medidas Mantita:<\/strong>\u00a080 x 110 cm<\/li>\n<li><strong>Material<\/strong>: Confeccionado en\u00a0<strong>100% poli\u00e9ster<\/strong><\/li>\n<li><strong>Tiempo de entrega:<\/strong> 2 &#8211; 3 d\u00edas<\/li>\n<\/ul>\n<div class=\"elementor-element elementor-element-1824955 elementor-widget elementor-widget-woocommerce-product-short-description\" data-id=\"1824955\" data-element_type=\"widget\" data-widget_type=\"woocommerce-product-short-description.default\">\n<div class=\"elementor-widget-container\">\n<div class=\"woocommerce-product-details__short-description\">\n<p><span style=\"color: #ff0000;\"><strong>Selecciona todas las opciones para poder a\u00f1adir tu producto al carrito<\/strong><\/span><\/p>\n<\/div>\n<\/div>\n<\/div>\n","protected":false},"featured_media":21267,"comment_status":"open","ping_status":"closed","template":"","meta":{"_acf_changed":false,"_joinchat":[]},"product_brand":[1684],"product_cat":[1691,1692],"product_tag":[331,857],"class_list":{"0":"post-20341","1":"product","2":"type-product","3":"status-publish","4":"has-post-thumbnail","6":"product_brand-gamberritos","7":"product_cat-doudous","8":"product_cat-mantitas","9":"product_tag-bebe","10":"product_tag-conjunto","11":"latest_post","13":"first","14":"instock","15":"taxable","16":"shipping-taxable","17":"purchasable","18":"product-type-variable"},"acf":[],"yoast_head":"<!-- This site is optimized with the Yoast SEO plugin v27.4 - https:\/\/yoast.com\/product\/yoast-seo-wordpress\/ -->\n<title>Conjunto Mantita + Dou Dou Conejo Personalizado - Menta y Mora<\/title>\n<meta name=\"description\" content=\"Conjunto Mantita + Dou Dou Conejo Personalizado Suavidad y ternura para tu beb\u00e9 Este adorable\u00a0set de mantita y dou dou con dise\u00f1o de conejo\" \/>\n<meta name=\"robots\" content=\"index, follow, max-snippet:-1, max-image-preview:large, max-video-preview:-1\" \/>\n<link rel=\"canonical\" href=\"https:\/\/www.mentaymora.com\/index.php\/producto\/conjunto-mantita-dou-dou-conejo-personalizado\/\" \/>\n<meta property=\"og:locale\" content=\"es_ES\" \/>\n<meta property=\"og:type\" content=\"article\" \/>\n<meta property=\"og:title\" content=\"Conjunto Mantita + Dou Dou Conejo Personalizado - Menta y Mora\" \/>\n<meta property=\"og:description\" content=\"Conjunto Mantita + Dou Dou Conejo Personalizado Suavidad y ternura para tu beb\u00e9 Este adorable\u00a0set de mantita y dou dou con dise\u00f1o de conejo\" \/>\n<meta property=\"og:url\" content=\"https:\/\/www.mentaymora.com\/index.php\/producto\/conjunto-mantita-dou-dou-conejo-personalizado\/\" \/>\n<meta property=\"og:site_name\" content=\"Menta y Mora\" \/>\n<meta property=\"article:publisher\" content=\"https:\/\/es-es.facebook.com\/MentayMora\/\" \/>\n<meta property=\"article:modified_time\" content=\"2026-01-31T18:54:23+00:00\" \/>\n<meta property=\"og:image\" content=\"https:\/\/www.mentaymora.com\/wp-content\/uploads\/2025\/11\/Conjunto-Conejo-Mantita-Doudou-Beige.jpg\" \/>\n\t<meta property=\"og:image:width\" content=\"900\" \/>\n\t<meta property=\"og:image:height\" content=\"1200\" \/>\n\t<meta property=\"og:image:type\" content=\"image\/jpeg\" \/>\n<meta name=\"twitter:card\" content=\"summary_large_image\" \/>\n<meta name=\"twitter:label1\" content=\"Tiempo de lectura\" \/>\n\t<meta name=\"twitter:data1\" content=\"2 minutos\" \/>\n<script type=\"application\/ld+json\" class=\"yoast-schema-graph\">{\"@context\":\"https:\\\/\\\/schema.org\",\"@graph\":[{\"@type\":\"WebPage\",\"@id\":\"https:\\\/\\\/www.mentaymora.com\\\/index.php\\\/producto\\\/conjunto-mantita-dou-dou-conejo-personalizado\\\/\",\"url\":\"https:\\\/\\\/www.mentaymora.com\\\/index.php\\\/producto\\\/conjunto-mantita-dou-dou-conejo-personalizado\\\/\",\"name\":\"Conjunto Mantita + Dou Dou Conejo Personalizado - Menta y Mora\",\"isPartOf\":{\"@id\":\"https:\\\/\\\/www.mentaymora.com\\\/#website\"},\"primaryImageOfPage\":{\"@id\":\"https:\\\/\\\/www.mentaymora.com\\\/index.php\\\/producto\\\/conjunto-mantita-dou-dou-conejo-personalizado\\\/#primaryimage\"},\"image\":{\"@id\":\"https:\\\/\\\/www.mentaymora.com\\\/index.php\\\/producto\\\/conjunto-mantita-dou-dou-conejo-personalizado\\\/#primaryimage\"},\"thumbnailUrl\":\"https:\\\/\\\/www.mentaymora.com\\\/wp-content\\\/uploads\\\/2025\\\/11\\\/Conjunto-Conejo-Mantita-Doudou-Beige.jpg\",\"datePublished\":\"2025-11-17T18:36:12+00:00\",\"dateModified\":\"2026-01-31T18:54:23+00:00\",\"description\":\"Conjunto Mantita + Dou Dou Conejo Personalizado Suavidad y ternura para tu beb\u00e9 Este adorable\u00a0set de mantita y dou dou con dise\u00f1o de conejo\",\"breadcrumb\":{\"@id\":\"https:\\\/\\\/www.mentaymora.com\\\/index.php\\\/producto\\\/conjunto-mantita-dou-dou-conejo-personalizado\\\/#breadcrumb\"},\"inLanguage\":\"es\",\"potentialAction\":[{\"@type\":\"ReadAction\",\"target\":[\"https:\\\/\\\/www.mentaymora.com\\\/index.php\\\/producto\\\/conjunto-mantita-dou-dou-conejo-personalizado\\\/\"]}]},{\"@type\":\"ImageObject\",\"inLanguage\":\"es\",\"@id\":\"https:\\\/\\\/www.mentaymora.com\\\/index.php\\\/producto\\\/conjunto-mantita-dou-dou-conejo-personalizado\\\/#primaryimage\",\"url\":\"https:\\\/\\\/www.mentaymora.com\\\/wp-content\\\/uploads\\\/2025\\\/11\\\/Conjunto-Conejo-Mantita-Doudou-Beige.jpg\",\"contentUrl\":\"https:\\\/\\\/www.mentaymora.com\\\/wp-content\\\/uploads\\\/2025\\\/11\\\/Conjunto-Conejo-Mantita-Doudou-Beige.jpg\",\"width\":900,\"height\":1200,\"caption\":\"Conjunto Conejo Mantita + Doudou Beige\"},{\"@type\":\"BreadcrumbList\",\"@id\":\"https:\\\/\\\/www.mentaymora.com\\\/index.php\\\/producto\\\/conjunto-mantita-dou-dou-conejo-personalizado\\\/#breadcrumb\",\"itemListElement\":[{\"@type\":\"ListItem\",\"position\":1,\"name\":\"Portada\",\"item\":\"https:\\\/\\\/www.mentaymora.com\\\/\"},{\"@type\":\"ListItem\",\"position\":2,\"name\":\"Productos\",\"item\":\"https:\\\/\\\/www.mentaymora.com\\\/index.php\\\/tienda\\\/\"},{\"@type\":\"ListItem\",\"position\":3,\"name\":\"Conjunto Mantita + Dou Dou Conejo Personalizado\"}]},{\"@type\":\"WebSite\",\"@id\":\"https:\\\/\\\/www.mentaymora.com\\\/#website\",\"url\":\"https:\\\/\\\/www.mentaymora.com\\\/\",\"name\":\"Menta y Mora\",\"description\":\"Regalos y Complementos\",\"publisher\":{\"@id\":\"https:\\\/\\\/www.mentaymora.com\\\/#organization\"},\"potentialAction\":[{\"@type\":\"SearchAction\",\"target\":{\"@type\":\"EntryPoint\",\"urlTemplate\":\"https:\\\/\\\/www.mentaymora.com\\\/?s={search_term_string}\"},\"query-input\":{\"@type\":\"PropertyValueSpecification\",\"valueRequired\":true,\"valueName\":\"search_term_string\"}}],\"inLanguage\":\"es\"},{\"@type\":\"Organization\",\"@id\":\"https:\\\/\\\/www.mentaymora.com\\\/#organization\",\"name\":\"Menta y Mora\",\"url\":\"https:\\\/\\\/www.mentaymora.com\\\/\",\"logo\":{\"@type\":\"ImageObject\",\"inLanguage\":\"es\",\"@id\":\"https:\\\/\\\/www.mentaymora.com\\\/#\\\/schema\\\/logo\\\/image\\\/\",\"url\":\"https:\\\/\\\/www.mentaymora.com\\\/wp-content\\\/uploads\\\/2021\\\/07\\\/Logo.jpg\",\"contentUrl\":\"https:\\\/\\\/www.mentaymora.com\\\/wp-content\\\/uploads\\\/2021\\\/07\\\/Logo.jpg\",\"width\":1172,\"height\":1172,\"caption\":\"Menta y Mora\"},\"image\":{\"@id\":\"https:\\\/\\\/www.mentaymora.com\\\/#\\\/schema\\\/logo\\\/image\\\/\"},\"sameAs\":[\"https:\\\/\\\/es-es.facebook.com\\\/MentayMora\\\/\",\"https:\\\/\\\/www.instagram.com\\\/mentaymora.illescas\\\/?hl=es\",\"https:\\\/\\\/www.youtube.com\\\/channel\\\/UCuMMtdck_1XS-MyW6ZnBAlw\"]}]}<\/script>\n<!-- \/ Yoast SEO plugin. -->","yoast_head_json":{"title":"Conjunto Mantita + Dou Dou Conejo Personalizado - Menta y Mora","description":"Conjunto Mantita + Dou Dou Conejo Personalizado Suavidad y ternura para tu beb\u00e9 Este adorable\u00a0set de mantita y dou dou con dise\u00f1o de conejo","robots":{"index":"index","follow":"follow","max-snippet":"max-snippet:-1","max-image-preview":"max-image-preview:large","max-video-preview":"max-video-preview:-1"},"canonical":"https:\/\/www.mentaymora.com\/index.php\/producto\/conjunto-mantita-dou-dou-conejo-personalizado\/","og_locale":"es_ES","og_type":"article","og_title":"Conjunto Mantita + Dou Dou Conejo Personalizado - Menta y Mora","og_description":"Conjunto Mantita + Dou Dou Conejo Personalizado Suavidad y ternura para tu beb\u00e9 Este adorable\u00a0set de mantita y dou dou con dise\u00f1o de conejo","og_url":"https:\/\/www.mentaymora.com\/index.php\/producto\/conjunto-mantita-dou-dou-conejo-personalizado\/","og_site_name":"Menta y Mora","article_publisher":"https:\/\/es-es.facebook.com\/MentayMora\/","article_modified_time":"2026-01-31T18:54:23+00:00","og_image":[{"width":900,"height":1200,"url":"https:\/\/www.mentaymora.com\/wp-content\/uploads\/2025\/11\/Conjunto-Conejo-Mantita-Doudou-Beige.jpg","type":"image\/jpeg"}],"twitter_card":"summary_large_image","twitter_misc":{"Tiempo de lectura":"2 minutos"},"schema":{"@context":"https:\/\/schema.org","@graph":[{"@type":"WebPage","@id":"https:\/\/www.mentaymora.com\/index.php\/producto\/conjunto-mantita-dou-dou-conejo-personalizado\/","url":"https:\/\/www.mentaymora.com\/index.php\/producto\/conjunto-mantita-dou-dou-conejo-personalizado\/","name":"Conjunto Mantita + Dou Dou Conejo Personalizado - Menta y Mora","isPartOf":{"@id":"https:\/\/www.mentaymora.com\/#website"},"primaryImageOfPage":{"@id":"https:\/\/www.mentaymora.com\/index.php\/producto\/conjunto-mantita-dou-dou-conejo-personalizado\/#primaryimage"},"image":{"@id":"https:\/\/www.mentaymora.com\/index.php\/producto\/conjunto-mantita-dou-dou-conejo-personalizado\/#primaryimage"},"thumbnailUrl":"https:\/\/www.mentaymora.com\/wp-content\/uploads\/2025\/11\/Conjunto-Conejo-Mantita-Doudou-Beige.jpg","datePublished":"2025-11-17T18:36:12+00:00","dateModified":"2026-01-31T18:54:23+00:00","description":"Conjunto Mantita + Dou Dou Conejo Personalizado Suavidad y ternura para tu beb\u00e9 Este adorable\u00a0set de mantita y dou dou con dise\u00f1o de conejo","breadcrumb":{"@id":"https:\/\/www.mentaymora.com\/index.php\/producto\/conjunto-mantita-dou-dou-conejo-personalizado\/#breadcrumb"},"inLanguage":"es","potentialAction":[{"@type":"ReadAction","target":["https:\/\/www.mentaymora.com\/index.php\/producto\/conjunto-mantita-dou-dou-conejo-personalizado\/"]}]},{"@type":"ImageObject","inLanguage":"es","@id":"https:\/\/www.mentaymora.com\/index.php\/producto\/conjunto-mantita-dou-dou-conejo-personalizado\/#primaryimage","url":"https:\/\/www.mentaymora.com\/wp-content\/uploads\/2025\/11\/Conjunto-Conejo-Mantita-Doudou-Beige.jpg","contentUrl":"https:\/\/www.mentaymora.com\/wp-content\/uploads\/2025\/11\/Conjunto-Conejo-Mantita-Doudou-Beige.jpg","width":900,"height":1200,"caption":"Conjunto Conejo Mantita + Doudou Beige"},{"@type":"BreadcrumbList","@id":"https:\/\/www.mentaymora.com\/index.php\/producto\/conjunto-mantita-dou-dou-conejo-personalizado\/#breadcrumb","itemListElement":[{"@type":"ListItem","position":1,"name":"Portada","item":"https:\/\/www.mentaymora.com\/"},{"@type":"ListItem","position":2,"name":"Productos","item":"https:\/\/www.mentaymora.com\/index.php\/tienda\/"},{"@type":"ListItem","position":3,"name":"Conjunto Mantita + Dou Dou Conejo Personalizado"}]},{"@type":"WebSite","@id":"https:\/\/www.mentaymora.com\/#website","url":"https:\/\/www.mentaymora.com\/","name":"Menta y Mora","description":"Regalos y Complementos","publisher":{"@id":"https:\/\/www.mentaymora.com\/#organization"},"potentialAction":[{"@type":"SearchAction","target":{"@type":"EntryPoint","urlTemplate":"https:\/\/www.mentaymora.com\/?s={search_term_string}"},"query-input":{"@type":"PropertyValueSpecification","valueRequired":true,"valueName":"search_term_string"}}],"inLanguage":"es"},{"@type":"Organization","@id":"https:\/\/www.mentaymora.com\/#organization","name":"Menta y Mora","url":"https:\/\/www.mentaymora.com\/","logo":{"@type":"ImageObject","inLanguage":"es","@id":"https:\/\/www.mentaymora.com\/#\/schema\/logo\/image\/","url":"https:\/\/www.mentaymora.com\/wp-content\/uploads\/2021\/07\/Logo.jpg","contentUrl":"https:\/\/www.mentaymora.com\/wp-content\/uploads\/2021\/07\/Logo.jpg","width":1172,"height":1172,"caption":"Menta y Mora"},"image":{"@id":"https:\/\/www.mentaymora.com\/#\/schema\/logo\/image\/"},"sameAs":["https:\/\/es-es.facebook.com\/MentayMora\/","https:\/\/www.instagram.com\/mentaymora.illescas\/?hl=es","https:\/\/www.youtube.com\/channel\/UCuMMtdck_1XS-MyW6ZnBAlw"]}]}},"_links":{"self":[{"href":"https:\/\/www.mentaymora.com\/index.php\/wp-json\/wp\/v2\/product\/20341","targetHints":{"allow":["GET"]}}],"collection":[{"href":"https:\/\/www.mentaymora.com\/index.php\/wp-json\/wp\/v2\/product"}],"about":[{"href":"https:\/\/www.mentaymora.com\/index.php\/wp-json\/wp\/v2\/types\/product"}],"replies":[{"embeddable":true,"href":"https:\/\/www.mentaymora.com\/index.php\/wp-json\/wp\/v2\/comments?post=20341"}],"wp:featuredmedia":[{"embeddable":true,"href":"https:\/\/www.mentaymora.com\/index.php\/wp-json\/wp\/v2\/media\/21267"}],"wp:attachment":[{"href":"https:\/\/www.mentaymora.com\/index.php\/wp-json\/wp\/v2\/media?parent=20341"}],"wp:term":[{"taxonomy":"product_brand","embeddable":true,"href":"https:\/\/www.mentaymora.com\/index.php\/wp-json\/wp\/v2\/product_brand?post=20341"},{"taxonomy":"product_cat","embeddable":true,"href":"https:\/\/www.mentaymora.com\/index.php\/wp-json\/wp\/v2\/product_cat?post=20341"},{"taxonomy":"product_tag","embeddable":true,"href":"https:\/\/www.mentaymora.com\/index.php\/wp-json\/wp\/v2\/product_tag?post=20341"}],"curies":[{"name":"wp","href":"https:\/\/api.w.org\/{rel}","templated":true}]}}