{"id":2048,"date":"2021-05-06T15:35:16","date_gmt":"2021-05-06T14:35:16","guid":{"rendered":"https:\/\/www.mentaymora.com\/index.php\/producto\/jeju-base-maquillaje-no-make-up\/"},"modified":"2021-05-06T17:56:28","modified_gmt":"2021-05-06T16:56:28","slug":"jeju-base-maquillaje-no-make-up","status":"publish","type":"product","link":"https:\/\/www.mentaymora.com\/index.php\/producto\/jeju-base-maquillaje-no-make-up\/","title":{"rendered":"JEJU Base Maquillaje \u00abNo Make up\u00bb"},"content":{"rendered":"<p>JEJU Base Maquillaje \u00abNo Make up\u00bb<\/p>\n<p>Base de maquillaje \u00abno make-up\u00bb color natural.<\/p>\n<p>Fluido de delicado tono natural para cubrir las imperfecciones de la piel joven.<\/p>\n<p>Sin efecto \u00abm\u00e1scara\u00bb, es de f\u00e1cil aplicaci\u00f3n y de r\u00e1pida absorci\u00f3n.<\/p>\n<p>No obstruye los poros de la piel.<\/p>\n<p>Proporciona un look natural con un toque de brillo natural, igualando el tono de la piel, cubriendo imperfecciones.<\/p>\n<p><strong>Modo de empleo:<\/strong> Aplicar en el rostro mediante suaves palmaditas. Evitar el contacto con los ojos. Repetir a lo largo del d\u00eda si es necesario.<\/p>\n<p>Contenido: 30ml.<\/p>\n<p>JEJU Base Maquillaje \u00abNo Make up\u00bb<\/p>\n<p>Recuerda recomendar a\u00a0<a href=\"https:\/\/www.mentaymora.com\/\">Menta y Mora<\/a>\u00a0para cuidar tu piel.<\/p>\n<p>S\u00edguenos en nuestras RRSS (<a href=\"https:\/\/es-es.facebook.com\/MentayMora\/\">Facebook<\/a>\u00a0e\u00a0<a href=\"https:\/\/www.instagram.com\/mentaymora.illescas\/?hl=es\">Instagram<\/a>)<\/p>\n<p>Si tienes alguna consulta,\u00a0<a href=\"mailto:%20info@mentaymora.com\">preg\u00fantanos<\/a>.<\/p>\n","protected":false},"excerpt":{"rendered":"<p>Fluido de delicado tono natural para cubrir las imperfecciones de la piel joven.<\/p>\n<p>Sin efecto \u00abm\u00e1scara\u00bb, es de f\u00e1cil aplicaci\u00f3n y de r\u00e1pida absorci\u00f3n.<\/p>\n<p>Contenido: 30ml.<\/p>\n<p><img decoding=\"async\" class=\" wp-image-1683\" title=\"Logo Vegano\" src=\"https:\/\/www.mentaymora.com\/wp-content\/uploads\/2021\/04\/PngItem_5501122-300x300.png\" alt=\"Logo Vegano\" width=\"75\" height=\"75\" srcset=\"https:\/\/www.mentaymora.com\/wp-content\/uploads\/2021\/04\/PngItem_5501122-300x300.png 300w, https:\/\/www.mentaymora.com\/wp-content\/uploads\/2021\/04\/PngItem_5501122-100x100.png 100w, https:\/\/www.mentaymora.com\/wp-content\/uploads\/2021\/04\/PngItem_5501122-600x600.png 600w\" sizes=\"(max-width: 75px) 100vw, 75px\" \/><\/p>\n","protected":false},"featured_media":2097,"comment_status":"open","ping_status":"closed","template":"","meta":{"_acf_changed":false,"_joinchat":[]},"product_brand":[],"product_cat":[261,78],"product_tag":[263,262],"class_list":{"0":"post-2048","1":"product","2":"type-product","3":"status-publish","4":"has-post-thumbnail","6":"product_cat-jeju-purificante","7":"product_cat-ziaja","8":"product_tag-base-maquillaje","9":"product_tag-jeju","10":"latest_post","12":"first","13":"instock","14":"taxable","15":"shipping-taxable","16":"purchasable","17":"product-type-simple"},"acf":[],"yoast_head":"<!-- This site is optimized with the Yoast SEO plugin v27.4 - https:\/\/yoast.com\/product\/yoast-seo-wordpress\/ -->\n<title>JEJU Base Maquillaje &quot;No Make up&quot; - Menta y Mora - Tienda Online<\/title>\n<meta name=\"description\" content=\"JEJU Base Maquillaje &quot;No Make up&quot;. Base de maquillaje &quot;no make-up&quot; color natural. Fluido de delicado tono natural para cubrir las\" \/>\n<meta name=\"robots\" content=\"index, follow, max-snippet:-1, max-image-preview:large, max-video-preview:-1\" \/>\n<link rel=\"canonical\" href=\"https:\/\/www.mentaymora.com\/index.php\/producto\/jeju-base-maquillaje-no-make-up\/\" \/>\n<meta property=\"og:locale\" content=\"es_ES\" \/>\n<meta property=\"og:type\" content=\"article\" \/>\n<meta property=\"og:title\" content=\"JEJU Base Maquillaje &quot;No Make up&quot; - Menta y Mora - Tienda Online\" \/>\n<meta property=\"og:description\" content=\"JEJU Base Maquillaje &quot;No Make up&quot;. Base de maquillaje &quot;no make-up&quot; color natural. Fluido de delicado tono natural para cubrir las\" \/>\n<meta property=\"og:url\" content=\"https:\/\/www.mentaymora.com\/index.php\/producto\/jeju-base-maquillaje-no-make-up\/\" \/>\n<meta property=\"og:site_name\" content=\"Menta y Mora\" \/>\n<meta property=\"article:publisher\" content=\"https:\/\/es-es.facebook.com\/MentayMora\/\" \/>\n<meta property=\"article:modified_time\" content=\"2021-05-06T16:56:28+00:00\" \/>\n<meta property=\"og:image\" content=\"https:\/\/i1.wp.com\/www.mentaymora.com\/wp-content\/uploads\/2021\/05\/Base-de-Maquillaje-1.jpg?fit=600%2C600&ssl=1\" \/>\n\t<meta property=\"og:image:width\" content=\"600\" \/>\n\t<meta property=\"og:image:height\" content=\"600\" \/>\n\t<meta property=\"og:image:type\" content=\"image\/jpeg\" \/>\n<meta name=\"twitter:card\" content=\"summary_large_image\" \/>\n<meta name=\"twitter:label1\" content=\"Tiempo de lectura\" \/>\n\t<meta name=\"twitter:data1\" content=\"1 minuto\" \/>\n<script type=\"application\/ld+json\" class=\"yoast-schema-graph\">{\"@context\":\"https:\\\/\\\/schema.org\",\"@graph\":[{\"@type\":\"WebPage\",\"@id\":\"https:\\\/\\\/www.mentaymora.com\\\/index.php\\\/producto\\\/jeju-base-maquillaje-no-make-up\\\/\",\"url\":\"https:\\\/\\\/www.mentaymora.com\\\/index.php\\\/producto\\\/jeju-base-maquillaje-no-make-up\\\/\",\"name\":\"JEJU Base Maquillaje \\\"No Make up\\\" - Menta y Mora - Tienda Online\",\"isPartOf\":{\"@id\":\"https:\\\/\\\/www.mentaymora.com\\\/#website\"},\"primaryImageOfPage\":{\"@id\":\"https:\\\/\\\/www.mentaymora.com\\\/index.php\\\/producto\\\/jeju-base-maquillaje-no-make-up\\\/#primaryimage\"},\"image\":{\"@id\":\"https:\\\/\\\/www.mentaymora.com\\\/index.php\\\/producto\\\/jeju-base-maquillaje-no-make-up\\\/#primaryimage\"},\"thumbnailUrl\":\"https:\\\/\\\/www.mentaymora.com\\\/wp-content\\\/uploads\\\/2021\\\/05\\\/Base-de-Maquillaje-1.jpg\",\"datePublished\":\"2021-05-06T14:35:16+00:00\",\"dateModified\":\"2021-05-06T16:56:28+00:00\",\"description\":\"JEJU Base Maquillaje \\\"No Make up\\\". Base de maquillaje \\\"no make-up\\\" color natural. Fluido de delicado tono natural para cubrir las\",\"breadcrumb\":{\"@id\":\"https:\\\/\\\/www.mentaymora.com\\\/index.php\\\/producto\\\/jeju-base-maquillaje-no-make-up\\\/#breadcrumb\"},\"inLanguage\":\"es\",\"potentialAction\":[{\"@type\":\"ReadAction\",\"target\":[\"https:\\\/\\\/www.mentaymora.com\\\/index.php\\\/producto\\\/jeju-base-maquillaje-no-make-up\\\/\"]}]},{\"@type\":\"ImageObject\",\"inLanguage\":\"es\",\"@id\":\"https:\\\/\\\/www.mentaymora.com\\\/index.php\\\/producto\\\/jeju-base-maquillaje-no-make-up\\\/#primaryimage\",\"url\":\"https:\\\/\\\/www.mentaymora.com\\\/wp-content\\\/uploads\\\/2021\\\/05\\\/Base-de-Maquillaje-1.jpg\",\"contentUrl\":\"https:\\\/\\\/www.mentaymora.com\\\/wp-content\\\/uploads\\\/2021\\\/05\\\/Base-de-Maquillaje-1.jpg\",\"width\":600,\"height\":600,\"caption\":\"Base de Maquillaje 1\"},{\"@type\":\"BreadcrumbList\",\"@id\":\"https:\\\/\\\/www.mentaymora.com\\\/index.php\\\/producto\\\/jeju-base-maquillaje-no-make-up\\\/#breadcrumb\",\"itemListElement\":[{\"@type\":\"ListItem\",\"position\":1,\"name\":\"Portada\",\"item\":\"https:\\\/\\\/www.mentaymora.com\\\/\"},{\"@type\":\"ListItem\",\"position\":2,\"name\":\"Productos\",\"item\":\"https:\\\/\\\/www.mentaymora.com\\\/index.php\\\/tienda\\\/\"},{\"@type\":\"ListItem\",\"position\":3,\"name\":\"JEJU Base Maquillaje \u00abNo Make up\u00bb\"}]},{\"@type\":\"WebSite\",\"@id\":\"https:\\\/\\\/www.mentaymora.com\\\/#website\",\"url\":\"https:\\\/\\\/www.mentaymora.com\\\/\",\"name\":\"Menta y Mora\",\"description\":\"Regalos y Complementos\",\"publisher\":{\"@id\":\"https:\\\/\\\/www.mentaymora.com\\\/#organization\"},\"potentialAction\":[{\"@type\":\"SearchAction\",\"target\":{\"@type\":\"EntryPoint\",\"urlTemplate\":\"https:\\\/\\\/www.mentaymora.com\\\/?s={search_term_string}\"},\"query-input\":{\"@type\":\"PropertyValueSpecification\",\"valueRequired\":true,\"valueName\":\"search_term_string\"}}],\"inLanguage\":\"es\"},{\"@type\":\"Organization\",\"@id\":\"https:\\\/\\\/www.mentaymora.com\\\/#organization\",\"name\":\"Menta y Mora\",\"url\":\"https:\\\/\\\/www.mentaymora.com\\\/\",\"logo\":{\"@type\":\"ImageObject\",\"inLanguage\":\"es\",\"@id\":\"https:\\\/\\\/www.mentaymora.com\\\/#\\\/schema\\\/logo\\\/image\\\/\",\"url\":\"https:\\\/\\\/www.mentaymora.com\\\/wp-content\\\/uploads\\\/2021\\\/07\\\/Logo.jpg\",\"contentUrl\":\"https:\\\/\\\/www.mentaymora.com\\\/wp-content\\\/uploads\\\/2021\\\/07\\\/Logo.jpg\",\"width\":1172,\"height\":1172,\"caption\":\"Menta y Mora\"},\"image\":{\"@id\":\"https:\\\/\\\/www.mentaymora.com\\\/#\\\/schema\\\/logo\\\/image\\\/\"},\"sameAs\":[\"https:\\\/\\\/es-es.facebook.com\\\/MentayMora\\\/\",\"https:\\\/\\\/www.instagram.com\\\/mentaymora.illescas\\\/?hl=es\",\"https:\\\/\\\/www.youtube.com\\\/channel\\\/UCuMMtdck_1XS-MyW6ZnBAlw\"]}]}<\/script>\n<!-- \/ Yoast SEO plugin. -->","yoast_head_json":{"title":"JEJU Base Maquillaje \"No Make up\" - Menta y Mora - Tienda Online","description":"JEJU Base Maquillaje \"No Make up\". Base de maquillaje \"no make-up\" color natural. Fluido de delicado tono natural para cubrir las","robots":{"index":"index","follow":"follow","max-snippet":"max-snippet:-1","max-image-preview":"max-image-preview:large","max-video-preview":"max-video-preview:-1"},"canonical":"https:\/\/www.mentaymora.com\/index.php\/producto\/jeju-base-maquillaje-no-make-up\/","og_locale":"es_ES","og_type":"article","og_title":"JEJU Base Maquillaje \"No Make up\" - Menta y Mora - Tienda Online","og_description":"JEJU Base Maquillaje \"No Make up\". Base de maquillaje \"no make-up\" color natural. Fluido de delicado tono natural para cubrir las","og_url":"https:\/\/www.mentaymora.com\/index.php\/producto\/jeju-base-maquillaje-no-make-up\/","og_site_name":"Menta y Mora","article_publisher":"https:\/\/es-es.facebook.com\/MentayMora\/","article_modified_time":"2021-05-06T16:56:28+00:00","og_image":[{"width":600,"height":600,"url":"https:\/\/i1.wp.com\/www.mentaymora.com\/wp-content\/uploads\/2021\/05\/Base-de-Maquillaje-1.jpg?fit=600%2C600&ssl=1","type":"image\/jpeg"}],"twitter_card":"summary_large_image","twitter_misc":{"Tiempo de lectura":"1 minuto"},"schema":{"@context":"https:\/\/schema.org","@graph":[{"@type":"WebPage","@id":"https:\/\/www.mentaymora.com\/index.php\/producto\/jeju-base-maquillaje-no-make-up\/","url":"https:\/\/www.mentaymora.com\/index.php\/producto\/jeju-base-maquillaje-no-make-up\/","name":"JEJU Base Maquillaje \"No Make up\" - Menta y Mora - Tienda Online","isPartOf":{"@id":"https:\/\/www.mentaymora.com\/#website"},"primaryImageOfPage":{"@id":"https:\/\/www.mentaymora.com\/index.php\/producto\/jeju-base-maquillaje-no-make-up\/#primaryimage"},"image":{"@id":"https:\/\/www.mentaymora.com\/index.php\/producto\/jeju-base-maquillaje-no-make-up\/#primaryimage"},"thumbnailUrl":"https:\/\/www.mentaymora.com\/wp-content\/uploads\/2021\/05\/Base-de-Maquillaje-1.jpg","datePublished":"2021-05-06T14:35:16+00:00","dateModified":"2021-05-06T16:56:28+00:00","description":"JEJU Base Maquillaje \"No Make up\". Base de maquillaje \"no make-up\" color natural. Fluido de delicado tono natural para cubrir las","breadcrumb":{"@id":"https:\/\/www.mentaymora.com\/index.php\/producto\/jeju-base-maquillaje-no-make-up\/#breadcrumb"},"inLanguage":"es","potentialAction":[{"@type":"ReadAction","target":["https:\/\/www.mentaymora.com\/index.php\/producto\/jeju-base-maquillaje-no-make-up\/"]}]},{"@type":"ImageObject","inLanguage":"es","@id":"https:\/\/www.mentaymora.com\/index.php\/producto\/jeju-base-maquillaje-no-make-up\/#primaryimage","url":"https:\/\/www.mentaymora.com\/wp-content\/uploads\/2021\/05\/Base-de-Maquillaje-1.jpg","contentUrl":"https:\/\/www.mentaymora.com\/wp-content\/uploads\/2021\/05\/Base-de-Maquillaje-1.jpg","width":600,"height":600,"caption":"Base de Maquillaje 1"},{"@type":"BreadcrumbList","@id":"https:\/\/www.mentaymora.com\/index.php\/producto\/jeju-base-maquillaje-no-make-up\/#breadcrumb","itemListElement":[{"@type":"ListItem","position":1,"name":"Portada","item":"https:\/\/www.mentaymora.com\/"},{"@type":"ListItem","position":2,"name":"Productos","item":"https:\/\/www.mentaymora.com\/index.php\/tienda\/"},{"@type":"ListItem","position":3,"name":"JEJU Base Maquillaje \u00abNo Make up\u00bb"}]},{"@type":"WebSite","@id":"https:\/\/www.mentaymora.com\/#website","url":"https:\/\/www.mentaymora.com\/","name":"Menta y Mora","description":"Regalos y Complementos","publisher":{"@id":"https:\/\/www.mentaymora.com\/#organization"},"potentialAction":[{"@type":"SearchAction","target":{"@type":"EntryPoint","urlTemplate":"https:\/\/www.mentaymora.com\/?s={search_term_string}"},"query-input":{"@type":"PropertyValueSpecification","valueRequired":true,"valueName":"search_term_string"}}],"inLanguage":"es"},{"@type":"Organization","@id":"https:\/\/www.mentaymora.com\/#organization","name":"Menta y Mora","url":"https:\/\/www.mentaymora.com\/","logo":{"@type":"ImageObject","inLanguage":"es","@id":"https:\/\/www.mentaymora.com\/#\/schema\/logo\/image\/","url":"https:\/\/www.mentaymora.com\/wp-content\/uploads\/2021\/07\/Logo.jpg","contentUrl":"https:\/\/www.mentaymora.com\/wp-content\/uploads\/2021\/07\/Logo.jpg","width":1172,"height":1172,"caption":"Menta y Mora"},"image":{"@id":"https:\/\/www.mentaymora.com\/#\/schema\/logo\/image\/"},"sameAs":["https:\/\/es-es.facebook.com\/MentayMora\/","https:\/\/www.instagram.com\/mentaymora.illescas\/?hl=es","https:\/\/www.youtube.com\/channel\/UCuMMtdck_1XS-MyW6ZnBAlw"]}]}},"_links":{"self":[{"href":"https:\/\/www.mentaymora.com\/index.php\/wp-json\/wp\/v2\/product\/2048","targetHints":{"allow":["GET"]}}],"collection":[{"href":"https:\/\/www.mentaymora.com\/index.php\/wp-json\/wp\/v2\/product"}],"about":[{"href":"https:\/\/www.mentaymora.com\/index.php\/wp-json\/wp\/v2\/types\/product"}],"replies":[{"embeddable":true,"href":"https:\/\/www.mentaymora.com\/index.php\/wp-json\/wp\/v2\/comments?post=2048"}],"wp:featuredmedia":[{"embeddable":true,"href":"https:\/\/www.mentaymora.com\/index.php\/wp-json\/wp\/v2\/media\/2097"}],"wp:attachment":[{"href":"https:\/\/www.mentaymora.com\/index.php\/wp-json\/wp\/v2\/media?parent=2048"}],"wp:term":[{"taxonomy":"product_brand","embeddable":true,"href":"https:\/\/www.mentaymora.com\/index.php\/wp-json\/wp\/v2\/product_brand?post=2048"},{"taxonomy":"product_cat","embeddable":true,"href":"https:\/\/www.mentaymora.com\/index.php\/wp-json\/wp\/v2\/product_cat?post=2048"},{"taxonomy":"product_tag","embeddable":true,"href":"https:\/\/www.mentaymora.com\/index.php\/wp-json\/wp\/v2\/product_tag?post=2048"}],"curies":[{"name":"wp","href":"https:\/\/api.w.org\/{rel}","templated":true}]}}