{"id":20510,"date":"2025-11-22T12:49:11","date_gmt":"2025-11-22T11:49:11","guid":{"rendered":"https:\/\/www.mentaymora.com\/?post_type=product&#038;p=20510"},"modified":"2026-01-27T09:33:05","modified_gmt":"2026-01-27T08:33:05","slug":"ratona-rosa-personalizado","status":"publish","type":"product","link":"https:\/\/www.mentaymora.com\/index.php\/producto\/ratona-rosa-personalizado\/","title":{"rendered":"Ratona ROSA Personalizado"},"content":{"rendered":"<div class=\"elementor-element elementor-element-695b96d elementor-widget elementor-widget-woocommerce-product-title elementor-page-title elementor-widget-heading\" data-id=\"695b96d\" data-element_type=\"widget\" data-widget_type=\"woocommerce-product-title.default\">\n<div class=\"elementor-widget-container\">\n<p class=\"product_title entry-title elementor-heading-title elementor-size-default\">Ratona ROSA Personalizado<\/p>\n<\/div>\n<\/div>\n<div class=\"elementor-element elementor-element-912f065 elementor-widget elementor-widget-woocommerce-product-price\" data-id=\"912f065\" data-element_type=\"widget\" data-widget_type=\"woocommerce-product-price.default\">\n<div class=\"elementor-widget-container\">\n<p><strong>Suave, Personalizable y Adorable<\/strong><\/p>\n<p>Este encantador\u00a0<strong>mu\u00f1eco en forma de ratoncito o ratoncita<\/strong>\u00a0tiene un\u00a0<strong>tacto aterciopelado<\/strong>\u00a0y un dise\u00f1o tierno que lo convierte en el compa\u00f1ero perfecto para los m\u00e1s peque\u00f1os.<\/p>\n<p><strong>Caracter\u00edsticas:<\/strong><\/p>\n<ul>\n<li><strong>Personalizable<\/strong>\u00a0con el nombre del beb\u00e9 en\u00a0<strong>vinilo adhesivo textil<\/strong>.<\/li>\n<li><strong>Suave y acogedor<\/strong>, ideal para abrazar y jugar.<\/li>\n<li><strong>Tama\u00f1o aproximado: 40 cm de alto<\/strong>.<\/li>\n<\/ul>\n<p>Un regalo especial y \u00fanico para los m\u00e1s peque\u00f1os, lleno de ternura y personalizaci\u00f3n.<\/p>\n<p style=\"text-align: center\"><a href=\"https:\/\/www.mentaymora.com\/\">Menta y Mora<\/a>\u00a0Te Enamora\u00a0 \u00a0 \u00a0 S\u00edguenos en nuestras RRSS (<a href=\"https:\/\/es-es.facebook.com\/MentayMora\/\">Facebook<\/a>\u00a0e\u00a0<a href=\"https:\/\/www.instagram.com\/mentaymora.illescas\/?hl=es\">Instagram<\/a>)\u00a0 \u00a0 \u00a0 \u00a0Si tienes alguna consulta,\u00a0<a href=\"mailto:%20info@mentaymora.com\">preg\u00fantanos<\/a><\/p>\n<section class=\"elementor-section elementor-top-section elementor-element elementor-element-d73550a elementor-section-full_width elementor-section-height-default elementor-section-height-default\" data-id=\"d73550a\" data-element_type=\"section\">\n<div class=\"elementor-container elementor-column-gap-default\">\n<div class=\"elementor-column elementor-col-100 elementor-top-column elementor-element elementor-element-e2d3dab\" data-id=\"e2d3dab\" data-element_type=\"column\">\n<div class=\"elementor-widget-wrap elementor-element-populated\">\n<div class=\"elementor-element elementor-element-355db185 elementor-grid-5 elementor-product-loop-item--align-center elementor-grid-tablet-3 elementor-grid-mobile-2 elementor-products-grid elementor-wc-products show-heading-yes elementor-widget elementor-widget-woocommerce-product-related\" data-id=\"355db185\" data-element_type=\"widget\" data-widget_type=\"woocommerce-product-related.default\">\n<div class=\"elementor-widget-container\">\u00a0<\/div>\n<\/div>\n<\/div>\n<\/div>\n<\/div>\n<\/section>\n<\/div>\n<\/div>\n","protected":false},"excerpt":{"rendered":"<div class=\"elementor-element elementor-element-1824955 elementor-widget elementor-widget-woocommerce-product-short-description\" data-id=\"1824955\" data-element_type=\"widget\" data-widget_type=\"woocommerce-product-short-description.default\">\n<div class=\"elementor-widget-container\">\n<div class=\"woocommerce-product-details__short-description\">\n<p>Este encantador\u00a0<strong>mu\u00f1eco en forma de ratoncito o ratoncita<\/strong>\u00a0tiene un\u00a0<strong>tacto aterciopelado<\/strong>\u00a0y un dise\u00f1o tierno que lo convierte en el compa\u00f1ero perfecto para los m\u00e1s peque\u00f1os.<\/p>\n<ul>\n<li><strong>Env\u00edo:<\/strong>\u00a02-3 d\u00edas h\u00e1biles<\/li>\n<li><strong>Tama\u00f1o:<\/strong>\u00a040cm de altura<\/li>\n<li><strong>Letra Predeterminada:<\/strong>\u00a0Redondela<\/li>\n<\/ul>\n<\/div>\n<\/div>\n<\/div>\n","protected":false},"featured_media":20507,"comment_status":"open","ping_status":"closed","template":"","meta":{"_acf_changed":false,"_joinchat":[]},"product_brand":[1539],"product_cat":[1406],"product_tag":[1330,1703],"class_list":{"0":"post-20510","1":"product","2":"type-product","3":"status-publish","4":"has-post-thumbnail","6":"product_brand-menta-y-mora","7":"product_cat-peluches","8":"product_tag-peluche","9":"product_tag-raton","10":"latest_post","12":"first","13":"instock","14":"taxable","15":"shipping-taxable","16":"purchasable","17":"product-type-simple"},"acf":[],"yoast_head":"<!-- This site is optimized with the Yoast SEO plugin v27.4 - https:\/\/yoast.com\/product\/yoast-seo-wordpress\/ -->\n<title>Ratona ROSA Personalizado - Menta y Mora<\/title>\n<meta name=\"description\" content=\"Ratona ROSA Personalizado Suave, Personalizable y Adorable Este encantador\u00a0mu\u00f1eco en forma de ratoncito o ratoncita\u00a0tiene un\u00a0tacto aterciopelado\" \/>\n<meta name=\"robots\" content=\"index, follow, max-snippet:-1, max-image-preview:large, max-video-preview:-1\" \/>\n<link rel=\"canonical\" href=\"https:\/\/www.mentaymora.com\/index.php\/producto\/ratona-rosa-personalizado\/\" \/>\n<meta property=\"og:locale\" content=\"es_ES\" \/>\n<meta property=\"og:type\" content=\"article\" \/>\n<meta property=\"og:title\" content=\"Ratona ROSA Personalizado - Menta y Mora\" \/>\n<meta property=\"og:description\" content=\"Ratona ROSA Personalizado Suave, Personalizable y Adorable Este encantador\u00a0mu\u00f1eco en forma de ratoncito o ratoncita\u00a0tiene un\u00a0tacto aterciopelado\" \/>\n<meta property=\"og:url\" content=\"https:\/\/www.mentaymora.com\/index.php\/producto\/ratona-rosa-personalizado\/\" \/>\n<meta property=\"og:site_name\" content=\"Menta y Mora\" \/>\n<meta property=\"article:publisher\" content=\"https:\/\/es-es.facebook.com\/MentayMora\/\" \/>\n<meta property=\"article:modified_time\" content=\"2026-01-27T08:33:05+00:00\" \/>\n<meta property=\"og:image\" content=\"https:\/\/www.mentaymora.com\/wp-content\/uploads\/2024\/07\/peluche_ratona_personalizado.jpg\" \/>\n\t<meta property=\"og:image:width\" content=\"802\" \/>\n\t<meta property=\"og:image:height\" content=\"803\" \/>\n\t<meta property=\"og:image:type\" content=\"image\/jpeg\" \/>\n<meta name=\"twitter:card\" content=\"summary_large_image\" \/>\n<meta name=\"twitter:label1\" content=\"Tiempo de lectura\" \/>\n\t<meta name=\"twitter:data1\" content=\"1 minuto\" \/>\n<script type=\"application\/ld+json\" class=\"yoast-schema-graph\">{\"@context\":\"https:\\\/\\\/schema.org\",\"@graph\":[{\"@type\":\"WebPage\",\"@id\":\"https:\\\/\\\/www.mentaymora.com\\\/index.php\\\/producto\\\/ratona-rosa-personalizado\\\/\",\"url\":\"https:\\\/\\\/www.mentaymora.com\\\/index.php\\\/producto\\\/ratona-rosa-personalizado\\\/\",\"name\":\"Ratona ROSA Personalizado - Menta y Mora\",\"isPartOf\":{\"@id\":\"https:\\\/\\\/www.mentaymora.com\\\/#website\"},\"primaryImageOfPage\":{\"@id\":\"https:\\\/\\\/www.mentaymora.com\\\/index.php\\\/producto\\\/ratona-rosa-personalizado\\\/#primaryimage\"},\"image\":{\"@id\":\"https:\\\/\\\/www.mentaymora.com\\\/index.php\\\/producto\\\/ratona-rosa-personalizado\\\/#primaryimage\"},\"thumbnailUrl\":\"https:\\\/\\\/www.mentaymora.com\\\/wp-content\\\/uploads\\\/2024\\\/07\\\/peluche_ratona_personalizado.jpg\",\"datePublished\":\"2025-11-22T11:49:11+00:00\",\"dateModified\":\"2026-01-27T08:33:05+00:00\",\"description\":\"Ratona ROSA Personalizado Suave, Personalizable y Adorable Este encantador\u00a0mu\u00f1eco en forma de ratoncito o ratoncita\u00a0tiene un\u00a0tacto aterciopelado\",\"breadcrumb\":{\"@id\":\"https:\\\/\\\/www.mentaymora.com\\\/index.php\\\/producto\\\/ratona-rosa-personalizado\\\/#breadcrumb\"},\"inLanguage\":\"es\",\"potentialAction\":[{\"@type\":\"ReadAction\",\"target\":[\"https:\\\/\\\/www.mentaymora.com\\\/index.php\\\/producto\\\/ratona-rosa-personalizado\\\/\"]}]},{\"@type\":\"ImageObject\",\"inLanguage\":\"es\",\"@id\":\"https:\\\/\\\/www.mentaymora.com\\\/index.php\\\/producto\\\/ratona-rosa-personalizado\\\/#primaryimage\",\"url\":\"https:\\\/\\\/www.mentaymora.com\\\/wp-content\\\/uploads\\\/2024\\\/07\\\/peluche_ratona_personalizado.jpg\",\"contentUrl\":\"https:\\\/\\\/www.mentaymora.com\\\/wp-content\\\/uploads\\\/2024\\\/07\\\/peluche_ratona_personalizado.jpg\",\"width\":802,\"height\":803,\"caption\":\"peluche ratona personalizado\"},{\"@type\":\"BreadcrumbList\",\"@id\":\"https:\\\/\\\/www.mentaymora.com\\\/index.php\\\/producto\\\/ratona-rosa-personalizado\\\/#breadcrumb\",\"itemListElement\":[{\"@type\":\"ListItem\",\"position\":1,\"name\":\"Portada\",\"item\":\"https:\\\/\\\/www.mentaymora.com\\\/\"},{\"@type\":\"ListItem\",\"position\":2,\"name\":\"Productos\",\"item\":\"https:\\\/\\\/www.mentaymora.com\\\/index.php\\\/tienda\\\/\"},{\"@type\":\"ListItem\",\"position\":3,\"name\":\"Ratona ROSA Personalizado\"}]},{\"@type\":\"WebSite\",\"@id\":\"https:\\\/\\\/www.mentaymora.com\\\/#website\",\"url\":\"https:\\\/\\\/www.mentaymora.com\\\/\",\"name\":\"Menta y Mora\",\"description\":\"Regalos y Complementos\",\"publisher\":{\"@id\":\"https:\\\/\\\/www.mentaymora.com\\\/#organization\"},\"potentialAction\":[{\"@type\":\"SearchAction\",\"target\":{\"@type\":\"EntryPoint\",\"urlTemplate\":\"https:\\\/\\\/www.mentaymora.com\\\/?s={search_term_string}\"},\"query-input\":{\"@type\":\"PropertyValueSpecification\",\"valueRequired\":true,\"valueName\":\"search_term_string\"}}],\"inLanguage\":\"es\"},{\"@type\":\"Organization\",\"@id\":\"https:\\\/\\\/www.mentaymora.com\\\/#organization\",\"name\":\"Menta y Mora\",\"url\":\"https:\\\/\\\/www.mentaymora.com\\\/\",\"logo\":{\"@type\":\"ImageObject\",\"inLanguage\":\"es\",\"@id\":\"https:\\\/\\\/www.mentaymora.com\\\/#\\\/schema\\\/logo\\\/image\\\/\",\"url\":\"https:\\\/\\\/www.mentaymora.com\\\/wp-content\\\/uploads\\\/2021\\\/07\\\/Logo.jpg\",\"contentUrl\":\"https:\\\/\\\/www.mentaymora.com\\\/wp-content\\\/uploads\\\/2021\\\/07\\\/Logo.jpg\",\"width\":1172,\"height\":1172,\"caption\":\"Menta y Mora\"},\"image\":{\"@id\":\"https:\\\/\\\/www.mentaymora.com\\\/#\\\/schema\\\/logo\\\/image\\\/\"},\"sameAs\":[\"https:\\\/\\\/es-es.facebook.com\\\/MentayMora\\\/\",\"https:\\\/\\\/www.instagram.com\\\/mentaymora.illescas\\\/?hl=es\",\"https:\\\/\\\/www.youtube.com\\\/channel\\\/UCuMMtdck_1XS-MyW6ZnBAlw\"]}]}<\/script>\n<!-- \/ Yoast SEO plugin. -->","yoast_head_json":{"title":"Ratona ROSA Personalizado - Menta y Mora","description":"Ratona ROSA Personalizado Suave, Personalizable y Adorable Este encantador\u00a0mu\u00f1eco en forma de ratoncito o ratoncita\u00a0tiene un\u00a0tacto aterciopelado","robots":{"index":"index","follow":"follow","max-snippet":"max-snippet:-1","max-image-preview":"max-image-preview:large","max-video-preview":"max-video-preview:-1"},"canonical":"https:\/\/www.mentaymora.com\/index.php\/producto\/ratona-rosa-personalizado\/","og_locale":"es_ES","og_type":"article","og_title":"Ratona ROSA Personalizado - Menta y Mora","og_description":"Ratona ROSA Personalizado Suave, Personalizable y Adorable Este encantador\u00a0mu\u00f1eco en forma de ratoncito o ratoncita\u00a0tiene un\u00a0tacto aterciopelado","og_url":"https:\/\/www.mentaymora.com\/index.php\/producto\/ratona-rosa-personalizado\/","og_site_name":"Menta y Mora","article_publisher":"https:\/\/es-es.facebook.com\/MentayMora\/","article_modified_time":"2026-01-27T08:33:05+00:00","og_image":[{"width":802,"height":803,"url":"https:\/\/www.mentaymora.com\/wp-content\/uploads\/2024\/07\/peluche_ratona_personalizado.jpg","type":"image\/jpeg"}],"twitter_card":"summary_large_image","twitter_misc":{"Tiempo de lectura":"1 minuto"},"schema":{"@context":"https:\/\/schema.org","@graph":[{"@type":"WebPage","@id":"https:\/\/www.mentaymora.com\/index.php\/producto\/ratona-rosa-personalizado\/","url":"https:\/\/www.mentaymora.com\/index.php\/producto\/ratona-rosa-personalizado\/","name":"Ratona ROSA Personalizado - Menta y Mora","isPartOf":{"@id":"https:\/\/www.mentaymora.com\/#website"},"primaryImageOfPage":{"@id":"https:\/\/www.mentaymora.com\/index.php\/producto\/ratona-rosa-personalizado\/#primaryimage"},"image":{"@id":"https:\/\/www.mentaymora.com\/index.php\/producto\/ratona-rosa-personalizado\/#primaryimage"},"thumbnailUrl":"https:\/\/www.mentaymora.com\/wp-content\/uploads\/2024\/07\/peluche_ratona_personalizado.jpg","datePublished":"2025-11-22T11:49:11+00:00","dateModified":"2026-01-27T08:33:05+00:00","description":"Ratona ROSA Personalizado Suave, Personalizable y Adorable Este encantador\u00a0mu\u00f1eco en forma de ratoncito o ratoncita\u00a0tiene un\u00a0tacto aterciopelado","breadcrumb":{"@id":"https:\/\/www.mentaymora.com\/index.php\/producto\/ratona-rosa-personalizado\/#breadcrumb"},"inLanguage":"es","potentialAction":[{"@type":"ReadAction","target":["https:\/\/www.mentaymora.com\/index.php\/producto\/ratona-rosa-personalizado\/"]}]},{"@type":"ImageObject","inLanguage":"es","@id":"https:\/\/www.mentaymora.com\/index.php\/producto\/ratona-rosa-personalizado\/#primaryimage","url":"https:\/\/www.mentaymora.com\/wp-content\/uploads\/2024\/07\/peluche_ratona_personalizado.jpg","contentUrl":"https:\/\/www.mentaymora.com\/wp-content\/uploads\/2024\/07\/peluche_ratona_personalizado.jpg","width":802,"height":803,"caption":"peluche ratona personalizado"},{"@type":"BreadcrumbList","@id":"https:\/\/www.mentaymora.com\/index.php\/producto\/ratona-rosa-personalizado\/#breadcrumb","itemListElement":[{"@type":"ListItem","position":1,"name":"Portada","item":"https:\/\/www.mentaymora.com\/"},{"@type":"ListItem","position":2,"name":"Productos","item":"https:\/\/www.mentaymora.com\/index.php\/tienda\/"},{"@type":"ListItem","position":3,"name":"Ratona ROSA Personalizado"}]},{"@type":"WebSite","@id":"https:\/\/www.mentaymora.com\/#website","url":"https:\/\/www.mentaymora.com\/","name":"Menta y Mora","description":"Regalos y Complementos","publisher":{"@id":"https:\/\/www.mentaymora.com\/#organization"},"potentialAction":[{"@type":"SearchAction","target":{"@type":"EntryPoint","urlTemplate":"https:\/\/www.mentaymora.com\/?s={search_term_string}"},"query-input":{"@type":"PropertyValueSpecification","valueRequired":true,"valueName":"search_term_string"}}],"inLanguage":"es"},{"@type":"Organization","@id":"https:\/\/www.mentaymora.com\/#organization","name":"Menta y Mora","url":"https:\/\/www.mentaymora.com\/","logo":{"@type":"ImageObject","inLanguage":"es","@id":"https:\/\/www.mentaymora.com\/#\/schema\/logo\/image\/","url":"https:\/\/www.mentaymora.com\/wp-content\/uploads\/2021\/07\/Logo.jpg","contentUrl":"https:\/\/www.mentaymora.com\/wp-content\/uploads\/2021\/07\/Logo.jpg","width":1172,"height":1172,"caption":"Menta y Mora"},"image":{"@id":"https:\/\/www.mentaymora.com\/#\/schema\/logo\/image\/"},"sameAs":["https:\/\/es-es.facebook.com\/MentayMora\/","https:\/\/www.instagram.com\/mentaymora.illescas\/?hl=es","https:\/\/www.youtube.com\/channel\/UCuMMtdck_1XS-MyW6ZnBAlw"]}]}},"_links":{"self":[{"href":"https:\/\/www.mentaymora.com\/index.php\/wp-json\/wp\/v2\/product\/20510","targetHints":{"allow":["GET"]}}],"collection":[{"href":"https:\/\/www.mentaymora.com\/index.php\/wp-json\/wp\/v2\/product"}],"about":[{"href":"https:\/\/www.mentaymora.com\/index.php\/wp-json\/wp\/v2\/types\/product"}],"replies":[{"embeddable":true,"href":"https:\/\/www.mentaymora.com\/index.php\/wp-json\/wp\/v2\/comments?post=20510"}],"wp:featuredmedia":[{"embeddable":true,"href":"https:\/\/www.mentaymora.com\/index.php\/wp-json\/wp\/v2\/media\/20507"}],"wp:attachment":[{"href":"https:\/\/www.mentaymora.com\/index.php\/wp-json\/wp\/v2\/media?parent=20510"}],"wp:term":[{"taxonomy":"product_brand","embeddable":true,"href":"https:\/\/www.mentaymora.com\/index.php\/wp-json\/wp\/v2\/product_brand?post=20510"},{"taxonomy":"product_cat","embeddable":true,"href":"https:\/\/www.mentaymora.com\/index.php\/wp-json\/wp\/v2\/product_cat?post=20510"},{"taxonomy":"product_tag","embeddable":true,"href":"https:\/\/www.mentaymora.com\/index.php\/wp-json\/wp\/v2\/product_tag?post=20510"}],"curies":[{"name":"wp","href":"https:\/\/api.w.org\/{rel}","templated":true}]}}