{"id":20706,"date":"2025-12-12T19:58:41","date_gmt":"2025-12-12T18:58:41","guid":{"rendered":"https:\/\/www.mentaymora.com\/?post_type=product&#038;p=20706"},"modified":"2025-12-12T20:10:07","modified_gmt":"2025-12-12T19:10:07","slug":"te-rojo-pu-erh-cacao-vainilla-100grs","status":"publish","type":"product","link":"https:\/\/www.mentaymora.com\/index.php\/producto\/te-rojo-pu-erh-cacao-vainilla-100grs\/","title":{"rendered":"T\u00e9 Rojo Pu-Erh Cacao Vainilla 100grs"},"content":{"rendered":"<p>T\u00e9 Rojo Pu-Erh Cacao Vainilla 100grs<\/p>\n<p data-start=\"285\" data-end=\"608\">El <strong data-start=\"288\" data-end=\"321\">T\u00e9 Rojo Pu-Erh Cacao Vainilla<\/strong> es una cuidada mezcla pensada para quienes buscan sabores envolventes y bien equilibrados. Su base de t\u00e9 rojo Pu-Erh aporta intensidad y profundidad, combin\u00e1ndose con c\u00e1scara de cacao y aromas naturales de chocolate y vainilla que redondean la infusi\u00f3n con matices c\u00e1lidos y agradables.<\/p>\n<p data-start=\"610\" data-end=\"901\">El resultado es un t\u00e9 con cuerpo, arom\u00e1tico y reconfortante, perfecto para disfrutar a lo largo del d\u00eda gracias a su contenido en te\u00edna. Para apreciar plenamente su sabor y propiedades, se recomienda un <strong data-start=\"813\" data-end=\"852\">tiempo de infusi\u00f3n de 2 a 3 minutos<\/strong> y una <strong data-start=\"859\" data-end=\"900\">temperatura del agua entre 75 y 80 \u00baC<\/strong>.<\/p>\n<p data-start=\"903\" data-end=\"1071\" data-is-last-node=\"\" data-is-only-node=\"\">Una opci\u00f3n ideal para quienes valoran el t\u00e9 rojo con toques dulces y tradicionales, pensado para saborearse con calma y convertir cada taza en un peque\u00f1o ritual diario.<\/p>\n<p style=\"text-align: center;\" data-start=\"881\" data-end=\"1235\" data-is-last-node=\"\" data-is-only-node=\"\"><a href=\"https:\/\/www.mentaymora.com\/\">Menta y Mora<\/a>\u00a0Te Enamora\u00a0 \u00a0 S\u00edguenos en nuestras RRSS (<a href=\"https:\/\/es-es.facebook.com\/MentayMora\/\">Facebook<\/a>\u00a0e\u00a0<a href=\"https:\/\/www.instagram.com\/mentaymora.illescas\/?hl=es\">Instagram<\/a>)\u00a0 \u00a0 Si tienes alguna consulta,\u00a0<a href=\"mailto:%20info@mentaymora.com\">preg\u00fantanos<\/a>.<\/p>\n","protected":false},"excerpt":{"rendered":"<p data-start=\"24\" data-end=\"254\">El <strong data-start=\"27\" data-end=\"60\">T\u00e9 Rojo Pu-Erh Cacao Vainilla<\/strong> es una infusi\u00f3n intensa y arom\u00e1tica que combina t\u00e9 rojo con notas profundas de cacao y un suave toque de vainilla. Con te\u00edna, es ideal para disfrutar de un t\u00e9 reconfortante y lleno de car\u00e1cter.<\/p>\n<p data-start=\"24\" data-end=\"289\"><strong>Envase:<\/strong> 100grs<\/p>\n","protected":false},"featured_media":20707,"comment_status":"open","ping_status":"closed","template":"","meta":{"_acf_changed":false,"_joinchat":[]},"product_brand":[1539],"product_cat":[1013],"product_tag":[1016],"class_list":{"0":"post-20706","1":"product","2":"type-product","3":"status-publish","4":"has-post-thumbnail","6":"product_brand-menta-y-mora","7":"product_cat-tes","8":"product_tag-te-rojo","9":"latest_post","11":"first","12":"instock","13":"taxable","14":"shipping-taxable","15":"purchasable","16":"product-type-simple"},"acf":[],"yoast_head":"<!-- This site is optimized with the Yoast SEO plugin v27.3 - https:\/\/yoast.com\/product\/yoast-seo-wordpress\/ -->\n<title>T\u00e9 Rojo Pu-Erh Cacao Vainilla 100grs - Menta y Mora<\/title>\n<meta name=\"description\" content=\"T\u00e9 Rojo Pu-Erh Cacao Vainilla 100grs El T\u00e9 Rojo Pu-Erh Cacao Vainilla es una cuidada mezcla pensada para quienes buscan sabores envolventes y bien\" \/>\n<meta name=\"robots\" content=\"index, follow, max-snippet:-1, max-image-preview:large, max-video-preview:-1\" \/>\n<link rel=\"canonical\" href=\"https:\/\/www.mentaymora.com\/index.php\/producto\/te-rojo-pu-erh-cacao-vainilla-100grs\/\" \/>\n<meta property=\"og:locale\" content=\"es_ES\" \/>\n<meta property=\"og:type\" content=\"article\" \/>\n<meta property=\"og:title\" content=\"T\u00e9 Rojo Pu-Erh Cacao Vainilla 100grs - Menta y Mora\" \/>\n<meta property=\"og:description\" content=\"T\u00e9 Rojo Pu-Erh Cacao Vainilla 100grs El T\u00e9 Rojo Pu-Erh Cacao Vainilla es una cuidada mezcla pensada para quienes buscan sabores envolventes y bien\" \/>\n<meta property=\"og:url\" content=\"https:\/\/www.mentaymora.com\/index.php\/producto\/te-rojo-pu-erh-cacao-vainilla-100grs\/\" \/>\n<meta property=\"og:site_name\" content=\"Menta y Mora\" \/>\n<meta property=\"article:publisher\" content=\"https:\/\/es-es.facebook.com\/MentayMora\/\" \/>\n<meta property=\"article:modified_time\" content=\"2025-12-12T19:10:07+00:00\" \/>\n<meta property=\"og:image\" content=\"https:\/\/www.mentaymora.com\/wp-content\/uploads\/2025\/12\/Te_Rojo_Cacao_vainilla.jpg.png\" \/>\n\t<meta property=\"og:image:width\" content=\"897\" \/>\n\t<meta property=\"og:image:height\" content=\"897\" \/>\n\t<meta property=\"og:image:type\" content=\"image\/png\" \/>\n<meta name=\"twitter:card\" content=\"summary_large_image\" \/>\n<meta name=\"twitter:label1\" content=\"Tiempo de lectura\" \/>\n\t<meta name=\"twitter:data1\" content=\"1 minuto\" \/>\n<script type=\"application\/ld+json\" class=\"yoast-schema-graph\">{\"@context\":\"https:\\\/\\\/schema.org\",\"@graph\":[{\"@type\":\"WebPage\",\"@id\":\"https:\\\/\\\/www.mentaymora.com\\\/index.php\\\/producto\\\/te-rojo-pu-erh-cacao-vainilla-100grs\\\/\",\"url\":\"https:\\\/\\\/www.mentaymora.com\\\/index.php\\\/producto\\\/te-rojo-pu-erh-cacao-vainilla-100grs\\\/\",\"name\":\"T\u00e9 Rojo Pu-Erh Cacao Vainilla 100grs - Menta y Mora\",\"isPartOf\":{\"@id\":\"https:\\\/\\\/www.mentaymora.com\\\/#website\"},\"primaryImageOfPage\":{\"@id\":\"https:\\\/\\\/www.mentaymora.com\\\/index.php\\\/producto\\\/te-rojo-pu-erh-cacao-vainilla-100grs\\\/#primaryimage\"},\"image\":{\"@id\":\"https:\\\/\\\/www.mentaymora.com\\\/index.php\\\/producto\\\/te-rojo-pu-erh-cacao-vainilla-100grs\\\/#primaryimage\"},\"thumbnailUrl\":\"https:\\\/\\\/www.mentaymora.com\\\/wp-content\\\/uploads\\\/2025\\\/12\\\/Te_Rojo_Cacao_vainilla.jpg.png\",\"datePublished\":\"2025-12-12T18:58:41+00:00\",\"dateModified\":\"2025-12-12T19:10:07+00:00\",\"description\":\"T\u00e9 Rojo Pu-Erh Cacao Vainilla 100grs El T\u00e9 Rojo Pu-Erh Cacao Vainilla es una cuidada mezcla pensada para quienes buscan sabores envolventes y bien\",\"breadcrumb\":{\"@id\":\"https:\\\/\\\/www.mentaymora.com\\\/index.php\\\/producto\\\/te-rojo-pu-erh-cacao-vainilla-100grs\\\/#breadcrumb\"},\"inLanguage\":\"es\",\"potentialAction\":[{\"@type\":\"ReadAction\",\"target\":[\"https:\\\/\\\/www.mentaymora.com\\\/index.php\\\/producto\\\/te-rojo-pu-erh-cacao-vainilla-100grs\\\/\"]}]},{\"@type\":\"ImageObject\",\"inLanguage\":\"es\",\"@id\":\"https:\\\/\\\/www.mentaymora.com\\\/index.php\\\/producto\\\/te-rojo-pu-erh-cacao-vainilla-100grs\\\/#primaryimage\",\"url\":\"https:\\\/\\\/www.mentaymora.com\\\/wp-content\\\/uploads\\\/2025\\\/12\\\/Te_Rojo_Cacao_vainilla.jpg.png\",\"contentUrl\":\"https:\\\/\\\/www.mentaymora.com\\\/wp-content\\\/uploads\\\/2025\\\/12\\\/Te_Rojo_Cacao_vainilla.jpg.png\",\"width\":897,\"height\":897,\"caption\":\"Te Rojo Cacao vainilla.jpg\"},{\"@type\":\"BreadcrumbList\",\"@id\":\"https:\\\/\\\/www.mentaymora.com\\\/index.php\\\/producto\\\/te-rojo-pu-erh-cacao-vainilla-100grs\\\/#breadcrumb\",\"itemListElement\":[{\"@type\":\"ListItem\",\"position\":1,\"name\":\"Portada\",\"item\":\"https:\\\/\\\/www.mentaymora.com\\\/\"},{\"@type\":\"ListItem\",\"position\":2,\"name\":\"Productos\",\"item\":\"https:\\\/\\\/www.mentaymora.com\\\/index.php\\\/tienda\\\/\"},{\"@type\":\"ListItem\",\"position\":3,\"name\":\"T\u00e9 Rojo Pu-Erh Cacao Vainilla 100grs\"}]},{\"@type\":\"WebSite\",\"@id\":\"https:\\\/\\\/www.mentaymora.com\\\/#website\",\"url\":\"https:\\\/\\\/www.mentaymora.com\\\/\",\"name\":\"Menta y Mora\",\"description\":\"Regalos y Complementos\",\"publisher\":{\"@id\":\"https:\\\/\\\/www.mentaymora.com\\\/#organization\"},\"potentialAction\":[{\"@type\":\"SearchAction\",\"target\":{\"@type\":\"EntryPoint\",\"urlTemplate\":\"https:\\\/\\\/www.mentaymora.com\\\/?s={search_term_string}\"},\"query-input\":{\"@type\":\"PropertyValueSpecification\",\"valueRequired\":true,\"valueName\":\"search_term_string\"}}],\"inLanguage\":\"es\"},{\"@type\":\"Organization\",\"@id\":\"https:\\\/\\\/www.mentaymora.com\\\/#organization\",\"name\":\"Menta y Mora\",\"url\":\"https:\\\/\\\/www.mentaymora.com\\\/\",\"logo\":{\"@type\":\"ImageObject\",\"inLanguage\":\"es\",\"@id\":\"https:\\\/\\\/www.mentaymora.com\\\/#\\\/schema\\\/logo\\\/image\\\/\",\"url\":\"https:\\\/\\\/www.mentaymora.com\\\/wp-content\\\/uploads\\\/2021\\\/07\\\/Logo.jpg\",\"contentUrl\":\"https:\\\/\\\/www.mentaymora.com\\\/wp-content\\\/uploads\\\/2021\\\/07\\\/Logo.jpg\",\"width\":1172,\"height\":1172,\"caption\":\"Menta y Mora\"},\"image\":{\"@id\":\"https:\\\/\\\/www.mentaymora.com\\\/#\\\/schema\\\/logo\\\/image\\\/\"},\"sameAs\":[\"https:\\\/\\\/es-es.facebook.com\\\/MentayMora\\\/\",\"https:\\\/\\\/www.instagram.com\\\/mentaymora.illescas\\\/?hl=es\",\"https:\\\/\\\/www.youtube.com\\\/channel\\\/UCuMMtdck_1XS-MyW6ZnBAlw\"]}]}<\/script>\n<!-- \/ Yoast SEO plugin. -->","yoast_head_json":{"title":"T\u00e9 Rojo Pu-Erh Cacao Vainilla 100grs - Menta y Mora","description":"T\u00e9 Rojo Pu-Erh Cacao Vainilla 100grs El T\u00e9 Rojo Pu-Erh Cacao Vainilla es una cuidada mezcla pensada para quienes buscan sabores envolventes y bien","robots":{"index":"index","follow":"follow","max-snippet":"max-snippet:-1","max-image-preview":"max-image-preview:large","max-video-preview":"max-video-preview:-1"},"canonical":"https:\/\/www.mentaymora.com\/index.php\/producto\/te-rojo-pu-erh-cacao-vainilla-100grs\/","og_locale":"es_ES","og_type":"article","og_title":"T\u00e9 Rojo Pu-Erh Cacao Vainilla 100grs - Menta y Mora","og_description":"T\u00e9 Rojo Pu-Erh Cacao Vainilla 100grs El T\u00e9 Rojo Pu-Erh Cacao Vainilla es una cuidada mezcla pensada para quienes buscan sabores envolventes y bien","og_url":"https:\/\/www.mentaymora.com\/index.php\/producto\/te-rojo-pu-erh-cacao-vainilla-100grs\/","og_site_name":"Menta y Mora","article_publisher":"https:\/\/es-es.facebook.com\/MentayMora\/","article_modified_time":"2025-12-12T19:10:07+00:00","og_image":[{"width":897,"height":897,"url":"https:\/\/www.mentaymora.com\/wp-content\/uploads\/2025\/12\/Te_Rojo_Cacao_vainilla.jpg.png","type":"image\/png"}],"twitter_card":"summary_large_image","twitter_misc":{"Tiempo de lectura":"1 minuto"},"schema":{"@context":"https:\/\/schema.org","@graph":[{"@type":"WebPage","@id":"https:\/\/www.mentaymora.com\/index.php\/producto\/te-rojo-pu-erh-cacao-vainilla-100grs\/","url":"https:\/\/www.mentaymora.com\/index.php\/producto\/te-rojo-pu-erh-cacao-vainilla-100grs\/","name":"T\u00e9 Rojo Pu-Erh Cacao Vainilla 100grs - Menta y Mora","isPartOf":{"@id":"https:\/\/www.mentaymora.com\/#website"},"primaryImageOfPage":{"@id":"https:\/\/www.mentaymora.com\/index.php\/producto\/te-rojo-pu-erh-cacao-vainilla-100grs\/#primaryimage"},"image":{"@id":"https:\/\/www.mentaymora.com\/index.php\/producto\/te-rojo-pu-erh-cacao-vainilla-100grs\/#primaryimage"},"thumbnailUrl":"https:\/\/www.mentaymora.com\/wp-content\/uploads\/2025\/12\/Te_Rojo_Cacao_vainilla.jpg.png","datePublished":"2025-12-12T18:58:41+00:00","dateModified":"2025-12-12T19:10:07+00:00","description":"T\u00e9 Rojo Pu-Erh Cacao Vainilla 100grs El T\u00e9 Rojo Pu-Erh Cacao Vainilla es una cuidada mezcla pensada para quienes buscan sabores envolventes y bien","breadcrumb":{"@id":"https:\/\/www.mentaymora.com\/index.php\/producto\/te-rojo-pu-erh-cacao-vainilla-100grs\/#breadcrumb"},"inLanguage":"es","potentialAction":[{"@type":"ReadAction","target":["https:\/\/www.mentaymora.com\/index.php\/producto\/te-rojo-pu-erh-cacao-vainilla-100grs\/"]}]},{"@type":"ImageObject","inLanguage":"es","@id":"https:\/\/www.mentaymora.com\/index.php\/producto\/te-rojo-pu-erh-cacao-vainilla-100grs\/#primaryimage","url":"https:\/\/www.mentaymora.com\/wp-content\/uploads\/2025\/12\/Te_Rojo_Cacao_vainilla.jpg.png","contentUrl":"https:\/\/www.mentaymora.com\/wp-content\/uploads\/2025\/12\/Te_Rojo_Cacao_vainilla.jpg.png","width":897,"height":897,"caption":"Te Rojo Cacao vainilla.jpg"},{"@type":"BreadcrumbList","@id":"https:\/\/www.mentaymora.com\/index.php\/producto\/te-rojo-pu-erh-cacao-vainilla-100grs\/#breadcrumb","itemListElement":[{"@type":"ListItem","position":1,"name":"Portada","item":"https:\/\/www.mentaymora.com\/"},{"@type":"ListItem","position":2,"name":"Productos","item":"https:\/\/www.mentaymora.com\/index.php\/tienda\/"},{"@type":"ListItem","position":3,"name":"T\u00e9 Rojo Pu-Erh Cacao Vainilla 100grs"}]},{"@type":"WebSite","@id":"https:\/\/www.mentaymora.com\/#website","url":"https:\/\/www.mentaymora.com\/","name":"Menta y Mora","description":"Regalos y Complementos","publisher":{"@id":"https:\/\/www.mentaymora.com\/#organization"},"potentialAction":[{"@type":"SearchAction","target":{"@type":"EntryPoint","urlTemplate":"https:\/\/www.mentaymora.com\/?s={search_term_string}"},"query-input":{"@type":"PropertyValueSpecification","valueRequired":true,"valueName":"search_term_string"}}],"inLanguage":"es"},{"@type":"Organization","@id":"https:\/\/www.mentaymora.com\/#organization","name":"Menta y Mora","url":"https:\/\/www.mentaymora.com\/","logo":{"@type":"ImageObject","inLanguage":"es","@id":"https:\/\/www.mentaymora.com\/#\/schema\/logo\/image\/","url":"https:\/\/www.mentaymora.com\/wp-content\/uploads\/2021\/07\/Logo.jpg","contentUrl":"https:\/\/www.mentaymora.com\/wp-content\/uploads\/2021\/07\/Logo.jpg","width":1172,"height":1172,"caption":"Menta y Mora"},"image":{"@id":"https:\/\/www.mentaymora.com\/#\/schema\/logo\/image\/"},"sameAs":["https:\/\/es-es.facebook.com\/MentayMora\/","https:\/\/www.instagram.com\/mentaymora.illescas\/?hl=es","https:\/\/www.youtube.com\/channel\/UCuMMtdck_1XS-MyW6ZnBAlw"]}]}},"_links":{"self":[{"href":"https:\/\/www.mentaymora.com\/index.php\/wp-json\/wp\/v2\/product\/20706","targetHints":{"allow":["GET"]}}],"collection":[{"href":"https:\/\/www.mentaymora.com\/index.php\/wp-json\/wp\/v2\/product"}],"about":[{"href":"https:\/\/www.mentaymora.com\/index.php\/wp-json\/wp\/v2\/types\/product"}],"replies":[{"embeddable":true,"href":"https:\/\/www.mentaymora.com\/index.php\/wp-json\/wp\/v2\/comments?post=20706"}],"wp:featuredmedia":[{"embeddable":true,"href":"https:\/\/www.mentaymora.com\/index.php\/wp-json\/wp\/v2\/media\/20707"}],"wp:attachment":[{"href":"https:\/\/www.mentaymora.com\/index.php\/wp-json\/wp\/v2\/media?parent=20706"}],"wp:term":[{"taxonomy":"product_brand","embeddable":true,"href":"https:\/\/www.mentaymora.com\/index.php\/wp-json\/wp\/v2\/product_brand?post=20706"},{"taxonomy":"product_cat","embeddable":true,"href":"https:\/\/www.mentaymora.com\/index.php\/wp-json\/wp\/v2\/product_cat?post=20706"},{"taxonomy":"product_tag","embeddable":true,"href":"https:\/\/www.mentaymora.com\/index.php\/wp-json\/wp\/v2\/product_tag?post=20706"}],"curies":[{"name":"wp","href":"https:\/\/api.w.org\/{rel}","templated":true}]}}