{"id":20710,"date":"2025-12-12T20:22:49","date_gmt":"2025-12-12T19:22:49","guid":{"rendered":"https:\/\/www.mentaymora.com\/?post_type=product&#038;p=20710"},"modified":"2025-12-12T20:35:59","modified_gmt":"2025-12-12T19:35:59","slug":"rooibos-relaja-te-100grs","status":"publish","type":"product","link":"https:\/\/www.mentaymora.com\/index.php\/producto\/rooibos-relaja-te-100grs\/","title":{"rendered":"Rooibos Relaja-T\u00e9 100grs"},"content":{"rendered":"<p>Rooibos Relaja-T\u00e9 100grs<\/p>\n<p data-start=\"318\" data-end=\"645\">El <strong data-start=\"321\" data-end=\"364\">Rooibos Relajante con C\u00edtricos y Flores<\/strong> combina la suavidad natural del rooibos con ingredientes tradicionales conocidos por su efecto reconfortante. La c\u00e1scara de naranja aporta un matiz fresco y equilibrado, mientras que la tila, el azahar y los p\u00e9talos florales completan la mezcla con un perfil delicado y armonioso.<\/p>\n<p data-start=\"647\" data-end=\"924\">Esta infusi\u00f3n destaca por sus propiedades <strong data-start=\"689\" data-end=\"750\">relajantes, antioxidantes, digestivas y antiinflamatorias<\/strong>, siendo una excelente opci\u00f3n para disfrutar despu\u00e9s de las comidas o al final del d\u00eda. Al no contener te\u00edna, puede tomarse con total tranquilidad tanto de d\u00eda como de noche.<\/p>\n<p data-start=\"926\" data-end=\"1204\" data-is-last-node=\"\" data-is-only-node=\"\">Para obtener todo su aroma y sabor, se recomienda un <strong data-start=\"979\" data-end=\"1018\">tiempo de infusi\u00f3n de 5 a 7 minutos<\/strong> y una <strong data-start=\"1025\" data-end=\"1066\">temperatura del agua entre 80 y 85 \u00baC<\/strong>. Una infusi\u00f3n pensada para quienes valoran los sabores suaves y el bienestar, siguiendo la forma tradicional de disfrutar una buena taza.<\/p>\n<p style=\"text-align: center;\" data-start=\"881\" data-end=\"1235\" data-is-last-node=\"\" data-is-only-node=\"\"><a href=\"https:\/\/www.mentaymora.com\/\">Menta y Mora<\/a>\u00a0Te Enamora\u00a0 \u00a0 S\u00edguenos en nuestras RRSS (<a href=\"https:\/\/es-es.facebook.com\/MentayMora\/\">Facebook<\/a>\u00a0e\u00a0<a href=\"https:\/\/www.instagram.com\/mentaymora.illescas\/?hl=es\">Instagram<\/a>)\u00a0 \u00a0 Si tienes alguna consulta,\u00a0<a href=\"mailto:%20info@mentaymora.com\">preg\u00fantanos<\/a>.<\/p>\n","protected":false},"excerpt":{"rendered":"<p data-start=\"24\" data-end=\"287\">El <strong data-start=\"27\" data-end=\"70\">Rooibos Relajante con C\u00edtricos y Flores<\/strong> es una infusi\u00f3n suave y arom\u00e1tica elaborada con rooibos, c\u00e1scara de naranja, tila y una cuidada selecci\u00f3n de flores. Sin te\u00edna, es ideal para relajarse y disfrutar de un momento de calma en cualquier momento del d\u00eda.<\/p>\n<p data-start=\"24\" data-end=\"289\"><strong>Envase:<\/strong> 100grs<\/p>\n","protected":false},"featured_media":20711,"comment_status":"open","ping_status":"closed","template":"","meta":{"_acf_changed":false,"_joinchat":[]},"product_brand":[1539],"product_cat":[1013],"product_tag":[1718,1018],"class_list":{"0":"post-20710","1":"product","2":"type-product","3":"status-publish","4":"has-post-thumbnail","6":"product_brand-menta-y-mora","7":"product_cat-tes","8":"product_tag-relajate","9":"product_tag-rooibos","10":"latest_post","12":"first","13":"instock","14":"taxable","15":"shipping-taxable","16":"purchasable","17":"product-type-simple"},"acf":[],"yoast_head":"<!-- This site is optimized with the Yoast SEO plugin v27.3 - https:\/\/yoast.com\/product\/yoast-seo-wordpress\/ -->\n<title>Rooibos Relaja-T\u00e9 100grs - Menta y Mora<\/title>\n<meta name=\"description\" content=\"Rooibos Relaja-T\u00e9 100grs El Rooibos Relajante con C\u00edtricos y Flores combina la suavidad natural del rooibos con ingredientes tradicionales\" \/>\n<meta name=\"robots\" content=\"index, follow, max-snippet:-1, max-image-preview:large, max-video-preview:-1\" \/>\n<link rel=\"canonical\" href=\"https:\/\/www.mentaymora.com\/index.php\/producto\/rooibos-relaja-te-100grs\/\" \/>\n<meta property=\"og:locale\" content=\"es_ES\" \/>\n<meta property=\"og:type\" content=\"article\" \/>\n<meta property=\"og:title\" content=\"Rooibos Relaja-T\u00e9 100grs - Menta y Mora\" \/>\n<meta property=\"og:description\" content=\"Rooibos Relaja-T\u00e9 100grs El Rooibos Relajante con C\u00edtricos y Flores combina la suavidad natural del rooibos con ingredientes tradicionales\" \/>\n<meta property=\"og:url\" content=\"https:\/\/www.mentaymora.com\/index.php\/producto\/rooibos-relaja-te-100grs\/\" \/>\n<meta property=\"og:site_name\" content=\"Menta y Mora\" \/>\n<meta property=\"article:publisher\" content=\"https:\/\/es-es.facebook.com\/MentayMora\/\" \/>\n<meta property=\"article:modified_time\" content=\"2025-12-12T19:35:59+00:00\" \/>\n<meta property=\"og:image\" content=\"https:\/\/www.mentaymora.com\/wp-content\/uploads\/2025\/12\/Roiboos_Relaja_Te.png\" \/>\n\t<meta property=\"og:image:width\" content=\"897\" \/>\n\t<meta property=\"og:image:height\" content=\"897\" \/>\n\t<meta property=\"og:image:type\" content=\"image\/png\" \/>\n<meta name=\"twitter:card\" content=\"summary_large_image\" \/>\n<meta name=\"twitter:label1\" content=\"Tiempo de lectura\" \/>\n\t<meta name=\"twitter:data1\" content=\"1 minuto\" \/>\n<script type=\"application\/ld+json\" class=\"yoast-schema-graph\">{\"@context\":\"https:\\\/\\\/schema.org\",\"@graph\":[{\"@type\":\"WebPage\",\"@id\":\"https:\\\/\\\/www.mentaymora.com\\\/index.php\\\/producto\\\/rooibos-relaja-te-100grs\\\/\",\"url\":\"https:\\\/\\\/www.mentaymora.com\\\/index.php\\\/producto\\\/rooibos-relaja-te-100grs\\\/\",\"name\":\"Rooibos Relaja-T\u00e9 100grs - Menta y Mora\",\"isPartOf\":{\"@id\":\"https:\\\/\\\/www.mentaymora.com\\\/#website\"},\"primaryImageOfPage\":{\"@id\":\"https:\\\/\\\/www.mentaymora.com\\\/index.php\\\/producto\\\/rooibos-relaja-te-100grs\\\/#primaryimage\"},\"image\":{\"@id\":\"https:\\\/\\\/www.mentaymora.com\\\/index.php\\\/producto\\\/rooibos-relaja-te-100grs\\\/#primaryimage\"},\"thumbnailUrl\":\"https:\\\/\\\/www.mentaymora.com\\\/wp-content\\\/uploads\\\/2025\\\/12\\\/Roiboos_Relaja_Te.png\",\"datePublished\":\"2025-12-12T19:22:49+00:00\",\"dateModified\":\"2025-12-12T19:35:59+00:00\",\"description\":\"Rooibos Relaja-T\u00e9 100grs El Rooibos Relajante con C\u00edtricos y Flores combina la suavidad natural del rooibos con ingredientes tradicionales\",\"breadcrumb\":{\"@id\":\"https:\\\/\\\/www.mentaymora.com\\\/index.php\\\/producto\\\/rooibos-relaja-te-100grs\\\/#breadcrumb\"},\"inLanguage\":\"es\",\"potentialAction\":[{\"@type\":\"ReadAction\",\"target\":[\"https:\\\/\\\/www.mentaymora.com\\\/index.php\\\/producto\\\/rooibos-relaja-te-100grs\\\/\"]}]},{\"@type\":\"ImageObject\",\"inLanguage\":\"es\",\"@id\":\"https:\\\/\\\/www.mentaymora.com\\\/index.php\\\/producto\\\/rooibos-relaja-te-100grs\\\/#primaryimage\",\"url\":\"https:\\\/\\\/www.mentaymora.com\\\/wp-content\\\/uploads\\\/2025\\\/12\\\/Roiboos_Relaja_Te.png\",\"contentUrl\":\"https:\\\/\\\/www.mentaymora.com\\\/wp-content\\\/uploads\\\/2025\\\/12\\\/Roiboos_Relaja_Te.png\",\"width\":897,\"height\":897,\"caption\":\"Roiboos Relaja Te\"},{\"@type\":\"BreadcrumbList\",\"@id\":\"https:\\\/\\\/www.mentaymora.com\\\/index.php\\\/producto\\\/rooibos-relaja-te-100grs\\\/#breadcrumb\",\"itemListElement\":[{\"@type\":\"ListItem\",\"position\":1,\"name\":\"Portada\",\"item\":\"https:\\\/\\\/www.mentaymora.com\\\/\"},{\"@type\":\"ListItem\",\"position\":2,\"name\":\"Productos\",\"item\":\"https:\\\/\\\/www.mentaymora.com\\\/index.php\\\/tienda\\\/\"},{\"@type\":\"ListItem\",\"position\":3,\"name\":\"Rooibos Relaja-T\u00e9 100grs\"}]},{\"@type\":\"WebSite\",\"@id\":\"https:\\\/\\\/www.mentaymora.com\\\/#website\",\"url\":\"https:\\\/\\\/www.mentaymora.com\\\/\",\"name\":\"Menta y Mora\",\"description\":\"Regalos y Complementos\",\"publisher\":{\"@id\":\"https:\\\/\\\/www.mentaymora.com\\\/#organization\"},\"potentialAction\":[{\"@type\":\"SearchAction\",\"target\":{\"@type\":\"EntryPoint\",\"urlTemplate\":\"https:\\\/\\\/www.mentaymora.com\\\/?s={search_term_string}\"},\"query-input\":{\"@type\":\"PropertyValueSpecification\",\"valueRequired\":true,\"valueName\":\"search_term_string\"}}],\"inLanguage\":\"es\"},{\"@type\":\"Organization\",\"@id\":\"https:\\\/\\\/www.mentaymora.com\\\/#organization\",\"name\":\"Menta y Mora\",\"url\":\"https:\\\/\\\/www.mentaymora.com\\\/\",\"logo\":{\"@type\":\"ImageObject\",\"inLanguage\":\"es\",\"@id\":\"https:\\\/\\\/www.mentaymora.com\\\/#\\\/schema\\\/logo\\\/image\\\/\",\"url\":\"https:\\\/\\\/www.mentaymora.com\\\/wp-content\\\/uploads\\\/2021\\\/07\\\/Logo.jpg\",\"contentUrl\":\"https:\\\/\\\/www.mentaymora.com\\\/wp-content\\\/uploads\\\/2021\\\/07\\\/Logo.jpg\",\"width\":1172,\"height\":1172,\"caption\":\"Menta y Mora\"},\"image\":{\"@id\":\"https:\\\/\\\/www.mentaymora.com\\\/#\\\/schema\\\/logo\\\/image\\\/\"},\"sameAs\":[\"https:\\\/\\\/es-es.facebook.com\\\/MentayMora\\\/\",\"https:\\\/\\\/www.instagram.com\\\/mentaymora.illescas\\\/?hl=es\",\"https:\\\/\\\/www.youtube.com\\\/channel\\\/UCuMMtdck_1XS-MyW6ZnBAlw\"]}]}<\/script>\n<!-- \/ Yoast SEO plugin. -->","yoast_head_json":{"title":"Rooibos Relaja-T\u00e9 100grs - Menta y Mora","description":"Rooibos Relaja-T\u00e9 100grs El Rooibos Relajante con C\u00edtricos y Flores combina la suavidad natural del rooibos con ingredientes tradicionales","robots":{"index":"index","follow":"follow","max-snippet":"max-snippet:-1","max-image-preview":"max-image-preview:large","max-video-preview":"max-video-preview:-1"},"canonical":"https:\/\/www.mentaymora.com\/index.php\/producto\/rooibos-relaja-te-100grs\/","og_locale":"es_ES","og_type":"article","og_title":"Rooibos Relaja-T\u00e9 100grs - Menta y Mora","og_description":"Rooibos Relaja-T\u00e9 100grs El Rooibos Relajante con C\u00edtricos y Flores combina la suavidad natural del rooibos con ingredientes tradicionales","og_url":"https:\/\/www.mentaymora.com\/index.php\/producto\/rooibos-relaja-te-100grs\/","og_site_name":"Menta y Mora","article_publisher":"https:\/\/es-es.facebook.com\/MentayMora\/","article_modified_time":"2025-12-12T19:35:59+00:00","og_image":[{"width":897,"height":897,"url":"https:\/\/www.mentaymora.com\/wp-content\/uploads\/2025\/12\/Roiboos_Relaja_Te.png","type":"image\/png"}],"twitter_card":"summary_large_image","twitter_misc":{"Tiempo de lectura":"1 minuto"},"schema":{"@context":"https:\/\/schema.org","@graph":[{"@type":"WebPage","@id":"https:\/\/www.mentaymora.com\/index.php\/producto\/rooibos-relaja-te-100grs\/","url":"https:\/\/www.mentaymora.com\/index.php\/producto\/rooibos-relaja-te-100grs\/","name":"Rooibos Relaja-T\u00e9 100grs - Menta y Mora","isPartOf":{"@id":"https:\/\/www.mentaymora.com\/#website"},"primaryImageOfPage":{"@id":"https:\/\/www.mentaymora.com\/index.php\/producto\/rooibos-relaja-te-100grs\/#primaryimage"},"image":{"@id":"https:\/\/www.mentaymora.com\/index.php\/producto\/rooibos-relaja-te-100grs\/#primaryimage"},"thumbnailUrl":"https:\/\/www.mentaymora.com\/wp-content\/uploads\/2025\/12\/Roiboos_Relaja_Te.png","datePublished":"2025-12-12T19:22:49+00:00","dateModified":"2025-12-12T19:35:59+00:00","description":"Rooibos Relaja-T\u00e9 100grs El Rooibos Relajante con C\u00edtricos y Flores combina la suavidad natural del rooibos con ingredientes tradicionales","breadcrumb":{"@id":"https:\/\/www.mentaymora.com\/index.php\/producto\/rooibos-relaja-te-100grs\/#breadcrumb"},"inLanguage":"es","potentialAction":[{"@type":"ReadAction","target":["https:\/\/www.mentaymora.com\/index.php\/producto\/rooibos-relaja-te-100grs\/"]}]},{"@type":"ImageObject","inLanguage":"es","@id":"https:\/\/www.mentaymora.com\/index.php\/producto\/rooibos-relaja-te-100grs\/#primaryimage","url":"https:\/\/www.mentaymora.com\/wp-content\/uploads\/2025\/12\/Roiboos_Relaja_Te.png","contentUrl":"https:\/\/www.mentaymora.com\/wp-content\/uploads\/2025\/12\/Roiboos_Relaja_Te.png","width":897,"height":897,"caption":"Roiboos Relaja Te"},{"@type":"BreadcrumbList","@id":"https:\/\/www.mentaymora.com\/index.php\/producto\/rooibos-relaja-te-100grs\/#breadcrumb","itemListElement":[{"@type":"ListItem","position":1,"name":"Portada","item":"https:\/\/www.mentaymora.com\/"},{"@type":"ListItem","position":2,"name":"Productos","item":"https:\/\/www.mentaymora.com\/index.php\/tienda\/"},{"@type":"ListItem","position":3,"name":"Rooibos Relaja-T\u00e9 100grs"}]},{"@type":"WebSite","@id":"https:\/\/www.mentaymora.com\/#website","url":"https:\/\/www.mentaymora.com\/","name":"Menta y Mora","description":"Regalos y Complementos","publisher":{"@id":"https:\/\/www.mentaymora.com\/#organization"},"potentialAction":[{"@type":"SearchAction","target":{"@type":"EntryPoint","urlTemplate":"https:\/\/www.mentaymora.com\/?s={search_term_string}"},"query-input":{"@type":"PropertyValueSpecification","valueRequired":true,"valueName":"search_term_string"}}],"inLanguage":"es"},{"@type":"Organization","@id":"https:\/\/www.mentaymora.com\/#organization","name":"Menta y Mora","url":"https:\/\/www.mentaymora.com\/","logo":{"@type":"ImageObject","inLanguage":"es","@id":"https:\/\/www.mentaymora.com\/#\/schema\/logo\/image\/","url":"https:\/\/www.mentaymora.com\/wp-content\/uploads\/2021\/07\/Logo.jpg","contentUrl":"https:\/\/www.mentaymora.com\/wp-content\/uploads\/2021\/07\/Logo.jpg","width":1172,"height":1172,"caption":"Menta y Mora"},"image":{"@id":"https:\/\/www.mentaymora.com\/#\/schema\/logo\/image\/"},"sameAs":["https:\/\/es-es.facebook.com\/MentayMora\/","https:\/\/www.instagram.com\/mentaymora.illescas\/?hl=es","https:\/\/www.youtube.com\/channel\/UCuMMtdck_1XS-MyW6ZnBAlw"]}]}},"_links":{"self":[{"href":"https:\/\/www.mentaymora.com\/index.php\/wp-json\/wp\/v2\/product\/20710","targetHints":{"allow":["GET"]}}],"collection":[{"href":"https:\/\/www.mentaymora.com\/index.php\/wp-json\/wp\/v2\/product"}],"about":[{"href":"https:\/\/www.mentaymora.com\/index.php\/wp-json\/wp\/v2\/types\/product"}],"replies":[{"embeddable":true,"href":"https:\/\/www.mentaymora.com\/index.php\/wp-json\/wp\/v2\/comments?post=20710"}],"wp:featuredmedia":[{"embeddable":true,"href":"https:\/\/www.mentaymora.com\/index.php\/wp-json\/wp\/v2\/media\/20711"}],"wp:attachment":[{"href":"https:\/\/www.mentaymora.com\/index.php\/wp-json\/wp\/v2\/media?parent=20710"}],"wp:term":[{"taxonomy":"product_brand","embeddable":true,"href":"https:\/\/www.mentaymora.com\/index.php\/wp-json\/wp\/v2\/product_brand?post=20710"},{"taxonomy":"product_cat","embeddable":true,"href":"https:\/\/www.mentaymora.com\/index.php\/wp-json\/wp\/v2\/product_cat?post=20710"},{"taxonomy":"product_tag","embeddable":true,"href":"https:\/\/www.mentaymora.com\/index.php\/wp-json\/wp\/v2\/product_tag?post=20710"}],"curies":[{"name":"wp","href":"https:\/\/api.w.org\/{rel}","templated":true}]}}