{"id":20741,"date":"2025-12-19T16:31:36","date_gmt":"2025-12-19T15:31:36","guid":{"rendered":"https:\/\/www.mentaymora.com\/?post_type=product&#038;p=20741"},"modified":"2025-12-19T16:35:11","modified_gmt":"2025-12-19T15:35:11","slug":"infusion-mezcla-maracuya-y-naranja-100grs","status":"publish","type":"product","link":"https:\/\/www.mentaymora.com\/index.php\/producto\/infusion-mezcla-maracuya-y-naranja-100grs\/","title":{"rendered":"Infusi\u00f3n Mezcla Maracuy\u00e1 y Naranja 100grs"},"content":{"rendered":"<p>Infusi\u00f3n Mezcla Maracuy\u00e1 y Naranja 100grs<\/p>\n<article class=\"text-token-text-primary w-full focus:outline-none [--shadow-height:45px] has-data-writing-block:pointer-events-none has-data-writing-block:-mt-(--shadow-height) has-data-writing-block:pt-(--shadow-height) [&amp;:has([data-writing-block])&gt;*]:pointer-events-auto scroll-mt-[calc(var(--header-height)+min(200px,max(70px,20svh)))] scroll-margin-top-60 bg-token-main-surface-primary\" dir=\"auto\" tabindex=\"-1\" data-turn-id=\"request-WEB:95ce83e1-4f70-4dd5-ab15-5c8c111b8240-12\" data-testid=\"conversation-turn-26\" data-scroll-anchor=\"true\" data-turn=\"assistant\">\n<div class=\"text-base my-auto mx-auto pb-10 [--thread-content-margin:--spacing(4)] @w-sm\/main:[--thread-content-margin:--spacing(6)] @w-lg\/main:[--thread-content-margin:--spacing(16)] px-(--thread-content-margin)\">\n<div class=\"[--thread-content-max-width:40rem] @w-lg\/main:[--thread-content-max-width:48rem] mx-auto max-w-(--thread-content-max-width) flex-1 group\/turn-messages focus-visible:outline-hidden relative flex w-full min-w-0 flex-col agent-turn\" tabindex=\"-1\">\n<div class=\"flex max-w-full flex-col grow\">\n<div class=\"min-h-8 text-message relative flex w-full flex-col items-end gap-2 text-start break-words whitespace-normal [.text-message+&amp;]:mt-1\" dir=\"auto\" data-message-author-role=\"assistant\" data-message-id=\"800e598c-347d-4c23-ad43-6a40eb115abe\" data-message-model-slug=\"gpt-5-2\">\n<div class=\"flex w-full flex-col gap-1 empty:hidden first:pt-[1px]\">\n<div class=\"markdown prose dark:prose-invert w-full break-words light markdown-new-styling\">\n<p data-start=\"301\" data-end=\"721\">La <strong data-start=\"304\" data-end=\"331\">Mezcla Maracuy\u00e1 Naranja<\/strong> combina frutas y c\u00edtricos para crear una infusi\u00f3n intensa y arom\u00e1tica. La manzana aporta una base suave y ligeramente dulce, el hibisco a\u00f1ade un toque fresco y vibrante, y la c\u00e1scara de naranja, presente en un alto porcentaje, refuerza el car\u00e1cter c\u00edtrico de la mezcla. La c\u00e1scara de lim\u00f3n y el aroma de maracuy\u00e1 y naranja completan el conjunto, aportando un perfil afrutado y refrescante.<\/p>\n<p data-start=\"723\" data-end=\"956\">Al no contener te\u00edna, esta infusi\u00f3n puede disfrutarse tanto caliente como fr\u00eda, siendo una opci\u00f3n ideal para cualquier hora del d\u00eda. Resulta especialmente agradable como bebida refrescante, manteniendo un sabor natural y equilibrado.<\/p>\n<p data-start=\"958\" data-end=\"1223\" data-is-last-node=\"\" data-is-only-node=\"\">Para una preparaci\u00f3n \u00f3ptima, se recomienda un <strong data-start=\"1004\" data-end=\"1043\">tiempo de infusi\u00f3n de 4 a 5 minutos<\/strong> y una <strong data-start=\"1050\" data-end=\"1091\">temperatura del agua entre 80 y 85 \u00baC<\/strong>. Una mezcla pensada para quienes valoran las infusiones afrutadas con un marcado car\u00e1cter c\u00edtrico, preparadas de forma tradicional.<\/p>\n<p style=\"text-align: center;\" data-start=\"887\" data-end=\"1137\" data-is-last-node=\"\" data-is-only-node=\"\"><a style=\"text-align: center;\" href=\"https:\/\/www.mentaymora.com\/\">Menta y Mora<\/a><span style=\"text-align: center;\">\u00a0Te Enamora\u00a0 \u00a0 S\u00edguenos en nuestras RRSS (<\/span><a style=\"text-align: center;\" href=\"https:\/\/es-es.facebook.com\/MentayMora\/\">Facebook<\/a><span style=\"text-align: center;\">\u00a0e\u00a0<\/span><a style=\"text-align: center;\" href=\"https:\/\/www.instagram.com\/mentaymora.illescas\/?hl=es\">Instagram<\/a><span style=\"text-align: center;\">)\u00a0 \u00a0 Si tienes alguna consulta,\u00a0<\/span><a style=\"text-align: center;\" href=\"mailto:%20info@mentaymora.com\">preg\u00fantanos<\/a><span style=\"text-align: center;\">.<\/span><\/p>\n<\/div>\n<\/div>\n<\/div>\n<\/div>\n<\/div>\n<\/div>\n<\/article>\n","protected":false},"excerpt":{"rendered":"<p data-start=\"24\" data-end=\"263\">La <strong data-start=\"27\" data-end=\"54\">Mezcla Maracuy\u00e1 Naranja<\/strong> es una infusi\u00f3n afrutada y refrescante elaborada con manzana, hibisco y una alta proporci\u00f3n de c\u00e1scara de naranja. Sin te\u00edna, ofrece un sabor c\u00edtrico y equilibrado, ideal para disfrutar en cualquier momento del d\u00eda.<\/p>\n<p data-start=\"24\" data-end=\"289\"><strong>Envase:<\/strong> 100grs<\/p>\n","protected":false},"featured_media":20742,"comment_status":"open","ping_status":"closed","template":"","meta":{"_acf_changed":false,"_joinchat":[]},"product_brand":[1539],"product_cat":[1013],"product_tag":[1722,1726,1286],"class_list":{"0":"post-20741","1":"product","2":"type-product","3":"status-publish","4":"has-post-thumbnail","6":"product_brand-menta-y-mora","7":"product_cat-tes","8":"product_tag-infusion","9":"product_tag-maracuya","10":"product_tag-naranja","11":"latest_post","13":"first","14":"instock","15":"taxable","16":"shipping-taxable","17":"purchasable","18":"product-type-simple"},"acf":[],"yoast_head":"<!-- This site is optimized with the Yoast SEO plugin v27.3 - https:\/\/yoast.com\/product\/yoast-seo-wordpress\/ -->\n<title>Infusi\u00f3n Mezcla Maracuy\u00e1 y Naranja 100grs - Menta y Mora<\/title>\n<meta name=\"description\" content=\"Infusi\u00f3n Mezcla Maracuy\u00e1 y Naranja 100grs La Mezcla Maracuy\u00e1 Naranja combina frutas y c\u00edtricos para crear una infusi\u00f3n intensa y arom\u00e1tica\" \/>\n<meta name=\"robots\" content=\"index, follow, max-snippet:-1, max-image-preview:large, max-video-preview:-1\" \/>\n<link rel=\"canonical\" href=\"https:\/\/www.mentaymora.com\/index.php\/producto\/infusion-mezcla-maracuya-y-naranja-100grs\/\" \/>\n<meta property=\"og:locale\" content=\"es_ES\" \/>\n<meta property=\"og:type\" content=\"article\" \/>\n<meta property=\"og:title\" content=\"Infusi\u00f3n Mezcla Maracuy\u00e1 y Naranja 100grs - Menta y Mora\" \/>\n<meta property=\"og:description\" content=\"Infusi\u00f3n Mezcla Maracuy\u00e1 y Naranja 100grs La Mezcla Maracuy\u00e1 Naranja combina frutas y c\u00edtricos para crear una infusi\u00f3n intensa y arom\u00e1tica\" \/>\n<meta property=\"og:url\" content=\"https:\/\/www.mentaymora.com\/index.php\/producto\/infusion-mezcla-maracuya-y-naranja-100grs\/\" \/>\n<meta property=\"og:site_name\" content=\"Menta y Mora\" \/>\n<meta property=\"article:publisher\" content=\"https:\/\/es-es.facebook.com\/MentayMora\/\" \/>\n<meta property=\"article:modified_time\" content=\"2025-12-19T15:35:11+00:00\" \/>\n<meta property=\"og:image\" content=\"https:\/\/www.mentaymora.com\/wp-content\/uploads\/2025\/12\/Inf_Maracuya_Naranja.png\" \/>\n\t<meta property=\"og:image:width\" content=\"897\" \/>\n\t<meta property=\"og:image:height\" content=\"897\" \/>\n\t<meta property=\"og:image:type\" content=\"image\/png\" \/>\n<meta name=\"twitter:card\" content=\"summary_large_image\" \/>\n<meta name=\"twitter:label1\" content=\"Tiempo de lectura\" \/>\n\t<meta name=\"twitter:data1\" content=\"2 minutos\" \/>\n<script type=\"application\/ld+json\" class=\"yoast-schema-graph\">{\"@context\":\"https:\\\/\\\/schema.org\",\"@graph\":[{\"@type\":\"WebPage\",\"@id\":\"https:\\\/\\\/www.mentaymora.com\\\/index.php\\\/producto\\\/infusion-mezcla-maracuya-y-naranja-100grs\\\/\",\"url\":\"https:\\\/\\\/www.mentaymora.com\\\/index.php\\\/producto\\\/infusion-mezcla-maracuya-y-naranja-100grs\\\/\",\"name\":\"Infusi\u00f3n Mezcla Maracuy\u00e1 y Naranja 100grs - Menta y Mora\",\"isPartOf\":{\"@id\":\"https:\\\/\\\/www.mentaymora.com\\\/#website\"},\"primaryImageOfPage\":{\"@id\":\"https:\\\/\\\/www.mentaymora.com\\\/index.php\\\/producto\\\/infusion-mezcla-maracuya-y-naranja-100grs\\\/#primaryimage\"},\"image\":{\"@id\":\"https:\\\/\\\/www.mentaymora.com\\\/index.php\\\/producto\\\/infusion-mezcla-maracuya-y-naranja-100grs\\\/#primaryimage\"},\"thumbnailUrl\":\"https:\\\/\\\/www.mentaymora.com\\\/wp-content\\\/uploads\\\/2025\\\/12\\\/Inf_Maracuya_Naranja.png\",\"datePublished\":\"2025-12-19T15:31:36+00:00\",\"dateModified\":\"2025-12-19T15:35:11+00:00\",\"description\":\"Infusi\u00f3n Mezcla Maracuy\u00e1 y Naranja 100grs La Mezcla Maracuy\u00e1 Naranja combina frutas y c\u00edtricos para crear una infusi\u00f3n intensa y arom\u00e1tica\",\"breadcrumb\":{\"@id\":\"https:\\\/\\\/www.mentaymora.com\\\/index.php\\\/producto\\\/infusion-mezcla-maracuya-y-naranja-100grs\\\/#breadcrumb\"},\"inLanguage\":\"es\",\"potentialAction\":[{\"@type\":\"ReadAction\",\"target\":[\"https:\\\/\\\/www.mentaymora.com\\\/index.php\\\/producto\\\/infusion-mezcla-maracuya-y-naranja-100grs\\\/\"]}]},{\"@type\":\"ImageObject\",\"inLanguage\":\"es\",\"@id\":\"https:\\\/\\\/www.mentaymora.com\\\/index.php\\\/producto\\\/infusion-mezcla-maracuya-y-naranja-100grs\\\/#primaryimage\",\"url\":\"https:\\\/\\\/www.mentaymora.com\\\/wp-content\\\/uploads\\\/2025\\\/12\\\/Inf_Maracuya_Naranja.png\",\"contentUrl\":\"https:\\\/\\\/www.mentaymora.com\\\/wp-content\\\/uploads\\\/2025\\\/12\\\/Inf_Maracuya_Naranja.png\",\"width\":897,\"height\":897,\"caption\":\"Inf Maracuya Naranja\"},{\"@type\":\"BreadcrumbList\",\"@id\":\"https:\\\/\\\/www.mentaymora.com\\\/index.php\\\/producto\\\/infusion-mezcla-maracuya-y-naranja-100grs\\\/#breadcrumb\",\"itemListElement\":[{\"@type\":\"ListItem\",\"position\":1,\"name\":\"Portada\",\"item\":\"https:\\\/\\\/www.mentaymora.com\\\/\"},{\"@type\":\"ListItem\",\"position\":2,\"name\":\"Productos\",\"item\":\"https:\\\/\\\/www.mentaymora.com\\\/index.php\\\/tienda\\\/\"},{\"@type\":\"ListItem\",\"position\":3,\"name\":\"Infusi\u00f3n Mezcla Maracuy\u00e1 y Naranja 100grs\"}]},{\"@type\":\"WebSite\",\"@id\":\"https:\\\/\\\/www.mentaymora.com\\\/#website\",\"url\":\"https:\\\/\\\/www.mentaymora.com\\\/\",\"name\":\"Menta y Mora\",\"description\":\"Regalos y Complementos\",\"publisher\":{\"@id\":\"https:\\\/\\\/www.mentaymora.com\\\/#organization\"},\"potentialAction\":[{\"@type\":\"SearchAction\",\"target\":{\"@type\":\"EntryPoint\",\"urlTemplate\":\"https:\\\/\\\/www.mentaymora.com\\\/?s={search_term_string}\"},\"query-input\":{\"@type\":\"PropertyValueSpecification\",\"valueRequired\":true,\"valueName\":\"search_term_string\"}}],\"inLanguage\":\"es\"},{\"@type\":\"Organization\",\"@id\":\"https:\\\/\\\/www.mentaymora.com\\\/#organization\",\"name\":\"Menta y Mora\",\"url\":\"https:\\\/\\\/www.mentaymora.com\\\/\",\"logo\":{\"@type\":\"ImageObject\",\"inLanguage\":\"es\",\"@id\":\"https:\\\/\\\/www.mentaymora.com\\\/#\\\/schema\\\/logo\\\/image\\\/\",\"url\":\"https:\\\/\\\/www.mentaymora.com\\\/wp-content\\\/uploads\\\/2021\\\/07\\\/Logo.jpg\",\"contentUrl\":\"https:\\\/\\\/www.mentaymora.com\\\/wp-content\\\/uploads\\\/2021\\\/07\\\/Logo.jpg\",\"width\":1172,\"height\":1172,\"caption\":\"Menta y Mora\"},\"image\":{\"@id\":\"https:\\\/\\\/www.mentaymora.com\\\/#\\\/schema\\\/logo\\\/image\\\/\"},\"sameAs\":[\"https:\\\/\\\/es-es.facebook.com\\\/MentayMora\\\/\",\"https:\\\/\\\/www.instagram.com\\\/mentaymora.illescas\\\/?hl=es\",\"https:\\\/\\\/www.youtube.com\\\/channel\\\/UCuMMtdck_1XS-MyW6ZnBAlw\"]}]}<\/script>\n<!-- \/ Yoast SEO plugin. -->","yoast_head_json":{"title":"Infusi\u00f3n Mezcla Maracuy\u00e1 y Naranja 100grs - Menta y Mora","description":"Infusi\u00f3n Mezcla Maracuy\u00e1 y Naranja 100grs La Mezcla Maracuy\u00e1 Naranja combina frutas y c\u00edtricos para crear una infusi\u00f3n intensa y arom\u00e1tica","robots":{"index":"index","follow":"follow","max-snippet":"max-snippet:-1","max-image-preview":"max-image-preview:large","max-video-preview":"max-video-preview:-1"},"canonical":"https:\/\/www.mentaymora.com\/index.php\/producto\/infusion-mezcla-maracuya-y-naranja-100grs\/","og_locale":"es_ES","og_type":"article","og_title":"Infusi\u00f3n Mezcla Maracuy\u00e1 y Naranja 100grs - Menta y Mora","og_description":"Infusi\u00f3n Mezcla Maracuy\u00e1 y Naranja 100grs La Mezcla Maracuy\u00e1 Naranja combina frutas y c\u00edtricos para crear una infusi\u00f3n intensa y arom\u00e1tica","og_url":"https:\/\/www.mentaymora.com\/index.php\/producto\/infusion-mezcla-maracuya-y-naranja-100grs\/","og_site_name":"Menta y Mora","article_publisher":"https:\/\/es-es.facebook.com\/MentayMora\/","article_modified_time":"2025-12-19T15:35:11+00:00","og_image":[{"width":897,"height":897,"url":"https:\/\/www.mentaymora.com\/wp-content\/uploads\/2025\/12\/Inf_Maracuya_Naranja.png","type":"image\/png"}],"twitter_card":"summary_large_image","twitter_misc":{"Tiempo de lectura":"2 minutos"},"schema":{"@context":"https:\/\/schema.org","@graph":[{"@type":"WebPage","@id":"https:\/\/www.mentaymora.com\/index.php\/producto\/infusion-mezcla-maracuya-y-naranja-100grs\/","url":"https:\/\/www.mentaymora.com\/index.php\/producto\/infusion-mezcla-maracuya-y-naranja-100grs\/","name":"Infusi\u00f3n Mezcla Maracuy\u00e1 y Naranja 100grs - Menta y Mora","isPartOf":{"@id":"https:\/\/www.mentaymora.com\/#website"},"primaryImageOfPage":{"@id":"https:\/\/www.mentaymora.com\/index.php\/producto\/infusion-mezcla-maracuya-y-naranja-100grs\/#primaryimage"},"image":{"@id":"https:\/\/www.mentaymora.com\/index.php\/producto\/infusion-mezcla-maracuya-y-naranja-100grs\/#primaryimage"},"thumbnailUrl":"https:\/\/www.mentaymora.com\/wp-content\/uploads\/2025\/12\/Inf_Maracuya_Naranja.png","datePublished":"2025-12-19T15:31:36+00:00","dateModified":"2025-12-19T15:35:11+00:00","description":"Infusi\u00f3n Mezcla Maracuy\u00e1 y Naranja 100grs La Mezcla Maracuy\u00e1 Naranja combina frutas y c\u00edtricos para crear una infusi\u00f3n intensa y arom\u00e1tica","breadcrumb":{"@id":"https:\/\/www.mentaymora.com\/index.php\/producto\/infusion-mezcla-maracuya-y-naranja-100grs\/#breadcrumb"},"inLanguage":"es","potentialAction":[{"@type":"ReadAction","target":["https:\/\/www.mentaymora.com\/index.php\/producto\/infusion-mezcla-maracuya-y-naranja-100grs\/"]}]},{"@type":"ImageObject","inLanguage":"es","@id":"https:\/\/www.mentaymora.com\/index.php\/producto\/infusion-mezcla-maracuya-y-naranja-100grs\/#primaryimage","url":"https:\/\/www.mentaymora.com\/wp-content\/uploads\/2025\/12\/Inf_Maracuya_Naranja.png","contentUrl":"https:\/\/www.mentaymora.com\/wp-content\/uploads\/2025\/12\/Inf_Maracuya_Naranja.png","width":897,"height":897,"caption":"Inf Maracuya Naranja"},{"@type":"BreadcrumbList","@id":"https:\/\/www.mentaymora.com\/index.php\/producto\/infusion-mezcla-maracuya-y-naranja-100grs\/#breadcrumb","itemListElement":[{"@type":"ListItem","position":1,"name":"Portada","item":"https:\/\/www.mentaymora.com\/"},{"@type":"ListItem","position":2,"name":"Productos","item":"https:\/\/www.mentaymora.com\/index.php\/tienda\/"},{"@type":"ListItem","position":3,"name":"Infusi\u00f3n Mezcla Maracuy\u00e1 y Naranja 100grs"}]},{"@type":"WebSite","@id":"https:\/\/www.mentaymora.com\/#website","url":"https:\/\/www.mentaymora.com\/","name":"Menta y Mora","description":"Regalos y Complementos","publisher":{"@id":"https:\/\/www.mentaymora.com\/#organization"},"potentialAction":[{"@type":"SearchAction","target":{"@type":"EntryPoint","urlTemplate":"https:\/\/www.mentaymora.com\/?s={search_term_string}"},"query-input":{"@type":"PropertyValueSpecification","valueRequired":true,"valueName":"search_term_string"}}],"inLanguage":"es"},{"@type":"Organization","@id":"https:\/\/www.mentaymora.com\/#organization","name":"Menta y Mora","url":"https:\/\/www.mentaymora.com\/","logo":{"@type":"ImageObject","inLanguage":"es","@id":"https:\/\/www.mentaymora.com\/#\/schema\/logo\/image\/","url":"https:\/\/www.mentaymora.com\/wp-content\/uploads\/2021\/07\/Logo.jpg","contentUrl":"https:\/\/www.mentaymora.com\/wp-content\/uploads\/2021\/07\/Logo.jpg","width":1172,"height":1172,"caption":"Menta y Mora"},"image":{"@id":"https:\/\/www.mentaymora.com\/#\/schema\/logo\/image\/"},"sameAs":["https:\/\/es-es.facebook.com\/MentayMora\/","https:\/\/www.instagram.com\/mentaymora.illescas\/?hl=es","https:\/\/www.youtube.com\/channel\/UCuMMtdck_1XS-MyW6ZnBAlw"]}]}},"_links":{"self":[{"href":"https:\/\/www.mentaymora.com\/index.php\/wp-json\/wp\/v2\/product\/20741","targetHints":{"allow":["GET"]}}],"collection":[{"href":"https:\/\/www.mentaymora.com\/index.php\/wp-json\/wp\/v2\/product"}],"about":[{"href":"https:\/\/www.mentaymora.com\/index.php\/wp-json\/wp\/v2\/types\/product"}],"replies":[{"embeddable":true,"href":"https:\/\/www.mentaymora.com\/index.php\/wp-json\/wp\/v2\/comments?post=20741"}],"wp:featuredmedia":[{"embeddable":true,"href":"https:\/\/www.mentaymora.com\/index.php\/wp-json\/wp\/v2\/media\/20742"}],"wp:attachment":[{"href":"https:\/\/www.mentaymora.com\/index.php\/wp-json\/wp\/v2\/media?parent=20741"}],"wp:term":[{"taxonomy":"product_brand","embeddable":true,"href":"https:\/\/www.mentaymora.com\/index.php\/wp-json\/wp\/v2\/product_brand?post=20741"},{"taxonomy":"product_cat","embeddable":true,"href":"https:\/\/www.mentaymora.com\/index.php\/wp-json\/wp\/v2\/product_cat?post=20741"},{"taxonomy":"product_tag","embeddable":true,"href":"https:\/\/www.mentaymora.com\/index.php\/wp-json\/wp\/v2\/product_tag?post=20741"}],"curies":[{"name":"wp","href":"https:\/\/api.w.org\/{rel}","templated":true}]}}